{"id":926,"date":"2024-01-09T10:00:03","date_gmt":"2024-01-09T09:00:03","guid":{"rendered":"https:\/\/lumieresdeselene.com\/?post_type=product&#038;p=926"},"modified":"2025-10-28T12:33:53","modified_gmt":"2025-10-28T11:33:53","slug":"fleur-de-vie-en-bois","status":"publish","type":"product","link":"https:\/\/lumieresdeselene.com\/index.php\/produit\/fleur-de-vie-en-bois\/","title":{"rendered":"Fleur de vie en bois"},"content":{"rendered":"<p><span style=\"font-family: Ephesis; font-size: 26px;\">La plus ancienne trace attest\u00e9e par les arch\u00e9ologues se trouve dans le temple d\u2019Osiris \u00e0 Abydos (\u00c9gypte). La construction de ce monument s\u2019\u00e9tale sur plusieurs mill\u00e9naires, et pourrait remonter \u00e0 -4000 ans avant notre \u00e8re. Dans le temple, les dessins de deux fleurs de vie sont clairement identifiables, grav\u00e9s dans l\u2019ocre rouge selon une m\u00e9thode inexpliqu\u00e9e \u00e0 ce jour.<\/span><\/p>\n<p><span style=\"font-family: Ephesis; font-size: 26px;\">Les assyriens connaissaient aussi la fleur de vie. On trouve son motif sur un seuil de porte conserv\u00e9 au mus\u00e9e du Louvres. Il est dat\u00e9 de l\u2019an -645 avant JC.<\/span><\/p>\n<p><span style=\"font-family: Ephesis; font-size: 26px;\">La <a href=\"https:\/\/lumieresdeselene.com\/index.php\/produit\/pierre-plate-shungite-fleur-de-vie\/\">fleur de vie<\/a> est une image g\u00e9om\u00e9trique consid\u00e9r\u00e9e comme sacr\u00e9e et capable de nombreux bienfaits, notamment en lithoth\u00e9rapie, gr\u00e2ce \u00e0 sa force vibratoire et \u00e9nerg\u00e9tique.<\/span><\/p>\n<p><span style=\"font-family: Ephesis; font-size: 26px;\">Elle peut \u00eatre utilis\u00e9e pour recharger des pierres, harmoniser les \u00e9nergies, purifier une pi\u00e8ce ou m\u00eame aider \u00e0 conserver des aliments et de l\u2019eau.<\/span><\/p>\n<p><span style=\"font-family: Ephesis; font-size: 26px;\">Beaucoup consid\u00e8rent l\u2019image de la <a href=\"https:\/\/lumieresdeselene.com\/index.php\/produit\/selenite-plaque-fleur-de-lotus\/\">fleur de vie<\/a> comme \u00e9tant \u00e0 l\u2019origine de toutes choses, la graine de tous les possibles, et la connectent \u00e0 l\u2019<a href=\"https:\/\/lumieresdeselene.com\/index.php\/produit\/selenite-plaque-arbre-de-vie-astres\/\">arbre de vie<\/a> et \u00e0 d\u2019autres motifs de la g\u00e9om\u00e9trie sacr\u00e9e comme le cube de M\u00e9tatron et Merkaba.<\/span><\/p>\n<p><span style=\"font-family: Ephesis; font-size: 26px;\">Une des principales utilisations de la fleur de vie consiste \u00e0 <a href=\"https:\/\/lumieresdeselene.com\/index.php\/produit\/selenite-plaque-signes-du-zodiaque\/\">recharger<\/a> les pierres, min\u00e9raux et bijoux en pierre naturelle. Pour cela, il vous suffit de disposer vos gemmes et bijoux sur le motif. Pour profiter de ces bienfaits, le plus simple est d\u2019acheter une fleur de vie en bois, qui produit des vibrations intenses et r\u00e9g\u00e9n\u00e9ratrices.<\/span><\/p>\n","protected":false},"excerpt":{"rendered":"<p><span style=\"font-family: Ephesis; font-size: 26px;\">Fleur de vie en bois de Bouleau diam\u00e8tre 10 cm.<\/span><\/p>\n<p>&nbsp;<\/p>\n","protected":false},"featured_media":927,"comment_status":"closed","ping_status":"closed","template":"","meta":[],"product_brand":[],"product_cat":[370],"product_tag":[410,134,118,533,372],"class_list":{"0":"post-926","1":"product","2":"type-product","3":"status-publish","4":"has-post-thumbnail","6":"product_cat-plaque-de-rechargement","7":"product_tag-geometrie-sacree","8":"product_tag-harmonie","9":"product_tag-protection","10":"product_tag-purifiante","11":"product_tag-rechargement","13":"first","14":"instock","15":"purchasable","16":"product-type-simple"},"yoast_head":"<!-- This site is optimized with the Yoast SEO plugin v27.1 - https:\/\/yoast.com\/product\/yoast-seo-wordpress\/ -->\n<title>Fleur de vie en bois - Produits en stock - Lumi\u00e8res de S\u00e9l\u00e9n\u00e9<\/title>\n<meta name=\"description\" content=\"Cliquez ici pour d\u00e9couvrir Fleur de vie en bois . Produits en stock d\u00e9part le jour m\u00eame ou le lendemain - Lumi\u00e8res de S\u00e9l\u00e9n\u00e9\" \/>\n<meta name=\"robots\" content=\"index, follow, max-snippet:-1, max-image-preview:large, max-video-preview:-1\" \/>\n<link rel=\"canonical\" href=\"https:\/\/lumieresdeselene.com\/index.php\/produit\/fleur-de-vie-en-bois\/\" \/>\n<meta property=\"og:locale\" content=\"fr_FR\" \/>\n<meta property=\"og:type\" content=\"article\" \/>\n<meta property=\"og:title\" content=\"Fleur de vie en bois - Produits en stock - Lumi\u00e8res de S\u00e9l\u00e9n\u00e9\" \/>\n<meta property=\"og:description\" content=\"Cliquez ici pour d\u00e9couvrir Fleur de vie en bois . Produits en stock d\u00e9part le jour m\u00eame ou le lendemain - Lumi\u00e8res de S\u00e9l\u00e9n\u00e9\" \/>\n<meta property=\"og:url\" content=\"https:\/\/lumieresdeselene.com\/index.php\/produit\/fleur-de-vie-en-bois\/\" \/>\n<meta property=\"og:site_name\" content=\"Lumi\u00e8res de S\u00e9l\u00e9n\u00e9\" \/>\n<meta property=\"article:publisher\" content=\"https:\/\/www.facebook.com\/lumieresdeselene\/\" \/>\n<meta property=\"article:modified_time\" content=\"2025-10-28T11:33:53+00:00\" \/>\n<meta property=\"og:image\" content=\"https:\/\/lumieresdeselene.com\/wp-content\/uploads\/2024\/01\/1704712874859-modif.jpg\" \/>\n\t<meta property=\"og:image:width\" content=\"1712\" \/>\n\t<meta property=\"og:image:height\" content=\"1743\" \/>\n\t<meta property=\"og:image:type\" content=\"image\/jpeg\" \/>\n<meta name=\"twitter:card\" content=\"summary_large_image\" \/>\n<meta name=\"twitter:label1\" content=\"Dur\u00e9e de lecture estim\u00e9e\" \/>\n\t<meta name=\"twitter:data1\" content=\"2 minutes\" \/>\n<script type=\"application\/ld+json\" class=\"yoast-schema-graph\">{\"@context\":\"https:\/\/schema.org\",\"@graph\":[{\"@type\":\"WebPage\",\"@id\":\"https:\/\/lumieresdeselene.com\/index.php\/produit\/fleur-de-vie-en-bois\/\",\"url\":\"https:\/\/lumieresdeselene.com\/index.php\/produit\/fleur-de-vie-en-bois\/\",\"name\":\"Fleur de vie en bois - Produits en stock - Lumi\u00e8res de S\u00e9l\u00e9n\u00e9\",\"isPartOf\":{\"@id\":\"https:\/\/lumieresdeselene.com\/#website\"},\"primaryImageOfPage\":{\"@id\":\"https:\/\/lumieresdeselene.com\/index.php\/produit\/fleur-de-vie-en-bois\/#primaryimage\"},\"image\":{\"@id\":\"https:\/\/lumieresdeselene.com\/index.php\/produit\/fleur-de-vie-en-bois\/#primaryimage\"},\"thumbnailUrl\":\"https:\/\/i0.wp.com\/lumieresdeselene.com\/wp-content\/uploads\/2024\/01\/1704712874859-modif.jpg?fit=1712%2C1743&ssl=1\",\"datePublished\":\"2024-01-09T09:00:03+00:00\",\"dateModified\":\"2025-10-28T11:33:53+00:00\",\"description\":\"Cliquez ici pour d\u00e9couvrir Fleur de vie en bois . Produits en stock d\u00e9part le jour m\u00eame ou le lendemain - Lumi\u00e8res de S\u00e9l\u00e9n\u00e9\",\"breadcrumb\":{\"@id\":\"https:\/\/lumieresdeselene.com\/index.php\/produit\/fleur-de-vie-en-bois\/#breadcrumb\"},\"inLanguage\":\"fr-FR\",\"potentialAction\":[{\"@type\":\"ReadAction\",\"target\":[\"https:\/\/lumieresdeselene.com\/index.php\/produit\/fleur-de-vie-en-bois\/\"]}]},{\"@type\":\"ImageObject\",\"inLanguage\":\"fr-FR\",\"@id\":\"https:\/\/lumieresdeselene.com\/index.php\/produit\/fleur-de-vie-en-bois\/#primaryimage\",\"url\":\"https:\/\/i0.wp.com\/lumieresdeselene.com\/wp-content\/uploads\/2024\/01\/1704712874859-modif.jpg?fit=1712%2C1743&ssl=1\",\"contentUrl\":\"https:\/\/i0.wp.com\/lumieresdeselene.com\/wp-content\/uploads\/2024\/01\/1704712874859-modif.jpg?fit=1712%2C1743&ssl=1\",\"width\":1712,\"height\":1743,\"caption\":\"Fleur de vie bois d10\"},{\"@type\":\"BreadcrumbList\",\"@id\":\"https:\/\/lumieresdeselene.com\/index.php\/produit\/fleur-de-vie-en-bois\/#breadcrumb\",\"itemListElement\":[{\"@type\":\"ListItem\",\"position\":1,\"name\":\"Accueil\",\"item\":\"https:\/\/lumieresdeselene.com\/\"},{\"@type\":\"ListItem\",\"position\":2,\"name\":\"Boutique\",\"item\":\"https:\/\/lumieresdeselene.com\/index.php\/boutique\/\"},{\"@type\":\"ListItem\",\"position\":3,\"name\":\"Fleur de vie en bois\"}]},{\"@type\":\"WebSite\",\"@id\":\"https:\/\/lumieresdeselene.com\/#website\",\"url\":\"https:\/\/lumieresdeselene.com\/\",\"name\":\"Lumi\u00e8res de S\u00e9l\u00e9n\u00e9\",\"description\":\"Lumi\u00e8res de S\u00e9l\u00e9n\u00e9\",\"publisher\":{\"@id\":\"https:\/\/lumieresdeselene.com\/#organization\"},\"potentialAction\":[{\"@type\":\"SearchAction\",\"target\":{\"@type\":\"EntryPoint\",\"urlTemplate\":\"https:\/\/lumieresdeselene.com\/?s={search_term_string}\"},\"query-input\":{\"@type\":\"PropertyValueSpecification\",\"valueRequired\":true,\"valueName\":\"search_term_string\"}}],\"inLanguage\":\"fr-FR\"},{\"@type\":\"Organization\",\"@id\":\"https:\/\/lumieresdeselene.com\/#organization\",\"name\":\"Lumi\u00e8res de S\u00e9l\u00e9n\u00e9\",\"url\":\"https:\/\/lumieresdeselene.com\/\",\"logo\":{\"@type\":\"ImageObject\",\"inLanguage\":\"fr-FR\",\"@id\":\"https:\/\/lumieresdeselene.com\/#\/schema\/logo\/image\/\",\"url\":\"https:\/\/i0.wp.com\/lumieresdeselene.com\/wp-content\/uploads\/2024\/01\/Lumieres-de-Selene3.jpg?fit=500%2C500&ssl=1\",\"contentUrl\":\"https:\/\/i0.wp.com\/lumieresdeselene.com\/wp-content\/uploads\/2024\/01\/Lumieres-de-Selene3.jpg?fit=500%2C500&ssl=1\",\"width\":500,\"height\":500,\"caption\":\"Lumi\u00e8res de S\u00e9l\u00e9n\u00e9\"},\"image\":{\"@id\":\"https:\/\/lumieresdeselene.com\/#\/schema\/logo\/image\/\"},\"sameAs\":[\"https:\/\/www.facebook.com\/lumieresdeselene\/\",\"https:\/\/www.instagram.com\/lumieres.selene\/\"]}]}<\/script>\n<!-- \/ Yoast SEO plugin. -->","yoast_head_json":{"title":"Fleur de vie en bois - Produits en stock - Lumi\u00e8res de S\u00e9l\u00e9n\u00e9","description":"Cliquez ici pour d\u00e9couvrir Fleur de vie en bois . Produits en stock d\u00e9part le jour m\u00eame ou le lendemain - Lumi\u00e8res de S\u00e9l\u00e9n\u00e9","robots":{"index":"index","follow":"follow","max-snippet":"max-snippet:-1","max-image-preview":"max-image-preview:large","max-video-preview":"max-video-preview:-1"},"canonical":"https:\/\/lumieresdeselene.com\/index.php\/produit\/fleur-de-vie-en-bois\/","og_locale":"fr_FR","og_type":"article","og_title":"Fleur de vie en bois - Produits en stock - Lumi\u00e8res de S\u00e9l\u00e9n\u00e9","og_description":"Cliquez ici pour d\u00e9couvrir Fleur de vie en bois . Produits en stock d\u00e9part le jour m\u00eame ou le lendemain - Lumi\u00e8res de S\u00e9l\u00e9n\u00e9","og_url":"https:\/\/lumieresdeselene.com\/index.php\/produit\/fleur-de-vie-en-bois\/","og_site_name":"Lumi\u00e8res de S\u00e9l\u00e9n\u00e9","article_publisher":"https:\/\/www.facebook.com\/lumieresdeselene\/","article_modified_time":"2025-10-28T11:33:53+00:00","og_image":[{"width":1712,"height":1743,"url":"https:\/\/lumieresdeselene.com\/wp-content\/uploads\/2024\/01\/1704712874859-modif.jpg","type":"image\/jpeg"}],"twitter_card":"summary_large_image","twitter_misc":{"Dur\u00e9e de lecture estim\u00e9e":"2 minutes"},"schema":{"@context":"https:\/\/schema.org","@graph":[{"@type":"WebPage","@id":"https:\/\/lumieresdeselene.com\/index.php\/produit\/fleur-de-vie-en-bois\/","url":"https:\/\/lumieresdeselene.com\/index.php\/produit\/fleur-de-vie-en-bois\/","name":"Fleur de vie en bois - Produits en stock - Lumi\u00e8res de S\u00e9l\u00e9n\u00e9","isPartOf":{"@id":"https:\/\/lumieresdeselene.com\/#website"},"primaryImageOfPage":{"@id":"https:\/\/lumieresdeselene.com\/index.php\/produit\/fleur-de-vie-en-bois\/#primaryimage"},"image":{"@id":"https:\/\/lumieresdeselene.com\/index.php\/produit\/fleur-de-vie-en-bois\/#primaryimage"},"thumbnailUrl":"https:\/\/i0.wp.com\/lumieresdeselene.com\/wp-content\/uploads\/2024\/01\/1704712874859-modif.jpg?fit=1712%2C1743&ssl=1","datePublished":"2024-01-09T09:00:03+00:00","dateModified":"2025-10-28T11:33:53+00:00","description":"Cliquez ici pour d\u00e9couvrir Fleur de vie en bois . Produits en stock d\u00e9part le jour m\u00eame ou le lendemain - Lumi\u00e8res de S\u00e9l\u00e9n\u00e9","breadcrumb":{"@id":"https:\/\/lumieresdeselene.com\/index.php\/produit\/fleur-de-vie-en-bois\/#breadcrumb"},"inLanguage":"fr-FR","potentialAction":[{"@type":"ReadAction","target":["https:\/\/lumieresdeselene.com\/index.php\/produit\/fleur-de-vie-en-bois\/"]}]},{"@type":"ImageObject","inLanguage":"fr-FR","@id":"https:\/\/lumieresdeselene.com\/index.php\/produit\/fleur-de-vie-en-bois\/#primaryimage","url":"https:\/\/i0.wp.com\/lumieresdeselene.com\/wp-content\/uploads\/2024\/01\/1704712874859-modif.jpg?fit=1712%2C1743&ssl=1","contentUrl":"https:\/\/i0.wp.com\/lumieresdeselene.com\/wp-content\/uploads\/2024\/01\/1704712874859-modif.jpg?fit=1712%2C1743&ssl=1","width":1712,"height":1743,"caption":"Fleur de vie bois d10"},{"@type":"BreadcrumbList","@id":"https:\/\/lumieresdeselene.com\/index.php\/produit\/fleur-de-vie-en-bois\/#breadcrumb","itemListElement":[{"@type":"ListItem","position":1,"name":"Accueil","item":"https:\/\/lumieresdeselene.com\/"},{"@type":"ListItem","position":2,"name":"Boutique","item":"https:\/\/lumieresdeselene.com\/index.php\/boutique\/"},{"@type":"ListItem","position":3,"name":"Fleur de vie en bois"}]},{"@type":"WebSite","@id":"https:\/\/lumieresdeselene.com\/#website","url":"https:\/\/lumieresdeselene.com\/","name":"Lumi\u00e8res de S\u00e9l\u00e9n\u00e9","description":"Lumi\u00e8res de S\u00e9l\u00e9n\u00e9","publisher":{"@id":"https:\/\/lumieresdeselene.com\/#organization"},"potentialAction":[{"@type":"SearchAction","target":{"@type":"EntryPoint","urlTemplate":"https:\/\/lumieresdeselene.com\/?s={search_term_string}"},"query-input":{"@type":"PropertyValueSpecification","valueRequired":true,"valueName":"search_term_string"}}],"inLanguage":"fr-FR"},{"@type":"Organization","@id":"https:\/\/lumieresdeselene.com\/#organization","name":"Lumi\u00e8res de S\u00e9l\u00e9n\u00e9","url":"https:\/\/lumieresdeselene.com\/","logo":{"@type":"ImageObject","inLanguage":"fr-FR","@id":"https:\/\/lumieresdeselene.com\/#\/schema\/logo\/image\/","url":"https:\/\/i0.wp.com\/lumieresdeselene.com\/wp-content\/uploads\/2024\/01\/Lumieres-de-Selene3.jpg?fit=500%2C500&ssl=1","contentUrl":"https:\/\/i0.wp.com\/lumieresdeselene.com\/wp-content\/uploads\/2024\/01\/Lumieres-de-Selene3.jpg?fit=500%2C500&ssl=1","width":500,"height":500,"caption":"Lumi\u00e8res de S\u00e9l\u00e9n\u00e9"},"image":{"@id":"https:\/\/lumieresdeselene.com\/#\/schema\/logo\/image\/"},"sameAs":["https:\/\/www.facebook.com\/lumieresdeselene\/","https:\/\/www.instagram.com\/lumieres.selene\/"]}]}},"jetpack_sharing_enabled":true,"_links":{"self":[{"href":"https:\/\/lumieresdeselene.com\/index.php\/wp-json\/wp\/v2\/product\/926","targetHints":{"allow":["GET"]}}],"collection":[{"href":"https:\/\/lumieresdeselene.com\/index.php\/wp-json\/wp\/v2\/product"}],"about":[{"href":"https:\/\/lumieresdeselene.com\/index.php\/wp-json\/wp\/v2\/types\/product"}],"replies":[{"embeddable":true,"href":"https:\/\/lumieresdeselene.com\/index.php\/wp-json\/wp\/v2\/comments?post=926"}],"wp:featuredmedia":[{"embeddable":true,"href":"https:\/\/lumieresdeselene.com\/index.php\/wp-json\/wp\/v2\/media\/927"}],"wp:attachment":[{"href":"https:\/\/lumieresdeselene.com\/index.php\/wp-json\/wp\/v2\/media?parent=926"}],"wp:term":[{"taxonomy":"product_brand","embeddable":true,"href":"https:\/\/lumieresdeselene.com\/index.php\/wp-json\/wp\/v2\/product_brand?post=926"},{"taxonomy":"product_cat","embeddable":true,"href":"https:\/\/lumieresdeselene.com\/index.php\/wp-json\/wp\/v2\/product_cat?post=926"},{"taxonomy":"product_tag","embeddable":true,"href":"https:\/\/lumieresdeselene.com\/index.php\/wp-json\/wp\/v2\/product_tag?post=926"}],"curies":[{"name":"wp","href":"https:\/\/api.w.org\/{rel}","templated":true}]}}