{"id":809,"date":"2024-01-03T16:47:20","date_gmt":"2024-01-03T15:47:20","guid":{"rendered":"https:\/\/lumieresdeselene.com\/?post_type=product&#038;p=809"},"modified":"2026-02-03T13:59:01","modified_gmt":"2026-02-03T12:59:01","slug":"pierre-de-lune-multicolore-a-2","status":"publish","type":"product","link":"https:\/\/lumieresdeselene.com\/index.php\/produit\/pierre-de-lune-multicolore-a-2\/","title":{"rendered":"Pierre de lune multicolore A"},"content":{"rendered":"<p><span style=\"vertical-align: inherit; font-family: Ephesis; font-size: 26px;\"><span style=\"vertical-align: inherit;\">L&rsquo;origine de la pierre de <a href=\"https:\/\/lumieresdeselene.com\/index.php\/produit\/pierre-de-lune-multicolore-a\/\">lune<\/a> remonte \u00e0 plusieurs si\u00e8cles. <\/span><span style=\"vertical-align: inherit;\">Les cycles lunaires influencent la nature mais aussi les Hommes. <\/span><span style=\"vertical-align: inherit;\">Ils modifient notre humeur, bouleversent notre cycle de sommeil. <\/span><span style=\"vertical-align: inherit;\">Les civilisations comparent depuis tout temps les influences de l&rsquo;astre lunaire \u00e0 la Pierre de Lune.<\/span><\/span><\/p>\n<p><span style=\"font-family: Ephesis; font-size: 26px;\"><strong><u><span style=\"vertical-align: inherit;\"><span style=\"vertical-align: inherit;\">Ses bienfaits sur le plan psychique<\/span><\/span><\/u><\/strong><\/span><\/p>\n<p><span style=\"vertical-align: inherit; font-family: Ephesis; font-size: 26px;\"><span style=\"vertical-align: inherit;\">La Pierre de Lune est synonyme de f\u00e9minit\u00e9, de maternit\u00e9 et d&rsquo;innocence.<\/span><\/span><\/p>\n<p><span style=\"vertical-align: inherit; font-family: Ephesis; font-size: 26px;\"><span style=\"vertical-align: inherit;\">Apaisante et b\u00e9n\u00e9fique au \u00ab moi \u00bb int\u00e9rieur et aux \u00e9motions en g\u00e9n\u00e9ral.<\/span><\/span><\/p>\n<p><span style=\"vertical-align: inherit; font-family: Ephesis; font-size: 26px;\"><span style=\"vertical-align: inherit;\">\u00c9limine les blocages d&rsquo;\u00e9nergie.<\/span><\/span><\/p>\n<p><span style=\"vertical-align: inherit; font-family: Ephesis; font-size: 26px;\"><span style=\"vertical-align: inherit;\">Apporte le calme et la ma\u00eetrise, l&rsquo;\u00e9quilibre, la confiance, le sang-froid, la s\u00e9r\u00e9nit\u00e9 d&rsquo;esprit, la bienveillance et la compassion.<\/span><\/span><\/p>\n<p><span style=\"font-family: Ephesis; font-size: 26px;\"><strong><u><span style=\"vertical-align: inherit;\"><span style=\"vertical-align: inherit;\">Ses bienfaits sur le plan physique<\/span><\/span><\/u><\/strong><\/span><\/p>\n<p><span style=\"vertical-align: inherit; font-family: Ephesis; font-size: 26px;\"><span style=\"vertical-align: inherit;\">R\u00e9put\u00e9e pour ses bienfaits sur les cycles f\u00e9minins (r\u00e8gles, maternit\u00e9, m\u00e9nopause).<\/span><\/span><\/p>\n<p><span style=\"vertical-align: inherit; font-family: Ephesis; font-size: 26px;\"><span style=\"vertical-align: inherit;\">Joue un r\u00f4le important sur l&rsquo;\u00e9quilibre du syst\u00e8me hormonal, aide \u00e0 r\u00e9guler la thyro\u00efde.<\/span><\/span><\/p>\n<p><span style=\"vertical-align: inherit; font-family: Ephesis; font-size: 26px;\"><span style=\"vertical-align: inherit;\">R\u00e9duit significativement le stress et les tensions.<\/span><\/span><\/p>\n<p><span style=\"vertical-align: inherit; font-family: Ephesis; font-size: 26px;\"><span style=\"vertical-align: inherit;\">Permet une r\u00e9duction des probl\u00e8mes de peau, notamment de l&rsquo;acn\u00e9.<\/span><\/span><\/p>\n<p><span style=\"vertical-align: inherit; font-family: Ephesis; font-size: 26px;\"><span style=\"vertical-align: inherit;\">Am\u00e9liore la qualit\u00e9 de la peau, des ongles et des cheveux.<\/span><\/span><\/p>\n<p><span style=\"vertical-align: inherit; font-family: Ephesis; font-size: 26px;\"><span style=\"vertical-align: inherit;\">Att\u00e9nue les affections d\u00e9g\u00e9n\u00e9ratives des yeux.<\/span><\/span><\/p>\n<p><span style=\"vertical-align: inherit; font-family: Ephesis; font-size: 26px;\"><span style=\"vertical-align: inherit;\">Favoriser la circulation sanguine.<\/span><\/span><\/p>\n<p><span style=\"vertical-align: inherit; font-family: Ephesis; font-size: 26px;\"><span style=\"vertical-align: inherit;\">Une action drainante.<\/span><\/span><\/p>\n<p>&nbsp;<\/p>\n<p><span style=\"font-family: Ephesis; font-size: 26px;\"><em><strong>La lithoth\u00e9rapie peut \u00eatre utilis\u00e9e en compl\u00e9ment des soins qui vous sont apport\u00e9s, mais ne remplace en aucun cas un avis m\u00e9dical et\/ ou traitement.<\/strong><\/em><\/span><\/p>\n<p><span style=\"font-family: Ephesis; font-size: 26px;\"><em>D\u00e9conseill\u00e9 aux enfants de moins de 3 ans. Pr\u00e9sente un risque d\u2019\u00e9touffement.<\/em><\/span><\/p>\n<p>&nbsp;<\/p>\n<p><span style=\"font-family: Ephesis; font-size: 23px;\">Photos non contractuelles.<\/span><\/p>\n","protected":false},"excerpt":{"rendered":"<p><span style=\"font-family: Ephesis;\"><span style=\"font-size: 26px;\">Pierre roul\u00e9e de qualit\u00e9 A (Bonne), provenance Inde, dimensions 20 \u00e0 30mm.<\/span><\/span><\/p>\n","protected":false},"featured_media":153,"comment_status":"open","ping_status":"closed","template":"","meta":[],"product_brand":[],"product_cat":[16],"product_tag":[327,489,123,490,283],"class_list":{"0":"post-809","1":"product","2":"type-product","3":"status-publish","4":"has-post-thumbnail","6":"product_cat-pierres-roulees","7":"product_tag-compassion","8":"product_tag-feminite","9":"product_tag-paix-interieure","10":"product_tag-reves-premonitoires","11":"product_tag-tolerance","13":"first","14":"instock","15":"purchasable","16":"product-type-simple"},"yoast_head":"<!-- This site is optimized with the Yoast SEO plugin v27.1 - https:\/\/yoast.com\/product\/yoast-seo-wordpress\/ -->\n<title>Pierre de lune multicolore A - Produits en stock - Lumi\u00e8res de S\u00e9l\u00e9n\u00e9<\/title>\n<meta name=\"description\" content=\"Cliquez ici pour d\u00e9couvrir Pierre de lune multicolore A . Produits en stock d\u00e9part le jour m\u00eame ou le lendemain - Lumi\u00e8res de S\u00e9l\u00e9n\u00e9\" \/>\n<meta name=\"robots\" content=\"index, follow, max-snippet:-1, max-image-preview:large, max-video-preview:-1\" \/>\n<link rel=\"canonical\" href=\"https:\/\/lumieresdeselene.com\/index.php\/produit\/pierre-de-lune-multicolore-a-2\/\" \/>\n<meta property=\"og:locale\" content=\"fr_FR\" \/>\n<meta property=\"og:type\" content=\"article\" \/>\n<meta property=\"og:title\" content=\"Pierre de lune multicolore A - Produits en stock - Lumi\u00e8res de S\u00e9l\u00e9n\u00e9\" \/>\n<meta property=\"og:description\" content=\"Cliquez ici pour d\u00e9couvrir Pierre de lune multicolore A . Produits en stock d\u00e9part le jour m\u00eame ou le lendemain - Lumi\u00e8res de S\u00e9l\u00e9n\u00e9\" \/>\n<meta property=\"og:url\" content=\"https:\/\/lumieresdeselene.com\/index.php\/produit\/pierre-de-lune-multicolore-a-2\/\" \/>\n<meta property=\"og:site_name\" content=\"Lumi\u00e8res de S\u00e9l\u00e9n\u00e9\" \/>\n<meta property=\"article:publisher\" content=\"https:\/\/www.facebook.com\/lumieresdeselene\/\" \/>\n<meta property=\"article:modified_time\" content=\"2026-02-03T12:59:01+00:00\" \/>\n<meta property=\"og:image\" content=\"https:\/\/lumieresdeselene.com\/wp-content\/uploads\/2023\/12\/1695729810040modifjpg-scaled.jpg\" \/>\n\t<meta property=\"og:image:width\" content=\"2560\" \/>\n\t<meta property=\"og:image:height\" content=\"1581\" \/>\n\t<meta property=\"og:image:type\" content=\"image\/jpeg\" \/>\n<meta name=\"twitter:card\" content=\"summary_large_image\" \/>\n<meta name=\"twitter:label1\" content=\"Dur\u00e9e de lecture estim\u00e9e\" \/>\n\t<meta name=\"twitter:data1\" content=\"2 minutes\" \/>\n<script type=\"application\/ld+json\" class=\"yoast-schema-graph\">{\"@context\":\"https:\/\/schema.org\",\"@graph\":[{\"@type\":\"WebPage\",\"@id\":\"https:\/\/lumieresdeselene.com\/index.php\/produit\/pierre-de-lune-multicolore-a-2\/\",\"url\":\"https:\/\/lumieresdeselene.com\/index.php\/produit\/pierre-de-lune-multicolore-a-2\/\",\"name\":\"Pierre de lune multicolore A - Produits en stock - Lumi\u00e8res de S\u00e9l\u00e9n\u00e9\",\"isPartOf\":{\"@id\":\"https:\/\/lumieresdeselene.com\/#website\"},\"primaryImageOfPage\":{\"@id\":\"https:\/\/lumieresdeselene.com\/index.php\/produit\/pierre-de-lune-multicolore-a-2\/#primaryimage\"},\"image\":{\"@id\":\"https:\/\/lumieresdeselene.com\/index.php\/produit\/pierre-de-lune-multicolore-a-2\/#primaryimage\"},\"thumbnailUrl\":\"https:\/\/i0.wp.com\/lumieresdeselene.com\/wp-content\/uploads\/2023\/12\/1695729810040modifjpg-scaled.jpg?fit=2560%2C1581&ssl=1\",\"datePublished\":\"2024-01-03T15:47:20+00:00\",\"dateModified\":\"2026-02-03T12:59:01+00:00\",\"description\":\"Cliquez ici pour d\u00e9couvrir Pierre de lune multicolore A . Produits en stock d\u00e9part le jour m\u00eame ou le lendemain - Lumi\u00e8res de S\u00e9l\u00e9n\u00e9\",\"breadcrumb\":{\"@id\":\"https:\/\/lumieresdeselene.com\/index.php\/produit\/pierre-de-lune-multicolore-a-2\/#breadcrumb\"},\"inLanguage\":\"fr-FR\",\"potentialAction\":[{\"@type\":\"ReadAction\",\"target\":[\"https:\/\/lumieresdeselene.com\/index.php\/produit\/pierre-de-lune-multicolore-a-2\/\"]}]},{\"@type\":\"ImageObject\",\"inLanguage\":\"fr-FR\",\"@id\":\"https:\/\/lumieresdeselene.com\/index.php\/produit\/pierre-de-lune-multicolore-a-2\/#primaryimage\",\"url\":\"https:\/\/i0.wp.com\/lumieresdeselene.com\/wp-content\/uploads\/2023\/12\/1695729810040modifjpg-scaled.jpg?fit=2560%2C1581&ssl=1\",\"contentUrl\":\"https:\/\/i0.wp.com\/lumieresdeselene.com\/wp-content\/uploads\/2023\/12\/1695729810040modifjpg-scaled.jpg?fit=2560%2C1581&ssl=1\",\"width\":2560,\"height\":1581,\"caption\":\"Pierre roul\u00e9e Pierre de lune multicolore\"},{\"@type\":\"BreadcrumbList\",\"@id\":\"https:\/\/lumieresdeselene.com\/index.php\/produit\/pierre-de-lune-multicolore-a-2\/#breadcrumb\",\"itemListElement\":[{\"@type\":\"ListItem\",\"position\":1,\"name\":\"Accueil\",\"item\":\"https:\/\/lumieresdeselene.com\/\"},{\"@type\":\"ListItem\",\"position\":2,\"name\":\"Boutique\",\"item\":\"https:\/\/lumieresdeselene.com\/index.php\/boutique\/\"},{\"@type\":\"ListItem\",\"position\":3,\"name\":\"Pierre de lune multicolore A\"}]},{\"@type\":\"WebSite\",\"@id\":\"https:\/\/lumieresdeselene.com\/#website\",\"url\":\"https:\/\/lumieresdeselene.com\/\",\"name\":\"Lumi\u00e8res de S\u00e9l\u00e9n\u00e9\",\"description\":\"Lumi\u00e8res de S\u00e9l\u00e9n\u00e9\",\"publisher\":{\"@id\":\"https:\/\/lumieresdeselene.com\/#organization\"},\"potentialAction\":[{\"@type\":\"SearchAction\",\"target\":{\"@type\":\"EntryPoint\",\"urlTemplate\":\"https:\/\/lumieresdeselene.com\/?s={search_term_string}\"},\"query-input\":{\"@type\":\"PropertyValueSpecification\",\"valueRequired\":true,\"valueName\":\"search_term_string\"}}],\"inLanguage\":\"fr-FR\"},{\"@type\":\"Organization\",\"@id\":\"https:\/\/lumieresdeselene.com\/#organization\",\"name\":\"Lumi\u00e8res de S\u00e9l\u00e9n\u00e9\",\"url\":\"https:\/\/lumieresdeselene.com\/\",\"logo\":{\"@type\":\"ImageObject\",\"inLanguage\":\"fr-FR\",\"@id\":\"https:\/\/lumieresdeselene.com\/#\/schema\/logo\/image\/\",\"url\":\"https:\/\/i0.wp.com\/lumieresdeselene.com\/wp-content\/uploads\/2024\/01\/Lumieres-de-Selene3.jpg?fit=500%2C500&ssl=1\",\"contentUrl\":\"https:\/\/i0.wp.com\/lumieresdeselene.com\/wp-content\/uploads\/2024\/01\/Lumieres-de-Selene3.jpg?fit=500%2C500&ssl=1\",\"width\":500,\"height\":500,\"caption\":\"Lumi\u00e8res de S\u00e9l\u00e9n\u00e9\"},\"image\":{\"@id\":\"https:\/\/lumieresdeselene.com\/#\/schema\/logo\/image\/\"},\"sameAs\":[\"https:\/\/www.facebook.com\/lumieresdeselene\/\",\"https:\/\/www.instagram.com\/lumieres.selene\/\"]}]}<\/script>\n<!-- \/ Yoast SEO plugin. -->","yoast_head_json":{"title":"Pierre de lune multicolore A - Produits en stock - Lumi\u00e8res de S\u00e9l\u00e9n\u00e9","description":"Cliquez ici pour d\u00e9couvrir Pierre de lune multicolore A . Produits en stock d\u00e9part le jour m\u00eame ou le lendemain - Lumi\u00e8res de S\u00e9l\u00e9n\u00e9","robots":{"index":"index","follow":"follow","max-snippet":"max-snippet:-1","max-image-preview":"max-image-preview:large","max-video-preview":"max-video-preview:-1"},"canonical":"https:\/\/lumieresdeselene.com\/index.php\/produit\/pierre-de-lune-multicolore-a-2\/","og_locale":"fr_FR","og_type":"article","og_title":"Pierre de lune multicolore A - Produits en stock - Lumi\u00e8res de S\u00e9l\u00e9n\u00e9","og_description":"Cliquez ici pour d\u00e9couvrir Pierre de lune multicolore A . Produits en stock d\u00e9part le jour m\u00eame ou le lendemain - Lumi\u00e8res de S\u00e9l\u00e9n\u00e9","og_url":"https:\/\/lumieresdeselene.com\/index.php\/produit\/pierre-de-lune-multicolore-a-2\/","og_site_name":"Lumi\u00e8res de S\u00e9l\u00e9n\u00e9","article_publisher":"https:\/\/www.facebook.com\/lumieresdeselene\/","article_modified_time":"2026-02-03T12:59:01+00:00","og_image":[{"width":2560,"height":1581,"url":"https:\/\/lumieresdeselene.com\/wp-content\/uploads\/2023\/12\/1695729810040modifjpg-scaled.jpg","type":"image\/jpeg"}],"twitter_card":"summary_large_image","twitter_misc":{"Dur\u00e9e de lecture estim\u00e9e":"2 minutes"},"schema":{"@context":"https:\/\/schema.org","@graph":[{"@type":"WebPage","@id":"https:\/\/lumieresdeselene.com\/index.php\/produit\/pierre-de-lune-multicolore-a-2\/","url":"https:\/\/lumieresdeselene.com\/index.php\/produit\/pierre-de-lune-multicolore-a-2\/","name":"Pierre de lune multicolore A - Produits en stock - Lumi\u00e8res de S\u00e9l\u00e9n\u00e9","isPartOf":{"@id":"https:\/\/lumieresdeselene.com\/#website"},"primaryImageOfPage":{"@id":"https:\/\/lumieresdeselene.com\/index.php\/produit\/pierre-de-lune-multicolore-a-2\/#primaryimage"},"image":{"@id":"https:\/\/lumieresdeselene.com\/index.php\/produit\/pierre-de-lune-multicolore-a-2\/#primaryimage"},"thumbnailUrl":"https:\/\/i0.wp.com\/lumieresdeselene.com\/wp-content\/uploads\/2023\/12\/1695729810040modifjpg-scaled.jpg?fit=2560%2C1581&ssl=1","datePublished":"2024-01-03T15:47:20+00:00","dateModified":"2026-02-03T12:59:01+00:00","description":"Cliquez ici pour d\u00e9couvrir Pierre de lune multicolore A . Produits en stock d\u00e9part le jour m\u00eame ou le lendemain - Lumi\u00e8res de S\u00e9l\u00e9n\u00e9","breadcrumb":{"@id":"https:\/\/lumieresdeselene.com\/index.php\/produit\/pierre-de-lune-multicolore-a-2\/#breadcrumb"},"inLanguage":"fr-FR","potentialAction":[{"@type":"ReadAction","target":["https:\/\/lumieresdeselene.com\/index.php\/produit\/pierre-de-lune-multicolore-a-2\/"]}]},{"@type":"ImageObject","inLanguage":"fr-FR","@id":"https:\/\/lumieresdeselene.com\/index.php\/produit\/pierre-de-lune-multicolore-a-2\/#primaryimage","url":"https:\/\/i0.wp.com\/lumieresdeselene.com\/wp-content\/uploads\/2023\/12\/1695729810040modifjpg-scaled.jpg?fit=2560%2C1581&ssl=1","contentUrl":"https:\/\/i0.wp.com\/lumieresdeselene.com\/wp-content\/uploads\/2023\/12\/1695729810040modifjpg-scaled.jpg?fit=2560%2C1581&ssl=1","width":2560,"height":1581,"caption":"Pierre roul\u00e9e Pierre de lune multicolore"},{"@type":"BreadcrumbList","@id":"https:\/\/lumieresdeselene.com\/index.php\/produit\/pierre-de-lune-multicolore-a-2\/#breadcrumb","itemListElement":[{"@type":"ListItem","position":1,"name":"Accueil","item":"https:\/\/lumieresdeselene.com\/"},{"@type":"ListItem","position":2,"name":"Boutique","item":"https:\/\/lumieresdeselene.com\/index.php\/boutique\/"},{"@type":"ListItem","position":3,"name":"Pierre de lune multicolore A"}]},{"@type":"WebSite","@id":"https:\/\/lumieresdeselene.com\/#website","url":"https:\/\/lumieresdeselene.com\/","name":"Lumi\u00e8res de S\u00e9l\u00e9n\u00e9","description":"Lumi\u00e8res de S\u00e9l\u00e9n\u00e9","publisher":{"@id":"https:\/\/lumieresdeselene.com\/#organization"},"potentialAction":[{"@type":"SearchAction","target":{"@type":"EntryPoint","urlTemplate":"https:\/\/lumieresdeselene.com\/?s={search_term_string}"},"query-input":{"@type":"PropertyValueSpecification","valueRequired":true,"valueName":"search_term_string"}}],"inLanguage":"fr-FR"},{"@type":"Organization","@id":"https:\/\/lumieresdeselene.com\/#organization","name":"Lumi\u00e8res de S\u00e9l\u00e9n\u00e9","url":"https:\/\/lumieresdeselene.com\/","logo":{"@type":"ImageObject","inLanguage":"fr-FR","@id":"https:\/\/lumieresdeselene.com\/#\/schema\/logo\/image\/","url":"https:\/\/i0.wp.com\/lumieresdeselene.com\/wp-content\/uploads\/2024\/01\/Lumieres-de-Selene3.jpg?fit=500%2C500&ssl=1","contentUrl":"https:\/\/i0.wp.com\/lumieresdeselene.com\/wp-content\/uploads\/2024\/01\/Lumieres-de-Selene3.jpg?fit=500%2C500&ssl=1","width":500,"height":500,"caption":"Lumi\u00e8res de S\u00e9l\u00e9n\u00e9"},"image":{"@id":"https:\/\/lumieresdeselene.com\/#\/schema\/logo\/image\/"},"sameAs":["https:\/\/www.facebook.com\/lumieresdeselene\/","https:\/\/www.instagram.com\/lumieres.selene\/"]}]}},"jetpack_sharing_enabled":true,"_links":{"self":[{"href":"https:\/\/lumieresdeselene.com\/index.php\/wp-json\/wp\/v2\/product\/809","targetHints":{"allow":["GET"]}}],"collection":[{"href":"https:\/\/lumieresdeselene.com\/index.php\/wp-json\/wp\/v2\/product"}],"about":[{"href":"https:\/\/lumieresdeselene.com\/index.php\/wp-json\/wp\/v2\/types\/product"}],"replies":[{"embeddable":true,"href":"https:\/\/lumieresdeselene.com\/index.php\/wp-json\/wp\/v2\/comments?post=809"}],"wp:featuredmedia":[{"embeddable":true,"href":"https:\/\/lumieresdeselene.com\/index.php\/wp-json\/wp\/v2\/media\/153"}],"wp:attachment":[{"href":"https:\/\/lumieresdeselene.com\/index.php\/wp-json\/wp\/v2\/media?parent=809"}],"wp:term":[{"taxonomy":"product_brand","embeddable":true,"href":"https:\/\/lumieresdeselene.com\/index.php\/wp-json\/wp\/v2\/product_brand?post=809"},{"taxonomy":"product_cat","embeddable":true,"href":"https:\/\/lumieresdeselene.com\/index.php\/wp-json\/wp\/v2\/product_cat?post=809"},{"taxonomy":"product_tag","embeddable":true,"href":"https:\/\/lumieresdeselene.com\/index.php\/wp-json\/wp\/v2\/product_tag?post=809"}],"curies":[{"name":"wp","href":"https:\/\/api.w.org\/{rel}","templated":true}]}}