{"id":806,"date":"2024-01-03T15:50:48","date_gmt":"2024-01-03T14:50:48","guid":{"rendered":"https:\/\/lumieresdeselene.com\/?post_type=product&#038;p=806"},"modified":"2024-02-17T18:41:48","modified_gmt":"2024-02-17T17:41:48","slug":"pierre-plate-shungite-fleur-de-vie","status":"publish","type":"product","link":"https:\/\/lumieresdeselene.com\/index.php\/produit\/pierre-plate-shungite-fleur-de-vie\/","title":{"rendered":"Pierre plate Shungite Fleur de Vie"},"content":{"rendered":"<p><span style=\"font-family: Ephesis;font-size: 26px\">En 1996, le prix Nobel de Chimie revient \u00e0 trois professeurs pour leurs recherches men\u00e9es sur les fuller\u00e8nes pr\u00e9sents dans la <a href=\"https:\/\/lumieresdeselene.com\/index.php\/produit\/shungite-ab\/\">Shungite<\/a>. Ces mol\u00e9cules riches en carbone poss\u00e8dent des vertus antioxydantes extr\u00eamement puissantes. Apr\u00e8s investigations, ils attestent de la v\u00e9racit\u00e9 du pouvoir de gu\u00e9rison prodigu\u00e9 par cette pierre pour diverses affections.<\/span><\/p>\n<p><span style=\"font-family: Ephesis;font-size: 26px\"><strong><u>Ses bienfaits sur le plan psychique<\/u><\/strong><\/span><\/p>\n<p><span style=\"font-family: Ephesis;font-size: 26px\">Pierre d\u2019ancrage.<\/span><\/p>\n<p><span style=\"font-family: Ephesis;font-size: 26px\">Absorbe les \u00e9nergies n\u00e9gatives.<\/span><\/p>\n<p><span style=\"font-family: Ephesis;font-size: 26px\">Red\u00e9marre et harmonise les chakras.<\/span><\/p>\n<p><span style=\"font-family: Ephesis;font-size: 26px\"><strong><u>Ses bienfaits sur le plan physique<\/u><\/strong><\/span><\/p>\n<p><span style=\"font-family: Ephesis;font-size: 26px\">Tr\u00e8s r\u00e9put\u00e9e pour sa facult\u00e9 \u00e0 bloquer les ondes \u00e9lectromagn\u00e9tiques suite \u00e0 une \u00e9tude scientifique faite en 2003.<\/span><\/p>\n<p><span style=\"font-family: Ephesis;font-size: 26px\">Propri\u00e9t\u00e9s anti-inflammatoires et antibact\u00e9riennes, d\u00e9montr\u00e9e par une \u00e9tude en 2017, car contient des fuller\u00e8nes qui d\u00e9truisent les agents pathog\u00e8nes et virus.<\/span><\/p>\n<p><span style=\"font-family: Ephesis;font-size: 26px\">Excellent purificateur d\u2019eau naturel scientifiquement prouv\u00e9 suite au prix Nobel de chimie d\u00e9cern\u00e9 en 1996.<\/span><\/p>\n<p>&nbsp;<\/p>\n<p>&nbsp;<\/p>\n<p><span style=\"font-family: Ephesis;font-size: 26px\"><em><strong>La lithoth\u00e9rapie peut \u00eatre utilis\u00e9e en compl\u00e9ment des soins qui vous sont apport\u00e9s, mais ne remplace en aucun cas un avis m\u00e9dical et\/ ou traitement.<\/strong><\/em><\/span><\/p>\n<p><span style=\"font-family: Ephesis;font-size: 26px\"><em>D\u00e9conseill\u00e9 aux enfants de moins de 3 ans. Pr\u00e9sente un risque d\u2019\u00e9touffement.<\/em><\/span><\/p>\n","protected":false},"excerpt":{"rendered":"<p><span style=\"font-family: Ephesis;font-size: 26px\">Pierre plate Shungite avec fleur de vie. Qualit\u00e9 AA (Tr\u00e8s \u00e9lev\u00e9e). Provenance Russie.<\/span><\/p>\n<p><span style=\"font-family: Ephesis;font-size: 26px\">Dimensions en mm : 30.\u00a0<\/span><span style=\"font-family: Ephesis;font-size: 26px\">Avec Cordon.<\/span><\/p>\n<p><span style=\"font-family: Ephesis;font-size: 26px\">** Les produits en Shungite peuvent pr\u00e9senter des microfissures ou des traces blanches.<\/span><\/p>\n","protected":false},"featured_media":894,"comment_status":"open","ping_status":"closed","template":"","meta":[],"product_brand":[],"product_cat":[314],"product_tag":[94,107,160,350],"class_list":{"0":"post-806","1":"product","2":"type-product","3":"status-publish","4":"has-post-thumbnail","6":"product_cat-pendentifs","7":"product_tag-ancrage","8":"product_tag-energies-negatives","9":"product_tag-ondes-electromagnetiques","10":"product_tag-purificatrice","12":"first","13":"instock","14":"purchasable","15":"product-type-simple"},"yoast_head":"<!-- This site is optimized with the Yoast SEO plugin v27.1 - https:\/\/yoast.com\/product\/yoast-seo-wordpress\/ -->\n<title>Pierre plate Shungite Fleur de Vie - Produits en stock - Lumi\u00e8res de S\u00e9l\u00e9n\u00e9<\/title>\n<meta name=\"description\" content=\"Cliquez ici pour d\u00e9couvrir Pierre plate Shungite Fleur de Vie . Produits en stock d\u00e9part le jour m\u00eame ou le lendemain - Lumi\u00e8res de S\u00e9l\u00e9n\u00e9\" \/>\n<meta name=\"robots\" content=\"index, follow, max-snippet:-1, max-image-preview:large, max-video-preview:-1\" \/>\n<link rel=\"canonical\" href=\"https:\/\/lumieresdeselene.com\/index.php\/produit\/pierre-plate-shungite-fleur-de-vie\/\" \/>\n<meta property=\"og:locale\" content=\"fr_FR\" \/>\n<meta property=\"og:type\" content=\"article\" \/>\n<meta property=\"og:title\" content=\"Pierre plate Shungite Fleur de Vie - Produits en stock - Lumi\u00e8res de S\u00e9l\u00e9n\u00e9\" \/>\n<meta property=\"og:description\" content=\"Cliquez ici pour d\u00e9couvrir Pierre plate Shungite Fleur de Vie . Produits en stock d\u00e9part le jour m\u00eame ou le lendemain - Lumi\u00e8res de S\u00e9l\u00e9n\u00e9\" \/>\n<meta property=\"og:url\" content=\"https:\/\/lumieresdeselene.com\/index.php\/produit\/pierre-plate-shungite-fleur-de-vie\/\" \/>\n<meta property=\"og:site_name\" content=\"Lumi\u00e8res de S\u00e9l\u00e9n\u00e9\" \/>\n<meta property=\"article:publisher\" content=\"https:\/\/www.facebook.com\/lumieresdeselene\/\" \/>\n<meta property=\"article:modified_time\" content=\"2024-02-17T17:41:48+00:00\" \/>\n<meta property=\"og:image\" content=\"https:\/\/i0.wp.com\/lumieresdeselene.com\/wp-content\/uploads\/2024\/01\/IMG_0384-scaled.jpg?fit=1920%2C2560&ssl=1\" \/>\n\t<meta property=\"og:image:width\" content=\"1920\" \/>\n\t<meta property=\"og:image:height\" content=\"2560\" \/>\n\t<meta property=\"og:image:type\" content=\"image\/jpeg\" \/>\n<meta name=\"twitter:card\" content=\"summary_large_image\" \/>\n<meta name=\"twitter:label1\" content=\"Dur\u00e9e de lecture estim\u00e9e\" \/>\n\t<meta name=\"twitter:data1\" content=\"2 minutes\" \/>\n<script type=\"application\/ld+json\" class=\"yoast-schema-graph\">{\"@context\":\"https:\/\/schema.org\",\"@graph\":[{\"@type\":\"WebPage\",\"@id\":\"https:\/\/lumieresdeselene.com\/index.php\/produit\/pierre-plate-shungite-fleur-de-vie\/\",\"url\":\"https:\/\/lumieresdeselene.com\/index.php\/produit\/pierre-plate-shungite-fleur-de-vie\/\",\"name\":\"Pierre plate Shungite Fleur de Vie - Produits en stock - Lumi\u00e8res de S\u00e9l\u00e9n\u00e9\",\"isPartOf\":{\"@id\":\"https:\/\/lumieresdeselene.com\/#website\"},\"primaryImageOfPage\":{\"@id\":\"https:\/\/lumieresdeselene.com\/index.php\/produit\/pierre-plate-shungite-fleur-de-vie\/#primaryimage\"},\"image\":{\"@id\":\"https:\/\/lumieresdeselene.com\/index.php\/produit\/pierre-plate-shungite-fleur-de-vie\/#primaryimage\"},\"thumbnailUrl\":\"https:\/\/i0.wp.com\/lumieresdeselene.com\/wp-content\/uploads\/2024\/01\/IMG_0384-scaled.jpg?fit=1920%2C2560&ssl=1\",\"datePublished\":\"2024-01-03T14:50:48+00:00\",\"dateModified\":\"2024-02-17T17:41:48+00:00\",\"description\":\"Cliquez ici pour d\u00e9couvrir Pierre plate Shungite Fleur de Vie . Produits en stock d\u00e9part le jour m\u00eame ou le lendemain - Lumi\u00e8res de S\u00e9l\u00e9n\u00e9\",\"breadcrumb\":{\"@id\":\"https:\/\/lumieresdeselene.com\/index.php\/produit\/pierre-plate-shungite-fleur-de-vie\/#breadcrumb\"},\"inLanguage\":\"fr-FR\",\"potentialAction\":[{\"@type\":\"ReadAction\",\"target\":[\"https:\/\/lumieresdeselene.com\/index.php\/produit\/pierre-plate-shungite-fleur-de-vie\/\"]}]},{\"@type\":\"ImageObject\",\"inLanguage\":\"fr-FR\",\"@id\":\"https:\/\/lumieresdeselene.com\/index.php\/produit\/pierre-plate-shungite-fleur-de-vie\/#primaryimage\",\"url\":\"https:\/\/i0.wp.com\/lumieresdeselene.com\/wp-content\/uploads\/2024\/01\/IMG_0384-scaled.jpg?fit=1920%2C2560&ssl=1\",\"contentUrl\":\"https:\/\/i0.wp.com\/lumieresdeselene.com\/wp-content\/uploads\/2024\/01\/IMG_0384-scaled.jpg?fit=1920%2C2560&ssl=1\",\"width\":1920,\"height\":2560,\"caption\":\"Pendentif shungite fleur de vie\"},{\"@type\":\"BreadcrumbList\",\"@id\":\"https:\/\/lumieresdeselene.com\/index.php\/produit\/pierre-plate-shungite-fleur-de-vie\/#breadcrumb\",\"itemListElement\":[{\"@type\":\"ListItem\",\"position\":1,\"name\":\"Accueil\",\"item\":\"https:\/\/lumieresdeselene.com\/\"},{\"@type\":\"ListItem\",\"position\":2,\"name\":\"Boutique\",\"item\":\"https:\/\/lumieresdeselene.com\/index.php\/boutique\/\"},{\"@type\":\"ListItem\",\"position\":3,\"name\":\"Pierre plate Shungite Fleur de Vie\"}]},{\"@type\":\"WebSite\",\"@id\":\"https:\/\/lumieresdeselene.com\/#website\",\"url\":\"https:\/\/lumieresdeselene.com\/\",\"name\":\"Lumi\u00e8res de S\u00e9l\u00e9n\u00e9\",\"description\":\"Lumi\u00e8res de S\u00e9l\u00e9n\u00e9\",\"publisher\":{\"@id\":\"https:\/\/lumieresdeselene.com\/#organization\"},\"potentialAction\":[{\"@type\":\"SearchAction\",\"target\":{\"@type\":\"EntryPoint\",\"urlTemplate\":\"https:\/\/lumieresdeselene.com\/?s={search_term_string}\"},\"query-input\":{\"@type\":\"PropertyValueSpecification\",\"valueRequired\":true,\"valueName\":\"search_term_string\"}}],\"inLanguage\":\"fr-FR\"},{\"@type\":\"Organization\",\"@id\":\"https:\/\/lumieresdeselene.com\/#organization\",\"name\":\"Lumi\u00e8res de S\u00e9l\u00e9n\u00e9\",\"url\":\"https:\/\/lumieresdeselene.com\/\",\"logo\":{\"@type\":\"ImageObject\",\"inLanguage\":\"fr-FR\",\"@id\":\"https:\/\/lumieresdeselene.com\/#\/schema\/logo\/image\/\",\"url\":\"https:\/\/i0.wp.com\/lumieresdeselene.com\/wp-content\/uploads\/2024\/01\/Lumieres-de-Selene3.jpg?fit=500%2C500&ssl=1\",\"contentUrl\":\"https:\/\/i0.wp.com\/lumieresdeselene.com\/wp-content\/uploads\/2024\/01\/Lumieres-de-Selene3.jpg?fit=500%2C500&ssl=1\",\"width\":500,\"height\":500,\"caption\":\"Lumi\u00e8res de S\u00e9l\u00e9n\u00e9\"},\"image\":{\"@id\":\"https:\/\/lumieresdeselene.com\/#\/schema\/logo\/image\/\"},\"sameAs\":[\"https:\/\/www.facebook.com\/lumieresdeselene\/\",\"https:\/\/www.instagram.com\/lumieres.selene\/\"]}]}<\/script>\n<!-- \/ Yoast SEO plugin. -->","yoast_head_json":{"title":"Pierre plate Shungite Fleur de Vie - Produits en stock - Lumi\u00e8res de S\u00e9l\u00e9n\u00e9","description":"Cliquez ici pour d\u00e9couvrir Pierre plate Shungite Fleur de Vie . Produits en stock d\u00e9part le jour m\u00eame ou le lendemain - Lumi\u00e8res de S\u00e9l\u00e9n\u00e9","robots":{"index":"index","follow":"follow","max-snippet":"max-snippet:-1","max-image-preview":"max-image-preview:large","max-video-preview":"max-video-preview:-1"},"canonical":"https:\/\/lumieresdeselene.com\/index.php\/produit\/pierre-plate-shungite-fleur-de-vie\/","og_locale":"fr_FR","og_type":"article","og_title":"Pierre plate Shungite Fleur de Vie - Produits en stock - Lumi\u00e8res de S\u00e9l\u00e9n\u00e9","og_description":"Cliquez ici pour d\u00e9couvrir Pierre plate Shungite Fleur de Vie . Produits en stock d\u00e9part le jour m\u00eame ou le lendemain - Lumi\u00e8res de S\u00e9l\u00e9n\u00e9","og_url":"https:\/\/lumieresdeselene.com\/index.php\/produit\/pierre-plate-shungite-fleur-de-vie\/","og_site_name":"Lumi\u00e8res de S\u00e9l\u00e9n\u00e9","article_publisher":"https:\/\/www.facebook.com\/lumieresdeselene\/","article_modified_time":"2024-02-17T17:41:48+00:00","og_image":[{"width":1920,"height":2560,"url":"https:\/\/i0.wp.com\/lumieresdeselene.com\/wp-content\/uploads\/2024\/01\/IMG_0384-scaled.jpg?fit=1920%2C2560&ssl=1","type":"image\/jpeg"}],"twitter_card":"summary_large_image","twitter_misc":{"Dur\u00e9e de lecture estim\u00e9e":"2 minutes"},"schema":{"@context":"https:\/\/schema.org","@graph":[{"@type":"WebPage","@id":"https:\/\/lumieresdeselene.com\/index.php\/produit\/pierre-plate-shungite-fleur-de-vie\/","url":"https:\/\/lumieresdeselene.com\/index.php\/produit\/pierre-plate-shungite-fleur-de-vie\/","name":"Pierre plate Shungite Fleur de Vie - Produits en stock - Lumi\u00e8res de S\u00e9l\u00e9n\u00e9","isPartOf":{"@id":"https:\/\/lumieresdeselene.com\/#website"},"primaryImageOfPage":{"@id":"https:\/\/lumieresdeselene.com\/index.php\/produit\/pierre-plate-shungite-fleur-de-vie\/#primaryimage"},"image":{"@id":"https:\/\/lumieresdeselene.com\/index.php\/produit\/pierre-plate-shungite-fleur-de-vie\/#primaryimage"},"thumbnailUrl":"https:\/\/i0.wp.com\/lumieresdeselene.com\/wp-content\/uploads\/2024\/01\/IMG_0384-scaled.jpg?fit=1920%2C2560&ssl=1","datePublished":"2024-01-03T14:50:48+00:00","dateModified":"2024-02-17T17:41:48+00:00","description":"Cliquez ici pour d\u00e9couvrir Pierre plate Shungite Fleur de Vie . Produits en stock d\u00e9part le jour m\u00eame ou le lendemain - Lumi\u00e8res de S\u00e9l\u00e9n\u00e9","breadcrumb":{"@id":"https:\/\/lumieresdeselene.com\/index.php\/produit\/pierre-plate-shungite-fleur-de-vie\/#breadcrumb"},"inLanguage":"fr-FR","potentialAction":[{"@type":"ReadAction","target":["https:\/\/lumieresdeselene.com\/index.php\/produit\/pierre-plate-shungite-fleur-de-vie\/"]}]},{"@type":"ImageObject","inLanguage":"fr-FR","@id":"https:\/\/lumieresdeselene.com\/index.php\/produit\/pierre-plate-shungite-fleur-de-vie\/#primaryimage","url":"https:\/\/i0.wp.com\/lumieresdeselene.com\/wp-content\/uploads\/2024\/01\/IMG_0384-scaled.jpg?fit=1920%2C2560&ssl=1","contentUrl":"https:\/\/i0.wp.com\/lumieresdeselene.com\/wp-content\/uploads\/2024\/01\/IMG_0384-scaled.jpg?fit=1920%2C2560&ssl=1","width":1920,"height":2560,"caption":"Pendentif shungite fleur de vie"},{"@type":"BreadcrumbList","@id":"https:\/\/lumieresdeselene.com\/index.php\/produit\/pierre-plate-shungite-fleur-de-vie\/#breadcrumb","itemListElement":[{"@type":"ListItem","position":1,"name":"Accueil","item":"https:\/\/lumieresdeselene.com\/"},{"@type":"ListItem","position":2,"name":"Boutique","item":"https:\/\/lumieresdeselene.com\/index.php\/boutique\/"},{"@type":"ListItem","position":3,"name":"Pierre plate Shungite Fleur de Vie"}]},{"@type":"WebSite","@id":"https:\/\/lumieresdeselene.com\/#website","url":"https:\/\/lumieresdeselene.com\/","name":"Lumi\u00e8res de S\u00e9l\u00e9n\u00e9","description":"Lumi\u00e8res de S\u00e9l\u00e9n\u00e9","publisher":{"@id":"https:\/\/lumieresdeselene.com\/#organization"},"potentialAction":[{"@type":"SearchAction","target":{"@type":"EntryPoint","urlTemplate":"https:\/\/lumieresdeselene.com\/?s={search_term_string}"},"query-input":{"@type":"PropertyValueSpecification","valueRequired":true,"valueName":"search_term_string"}}],"inLanguage":"fr-FR"},{"@type":"Organization","@id":"https:\/\/lumieresdeselene.com\/#organization","name":"Lumi\u00e8res de S\u00e9l\u00e9n\u00e9","url":"https:\/\/lumieresdeselene.com\/","logo":{"@type":"ImageObject","inLanguage":"fr-FR","@id":"https:\/\/lumieresdeselene.com\/#\/schema\/logo\/image\/","url":"https:\/\/i0.wp.com\/lumieresdeselene.com\/wp-content\/uploads\/2024\/01\/Lumieres-de-Selene3.jpg?fit=500%2C500&ssl=1","contentUrl":"https:\/\/i0.wp.com\/lumieresdeselene.com\/wp-content\/uploads\/2024\/01\/Lumieres-de-Selene3.jpg?fit=500%2C500&ssl=1","width":500,"height":500,"caption":"Lumi\u00e8res de S\u00e9l\u00e9n\u00e9"},"image":{"@id":"https:\/\/lumieresdeselene.com\/#\/schema\/logo\/image\/"},"sameAs":["https:\/\/www.facebook.com\/lumieresdeselene\/","https:\/\/www.instagram.com\/lumieres.selene\/"]}]}},"jetpack_sharing_enabled":true,"_links":{"self":[{"href":"https:\/\/lumieresdeselene.com\/index.php\/wp-json\/wp\/v2\/product\/806","targetHints":{"allow":["GET"]}}],"collection":[{"href":"https:\/\/lumieresdeselene.com\/index.php\/wp-json\/wp\/v2\/product"}],"about":[{"href":"https:\/\/lumieresdeselene.com\/index.php\/wp-json\/wp\/v2\/types\/product"}],"replies":[{"embeddable":true,"href":"https:\/\/lumieresdeselene.com\/index.php\/wp-json\/wp\/v2\/comments?post=806"}],"wp:featuredmedia":[{"embeddable":true,"href":"https:\/\/lumieresdeselene.com\/index.php\/wp-json\/wp\/v2\/media\/894"}],"wp:attachment":[{"href":"https:\/\/lumieresdeselene.com\/index.php\/wp-json\/wp\/v2\/media?parent=806"}],"wp:term":[{"taxonomy":"product_brand","embeddable":true,"href":"https:\/\/lumieresdeselene.com\/index.php\/wp-json\/wp\/v2\/product_brand?post=806"},{"taxonomy":"product_cat","embeddable":true,"href":"https:\/\/lumieresdeselene.com\/index.php\/wp-json\/wp\/v2\/product_cat?post=806"},{"taxonomy":"product_tag","embeddable":true,"href":"https:\/\/lumieresdeselene.com\/index.php\/wp-json\/wp\/v2\/product_tag?post=806"}],"curies":[{"name":"wp","href":"https:\/\/api.w.org\/{rel}","templated":true}]}}