{"id":800,"date":"2024-01-03T15:38:28","date_gmt":"2024-01-03T14:38:28","guid":{"rendered":"https:\/\/lumieresdeselene.com\/?post_type=product&#038;p=800"},"modified":"2025-02-16T10:36:19","modified_gmt":"2025-02-16T09:36:19","slug":"savon-peche-abricot-exfoliant","status":"publish","type":"product","link":"https:\/\/lumieresdeselene.com\/index.php\/produit\/savon-peche-abricot-exfoliant\/","title":{"rendered":"Savon P\u00eache Abricot exfoliant"},"content":{"rendered":"<p><span style=\"font-family: Ephesis; font-size: 26px;\">D\u00e9couvrez dans chacun des savons une pierre min\u00e9rale naturelle<\/span><\/p>\n<p><span style=\"font-family: Ephesis; font-size: 26px;\"><strong>Pierre(s) \u00e0 d\u00e9couvrir, un mix entre :<\/strong> Agate &#8211; <a href=\"https:\/\/lumieresdeselene.com\/index.php\/produit\/cristal-de-roche-arbre-de-vie-forme-lune\/\">Cristal de Roche<\/a> &#8211; Cristal de Roche Fum\u00e9 &#8211; <a href=\"https:\/\/lumieresdeselene.com\/index.php\/produit\/cristal-de-roche-tourmaline-ronde-aa\/\">Cristal de Roche Tourmaline<\/a> &#8211; <a href=\"https:\/\/lumieresdeselene.com\/index.php\/produit\/amethyste-arbre-de-vie-forme-goutte\/\">Am\u00e9thyste<\/a> &#8211; <a href=\"https:\/\/lumieresdeselene.com\/index.php\/produit\/quartz-rose-a\/\">Quartz Rose<\/a> &#8211; <a href=\"https:\/\/lumieresdeselene.com\/index.php\/produit\/onyx-a\/\">Onyx<\/a> &#8211; <a href=\"https:\/\/lumieresdeselene.com\/index.php\/produit\/obsidienne-noire-tete-de-renard\/\">Obsidienne noire<\/a>.<\/span><br \/>\n<span style=\"font-family: Ephesis; font-size: 26px;\"><strong>Qualit\u00e9 :<\/strong> A = Bonne<\/span><br \/>\n<span style=\"font-family: Ephesis; font-size: 26px;\"><strong>Senteur :<\/strong> P\u00eache abricot (exfoliant)<\/span><br \/>\n<span style=\"font-family: Ephesis; font-size: 26px;\"><strong>Nombre de pi\u00e8ces :<\/strong> 1<\/span><br \/>\n<span style=\"font-family: Ephesis; font-size: 26px;\"><strong>Poids :<\/strong> 140g<\/span><br \/>\n<span style=\"font-family: Ephesis; font-size: 26px;\"><strong>Ingr\u00e9dients :<\/strong> Sodium cocoate, Sodium olivate, Glycerin, Aqua, Sodium arganate, Prunus domestica seed powder, Prunus persica kernel oil, Aroma, Limonene, Geraniol.<\/span><\/p>\n<p><span style=\"font-family: Ephesis; font-size: 26px;\">*Produit non test\u00e9 sur les animaux.<\/span><br \/>\n<span style=\"font-family: Ephesis; font-size: 26px;\">*100% des ingr\u00e9dients sont d\u2019origine naturelle. Garanti sans graisses animales, sans huile de palme, sans colorants.<\/span><br \/>\n<span style=\"font-family: Ephesis; font-size: 26px;\">*Pr\u00e9sente un risque d\u2019\u00e9touffement, d\u00e9conseill\u00e9 aux enfants de moins de 3 ans.<\/span><br \/>\n<span style=\"font-family: Ephesis; font-size: 26px;\">Photo non contractuelle.<\/span><\/p>\n<p>&nbsp;<\/p>\n<p><span style=\"font-family: Ephesis; font-size: 26px;\"><strong><em>La lithoth\u00e9rapie peut \u00eatre utilis\u00e9e en compl\u00e9ment des soins qui vous sont apport\u00e9s, mais ne remplace en aucun cas un avis m\u00e9dical et\/ ou traitement.<\/em><\/strong><\/span><\/p>\n<p><span style=\"font-family: Ephesis; font-size: 26px;\"><em>D\u00e9conseill\u00e9 aux enfants de moins de 3 ans. Pr\u00e9sente un risque d\u2019\u00e9touffement.<\/em><\/span><\/p>\n","protected":false},"excerpt":{"rendered":"<p><span style=\"font-family: Ephesis; font-size: 26px;\">Savon p\u00eache abricot exfoliant fabrication Fran\u00e7aise.<\/span><\/p>\n<p><span style=\"font-family: Ephesis; font-size: 26px;\">Pierre min\u00e9rale naturelle \u00e0 d\u00e9couvrir. Qualit\u00e9 A (Bonne).<\/span><\/p>\n<p>&nbsp;<\/p>\n","protected":false},"featured_media":902,"comment_status":"closed","ping_status":"closed","template":"","meta":[],"product_brand":[],"product_cat":[398],"product_tag":[],"class_list":{"0":"post-800","1":"product","2":"type-product","3":"status-publish","4":"has-post-thumbnail","6":"product_cat-savons-avec-pierre","8":"first","9":"outofstock","10":"purchasable","11":"product-type-simple"},"yoast_head":"<!-- This site is optimized with the Yoast SEO plugin v27.1 - https:\/\/yoast.com\/product\/yoast-seo-wordpress\/ -->\n<title>Savon P\u00eache Abricot exfoliant - Produits en stock - Lumi\u00e8res de S\u00e9l\u00e9n\u00e9<\/title>\n<meta name=\"description\" content=\"Cliquez ici pour d\u00e9couvrir Savon P\u00eache Abricot exfoliant . Produits en stock d\u00e9part le jour m\u00eame ou le lendemain - Lumi\u00e8res de S\u00e9l\u00e9n\u00e9\" \/>\n<meta name=\"robots\" content=\"index, follow, max-snippet:-1, max-image-preview:large, max-video-preview:-1\" \/>\n<link rel=\"canonical\" href=\"https:\/\/lumieresdeselene.com\/index.php\/produit\/savon-peche-abricot-exfoliant\/\" \/>\n<meta property=\"og:locale\" content=\"fr_FR\" \/>\n<meta property=\"og:type\" content=\"article\" \/>\n<meta property=\"og:title\" content=\"Savon P\u00eache Abricot exfoliant - Produits en stock - Lumi\u00e8res de S\u00e9l\u00e9n\u00e9\" \/>\n<meta property=\"og:description\" content=\"Cliquez ici pour d\u00e9couvrir Savon P\u00eache Abricot exfoliant . Produits en stock d\u00e9part le jour m\u00eame ou le lendemain - Lumi\u00e8res de S\u00e9l\u00e9n\u00e9\" \/>\n<meta property=\"og:url\" content=\"https:\/\/lumieresdeselene.com\/index.php\/produit\/savon-peche-abricot-exfoliant\/\" \/>\n<meta property=\"og:site_name\" content=\"Lumi\u00e8res de S\u00e9l\u00e9n\u00e9\" \/>\n<meta property=\"article:publisher\" content=\"https:\/\/www.facebook.com\/lumieresdeselene\/\" \/>\n<meta property=\"article:modified_time\" content=\"2025-02-16T09:36:19+00:00\" \/>\n<meta property=\"og:image\" content=\"https:\/\/lumieresdeselene.com\/wp-content\/uploads\/2024\/01\/1704712909376modif.jpg\" \/>\n\t<meta property=\"og:image:width\" content=\"1800\" \/>\n\t<meta property=\"og:image:height\" content=\"2115\" \/>\n\t<meta property=\"og:image:type\" content=\"image\/jpeg\" \/>\n<meta name=\"twitter:card\" content=\"summary_large_image\" \/>\n<meta name=\"twitter:label1\" content=\"Dur\u00e9e de lecture estim\u00e9e\" \/>\n\t<meta name=\"twitter:data1\" content=\"1 minute\" \/>\n<script type=\"application\/ld+json\" class=\"yoast-schema-graph\">{\"@context\":\"https:\/\/schema.org\",\"@graph\":[{\"@type\":\"WebPage\",\"@id\":\"https:\/\/lumieresdeselene.com\/index.php\/produit\/savon-peche-abricot-exfoliant\/\",\"url\":\"https:\/\/lumieresdeselene.com\/index.php\/produit\/savon-peche-abricot-exfoliant\/\",\"name\":\"Savon P\u00eache Abricot exfoliant - Produits en stock - Lumi\u00e8res de S\u00e9l\u00e9n\u00e9\",\"isPartOf\":{\"@id\":\"https:\/\/lumieresdeselene.com\/#website\"},\"primaryImageOfPage\":{\"@id\":\"https:\/\/lumieresdeselene.com\/index.php\/produit\/savon-peche-abricot-exfoliant\/#primaryimage\"},\"image\":{\"@id\":\"https:\/\/lumieresdeselene.com\/index.php\/produit\/savon-peche-abricot-exfoliant\/#primaryimage\"},\"thumbnailUrl\":\"https:\/\/i0.wp.com\/lumieresdeselene.com\/wp-content\/uploads\/2024\/01\/1704712909376modif.jpg?fit=1800%2C2115&ssl=1\",\"datePublished\":\"2024-01-03T14:38:28+00:00\",\"dateModified\":\"2025-02-16T09:36:19+00:00\",\"description\":\"Cliquez ici pour d\u00e9couvrir Savon P\u00eache Abricot exfoliant . Produits en stock d\u00e9part le jour m\u00eame ou le lendemain - Lumi\u00e8res de S\u00e9l\u00e9n\u00e9\",\"breadcrumb\":{\"@id\":\"https:\/\/lumieresdeselene.com\/index.php\/produit\/savon-peche-abricot-exfoliant\/#breadcrumb\"},\"inLanguage\":\"fr-FR\",\"potentialAction\":[{\"@type\":\"ReadAction\",\"target\":[\"https:\/\/lumieresdeselene.com\/index.php\/produit\/savon-peche-abricot-exfoliant\/\"]}]},{\"@type\":\"ImageObject\",\"inLanguage\":\"fr-FR\",\"@id\":\"https:\/\/lumieresdeselene.com\/index.php\/produit\/savon-peche-abricot-exfoliant\/#primaryimage\",\"url\":\"https:\/\/i0.wp.com\/lumieresdeselene.com\/wp-content\/uploads\/2024\/01\/1704712909376modif.jpg?fit=1800%2C2115&ssl=1\",\"contentUrl\":\"https:\/\/i0.wp.com\/lumieresdeselene.com\/wp-content\/uploads\/2024\/01\/1704712909376modif.jpg?fit=1800%2C2115&ssl=1\",\"width\":1800,\"height\":2115,\"caption\":\"Savon Exfoliant p\u00eache abricot avec pierre\"},{\"@type\":\"BreadcrumbList\",\"@id\":\"https:\/\/lumieresdeselene.com\/index.php\/produit\/savon-peche-abricot-exfoliant\/#breadcrumb\",\"itemListElement\":[{\"@type\":\"ListItem\",\"position\":1,\"name\":\"Accueil\",\"item\":\"https:\/\/lumieresdeselene.com\/\"},{\"@type\":\"ListItem\",\"position\":2,\"name\":\"Boutique\",\"item\":\"https:\/\/lumieresdeselene.com\/index.php\/boutique\/\"},{\"@type\":\"ListItem\",\"position\":3,\"name\":\"Savon P\u00eache Abricot exfoliant\"}]},{\"@type\":\"WebSite\",\"@id\":\"https:\/\/lumieresdeselene.com\/#website\",\"url\":\"https:\/\/lumieresdeselene.com\/\",\"name\":\"Lumi\u00e8res de S\u00e9l\u00e9n\u00e9\",\"description\":\"Lumi\u00e8res de S\u00e9l\u00e9n\u00e9\",\"publisher\":{\"@id\":\"https:\/\/lumieresdeselene.com\/#organization\"},\"potentialAction\":[{\"@type\":\"SearchAction\",\"target\":{\"@type\":\"EntryPoint\",\"urlTemplate\":\"https:\/\/lumieresdeselene.com\/?s={search_term_string}\"},\"query-input\":{\"@type\":\"PropertyValueSpecification\",\"valueRequired\":true,\"valueName\":\"search_term_string\"}}],\"inLanguage\":\"fr-FR\"},{\"@type\":\"Organization\",\"@id\":\"https:\/\/lumieresdeselene.com\/#organization\",\"name\":\"Lumi\u00e8res de S\u00e9l\u00e9n\u00e9\",\"url\":\"https:\/\/lumieresdeselene.com\/\",\"logo\":{\"@type\":\"ImageObject\",\"inLanguage\":\"fr-FR\",\"@id\":\"https:\/\/lumieresdeselene.com\/#\/schema\/logo\/image\/\",\"url\":\"https:\/\/i0.wp.com\/lumieresdeselene.com\/wp-content\/uploads\/2024\/01\/Lumieres-de-Selene3.jpg?fit=500%2C500&ssl=1\",\"contentUrl\":\"https:\/\/i0.wp.com\/lumieresdeselene.com\/wp-content\/uploads\/2024\/01\/Lumieres-de-Selene3.jpg?fit=500%2C500&ssl=1\",\"width\":500,\"height\":500,\"caption\":\"Lumi\u00e8res de S\u00e9l\u00e9n\u00e9\"},\"image\":{\"@id\":\"https:\/\/lumieresdeselene.com\/#\/schema\/logo\/image\/\"},\"sameAs\":[\"https:\/\/www.facebook.com\/lumieresdeselene\/\",\"https:\/\/www.instagram.com\/lumieres.selene\/\"]}]}<\/script>\n<!-- \/ Yoast SEO plugin. -->","yoast_head_json":{"title":"Savon P\u00eache Abricot exfoliant - Produits en stock - Lumi\u00e8res de S\u00e9l\u00e9n\u00e9","description":"Cliquez ici pour d\u00e9couvrir Savon P\u00eache Abricot exfoliant . Produits en stock d\u00e9part le jour m\u00eame ou le lendemain - Lumi\u00e8res de S\u00e9l\u00e9n\u00e9","robots":{"index":"index","follow":"follow","max-snippet":"max-snippet:-1","max-image-preview":"max-image-preview:large","max-video-preview":"max-video-preview:-1"},"canonical":"https:\/\/lumieresdeselene.com\/index.php\/produit\/savon-peche-abricot-exfoliant\/","og_locale":"fr_FR","og_type":"article","og_title":"Savon P\u00eache Abricot exfoliant - Produits en stock - Lumi\u00e8res de S\u00e9l\u00e9n\u00e9","og_description":"Cliquez ici pour d\u00e9couvrir Savon P\u00eache Abricot exfoliant . Produits en stock d\u00e9part le jour m\u00eame ou le lendemain - Lumi\u00e8res de S\u00e9l\u00e9n\u00e9","og_url":"https:\/\/lumieresdeselene.com\/index.php\/produit\/savon-peche-abricot-exfoliant\/","og_site_name":"Lumi\u00e8res de S\u00e9l\u00e9n\u00e9","article_publisher":"https:\/\/www.facebook.com\/lumieresdeselene\/","article_modified_time":"2025-02-16T09:36:19+00:00","og_image":[{"width":1800,"height":2115,"url":"https:\/\/lumieresdeselene.com\/wp-content\/uploads\/2024\/01\/1704712909376modif.jpg","type":"image\/jpeg"}],"twitter_card":"summary_large_image","twitter_misc":{"Dur\u00e9e de lecture estim\u00e9e":"1 minute"},"schema":{"@context":"https:\/\/schema.org","@graph":[{"@type":"WebPage","@id":"https:\/\/lumieresdeselene.com\/index.php\/produit\/savon-peche-abricot-exfoliant\/","url":"https:\/\/lumieresdeselene.com\/index.php\/produit\/savon-peche-abricot-exfoliant\/","name":"Savon P\u00eache Abricot exfoliant - Produits en stock - Lumi\u00e8res de S\u00e9l\u00e9n\u00e9","isPartOf":{"@id":"https:\/\/lumieresdeselene.com\/#website"},"primaryImageOfPage":{"@id":"https:\/\/lumieresdeselene.com\/index.php\/produit\/savon-peche-abricot-exfoliant\/#primaryimage"},"image":{"@id":"https:\/\/lumieresdeselene.com\/index.php\/produit\/savon-peche-abricot-exfoliant\/#primaryimage"},"thumbnailUrl":"https:\/\/i0.wp.com\/lumieresdeselene.com\/wp-content\/uploads\/2024\/01\/1704712909376modif.jpg?fit=1800%2C2115&ssl=1","datePublished":"2024-01-03T14:38:28+00:00","dateModified":"2025-02-16T09:36:19+00:00","description":"Cliquez ici pour d\u00e9couvrir Savon P\u00eache Abricot exfoliant . Produits en stock d\u00e9part le jour m\u00eame ou le lendemain - Lumi\u00e8res de S\u00e9l\u00e9n\u00e9","breadcrumb":{"@id":"https:\/\/lumieresdeselene.com\/index.php\/produit\/savon-peche-abricot-exfoliant\/#breadcrumb"},"inLanguage":"fr-FR","potentialAction":[{"@type":"ReadAction","target":["https:\/\/lumieresdeselene.com\/index.php\/produit\/savon-peche-abricot-exfoliant\/"]}]},{"@type":"ImageObject","inLanguage":"fr-FR","@id":"https:\/\/lumieresdeselene.com\/index.php\/produit\/savon-peche-abricot-exfoliant\/#primaryimage","url":"https:\/\/i0.wp.com\/lumieresdeselene.com\/wp-content\/uploads\/2024\/01\/1704712909376modif.jpg?fit=1800%2C2115&ssl=1","contentUrl":"https:\/\/i0.wp.com\/lumieresdeselene.com\/wp-content\/uploads\/2024\/01\/1704712909376modif.jpg?fit=1800%2C2115&ssl=1","width":1800,"height":2115,"caption":"Savon Exfoliant p\u00eache abricot avec pierre"},{"@type":"BreadcrumbList","@id":"https:\/\/lumieresdeselene.com\/index.php\/produit\/savon-peche-abricot-exfoliant\/#breadcrumb","itemListElement":[{"@type":"ListItem","position":1,"name":"Accueil","item":"https:\/\/lumieresdeselene.com\/"},{"@type":"ListItem","position":2,"name":"Boutique","item":"https:\/\/lumieresdeselene.com\/index.php\/boutique\/"},{"@type":"ListItem","position":3,"name":"Savon P\u00eache Abricot exfoliant"}]},{"@type":"WebSite","@id":"https:\/\/lumieresdeselene.com\/#website","url":"https:\/\/lumieresdeselene.com\/","name":"Lumi\u00e8res de S\u00e9l\u00e9n\u00e9","description":"Lumi\u00e8res de S\u00e9l\u00e9n\u00e9","publisher":{"@id":"https:\/\/lumieresdeselene.com\/#organization"},"potentialAction":[{"@type":"SearchAction","target":{"@type":"EntryPoint","urlTemplate":"https:\/\/lumieresdeselene.com\/?s={search_term_string}"},"query-input":{"@type":"PropertyValueSpecification","valueRequired":true,"valueName":"search_term_string"}}],"inLanguage":"fr-FR"},{"@type":"Organization","@id":"https:\/\/lumieresdeselene.com\/#organization","name":"Lumi\u00e8res de S\u00e9l\u00e9n\u00e9","url":"https:\/\/lumieresdeselene.com\/","logo":{"@type":"ImageObject","inLanguage":"fr-FR","@id":"https:\/\/lumieresdeselene.com\/#\/schema\/logo\/image\/","url":"https:\/\/i0.wp.com\/lumieresdeselene.com\/wp-content\/uploads\/2024\/01\/Lumieres-de-Selene3.jpg?fit=500%2C500&ssl=1","contentUrl":"https:\/\/i0.wp.com\/lumieresdeselene.com\/wp-content\/uploads\/2024\/01\/Lumieres-de-Selene3.jpg?fit=500%2C500&ssl=1","width":500,"height":500,"caption":"Lumi\u00e8res de S\u00e9l\u00e9n\u00e9"},"image":{"@id":"https:\/\/lumieresdeselene.com\/#\/schema\/logo\/image\/"},"sameAs":["https:\/\/www.facebook.com\/lumieresdeselene\/","https:\/\/www.instagram.com\/lumieres.selene\/"]}]}},"jetpack_sharing_enabled":true,"_links":{"self":[{"href":"https:\/\/lumieresdeselene.com\/index.php\/wp-json\/wp\/v2\/product\/800","targetHints":{"allow":["GET"]}}],"collection":[{"href":"https:\/\/lumieresdeselene.com\/index.php\/wp-json\/wp\/v2\/product"}],"about":[{"href":"https:\/\/lumieresdeselene.com\/index.php\/wp-json\/wp\/v2\/types\/product"}],"replies":[{"embeddable":true,"href":"https:\/\/lumieresdeselene.com\/index.php\/wp-json\/wp\/v2\/comments?post=800"}],"wp:featuredmedia":[{"embeddable":true,"href":"https:\/\/lumieresdeselene.com\/index.php\/wp-json\/wp\/v2\/media\/902"}],"wp:attachment":[{"href":"https:\/\/lumieresdeselene.com\/index.php\/wp-json\/wp\/v2\/media?parent=800"}],"wp:term":[{"taxonomy":"product_brand","embeddable":true,"href":"https:\/\/lumieresdeselene.com\/index.php\/wp-json\/wp\/v2\/product_brand?post=800"},{"taxonomy":"product_cat","embeddable":true,"href":"https:\/\/lumieresdeselene.com\/index.php\/wp-json\/wp\/v2\/product_cat?post=800"},{"taxonomy":"product_tag","embeddable":true,"href":"https:\/\/lumieresdeselene.com\/index.php\/wp-json\/wp\/v2\/product_tag?post=800"}],"curies":[{"name":"wp","href":"https:\/\/api.w.org\/{rel}","templated":true}]}}