{"id":74,"date":"2023-12-12T11:38:21","date_gmt":"2023-12-12T10:38:21","guid":{"rendered":"https:\/\/lumieresdeselene.com\/?post_type=product&#038;p=74"},"modified":"2025-07-28T15:38:10","modified_gmt":"2025-07-28T13:38:10","slug":"cristal-de-roche-tourmaline-ronde-aa","status":"publish","type":"product","link":"https:\/\/lumieresdeselene.com\/index.php\/produit\/cristal-de-roche-tourmaline-ronde-aa\/","title":{"rendered":"Cristal de Roche Tourmaline Ronde AA"},"content":{"rendered":"<p><span style=\"font-family: Ephesis; font-size: 26px;\">Des fouilles arch\u00e9ologiques ont r\u00e9v\u00e9l\u00e9 que le <a href=\"https:\/\/lumieresdeselene.com\/index.php\/produit\/cristal-de-roche-arbre-de-vie-forme-lune\/\">cristal de roche<\/a> \u00e9tait utilis\u00e9 depuis la pr\u00e9histoire. On pr\u00eatait des pouvoirs gu\u00e9risseurs, voire surnaturel \u00e0 cette pierre.<\/span><\/p>\n<p><span style=\"font-family: Ephesis; font-size: 26px;\">La <a href=\"https:\/\/lumieresdeselene.com\/index.php\/produit\/tourmaline-noire-ou-schorl-a\/\">Tourmaline<\/a> a \u00e9t\u00e9 d\u00e9crite pour la premi\u00e8re fois en 300 avant J.C<\/span><\/p>\n<p><span style=\"font-family: Ephesis; font-size: 26px;\">Au cours de sa formation, le cristal de roche peut avoir des inclusions, telles que le fer, le magn\u00e9sium, l\u2019aluminium, le calcium, etc. <\/span><\/p>\n<p><span style=\"font-family: Ephesis; font-size: 26px;\">Mais elles peuvent \u00e9galement venir de min\u00e9raux, tels que la tourmaline, la chlorite, l\u2019<a href=\"https:\/\/lumieresdeselene.com\/index.php\/produit\/hematite-a\/\">h\u00e9matite<\/a>, etc.<\/span><\/p>\n<p><span style=\"font-family: Ephesis; font-size: 26px;\"><strong><u>Ses bienfaits sur le plan psychique<\/u><\/strong><\/span><\/p>\n<p><span style=\"font-family: Ephesis; font-size: 26px;\">Donne confiance en soi et neutralise les comportements d\u2019auto sabotage.<\/span><\/p>\n<p><span style=\"font-family: Ephesis; font-size: 26px;\">Transforme les pens\u00e9es n\u00e9fastes en \u00e9nergie positive permettant d\u2019aller de l\u2019avant.<\/span><\/p>\n<p><span style=\"font-family: Ephesis; font-size: 26px;\">Pierre de protection qui dissout les \u00e9nergies n\u00e9fastes et lutte contre les individus mal intentionn\u00e9s ou les entit\u00e9s malveillantes.<\/span><\/p>\n<p><span style=\"font-family: Ephesis; font-size: 26px;\">Permet un ancrage puissant et favorise une meilleure concentration et une prise de d\u00e9cision.<\/span><\/p>\n<p><span style=\"font-family: Ephesis; font-size: 26px;\"><strong><u>Ses bienfaits sur le plan physique<\/u><\/strong><\/span><\/p>\n<p><span style=\"font-family: Ephesis; font-size: 26px;\">Compagnon id\u00e9al pour les personnes en surmenage. Calme l\u2019ensemble du syst\u00e8me nerveux, diminue la pression.<\/span><\/p>\n<p><span style=\"font-family: Ephesis; font-size: 26px;\">Dynamise tout le corps offrant une plus grande vitalit\u00e9 et une meilleure sant\u00e9.<\/span><\/p>\n<p><span style=\"font-family: Ephesis; font-size: 26px;\">Recherche l\u2019harmonie et va agir sur tous les chakras du corps pour la r\u00e9tablir.<\/span><\/p>\n<p><span style=\"font-family: Ephesis; font-size: 26px;\">Forte teneur en m\u00e9taux lourds, revigore et recharge en \u00e9nergie.<\/span><\/p>\n<p><span style=\"font-family: Ephesis; font-size: 26px;\">Cristal gu\u00e9risseur par excellence, contribue \u00e0 la purification du corps physique, \u00e9limine les toxines, meilleure gu\u00e9rison des l\u00e9sions, on le soup\u00e7onne d\u2019\u00eatre capable de dissoudre certains nodules.<\/span><\/p>\n<p>&nbsp;<\/p>\n<p><span style=\"font-family: Ephesis; font-size: 26px;\"><em><strong>La lithoth\u00e9rapie peut \u00eatre utilis\u00e9e en compl\u00e9ment des soins qui vous sont apport\u00e9s, mais ne remplace en aucun cas un avis m\u00e9dical et\/ ou traitement.<\/strong><\/em><\/span><\/p>\n<p><span style=\"font-family: Ephesis; font-size: 26px;\"><em>D\u00e9conseill\u00e9 aux enfants de moins de 3 ans. Pr\u00e9sente un risque d\u2019\u00e9touffement.<\/em><\/span><\/p>\n","protected":false},"excerpt":{"rendered":"<p><span style=\"font-family: Ephesis; font-size: 26px;\">Pierre ronde, qualit\u00e9 AA (Tr\u00e8s \u00e9lev\u00e9e), provenance Br\u00e9sil, dimensions 20 \u00e0 30 mm.<\/span><\/p>\n","protected":false},"featured_media":75,"comment_status":"open","ping_status":"closed","template":"","meta":[],"product_brand":[],"product_cat":[16],"product_tag":[483,482,84,342,454],"class_list":{"0":"post-74","1":"product","2":"type-product","3":"status-publish","4":"has-post-thumbnail","6":"product_cat-pierres-roulees","7":"product_tag-amplificateur","8":"product_tag-calme","9":"product_tag-confiance","10":"product_tag-mauvais-oeil","11":"product_tag-protectrice","13":"first","14":"instock","15":"purchasable","16":"product-type-simple"},"yoast_head":"<!-- This site is optimized with the Yoast SEO plugin v27.1 - https:\/\/yoast.com\/product\/yoast-seo-wordpress\/ -->\n<title>Cristal de Roche Tourmaline Ronde AA - Produits en stock - Lumi\u00e8res de S\u00e9l\u00e9n\u00e9<\/title>\n<meta name=\"description\" content=\"Cliquez ici pour d\u00e9couvrir Cristal de Roche Tourmaline Ronde AA . Produits en stock d\u00e9part le jour m\u00eame ou le lendemain - Lumi\u00e8res de S\u00e9l\u00e9n\u00e9\" \/>\n<meta name=\"robots\" content=\"index, follow, max-snippet:-1, max-image-preview:large, max-video-preview:-1\" \/>\n<link rel=\"canonical\" href=\"https:\/\/lumieresdeselene.com\/index.php\/produit\/cristal-de-roche-tourmaline-ronde-aa\/\" \/>\n<meta property=\"og:locale\" content=\"fr_FR\" \/>\n<meta property=\"og:type\" content=\"article\" \/>\n<meta property=\"og:title\" content=\"Cristal de Roche Tourmaline Ronde AA - Produits en stock - Lumi\u00e8res de S\u00e9l\u00e9n\u00e9\" \/>\n<meta property=\"og:description\" content=\"Cliquez ici pour d\u00e9couvrir Cristal de Roche Tourmaline Ronde AA . Produits en stock d\u00e9part le jour m\u00eame ou le lendemain - Lumi\u00e8res de S\u00e9l\u00e9n\u00e9\" \/>\n<meta property=\"og:url\" content=\"https:\/\/lumieresdeselene.com\/index.php\/produit\/cristal-de-roche-tourmaline-ronde-aa\/\" \/>\n<meta property=\"og:site_name\" content=\"Lumi\u00e8res de S\u00e9l\u00e9n\u00e9\" \/>\n<meta property=\"article:publisher\" content=\"https:\/\/www.facebook.com\/lumieresdeselene\/\" \/>\n<meta property=\"article:modified_time\" content=\"2025-07-28T13:38:10+00:00\" \/>\n<meta property=\"og:image\" content=\"https:\/\/lumieresdeselene.com\/wp-content\/uploads\/2023\/12\/IMG_9751modif-scaled.jpg\" \/>\n\t<meta property=\"og:image:width\" content=\"2560\" \/>\n\t<meta property=\"og:image:height\" content=\"2044\" \/>\n\t<meta property=\"og:image:type\" content=\"image\/jpeg\" \/>\n<meta name=\"twitter:card\" content=\"summary_large_image\" \/>\n<meta name=\"twitter:label1\" content=\"Dur\u00e9e de lecture estim\u00e9e\" \/>\n\t<meta name=\"twitter:data1\" content=\"2 minutes\" \/>\n<script type=\"application\/ld+json\" class=\"yoast-schema-graph\">{\"@context\":\"https:\/\/schema.org\",\"@graph\":[{\"@type\":\"WebPage\",\"@id\":\"https:\/\/lumieresdeselene.com\/index.php\/produit\/cristal-de-roche-tourmaline-ronde-aa\/\",\"url\":\"https:\/\/lumieresdeselene.com\/index.php\/produit\/cristal-de-roche-tourmaline-ronde-aa\/\",\"name\":\"Cristal de Roche Tourmaline Ronde AA - Produits en stock - Lumi\u00e8res de S\u00e9l\u00e9n\u00e9\",\"isPartOf\":{\"@id\":\"https:\/\/lumieresdeselene.com\/#website\"},\"primaryImageOfPage\":{\"@id\":\"https:\/\/lumieresdeselene.com\/index.php\/produit\/cristal-de-roche-tourmaline-ronde-aa\/#primaryimage\"},\"image\":{\"@id\":\"https:\/\/lumieresdeselene.com\/index.php\/produit\/cristal-de-roche-tourmaline-ronde-aa\/#primaryimage\"},\"thumbnailUrl\":\"https:\/\/i0.wp.com\/lumieresdeselene.com\/wp-content\/uploads\/2023\/12\/IMG_9751modif-scaled.jpg?fit=2560%2C2044&ssl=1\",\"datePublished\":\"2023-12-12T10:38:21+00:00\",\"dateModified\":\"2025-07-28T13:38:10+00:00\",\"description\":\"Cliquez ici pour d\u00e9couvrir Cristal de Roche Tourmaline Ronde AA . Produits en stock d\u00e9part le jour m\u00eame ou le lendemain - Lumi\u00e8res de S\u00e9l\u00e9n\u00e9\",\"breadcrumb\":{\"@id\":\"https:\/\/lumieresdeselene.com\/index.php\/produit\/cristal-de-roche-tourmaline-ronde-aa\/#breadcrumb\"},\"inLanguage\":\"fr-FR\",\"potentialAction\":[{\"@type\":\"ReadAction\",\"target\":[\"https:\/\/lumieresdeselene.com\/index.php\/produit\/cristal-de-roche-tourmaline-ronde-aa\/\"]}]},{\"@type\":\"ImageObject\",\"inLanguage\":\"fr-FR\",\"@id\":\"https:\/\/lumieresdeselene.com\/index.php\/produit\/cristal-de-roche-tourmaline-ronde-aa\/#primaryimage\",\"url\":\"https:\/\/i0.wp.com\/lumieresdeselene.com\/wp-content\/uploads\/2023\/12\/IMG_9751modif-scaled.jpg?fit=2560%2C2044&ssl=1\",\"contentUrl\":\"https:\/\/i0.wp.com\/lumieresdeselene.com\/wp-content\/uploads\/2023\/12\/IMG_9751modif-scaled.jpg?fit=2560%2C2044&ssl=1\",\"width\":2560,\"height\":2044,\"caption\":\"Pierre roul\u00e9e Cristal de roche Tourmaline ronde\"},{\"@type\":\"BreadcrumbList\",\"@id\":\"https:\/\/lumieresdeselene.com\/index.php\/produit\/cristal-de-roche-tourmaline-ronde-aa\/#breadcrumb\",\"itemListElement\":[{\"@type\":\"ListItem\",\"position\":1,\"name\":\"Accueil\",\"item\":\"https:\/\/lumieresdeselene.com\/\"},{\"@type\":\"ListItem\",\"position\":2,\"name\":\"Boutique\",\"item\":\"https:\/\/lumieresdeselene.com\/index.php\/boutique\/\"},{\"@type\":\"ListItem\",\"position\":3,\"name\":\"Cristal de Roche Tourmaline Ronde AA\"}]},{\"@type\":\"WebSite\",\"@id\":\"https:\/\/lumieresdeselene.com\/#website\",\"url\":\"https:\/\/lumieresdeselene.com\/\",\"name\":\"Lumi\u00e8res de S\u00e9l\u00e9n\u00e9\",\"description\":\"Lumi\u00e8res de S\u00e9l\u00e9n\u00e9\",\"publisher\":{\"@id\":\"https:\/\/lumieresdeselene.com\/#organization\"},\"potentialAction\":[{\"@type\":\"SearchAction\",\"target\":{\"@type\":\"EntryPoint\",\"urlTemplate\":\"https:\/\/lumieresdeselene.com\/?s={search_term_string}\"},\"query-input\":{\"@type\":\"PropertyValueSpecification\",\"valueRequired\":true,\"valueName\":\"search_term_string\"}}],\"inLanguage\":\"fr-FR\"},{\"@type\":\"Organization\",\"@id\":\"https:\/\/lumieresdeselene.com\/#organization\",\"name\":\"Lumi\u00e8res de S\u00e9l\u00e9n\u00e9\",\"url\":\"https:\/\/lumieresdeselene.com\/\",\"logo\":{\"@type\":\"ImageObject\",\"inLanguage\":\"fr-FR\",\"@id\":\"https:\/\/lumieresdeselene.com\/#\/schema\/logo\/image\/\",\"url\":\"https:\/\/i0.wp.com\/lumieresdeselene.com\/wp-content\/uploads\/2024\/01\/Lumieres-de-Selene3.jpg?fit=500%2C500&ssl=1\",\"contentUrl\":\"https:\/\/i0.wp.com\/lumieresdeselene.com\/wp-content\/uploads\/2024\/01\/Lumieres-de-Selene3.jpg?fit=500%2C500&ssl=1\",\"width\":500,\"height\":500,\"caption\":\"Lumi\u00e8res de S\u00e9l\u00e9n\u00e9\"},\"image\":{\"@id\":\"https:\/\/lumieresdeselene.com\/#\/schema\/logo\/image\/\"},\"sameAs\":[\"https:\/\/www.facebook.com\/lumieresdeselene\/\",\"https:\/\/www.instagram.com\/lumieres.selene\/\"]}]}<\/script>\n<!-- \/ Yoast SEO plugin. -->","yoast_head_json":{"title":"Cristal de Roche Tourmaline Ronde AA - Produits en stock - Lumi\u00e8res de S\u00e9l\u00e9n\u00e9","description":"Cliquez ici pour d\u00e9couvrir Cristal de Roche Tourmaline Ronde AA . Produits en stock d\u00e9part le jour m\u00eame ou le lendemain - Lumi\u00e8res de S\u00e9l\u00e9n\u00e9","robots":{"index":"index","follow":"follow","max-snippet":"max-snippet:-1","max-image-preview":"max-image-preview:large","max-video-preview":"max-video-preview:-1"},"canonical":"https:\/\/lumieresdeselene.com\/index.php\/produit\/cristal-de-roche-tourmaline-ronde-aa\/","og_locale":"fr_FR","og_type":"article","og_title":"Cristal de Roche Tourmaline Ronde AA - Produits en stock - Lumi\u00e8res de S\u00e9l\u00e9n\u00e9","og_description":"Cliquez ici pour d\u00e9couvrir Cristal de Roche Tourmaline Ronde AA . Produits en stock d\u00e9part le jour m\u00eame ou le lendemain - Lumi\u00e8res de S\u00e9l\u00e9n\u00e9","og_url":"https:\/\/lumieresdeselene.com\/index.php\/produit\/cristal-de-roche-tourmaline-ronde-aa\/","og_site_name":"Lumi\u00e8res de S\u00e9l\u00e9n\u00e9","article_publisher":"https:\/\/www.facebook.com\/lumieresdeselene\/","article_modified_time":"2025-07-28T13:38:10+00:00","og_image":[{"width":2560,"height":2044,"url":"https:\/\/lumieresdeselene.com\/wp-content\/uploads\/2023\/12\/IMG_9751modif-scaled.jpg","type":"image\/jpeg"}],"twitter_card":"summary_large_image","twitter_misc":{"Dur\u00e9e de lecture estim\u00e9e":"2 minutes"},"schema":{"@context":"https:\/\/schema.org","@graph":[{"@type":"WebPage","@id":"https:\/\/lumieresdeselene.com\/index.php\/produit\/cristal-de-roche-tourmaline-ronde-aa\/","url":"https:\/\/lumieresdeselene.com\/index.php\/produit\/cristal-de-roche-tourmaline-ronde-aa\/","name":"Cristal de Roche Tourmaline Ronde AA - Produits en stock - Lumi\u00e8res de S\u00e9l\u00e9n\u00e9","isPartOf":{"@id":"https:\/\/lumieresdeselene.com\/#website"},"primaryImageOfPage":{"@id":"https:\/\/lumieresdeselene.com\/index.php\/produit\/cristal-de-roche-tourmaline-ronde-aa\/#primaryimage"},"image":{"@id":"https:\/\/lumieresdeselene.com\/index.php\/produit\/cristal-de-roche-tourmaline-ronde-aa\/#primaryimage"},"thumbnailUrl":"https:\/\/i0.wp.com\/lumieresdeselene.com\/wp-content\/uploads\/2023\/12\/IMG_9751modif-scaled.jpg?fit=2560%2C2044&ssl=1","datePublished":"2023-12-12T10:38:21+00:00","dateModified":"2025-07-28T13:38:10+00:00","description":"Cliquez ici pour d\u00e9couvrir Cristal de Roche Tourmaline Ronde AA . Produits en stock d\u00e9part le jour m\u00eame ou le lendemain - Lumi\u00e8res de S\u00e9l\u00e9n\u00e9","breadcrumb":{"@id":"https:\/\/lumieresdeselene.com\/index.php\/produit\/cristal-de-roche-tourmaline-ronde-aa\/#breadcrumb"},"inLanguage":"fr-FR","potentialAction":[{"@type":"ReadAction","target":["https:\/\/lumieresdeselene.com\/index.php\/produit\/cristal-de-roche-tourmaline-ronde-aa\/"]}]},{"@type":"ImageObject","inLanguage":"fr-FR","@id":"https:\/\/lumieresdeselene.com\/index.php\/produit\/cristal-de-roche-tourmaline-ronde-aa\/#primaryimage","url":"https:\/\/i0.wp.com\/lumieresdeselene.com\/wp-content\/uploads\/2023\/12\/IMG_9751modif-scaled.jpg?fit=2560%2C2044&ssl=1","contentUrl":"https:\/\/i0.wp.com\/lumieresdeselene.com\/wp-content\/uploads\/2023\/12\/IMG_9751modif-scaled.jpg?fit=2560%2C2044&ssl=1","width":2560,"height":2044,"caption":"Pierre roul\u00e9e Cristal de roche Tourmaline ronde"},{"@type":"BreadcrumbList","@id":"https:\/\/lumieresdeselene.com\/index.php\/produit\/cristal-de-roche-tourmaline-ronde-aa\/#breadcrumb","itemListElement":[{"@type":"ListItem","position":1,"name":"Accueil","item":"https:\/\/lumieresdeselene.com\/"},{"@type":"ListItem","position":2,"name":"Boutique","item":"https:\/\/lumieresdeselene.com\/index.php\/boutique\/"},{"@type":"ListItem","position":3,"name":"Cristal de Roche Tourmaline Ronde AA"}]},{"@type":"WebSite","@id":"https:\/\/lumieresdeselene.com\/#website","url":"https:\/\/lumieresdeselene.com\/","name":"Lumi\u00e8res de S\u00e9l\u00e9n\u00e9","description":"Lumi\u00e8res de S\u00e9l\u00e9n\u00e9","publisher":{"@id":"https:\/\/lumieresdeselene.com\/#organization"},"potentialAction":[{"@type":"SearchAction","target":{"@type":"EntryPoint","urlTemplate":"https:\/\/lumieresdeselene.com\/?s={search_term_string}"},"query-input":{"@type":"PropertyValueSpecification","valueRequired":true,"valueName":"search_term_string"}}],"inLanguage":"fr-FR"},{"@type":"Organization","@id":"https:\/\/lumieresdeselene.com\/#organization","name":"Lumi\u00e8res de S\u00e9l\u00e9n\u00e9","url":"https:\/\/lumieresdeselene.com\/","logo":{"@type":"ImageObject","inLanguage":"fr-FR","@id":"https:\/\/lumieresdeselene.com\/#\/schema\/logo\/image\/","url":"https:\/\/i0.wp.com\/lumieresdeselene.com\/wp-content\/uploads\/2024\/01\/Lumieres-de-Selene3.jpg?fit=500%2C500&ssl=1","contentUrl":"https:\/\/i0.wp.com\/lumieresdeselene.com\/wp-content\/uploads\/2024\/01\/Lumieres-de-Selene3.jpg?fit=500%2C500&ssl=1","width":500,"height":500,"caption":"Lumi\u00e8res de S\u00e9l\u00e9n\u00e9"},"image":{"@id":"https:\/\/lumieresdeselene.com\/#\/schema\/logo\/image\/"},"sameAs":["https:\/\/www.facebook.com\/lumieresdeselene\/","https:\/\/www.instagram.com\/lumieres.selene\/"]}]}},"jetpack_sharing_enabled":true,"_links":{"self":[{"href":"https:\/\/lumieresdeselene.com\/index.php\/wp-json\/wp\/v2\/product\/74","targetHints":{"allow":["GET"]}}],"collection":[{"href":"https:\/\/lumieresdeselene.com\/index.php\/wp-json\/wp\/v2\/product"}],"about":[{"href":"https:\/\/lumieresdeselene.com\/index.php\/wp-json\/wp\/v2\/types\/product"}],"replies":[{"embeddable":true,"href":"https:\/\/lumieresdeselene.com\/index.php\/wp-json\/wp\/v2\/comments?post=74"}],"wp:featuredmedia":[{"embeddable":true,"href":"https:\/\/lumieresdeselene.com\/index.php\/wp-json\/wp\/v2\/media\/75"}],"wp:attachment":[{"href":"https:\/\/lumieresdeselene.com\/index.php\/wp-json\/wp\/v2\/media?parent=74"}],"wp:term":[{"taxonomy":"product_brand","embeddable":true,"href":"https:\/\/lumieresdeselene.com\/index.php\/wp-json\/wp\/v2\/product_brand?post=74"},{"taxonomy":"product_cat","embeddable":true,"href":"https:\/\/lumieresdeselene.com\/index.php\/wp-json\/wp\/v2\/product_cat?post=74"},{"taxonomy":"product_tag","embeddable":true,"href":"https:\/\/lumieresdeselene.com\/index.php\/wp-json\/wp\/v2\/product_tag?post=74"}],"curies":[{"name":"wp","href":"https:\/\/api.w.org\/{rel}","templated":true}]}}