{"id":68,"date":"2023-12-12T11:38:22","date_gmt":"2023-12-12T10:38:22","guid":{"rendered":"https:\/\/lumieresdeselene.com\/?post_type=product&#038;p=68"},"modified":"2024-04-18T12:16:40","modified_gmt":"2024-04-18T10:16:40","slug":"chrysocolle-shattuckite-ab","status":"publish","type":"product","link":"https:\/\/lumieresdeselene.com\/index.php\/produit\/chrysocolle-shattuckite-ab\/","title":{"rendered":"Chrysocolle Shattuckite AB"},"content":{"rendered":"<p><span style=\"font-family: Ephesis; font-size: 26px;\">La Shattuckite a \u00e9t\u00e9 d\u00e9couverte en 1915 pour la premi\u00e8re fois \u00e0 Bisbee, dans la mine de Shattuck en Arizona.<\/span><\/p>\n<p><span style=\"font-family: Ephesis; font-size: 26px;\">Le nom de Chrysocolle est donn\u00e9 par Th\u00e9ophraste, un philosophe en l\u2019an 315 avant J.C dans son ouvrage \u00ab\u00a0Trait\u00e9 des Pierres\u00a0\u00bb.<\/span><\/p>\n<p><span style=\"font-family: Ephesis; font-size: 26px;\">La formation de la chrysocolle s\u2019effectue dans la zone d\u2019oxydation des mines de cuivre.<\/span><\/p>\n<p><span style=\"font-family: Ephesis; font-size: 26px;\">Il n\u2019est pas rare que la chrysocolle s\u2019ins\u00e8re avec d\u2019autres min\u00e9raux tels que l\u2019azurite, la malachite ou la shattuckite.<\/span><\/p>\n<p><span style=\"font-family: Ephesis; font-size: 26px;\"><strong><u>Ses bienfaits sur le plan psychique<\/u><\/strong><\/span><\/p>\n<p><span style=\"font-family: Ephesis; font-size: 26px;\">Pierre de communication, aide au dialogue et prot\u00e8ge contre les influences ext\u00e9rieures n\u00e9fastes.<\/span><\/p>\n<p><span style=\"font-family: Ephesis; font-size: 26px;\">Encourage l\u2019expression des opinions diff\u00e9rentes.<\/span><\/p>\n<p><span style=\"font-family: Ephesis; font-size: 26px;\">Am\u00e9liore la capacit\u00e9 d\u2019\u00e9coute et de compr\u00e9hension d\u2019autrui.\u00a0<\/span><span style=\"font-family: Ephesis; font-size: 26px;\">Favorise une attitude sans jugement.<\/span><\/p>\n<p><span style=\"font-family: Ephesis; font-size: 26px;\">La Shattuckite a une fr\u00e9quence vibratoire tr\u00e8s \u00e9lev\u00e9e, recommand\u00e9e pour pr\u00e9parer un travail spirituel et d\u00e9velopper ses capacit\u00e9s extra sensorielles.<\/span><\/p>\n<p><span style=\"font-family: Ephesis; font-size: 26px;\"><strong><u>Ses bienfaits sur le plan physique<\/u><\/strong><\/span><\/p>\n<p><span style=\"font-family: Ephesis; font-size: 26px;\">Apporte des bienfaits au syst\u00e8me respiratoire, notamment en att\u00e9nuant les maux de gorge et les sensations d\u2019enrouement.<\/span><\/p>\n<p><span style=\"font-family: Ephesis; font-size: 26px;\">Prot\u00e8ge tout le syst\u00e8me respiratoire des affections ext\u00e9rieures.<\/span><\/p>\n<p><span style=\"font-family: Ephesis; font-size: 26px;\">Favorise l\u2019oxydation du sang, b\u00e9n\u00e9fique pour la production d\u2019insuline et du niveau de glucose, pr\u00e9vient les ulc\u00e8res, le diab\u00e8te, l\u2019hypertension et les troubles sanguins.<\/span><\/p>\n<p><span style=\"font-family: Ephesis; font-size: 26px;\">Favorise la digestion et le m\u00e9tabolisme, d\u00e9toxifie le foie, les reins et les intestins.<\/span><\/p>\n<p><span style=\"font-family: Ephesis; font-size: 26px;\">Renforce les muscles et r\u00e9duit les crampes.<\/span><\/p>\n<p><span style=\"font-family: Ephesis; font-size: 26px;\">Soulage le syndrome pr\u00e9menstruel.<\/span><\/p>\n<p>&nbsp;<\/p>\n<p><span style=\"font-family: Ephesis; font-size: 26px;\"><em><strong>La <a href=\"https:\/\/lumieresdeselene.com\/index.php\/boutique\/\">lithoth\u00e9rapie<\/a> peut \u00eatre utilis\u00e9e en compl\u00e9ment des soins qui vous sont apport\u00e9s, mais ne remplace en aucun cas un avis m\u00e9dical et\/ ou traitement.<\/strong><\/em><\/span><\/p>\n<p><span style=\"font-family: Ephesis; font-size: 26px;\"><em>D\u00e9conseill\u00e9 aux enfants de moins de 3 ans. Pr\u00e9sente un risque d\u2019\u00e9touffement.<\/em><\/span><\/p>\n","protected":false},"excerpt":{"rendered":"<p><span style=\"font-family: Ephesis; font-size: 26px;\">Pierre roul\u00e9e, qualit\u00e9 AB (Standard), provenance Namibie, dimensions 20 \u00e0 30mm.<\/span><\/p>\n","protected":false},"featured_media":69,"comment_status":"open","ping_status":"closed","template":"","meta":[],"product_brand":[],"product_cat":[16],"product_tag":[112,470,192],"class_list":{"0":"post-68","1":"product","2":"type-product","3":"status-publish","4":"has-post-thumbnail","6":"product_cat-pierres-roulees","7":"product_tag-communication","8":"product_tag-empathie","9":"product_tag-gorge","11":"first","12":"instock","13":"purchasable","14":"product-type-simple"},"yoast_head":"<!-- This site is optimized with the Yoast SEO plugin v27.1 - https:\/\/yoast.com\/product\/yoast-seo-wordpress\/ -->\n<title>Chrysocolle Shattuckite AB - Produits en stock - Lumi\u00e8res de S\u00e9l\u00e9n\u00e9<\/title>\n<meta name=\"description\" content=\"Cliquez ici pour d\u00e9couvrir Chrysocolle Shattuckite AB . Produits en stock d\u00e9part le jour m\u00eame ou le lendemain - Lumi\u00e8res de S\u00e9l\u00e9n\u00e9\" \/>\n<meta name=\"robots\" content=\"index, follow, max-snippet:-1, max-image-preview:large, max-video-preview:-1\" \/>\n<link rel=\"canonical\" href=\"https:\/\/lumieresdeselene.com\/index.php\/produit\/chrysocolle-shattuckite-ab\/\" \/>\n<meta property=\"og:locale\" content=\"fr_FR\" \/>\n<meta property=\"og:type\" content=\"article\" \/>\n<meta property=\"og:title\" content=\"Chrysocolle Shattuckite AB - Produits en stock - Lumi\u00e8res de S\u00e9l\u00e9n\u00e9\" \/>\n<meta property=\"og:description\" content=\"Cliquez ici pour d\u00e9couvrir Chrysocolle Shattuckite AB . Produits en stock d\u00e9part le jour m\u00eame ou le lendemain - Lumi\u00e8res de S\u00e9l\u00e9n\u00e9\" \/>\n<meta property=\"og:url\" content=\"https:\/\/lumieresdeselene.com\/index.php\/produit\/chrysocolle-shattuckite-ab\/\" \/>\n<meta property=\"og:site_name\" content=\"Lumi\u00e8res de S\u00e9l\u00e9n\u00e9\" \/>\n<meta property=\"article:publisher\" content=\"https:\/\/www.facebook.com\/lumieresdeselene\/\" \/>\n<meta property=\"article:modified_time\" content=\"2024-04-18T10:16:40+00:00\" \/>\n<meta property=\"og:image\" content=\"https:\/\/lumieresdeselene.com\/wp-content\/uploads\/2023\/12\/1697442638359modif-scaled.jpg\" \/>\n\t<meta property=\"og:image:width\" content=\"2560\" \/>\n\t<meta property=\"og:image:height\" content=\"2011\" \/>\n\t<meta property=\"og:image:type\" content=\"image\/jpeg\" \/>\n<meta name=\"twitter:card\" content=\"summary_large_image\" \/>\n<meta name=\"twitter:label1\" content=\"Dur\u00e9e de lecture estim\u00e9e\" \/>\n\t<meta name=\"twitter:data1\" content=\"2 minutes\" \/>\n<script type=\"application\/ld+json\" class=\"yoast-schema-graph\">{\"@context\":\"https:\/\/schema.org\",\"@graph\":[{\"@type\":\"WebPage\",\"@id\":\"https:\/\/lumieresdeselene.com\/index.php\/produit\/chrysocolle-shattuckite-ab\/\",\"url\":\"https:\/\/lumieresdeselene.com\/index.php\/produit\/chrysocolle-shattuckite-ab\/\",\"name\":\"Chrysocolle Shattuckite AB - Produits en stock - Lumi\u00e8res de S\u00e9l\u00e9n\u00e9\",\"isPartOf\":{\"@id\":\"https:\/\/lumieresdeselene.com\/#website\"},\"primaryImageOfPage\":{\"@id\":\"https:\/\/lumieresdeselene.com\/index.php\/produit\/chrysocolle-shattuckite-ab\/#primaryimage\"},\"image\":{\"@id\":\"https:\/\/lumieresdeselene.com\/index.php\/produit\/chrysocolle-shattuckite-ab\/#primaryimage\"},\"thumbnailUrl\":\"https:\/\/i0.wp.com\/lumieresdeselene.com\/wp-content\/uploads\/2023\/12\/1697442638359modif-scaled.jpg?fit=2560%2C2011&ssl=1\",\"datePublished\":\"2023-12-12T10:38:22+00:00\",\"dateModified\":\"2024-04-18T10:16:40+00:00\",\"description\":\"Cliquez ici pour d\u00e9couvrir Chrysocolle Shattuckite AB . Produits en stock d\u00e9part le jour m\u00eame ou le lendemain - Lumi\u00e8res de S\u00e9l\u00e9n\u00e9\",\"breadcrumb\":{\"@id\":\"https:\/\/lumieresdeselene.com\/index.php\/produit\/chrysocolle-shattuckite-ab\/#breadcrumb\"},\"inLanguage\":\"fr-FR\",\"potentialAction\":[{\"@type\":\"ReadAction\",\"target\":[\"https:\/\/lumieresdeselene.com\/index.php\/produit\/chrysocolle-shattuckite-ab\/\"]}]},{\"@type\":\"ImageObject\",\"inLanguage\":\"fr-FR\",\"@id\":\"https:\/\/lumieresdeselene.com\/index.php\/produit\/chrysocolle-shattuckite-ab\/#primaryimage\",\"url\":\"https:\/\/i0.wp.com\/lumieresdeselene.com\/wp-content\/uploads\/2023\/12\/1697442638359modif-scaled.jpg?fit=2560%2C2011&ssl=1\",\"contentUrl\":\"https:\/\/i0.wp.com\/lumieresdeselene.com\/wp-content\/uploads\/2023\/12\/1697442638359modif-scaled.jpg?fit=2560%2C2011&ssl=1\",\"width\":2560,\"height\":2011,\"caption\":\"Pierre roul\u00e9e Chrysocolle Shattuckite\"},{\"@type\":\"BreadcrumbList\",\"@id\":\"https:\/\/lumieresdeselene.com\/index.php\/produit\/chrysocolle-shattuckite-ab\/#breadcrumb\",\"itemListElement\":[{\"@type\":\"ListItem\",\"position\":1,\"name\":\"Accueil\",\"item\":\"https:\/\/lumieresdeselene.com\/\"},{\"@type\":\"ListItem\",\"position\":2,\"name\":\"Boutique\",\"item\":\"https:\/\/lumieresdeselene.com\/index.php\/boutique\/\"},{\"@type\":\"ListItem\",\"position\":3,\"name\":\"Chrysocolle Shattuckite AB\"}]},{\"@type\":\"WebSite\",\"@id\":\"https:\/\/lumieresdeselene.com\/#website\",\"url\":\"https:\/\/lumieresdeselene.com\/\",\"name\":\"Lumi\u00e8res de S\u00e9l\u00e9n\u00e9\",\"description\":\"Lumi\u00e8res de S\u00e9l\u00e9n\u00e9\",\"publisher\":{\"@id\":\"https:\/\/lumieresdeselene.com\/#organization\"},\"potentialAction\":[{\"@type\":\"SearchAction\",\"target\":{\"@type\":\"EntryPoint\",\"urlTemplate\":\"https:\/\/lumieresdeselene.com\/?s={search_term_string}\"},\"query-input\":{\"@type\":\"PropertyValueSpecification\",\"valueRequired\":true,\"valueName\":\"search_term_string\"}}],\"inLanguage\":\"fr-FR\"},{\"@type\":\"Organization\",\"@id\":\"https:\/\/lumieresdeselene.com\/#organization\",\"name\":\"Lumi\u00e8res de S\u00e9l\u00e9n\u00e9\",\"url\":\"https:\/\/lumieresdeselene.com\/\",\"logo\":{\"@type\":\"ImageObject\",\"inLanguage\":\"fr-FR\",\"@id\":\"https:\/\/lumieresdeselene.com\/#\/schema\/logo\/image\/\",\"url\":\"https:\/\/i0.wp.com\/lumieresdeselene.com\/wp-content\/uploads\/2024\/01\/Lumieres-de-Selene3.jpg?fit=500%2C500&ssl=1\",\"contentUrl\":\"https:\/\/i0.wp.com\/lumieresdeselene.com\/wp-content\/uploads\/2024\/01\/Lumieres-de-Selene3.jpg?fit=500%2C500&ssl=1\",\"width\":500,\"height\":500,\"caption\":\"Lumi\u00e8res de S\u00e9l\u00e9n\u00e9\"},\"image\":{\"@id\":\"https:\/\/lumieresdeselene.com\/#\/schema\/logo\/image\/\"},\"sameAs\":[\"https:\/\/www.facebook.com\/lumieresdeselene\/\",\"https:\/\/www.instagram.com\/lumieres.selene\/\"]}]}<\/script>\n<!-- \/ Yoast SEO plugin. -->","yoast_head_json":{"title":"Chrysocolle Shattuckite AB - Produits en stock - Lumi\u00e8res de S\u00e9l\u00e9n\u00e9","description":"Cliquez ici pour d\u00e9couvrir Chrysocolle Shattuckite AB . Produits en stock d\u00e9part le jour m\u00eame ou le lendemain - Lumi\u00e8res de S\u00e9l\u00e9n\u00e9","robots":{"index":"index","follow":"follow","max-snippet":"max-snippet:-1","max-image-preview":"max-image-preview:large","max-video-preview":"max-video-preview:-1"},"canonical":"https:\/\/lumieresdeselene.com\/index.php\/produit\/chrysocolle-shattuckite-ab\/","og_locale":"fr_FR","og_type":"article","og_title":"Chrysocolle Shattuckite AB - Produits en stock - Lumi\u00e8res de S\u00e9l\u00e9n\u00e9","og_description":"Cliquez ici pour d\u00e9couvrir Chrysocolle Shattuckite AB . Produits en stock d\u00e9part le jour m\u00eame ou le lendemain - Lumi\u00e8res de S\u00e9l\u00e9n\u00e9","og_url":"https:\/\/lumieresdeselene.com\/index.php\/produit\/chrysocolle-shattuckite-ab\/","og_site_name":"Lumi\u00e8res de S\u00e9l\u00e9n\u00e9","article_publisher":"https:\/\/www.facebook.com\/lumieresdeselene\/","article_modified_time":"2024-04-18T10:16:40+00:00","og_image":[{"width":2560,"height":2011,"url":"https:\/\/lumieresdeselene.com\/wp-content\/uploads\/2023\/12\/1697442638359modif-scaled.jpg","type":"image\/jpeg"}],"twitter_card":"summary_large_image","twitter_misc":{"Dur\u00e9e de lecture estim\u00e9e":"2 minutes"},"schema":{"@context":"https:\/\/schema.org","@graph":[{"@type":"WebPage","@id":"https:\/\/lumieresdeselene.com\/index.php\/produit\/chrysocolle-shattuckite-ab\/","url":"https:\/\/lumieresdeselene.com\/index.php\/produit\/chrysocolle-shattuckite-ab\/","name":"Chrysocolle Shattuckite AB - Produits en stock - Lumi\u00e8res de S\u00e9l\u00e9n\u00e9","isPartOf":{"@id":"https:\/\/lumieresdeselene.com\/#website"},"primaryImageOfPage":{"@id":"https:\/\/lumieresdeselene.com\/index.php\/produit\/chrysocolle-shattuckite-ab\/#primaryimage"},"image":{"@id":"https:\/\/lumieresdeselene.com\/index.php\/produit\/chrysocolle-shattuckite-ab\/#primaryimage"},"thumbnailUrl":"https:\/\/i0.wp.com\/lumieresdeselene.com\/wp-content\/uploads\/2023\/12\/1697442638359modif-scaled.jpg?fit=2560%2C2011&ssl=1","datePublished":"2023-12-12T10:38:22+00:00","dateModified":"2024-04-18T10:16:40+00:00","description":"Cliquez ici pour d\u00e9couvrir Chrysocolle Shattuckite AB . Produits en stock d\u00e9part le jour m\u00eame ou le lendemain - Lumi\u00e8res de S\u00e9l\u00e9n\u00e9","breadcrumb":{"@id":"https:\/\/lumieresdeselene.com\/index.php\/produit\/chrysocolle-shattuckite-ab\/#breadcrumb"},"inLanguage":"fr-FR","potentialAction":[{"@type":"ReadAction","target":["https:\/\/lumieresdeselene.com\/index.php\/produit\/chrysocolle-shattuckite-ab\/"]}]},{"@type":"ImageObject","inLanguage":"fr-FR","@id":"https:\/\/lumieresdeselene.com\/index.php\/produit\/chrysocolle-shattuckite-ab\/#primaryimage","url":"https:\/\/i0.wp.com\/lumieresdeselene.com\/wp-content\/uploads\/2023\/12\/1697442638359modif-scaled.jpg?fit=2560%2C2011&ssl=1","contentUrl":"https:\/\/i0.wp.com\/lumieresdeselene.com\/wp-content\/uploads\/2023\/12\/1697442638359modif-scaled.jpg?fit=2560%2C2011&ssl=1","width":2560,"height":2011,"caption":"Pierre roul\u00e9e Chrysocolle Shattuckite"},{"@type":"BreadcrumbList","@id":"https:\/\/lumieresdeselene.com\/index.php\/produit\/chrysocolle-shattuckite-ab\/#breadcrumb","itemListElement":[{"@type":"ListItem","position":1,"name":"Accueil","item":"https:\/\/lumieresdeselene.com\/"},{"@type":"ListItem","position":2,"name":"Boutique","item":"https:\/\/lumieresdeselene.com\/index.php\/boutique\/"},{"@type":"ListItem","position":3,"name":"Chrysocolle Shattuckite AB"}]},{"@type":"WebSite","@id":"https:\/\/lumieresdeselene.com\/#website","url":"https:\/\/lumieresdeselene.com\/","name":"Lumi\u00e8res de S\u00e9l\u00e9n\u00e9","description":"Lumi\u00e8res de S\u00e9l\u00e9n\u00e9","publisher":{"@id":"https:\/\/lumieresdeselene.com\/#organization"},"potentialAction":[{"@type":"SearchAction","target":{"@type":"EntryPoint","urlTemplate":"https:\/\/lumieresdeselene.com\/?s={search_term_string}"},"query-input":{"@type":"PropertyValueSpecification","valueRequired":true,"valueName":"search_term_string"}}],"inLanguage":"fr-FR"},{"@type":"Organization","@id":"https:\/\/lumieresdeselene.com\/#organization","name":"Lumi\u00e8res de S\u00e9l\u00e9n\u00e9","url":"https:\/\/lumieresdeselene.com\/","logo":{"@type":"ImageObject","inLanguage":"fr-FR","@id":"https:\/\/lumieresdeselene.com\/#\/schema\/logo\/image\/","url":"https:\/\/i0.wp.com\/lumieresdeselene.com\/wp-content\/uploads\/2024\/01\/Lumieres-de-Selene3.jpg?fit=500%2C500&ssl=1","contentUrl":"https:\/\/i0.wp.com\/lumieresdeselene.com\/wp-content\/uploads\/2024\/01\/Lumieres-de-Selene3.jpg?fit=500%2C500&ssl=1","width":500,"height":500,"caption":"Lumi\u00e8res de S\u00e9l\u00e9n\u00e9"},"image":{"@id":"https:\/\/lumieresdeselene.com\/#\/schema\/logo\/image\/"},"sameAs":["https:\/\/www.facebook.com\/lumieresdeselene\/","https:\/\/www.instagram.com\/lumieres.selene\/"]}]}},"jetpack_sharing_enabled":true,"_links":{"self":[{"href":"https:\/\/lumieresdeselene.com\/index.php\/wp-json\/wp\/v2\/product\/68","targetHints":{"allow":["GET"]}}],"collection":[{"href":"https:\/\/lumieresdeselene.com\/index.php\/wp-json\/wp\/v2\/product"}],"about":[{"href":"https:\/\/lumieresdeselene.com\/index.php\/wp-json\/wp\/v2\/types\/product"}],"replies":[{"embeddable":true,"href":"https:\/\/lumieresdeselene.com\/index.php\/wp-json\/wp\/v2\/comments?post=68"}],"wp:featuredmedia":[{"embeddable":true,"href":"https:\/\/lumieresdeselene.com\/index.php\/wp-json\/wp\/v2\/media\/69"}],"wp:attachment":[{"href":"https:\/\/lumieresdeselene.com\/index.php\/wp-json\/wp\/v2\/media?parent=68"}],"wp:term":[{"taxonomy":"product_brand","embeddable":true,"href":"https:\/\/lumieresdeselene.com\/index.php\/wp-json\/wp\/v2\/product_brand?post=68"},{"taxonomy":"product_cat","embeddable":true,"href":"https:\/\/lumieresdeselene.com\/index.php\/wp-json\/wp\/v2\/product_cat?post=68"},{"taxonomy":"product_tag","embeddable":true,"href":"https:\/\/lumieresdeselene.com\/index.php\/wp-json\/wp\/v2\/product_tag?post=68"}],"curies":[{"name":"wp","href":"https:\/\/api.w.org\/{rel}","templated":true}]}}