{"id":419,"date":"2023-12-12T11:37:57","date_gmt":"2023-12-12T10:37:57","guid":{"rendered":"https:\/\/lumieresdeselene.com\/?post_type=product&#038;p=419"},"modified":"2026-02-03T14:56:59","modified_gmt":"2026-02-03T13:56:59","slug":"selenite-plaque-signes-du-zodiaque","status":"publish","type":"product","link":"https:\/\/lumieresdeselene.com\/index.php\/produit\/selenite-plaque-signes-du-zodiaque\/","title":{"rendered":"S\u00e9l\u00e9nite A+ plaque Signes du Zodiaque"},"content":{"rendered":"<p><span style=\"font-family: Ephesis; font-size: 26px;\">Il parait que la pierre <a href=\"https:\/\/lumieresdeselene.com\/index.php\/produit\/selenite-plaque-fleur-de-lotus\/\">S\u00e9l\u00e9nite<\/a> doit son nom \u00e0 la d\u00e9esse S\u00e9l\u00e9n\u00e9 qui incarnait la bienveillance et la puret\u00e9, et qui en plus, \u00e9tait en rapport avec la Lune Blanche. Et c\u2019est pour cette raison que selon certains, la pleine lune dotait la <a href=\"https:\/\/lumieresdeselene.com\/index.php\/produit\/selenite-plaque-arbre-de-vie-astres\/\">S\u00e9l\u00e9nite<\/a> d\u2019un grand pouvoir.<\/span><\/p>\n<p><span style=\"font-family: Ephesis; font-size: 26px;\">La <a href=\"https:\/\/lumieresdeselene.com\/index.php\/produit\/selenite-torsadee\/\">S\u00e9l\u00e9nite<\/a> est consid\u00e9r\u00e9e comme un gypse fragile qui fond au contact de l\u2019eau et \u00e0 manier avec pr\u00e9cautions.<\/span><\/p>\n<p><span style=\"font-family: Ephesis; font-size: 26px;\"><strong><u>Ses bienfaits sur le plan psychique<\/u><\/strong><\/span><\/p>\n<p><span style=\"font-family: Ephesis; font-size: 26px;\">Tr\u00e8s efficace pour chasser les mauvaises \u00e9nergies, plus particuli\u00e8rement lorsqu\u2019elle est plac\u00e9e dans la pi\u00e8ce qui doit \u00eatre purifi\u00e9e.<\/span><\/p>\n<p><span style=\"font-family: Ephesis; font-size: 26px;\">Connue pour sa capacit\u00e9 \u00e0 faire table rase des mauvaises \u00e9nergies enfouies, reprendre confiance et accepter vos blessures psychiques.<\/span><\/p>\n<p><span style=\"font-family: Ephesis; font-size: 26px;\">Nombreuses vertus sur le plan m\u00e9ditatif. <\/span><\/p>\n<p><span style=\"font-family: Ephesis; font-size: 26px;\">Aide \u00e0 la pratique de l\u2019auto hypnose. <\/span><\/p>\n<p><span style=\"font-family: Ephesis; font-size: 26px;\">Permet de fluidifier et r\u00e9\u00e9quilibrer l\u2019ensemble de l\u2019organisme et ainsi retrouver le contr\u00f4le de vos \u00e9motions.<\/span><\/p>\n<p><span style=\"font-family: Ephesis; font-size: 26px;\">Aide \u00e0 trouver le sommeil beaucoup plus r\u00e9parateur que la moyenne. Rend le sommeil plus profond et aide \u00e0 chasser les \u00e9pisodes de cauchemars.<\/span><\/p>\n<p><span style=\"font-family: Ephesis; font-size: 26px;\"><strong><u>Ses bienfaits sur le plan physique<\/u><\/strong><\/span><\/p>\n<p><span style=\"font-family: Ephesis; font-size: 26px;\">Repr\u00e9sente une aide pr\u00e9cieuse pour les femmes et la f\u00e9condit\u00e9 en g\u00e9n\u00e9ral, agit sur les probl\u00e8mes d\u2019infertilit\u00e9 et pr\u00e9pare le corps \u00e0 la maternit\u00e9, \u00e9galement efficace pour les menstruations douloureuses.<\/span><\/p>\n<p><span style=\"font-family: Ephesis; font-size: 26px;\">Poss\u00e8de des propri\u00e9t\u00e9s comme rem\u00e8de aux migraines fr\u00e9quentes et aux divers maux de ventre ainsi qu\u2019aux articulations.<\/span><\/p>\n<p><span style=\"font-family: Ephesis; font-size: 26px;\">Aide \u00e0 pr\u00e9server des signes du temps, en cas de rides\u00a0, de taches de vieillesse, d\u2019affections cutan\u00e9es, de sensibilit\u00e9 de la peau. Repousse l\u2019apparition de la chute des cheveux, stimule le c\u0153ur et le cerveau.<\/span><\/p>\n<p>&nbsp;<\/p>\n<p><span style=\"font-family: Ephesis; font-size: 26px;\"><strong><em>La lithoth\u00e9rapie peut \u00eatre utilis\u00e9e en compl\u00e9ment des soins qui vous sont apport\u00e9s, mais ne remplace en aucun cas un avis m\u00e9dical et\/ ou traitement.<\/em><\/strong><\/span><\/p>\n<p><span style=\"font-family: Ephesis; font-size: 26px;\"><em>D\u00e9conseill\u00e9 aux enfants de moins de 3 ans. Pr\u00e9sente un risque d\u2019\u00e9touffement.<\/em><\/span><\/p>\n<p><span style=\"font-family: Ephesis; font-size: 24px;\">Photo non contractuelle.<\/span><\/p>\n","protected":false},"excerpt":{"rendered":"<p><span style=\"font-family: Ephesis; font-size: 26px;\">Plaque de rechargement Signes du Zodiac en S\u00e9l\u00e9nite Qualit\u00e9 A+ (Elev\u00e9e) provenance Maroc. Diam\u00e8tre 10 cm. Epaisseur 1.5 cm environ.<\/span><\/p>\n<p><span style=\"font-family: Ephesis; font-size: 26px;\">La S\u00e9l\u00e9nite est un outil puissant pour les pratiques de rechargement et de purification \u00e9nerg\u00e9tique de vos bijoux et min\u00e9raux. Elle a la capacit\u00e9 de d\u00e9bloquer rapidement l&rsquo;\u00e9nergie stagnante et d&rsquo;\u00e9liminer l&rsquo;\u00e9nergie n\u00e9gative.<\/span><\/p>\n<p><span style=\"font-family: Ephesis; font-size: 26px;\">Amplifie les \u00e9nergies positives des autres cristaux, particuli\u00e8rement pendant la pleine lune.<\/span><\/p>\n<p><span style=\"font-family: Ephesis; font-size: 26px;\">N\u2019utilisez surtout pas d\u2019eau pour purifier votre s\u00e9l\u00e9nite, car elle est soluble dans l\u2019eau.<\/span><\/p>\n","protected":false},"featured_media":420,"comment_status":"open","ping_status":"closed","template":"","meta":[],"product_brand":[],"product_cat":[370],"product_tag":[375,291,530,374,533,372],"class_list":{"0":"post-419","1":"product","2":"type-product","3":"status-publish","4":"has-post-thumbnail","6":"product_cat-plaque-de-rechargement","7":"product_tag-absorbe","8":"product_tag-amplifie","9":"product_tag-energies-nefastes","10":"product_tag-nettoyer","11":"product_tag-purifiante","12":"product_tag-rechargement","14":"first","15":"instock","16":"purchasable","17":"product-type-simple"},"yoast_head":"<!-- This site is optimized with the Yoast SEO plugin v27.1 - https:\/\/yoast.com\/product\/yoast-seo-wordpress\/ -->\n<title>S\u00e9l\u00e9nite A+ plaque Signes du Zodiaque - Produits en stock - Lumi\u00e8res de S\u00e9l\u00e9n\u00e9<\/title>\n<meta name=\"description\" content=\"Cliquez ici pour d\u00e9couvrir S\u00e9l\u00e9nite A+ plaque Signes du Zodiaque . Produits en stock d\u00e9part le jour m\u00eame ou le lendemain - Lumi\u00e8res de S\u00e9l\u00e9n\u00e9\" \/>\n<meta name=\"robots\" content=\"index, follow, max-snippet:-1, max-image-preview:large, max-video-preview:-1\" \/>\n<link rel=\"canonical\" href=\"https:\/\/lumieresdeselene.com\/index.php\/produit\/selenite-plaque-signes-du-zodiaque\/\" \/>\n<meta property=\"og:locale\" content=\"fr_FR\" \/>\n<meta property=\"og:type\" content=\"article\" \/>\n<meta property=\"og:title\" content=\"S\u00e9l\u00e9nite A+ plaque Signes du Zodiaque - Produits en stock - Lumi\u00e8res de S\u00e9l\u00e9n\u00e9\" \/>\n<meta property=\"og:description\" content=\"Cliquez ici pour d\u00e9couvrir S\u00e9l\u00e9nite A+ plaque Signes du Zodiaque . Produits en stock d\u00e9part le jour m\u00eame ou le lendemain - Lumi\u00e8res de S\u00e9l\u00e9n\u00e9\" \/>\n<meta property=\"og:url\" content=\"https:\/\/lumieresdeselene.com\/index.php\/produit\/selenite-plaque-signes-du-zodiaque\/\" \/>\n<meta property=\"og:site_name\" content=\"Lumi\u00e8res de S\u00e9l\u00e9n\u00e9\" \/>\n<meta property=\"article:publisher\" content=\"https:\/\/www.facebook.com\/lumieresdeselene\/\" \/>\n<meta property=\"article:modified_time\" content=\"2026-02-03T13:56:59+00:00\" \/>\n<meta property=\"og:image\" content=\"https:\/\/lumieresdeselene.com\/wp-content\/uploads\/2023\/12\/IMG_9988modif-scaled.jpg\" \/>\n\t<meta property=\"og:image:width\" content=\"2560\" \/>\n\t<meta property=\"og:image:height\" content=\"2472\" \/>\n\t<meta property=\"og:image:type\" content=\"image\/jpeg\" \/>\n<meta name=\"twitter:card\" content=\"summary_large_image\" \/>\n<meta name=\"twitter:label1\" content=\"Dur\u00e9e de lecture estim\u00e9e\" \/>\n\t<meta name=\"twitter:data1\" content=\"2 minutes\" \/>\n<script type=\"application\/ld+json\" class=\"yoast-schema-graph\">{\"@context\":\"https:\/\/schema.org\",\"@graph\":[{\"@type\":\"WebPage\",\"@id\":\"https:\/\/lumieresdeselene.com\/index.php\/produit\/selenite-plaque-signes-du-zodiaque\/\",\"url\":\"https:\/\/lumieresdeselene.com\/index.php\/produit\/selenite-plaque-signes-du-zodiaque\/\",\"name\":\"S\u00e9l\u00e9nite A+ plaque Signes du Zodiaque - Produits en stock - Lumi\u00e8res de S\u00e9l\u00e9n\u00e9\",\"isPartOf\":{\"@id\":\"https:\/\/lumieresdeselene.com\/#website\"},\"primaryImageOfPage\":{\"@id\":\"https:\/\/lumieresdeselene.com\/index.php\/produit\/selenite-plaque-signes-du-zodiaque\/#primaryimage\"},\"image\":{\"@id\":\"https:\/\/lumieresdeselene.com\/index.php\/produit\/selenite-plaque-signes-du-zodiaque\/#primaryimage\"},\"thumbnailUrl\":\"https:\/\/i0.wp.com\/lumieresdeselene.com\/wp-content\/uploads\/2023\/12\/IMG_9988modif-scaled.jpg?fit=2560%2C2472&ssl=1\",\"datePublished\":\"2023-12-12T10:37:57+00:00\",\"dateModified\":\"2026-02-03T13:56:59+00:00\",\"description\":\"Cliquez ici pour d\u00e9couvrir S\u00e9l\u00e9nite A+ plaque Signes du Zodiaque . Produits en stock d\u00e9part le jour m\u00eame ou le lendemain - Lumi\u00e8res de S\u00e9l\u00e9n\u00e9\",\"breadcrumb\":{\"@id\":\"https:\/\/lumieresdeselene.com\/index.php\/produit\/selenite-plaque-signes-du-zodiaque\/#breadcrumb\"},\"inLanguage\":\"fr-FR\",\"potentialAction\":[{\"@type\":\"ReadAction\",\"target\":[\"https:\/\/lumieresdeselene.com\/index.php\/produit\/selenite-plaque-signes-du-zodiaque\/\"]}]},{\"@type\":\"ImageObject\",\"inLanguage\":\"fr-FR\",\"@id\":\"https:\/\/lumieresdeselene.com\/index.php\/produit\/selenite-plaque-signes-du-zodiaque\/#primaryimage\",\"url\":\"https:\/\/i0.wp.com\/lumieresdeselene.com\/wp-content\/uploads\/2023\/12\/IMG_9988modif-scaled.jpg?fit=2560%2C2472&ssl=1\",\"contentUrl\":\"https:\/\/i0.wp.com\/lumieresdeselene.com\/wp-content\/uploads\/2023\/12\/IMG_9988modif-scaled.jpg?fit=2560%2C2472&ssl=1\",\"width\":2560,\"height\":2472,\"caption\":\"Plaque S\u00e9l\u00e9nite Signes du Zodiaque\"},{\"@type\":\"BreadcrumbList\",\"@id\":\"https:\/\/lumieresdeselene.com\/index.php\/produit\/selenite-plaque-signes-du-zodiaque\/#breadcrumb\",\"itemListElement\":[{\"@type\":\"ListItem\",\"position\":1,\"name\":\"Accueil\",\"item\":\"https:\/\/lumieresdeselene.com\/\"},{\"@type\":\"ListItem\",\"position\":2,\"name\":\"Boutique\",\"item\":\"https:\/\/lumieresdeselene.com\/index.php\/boutique\/\"},{\"@type\":\"ListItem\",\"position\":3,\"name\":\"S\u00e9l\u00e9nite A+ plaque Signes du Zodiaque\"}]},{\"@type\":\"WebSite\",\"@id\":\"https:\/\/lumieresdeselene.com\/#website\",\"url\":\"https:\/\/lumieresdeselene.com\/\",\"name\":\"Lumi\u00e8res de S\u00e9l\u00e9n\u00e9\",\"description\":\"Lumi\u00e8res de S\u00e9l\u00e9n\u00e9\",\"publisher\":{\"@id\":\"https:\/\/lumieresdeselene.com\/#organization\"},\"potentialAction\":[{\"@type\":\"SearchAction\",\"target\":{\"@type\":\"EntryPoint\",\"urlTemplate\":\"https:\/\/lumieresdeselene.com\/?s={search_term_string}\"},\"query-input\":{\"@type\":\"PropertyValueSpecification\",\"valueRequired\":true,\"valueName\":\"search_term_string\"}}],\"inLanguage\":\"fr-FR\"},{\"@type\":\"Organization\",\"@id\":\"https:\/\/lumieresdeselene.com\/#organization\",\"name\":\"Lumi\u00e8res de S\u00e9l\u00e9n\u00e9\",\"url\":\"https:\/\/lumieresdeselene.com\/\",\"logo\":{\"@type\":\"ImageObject\",\"inLanguage\":\"fr-FR\",\"@id\":\"https:\/\/lumieresdeselene.com\/#\/schema\/logo\/image\/\",\"url\":\"https:\/\/i0.wp.com\/lumieresdeselene.com\/wp-content\/uploads\/2024\/01\/Lumieres-de-Selene3.jpg?fit=500%2C500&ssl=1\",\"contentUrl\":\"https:\/\/i0.wp.com\/lumieresdeselene.com\/wp-content\/uploads\/2024\/01\/Lumieres-de-Selene3.jpg?fit=500%2C500&ssl=1\",\"width\":500,\"height\":500,\"caption\":\"Lumi\u00e8res de S\u00e9l\u00e9n\u00e9\"},\"image\":{\"@id\":\"https:\/\/lumieresdeselene.com\/#\/schema\/logo\/image\/\"},\"sameAs\":[\"https:\/\/www.facebook.com\/lumieresdeselene\/\",\"https:\/\/www.instagram.com\/lumieres.selene\/\"]}]}<\/script>\n<!-- \/ Yoast SEO plugin. -->","yoast_head_json":{"title":"S\u00e9l\u00e9nite A+ plaque Signes du Zodiaque - Produits en stock - Lumi\u00e8res de S\u00e9l\u00e9n\u00e9","description":"Cliquez ici pour d\u00e9couvrir S\u00e9l\u00e9nite A+ plaque Signes du Zodiaque . Produits en stock d\u00e9part le jour m\u00eame ou le lendemain - Lumi\u00e8res de S\u00e9l\u00e9n\u00e9","robots":{"index":"index","follow":"follow","max-snippet":"max-snippet:-1","max-image-preview":"max-image-preview:large","max-video-preview":"max-video-preview:-1"},"canonical":"https:\/\/lumieresdeselene.com\/index.php\/produit\/selenite-plaque-signes-du-zodiaque\/","og_locale":"fr_FR","og_type":"article","og_title":"S\u00e9l\u00e9nite A+ plaque Signes du Zodiaque - Produits en stock - Lumi\u00e8res de S\u00e9l\u00e9n\u00e9","og_description":"Cliquez ici pour d\u00e9couvrir S\u00e9l\u00e9nite A+ plaque Signes du Zodiaque . Produits en stock d\u00e9part le jour m\u00eame ou le lendemain - Lumi\u00e8res de S\u00e9l\u00e9n\u00e9","og_url":"https:\/\/lumieresdeselene.com\/index.php\/produit\/selenite-plaque-signes-du-zodiaque\/","og_site_name":"Lumi\u00e8res de S\u00e9l\u00e9n\u00e9","article_publisher":"https:\/\/www.facebook.com\/lumieresdeselene\/","article_modified_time":"2026-02-03T13:56:59+00:00","og_image":[{"width":2560,"height":2472,"url":"https:\/\/lumieresdeselene.com\/wp-content\/uploads\/2023\/12\/IMG_9988modif-scaled.jpg","type":"image\/jpeg"}],"twitter_card":"summary_large_image","twitter_misc":{"Dur\u00e9e de lecture estim\u00e9e":"2 minutes"},"schema":{"@context":"https:\/\/schema.org","@graph":[{"@type":"WebPage","@id":"https:\/\/lumieresdeselene.com\/index.php\/produit\/selenite-plaque-signes-du-zodiaque\/","url":"https:\/\/lumieresdeselene.com\/index.php\/produit\/selenite-plaque-signes-du-zodiaque\/","name":"S\u00e9l\u00e9nite A+ plaque Signes du Zodiaque - Produits en stock - Lumi\u00e8res de S\u00e9l\u00e9n\u00e9","isPartOf":{"@id":"https:\/\/lumieresdeselene.com\/#website"},"primaryImageOfPage":{"@id":"https:\/\/lumieresdeselene.com\/index.php\/produit\/selenite-plaque-signes-du-zodiaque\/#primaryimage"},"image":{"@id":"https:\/\/lumieresdeselene.com\/index.php\/produit\/selenite-plaque-signes-du-zodiaque\/#primaryimage"},"thumbnailUrl":"https:\/\/i0.wp.com\/lumieresdeselene.com\/wp-content\/uploads\/2023\/12\/IMG_9988modif-scaled.jpg?fit=2560%2C2472&ssl=1","datePublished":"2023-12-12T10:37:57+00:00","dateModified":"2026-02-03T13:56:59+00:00","description":"Cliquez ici pour d\u00e9couvrir S\u00e9l\u00e9nite A+ plaque Signes du Zodiaque . Produits en stock d\u00e9part le jour m\u00eame ou le lendemain - Lumi\u00e8res de S\u00e9l\u00e9n\u00e9","breadcrumb":{"@id":"https:\/\/lumieresdeselene.com\/index.php\/produit\/selenite-plaque-signes-du-zodiaque\/#breadcrumb"},"inLanguage":"fr-FR","potentialAction":[{"@type":"ReadAction","target":["https:\/\/lumieresdeselene.com\/index.php\/produit\/selenite-plaque-signes-du-zodiaque\/"]}]},{"@type":"ImageObject","inLanguage":"fr-FR","@id":"https:\/\/lumieresdeselene.com\/index.php\/produit\/selenite-plaque-signes-du-zodiaque\/#primaryimage","url":"https:\/\/i0.wp.com\/lumieresdeselene.com\/wp-content\/uploads\/2023\/12\/IMG_9988modif-scaled.jpg?fit=2560%2C2472&ssl=1","contentUrl":"https:\/\/i0.wp.com\/lumieresdeselene.com\/wp-content\/uploads\/2023\/12\/IMG_9988modif-scaled.jpg?fit=2560%2C2472&ssl=1","width":2560,"height":2472,"caption":"Plaque S\u00e9l\u00e9nite Signes du Zodiaque"},{"@type":"BreadcrumbList","@id":"https:\/\/lumieresdeselene.com\/index.php\/produit\/selenite-plaque-signes-du-zodiaque\/#breadcrumb","itemListElement":[{"@type":"ListItem","position":1,"name":"Accueil","item":"https:\/\/lumieresdeselene.com\/"},{"@type":"ListItem","position":2,"name":"Boutique","item":"https:\/\/lumieresdeselene.com\/index.php\/boutique\/"},{"@type":"ListItem","position":3,"name":"S\u00e9l\u00e9nite A+ plaque Signes du Zodiaque"}]},{"@type":"WebSite","@id":"https:\/\/lumieresdeselene.com\/#website","url":"https:\/\/lumieresdeselene.com\/","name":"Lumi\u00e8res de S\u00e9l\u00e9n\u00e9","description":"Lumi\u00e8res de S\u00e9l\u00e9n\u00e9","publisher":{"@id":"https:\/\/lumieresdeselene.com\/#organization"},"potentialAction":[{"@type":"SearchAction","target":{"@type":"EntryPoint","urlTemplate":"https:\/\/lumieresdeselene.com\/?s={search_term_string}"},"query-input":{"@type":"PropertyValueSpecification","valueRequired":true,"valueName":"search_term_string"}}],"inLanguage":"fr-FR"},{"@type":"Organization","@id":"https:\/\/lumieresdeselene.com\/#organization","name":"Lumi\u00e8res de S\u00e9l\u00e9n\u00e9","url":"https:\/\/lumieresdeselene.com\/","logo":{"@type":"ImageObject","inLanguage":"fr-FR","@id":"https:\/\/lumieresdeselene.com\/#\/schema\/logo\/image\/","url":"https:\/\/i0.wp.com\/lumieresdeselene.com\/wp-content\/uploads\/2024\/01\/Lumieres-de-Selene3.jpg?fit=500%2C500&ssl=1","contentUrl":"https:\/\/i0.wp.com\/lumieresdeselene.com\/wp-content\/uploads\/2024\/01\/Lumieres-de-Selene3.jpg?fit=500%2C500&ssl=1","width":500,"height":500,"caption":"Lumi\u00e8res de S\u00e9l\u00e9n\u00e9"},"image":{"@id":"https:\/\/lumieresdeselene.com\/#\/schema\/logo\/image\/"},"sameAs":["https:\/\/www.facebook.com\/lumieresdeselene\/","https:\/\/www.instagram.com\/lumieres.selene\/"]}]}},"jetpack_sharing_enabled":true,"_links":{"self":[{"href":"https:\/\/lumieresdeselene.com\/index.php\/wp-json\/wp\/v2\/product\/419","targetHints":{"allow":["GET"]}}],"collection":[{"href":"https:\/\/lumieresdeselene.com\/index.php\/wp-json\/wp\/v2\/product"}],"about":[{"href":"https:\/\/lumieresdeselene.com\/index.php\/wp-json\/wp\/v2\/types\/product"}],"replies":[{"embeddable":true,"href":"https:\/\/lumieresdeselene.com\/index.php\/wp-json\/wp\/v2\/comments?post=419"}],"wp:featuredmedia":[{"embeddable":true,"href":"https:\/\/lumieresdeselene.com\/index.php\/wp-json\/wp\/v2\/media\/420"}],"wp:attachment":[{"href":"https:\/\/lumieresdeselene.com\/index.php\/wp-json\/wp\/v2\/media?parent=419"}],"wp:term":[{"taxonomy":"product_brand","embeddable":true,"href":"https:\/\/lumieresdeselene.com\/index.php\/wp-json\/wp\/v2\/product_brand?post=419"},{"taxonomy":"product_cat","embeddable":true,"href":"https:\/\/lumieresdeselene.com\/index.php\/wp-json\/wp\/v2\/product_cat?post=419"},{"taxonomy":"product_tag","embeddable":true,"href":"https:\/\/lumieresdeselene.com\/index.php\/wp-json\/wp\/v2\/product_tag?post=419"}],"curies":[{"name":"wp","href":"https:\/\/api.w.org\/{rel}","templated":true}]}}