{"id":3611,"date":"2026-02-17T11:02:02","date_gmt":"2026-02-17T10:02:02","guid":{"rendered":"https:\/\/lumieresdeselene.com\/?post_type=product&#038;p=3611"},"modified":"2026-02-17T12:28:14","modified_gmt":"2026-02-17T11:28:14","slug":"amethyste-a-4","status":"publish","type":"product","link":"https:\/\/lumieresdeselene.com\/index.php\/produit\/amethyste-a-4\/","title":{"rendered":"Am\u00e9thyste A"},"content":{"rendered":"<p><span style=\"font-family: Ephesis; font-size: 26px;\"><span style=\"vertical-align: inherit;\"><span style=\"vertical-align: inherit;\">Selon le mythe grec, Dionysos, dieu du vin, poursuivait assidument une jeune fille du nom d&rsquo;Am\u00e9thystos, alors qu&rsquo;elle d\u00e9sirait rester chaste. La d\u00e9esse Art\u00e9mis la transforma en pierre blanche afin de la prot\u00e9ger. Dionysos, triste et humili\u00e9, versa du vin sur la pierre et changea ce cristal \u00e0 la couleur <\/span><\/span><a href=\"https:\/\/lumieresdeselene.com\/index.php\/produit\/amethyste-rubanee-a\/\"><span style=\"vertical-align: inherit;\"><span style=\"vertical-align: inherit;\">violette<\/span><\/span><\/a><span style=\"vertical-align: inherit;\"><span style=\"vertical-align: inherit;\"> .<\/span><\/span><\/span><\/p>\n<p><span style=\"font-family: Ephesis; font-size: 26px;\"><strong><span style=\"vertical-align: inherit;\"><span style=\"vertical-align: inherit;\">Pierre maitresse en lithoth\u00e9rapie, qui vise \u00e0 nettoyer, purificateur, recharger (g\u00e9ode) et amplificateur les autres cristaux.<\/span><\/span><\/strong><\/span><\/p>\n<p><span style=\"font-family: Ephesis; font-size: 26px;\"><strong><u><span style=\"vertical-align: inherit;\"><span style=\"vertical-align: inherit;\">Ses bienfaits sur le plan psychique<\/span><\/span><\/u><\/strong><\/span><\/p>\n<p><span style=\"font-family: Ephesis; font-size: 26px;\"><span style=\"vertical-align: inherit;\"><span style=\"vertical-align: inherit;\">Aide \u00e0 stimuler la production de s\u00e9rotonine l&rsquo;hormone du bien-\u00eatre, vertus apaisantes sur le mental, r\u00e9duit l&rsquo;anxi\u00e9t\u00e9 et la col\u00e8re, peut \u00e9galement aider les personnes atteintes de TOC.<\/span><\/span><\/span><\/p>\n<p><span style=\"font-family: Ephesis; font-size: 26px;\"><span style=\"vertical-align: inherit;\"><span style=\"vertical-align: inherit;\">Propri\u00e9t\u00e9s remarquables et vertus pour purifier les lieux et les objets, pierre de passage en cas de perte d&rsquo;un proche.<\/span><\/span><\/span><\/p>\n<p><span style=\"font-family: Ephesis; font-size: 26px;\"><span style=\"vertical-align: inherit;\"><span style=\"vertical-align: inherit;\">Favorise l&rsquo;\u00e9l\u00e9vation spirituelle et la concentration, conseill\u00e9e dans la pratique de la m\u00e9ditation.<\/span><\/span><\/span><\/p>\n<p><span style=\"font-family: Ephesis; font-size: 26px;\"><strong><u><span style=\"vertical-align: inherit;\"><span style=\"vertical-align: inherit;\">Ses bienfaits sur le plan physique<\/span><\/span><\/u><\/strong><\/span><\/p>\n<p><span style=\"font-family: Ephesis; font-size: 26px;\"><span style=\"vertical-align: inherit;\"><span style=\"vertical-align: inherit;\">Soulage les maux li\u00e9s au stress et \u00e0 la nervosit\u00e9 : lib\u00e8re les tensions au niveau du haut du dos, de la nuque et des \u00e9paules, favorise un sommeil profond et r\u00e9parateur (sur table de chevet ou sous oreiller), r\u00e9duit l&rsquo;acidit\u00e9 gastrique, bon fonctionnement du foie, efficace pour les maux de t\u00eate et migraines.<\/span><\/span><\/span><\/p>\n<p><span style=\"font-family: Ephesis; font-size: 26px;\"><span style=\"vertical-align: inherit;\"><span style=\"vertical-align: inherit;\">Conseill\u00e9e pour se lib\u00e9rer des addictions et de leurs r\u00e9percussions.<\/span><\/span><\/span><\/p>\n<p><span style=\"font-family: Ephesis; font-size: 26px;\"><span style=\"vertical-align: inherit;\"><span style=\"vertical-align: inherit;\">Effets positifs sur la peau, permet d&rsquo;att\u00e9nuer les maladies courantes comme l&rsquo;acn\u00e9, acc\u00e9l\u00e8re la cicatrisation d&rsquo;une plaie et la r\u00e9sorption des br\u00fblures.<\/span><\/span><\/span><\/p>\n<p>&nbsp;<\/p>\n<p><span style=\"font-family: Ephesis; font-size: 26px;\"><strong><em><span style=\"vertical-align: inherit;\"><span style=\"vertical-align: inherit;\">La lithoth\u00e9rapie peut \u00eatre utilis\u00e9e en compl\u00e9ment des soins qui vous sont apport\u00e9s, mais ne remplace en aucun cas un avis m\u00e9dical et\/ou traitement.<\/span><\/span><\/em><\/strong><\/span><\/p>\n<p><span style=\"font-family: Ephesis; font-size: 26px;\"><em><span style=\"vertical-align: inherit;\"><span style=\"vertical-align: inherit;\">D\u00e9conseill\u00e9 aux enfants de moins de 3 ans. Pr\u00e9sente un risque d&rsquo;\u00e9touffement.<\/span><\/span><\/em><\/span><\/p>\n","protected":false},"excerpt":{"rendered":"<p><span style=\"font-family: Ephesis; font-size: 26px;\"><span style=\"vertical-align: inherit;\"><span style=\"vertical-align: inherit;\">Pendentif pierre roul\u00e9e de qualit\u00e9 A (Bonne).<\/span><\/span><\/span><\/p>\n","protected":false},"featured_media":3612,"comment_status":"closed","ping_status":"closed","template":"","meta":[],"product_brand":[],"product_cat":[314],"product_tag":[500,498,350,495,499],"class_list":{"0":"post-3611","1":"product","2":"type-product","3":"status-publish","4":"has-post-thumbnail","6":"product_cat-pendentifs","7":"product_tag-epanouissement-personnel","8":"product_tag-ouverture-spirituelle","9":"product_tag-purificatrice","10":"product_tag-relaxante","11":"product_tag-sommeil-profond","13":"first","14":"instock","15":"purchasable","16":"product-type-simple"},"yoast_head":"<!-- This site is optimized with the Yoast SEO plugin v27.1 - https:\/\/yoast.com\/product\/yoast-seo-wordpress\/ -->\n<title>Am\u00e9thyste A - Produits en stock - Lumi\u00e8res de S\u00e9l\u00e9n\u00e9<\/title>\n<meta name=\"description\" content=\"Cliquez ici pour d\u00e9couvrir Am\u00e9thyste A . Produits en stock d\u00e9part le jour m\u00eame ou le lendemain - Lumi\u00e8res de S\u00e9l\u00e9n\u00e9\" \/>\n<meta name=\"robots\" content=\"index, follow, max-snippet:-1, max-image-preview:large, max-video-preview:-1\" \/>\n<link rel=\"canonical\" href=\"https:\/\/lumieresdeselene.com\/index.php\/produit\/amethyste-a-4\/\" \/>\n<meta property=\"og:locale\" content=\"fr_FR\" \/>\n<meta property=\"og:type\" content=\"article\" \/>\n<meta property=\"og:title\" content=\"Am\u00e9thyste A - Produits en stock - Lumi\u00e8res de S\u00e9l\u00e9n\u00e9\" \/>\n<meta property=\"og:description\" content=\"Cliquez ici pour d\u00e9couvrir Am\u00e9thyste A . Produits en stock d\u00e9part le jour m\u00eame ou le lendemain - Lumi\u00e8res de S\u00e9l\u00e9n\u00e9\" \/>\n<meta property=\"og:url\" content=\"https:\/\/lumieresdeselene.com\/index.php\/produit\/amethyste-a-4\/\" \/>\n<meta property=\"og:site_name\" content=\"Lumi\u00e8res de S\u00e9l\u00e9n\u00e9\" \/>\n<meta property=\"article:publisher\" content=\"https:\/\/www.facebook.com\/lumieresdeselene\/\" \/>\n<meta property=\"article:modified_time\" content=\"2026-02-17T11:28:14+00:00\" \/>\n<meta property=\"og:image\" content=\"https:\/\/lumieresdeselene.com\/wp-content\/uploads\/2026\/02\/IMG_20260212_142612.jpg\" \/>\n\t<meta property=\"og:image:width\" content=\"2452\" \/>\n\t<meta property=\"og:image:height\" content=\"2365\" \/>\n\t<meta property=\"og:image:type\" content=\"image\/jpeg\" \/>\n<meta name=\"twitter:card\" content=\"summary_large_image\" \/>\n<meta name=\"twitter:label1\" content=\"Dur\u00e9e de lecture estim\u00e9e\" \/>\n\t<meta name=\"twitter:data1\" content=\"2 minutes\" \/>\n<script type=\"application\/ld+json\" class=\"yoast-schema-graph\">{\"@context\":\"https:\/\/schema.org\",\"@graph\":[{\"@type\":\"WebPage\",\"@id\":\"https:\/\/lumieresdeselene.com\/index.php\/produit\/amethyste-a-4\/\",\"url\":\"https:\/\/lumieresdeselene.com\/index.php\/produit\/amethyste-a-4\/\",\"name\":\"Am\u00e9thyste A - Produits en stock - Lumi\u00e8res de S\u00e9l\u00e9n\u00e9\",\"isPartOf\":{\"@id\":\"https:\/\/lumieresdeselene.com\/#website\"},\"primaryImageOfPage\":{\"@id\":\"https:\/\/lumieresdeselene.com\/index.php\/produit\/amethyste-a-4\/#primaryimage\"},\"image\":{\"@id\":\"https:\/\/lumieresdeselene.com\/index.php\/produit\/amethyste-a-4\/#primaryimage\"},\"thumbnailUrl\":\"https:\/\/i0.wp.com\/lumieresdeselene.com\/wp-content\/uploads\/2026\/02\/IMG_20260212_142612.jpg?fit=2452%2C2365&ssl=1\",\"datePublished\":\"2026-02-17T10:02:02+00:00\",\"dateModified\":\"2026-02-17T11:28:14+00:00\",\"description\":\"Cliquez ici pour d\u00e9couvrir Am\u00e9thyste A . Produits en stock d\u00e9part le jour m\u00eame ou le lendemain - Lumi\u00e8res de S\u00e9l\u00e9n\u00e9\",\"breadcrumb\":{\"@id\":\"https:\/\/lumieresdeselene.com\/index.php\/produit\/amethyste-a-4\/#breadcrumb\"},\"inLanguage\":\"fr-FR\",\"potentialAction\":[{\"@type\":\"ReadAction\",\"target\":[\"https:\/\/lumieresdeselene.com\/index.php\/produit\/amethyste-a-4\/\"]}]},{\"@type\":\"ImageObject\",\"inLanguage\":\"fr-FR\",\"@id\":\"https:\/\/lumieresdeselene.com\/index.php\/produit\/amethyste-a-4\/#primaryimage\",\"url\":\"https:\/\/i0.wp.com\/lumieresdeselene.com\/wp-content\/uploads\/2026\/02\/IMG_20260212_142612.jpg?fit=2452%2C2365&ssl=1\",\"contentUrl\":\"https:\/\/i0.wp.com\/lumieresdeselene.com\/wp-content\/uploads\/2026\/02\/IMG_20260212_142612.jpg?fit=2452%2C2365&ssl=1\",\"width\":2452,\"height\":2365,\"caption\":\"Am\u00e9thyste A mod\u00e8le 1\"},{\"@type\":\"BreadcrumbList\",\"@id\":\"https:\/\/lumieresdeselene.com\/index.php\/produit\/amethyste-a-4\/#breadcrumb\",\"itemListElement\":[{\"@type\":\"ListItem\",\"position\":1,\"name\":\"Accueil\",\"item\":\"https:\/\/lumieresdeselene.com\/\"},{\"@type\":\"ListItem\",\"position\":2,\"name\":\"Boutique\",\"item\":\"https:\/\/lumieresdeselene.com\/index.php\/boutique\/\"},{\"@type\":\"ListItem\",\"position\":3,\"name\":\"Am\u00e9thyste A\"}]},{\"@type\":\"WebSite\",\"@id\":\"https:\/\/lumieresdeselene.com\/#website\",\"url\":\"https:\/\/lumieresdeselene.com\/\",\"name\":\"Lumi\u00e8res de S\u00e9l\u00e9n\u00e9\",\"description\":\"Lumi\u00e8res de S\u00e9l\u00e9n\u00e9\",\"publisher\":{\"@id\":\"https:\/\/lumieresdeselene.com\/#organization\"},\"potentialAction\":[{\"@type\":\"SearchAction\",\"target\":{\"@type\":\"EntryPoint\",\"urlTemplate\":\"https:\/\/lumieresdeselene.com\/?s={search_term_string}\"},\"query-input\":{\"@type\":\"PropertyValueSpecification\",\"valueRequired\":true,\"valueName\":\"search_term_string\"}}],\"inLanguage\":\"fr-FR\"},{\"@type\":\"Organization\",\"@id\":\"https:\/\/lumieresdeselene.com\/#organization\",\"name\":\"Lumi\u00e8res de S\u00e9l\u00e9n\u00e9\",\"url\":\"https:\/\/lumieresdeselene.com\/\",\"logo\":{\"@type\":\"ImageObject\",\"inLanguage\":\"fr-FR\",\"@id\":\"https:\/\/lumieresdeselene.com\/#\/schema\/logo\/image\/\",\"url\":\"https:\/\/i0.wp.com\/lumieresdeselene.com\/wp-content\/uploads\/2024\/01\/Lumieres-de-Selene3.jpg?fit=500%2C500&ssl=1\",\"contentUrl\":\"https:\/\/i0.wp.com\/lumieresdeselene.com\/wp-content\/uploads\/2024\/01\/Lumieres-de-Selene3.jpg?fit=500%2C500&ssl=1\",\"width\":500,\"height\":500,\"caption\":\"Lumi\u00e8res de S\u00e9l\u00e9n\u00e9\"},\"image\":{\"@id\":\"https:\/\/lumieresdeselene.com\/#\/schema\/logo\/image\/\"},\"sameAs\":[\"https:\/\/www.facebook.com\/lumieresdeselene\/\",\"https:\/\/www.instagram.com\/lumieres.selene\/\"]}]}<\/script>\n<!-- \/ Yoast SEO plugin. -->","yoast_head_json":{"title":"Am\u00e9thyste A - Produits en stock - Lumi\u00e8res de S\u00e9l\u00e9n\u00e9","description":"Cliquez ici pour d\u00e9couvrir Am\u00e9thyste A . Produits en stock d\u00e9part le jour m\u00eame ou le lendemain - Lumi\u00e8res de S\u00e9l\u00e9n\u00e9","robots":{"index":"index","follow":"follow","max-snippet":"max-snippet:-1","max-image-preview":"max-image-preview:large","max-video-preview":"max-video-preview:-1"},"canonical":"https:\/\/lumieresdeselene.com\/index.php\/produit\/amethyste-a-4\/","og_locale":"fr_FR","og_type":"article","og_title":"Am\u00e9thyste A - Produits en stock - Lumi\u00e8res de S\u00e9l\u00e9n\u00e9","og_description":"Cliquez ici pour d\u00e9couvrir Am\u00e9thyste A . Produits en stock d\u00e9part le jour m\u00eame ou le lendemain - Lumi\u00e8res de S\u00e9l\u00e9n\u00e9","og_url":"https:\/\/lumieresdeselene.com\/index.php\/produit\/amethyste-a-4\/","og_site_name":"Lumi\u00e8res de S\u00e9l\u00e9n\u00e9","article_publisher":"https:\/\/www.facebook.com\/lumieresdeselene\/","article_modified_time":"2026-02-17T11:28:14+00:00","og_image":[{"width":2452,"height":2365,"url":"https:\/\/lumieresdeselene.com\/wp-content\/uploads\/2026\/02\/IMG_20260212_142612.jpg","type":"image\/jpeg"}],"twitter_card":"summary_large_image","twitter_misc":{"Dur\u00e9e de lecture estim\u00e9e":"2 minutes"},"schema":{"@context":"https:\/\/schema.org","@graph":[{"@type":"WebPage","@id":"https:\/\/lumieresdeselene.com\/index.php\/produit\/amethyste-a-4\/","url":"https:\/\/lumieresdeselene.com\/index.php\/produit\/amethyste-a-4\/","name":"Am\u00e9thyste A - Produits en stock - Lumi\u00e8res de S\u00e9l\u00e9n\u00e9","isPartOf":{"@id":"https:\/\/lumieresdeselene.com\/#website"},"primaryImageOfPage":{"@id":"https:\/\/lumieresdeselene.com\/index.php\/produit\/amethyste-a-4\/#primaryimage"},"image":{"@id":"https:\/\/lumieresdeselene.com\/index.php\/produit\/amethyste-a-4\/#primaryimage"},"thumbnailUrl":"https:\/\/i0.wp.com\/lumieresdeselene.com\/wp-content\/uploads\/2026\/02\/IMG_20260212_142612.jpg?fit=2452%2C2365&ssl=1","datePublished":"2026-02-17T10:02:02+00:00","dateModified":"2026-02-17T11:28:14+00:00","description":"Cliquez ici pour d\u00e9couvrir Am\u00e9thyste A . Produits en stock d\u00e9part le jour m\u00eame ou le lendemain - Lumi\u00e8res de S\u00e9l\u00e9n\u00e9","breadcrumb":{"@id":"https:\/\/lumieresdeselene.com\/index.php\/produit\/amethyste-a-4\/#breadcrumb"},"inLanguage":"fr-FR","potentialAction":[{"@type":"ReadAction","target":["https:\/\/lumieresdeselene.com\/index.php\/produit\/amethyste-a-4\/"]}]},{"@type":"ImageObject","inLanguage":"fr-FR","@id":"https:\/\/lumieresdeselene.com\/index.php\/produit\/amethyste-a-4\/#primaryimage","url":"https:\/\/i0.wp.com\/lumieresdeselene.com\/wp-content\/uploads\/2026\/02\/IMG_20260212_142612.jpg?fit=2452%2C2365&ssl=1","contentUrl":"https:\/\/i0.wp.com\/lumieresdeselene.com\/wp-content\/uploads\/2026\/02\/IMG_20260212_142612.jpg?fit=2452%2C2365&ssl=1","width":2452,"height":2365,"caption":"Am\u00e9thyste A mod\u00e8le 1"},{"@type":"BreadcrumbList","@id":"https:\/\/lumieresdeselene.com\/index.php\/produit\/amethyste-a-4\/#breadcrumb","itemListElement":[{"@type":"ListItem","position":1,"name":"Accueil","item":"https:\/\/lumieresdeselene.com\/"},{"@type":"ListItem","position":2,"name":"Boutique","item":"https:\/\/lumieresdeselene.com\/index.php\/boutique\/"},{"@type":"ListItem","position":3,"name":"Am\u00e9thyste A"}]},{"@type":"WebSite","@id":"https:\/\/lumieresdeselene.com\/#website","url":"https:\/\/lumieresdeselene.com\/","name":"Lumi\u00e8res de S\u00e9l\u00e9n\u00e9","description":"Lumi\u00e8res de S\u00e9l\u00e9n\u00e9","publisher":{"@id":"https:\/\/lumieresdeselene.com\/#organization"},"potentialAction":[{"@type":"SearchAction","target":{"@type":"EntryPoint","urlTemplate":"https:\/\/lumieresdeselene.com\/?s={search_term_string}"},"query-input":{"@type":"PropertyValueSpecification","valueRequired":true,"valueName":"search_term_string"}}],"inLanguage":"fr-FR"},{"@type":"Organization","@id":"https:\/\/lumieresdeselene.com\/#organization","name":"Lumi\u00e8res de S\u00e9l\u00e9n\u00e9","url":"https:\/\/lumieresdeselene.com\/","logo":{"@type":"ImageObject","inLanguage":"fr-FR","@id":"https:\/\/lumieresdeselene.com\/#\/schema\/logo\/image\/","url":"https:\/\/i0.wp.com\/lumieresdeselene.com\/wp-content\/uploads\/2024\/01\/Lumieres-de-Selene3.jpg?fit=500%2C500&ssl=1","contentUrl":"https:\/\/i0.wp.com\/lumieresdeselene.com\/wp-content\/uploads\/2024\/01\/Lumieres-de-Selene3.jpg?fit=500%2C500&ssl=1","width":500,"height":500,"caption":"Lumi\u00e8res de S\u00e9l\u00e9n\u00e9"},"image":{"@id":"https:\/\/lumieresdeselene.com\/#\/schema\/logo\/image\/"},"sameAs":["https:\/\/www.facebook.com\/lumieresdeselene\/","https:\/\/www.instagram.com\/lumieres.selene\/"]}]}},"jetpack_sharing_enabled":true,"_links":{"self":[{"href":"https:\/\/lumieresdeselene.com\/index.php\/wp-json\/wp\/v2\/product\/3611","targetHints":{"allow":["GET"]}}],"collection":[{"href":"https:\/\/lumieresdeselene.com\/index.php\/wp-json\/wp\/v2\/product"}],"about":[{"href":"https:\/\/lumieresdeselene.com\/index.php\/wp-json\/wp\/v2\/types\/product"}],"replies":[{"embeddable":true,"href":"https:\/\/lumieresdeselene.com\/index.php\/wp-json\/wp\/v2\/comments?post=3611"}],"wp:featuredmedia":[{"embeddable":true,"href":"https:\/\/lumieresdeselene.com\/index.php\/wp-json\/wp\/v2\/media\/3612"}],"wp:attachment":[{"href":"https:\/\/lumieresdeselene.com\/index.php\/wp-json\/wp\/v2\/media?parent=3611"}],"wp:term":[{"taxonomy":"product_brand","embeddable":true,"href":"https:\/\/lumieresdeselene.com\/index.php\/wp-json\/wp\/v2\/product_brand?post=3611"},{"taxonomy":"product_cat","embeddable":true,"href":"https:\/\/lumieresdeselene.com\/index.php\/wp-json\/wp\/v2\/product_cat?post=3611"},{"taxonomy":"product_tag","embeddable":true,"href":"https:\/\/lumieresdeselene.com\/index.php\/wp-json\/wp\/v2\/product_tag?post=3611"}],"curies":[{"name":"wp","href":"https:\/\/api.w.org\/{rel}","templated":true}]}}