{"id":3231,"date":"2025-07-01T18:17:59","date_gmt":"2025-07-01T16:17:59","guid":{"rendered":"https:\/\/lumieresdeselene.com\/?post_type=product&#038;p=3231"},"modified":"2025-07-01T18:28:46","modified_gmt":"2025-07-01T16:28:46","slug":"amazonite-aa-et-cristal-de-roche-a-enfant","status":"publish","type":"product","link":"https:\/\/lumieresdeselene.com\/index.php\/produit\/amazonite-aa-et-cristal-de-roche-a-enfant\/","title":{"rendered":"Amazonite AA et Cristal de roche A"},"content":{"rendered":"<p><span style=\"font-family: Ephesis; font-size: 26px;\"><strong>Cristal de Roche :<\/strong><\/span><\/p>\n<p><span style=\"font-family: Ephesis; font-size: 26px;\">Les Grecs ont utilis\u00e9 pour la premi\u00e8re fois le\u00a0<a href=\"https:\/\/lumieresdeselene.com\/index.php\/produit\/cristal-de-roche-tourmaline-ronde-aa\/\">cristal de roche<\/a>\u00a0en 1500 avant J.C.<\/span><\/p>\n<p><span style=\"font-family: Ephesis; font-size: 26px;\">Pendant la renaissance, les artisans Milanais perfectionn\u00e8rent leurs arts et r\u00e9alis\u00e8rent de magnifiques \u0153uvres en\u00a0<a href=\"https:\/\/lumieresdeselene.com\/index.php\/produit\/cristal-de-roche-arbre-de-vie-forme-lune\/\">cristal de roche<\/a>\u00a0(gobelets, coupes et vases) qui sont toujours expos\u00e9s aujourd\u2019hui au Louvre.<\/span><\/p>\n<p><span style=\"font-family: Ephesis; font-size: 26px;\"><strong>Pierre maitresse en lithoth\u00e9rapie, qui vise \u00e0 purifier, recharger (g\u00e9ode) et amplifier les autres cristaux.<\/strong><\/span><\/p>\n<p><span style=\"font-family: Ephesis; font-size: 26px;\"><strong><u>Ses bienfaits sur le plan psychique<\/u><\/strong><\/span><\/p>\n<p><span style=\"font-family: Ephesis; font-size: 26px;\">Tr\u00e8s puissant, il a la particularit\u00e9 de recevoir, d\u2019\u00e9mettre, de transformer et d\u2018amplifier les \u00e9nergies.<\/span><\/p>\n<p><span style=\"font-family: Ephesis; font-size: 26px;\">Aide \u00e0 se r\u00e9orienter et se r\u00e9aligner \u00e9nerg\u00e9tiquement apr\u00e8s des perturbations, \u00e0 stabiliser et \u00e0 harmoniser le corps \u00e9nerg\u00e9tique et \u00e0 atteindre des fr\u00e9quences vibratoires \u00e9lev\u00e9es.<\/span><\/p>\n<p><span style=\"font-family: Ephesis; font-size: 26px;\">Permet d\u2019aiguiser certaines capacit\u00e9s mentales, la clairvoyance, l\u2019intuition, la visualisation et la concentration.<\/span><\/p>\n<p><span style=\"font-family: Ephesis; font-size: 26px;\">Utile dans la pratique de la m\u00e9ditation, permet d\u2019atteindre rapidement un haut niveau de conscience.<\/span><\/p>\n<p><span style=\"font-family: Ephesis; font-size: 26px;\"><strong><u>Ses bienfaits sur le plan physique<\/u><\/strong><\/span><\/p>\n<p><span style=\"font-family: Ephesis; font-size: 26px;\">Gu\u00e9risseur par excellence, en canalisant toutes les \u00e9nergies.<\/span><\/p>\n<p><span style=\"font-family: Ephesis; font-size: 26px;\">Il permet de traiter toutes les affections physiques et mentales, maux de dos (r\u00e9gion lombaire), syst\u00e8me immunitaire, douleurs oculaires, acouph\u00e8nes , c\u0153ur, poumons et syst\u00e8me digestif.<\/span><\/p>\n<p><span style=\"font-family: Ephesis; font-size: 26px;\">Conseill\u00e9 pour se lib\u00e9rer des addictions et de leurs r\u00e9percussions.<\/span><\/p>\n<p>&nbsp;<\/p>\n<p><strong><span style=\"color: #339966;\"><a style=\"color: #339966;\" href=\"https:\/\/lumieresdeselene.com\/index.php\/produit\/amazonite-ronde-a\/\"><span style=\"font-family: Ephesis; font-size: 30px;\">Amazonite : <\/span><\/a><\/span><\/strong><\/p>\n<p><span style=\"font-family: Ephesis; font-size: 26px;\">En \u00c9gypte ancienne, elle joue un r\u00f4le tr\u00e8s important puisqu\u2019une grande partie du texte du livre des morts est inscrit sur une plaque d\u2019<a href=\"https:\/\/lumieresdeselene.com\/index.php\/produit\/amazonite-tete-de-loup\/\">Amazonite<\/a>. \u00c9crire un texte sacr\u00e9 sur cette pierre indique \u00e0 quel point elle leur \u00e9tait pr\u00e9cieuse. L\u2019\u00c9gypte fait \u00e9galement honneur \u00e0 la pierre en la faisant orner sur les diff\u00e9rents bijoux de Toutankhamon, notamment ceux trouv\u00e9s dans son c\u00e9l\u00e8bre sarcophage.<\/span><\/p>\n<p><span style=\"font-family: Ephesis; font-size: 26px;\"><strong><u>Ses bienfaits sur le plan psychique<\/u><\/strong><\/span><\/p>\n<p><span style=\"font-family: Ephesis; font-size: 26px;\">Elle incarne parfaitement la bienveillance et soutient l\u2019expression v\u00e9ritable de la tendresse amoureuse.<\/span><\/p>\n<p><span style=\"font-family: Ephesis; font-size: 26px;\">Diminue le stress mental et les tensions nerveuses, aide \u00e0 prendre du recul sur notre situation actuelle, dissipe l\u2019\u00e9nergie n\u00e9gative accumul\u00e9e (irritations, peur, anxi\u00e9t\u00e9).<\/span><\/p>\n<p><span style=\"font-family: Ephesis; font-size: 26px;\">Reli\u00e9e aux capacit\u00e9s d\u2019expression, notamment par la manifestation d\u2019une parole authentique et bienveillante.<\/span><\/p>\n<p><span style=\"font-family: Ephesis; font-size: 26px;\"><strong><u>Ses bienfaits sur le plan physique<\/u><\/strong><\/span><\/p>\n<p><span style=\"font-family: Ephesis; font-size: 26px;\">Renforce le syst\u00e8me immunitaire, r\u00e9gule le taux de cholest\u00e9rol.<\/span><\/p>\n<p><span style=\"font-family: Ephesis; font-size: 26px;\">Lutte contre toute d\u00e9pression en am\u00e9liorant l\u2019humeur et en calmant les personnes qui la porte.<\/span><\/p>\n<p><span style=\"font-family: Ephesis; font-size: 26px;\">Utile pour la purification du foie et des reins.<\/span><\/p>\n<p><span style=\"font-family: Ephesis; font-size: 26px;\">R\u00e9gulation des carences sexuelles li\u00e9es \u00e0 une forte \u00e9motivit\u00e9.<\/span><\/p>\n<p><span style=\"font-family: Ephesis; font-size: 26px;\">Conseill\u00e9e pour soulager tous les maux de la sph\u00e8re ORL.<\/span><\/p>\n<p><span style=\"font-family: Ephesis; font-size: 26px;\">Dissipe l\u2019\u00e9nergie n\u00e9gative et les blocages du syst\u00e8me nerveux.<\/span><\/p>\n<p><span style=\"font-family: Ephesis; font-size: 26px;\">Prot\u00e8ge des ondes \u00e9lectromagn\u00e9tiques, doit \u00eatre plac\u00e9e entre vous et la source de cette \u00e9mission.<\/span><\/p>\n<p>&nbsp;<\/p>\n<p><span style=\"font-family: Ephesis; font-size: 26px;\"><em><strong>La lithoth\u00e9rapie peut \u00eatre utilis\u00e9e en compl\u00e9ment des soins qui vous sont apport\u00e9s, mais ne remplace en aucun cas un avis m\u00e9dical et\/ ou traitement.<\/strong><\/em><\/span><\/p>\n<p><span style=\"font-family: Ephesis; font-size: 26px;\"><em>D\u00e9conseill\u00e9 aux enfants de moins de 3 ans. Pr\u00e9sente un risque d\u2019\u00e9touffement.<\/em><\/span><\/p>\n","protected":false},"excerpt":{"rendered":"<p><span style=\"font-family: Ephesis; font-size: 26px;\">Bracelet boules 4 mm et 6mm.<\/span><\/p>\n<p><span style=\"font-family: Ephesis; font-size: 26px;\">Cristal de Roche qualit\u00e9 A (Bonne) provenance Br\u00e9sil. En 4mm<\/span><\/p>\n<p><span style=\"font-family: Ephesis; font-size: 26px;\">Amazonite qualit\u00e9 AA (Tr\u00e8s \u00e9lev\u00e9e), provenance Br\u00e9sil. En 6mm<\/span><\/p>\n<p><span style=\"font-family: Ephesis; font-size: 26px;\">Taille 0.<\/span><\/p>\n","protected":false},"featured_media":3234,"comment_status":"closed","ping_status":"closed","template":"","meta":[],"product_brand":[],"product_cat":[397,395],"product_tag":[512,588,528,513,333,126,357,172,511],"class_list":{"0":"post-3231","1":"product","2":"type-product","3":"status-publish","4":"has-post-thumbnail","6":"product_cat-boules-6-mm-bracelet-enfant","7":"product_cat-bracelet-enfant","8":"product_tag-amplificateur-et-emetteur","9":"product_tag-bienveillance","10":"product_tag-mediter","11":"product_tag-recentre-toutes-energies","12":"product_tag-recepteur","13":"product_tag-systeme-immunitaire","14":"product_tag-tendresse","15":"product_tag-tensions","16":"product_tag-visualisation","18":"first","19":"instock","20":"purchasable","21":"product-type-simple"},"yoast_head":"<!-- This site is optimized with the Yoast SEO plugin v27.1 - https:\/\/yoast.com\/product\/yoast-seo-wordpress\/ -->\n<title>Amazonite AA et Cristal de roche A - Produits en stock - Lumi\u00e8res de S\u00e9l\u00e9n\u00e9<\/title>\n<meta name=\"description\" content=\"Cliquez ici pour d\u00e9couvrir Amazonite AA et Cristal de roche A . Produits en stock d\u00e9part le jour m\u00eame ou le lendemain - Lumi\u00e8res de S\u00e9l\u00e9n\u00e9\" \/>\n<meta name=\"robots\" content=\"index, follow, max-snippet:-1, max-image-preview:large, max-video-preview:-1\" \/>\n<link rel=\"canonical\" href=\"https:\/\/lumieresdeselene.com\/index.php\/produit\/amazonite-aa-et-cristal-de-roche-a-enfant\/\" \/>\n<meta property=\"og:locale\" content=\"fr_FR\" \/>\n<meta property=\"og:type\" content=\"article\" \/>\n<meta property=\"og:title\" content=\"Amazonite AA et Cristal de roche A - Produits en stock - Lumi\u00e8res de S\u00e9l\u00e9n\u00e9\" \/>\n<meta property=\"og:description\" content=\"Cliquez ici pour d\u00e9couvrir Amazonite AA et Cristal de roche A . Produits en stock d\u00e9part le jour m\u00eame ou le lendemain - Lumi\u00e8res de S\u00e9l\u00e9n\u00e9\" \/>\n<meta property=\"og:url\" content=\"https:\/\/lumieresdeselene.com\/index.php\/produit\/amazonite-aa-et-cristal-de-roche-a-enfant\/\" \/>\n<meta property=\"og:site_name\" content=\"Lumi\u00e8res de S\u00e9l\u00e9n\u00e9\" \/>\n<meta property=\"article:publisher\" content=\"https:\/\/www.facebook.com\/lumieresdeselene\/\" \/>\n<meta property=\"article:modified_time\" content=\"2025-07-01T16:28:46+00:00\" \/>\n<meta property=\"og:image\" content=\"https:\/\/lumieresdeselene.com\/wp-content\/uploads\/2025\/07\/IMG-20250630-WA0054-scaled.jpg\" \/>\n\t<meta property=\"og:image:width\" content=\"2560\" \/>\n\t<meta property=\"og:image:height\" content=\"2405\" \/>\n\t<meta property=\"og:image:type\" content=\"image\/jpeg\" \/>\n<meta name=\"twitter:card\" content=\"summary_large_image\" \/>\n<meta name=\"twitter:label1\" content=\"Dur\u00e9e de lecture estim\u00e9e\" \/>\n\t<meta name=\"twitter:data1\" content=\"3 minutes\" \/>\n<script type=\"application\/ld+json\" class=\"yoast-schema-graph\">{\"@context\":\"https:\/\/schema.org\",\"@graph\":[{\"@type\":\"WebPage\",\"@id\":\"https:\/\/lumieresdeselene.com\/index.php\/produit\/amazonite-aa-et-cristal-de-roche-a-enfant\/\",\"url\":\"https:\/\/lumieresdeselene.com\/index.php\/produit\/amazonite-aa-et-cristal-de-roche-a-enfant\/\",\"name\":\"Amazonite AA et Cristal de roche A - Produits en stock - Lumi\u00e8res de S\u00e9l\u00e9n\u00e9\",\"isPartOf\":{\"@id\":\"https:\/\/lumieresdeselene.com\/#website\"},\"primaryImageOfPage\":{\"@id\":\"https:\/\/lumieresdeselene.com\/index.php\/produit\/amazonite-aa-et-cristal-de-roche-a-enfant\/#primaryimage\"},\"image\":{\"@id\":\"https:\/\/lumieresdeselene.com\/index.php\/produit\/amazonite-aa-et-cristal-de-roche-a-enfant\/#primaryimage\"},\"thumbnailUrl\":\"https:\/\/i0.wp.com\/lumieresdeselene.com\/wp-content\/uploads\/2025\/07\/IMG-20250630-WA0054-scaled.jpg?fit=2560%2C2405&ssl=1\",\"datePublished\":\"2025-07-01T16:17:59+00:00\",\"dateModified\":\"2025-07-01T16:28:46+00:00\",\"description\":\"Cliquez ici pour d\u00e9couvrir Amazonite AA et Cristal de roche A . Produits en stock d\u00e9part le jour m\u00eame ou le lendemain - Lumi\u00e8res de S\u00e9l\u00e9n\u00e9\",\"breadcrumb\":{\"@id\":\"https:\/\/lumieresdeselene.com\/index.php\/produit\/amazonite-aa-et-cristal-de-roche-a-enfant\/#breadcrumb\"},\"inLanguage\":\"fr-FR\",\"potentialAction\":[{\"@type\":\"ReadAction\",\"target\":[\"https:\/\/lumieresdeselene.com\/index.php\/produit\/amazonite-aa-et-cristal-de-roche-a-enfant\/\"]}]},{\"@type\":\"ImageObject\",\"inLanguage\":\"fr-FR\",\"@id\":\"https:\/\/lumieresdeselene.com\/index.php\/produit\/amazonite-aa-et-cristal-de-roche-a-enfant\/#primaryimage\",\"url\":\"https:\/\/i0.wp.com\/lumieresdeselene.com\/wp-content\/uploads\/2025\/07\/IMG-20250630-WA0054-scaled.jpg?fit=2560%2C2405&ssl=1\",\"contentUrl\":\"https:\/\/i0.wp.com\/lumieresdeselene.com\/wp-content\/uploads\/2025\/07\/IMG-20250630-WA0054-scaled.jpg?fit=2560%2C2405&ssl=1\",\"width\":2560,\"height\":2405,\"caption\":\"Amazonite AA et Cristal de roche A enfant\"},{\"@type\":\"BreadcrumbList\",\"@id\":\"https:\/\/lumieresdeselene.com\/index.php\/produit\/amazonite-aa-et-cristal-de-roche-a-enfant\/#breadcrumb\",\"itemListElement\":[{\"@type\":\"ListItem\",\"position\":1,\"name\":\"Accueil\",\"item\":\"https:\/\/lumieresdeselene.com\/\"},{\"@type\":\"ListItem\",\"position\":2,\"name\":\"Boutique\",\"item\":\"https:\/\/lumieresdeselene.com\/index.php\/boutique\/\"},{\"@type\":\"ListItem\",\"position\":3,\"name\":\"Amazonite AA et Cristal de roche A\"}]},{\"@type\":\"WebSite\",\"@id\":\"https:\/\/lumieresdeselene.com\/#website\",\"url\":\"https:\/\/lumieresdeselene.com\/\",\"name\":\"Lumi\u00e8res de S\u00e9l\u00e9n\u00e9\",\"description\":\"Lumi\u00e8res de S\u00e9l\u00e9n\u00e9\",\"publisher\":{\"@id\":\"https:\/\/lumieresdeselene.com\/#organization\"},\"potentialAction\":[{\"@type\":\"SearchAction\",\"target\":{\"@type\":\"EntryPoint\",\"urlTemplate\":\"https:\/\/lumieresdeselene.com\/?s={search_term_string}\"},\"query-input\":{\"@type\":\"PropertyValueSpecification\",\"valueRequired\":true,\"valueName\":\"search_term_string\"}}],\"inLanguage\":\"fr-FR\"},{\"@type\":\"Organization\",\"@id\":\"https:\/\/lumieresdeselene.com\/#organization\",\"name\":\"Lumi\u00e8res de S\u00e9l\u00e9n\u00e9\",\"url\":\"https:\/\/lumieresdeselene.com\/\",\"logo\":{\"@type\":\"ImageObject\",\"inLanguage\":\"fr-FR\",\"@id\":\"https:\/\/lumieresdeselene.com\/#\/schema\/logo\/image\/\",\"url\":\"https:\/\/i0.wp.com\/lumieresdeselene.com\/wp-content\/uploads\/2024\/01\/Lumieres-de-Selene3.jpg?fit=500%2C500&ssl=1\",\"contentUrl\":\"https:\/\/i0.wp.com\/lumieresdeselene.com\/wp-content\/uploads\/2024\/01\/Lumieres-de-Selene3.jpg?fit=500%2C500&ssl=1\",\"width\":500,\"height\":500,\"caption\":\"Lumi\u00e8res de S\u00e9l\u00e9n\u00e9\"},\"image\":{\"@id\":\"https:\/\/lumieresdeselene.com\/#\/schema\/logo\/image\/\"},\"sameAs\":[\"https:\/\/www.facebook.com\/lumieresdeselene\/\",\"https:\/\/www.instagram.com\/lumieres.selene\/\"]}]}<\/script>\n<!-- \/ Yoast SEO plugin. -->","yoast_head_json":{"title":"Amazonite AA et Cristal de roche A - Produits en stock - Lumi\u00e8res de S\u00e9l\u00e9n\u00e9","description":"Cliquez ici pour d\u00e9couvrir Amazonite AA et Cristal de roche A . Produits en stock d\u00e9part le jour m\u00eame ou le lendemain - Lumi\u00e8res de S\u00e9l\u00e9n\u00e9","robots":{"index":"index","follow":"follow","max-snippet":"max-snippet:-1","max-image-preview":"max-image-preview:large","max-video-preview":"max-video-preview:-1"},"canonical":"https:\/\/lumieresdeselene.com\/index.php\/produit\/amazonite-aa-et-cristal-de-roche-a-enfant\/","og_locale":"fr_FR","og_type":"article","og_title":"Amazonite AA et Cristal de roche A - Produits en stock - Lumi\u00e8res de S\u00e9l\u00e9n\u00e9","og_description":"Cliquez ici pour d\u00e9couvrir Amazonite AA et Cristal de roche A . Produits en stock d\u00e9part le jour m\u00eame ou le lendemain - Lumi\u00e8res de S\u00e9l\u00e9n\u00e9","og_url":"https:\/\/lumieresdeselene.com\/index.php\/produit\/amazonite-aa-et-cristal-de-roche-a-enfant\/","og_site_name":"Lumi\u00e8res de S\u00e9l\u00e9n\u00e9","article_publisher":"https:\/\/www.facebook.com\/lumieresdeselene\/","article_modified_time":"2025-07-01T16:28:46+00:00","og_image":[{"width":2560,"height":2405,"url":"https:\/\/lumieresdeselene.com\/wp-content\/uploads\/2025\/07\/IMG-20250630-WA0054-scaled.jpg","type":"image\/jpeg"}],"twitter_card":"summary_large_image","twitter_misc":{"Dur\u00e9e de lecture estim\u00e9e":"3 minutes"},"schema":{"@context":"https:\/\/schema.org","@graph":[{"@type":"WebPage","@id":"https:\/\/lumieresdeselene.com\/index.php\/produit\/amazonite-aa-et-cristal-de-roche-a-enfant\/","url":"https:\/\/lumieresdeselene.com\/index.php\/produit\/amazonite-aa-et-cristal-de-roche-a-enfant\/","name":"Amazonite AA et Cristal de roche A - Produits en stock - Lumi\u00e8res de S\u00e9l\u00e9n\u00e9","isPartOf":{"@id":"https:\/\/lumieresdeselene.com\/#website"},"primaryImageOfPage":{"@id":"https:\/\/lumieresdeselene.com\/index.php\/produit\/amazonite-aa-et-cristal-de-roche-a-enfant\/#primaryimage"},"image":{"@id":"https:\/\/lumieresdeselene.com\/index.php\/produit\/amazonite-aa-et-cristal-de-roche-a-enfant\/#primaryimage"},"thumbnailUrl":"https:\/\/i0.wp.com\/lumieresdeselene.com\/wp-content\/uploads\/2025\/07\/IMG-20250630-WA0054-scaled.jpg?fit=2560%2C2405&ssl=1","datePublished":"2025-07-01T16:17:59+00:00","dateModified":"2025-07-01T16:28:46+00:00","description":"Cliquez ici pour d\u00e9couvrir Amazonite AA et Cristal de roche A . Produits en stock d\u00e9part le jour m\u00eame ou le lendemain - Lumi\u00e8res de S\u00e9l\u00e9n\u00e9","breadcrumb":{"@id":"https:\/\/lumieresdeselene.com\/index.php\/produit\/amazonite-aa-et-cristal-de-roche-a-enfant\/#breadcrumb"},"inLanguage":"fr-FR","potentialAction":[{"@type":"ReadAction","target":["https:\/\/lumieresdeselene.com\/index.php\/produit\/amazonite-aa-et-cristal-de-roche-a-enfant\/"]}]},{"@type":"ImageObject","inLanguage":"fr-FR","@id":"https:\/\/lumieresdeselene.com\/index.php\/produit\/amazonite-aa-et-cristal-de-roche-a-enfant\/#primaryimage","url":"https:\/\/i0.wp.com\/lumieresdeselene.com\/wp-content\/uploads\/2025\/07\/IMG-20250630-WA0054-scaled.jpg?fit=2560%2C2405&ssl=1","contentUrl":"https:\/\/i0.wp.com\/lumieresdeselene.com\/wp-content\/uploads\/2025\/07\/IMG-20250630-WA0054-scaled.jpg?fit=2560%2C2405&ssl=1","width":2560,"height":2405,"caption":"Amazonite AA et Cristal de roche A enfant"},{"@type":"BreadcrumbList","@id":"https:\/\/lumieresdeselene.com\/index.php\/produit\/amazonite-aa-et-cristal-de-roche-a-enfant\/#breadcrumb","itemListElement":[{"@type":"ListItem","position":1,"name":"Accueil","item":"https:\/\/lumieresdeselene.com\/"},{"@type":"ListItem","position":2,"name":"Boutique","item":"https:\/\/lumieresdeselene.com\/index.php\/boutique\/"},{"@type":"ListItem","position":3,"name":"Amazonite AA et Cristal de roche A"}]},{"@type":"WebSite","@id":"https:\/\/lumieresdeselene.com\/#website","url":"https:\/\/lumieresdeselene.com\/","name":"Lumi\u00e8res de S\u00e9l\u00e9n\u00e9","description":"Lumi\u00e8res de S\u00e9l\u00e9n\u00e9","publisher":{"@id":"https:\/\/lumieresdeselene.com\/#organization"},"potentialAction":[{"@type":"SearchAction","target":{"@type":"EntryPoint","urlTemplate":"https:\/\/lumieresdeselene.com\/?s={search_term_string}"},"query-input":{"@type":"PropertyValueSpecification","valueRequired":true,"valueName":"search_term_string"}}],"inLanguage":"fr-FR"},{"@type":"Organization","@id":"https:\/\/lumieresdeselene.com\/#organization","name":"Lumi\u00e8res de S\u00e9l\u00e9n\u00e9","url":"https:\/\/lumieresdeselene.com\/","logo":{"@type":"ImageObject","inLanguage":"fr-FR","@id":"https:\/\/lumieresdeselene.com\/#\/schema\/logo\/image\/","url":"https:\/\/i0.wp.com\/lumieresdeselene.com\/wp-content\/uploads\/2024\/01\/Lumieres-de-Selene3.jpg?fit=500%2C500&ssl=1","contentUrl":"https:\/\/i0.wp.com\/lumieresdeselene.com\/wp-content\/uploads\/2024\/01\/Lumieres-de-Selene3.jpg?fit=500%2C500&ssl=1","width":500,"height":500,"caption":"Lumi\u00e8res de S\u00e9l\u00e9n\u00e9"},"image":{"@id":"https:\/\/lumieresdeselene.com\/#\/schema\/logo\/image\/"},"sameAs":["https:\/\/www.facebook.com\/lumieresdeselene\/","https:\/\/www.instagram.com\/lumieres.selene\/"]}]}},"jetpack_sharing_enabled":true,"_links":{"self":[{"href":"https:\/\/lumieresdeselene.com\/index.php\/wp-json\/wp\/v2\/product\/3231","targetHints":{"allow":["GET"]}}],"collection":[{"href":"https:\/\/lumieresdeselene.com\/index.php\/wp-json\/wp\/v2\/product"}],"about":[{"href":"https:\/\/lumieresdeselene.com\/index.php\/wp-json\/wp\/v2\/types\/product"}],"replies":[{"embeddable":true,"href":"https:\/\/lumieresdeselene.com\/index.php\/wp-json\/wp\/v2\/comments?post=3231"}],"wp:featuredmedia":[{"embeddable":true,"href":"https:\/\/lumieresdeselene.com\/index.php\/wp-json\/wp\/v2\/media\/3234"}],"wp:attachment":[{"href":"https:\/\/lumieresdeselene.com\/index.php\/wp-json\/wp\/v2\/media?parent=3231"}],"wp:term":[{"taxonomy":"product_brand","embeddable":true,"href":"https:\/\/lumieresdeselene.com\/index.php\/wp-json\/wp\/v2\/product_brand?post=3231"},{"taxonomy":"product_cat","embeddable":true,"href":"https:\/\/lumieresdeselene.com\/index.php\/wp-json\/wp\/v2\/product_cat?post=3231"},{"taxonomy":"product_tag","embeddable":true,"href":"https:\/\/lumieresdeselene.com\/index.php\/wp-json\/wp\/v2\/product_tag?post=3231"}],"curies":[{"name":"wp","href":"https:\/\/api.w.org\/{rel}","templated":true}]}}