{"id":3223,"date":"2025-07-01T18:02:59","date_gmt":"2025-07-01T16:02:59","guid":{"rendered":"https:\/\/lumieresdeselene.com\/?post_type=product&#038;p=3223"},"modified":"2025-07-01T18:09:10","modified_gmt":"2025-07-01T16:09:10","slug":"quartz-rose-violet-aa-amethyste-a-enfant","status":"publish","type":"product","link":"https:\/\/lumieresdeselene.com\/index.php\/produit\/quartz-rose-violet-aa-amethyste-a-enfant\/","title":{"rendered":"Quartz rose violet AA &#8211; Am\u00e9thyste A"},"content":{"rendered":"<p><span style=\"color: #ff00ff; font-family: Ephesis; font-size: 26px;\"><strong>Quartz Rose violet :<\/strong><\/span><\/p>\n<p><span style=\"font-family: Ephesis; font-size: 26px;\">Au temps des pharaons, le\u00a0<a href=\"https:\/\/lumieresdeselene.com\/index.php\/produit\/quartz-rose-forme-pointe\/\">Quartz rose<\/a>\u00a0avait la r\u00e9putation de lutter contre le vieillissement de la peau.<\/span><\/p>\n<p><span style=\"font-family: Ephesis; font-size: 26px;\">Pour les Romains et les Grecs, il donnait aux peuples l\u2019amour et la paix.<\/span><\/p>\n<p><span style=\"font-family: Ephesis; font-size: 26px;\">Au d\u00e9but du XXe si\u00e8cle, un cr\u00e2ne en quartz rose a \u00e9t\u00e9 d\u00e9couvert, il serait li\u00e9 \u00e0 la l\u00e9gende des 13 cr\u00e2nes.<\/span><\/p>\n<p><span style=\"font-family: Ephesis; font-size: 26px;\">Selon les proph\u00e9ties Mayas, les 13 cr\u00e2nes de cristal devaient un jour se retrouver pour r\u00e9v\u00e9ler leur grand secret \u00e0 l\u2019Humanit\u00e9.<\/span><\/p>\n<p><span style=\"font-family: Ephesis; font-size: 26px;\"><strong><u>Ses bienfaits sur le plan psychique<\/u><\/strong><\/span><\/p>\n<p><span style=\"font-family: Ephesis; font-size: 26px;\">R\u00e9put\u00e9e pour \u00eatre la pierre du c\u0153ur.<\/span><\/p>\n<p><span style=\"font-family: Ephesis; font-size: 26px;\">Apaisante et s\u00e9curisante. Permet de soigner les blessures affectives profondes, les peines de c\u0153ur et les traumatismes li\u00e9s \u00e0 l\u2019enfance.<\/span><\/p>\n<p><span style=\"font-family: Ephesis; font-size: 26px;\">Favoriser l\u2019acceptation de soi et des autres.<\/span><\/p>\n<p><span style=\"font-family: Ephesis; font-size: 26px;\"><strong><u>Ses bienfaits sur le plan physique<\/u><\/strong><\/span><\/p>\n<p><span style=\"font-family: Ephesis; font-size: 26px;\">S\u2019utiliser directement en contact avec la peau pour apaiser les br\u00fblures.<\/span><\/p>\n<p><span style=\"font-family: Ephesis; font-size: 26px;\">Fortifie le c\u0153ur et favorise le bon fonctionnement du syst\u00e8me respiratoire.<\/span><\/p>\n<p><span style=\"font-family: Ephesis; font-size: 26px;\">R\u00e9put\u00e9e pour r\u00e9duire l\u2019apparition des rides et des troubles cutan\u00e9es.<\/span><\/p>\n<p>&nbsp;<\/p>\n<p><a href=\"https:\/\/lumieresdeselene.com\/index.php\/produit\/amethyste-a-2\/\"><span style=\"color: #800080;\"><strong><span style=\"font-family: Ephesis; font-size: 26px;\">Am\u00e9thyste :<\/span><\/strong><\/span><\/a><\/p>\n<p><span style=\"font-family: Ephesis; font-size: 26px;\">Selon le mythe grec, Dionysos, dieu du vin, poursuivait assidument une jeune fille du nom d\u2019Amethystos, alors qu\u2019elle d\u00e9sirait rester chaste. La d\u00e9esse Art\u00e9mis la transforma en pierre blanche afin de la prot\u00e9ger. Dionysos, triste et humili\u00e9, versa du vin sur la pierre et changea ce cristal \u00e0 la couleur\u00a0<a href=\"https:\/\/lumieresdeselene.com\/index.php\/produit\/amethyste-rubanee-a\/\">violette<\/a>.<\/span><\/p>\n<p><span style=\"font-family: Ephesis; font-size: 26px;\"><a href=\"https:\/\/lumieresdeselene.com\/index.php\/produit\/amethyste-a\/\">Pierre maitresse<\/a>\u00a0en lithoth\u00e9rapie, qui vise \u00e0 nettoyer, purifier, recharger (g\u00e9ode) et amplifier les autres cristaux.<\/span><\/p>\n<p><span style=\"font-family: Ephesis; font-size: 26px;\"><strong><u>Ses bienfaits sur le plan psychique<\/u><\/strong><\/span><\/p>\n<p><span style=\"font-family: Ephesis; font-size: 26px;\">Aide \u00e0 stimuler la production de s\u00e9rotonine l\u2019hormone du bien-\u00eatre, vertus apaisantes sur le mental, r\u00e9duit anxi\u00e9t\u00e9 et col\u00e8re, peut \u00e9galement aider les personnes atteintes de TOC.<\/span><\/p>\n<p><span style=\"font-family: Ephesis; font-size: 26px;\">Propri\u00e9t\u00e9s remarquables et vertus pour purifier les lieux et les objets, pierre de passage en cas de perte d\u2019un proche.<\/span><\/p>\n<p><span style=\"font-family: Ephesis; font-size: 26px;\">Favorise l\u2019\u00e9l\u00e9vation spirituelle et la concentration, conseill\u00e9e dans la pratique de la m\u00e9ditation.<\/span><\/p>\n<p><span style=\"font-family: Ephesis; font-size: 26px;\"><strong><u>Ses bienfaits sur le plan physique<\/u><\/strong><\/span><\/p>\n<p><span style=\"font-family: Ephesis; font-size: 26px;\">Soulage les maux li\u00e9s au stress et \u00e0 la nervosit\u00e9\u00a0: lib\u00e8re les tensions au niveau du haut du dos, de la nuque et des \u00e9paules, favorise un sommeil profond et r\u00e9parateur (sur table de chevet ou sous oreiller), r\u00e9duit l\u2019acidit\u00e9 gastrique, bon fonctionnement du foie, efficace pour les maux de t\u00eate et migraines.<\/span><\/p>\n<p><span style=\"font-family: Ephesis; font-size: 26px;\">Conseill\u00e9e pour se lib\u00e9rer des addictions et de leurs r\u00e9percussions.<\/span><\/p>\n<p><span style=\"font-family: Ephesis; font-size: 26px;\">Effets positifs sur la peau, permet d\u2019att\u00e9nuer les maladies courantes comme\u00a0l\u2019acn\u00e9, acc\u00e9l\u00e8re la cicatrisation d\u2019une plaie et la r\u00e9sorption des br\u00fblures.<\/span><\/p>\n<p>&nbsp;<\/p>\n<p><span style=\"font-family: Ephesis; font-size: 26px;\"><em><strong>La lithoth\u00e9rapie peut \u00eatre utilis\u00e9e en compl\u00e9ment des soins qui vous sont apport\u00e9s, mais ne remplace en aucun cas un avis m\u00e9dical et\/ ou traitement.<\/strong><\/em><\/span><\/p>\n<p><span style=\"font-family: Ephesis; font-size: 26px;\"><em>D\u00e9conseill\u00e9 aux enfants de moins de 3 ans. Pr\u00e9sente un risque d\u2019\u00e9touffement.<\/em><\/span><\/p>\n","protected":false},"excerpt":{"rendered":"<p><span style=\"font-family: Ephesis; font-size: 26px;\">Bracelet boules 6 mm.<\/span><\/p>\n<p><span style=\"font-family: Ephesis; font-size: 26px;\">Quartz rose violet qualit\u00e9 A A(Tr\u00e8s Elev\u00e9e) provenance Madagascar,<\/span><\/p>\n<p><span style=\"font-family: Ephesis; font-size: 26px;\">Am\u00e9thyste qualit\u00e9 A (Bonne), provenance Br\u00e9sil.<\/span><\/p>\n<p><span style=\"font-family: Ephesis; font-size: 26px;\">Taille 0.<\/span><\/p>\n<p><span style=\"font-family: Ephesis; font-size: 26px;\">Breloques d\u00e9coratives.<\/span><\/p>\n","protected":false},"featured_media":3225,"comment_status":"closed","ping_status":"closed","template":"","meta":[],"product_brand":[],"product_cat":[397,395],"product_tag":[311,156,84,104,495,346,77],"class_list":{"0":"post-3223","1":"product","2":"type-product","3":"status-publish","4":"has-post-thumbnail","6":"product_cat-boules-6-mm-bracelet-enfant","7":"product_cat-bracelet-enfant","8":"product_tag-acceptation","9":"product_tag-apaisante","10":"product_tag-confiance","11":"product_tag-peau","12":"product_tag-relaxante","13":"product_tag-securisante","14":"product_tag-stress","16":"first","17":"instock","18":"purchasable","19":"product-type-simple"},"yoast_head":"<!-- This site is optimized with the Yoast SEO plugin v27.1 - https:\/\/yoast.com\/product\/yoast-seo-wordpress\/ -->\n<title>Quartz rose violet AA - Am\u00e9thyste A - Lumi\u00e8res de S\u00e9l\u00e9n\u00e9<\/title>\n<meta name=\"description\" content=\"Cliquez ici pour d\u00e9couvrir Quartz rose violet AA - Am\u00e9thyste A . Produits en stock d\u00e9part le jour m\u00eame ou le lendemain - Lumi\u00e8res de S\u00e9l\u00e9n\u00e9\" \/>\n<meta name=\"robots\" content=\"index, follow, max-snippet:-1, max-image-preview:large, max-video-preview:-1\" \/>\n<link rel=\"canonical\" href=\"https:\/\/lumieresdeselene.com\/index.php\/produit\/quartz-rose-violet-aa-amethyste-a-enfant\/\" \/>\n<meta property=\"og:locale\" content=\"fr_FR\" \/>\n<meta property=\"og:type\" content=\"article\" \/>\n<meta property=\"og:title\" content=\"Quartz rose violet AA - Am\u00e9thyste A - Lumi\u00e8res de S\u00e9l\u00e9n\u00e9\" \/>\n<meta property=\"og:description\" content=\"Cliquez ici pour d\u00e9couvrir Quartz rose violet AA - Am\u00e9thyste A . Produits en stock d\u00e9part le jour m\u00eame ou le lendemain - Lumi\u00e8res de S\u00e9l\u00e9n\u00e9\" \/>\n<meta property=\"og:url\" content=\"https:\/\/lumieresdeselene.com\/index.php\/produit\/quartz-rose-violet-aa-amethyste-a-enfant\/\" \/>\n<meta property=\"og:site_name\" content=\"Lumi\u00e8res de S\u00e9l\u00e9n\u00e9\" \/>\n<meta property=\"article:publisher\" content=\"https:\/\/www.facebook.com\/lumieresdeselene\/\" \/>\n<meta property=\"article:modified_time\" content=\"2025-07-01T16:09:10+00:00\" \/>\n<meta property=\"og:image\" content=\"https:\/\/lumieresdeselene.com\/wp-content\/uploads\/2025\/07\/IMG-20250630-WA0035-scaled.jpg\" \/>\n\t<meta property=\"og:image:width\" content=\"2560\" \/>\n\t<meta property=\"og:image:height\" content=\"2422\" \/>\n\t<meta property=\"og:image:type\" content=\"image\/jpeg\" \/>\n<meta name=\"twitter:card\" content=\"summary_large_image\" \/>\n<meta name=\"twitter:label1\" content=\"Dur\u00e9e de lecture estim\u00e9e\" \/>\n\t<meta name=\"twitter:data1\" content=\"3 minutes\" \/>\n<script type=\"application\/ld+json\" class=\"yoast-schema-graph\">{\"@context\":\"https:\/\/schema.org\",\"@graph\":[{\"@type\":\"WebPage\",\"@id\":\"https:\/\/lumieresdeselene.com\/index.php\/produit\/quartz-rose-violet-aa-amethyste-a-enfant\/\",\"url\":\"https:\/\/lumieresdeselene.com\/index.php\/produit\/quartz-rose-violet-aa-amethyste-a-enfant\/\",\"name\":\"Quartz rose violet AA - Am\u00e9thyste A - Lumi\u00e8res de S\u00e9l\u00e9n\u00e9\",\"isPartOf\":{\"@id\":\"https:\/\/lumieresdeselene.com\/#website\"},\"primaryImageOfPage\":{\"@id\":\"https:\/\/lumieresdeselene.com\/index.php\/produit\/quartz-rose-violet-aa-amethyste-a-enfant\/#primaryimage\"},\"image\":{\"@id\":\"https:\/\/lumieresdeselene.com\/index.php\/produit\/quartz-rose-violet-aa-amethyste-a-enfant\/#primaryimage\"},\"thumbnailUrl\":\"https:\/\/i0.wp.com\/lumieresdeselene.com\/wp-content\/uploads\/2025\/07\/IMG-20250630-WA0035-scaled.jpg?fit=2560%2C2422&ssl=1\",\"datePublished\":\"2025-07-01T16:02:59+00:00\",\"dateModified\":\"2025-07-01T16:09:10+00:00\",\"description\":\"Cliquez ici pour d\u00e9couvrir Quartz rose violet AA - Am\u00e9thyste A . Produits en stock d\u00e9part le jour m\u00eame ou le lendemain - Lumi\u00e8res de S\u00e9l\u00e9n\u00e9\",\"breadcrumb\":{\"@id\":\"https:\/\/lumieresdeselene.com\/index.php\/produit\/quartz-rose-violet-aa-amethyste-a-enfant\/#breadcrumb\"},\"inLanguage\":\"fr-FR\",\"potentialAction\":[{\"@type\":\"ReadAction\",\"target\":[\"https:\/\/lumieresdeselene.com\/index.php\/produit\/quartz-rose-violet-aa-amethyste-a-enfant\/\"]}]},{\"@type\":\"ImageObject\",\"inLanguage\":\"fr-FR\",\"@id\":\"https:\/\/lumieresdeselene.com\/index.php\/produit\/quartz-rose-violet-aa-amethyste-a-enfant\/#primaryimage\",\"url\":\"https:\/\/i0.wp.com\/lumieresdeselene.com\/wp-content\/uploads\/2025\/07\/IMG-20250630-WA0035-scaled.jpg?fit=2560%2C2422&ssl=1\",\"contentUrl\":\"https:\/\/i0.wp.com\/lumieresdeselene.com\/wp-content\/uploads\/2025\/07\/IMG-20250630-WA0035-scaled.jpg?fit=2560%2C2422&ssl=1\",\"width\":2560,\"height\":2422,\"caption\":\"Quartz rose violet AA - Am\u00e9thyste A enfant\"},{\"@type\":\"BreadcrumbList\",\"@id\":\"https:\/\/lumieresdeselene.com\/index.php\/produit\/quartz-rose-violet-aa-amethyste-a-enfant\/#breadcrumb\",\"itemListElement\":[{\"@type\":\"ListItem\",\"position\":1,\"name\":\"Accueil\",\"item\":\"https:\/\/lumieresdeselene.com\/\"},{\"@type\":\"ListItem\",\"position\":2,\"name\":\"Boutique\",\"item\":\"https:\/\/lumieresdeselene.com\/index.php\/boutique\/\"},{\"@type\":\"ListItem\",\"position\":3,\"name\":\"Quartz rose violet AA &#8211; Am\u00e9thyste A\"}]},{\"@type\":\"WebSite\",\"@id\":\"https:\/\/lumieresdeselene.com\/#website\",\"url\":\"https:\/\/lumieresdeselene.com\/\",\"name\":\"Lumi\u00e8res de S\u00e9l\u00e9n\u00e9\",\"description\":\"Lumi\u00e8res de S\u00e9l\u00e9n\u00e9\",\"publisher\":{\"@id\":\"https:\/\/lumieresdeselene.com\/#organization\"},\"potentialAction\":[{\"@type\":\"SearchAction\",\"target\":{\"@type\":\"EntryPoint\",\"urlTemplate\":\"https:\/\/lumieresdeselene.com\/?s={search_term_string}\"},\"query-input\":{\"@type\":\"PropertyValueSpecification\",\"valueRequired\":true,\"valueName\":\"search_term_string\"}}],\"inLanguage\":\"fr-FR\"},{\"@type\":\"Organization\",\"@id\":\"https:\/\/lumieresdeselene.com\/#organization\",\"name\":\"Lumi\u00e8res de S\u00e9l\u00e9n\u00e9\",\"url\":\"https:\/\/lumieresdeselene.com\/\",\"logo\":{\"@type\":\"ImageObject\",\"inLanguage\":\"fr-FR\",\"@id\":\"https:\/\/lumieresdeselene.com\/#\/schema\/logo\/image\/\",\"url\":\"https:\/\/i0.wp.com\/lumieresdeselene.com\/wp-content\/uploads\/2024\/01\/Lumieres-de-Selene3.jpg?fit=500%2C500&ssl=1\",\"contentUrl\":\"https:\/\/i0.wp.com\/lumieresdeselene.com\/wp-content\/uploads\/2024\/01\/Lumieres-de-Selene3.jpg?fit=500%2C500&ssl=1\",\"width\":500,\"height\":500,\"caption\":\"Lumi\u00e8res de S\u00e9l\u00e9n\u00e9\"},\"image\":{\"@id\":\"https:\/\/lumieresdeselene.com\/#\/schema\/logo\/image\/\"},\"sameAs\":[\"https:\/\/www.facebook.com\/lumieresdeselene\/\",\"https:\/\/www.instagram.com\/lumieres.selene\/\"]}]}<\/script>\n<!-- \/ Yoast SEO plugin. -->","yoast_head_json":{"title":"Quartz rose violet AA - Am\u00e9thyste A - Lumi\u00e8res de S\u00e9l\u00e9n\u00e9","description":"Cliquez ici pour d\u00e9couvrir Quartz rose violet AA - Am\u00e9thyste A . Produits en stock d\u00e9part le jour m\u00eame ou le lendemain - Lumi\u00e8res de S\u00e9l\u00e9n\u00e9","robots":{"index":"index","follow":"follow","max-snippet":"max-snippet:-1","max-image-preview":"max-image-preview:large","max-video-preview":"max-video-preview:-1"},"canonical":"https:\/\/lumieresdeselene.com\/index.php\/produit\/quartz-rose-violet-aa-amethyste-a-enfant\/","og_locale":"fr_FR","og_type":"article","og_title":"Quartz rose violet AA - Am\u00e9thyste A - Lumi\u00e8res de S\u00e9l\u00e9n\u00e9","og_description":"Cliquez ici pour d\u00e9couvrir Quartz rose violet AA - Am\u00e9thyste A . Produits en stock d\u00e9part le jour m\u00eame ou le lendemain - Lumi\u00e8res de S\u00e9l\u00e9n\u00e9","og_url":"https:\/\/lumieresdeselene.com\/index.php\/produit\/quartz-rose-violet-aa-amethyste-a-enfant\/","og_site_name":"Lumi\u00e8res de S\u00e9l\u00e9n\u00e9","article_publisher":"https:\/\/www.facebook.com\/lumieresdeselene\/","article_modified_time":"2025-07-01T16:09:10+00:00","og_image":[{"width":2560,"height":2422,"url":"https:\/\/lumieresdeselene.com\/wp-content\/uploads\/2025\/07\/IMG-20250630-WA0035-scaled.jpg","type":"image\/jpeg"}],"twitter_card":"summary_large_image","twitter_misc":{"Dur\u00e9e de lecture estim\u00e9e":"3 minutes"},"schema":{"@context":"https:\/\/schema.org","@graph":[{"@type":"WebPage","@id":"https:\/\/lumieresdeselene.com\/index.php\/produit\/quartz-rose-violet-aa-amethyste-a-enfant\/","url":"https:\/\/lumieresdeselene.com\/index.php\/produit\/quartz-rose-violet-aa-amethyste-a-enfant\/","name":"Quartz rose violet AA - Am\u00e9thyste A - Lumi\u00e8res de S\u00e9l\u00e9n\u00e9","isPartOf":{"@id":"https:\/\/lumieresdeselene.com\/#website"},"primaryImageOfPage":{"@id":"https:\/\/lumieresdeselene.com\/index.php\/produit\/quartz-rose-violet-aa-amethyste-a-enfant\/#primaryimage"},"image":{"@id":"https:\/\/lumieresdeselene.com\/index.php\/produit\/quartz-rose-violet-aa-amethyste-a-enfant\/#primaryimage"},"thumbnailUrl":"https:\/\/i0.wp.com\/lumieresdeselene.com\/wp-content\/uploads\/2025\/07\/IMG-20250630-WA0035-scaled.jpg?fit=2560%2C2422&ssl=1","datePublished":"2025-07-01T16:02:59+00:00","dateModified":"2025-07-01T16:09:10+00:00","description":"Cliquez ici pour d\u00e9couvrir Quartz rose violet AA - Am\u00e9thyste A . Produits en stock d\u00e9part le jour m\u00eame ou le lendemain - Lumi\u00e8res de S\u00e9l\u00e9n\u00e9","breadcrumb":{"@id":"https:\/\/lumieresdeselene.com\/index.php\/produit\/quartz-rose-violet-aa-amethyste-a-enfant\/#breadcrumb"},"inLanguage":"fr-FR","potentialAction":[{"@type":"ReadAction","target":["https:\/\/lumieresdeselene.com\/index.php\/produit\/quartz-rose-violet-aa-amethyste-a-enfant\/"]}]},{"@type":"ImageObject","inLanguage":"fr-FR","@id":"https:\/\/lumieresdeselene.com\/index.php\/produit\/quartz-rose-violet-aa-amethyste-a-enfant\/#primaryimage","url":"https:\/\/i0.wp.com\/lumieresdeselene.com\/wp-content\/uploads\/2025\/07\/IMG-20250630-WA0035-scaled.jpg?fit=2560%2C2422&ssl=1","contentUrl":"https:\/\/i0.wp.com\/lumieresdeselene.com\/wp-content\/uploads\/2025\/07\/IMG-20250630-WA0035-scaled.jpg?fit=2560%2C2422&ssl=1","width":2560,"height":2422,"caption":"Quartz rose violet AA - Am\u00e9thyste A enfant"},{"@type":"BreadcrumbList","@id":"https:\/\/lumieresdeselene.com\/index.php\/produit\/quartz-rose-violet-aa-amethyste-a-enfant\/#breadcrumb","itemListElement":[{"@type":"ListItem","position":1,"name":"Accueil","item":"https:\/\/lumieresdeselene.com\/"},{"@type":"ListItem","position":2,"name":"Boutique","item":"https:\/\/lumieresdeselene.com\/index.php\/boutique\/"},{"@type":"ListItem","position":3,"name":"Quartz rose violet AA &#8211; Am\u00e9thyste A"}]},{"@type":"WebSite","@id":"https:\/\/lumieresdeselene.com\/#website","url":"https:\/\/lumieresdeselene.com\/","name":"Lumi\u00e8res de S\u00e9l\u00e9n\u00e9","description":"Lumi\u00e8res de S\u00e9l\u00e9n\u00e9","publisher":{"@id":"https:\/\/lumieresdeselene.com\/#organization"},"potentialAction":[{"@type":"SearchAction","target":{"@type":"EntryPoint","urlTemplate":"https:\/\/lumieresdeselene.com\/?s={search_term_string}"},"query-input":{"@type":"PropertyValueSpecification","valueRequired":true,"valueName":"search_term_string"}}],"inLanguage":"fr-FR"},{"@type":"Organization","@id":"https:\/\/lumieresdeselene.com\/#organization","name":"Lumi\u00e8res de S\u00e9l\u00e9n\u00e9","url":"https:\/\/lumieresdeselene.com\/","logo":{"@type":"ImageObject","inLanguage":"fr-FR","@id":"https:\/\/lumieresdeselene.com\/#\/schema\/logo\/image\/","url":"https:\/\/i0.wp.com\/lumieresdeselene.com\/wp-content\/uploads\/2024\/01\/Lumieres-de-Selene3.jpg?fit=500%2C500&ssl=1","contentUrl":"https:\/\/i0.wp.com\/lumieresdeselene.com\/wp-content\/uploads\/2024\/01\/Lumieres-de-Selene3.jpg?fit=500%2C500&ssl=1","width":500,"height":500,"caption":"Lumi\u00e8res de S\u00e9l\u00e9n\u00e9"},"image":{"@id":"https:\/\/lumieresdeselene.com\/#\/schema\/logo\/image\/"},"sameAs":["https:\/\/www.facebook.com\/lumieresdeselene\/","https:\/\/www.instagram.com\/lumieres.selene\/"]}]}},"jetpack_sharing_enabled":true,"_links":{"self":[{"href":"https:\/\/lumieresdeselene.com\/index.php\/wp-json\/wp\/v2\/product\/3223","targetHints":{"allow":["GET"]}}],"collection":[{"href":"https:\/\/lumieresdeselene.com\/index.php\/wp-json\/wp\/v2\/product"}],"about":[{"href":"https:\/\/lumieresdeselene.com\/index.php\/wp-json\/wp\/v2\/types\/product"}],"replies":[{"embeddable":true,"href":"https:\/\/lumieresdeselene.com\/index.php\/wp-json\/wp\/v2\/comments?post=3223"}],"wp:featuredmedia":[{"embeddable":true,"href":"https:\/\/lumieresdeselene.com\/index.php\/wp-json\/wp\/v2\/media\/3225"}],"wp:attachment":[{"href":"https:\/\/lumieresdeselene.com\/index.php\/wp-json\/wp\/v2\/media?parent=3223"}],"wp:term":[{"taxonomy":"product_brand","embeddable":true,"href":"https:\/\/lumieresdeselene.com\/index.php\/wp-json\/wp\/v2\/product_brand?post=3223"},{"taxonomy":"product_cat","embeddable":true,"href":"https:\/\/lumieresdeselene.com\/index.php\/wp-json\/wp\/v2\/product_cat?post=3223"},{"taxonomy":"product_tag","embeddable":true,"href":"https:\/\/lumieresdeselene.com\/index.php\/wp-json\/wp\/v2\/product_tag?post=3223"}],"curies":[{"name":"wp","href":"https:\/\/api.w.org\/{rel}","templated":true}]}}