{"id":3211,"date":"2025-07-01T17:20:05","date_gmt":"2025-07-01T15:20:05","guid":{"rendered":"https:\/\/lumieresdeselene.com\/?post_type=product&#038;p=3211"},"modified":"2025-07-01T17:32:01","modified_gmt":"2025-07-01T15:32:01","slug":"cristal-de-roche-a-sodalite-a-lapis-lazuli-aa","status":"publish","type":"product","link":"https:\/\/lumieresdeselene.com\/index.php\/produit\/cristal-de-roche-a-sodalite-a-lapis-lazuli-aa\/","title":{"rendered":"Cristal de roche A &#8211; Sodalite A &#8211; Lapis Lazuli AA"},"content":{"rendered":"<p><strong><span style=\"font-family: Ephesis; font-size: 26px;\">Lapis Lazuli :<\/span><\/strong><\/p>\n<p><span style=\"font-family: Ephesis; font-size: 26px;\">Il y a de cela 6000 ans avant J\u00e9sus Christ, ce min\u00e9ral ornait les objets sacr\u00e9s d\u00e9di\u00e9s aux c\u00e9r\u00e9monies. Au temps des \u00c9gyptiens, le Lapis Lazuli \u00e9tait symbole de puissance divine et de force de vie. La couleur bleue \u00e9tait pour eux signe d\u2019immortalit\u00e9 et d\u2019infini. Les pharaons pla\u00e7aient dans leurs tombeaux des amulettes de Lapis Lazuli pour se prot\u00e9ger, en forme de scarab\u00e9e ou d\u2019\u0153il.<\/span><\/p>\n<p><span style=\"font-family: Ephesis; font-size: 26px;\"><strong><u>Ses bienfaits sur le plan psychique<\/u><\/strong><\/span><\/p>\n<p><span style=\"font-family: Ephesis; font-size: 26px;\">La plus adapt\u00e9e aux personnes timides, introverties et renferm\u00e9es, car elle rehausse la confiance en soi \u00e0 travers l\u2019acceptation de sa propre personne.<\/span><\/p>\n<p><span style=\"font-family: Ephesis; font-size: 26px;\">Lib\u00e8re et procure une certaine facilit\u00e9 de communication au niveau des \u00e9motions et des sentiments, favorise donc la communication orale.<\/span><\/p>\n<p><span style=\"font-family: Ephesis; font-size: 26px;\">Excellent moyen pour d\u00e9velopper les dons extra-sensoriels.<\/span><\/p>\n<p><span style=\"font-family: Ephesis; font-size: 26px;\"><strong><u>Ses bienfaits sur le plan physique<\/u><\/strong><\/span><\/p>\n<p><span style=\"font-family: Ephesis; font-size: 26px;\">Aide au bon fonctionnement des yeux en r\u00e9duisant les troubles de la vue. Elle permet \u00e9galement de r\u00e9duire les migraines, qui peuvent \u00eatre li\u00e9es \u00e0 des yeux fatigu\u00e9s.<\/span><\/p>\n<p><span style=\"font-family: Ephesis; font-size: 26px;\">Joue un r\u00f4le de renforcement des fonctions respiratoires et r\u00e9duit les toux, accompagne particuli\u00e8rement les asthmatiques, pour apaiser les probl\u00e8mes de souffle et les inflammations des bronches.<\/span><\/p>\n<p><span style=\"font-family: Ephesis; font-size: 26px;\">Vertus bienfaitrice sur l\u2019ensemble de la sph\u00e8re ORL..<\/span><\/p>\n<p><span style=\"font-family: Ephesis; font-size: 26px;\">Efficace pour lutter contre les insomnies, le sommeil hach\u00e9, perturb\u00e9 ou les cauchemars. Il suffit de le placer dans la chambre, sur votre table de chevet ou sous votre oreiller.<\/span><\/p>\n<p><span style=\"font-family: Ephesis; font-size: 26px;\">Associ\u00e9 \u00e0 l\u2019\u00e9l\u00e9ment eau, poss\u00e8de une action tr\u00e8s positive sur le fonctionnement des reins et de la vessie. R\u00e9gule \u00e9galement le confort digestif et apaise les douleurs des cycles menstruels.<\/span><\/p>\n<p>&nbsp;<\/p>\n<p><strong><span style=\"font-family: Ephesis; font-size: 26px;\">Sodalite :<\/span><\/strong><\/p>\n<p><span style=\"font-family: Ephesis; font-size: 26px;\">En 2000 avant J.C, la civilisation de Caral au Nord du P\u00e9rou, utilise la\u00a0<a href=\"https:\/\/lumieresdeselene.com\/index.php\/produit\/sodalite-a\/\">sodalite<\/a>\u00a0dans ses rituels. Sur le site arch\u00e9ologique, on a retrouv\u00e9 des offrandes compos\u00e9es de fragments de sodalite.<\/span><\/p>\n<p><span style=\"font-family: Ephesis; font-size: 26px;\"><strong><u>Ses bienfaits sur le plan psychique<\/u><\/strong><\/span><\/p>\n<p><span style=\"font-family: Ephesis; font-size: 26px;\">Pierre apaisante.<\/span><\/p>\n<p><span style=\"font-family: Ephesis; font-size: 26px;\">Rassure les personnes en manque de confiance.<\/span><\/p>\n<p><span style=\"font-family: Ephesis; font-size: 26px;\">Redonne de l\u2019humilit\u00e9 ou au contraire l\u00e8ve le sentiment d\u2019inf\u00e9riorit\u00e9, aide \u00e0 maitriser les \u00e9motions et les exc\u00e8s de sensibilit\u00e9.<\/span><\/p>\n<p><span style=\"font-family: Ephesis; font-size: 26px;\">Accentue la logique, canalise la pens\u00e9e de fa\u00e7on rationnelle et engendre des raisonnements de qualit\u00e9.<\/span><\/p>\n<p><span style=\"font-family: Ephesis; font-size: 26px;\"><u>Vein\u00e9e de blanc\u00a0<\/u>: elle harmonise les \u00e9nergies et facilite la coh\u00e9sion du groupe.<\/span><\/p>\n<p><span style=\"font-family: Ephesis; font-size: 26px;\"><u>Fonc\u00e9e\u00a0<\/u>: offre une bonne protection contre les influences n\u00e9gatives.<\/span><\/p>\n<p><span style=\"font-family: Ephesis; font-size: 26px;\"><strong><u>Ses bienfaits sur le plan physique<\/u><\/strong><\/span><\/p>\n<p><span style=\"font-family: Ephesis; font-size: 26px;\">Permet \u00e0 l\u2019organisme de fixer et d\u2019assimiler le calcium.<\/span><\/p>\n<p><span style=\"font-family: Ephesis; font-size: 26px;\">Active le syst\u00e8me immunitaire.<\/span><\/p>\n<p><span style=\"font-family: Ephesis; font-size: 26px;\">Vertus contre les affections de la gorge et des yeux, calme les enrouements et a une action favorable sur la thyro\u00efde.<\/span><\/p>\n<p><span style=\"font-family: Ephesis; font-size: 26px;\">Utilis\u00e9e pour r\u00e9duire l\u2019hypertension.<\/span><\/p>\n<p><span style=\"font-family: Ephesis; font-size: 26px;\">Permet aux nouveaux n\u00e9s de vivre une croissance \u00e9quilibr\u00e9e.<\/span><\/p>\n<p><span style=\"font-family: Ephesis; font-size: 26px;\">Appr\u00e9ci\u00e9 des animaux.<\/span><\/p>\n<p>&nbsp;<\/p>\n<p><strong><span style=\"font-family: Ephesis; font-size: 26px;\">Cristal de Roche :<\/span><\/strong><\/p>\n<p><span style=\"font-family: Ephesis; font-size: 26px;\">Les Grecs ont utilis\u00e9 pour la premi\u00e8re fois le\u00a0<a href=\"https:\/\/lumieresdeselene.com\/index.php\/produit\/cristal-de-roche-tourmaline-ronde-aa\/\">cristal de roche<\/a>\u00a0en 1500 avant J.C.<\/span><\/p>\n<p><span style=\"font-family: Ephesis; font-size: 26px;\">Pendant la renaissance, les artisans Milanais perfectionn\u00e8rent leurs arts et r\u00e9alis\u00e8rent de magnifiques \u0153uvres en\u00a0<a href=\"https:\/\/lumieresdeselene.com\/index.php\/produit\/cristal-de-roche-arbre-de-vie-forme-lune\/\">cristal de roche<\/a>\u00a0(gobelets, coupes et vases) qui sont toujours expos\u00e9s aujourd\u2019hui au Louvre.<\/span><\/p>\n<p><span style=\"font-family: Ephesis; font-size: 26px;\"><strong>Pierre maitresse en lithoth\u00e9rapie, qui vise \u00e0 purifier, recharger (g\u00e9ode) et amplifier les autres cristaux.<\/strong><\/span><\/p>\n<p><span style=\"font-family: Ephesis; font-size: 26px;\"><strong><u>Ses bienfaits sur le plan psychique<\/u><\/strong><\/span><\/p>\n<p><span style=\"font-family: Ephesis; font-size: 26px;\">Tr\u00e8s puissant, il a la particularit\u00e9 de recevoir, d\u2019\u00e9mettre, de transformer et d\u2018amplifier les \u00e9nergies.<\/span><\/p>\n<p><span style=\"font-family: Ephesis; font-size: 26px;\">Aide \u00e0 se r\u00e9orienter et se r\u00e9aligner \u00e9nerg\u00e9tiquement apr\u00e8s des perturbations, \u00e0 stabiliser et \u00e0 harmoniser le corps \u00e9nerg\u00e9tique et \u00e0 atteindre des fr\u00e9quences vibratoires \u00e9lev\u00e9es.<\/span><\/p>\n<p><span style=\"font-family: Ephesis; font-size: 26px;\">Permet d\u2019aiguiser certaines capacit\u00e9s mentales, la clairvoyance, l\u2019intuition, la visualisation et la concentration.<\/span><\/p>\n<p><span style=\"font-family: Ephesis; font-size: 26px;\">Utile dans la pratique de la m\u00e9ditation, permet d\u2019atteindre rapidement un haut niveau de conscience.<\/span><\/p>\n<p><span style=\"font-family: Ephesis; font-size: 26px;\"><strong><u>Ses bienfaits sur le plan physique<\/u><\/strong><\/span><\/p>\n<p><span style=\"font-family: Ephesis; font-size: 26px;\">Gu\u00e9risseur par excellence, en canalisant toutes les \u00e9nergies.<\/span><\/p>\n<p><span style=\"font-family: Ephesis; font-size: 26px;\">Il permet de traiter toutes les affections physiques et mentales, maux de dos (r\u00e9gion lombaire), syst\u00e8me immunitaire, douleurs oculaires, acouph\u00e8nes , c\u0153ur, poumons et syst\u00e8me digestif.<\/span><\/p>\n<p><span style=\"font-family: Ephesis; font-size: 26px;\">Conseill\u00e9 pour se lib\u00e9rer des addictions et de leurs r\u00e9percussions.<\/span><\/p>\n<p>&nbsp;<\/p>\n<p><span style=\"font-family: Ephesis; font-size: 26px;\"><em><strong>La lithoth\u00e9rapie peut \u00eatre utilis\u00e9e en compl\u00e9ment des soins qui vous sont apport\u00e9s, mais ne remplace en aucun cas un avis m\u00e9dical et\/ ou traitement.<\/strong><\/em><\/span><\/p>\n<p><span style=\"font-family: Ephesis; font-size: 26px;\"><em>D\u00e9conseill\u00e9 aux enfants de moins de 3 ans. Pr\u00e9sente un risque d\u2019\u00e9touffement.<\/em><\/span><\/p>\n<p><span style=\"font-family: Ephesis; font-size: 26px;\">Photos non contractuelles.<\/span><\/p>\n","protected":false},"excerpt":{"rendered":"<p><span style=\"font-family: Ephesis; font-size: 26px;\">Bracelet cheville boules 4mm.<\/span><\/p>\n<p><span style=\"font-family: Ephesis;\"><span style=\"font-size: 26px;\">Cristal de Roche qualit\u00e9 A (Bonne) provenance Br\u00e9sil.<\/span><\/span><\/p>\n<p><span style=\"font-family: Ephesis; font-size: 26px;\">Sodalite qualit\u00e9 A (Bonne) provenance Br\u00e9sil.<\/span><\/p>\n<p><span style=\"font-family: Ephesis; font-size: 26px;\">Lapis Lazuli qualit\u00e9 AA (Tr\u00e8s Elev\u00e9e), provenance Afghanistan.<\/span><\/p>\n<p><span style=\"font-family: Ephesis; font-size: 26px;\">Diam\u00e8tre en cm : 24-29 cm, avec chainette r\u00e9glable couleur argent, acier inoxydable.<\/span><\/p>\n<p><span style=\"font-family: Ephesis; font-size: 26px;\">Breloques d\u00e9coratives.<\/span><\/p>\n","protected":false},"featured_media":3212,"comment_status":"closed","ping_status":"closed","template":"","meta":[],"product_brand":[],"product_cat":[576],"product_tag":[512,156,173,116,189,567,176,465,270,528,219,110,513,333,122,217,159,138,558,511],"class_list":{"0":"post-3211","1":"product","2":"type-product","3":"status-publish","4":"has-post-thumbnail","6":"product_cat-bracelets-cheville","7":"product_tag-amplificateur-et-emetteur","8":"product_tag-apaisante","9":"product_tag-courage","10":"product_tag-detox","11":"product_tag-drainante","12":"product_tag-enfant","13":"product_tag-equilibre-emotionnel","14":"product_tag-humilite","15":"product_tag-hypertension","16":"product_tag-mediter","17":"product_tag-orl","18":"product_tag-os","19":"product_tag-recentre-toutes-energies","20":"product_tag-recepteur","21":"product_tag-relation","22":"product_tag-sensibilite","23":"product_tag-sommeil","24":"product_tag-stabilisante","25":"product_tag-timidite","26":"product_tag-visualisation","28":"first","29":"instock","30":"purchasable","31":"product-type-simple"},"yoast_head":"<!-- This site is optimized with the Yoast SEO plugin v27.1 - https:\/\/yoast.com\/product\/yoast-seo-wordpress\/ -->\n<title>Cristal de roche A - Sodalite A - Lapis Lazuli AA - Produits en stock - Lumi\u00e8res de S\u00e9l\u00e9n\u00e9<\/title>\n<meta name=\"description\" content=\"Cliquez ici pour d\u00e9couvrir Cristal de roche A - Sodalite A - Lapis Lazuli AA - Lumi\u00e8res de S\u00e9l\u00e9n\u00e9\" \/>\n<meta name=\"robots\" content=\"index, follow, max-snippet:-1, max-image-preview:large, max-video-preview:-1\" \/>\n<link rel=\"canonical\" href=\"https:\/\/lumieresdeselene.com\/index.php\/produit\/cristal-de-roche-a-sodalite-a-lapis-lazuli-aa\/\" \/>\n<meta property=\"og:locale\" content=\"fr_FR\" \/>\n<meta property=\"og:type\" content=\"article\" \/>\n<meta property=\"og:title\" content=\"Cristal de roche A - Sodalite A - Lapis Lazuli AA - Produits en stock - Lumi\u00e8res de S\u00e9l\u00e9n\u00e9\" \/>\n<meta property=\"og:description\" content=\"Cliquez ici pour d\u00e9couvrir Cristal de roche A - Sodalite A - Lapis Lazuli AA - Lumi\u00e8res de S\u00e9l\u00e9n\u00e9\" \/>\n<meta property=\"og:url\" content=\"https:\/\/lumieresdeselene.com\/index.php\/produit\/cristal-de-roche-a-sodalite-a-lapis-lazuli-aa\/\" \/>\n<meta property=\"og:site_name\" content=\"Lumi\u00e8res de S\u00e9l\u00e9n\u00e9\" \/>\n<meta property=\"article:publisher\" content=\"https:\/\/www.facebook.com\/lumieresdeselene\/\" \/>\n<meta property=\"article:modified_time\" content=\"2025-07-01T15:32:01+00:00\" \/>\n<meta property=\"og:image\" content=\"https:\/\/lumieresdeselene.com\/wp-content\/uploads\/2025\/07\/IMG_20250630_154535-scaled.jpg\" \/>\n\t<meta property=\"og:image:width\" content=\"2560\" \/>\n\t<meta property=\"og:image:height\" content=\"2411\" \/>\n\t<meta property=\"og:image:type\" content=\"image\/jpeg\" \/>\n<meta name=\"twitter:card\" content=\"summary_large_image\" \/>\n<meta name=\"twitter:label1\" content=\"Dur\u00e9e de lecture estim\u00e9e\" \/>\n\t<meta name=\"twitter:data1\" content=\"4 minutes\" \/>\n<script type=\"application\/ld+json\" class=\"yoast-schema-graph\">{\"@context\":\"https:\/\/schema.org\",\"@graph\":[{\"@type\":\"WebPage\",\"@id\":\"https:\/\/lumieresdeselene.com\/index.php\/produit\/cristal-de-roche-a-sodalite-a-lapis-lazuli-aa\/\",\"url\":\"https:\/\/lumieresdeselene.com\/index.php\/produit\/cristal-de-roche-a-sodalite-a-lapis-lazuli-aa\/\",\"name\":\"Cristal de roche A - Sodalite A - Lapis Lazuli AA - Produits en stock - Lumi\u00e8res de S\u00e9l\u00e9n\u00e9\",\"isPartOf\":{\"@id\":\"https:\/\/lumieresdeselene.com\/#website\"},\"primaryImageOfPage\":{\"@id\":\"https:\/\/lumieresdeselene.com\/index.php\/produit\/cristal-de-roche-a-sodalite-a-lapis-lazuli-aa\/#primaryimage\"},\"image\":{\"@id\":\"https:\/\/lumieresdeselene.com\/index.php\/produit\/cristal-de-roche-a-sodalite-a-lapis-lazuli-aa\/#primaryimage\"},\"thumbnailUrl\":\"https:\/\/i0.wp.com\/lumieresdeselene.com\/wp-content\/uploads\/2025\/07\/IMG_20250630_154535-scaled.jpg?fit=2560%2C2411&ssl=1\",\"datePublished\":\"2025-07-01T15:20:05+00:00\",\"dateModified\":\"2025-07-01T15:32:01+00:00\",\"description\":\"Cliquez ici pour d\u00e9couvrir Cristal de roche A - Sodalite A - Lapis Lazuli AA - Lumi\u00e8res de S\u00e9l\u00e9n\u00e9\",\"breadcrumb\":{\"@id\":\"https:\/\/lumieresdeselene.com\/index.php\/produit\/cristal-de-roche-a-sodalite-a-lapis-lazuli-aa\/#breadcrumb\"},\"inLanguage\":\"fr-FR\",\"potentialAction\":[{\"@type\":\"ReadAction\",\"target\":[\"https:\/\/lumieresdeselene.com\/index.php\/produit\/cristal-de-roche-a-sodalite-a-lapis-lazuli-aa\/\"]}]},{\"@type\":\"ImageObject\",\"inLanguage\":\"fr-FR\",\"@id\":\"https:\/\/lumieresdeselene.com\/index.php\/produit\/cristal-de-roche-a-sodalite-a-lapis-lazuli-aa\/#primaryimage\",\"url\":\"https:\/\/i0.wp.com\/lumieresdeselene.com\/wp-content\/uploads\/2025\/07\/IMG_20250630_154535-scaled.jpg?fit=2560%2C2411&ssl=1\",\"contentUrl\":\"https:\/\/i0.wp.com\/lumieresdeselene.com\/wp-content\/uploads\/2025\/07\/IMG_20250630_154535-scaled.jpg?fit=2560%2C2411&ssl=1\",\"width\":2560,\"height\":2411,\"caption\":\"Cristal de roche A - Sodalite A - Lapis Lazuli AA cheville\"},{\"@type\":\"BreadcrumbList\",\"@id\":\"https:\/\/lumieresdeselene.com\/index.php\/produit\/cristal-de-roche-a-sodalite-a-lapis-lazuli-aa\/#breadcrumb\",\"itemListElement\":[{\"@type\":\"ListItem\",\"position\":1,\"name\":\"Accueil\",\"item\":\"https:\/\/lumieresdeselene.com\/\"},{\"@type\":\"ListItem\",\"position\":2,\"name\":\"Boutique\",\"item\":\"https:\/\/lumieresdeselene.com\/index.php\/boutique\/\"},{\"@type\":\"ListItem\",\"position\":3,\"name\":\"Cristal de roche A &#8211; Sodalite A &#8211; Lapis Lazuli AA\"}]},{\"@type\":\"WebSite\",\"@id\":\"https:\/\/lumieresdeselene.com\/#website\",\"url\":\"https:\/\/lumieresdeselene.com\/\",\"name\":\"Lumi\u00e8res de S\u00e9l\u00e9n\u00e9\",\"description\":\"Lumi\u00e8res de S\u00e9l\u00e9n\u00e9\",\"publisher\":{\"@id\":\"https:\/\/lumieresdeselene.com\/#organization\"},\"potentialAction\":[{\"@type\":\"SearchAction\",\"target\":{\"@type\":\"EntryPoint\",\"urlTemplate\":\"https:\/\/lumieresdeselene.com\/?s={search_term_string}\"},\"query-input\":{\"@type\":\"PropertyValueSpecification\",\"valueRequired\":true,\"valueName\":\"search_term_string\"}}],\"inLanguage\":\"fr-FR\"},{\"@type\":\"Organization\",\"@id\":\"https:\/\/lumieresdeselene.com\/#organization\",\"name\":\"Lumi\u00e8res de S\u00e9l\u00e9n\u00e9\",\"url\":\"https:\/\/lumieresdeselene.com\/\",\"logo\":{\"@type\":\"ImageObject\",\"inLanguage\":\"fr-FR\",\"@id\":\"https:\/\/lumieresdeselene.com\/#\/schema\/logo\/image\/\",\"url\":\"https:\/\/i0.wp.com\/lumieresdeselene.com\/wp-content\/uploads\/2024\/01\/Lumieres-de-Selene3.jpg?fit=500%2C500&ssl=1\",\"contentUrl\":\"https:\/\/i0.wp.com\/lumieresdeselene.com\/wp-content\/uploads\/2024\/01\/Lumieres-de-Selene3.jpg?fit=500%2C500&ssl=1\",\"width\":500,\"height\":500,\"caption\":\"Lumi\u00e8res de S\u00e9l\u00e9n\u00e9\"},\"image\":{\"@id\":\"https:\/\/lumieresdeselene.com\/#\/schema\/logo\/image\/\"},\"sameAs\":[\"https:\/\/www.facebook.com\/lumieresdeselene\/\",\"https:\/\/www.instagram.com\/lumieres.selene\/\"]}]}<\/script>\n<!-- \/ Yoast SEO plugin. -->","yoast_head_json":{"title":"Cristal de roche A - Sodalite A - Lapis Lazuli AA - Produits en stock - Lumi\u00e8res de S\u00e9l\u00e9n\u00e9","description":"Cliquez ici pour d\u00e9couvrir Cristal de roche A - Sodalite A - Lapis Lazuli AA - Lumi\u00e8res de S\u00e9l\u00e9n\u00e9","robots":{"index":"index","follow":"follow","max-snippet":"max-snippet:-1","max-image-preview":"max-image-preview:large","max-video-preview":"max-video-preview:-1"},"canonical":"https:\/\/lumieresdeselene.com\/index.php\/produit\/cristal-de-roche-a-sodalite-a-lapis-lazuli-aa\/","og_locale":"fr_FR","og_type":"article","og_title":"Cristal de roche A - Sodalite A - Lapis Lazuli AA - Produits en stock - Lumi\u00e8res de S\u00e9l\u00e9n\u00e9","og_description":"Cliquez ici pour d\u00e9couvrir Cristal de roche A - Sodalite A - Lapis Lazuli AA - Lumi\u00e8res de S\u00e9l\u00e9n\u00e9","og_url":"https:\/\/lumieresdeselene.com\/index.php\/produit\/cristal-de-roche-a-sodalite-a-lapis-lazuli-aa\/","og_site_name":"Lumi\u00e8res de S\u00e9l\u00e9n\u00e9","article_publisher":"https:\/\/www.facebook.com\/lumieresdeselene\/","article_modified_time":"2025-07-01T15:32:01+00:00","og_image":[{"width":2560,"height":2411,"url":"https:\/\/lumieresdeselene.com\/wp-content\/uploads\/2025\/07\/IMG_20250630_154535-scaled.jpg","type":"image\/jpeg"}],"twitter_card":"summary_large_image","twitter_misc":{"Dur\u00e9e de lecture estim\u00e9e":"4 minutes"},"schema":{"@context":"https:\/\/schema.org","@graph":[{"@type":"WebPage","@id":"https:\/\/lumieresdeselene.com\/index.php\/produit\/cristal-de-roche-a-sodalite-a-lapis-lazuli-aa\/","url":"https:\/\/lumieresdeselene.com\/index.php\/produit\/cristal-de-roche-a-sodalite-a-lapis-lazuli-aa\/","name":"Cristal de roche A - Sodalite A - Lapis Lazuli AA - Produits en stock - Lumi\u00e8res de S\u00e9l\u00e9n\u00e9","isPartOf":{"@id":"https:\/\/lumieresdeselene.com\/#website"},"primaryImageOfPage":{"@id":"https:\/\/lumieresdeselene.com\/index.php\/produit\/cristal-de-roche-a-sodalite-a-lapis-lazuli-aa\/#primaryimage"},"image":{"@id":"https:\/\/lumieresdeselene.com\/index.php\/produit\/cristal-de-roche-a-sodalite-a-lapis-lazuli-aa\/#primaryimage"},"thumbnailUrl":"https:\/\/i0.wp.com\/lumieresdeselene.com\/wp-content\/uploads\/2025\/07\/IMG_20250630_154535-scaled.jpg?fit=2560%2C2411&ssl=1","datePublished":"2025-07-01T15:20:05+00:00","dateModified":"2025-07-01T15:32:01+00:00","description":"Cliquez ici pour d\u00e9couvrir Cristal de roche A - Sodalite A - Lapis Lazuli AA - Lumi\u00e8res de S\u00e9l\u00e9n\u00e9","breadcrumb":{"@id":"https:\/\/lumieresdeselene.com\/index.php\/produit\/cristal-de-roche-a-sodalite-a-lapis-lazuli-aa\/#breadcrumb"},"inLanguage":"fr-FR","potentialAction":[{"@type":"ReadAction","target":["https:\/\/lumieresdeselene.com\/index.php\/produit\/cristal-de-roche-a-sodalite-a-lapis-lazuli-aa\/"]}]},{"@type":"ImageObject","inLanguage":"fr-FR","@id":"https:\/\/lumieresdeselene.com\/index.php\/produit\/cristal-de-roche-a-sodalite-a-lapis-lazuli-aa\/#primaryimage","url":"https:\/\/i0.wp.com\/lumieresdeselene.com\/wp-content\/uploads\/2025\/07\/IMG_20250630_154535-scaled.jpg?fit=2560%2C2411&ssl=1","contentUrl":"https:\/\/i0.wp.com\/lumieresdeselene.com\/wp-content\/uploads\/2025\/07\/IMG_20250630_154535-scaled.jpg?fit=2560%2C2411&ssl=1","width":2560,"height":2411,"caption":"Cristal de roche A - Sodalite A - Lapis Lazuli AA cheville"},{"@type":"BreadcrumbList","@id":"https:\/\/lumieresdeselene.com\/index.php\/produit\/cristal-de-roche-a-sodalite-a-lapis-lazuli-aa\/#breadcrumb","itemListElement":[{"@type":"ListItem","position":1,"name":"Accueil","item":"https:\/\/lumieresdeselene.com\/"},{"@type":"ListItem","position":2,"name":"Boutique","item":"https:\/\/lumieresdeselene.com\/index.php\/boutique\/"},{"@type":"ListItem","position":3,"name":"Cristal de roche A &#8211; Sodalite A &#8211; Lapis Lazuli AA"}]},{"@type":"WebSite","@id":"https:\/\/lumieresdeselene.com\/#website","url":"https:\/\/lumieresdeselene.com\/","name":"Lumi\u00e8res de S\u00e9l\u00e9n\u00e9","description":"Lumi\u00e8res de S\u00e9l\u00e9n\u00e9","publisher":{"@id":"https:\/\/lumieresdeselene.com\/#organization"},"potentialAction":[{"@type":"SearchAction","target":{"@type":"EntryPoint","urlTemplate":"https:\/\/lumieresdeselene.com\/?s={search_term_string}"},"query-input":{"@type":"PropertyValueSpecification","valueRequired":true,"valueName":"search_term_string"}}],"inLanguage":"fr-FR"},{"@type":"Organization","@id":"https:\/\/lumieresdeselene.com\/#organization","name":"Lumi\u00e8res de S\u00e9l\u00e9n\u00e9","url":"https:\/\/lumieresdeselene.com\/","logo":{"@type":"ImageObject","inLanguage":"fr-FR","@id":"https:\/\/lumieresdeselene.com\/#\/schema\/logo\/image\/","url":"https:\/\/i0.wp.com\/lumieresdeselene.com\/wp-content\/uploads\/2024\/01\/Lumieres-de-Selene3.jpg?fit=500%2C500&ssl=1","contentUrl":"https:\/\/i0.wp.com\/lumieresdeselene.com\/wp-content\/uploads\/2024\/01\/Lumieres-de-Selene3.jpg?fit=500%2C500&ssl=1","width":500,"height":500,"caption":"Lumi\u00e8res de S\u00e9l\u00e9n\u00e9"},"image":{"@id":"https:\/\/lumieresdeselene.com\/#\/schema\/logo\/image\/"},"sameAs":["https:\/\/www.facebook.com\/lumieresdeselene\/","https:\/\/www.instagram.com\/lumieres.selene\/"]}]}},"jetpack_sharing_enabled":true,"_links":{"self":[{"href":"https:\/\/lumieresdeselene.com\/index.php\/wp-json\/wp\/v2\/product\/3211","targetHints":{"allow":["GET"]}}],"collection":[{"href":"https:\/\/lumieresdeselene.com\/index.php\/wp-json\/wp\/v2\/product"}],"about":[{"href":"https:\/\/lumieresdeselene.com\/index.php\/wp-json\/wp\/v2\/types\/product"}],"replies":[{"embeddable":true,"href":"https:\/\/lumieresdeselene.com\/index.php\/wp-json\/wp\/v2\/comments?post=3211"}],"wp:featuredmedia":[{"embeddable":true,"href":"https:\/\/lumieresdeselene.com\/index.php\/wp-json\/wp\/v2\/media\/3212"}],"wp:attachment":[{"href":"https:\/\/lumieresdeselene.com\/index.php\/wp-json\/wp\/v2\/media?parent=3211"}],"wp:term":[{"taxonomy":"product_brand","embeddable":true,"href":"https:\/\/lumieresdeselene.com\/index.php\/wp-json\/wp\/v2\/product_brand?post=3211"},{"taxonomy":"product_cat","embeddable":true,"href":"https:\/\/lumieresdeselene.com\/index.php\/wp-json\/wp\/v2\/product_cat?post=3211"},{"taxonomy":"product_tag","embeddable":true,"href":"https:\/\/lumieresdeselene.com\/index.php\/wp-json\/wp\/v2\/product_tag?post=3211"}],"curies":[{"name":"wp","href":"https:\/\/api.w.org\/{rel}","templated":true}]}}