{"id":3202,"date":"2025-07-01T16:43:21","date_gmt":"2025-07-01T14:43:21","guid":{"rendered":"https:\/\/lumieresdeselene.com\/?post_type=product&#038;p=3202"},"modified":"2025-12-24T16:13:41","modified_gmt":"2025-12-24T15:13:41","slug":"aventurine-verte-a-pierre-de-lune-rose-aa","status":"publish","type":"product","link":"https:\/\/lumieresdeselene.com\/index.php\/produit\/aventurine-verte-a-pierre-de-lune-rose-aa\/","title":{"rendered":"Aventurine Verte A &#8211; Pierre de Lune rose AA"},"content":{"rendered":"<p><span style=\"font-family: Ephesis; font-size: 26px;\"><a href=\"https:\/\/lumieresdeselene.com\/index.php\/produit\/pierre-de-lune-multicolore-a-2\/\"><strong>Pierre de Lune Rose :<\/strong><\/a><\/span><\/p>\n<p><span style=\"font-family: Ephesis; font-size: 26px;\">L\u2019origine de la pierre de\u00a0<a href=\"https:\/\/lumieresdeselene.com\/index.php\/produit\/pierre-de-lune-multicolore-a\/\">lune<\/a>\u00a0remonte \u00e0 plusieurs si\u00e8cles.\u00a0Les cycles lunaires influencent la nature mais aussi les Hommes.\u00a0Ils modifient notre humeur, bouleversent notre cycle de sommeil.\u00a0Les civilisations comparent depuis tout temps les influences de l\u2019astre lunaire \u00e0 la Pierre de Lune.<\/span><\/p>\n<p><span style=\"font-family: Ephesis; font-size: 26px;\"><strong><u>Ses bienfaits sur le plan psychique<\/u><\/strong><\/span><\/p>\n<p><span style=\"font-family: Ephesis; font-size: 26px;\">La Pierre de Lune est synonyme de f\u00e9minit\u00e9, de maternit\u00e9 et d\u2019innocence.<\/span><\/p>\n<p><span style=\"font-family: Ephesis; font-size: 26px;\">Apaisante et b\u00e9n\u00e9fique au \u00ab moi \u00bb int\u00e9rieur et aux \u00e9motions en g\u00e9n\u00e9ral.<\/span><\/p>\n<p><span style=\"font-family: Ephesis; font-size: 26px;\">\u00c9limine les blocages d\u2019\u00e9nergie.<\/span><\/p>\n<p><span style=\"font-family: Ephesis; font-size: 26px;\">Apporte le calme et la ma\u00eetrise, l\u2019\u00e9quilibre, la confiance, le sang-froid, la s\u00e9r\u00e9nit\u00e9 d\u2019esprit, la bienveillance et la compassion.<\/span><\/p>\n<p><span style=\"font-family: Ephesis; font-size: 26px;\"><strong><u>Ses bienfaits sur le plan physique<\/u><\/strong><\/span><\/p>\n<p><span style=\"font-family: Ephesis; font-size: 26px;\">R\u00e9duit significativement le stress et les tensions.<\/span><\/p>\n<p><span style=\"font-family: Ephesis; font-size: 26px;\">Permet une r\u00e9duction des probl\u00e8mes de peau, notamment de l\u2019acn\u00e9.<\/span><\/p>\n<p><span style=\"font-family: Ephesis; font-size: 26px;\">Am\u00e9liore la qualit\u00e9 de la peau, des ongles et des cheveux.<\/span><\/p>\n<p><span style=\"font-family: Ephesis; font-size: 26px;\">Att\u00e9nue les affections d\u00e9g\u00e9n\u00e9ratives des yeux.<\/span><\/p>\n<p><span style=\"font-family: Ephesis; font-size: 26px;\">Favoriser la circulation sanguine.<\/span><\/p>\n<p>&nbsp;<\/p>\n<p><a href=\"https:\/\/lumieresdeselene.com\/index.php\/produit\/aventurine-verte-a\/\"><span style=\"color: #339966;\"><strong><span style=\"font-family: Ephesis; font-size: 26px;\">Aventurine Verte :\u00a0<\/span><\/strong><\/span><\/a><\/p>\n<p><span style=\"font-family: Ephesis; font-size: 26px;\">On retrouve les premi\u00e8res traces de cette pierre verte incroyable, il y a plus de 4000 ans, en Chine. Dans la culture chinoise, cette pierre est associ\u00e9e \u00e0 la d\u00e9esse Guanyin Pusa, la d\u00e9esse de la compassion, de l\u2019amour inconditionnel ainsi que de la piti\u00e9.<\/span><\/p>\n<p><span style=\"font-family: Ephesis; font-size: 26px;\">Sa couleur verte est due \u00e0 la pr\u00e9sence de Fuchsite.<\/span><\/p>\n<p><span style=\"font-family: Ephesis; font-size: 26px;\"><strong><u>Ses bienfaits sur le plan psychique<\/u><\/strong><\/span><\/p>\n<p><span style=\"font-family: Ephesis; font-size: 26px;\">Vertus profond\u00e9ment apaisantes, favorise la d\u00e9tente et le repos, calme la col\u00e8re et l\u2019irritabilit\u00e9, d\u00e9veloppe la patience, la tol\u00e9rance et la compassion.<\/span><\/p>\n<p><span style=\"font-family: Ephesis; font-size: 26px;\">Apporte une vision claire et positive des \u00e9v\u00e9nements, conforte la capacit\u00e9 de d\u00e9cision.<\/span><\/p>\n<p><span style=\"font-family: Ephesis; font-size: 26px;\"><strong><u>Ses bienfaits sur le plan physique<\/u><\/strong><\/span><\/p>\n<p><span style=\"font-family: Ephesis; font-size: 26px;\">B\u00e9n\u00e9fique aux muscles, aux poumons et au c\u0153ur, aux glandes surr\u00e9nales et au syst\u00e8me uro-g\u00e9nital.<\/span><\/p>\n<p><span style=\"font-family: Ephesis; font-size: 26px;\">Anti-inflammatoire naturelle, soulage les sympt\u00f4mes des pathologies de l\u2019\u0153il, les allergies, probl\u00e8mes de peau et migraines.<\/span><\/p>\n<p><span style=\"font-family: Ephesis; font-size: 26px;\">Vertus sur les organes urinaires et sur le c\u0153ur mais aussi les sinus et le thymus.<\/span><\/p>\n<p><span style=\"font-family: Ephesis; font-size: 26px;\">Favorise une croissance \u00e9quilibr\u00e9e chez les enfants.<\/span><\/p>\n<p>&nbsp;<\/p>\n<p><span style=\"font-family: Ephesis; font-size: 26px;\"><em><strong>La lithoth\u00e9rapie peut \u00eatre utilis\u00e9e en compl\u00e9ment des soins qui vous sont apport\u00e9s, mais ne remplace en aucun cas un avis m\u00e9dical et\/ ou traitement.<\/strong><\/em><\/span><\/p>\n<p><span style=\"font-family: Ephesis; font-size: 26px;\"><em>D\u00e9conseill\u00e9 aux enfants de moins de 3 ans. Pr\u00e9sente un risque d\u2019\u00e9touffement.<\/em><\/span><\/p>\n","protected":false},"excerpt":{"rendered":"<p><span style=\"font-family: Ephesis; font-size: 26px;\">Bracelet boules 6mm.<\/span><\/p>\n<p><span style=\"font-family: Ephesis; font-size: 26px;\">Aventurine Verte qualit\u00e9 A (Bonne), provenance Br\u00e9sil.<\/span><\/p>\n<p><span style=\"font-family: Ephesis; font-size: 26px;\">Pierre de Lune rose qualit\u00e9 AA (Tr\u00e8s Elev\u00e9e), provenance Inde.<\/span><\/p>\n<p><span style=\"font-family: Ephesis; font-size: 26px;\">Diam\u00e8<\/span><span style=\"font-family: Ephesis; font-size: 26px;\">tre en cm : 24-29 cm, avec chainette r\u00e9glable couleur or, acier inoxydable.<\/span><\/p>\n<p><span style=\"font-family: Ephesis; font-size: 26px;\">Breloques d\u00e9coratives.<\/span><\/p>\n","protected":false},"featured_media":3203,"comment_status":"closed","ping_status":"closed","template":"","meta":[],"product_brand":[],"product_cat":[576],"product_tag":[327,489,504,123,326,503,490,283,523,505],"class_list":{"0":"post-3202","1":"product","2":"type-product","3":"status-publish","4":"has-post-thumbnail","6":"product_cat-bracelets-cheville","7":"product_tag-compassion","8":"product_tag-feminite","9":"product_tag-irritabilite","10":"product_tag-paix-interieure","11":"product_tag-patience","12":"product_tag-repos","13":"product_tag-reves-premonitoires","14":"product_tag-tolerance","15":"product_tag-tranquillite-interieure","16":"product_tag-vision-claire","18":"first","19":"outofstock","20":"purchasable","21":"product-type-simple"},"yoast_head":"<!-- This site is optimized with the Yoast SEO plugin v27.1 - https:\/\/yoast.com\/product\/yoast-seo-wordpress\/ -->\n<title>Aventurine Verte A - Pierre de Lune rose AA - Produits en stock - Lumi\u00e8res de S\u00e9l\u00e9n\u00e9<\/title>\n<meta name=\"description\" content=\"Cliquez ici pour d\u00e9couvrir Aventurine Verte A - Pierre de Lune rose AA . Produits en stock d\u00e9part le jour m\u00eame ou le lendemain - Lumi\u00e8res de S\u00e9l\u00e9n\u00e9\" \/>\n<meta name=\"robots\" content=\"index, follow, max-snippet:-1, max-image-preview:large, max-video-preview:-1\" \/>\n<link rel=\"canonical\" href=\"https:\/\/lumieresdeselene.com\/index.php\/produit\/aventurine-verte-a-pierre-de-lune-rose-aa\/\" \/>\n<meta property=\"og:locale\" content=\"fr_FR\" \/>\n<meta property=\"og:type\" content=\"article\" \/>\n<meta property=\"og:title\" content=\"Aventurine Verte A - Pierre de Lune rose AA - Produits en stock - Lumi\u00e8res de S\u00e9l\u00e9n\u00e9\" \/>\n<meta property=\"og:description\" content=\"Cliquez ici pour d\u00e9couvrir Aventurine Verte A - Pierre de Lune rose AA . Produits en stock d\u00e9part le jour m\u00eame ou le lendemain - Lumi\u00e8res de S\u00e9l\u00e9n\u00e9\" \/>\n<meta property=\"og:url\" content=\"https:\/\/lumieresdeselene.com\/index.php\/produit\/aventurine-verte-a-pierre-de-lune-rose-aa\/\" \/>\n<meta property=\"og:site_name\" content=\"Lumi\u00e8res de S\u00e9l\u00e9n\u00e9\" \/>\n<meta property=\"article:publisher\" content=\"https:\/\/www.facebook.com\/lumieresdeselene\/\" \/>\n<meta property=\"article:modified_time\" content=\"2025-12-24T15:13:41+00:00\" \/>\n<meta property=\"og:image\" content=\"https:\/\/lumieresdeselene.com\/wp-content\/uploads\/2025\/07\/IMG_20250630_154504-scaled.jpg\" \/>\n\t<meta property=\"og:image:width\" content=\"2542\" \/>\n\t<meta property=\"og:image:height\" content=\"2560\" \/>\n\t<meta property=\"og:image:type\" content=\"image\/jpeg\" \/>\n<meta name=\"twitter:card\" content=\"summary_large_image\" \/>\n<meta name=\"twitter:label1\" content=\"Dur\u00e9e de lecture estim\u00e9e\" \/>\n\t<meta name=\"twitter:data1\" content=\"2 minutes\" \/>\n<script type=\"application\/ld+json\" class=\"yoast-schema-graph\">{\"@context\":\"https:\/\/schema.org\",\"@graph\":[{\"@type\":\"WebPage\",\"@id\":\"https:\/\/lumieresdeselene.com\/index.php\/produit\/aventurine-verte-a-pierre-de-lune-rose-aa\/\",\"url\":\"https:\/\/lumieresdeselene.com\/index.php\/produit\/aventurine-verte-a-pierre-de-lune-rose-aa\/\",\"name\":\"Aventurine Verte A - Pierre de Lune rose AA - Produits en stock - Lumi\u00e8res de S\u00e9l\u00e9n\u00e9\",\"isPartOf\":{\"@id\":\"https:\/\/lumieresdeselene.com\/#website\"},\"primaryImageOfPage\":{\"@id\":\"https:\/\/lumieresdeselene.com\/index.php\/produit\/aventurine-verte-a-pierre-de-lune-rose-aa\/#primaryimage\"},\"image\":{\"@id\":\"https:\/\/lumieresdeselene.com\/index.php\/produit\/aventurine-verte-a-pierre-de-lune-rose-aa\/#primaryimage\"},\"thumbnailUrl\":\"https:\/\/i0.wp.com\/lumieresdeselene.com\/wp-content\/uploads\/2025\/07\/IMG_20250630_154504-scaled.jpg?fit=2542%2C2560&ssl=1\",\"datePublished\":\"2025-07-01T14:43:21+00:00\",\"dateModified\":\"2025-12-24T15:13:41+00:00\",\"description\":\"Cliquez ici pour d\u00e9couvrir Aventurine Verte A - Pierre de Lune rose AA . Produits en stock d\u00e9part le jour m\u00eame ou le lendemain - Lumi\u00e8res de S\u00e9l\u00e9n\u00e9\",\"breadcrumb\":{\"@id\":\"https:\/\/lumieresdeselene.com\/index.php\/produit\/aventurine-verte-a-pierre-de-lune-rose-aa\/#breadcrumb\"},\"inLanguage\":\"fr-FR\",\"potentialAction\":[{\"@type\":\"ReadAction\",\"target\":[\"https:\/\/lumieresdeselene.com\/index.php\/produit\/aventurine-verte-a-pierre-de-lune-rose-aa\/\"]}]},{\"@type\":\"ImageObject\",\"inLanguage\":\"fr-FR\",\"@id\":\"https:\/\/lumieresdeselene.com\/index.php\/produit\/aventurine-verte-a-pierre-de-lune-rose-aa\/#primaryimage\",\"url\":\"https:\/\/i0.wp.com\/lumieresdeselene.com\/wp-content\/uploads\/2025\/07\/IMG_20250630_154504-scaled.jpg?fit=2542%2C2560&ssl=1\",\"contentUrl\":\"https:\/\/i0.wp.com\/lumieresdeselene.com\/wp-content\/uploads\/2025\/07\/IMG_20250630_154504-scaled.jpg?fit=2542%2C2560&ssl=1\",\"width\":2542,\"height\":2560,\"caption\":\"Aventurine Verte A - Pierre de Lune rose AA cheville\"},{\"@type\":\"BreadcrumbList\",\"@id\":\"https:\/\/lumieresdeselene.com\/index.php\/produit\/aventurine-verte-a-pierre-de-lune-rose-aa\/#breadcrumb\",\"itemListElement\":[{\"@type\":\"ListItem\",\"position\":1,\"name\":\"Accueil\",\"item\":\"https:\/\/lumieresdeselene.com\/\"},{\"@type\":\"ListItem\",\"position\":2,\"name\":\"Boutique\",\"item\":\"https:\/\/lumieresdeselene.com\/index.php\/boutique\/\"},{\"@type\":\"ListItem\",\"position\":3,\"name\":\"Aventurine Verte A &#8211; Pierre de Lune rose AA\"}]},{\"@type\":\"WebSite\",\"@id\":\"https:\/\/lumieresdeselene.com\/#website\",\"url\":\"https:\/\/lumieresdeselene.com\/\",\"name\":\"Lumi\u00e8res de S\u00e9l\u00e9n\u00e9\",\"description\":\"Lumi\u00e8res de S\u00e9l\u00e9n\u00e9\",\"publisher\":{\"@id\":\"https:\/\/lumieresdeselene.com\/#organization\"},\"potentialAction\":[{\"@type\":\"SearchAction\",\"target\":{\"@type\":\"EntryPoint\",\"urlTemplate\":\"https:\/\/lumieresdeselene.com\/?s={search_term_string}\"},\"query-input\":{\"@type\":\"PropertyValueSpecification\",\"valueRequired\":true,\"valueName\":\"search_term_string\"}}],\"inLanguage\":\"fr-FR\"},{\"@type\":\"Organization\",\"@id\":\"https:\/\/lumieresdeselene.com\/#organization\",\"name\":\"Lumi\u00e8res de S\u00e9l\u00e9n\u00e9\",\"url\":\"https:\/\/lumieresdeselene.com\/\",\"logo\":{\"@type\":\"ImageObject\",\"inLanguage\":\"fr-FR\",\"@id\":\"https:\/\/lumieresdeselene.com\/#\/schema\/logo\/image\/\",\"url\":\"https:\/\/i0.wp.com\/lumieresdeselene.com\/wp-content\/uploads\/2024\/01\/Lumieres-de-Selene3.jpg?fit=500%2C500&ssl=1\",\"contentUrl\":\"https:\/\/i0.wp.com\/lumieresdeselene.com\/wp-content\/uploads\/2024\/01\/Lumieres-de-Selene3.jpg?fit=500%2C500&ssl=1\",\"width\":500,\"height\":500,\"caption\":\"Lumi\u00e8res de S\u00e9l\u00e9n\u00e9\"},\"image\":{\"@id\":\"https:\/\/lumieresdeselene.com\/#\/schema\/logo\/image\/\"},\"sameAs\":[\"https:\/\/www.facebook.com\/lumieresdeselene\/\",\"https:\/\/www.instagram.com\/lumieres.selene\/\"]}]}<\/script>\n<!-- \/ Yoast SEO plugin. -->","yoast_head_json":{"title":"Aventurine Verte A - Pierre de Lune rose AA - Produits en stock - Lumi\u00e8res de S\u00e9l\u00e9n\u00e9","description":"Cliquez ici pour d\u00e9couvrir Aventurine Verte A - Pierre de Lune rose AA . Produits en stock d\u00e9part le jour m\u00eame ou le lendemain - Lumi\u00e8res de S\u00e9l\u00e9n\u00e9","robots":{"index":"index","follow":"follow","max-snippet":"max-snippet:-1","max-image-preview":"max-image-preview:large","max-video-preview":"max-video-preview:-1"},"canonical":"https:\/\/lumieresdeselene.com\/index.php\/produit\/aventurine-verte-a-pierre-de-lune-rose-aa\/","og_locale":"fr_FR","og_type":"article","og_title":"Aventurine Verte A - Pierre de Lune rose AA - Produits en stock - Lumi\u00e8res de S\u00e9l\u00e9n\u00e9","og_description":"Cliquez ici pour d\u00e9couvrir Aventurine Verte A - Pierre de Lune rose AA . Produits en stock d\u00e9part le jour m\u00eame ou le lendemain - Lumi\u00e8res de S\u00e9l\u00e9n\u00e9","og_url":"https:\/\/lumieresdeselene.com\/index.php\/produit\/aventurine-verte-a-pierre-de-lune-rose-aa\/","og_site_name":"Lumi\u00e8res de S\u00e9l\u00e9n\u00e9","article_publisher":"https:\/\/www.facebook.com\/lumieresdeselene\/","article_modified_time":"2025-12-24T15:13:41+00:00","og_image":[{"width":2542,"height":2560,"url":"https:\/\/lumieresdeselene.com\/wp-content\/uploads\/2025\/07\/IMG_20250630_154504-scaled.jpg","type":"image\/jpeg"}],"twitter_card":"summary_large_image","twitter_misc":{"Dur\u00e9e de lecture estim\u00e9e":"2 minutes"},"schema":{"@context":"https:\/\/schema.org","@graph":[{"@type":"WebPage","@id":"https:\/\/lumieresdeselene.com\/index.php\/produit\/aventurine-verte-a-pierre-de-lune-rose-aa\/","url":"https:\/\/lumieresdeselene.com\/index.php\/produit\/aventurine-verte-a-pierre-de-lune-rose-aa\/","name":"Aventurine Verte A - Pierre de Lune rose AA - Produits en stock - Lumi\u00e8res de S\u00e9l\u00e9n\u00e9","isPartOf":{"@id":"https:\/\/lumieresdeselene.com\/#website"},"primaryImageOfPage":{"@id":"https:\/\/lumieresdeselene.com\/index.php\/produit\/aventurine-verte-a-pierre-de-lune-rose-aa\/#primaryimage"},"image":{"@id":"https:\/\/lumieresdeselene.com\/index.php\/produit\/aventurine-verte-a-pierre-de-lune-rose-aa\/#primaryimage"},"thumbnailUrl":"https:\/\/i0.wp.com\/lumieresdeselene.com\/wp-content\/uploads\/2025\/07\/IMG_20250630_154504-scaled.jpg?fit=2542%2C2560&ssl=1","datePublished":"2025-07-01T14:43:21+00:00","dateModified":"2025-12-24T15:13:41+00:00","description":"Cliquez ici pour d\u00e9couvrir Aventurine Verte A - Pierre de Lune rose AA . Produits en stock d\u00e9part le jour m\u00eame ou le lendemain - Lumi\u00e8res de S\u00e9l\u00e9n\u00e9","breadcrumb":{"@id":"https:\/\/lumieresdeselene.com\/index.php\/produit\/aventurine-verte-a-pierre-de-lune-rose-aa\/#breadcrumb"},"inLanguage":"fr-FR","potentialAction":[{"@type":"ReadAction","target":["https:\/\/lumieresdeselene.com\/index.php\/produit\/aventurine-verte-a-pierre-de-lune-rose-aa\/"]}]},{"@type":"ImageObject","inLanguage":"fr-FR","@id":"https:\/\/lumieresdeselene.com\/index.php\/produit\/aventurine-verte-a-pierre-de-lune-rose-aa\/#primaryimage","url":"https:\/\/i0.wp.com\/lumieresdeselene.com\/wp-content\/uploads\/2025\/07\/IMG_20250630_154504-scaled.jpg?fit=2542%2C2560&ssl=1","contentUrl":"https:\/\/i0.wp.com\/lumieresdeselene.com\/wp-content\/uploads\/2025\/07\/IMG_20250630_154504-scaled.jpg?fit=2542%2C2560&ssl=1","width":2542,"height":2560,"caption":"Aventurine Verte A - Pierre de Lune rose AA cheville"},{"@type":"BreadcrumbList","@id":"https:\/\/lumieresdeselene.com\/index.php\/produit\/aventurine-verte-a-pierre-de-lune-rose-aa\/#breadcrumb","itemListElement":[{"@type":"ListItem","position":1,"name":"Accueil","item":"https:\/\/lumieresdeselene.com\/"},{"@type":"ListItem","position":2,"name":"Boutique","item":"https:\/\/lumieresdeselene.com\/index.php\/boutique\/"},{"@type":"ListItem","position":3,"name":"Aventurine Verte A &#8211; Pierre de Lune rose AA"}]},{"@type":"WebSite","@id":"https:\/\/lumieresdeselene.com\/#website","url":"https:\/\/lumieresdeselene.com\/","name":"Lumi\u00e8res de S\u00e9l\u00e9n\u00e9","description":"Lumi\u00e8res de S\u00e9l\u00e9n\u00e9","publisher":{"@id":"https:\/\/lumieresdeselene.com\/#organization"},"potentialAction":[{"@type":"SearchAction","target":{"@type":"EntryPoint","urlTemplate":"https:\/\/lumieresdeselene.com\/?s={search_term_string}"},"query-input":{"@type":"PropertyValueSpecification","valueRequired":true,"valueName":"search_term_string"}}],"inLanguage":"fr-FR"},{"@type":"Organization","@id":"https:\/\/lumieresdeselene.com\/#organization","name":"Lumi\u00e8res de S\u00e9l\u00e9n\u00e9","url":"https:\/\/lumieresdeselene.com\/","logo":{"@type":"ImageObject","inLanguage":"fr-FR","@id":"https:\/\/lumieresdeselene.com\/#\/schema\/logo\/image\/","url":"https:\/\/i0.wp.com\/lumieresdeselene.com\/wp-content\/uploads\/2024\/01\/Lumieres-de-Selene3.jpg?fit=500%2C500&ssl=1","contentUrl":"https:\/\/i0.wp.com\/lumieresdeselene.com\/wp-content\/uploads\/2024\/01\/Lumieres-de-Selene3.jpg?fit=500%2C500&ssl=1","width":500,"height":500,"caption":"Lumi\u00e8res de S\u00e9l\u00e9n\u00e9"},"image":{"@id":"https:\/\/lumieresdeselene.com\/#\/schema\/logo\/image\/"},"sameAs":["https:\/\/www.facebook.com\/lumieresdeselene\/","https:\/\/www.instagram.com\/lumieres.selene\/"]}]}},"jetpack_sharing_enabled":true,"_links":{"self":[{"href":"https:\/\/lumieresdeselene.com\/index.php\/wp-json\/wp\/v2\/product\/3202","targetHints":{"allow":["GET"]}}],"collection":[{"href":"https:\/\/lumieresdeselene.com\/index.php\/wp-json\/wp\/v2\/product"}],"about":[{"href":"https:\/\/lumieresdeselene.com\/index.php\/wp-json\/wp\/v2\/types\/product"}],"replies":[{"embeddable":true,"href":"https:\/\/lumieresdeselene.com\/index.php\/wp-json\/wp\/v2\/comments?post=3202"}],"wp:featuredmedia":[{"embeddable":true,"href":"https:\/\/lumieresdeselene.com\/index.php\/wp-json\/wp\/v2\/media\/3203"}],"wp:attachment":[{"href":"https:\/\/lumieresdeselene.com\/index.php\/wp-json\/wp\/v2\/media?parent=3202"}],"wp:term":[{"taxonomy":"product_brand","embeddable":true,"href":"https:\/\/lumieresdeselene.com\/index.php\/wp-json\/wp\/v2\/product_brand?post=3202"},{"taxonomy":"product_cat","embeddable":true,"href":"https:\/\/lumieresdeselene.com\/index.php\/wp-json\/wp\/v2\/product_cat?post=3202"},{"taxonomy":"product_tag","embeddable":true,"href":"https:\/\/lumieresdeselene.com\/index.php\/wp-json\/wp\/v2\/product_tag?post=3202"}],"curies":[{"name":"wp","href":"https:\/\/api.w.org\/{rel}","templated":true}]}}