{"id":310,"date":"2023-12-12T11:38:09","date_gmt":"2023-12-12T10:38:09","guid":{"rendered":"https:\/\/lumieresdeselene.com\/?post_type=product&#038;p=310"},"modified":"2025-02-24T13:53:29","modified_gmt":"2025-02-24T12:53:29","slug":"7-chakras-pierre-de-lave-a","status":"publish","type":"product","link":"https:\/\/lumieresdeselene.com\/index.php\/produit\/7-chakras-pierre-de-lave-a\/","title":{"rendered":"7 Chakras + Pierre de lave A"},"content":{"rendered":"<p><span style=\"font-family: Ephesis; font-size: 26px;\"><a href=\"https:\/\/lumieresdeselene.com\/index.php\/produit\/jaspe-rouge-ab\/\"><span style=\"vertical-align: inherit;\"><span style=\"vertical-align: inherit;\">Jaspe Rouge<\/span><\/span><\/a><span style=\"vertical-align: inherit;\"><span style=\"vertical-align: inherit;\"> , <\/span><\/span><a href=\"https:\/\/lumieresdeselene.com\/index.php\/produit\/calcite-orange-a\/\"><span style=\"vertical-align: inherit;\"><span style=\"vertical-align: inherit;\">Calcite Orange<\/span><\/span><\/a><span style=\"vertical-align: inherit;\"><span style=\"vertical-align: inherit;\"> , <\/span><\/span><a href=\"https:\/\/lumieresdeselene.com\/index.php\/produit\/oeil-de-tigre-a\/\"><span style=\"vertical-align: inherit;\"><span style=\"vertical-align: inherit;\">\u0152il de Tigre<\/span><\/span><\/a><span style=\"vertical-align: inherit;\"><span style=\"vertical-align: inherit;\"> , Jade N\u00e9phrite , <\/span><\/span><a href=\"https:\/\/lumieresdeselene.com\/index.php\/produit\/amazonite-tete-de-loup\/\"><span style=\"vertical-align: inherit;\"><span style=\"vertical-align: inherit;\">Amazonite<\/span><\/span><\/a><span style=\"vertical-align: inherit;\"><span style=\"vertical-align: inherit;\"> , Lapis Lazuli, <\/span><\/span><a href=\"https:\/\/lumieresdeselene.com\/index.php\/produit\/amethyste-arbre-de-vie-forme-goutte\/\"><span style=\"vertical-align: inherit;\"><span style=\"vertical-align: inherit;\">Am\u00e9thyste<\/span><\/span><\/a><span style=\"vertical-align: inherit;\"><span style=\"vertical-align: inherit;\"> , <\/span><\/span><a href=\"https:\/\/lumieresdeselene.com\/index.php\/produit\/hematite-a\/\"><span style=\"vertical-align: inherit;\"><span style=\"vertical-align: inherit;\">H\u00e9matite<\/span><\/span><\/a><span style=\"vertical-align: inherit;\"><span style=\"vertical-align: inherit;\"> .<\/span><\/span><\/span><\/p>\n<p><span style=\"font-family: Ephesis; font-size: 26px;\">Pierre de Lave (ou Basalte)<\/span><\/p>\n<p><span style=\"font-family: Ephesis; font-size: 26px;\">La pierre de lave est issue du magma en fusion rejet\u00e9 lors d\u2019\u00e9ruption. Il passe brutalement de 1000 degr\u00e9s \u00e0 la temp\u00e9rature ext\u00e9rieure. Au contact de l\u2019air le magma refroidi et se solidifie pour donner naissance \u00e0 la pierre noire.<\/span><\/p>\n<p><span style=\"font-family: Ephesis; font-size: 26px;\">Dans la Rome Antique, le Basalte \u00e9tait cens\u00e9 apporter force et protection \u00e0 celui qui le portait. Il \u00e9tait \u00e9galement utilis\u00e9 pour \u00e9loigner la magie et l\u2019envo\u00fbtement.<\/span><\/p>\n<p>&nbsp;<\/p>\n<p><span style=\"font-family: Ephesis; font-size: 26px;\"><u>Ses bienfaits sur le plan psychique<\/u><\/span><\/p>\n<p><span style=\"font-family: Ephesis; font-size: 26px;\">Incontestablement la pierre de l\u2019enracinement, elle est charg\u00e9e de l\u2019\u00e9nergie du feu, \u00e9nergie tellurique qui nous aide \u00e0 rester dans le moment pr\u00e9sent.<\/span><\/p>\n<p><span style=\"font-family: Ephesis; font-size: 26px;\">Conf\u00e8re du courage, du renouveau, en calmant l\u2019anxi\u00e9t\u00e9, lib\u00e8re le mental trop intrusif qui suscite souvent le doute et le stress.<\/span><\/p>\n<p><span style=\"font-family: Ephesis; font-size: 26px;\">Absorbe de mani\u00e8re consid\u00e9rable les \u00e9nergies n\u00e9gatives, prot\u00e8ge son propri\u00e9taire du mauvais \u0153il, des entit\u00e9s malveillantes, mais aussi de l\u2019influence des individus nocifs ou toxiques.<\/span><\/p>\n<p><span style=\"font-family: Ephesis; font-size: 26px;\">Aide \u00e0 mieux g\u00e9rer sa col\u00e8re et \u00e0 retrouver force et courage pour affronter les difficult\u00e9s qui se dresse sur votre chemin, permet alors de sortir de votre zone de confort et de d\u00e9passer vos croyances limitantes.<\/span><\/p>\n<p>&nbsp;<\/p>\n<p><span style=\"font-family: Ephesis; font-size: 26px;\"><u>Ses bienfaits sur le plan physique<\/u><\/span><\/p>\n<p><span style=\"font-family: Ephesis; font-size: 26px;\">Utilis\u00e9e en particulier pour sa chaleur lors de s\u00e9ance de massage \u00ab\u00a0avec pierre chaude\u00a0\u00bb qu\u2019elle conserve et diffuse de mani\u00e8re douce et continue, r\u00e9pand sa chaleur aux organes et ainsi les revitalises.<\/span><\/p>\n<p><span style=\"font-family: Ephesis; font-size: 26px;\">D\u00e9noue les muscles et apaise les tensions nerveuses.<\/span><\/p>\n<p><span style=\"font-family: Ephesis; font-size: 26px;\">Particuli\u00e8rement efficace sur la sph\u00e8re digestive, elle contribue \u00e0 r\u00e9guler le transit.<\/span><\/p>\n<p><span style=\"font-family: Ephesis; font-size: 26px;\">Favorise la vitalit\u00e9 tout en encourageant diff\u00e9rentes fonctions de l\u2019organisme.<\/span><\/p>\n<p>&nbsp;<\/p>\n<p><span style=\"font-family: Ephesis; font-size: 26px;\"><strong><em><span style=\"vertical-align: inherit;\"><span style=\"vertical-align: inherit;\">La lithoth\u00e9rapie peut \u00eatre utilis\u00e9e en compl\u00e9ment des soins qui vous sont apport\u00e9s, mais ne remplace en aucun cas un avis m\u00e9dical et\/ou traitement.<\/span><\/span><\/em><\/strong><\/span><\/p>\n<p><span style=\"font-family: Ephesis; font-size: 26px;\"><em><span style=\"vertical-align: inherit;\"><span style=\"vertical-align: inherit;\">D\u00e9conseill\u00e9 aux enfants de moins de 3 ans. <\/span><span style=\"vertical-align: inherit;\">Pr\u00e9sente un risque d&rsquo;\u00e9touffement.<\/span><\/span><\/em><\/span><\/p>\n","protected":false},"excerpt":{"rendered":"<p><span style=\"font-family: Ephesis; font-size: 26px;\"><span style=\"vertical-align: inherit;\"><span style=\"vertical-align: inherit;\">Bracelet boules 8 mm, qualit\u00e9 A (Bonne).<\/span><\/span><\/span><\/p>\n<p><span style=\"font-family: Ephesis; font-size: 26px;\"><span style=\"vertical-align: inherit;\"><span style=\"vertical-align: inherit;\">Diam\u00e8tre en cm : 16-18 cm.<\/span><\/span><\/span><\/p>\n","protected":false},"featured_media":311,"comment_status":"open","ping_status":"closed","template":"","meta":[],"product_brand":[],"product_cat":[228,227],"product_tag":[474,462,346,138,463],"class_list":{"0":"post-310","1":"product","2":"type-product","3":"status-publish","4":"has-post-thumbnail","6":"product_cat-boules-8-mm","7":"product_cat-bracelets","8":"product_tag-enracinement","9":"product_tag-eveil-spirituel","10":"product_tag-securisante","11":"product_tag-stabilisante","12":"product_tag-vitalite","14":"first","15":"outofstock","16":"purchasable","17":"product-type-simple"},"yoast_head":"<!-- This site is optimized with the Yoast SEO plugin v27.1 - https:\/\/yoast.com\/product\/yoast-seo-wordpress\/ -->\n<title>7 Chakras + Pierre de lave A - Produits en stock - Lumi\u00e8res de S\u00e9l\u00e9n\u00e9<\/title>\n<meta name=\"description\" content=\"Cliquez ici pour d\u00e9couvrir 7 Chakras + Pierre de lave A . Produits en stock d\u00e9part le jour m\u00eame ou le lendemain - Lumi\u00e8res de S\u00e9l\u00e9n\u00e9\" \/>\n<meta name=\"robots\" content=\"index, follow, max-snippet:-1, max-image-preview:large, max-video-preview:-1\" \/>\n<link rel=\"canonical\" href=\"https:\/\/lumieresdeselene.com\/index.php\/produit\/7-chakras-pierre-de-lave-a\/\" \/>\n<meta property=\"og:locale\" content=\"fr_FR\" \/>\n<meta property=\"og:type\" content=\"article\" \/>\n<meta property=\"og:title\" content=\"7 Chakras + Pierre de lave A - Produits en stock - Lumi\u00e8res de S\u00e9l\u00e9n\u00e9\" \/>\n<meta property=\"og:description\" content=\"Cliquez ici pour d\u00e9couvrir 7 Chakras + Pierre de lave A . Produits en stock d\u00e9part le jour m\u00eame ou le lendemain - Lumi\u00e8res de S\u00e9l\u00e9n\u00e9\" \/>\n<meta property=\"og:url\" content=\"https:\/\/lumieresdeselene.com\/index.php\/produit\/7-chakras-pierre-de-lave-a\/\" \/>\n<meta property=\"og:site_name\" content=\"Lumi\u00e8res de S\u00e9l\u00e9n\u00e9\" \/>\n<meta property=\"article:publisher\" content=\"https:\/\/www.facebook.com\/lumieresdeselene\/\" \/>\n<meta property=\"article:modified_time\" content=\"2025-02-24T12:53:29+00:00\" \/>\n<meta property=\"og:image\" content=\"https:\/\/lumieresdeselene.com\/wp-content\/uploads\/2023\/12\/IMG_4947-scaled.jpg\" \/>\n\t<meta property=\"og:image:width\" content=\"2560\" \/>\n\t<meta property=\"og:image:height\" content=\"1848\" \/>\n\t<meta property=\"og:image:type\" content=\"image\/jpeg\" \/>\n<meta name=\"twitter:card\" content=\"summary_large_image\" \/>\n<meta name=\"twitter:label1\" content=\"Dur\u00e9e de lecture estim\u00e9e\" \/>\n\t<meta name=\"twitter:data1\" content=\"2 minutes\" \/>\n<script type=\"application\/ld+json\" class=\"yoast-schema-graph\">{\"@context\":\"https:\/\/schema.org\",\"@graph\":[{\"@type\":\"WebPage\",\"@id\":\"https:\/\/lumieresdeselene.com\/index.php\/produit\/7-chakras-pierre-de-lave-a\/\",\"url\":\"https:\/\/lumieresdeselene.com\/index.php\/produit\/7-chakras-pierre-de-lave-a\/\",\"name\":\"7 Chakras + Pierre de lave A - Produits en stock - Lumi\u00e8res de S\u00e9l\u00e9n\u00e9\",\"isPartOf\":{\"@id\":\"https:\/\/lumieresdeselene.com\/#website\"},\"primaryImageOfPage\":{\"@id\":\"https:\/\/lumieresdeselene.com\/index.php\/produit\/7-chakras-pierre-de-lave-a\/#primaryimage\"},\"image\":{\"@id\":\"https:\/\/lumieresdeselene.com\/index.php\/produit\/7-chakras-pierre-de-lave-a\/#primaryimage\"},\"thumbnailUrl\":\"https:\/\/i0.wp.com\/lumieresdeselene.com\/wp-content\/uploads\/2023\/12\/IMG_4947-scaled.jpg?fit=2560%2C1848&ssl=1\",\"datePublished\":\"2023-12-12T10:38:09+00:00\",\"dateModified\":\"2025-02-24T12:53:29+00:00\",\"description\":\"Cliquez ici pour d\u00e9couvrir 7 Chakras + Pierre de lave A . Produits en stock d\u00e9part le jour m\u00eame ou le lendemain - Lumi\u00e8res de S\u00e9l\u00e9n\u00e9\",\"breadcrumb\":{\"@id\":\"https:\/\/lumieresdeselene.com\/index.php\/produit\/7-chakras-pierre-de-lave-a\/#breadcrumb\"},\"inLanguage\":\"fr-FR\",\"potentialAction\":[{\"@type\":\"ReadAction\",\"target\":[\"https:\/\/lumieresdeselene.com\/index.php\/produit\/7-chakras-pierre-de-lave-a\/\"]}]},{\"@type\":\"ImageObject\",\"inLanguage\":\"fr-FR\",\"@id\":\"https:\/\/lumieresdeselene.com\/index.php\/produit\/7-chakras-pierre-de-lave-a\/#primaryimage\",\"url\":\"https:\/\/i0.wp.com\/lumieresdeselene.com\/wp-content\/uploads\/2023\/12\/IMG_4947-scaled.jpg?fit=2560%2C1848&ssl=1\",\"contentUrl\":\"https:\/\/i0.wp.com\/lumieresdeselene.com\/wp-content\/uploads\/2023\/12\/IMG_4947-scaled.jpg?fit=2560%2C1848&ssl=1\",\"width\":2560,\"height\":1848,\"caption\":\"Bracelet 7 chakras - Pierre de lave\"},{\"@type\":\"BreadcrumbList\",\"@id\":\"https:\/\/lumieresdeselene.com\/index.php\/produit\/7-chakras-pierre-de-lave-a\/#breadcrumb\",\"itemListElement\":[{\"@type\":\"ListItem\",\"position\":1,\"name\":\"Accueil\",\"item\":\"https:\/\/lumieresdeselene.com\/\"},{\"@type\":\"ListItem\",\"position\":2,\"name\":\"Boutique\",\"item\":\"https:\/\/lumieresdeselene.com\/index.php\/boutique\/\"},{\"@type\":\"ListItem\",\"position\":3,\"name\":\"7 Chakras + Pierre de lave A\"}]},{\"@type\":\"WebSite\",\"@id\":\"https:\/\/lumieresdeselene.com\/#website\",\"url\":\"https:\/\/lumieresdeselene.com\/\",\"name\":\"Lumi\u00e8res de S\u00e9l\u00e9n\u00e9\",\"description\":\"Lumi\u00e8res de S\u00e9l\u00e9n\u00e9\",\"publisher\":{\"@id\":\"https:\/\/lumieresdeselene.com\/#organization\"},\"potentialAction\":[{\"@type\":\"SearchAction\",\"target\":{\"@type\":\"EntryPoint\",\"urlTemplate\":\"https:\/\/lumieresdeselene.com\/?s={search_term_string}\"},\"query-input\":{\"@type\":\"PropertyValueSpecification\",\"valueRequired\":true,\"valueName\":\"search_term_string\"}}],\"inLanguage\":\"fr-FR\"},{\"@type\":\"Organization\",\"@id\":\"https:\/\/lumieresdeselene.com\/#organization\",\"name\":\"Lumi\u00e8res de S\u00e9l\u00e9n\u00e9\",\"url\":\"https:\/\/lumieresdeselene.com\/\",\"logo\":{\"@type\":\"ImageObject\",\"inLanguage\":\"fr-FR\",\"@id\":\"https:\/\/lumieresdeselene.com\/#\/schema\/logo\/image\/\",\"url\":\"https:\/\/i0.wp.com\/lumieresdeselene.com\/wp-content\/uploads\/2024\/01\/Lumieres-de-Selene3.jpg?fit=500%2C500&ssl=1\",\"contentUrl\":\"https:\/\/i0.wp.com\/lumieresdeselene.com\/wp-content\/uploads\/2024\/01\/Lumieres-de-Selene3.jpg?fit=500%2C500&ssl=1\",\"width\":500,\"height\":500,\"caption\":\"Lumi\u00e8res de S\u00e9l\u00e9n\u00e9\"},\"image\":{\"@id\":\"https:\/\/lumieresdeselene.com\/#\/schema\/logo\/image\/\"},\"sameAs\":[\"https:\/\/www.facebook.com\/lumieresdeselene\/\",\"https:\/\/www.instagram.com\/lumieres.selene\/\"]}]}<\/script>\n<!-- \/ Yoast SEO plugin. -->","yoast_head_json":{"title":"7 Chakras + Pierre de lave A - Produits en stock - Lumi\u00e8res de S\u00e9l\u00e9n\u00e9","description":"Cliquez ici pour d\u00e9couvrir 7 Chakras + Pierre de lave A . Produits en stock d\u00e9part le jour m\u00eame ou le lendemain - Lumi\u00e8res de S\u00e9l\u00e9n\u00e9","robots":{"index":"index","follow":"follow","max-snippet":"max-snippet:-1","max-image-preview":"max-image-preview:large","max-video-preview":"max-video-preview:-1"},"canonical":"https:\/\/lumieresdeselene.com\/index.php\/produit\/7-chakras-pierre-de-lave-a\/","og_locale":"fr_FR","og_type":"article","og_title":"7 Chakras + Pierre de lave A - Produits en stock - Lumi\u00e8res de S\u00e9l\u00e9n\u00e9","og_description":"Cliquez ici pour d\u00e9couvrir 7 Chakras + Pierre de lave A . Produits en stock d\u00e9part le jour m\u00eame ou le lendemain - Lumi\u00e8res de S\u00e9l\u00e9n\u00e9","og_url":"https:\/\/lumieresdeselene.com\/index.php\/produit\/7-chakras-pierre-de-lave-a\/","og_site_name":"Lumi\u00e8res de S\u00e9l\u00e9n\u00e9","article_publisher":"https:\/\/www.facebook.com\/lumieresdeselene\/","article_modified_time":"2025-02-24T12:53:29+00:00","og_image":[{"width":2560,"height":1848,"url":"https:\/\/lumieresdeselene.com\/wp-content\/uploads\/2023\/12\/IMG_4947-scaled.jpg","type":"image\/jpeg"}],"twitter_card":"summary_large_image","twitter_misc":{"Dur\u00e9e de lecture estim\u00e9e":"2 minutes"},"schema":{"@context":"https:\/\/schema.org","@graph":[{"@type":"WebPage","@id":"https:\/\/lumieresdeselene.com\/index.php\/produit\/7-chakras-pierre-de-lave-a\/","url":"https:\/\/lumieresdeselene.com\/index.php\/produit\/7-chakras-pierre-de-lave-a\/","name":"7 Chakras + Pierre de lave A - Produits en stock - Lumi\u00e8res de S\u00e9l\u00e9n\u00e9","isPartOf":{"@id":"https:\/\/lumieresdeselene.com\/#website"},"primaryImageOfPage":{"@id":"https:\/\/lumieresdeselene.com\/index.php\/produit\/7-chakras-pierre-de-lave-a\/#primaryimage"},"image":{"@id":"https:\/\/lumieresdeselene.com\/index.php\/produit\/7-chakras-pierre-de-lave-a\/#primaryimage"},"thumbnailUrl":"https:\/\/i0.wp.com\/lumieresdeselene.com\/wp-content\/uploads\/2023\/12\/IMG_4947-scaled.jpg?fit=2560%2C1848&ssl=1","datePublished":"2023-12-12T10:38:09+00:00","dateModified":"2025-02-24T12:53:29+00:00","description":"Cliquez ici pour d\u00e9couvrir 7 Chakras + Pierre de lave A . Produits en stock d\u00e9part le jour m\u00eame ou le lendemain - Lumi\u00e8res de S\u00e9l\u00e9n\u00e9","breadcrumb":{"@id":"https:\/\/lumieresdeselene.com\/index.php\/produit\/7-chakras-pierre-de-lave-a\/#breadcrumb"},"inLanguage":"fr-FR","potentialAction":[{"@type":"ReadAction","target":["https:\/\/lumieresdeselene.com\/index.php\/produit\/7-chakras-pierre-de-lave-a\/"]}]},{"@type":"ImageObject","inLanguage":"fr-FR","@id":"https:\/\/lumieresdeselene.com\/index.php\/produit\/7-chakras-pierre-de-lave-a\/#primaryimage","url":"https:\/\/i0.wp.com\/lumieresdeselene.com\/wp-content\/uploads\/2023\/12\/IMG_4947-scaled.jpg?fit=2560%2C1848&ssl=1","contentUrl":"https:\/\/i0.wp.com\/lumieresdeselene.com\/wp-content\/uploads\/2023\/12\/IMG_4947-scaled.jpg?fit=2560%2C1848&ssl=1","width":2560,"height":1848,"caption":"Bracelet 7 chakras - Pierre de lave"},{"@type":"BreadcrumbList","@id":"https:\/\/lumieresdeselene.com\/index.php\/produit\/7-chakras-pierre-de-lave-a\/#breadcrumb","itemListElement":[{"@type":"ListItem","position":1,"name":"Accueil","item":"https:\/\/lumieresdeselene.com\/"},{"@type":"ListItem","position":2,"name":"Boutique","item":"https:\/\/lumieresdeselene.com\/index.php\/boutique\/"},{"@type":"ListItem","position":3,"name":"7 Chakras + Pierre de lave A"}]},{"@type":"WebSite","@id":"https:\/\/lumieresdeselene.com\/#website","url":"https:\/\/lumieresdeselene.com\/","name":"Lumi\u00e8res de S\u00e9l\u00e9n\u00e9","description":"Lumi\u00e8res de S\u00e9l\u00e9n\u00e9","publisher":{"@id":"https:\/\/lumieresdeselene.com\/#organization"},"potentialAction":[{"@type":"SearchAction","target":{"@type":"EntryPoint","urlTemplate":"https:\/\/lumieresdeselene.com\/?s={search_term_string}"},"query-input":{"@type":"PropertyValueSpecification","valueRequired":true,"valueName":"search_term_string"}}],"inLanguage":"fr-FR"},{"@type":"Organization","@id":"https:\/\/lumieresdeselene.com\/#organization","name":"Lumi\u00e8res de S\u00e9l\u00e9n\u00e9","url":"https:\/\/lumieresdeselene.com\/","logo":{"@type":"ImageObject","inLanguage":"fr-FR","@id":"https:\/\/lumieresdeselene.com\/#\/schema\/logo\/image\/","url":"https:\/\/i0.wp.com\/lumieresdeselene.com\/wp-content\/uploads\/2024\/01\/Lumieres-de-Selene3.jpg?fit=500%2C500&ssl=1","contentUrl":"https:\/\/i0.wp.com\/lumieresdeselene.com\/wp-content\/uploads\/2024\/01\/Lumieres-de-Selene3.jpg?fit=500%2C500&ssl=1","width":500,"height":500,"caption":"Lumi\u00e8res de S\u00e9l\u00e9n\u00e9"},"image":{"@id":"https:\/\/lumieresdeselene.com\/#\/schema\/logo\/image\/"},"sameAs":["https:\/\/www.facebook.com\/lumieresdeselene\/","https:\/\/www.instagram.com\/lumieres.selene\/"]}]}},"jetpack_sharing_enabled":true,"_links":{"self":[{"href":"https:\/\/lumieresdeselene.com\/index.php\/wp-json\/wp\/v2\/product\/310","targetHints":{"allow":["GET"]}}],"collection":[{"href":"https:\/\/lumieresdeselene.com\/index.php\/wp-json\/wp\/v2\/product"}],"about":[{"href":"https:\/\/lumieresdeselene.com\/index.php\/wp-json\/wp\/v2\/types\/product"}],"replies":[{"embeddable":true,"href":"https:\/\/lumieresdeselene.com\/index.php\/wp-json\/wp\/v2\/comments?post=310"}],"wp:featuredmedia":[{"embeddable":true,"href":"https:\/\/lumieresdeselene.com\/index.php\/wp-json\/wp\/v2\/media\/311"}],"wp:attachment":[{"href":"https:\/\/lumieresdeselene.com\/index.php\/wp-json\/wp\/v2\/media?parent=310"}],"wp:term":[{"taxonomy":"product_brand","embeddable":true,"href":"https:\/\/lumieresdeselene.com\/index.php\/wp-json\/wp\/v2\/product_brand?post=310"},{"taxonomy":"product_cat","embeddable":true,"href":"https:\/\/lumieresdeselene.com\/index.php\/wp-json\/wp\/v2\/product_cat?post=310"},{"taxonomy":"product_tag","embeddable":true,"href":"https:\/\/lumieresdeselene.com\/index.php\/wp-json\/wp\/v2\/product_tag?post=310"}],"curies":[{"name":"wp","href":"https:\/\/api.w.org\/{rel}","templated":true}]}}