{"id":2665,"date":"2025-02-20T16:22:13","date_gmt":"2025-02-20T15:22:13","guid":{"rendered":"https:\/\/lumieresdeselene.com\/?post_type=product&#038;p=2665"},"modified":"2025-08-20T13:19:08","modified_gmt":"2025-08-20T11:19:08","slug":"apaisant-anti-stress-amour","status":"publish","type":"product","link":"https:\/\/lumieresdeselene.com\/index.php\/produit\/apaisant-anti-stress-amour\/","title":{"rendered":"Apaisant &#8211; anti-stress &#8211; amour"},"content":{"rendered":"<ul>\n<li><span style=\"font-family: Ephesis; font-size: 30px;\"><span style=\"vertical-align: inherit;\"><span style=\"vertical-align: inherit;\">Les perles sont fabriqu\u00e9es de fa\u00e7on artisanale, ce qui explique que leur taille peut varier de +\/- 0.5mm.<\/span><\/span><\/span><\/li>\n<\/ul>\n<p>&nbsp;<\/p>\n<ul>\n<li><span style=\"font-family: Ephesis; font-size: 30px;\"><span style=\"vertical-align: inherit;\"><span style=\"vertical-align: inherit;\">Comme vous avez pu le constater j&rsquo;ai s\u00e9par\u00e9 en plusieurs cat\u00e9gories la possibilit\u00e9 de commander un bracelet sur mesure car pouvoir cr\u00e9er son bracelet c&rsquo;est g\u00e9nial, l&rsquo;imaginer, choisir les pierres et qu&rsquo;il soit unique mais attention toutes les pierres ne vont pas ensemble et le but \u00e9tant de vous faire du bien je ne peux pas faire n&rsquo;importe quel m\u00e9lange.<\/span><\/span><\/span><\/li>\n<\/ul>\n<p><span style=\"font-family: Ephesis; font-size: 30px;\"><span style=\"vertical-align: inherit;\"><span style=\"vertical-align: inherit;\">Il y a des pierres qui apportent \u00e9nergie et vitalit\u00e9, qui reboostent, d&rsquo;autres qui son apaisantes\u2026<\/span><\/span><\/span><\/p>\n<p><span style=\"font-family: Ephesis; font-size: 30px;\"><span style=\"vertical-align: inherit;\"><span style=\"vertical-align: inherit;\">De plus, certaines pierres sont dites \u00ab amorphes \u00bb comme l&rsquo;obsidienne qui est un verre volcanique, le refroidissement trop rapide a emp\u00each\u00e9 l&rsquo;organisation des atomes \u00e0 l&rsquo;int\u00e9rieur de la pierre (obsidienne, shungite ambre\u2026)<\/span><\/span><\/span><\/p>\n<p><span style=\"font-family: Ephesis; font-size: 30px;\"><span style=\"vertical-align: inherit;\"><span style=\"vertical-align: inherit;\">D&rsquo;autres ont un r\u00e9seau cristallin qui est l&rsquo;\u00e9tat le plus ordonn\u00e9 et le plus homog\u00e8ne des atomes comme le cristal de roche, l&rsquo;am\u00e9thyste, tourmaline\u2026<\/span><\/span><\/span><\/p>\n<p><span style=\"font-family: Ephesis; font-size: 30px;\"><span style=\"vertical-align: inherit;\"><span style=\"vertical-align: inherit;\">Chacune, selon sa formation, aura une fonction diff\u00e9rente.<\/span><\/span><\/span><\/p>\n<p><span style=\"font-family: Ephesis; font-size: 30px;\"><span style=\"vertical-align: inherit;\"><span style=\"vertical-align: inherit;\">Certaines pierres se portent seules comme la malachite ou l&rsquo;\u0153il de tigre par exemple.<\/span><\/span><\/span><\/p>\n<p><span style=\"font-family: Ephesis; font-size: 30px;\"><span style=\"vertical-align: inherit;\"><span style=\"vertical-align: inherit;\">Je verrais pour vous faire un article sur les pierres \u00e0 l&rsquo;\u00e9tat amorphe ou cristallin avec plus de pr\u00e9cisions.<\/span><\/span><\/span><\/p>\n<p><span style=\"font-family: Ephesis; font-size: 30px;\"><span style=\"vertical-align: inherit;\"><span style=\"vertical-align: inherit;\">Voil\u00e0 ! Vous pouvez fabriquer un bracelet qui vous apportera les bienfaits souhait\u00e9s selon la cat\u00e9gorie.<\/span><\/span><\/span><\/p>\n<p>&nbsp;<\/p>\n<p>&nbsp;<\/p>\n<ul>\n<li><span style=\"font-family: Ephesis; font-size: 30px;\"><span style=\"vertical-align: inherit;\"><span style=\"vertical-align: inherit;\">Pour toutes demandes sp\u00e9cifiques n&rsquo;h\u00e9sitez pas \u00e0 me contacter.<\/span><\/span><\/span><\/li>\n<li><span style=\"font-family: Ephesis; font-size: 30px;\"><span style=\"vertical-align: inherit;\"><span style=\"vertical-align: inherit;\">Bien tenir compte du d\u00e9lai de fabrication en plus du d\u00e9lai de livraison.<\/span><\/span><\/span><\/li>\n<\/ul>\n<p>&nbsp;<\/p>\n<p>&nbsp;<\/p>\n<p><span style=\"font-family: Ephesis; font-size: 30px;\"><strong><em><span style=\"vertical-align: inherit;\"><span style=\"vertical-align: inherit;\">La lithoth\u00e9rapie peut \u00eatre utilis\u00e9e en compl\u00e9ment des soins qui vous sont apport\u00e9s, mais ne remplace en aucun cas un avis m\u00e9dical et\/ou traitement.<\/span><\/span><\/em><\/strong><\/span><\/p>\n<p><span style=\"font-family: Ephesis; font-size: 30px;\"><em><span style=\"vertical-align: inherit;\"><span style=\"vertical-align: inherit;\">D\u00e9conseill\u00e9 aux enfants de moins de 3 ans. Pr\u00e9sente un risque d&rsquo;\u00e9touffement.<\/span><\/span><\/em><\/span><\/p>\n","protected":false},"excerpt":{"rendered":"<p><span style=\"font-family: Ephesis; font-size: 30px;\"><span style=\"vertical-align: inherit;\"><span style=\"vertical-align: inherit;\">Des bracelets sur mesure \u00e0 votre go\u00fbt !<\/span><\/span><\/span><\/p>\n<p><span style=\"font-family: Ephesis; font-size: 30px;\"><span style=\"vertical-align: inherit;\"><span style=\"vertical-align: inherit;\">Choisissez les perles que vous souhaitez, jusqu&rsquo;\u00e0 3 perles diff\u00e9rentes. Toutes les perles ne sont pas dans la m\u00eame cat\u00e9gorie car certaines ne ce m\u00e9lange pas (voir description ci-dessous).<\/span><\/span><\/span><\/p>\n<ul>\n<li><span style=\"font-family: Ephesis; font-size: 30px;\"><a href=\"https:\/\/lumieresdeselene.com\/index.php\/produit\/amethyste-a-3\/\"><span style=\"vertical-align: inherit;\"><span style=\"vertical-align: inherit;\">Am\u00e9thyste<\/span><\/span><\/a><span style=\"vertical-align: inherit;\"><span style=\"vertical-align: inherit;\"> : Bien-\u00eatre, apaisante, anxi\u00e9t\u00e9, stress, nervosit\u00e9, sommeil<\/span><\/span><\/span><\/li>\n<li><span style=\"font-family: Ephesis; font-size: 30px;\"><a href=\"https:\/\/lumieresdeselene.com\/index.php\/produit\/quartz-rose-a-enfant\/\"><span style=\"vertical-align: inherit;\"><span style=\"vertical-align: inherit;\">Quartz Rose<\/span><\/span><\/a><span style=\"vertical-align: inherit;\"><span style=\"vertical-align: inherit;\"> : Acceptation, amour, pierre du c\u0153ur, relaxante, s\u00e9curisante<\/span><\/span><\/span><\/li>\n<li><span style=\"font-family: Ephesis; font-size: 30px;\"><a href=\"https:\/\/lumieresdeselene.com\/index.php\/produit\/cristal-de-roche-a\/\"><span style=\"vertical-align: inherit;\"><span style=\"vertical-align: inherit;\">Cristal de Roche<\/span><\/span><\/a><span style=\"vertical-align: inherit;\"><span style=\"vertical-align: inherit;\"> : Amplificateur et \u00e9metteur, m\u00e9diter, recentre toutes \u00e9nergies, r\u00e9cepteur<\/span><\/span><\/span><\/li>\n<li><span style=\"font-family: Ephesis; font-size: 30px;\"><a href=\"https:\/\/lumieresdeselene.com\/index.php\/produit\/aventurine-verte-a\/\"><span style=\"vertical-align: inherit;\"><span style=\"vertical-align: inherit;\">Aventurine verte<\/span><\/span><\/a><span style=\"vertical-align: inherit;\"><span style=\"vertical-align: inherit;\"> : Apaisante, d\u00e9tente, patience, tol\u00e9rance, tranquillit\u00e9 int\u00e9rieure<\/span><\/span><\/span><\/li>\n<li><span style=\"font-family: Ephesis; font-size: 30px;\"><a href=\"https:\/\/lumieresdeselene.com\/index.php\/produit\/sodalite-aa\/\"><span style=\"vertical-align: inherit;\"><span style=\"vertical-align: inherit;\">Sodalite<\/span><\/span><\/a><span style=\"vertical-align: inherit;\"><span style=\"vertical-align: inherit;\"> : Apaisante, rassurante, confiance en soi, \u00e9quilibre \u00e9motionnels<\/span><\/span><\/span><\/li>\n<li><span style=\"font-family: Ephesis; font-size: 30px;\"><a href=\"https:\/\/lumieresdeselene.com\/index.php\/produit\/howlite-blanche-a-3\/\"><span style=\"vertical-align: inherit;\"><span style=\"vertical-align: inherit;\">Howlite blanche<\/span><\/span><\/a><span style=\"vertical-align: inherit;\"><span style=\"vertical-align: inherit;\"> : Apaisante, stabilisante, stress, angoisses, hypersensibilit\u00e9<\/span><\/span><\/span><\/li>\n<li><span style=\"font-family: Ephesis; font-size: 30px;\"><a href=\"https:\/\/lumieresdeselene.com\/index.php\/produit\/7-chakras-pierre-de-lave-a\/\"><span style=\"vertical-align: inherit;\"><span style=\"vertical-align: inherit;\">Pierre de lave<\/span><\/span><\/a><span style=\"vertical-align: inherit;\"><span style=\"vertical-align: inherit;\"> : Calme l&rsquo;anxi\u00e9t\u00e9, lib\u00e8re le mental, ancrage, force, courage, \u00e9nergies n\u00e9gatives<\/span><\/span><\/span><\/li>\n<\/ul>\n<p><span style=\"font-family: Ephesis; font-size: 30px;\"><span style=\"vertical-align: inherit;\"><span style=\"vertical-align: inherit;\">Taille 0 : Tour de poignet 14-16 cm &#8211; 19\/21 perles<\/span><\/span><\/span><\/p>\n<p><span style=\"font-family: Ephesis; font-size: 30px;\"><span style=\"vertical-align: inherit;\"><span style=\"vertical-align: inherit;\">Taille 1 : Tour de poignet 16-18cm &#8211; 22\/24 perles<\/span><\/span><\/span><\/p>\n<p><span style=\"font-family: Ephesis; font-size: 30px;\"><span style=\"vertical-align: inherit;\"><span style=\"vertical-align: inherit;\">Taille 2 : Tour de poignet 18-20 cm &#8211; 25\/27 perles<\/span><\/span><\/span><\/p>\n<p><span style=\"font-family: Ephesis; font-size: 30px;\"><span style=\"vertical-align: inherit;\"><span style=\"vertical-align: inherit;\">Indiquer en commentaire l&rsquo;alternance que vous souhaitez pour les perles, par exemple : \u00ab\u00a02 quartz rose, 2 am\u00e9thyste\u00a0\u00bb ou \u00ab\u00a05 quartz rose devant, deux s\u00e9parateurs et le reste en am\u00e9thyste\u00a0\u00bb&#8230;<\/span><\/span><\/span><\/p>\n<p><span style=\"font-family: Ephesis; font-size: 30px;\"><span style=\"vertical-align: inherit;\"><span style=\"vertical-align: inherit;\">1 breloque au choix par bracelet et 4 s\u00e9parateurs maximum. Merci de me l&rsquo;indiquer.<\/span><\/span><\/span><\/p>\n<p><span style=\"font-family: Ephesis; font-size: 30px;\">Les perles font 8mm.<\/span><\/p>\n","protected":false},"featured_media":2865,"comment_status":"closed","ping_status":"closed","template":"","meta":[],"product_brand":[],"product_cat":[631],"product_tag":[],"class_list":{"0":"post-2665","1":"product","2":"type-product","3":"status-publish","4":"has-post-thumbnail","6":"product_cat-bracelets-sur-mesure","8":"first","9":"instock","10":"purchasable","11":"product-type-variable"},"yoast_head":"<!-- This site is optimized with the Yoast SEO plugin v27.1 - https:\/\/yoast.com\/product\/yoast-seo-wordpress\/ -->\n<title>Apaisant - anti-stress - amour - Produits en stock - Lumi\u00e8res de S\u00e9l\u00e9n\u00e9<\/title>\n<meta name=\"description\" content=\"Cliquez ici pour d\u00e9couvrir Apaisant - anti-stress - amour . Produits en stock d\u00e9part le jour m\u00eame ou le lendemain - Lumi\u00e8res de S\u00e9l\u00e9n\u00e9\" \/>\n<meta name=\"robots\" content=\"index, follow, max-snippet:-1, max-image-preview:large, max-video-preview:-1\" \/>\n<link rel=\"canonical\" href=\"https:\/\/lumieresdeselene.com\/index.php\/produit\/apaisant-anti-stress-amour\/\" \/>\n<meta property=\"og:locale\" content=\"fr_FR\" \/>\n<meta property=\"og:type\" content=\"article\" \/>\n<meta property=\"og:title\" content=\"Apaisant - anti-stress - amour - Produits en stock - Lumi\u00e8res de S\u00e9l\u00e9n\u00e9\" \/>\n<meta property=\"og:description\" content=\"Cliquez ici pour d\u00e9couvrir Apaisant - anti-stress - amour . Produits en stock d\u00e9part le jour m\u00eame ou le lendemain - Lumi\u00e8res de S\u00e9l\u00e9n\u00e9\" \/>\n<meta property=\"og:url\" content=\"https:\/\/lumieresdeselene.com\/index.php\/produit\/apaisant-anti-stress-amour\/\" \/>\n<meta property=\"og:site_name\" content=\"Lumi\u00e8res de S\u00e9l\u00e9n\u00e9\" \/>\n<meta property=\"article:publisher\" content=\"https:\/\/www.facebook.com\/lumieresdeselene\/\" \/>\n<meta property=\"article:modified_time\" content=\"2025-08-20T11:19:08+00:00\" \/>\n<meta property=\"og:image\" content=\"https:\/\/lumieresdeselene.com\/wp-content\/uploads\/2025\/02\/20250224_152259-scaled.jpg\" \/>\n\t<meta property=\"og:image:width\" content=\"2560\" \/>\n\t<meta property=\"og:image:height\" content=\"2547\" \/>\n\t<meta property=\"og:image:type\" content=\"image\/jpeg\" \/>\n<meta name=\"twitter:card\" content=\"summary_large_image\" \/>\n<meta name=\"twitter:label1\" content=\"Dur\u00e9e de lecture estim\u00e9e\" \/>\n\t<meta name=\"twitter:data1\" content=\"2 minutes\" \/>\n<script type=\"application\/ld+json\" class=\"yoast-schema-graph\">{\"@context\":\"https:\/\/schema.org\",\"@graph\":[{\"@type\":\"WebPage\",\"@id\":\"https:\/\/lumieresdeselene.com\/index.php\/produit\/apaisant-anti-stress-amour\/\",\"url\":\"https:\/\/lumieresdeselene.com\/index.php\/produit\/apaisant-anti-stress-amour\/\",\"name\":\"Apaisant - anti-stress - amour - Produits en stock - Lumi\u00e8res de S\u00e9l\u00e9n\u00e9\",\"isPartOf\":{\"@id\":\"https:\/\/lumieresdeselene.com\/#website\"},\"primaryImageOfPage\":{\"@id\":\"https:\/\/lumieresdeselene.com\/index.php\/produit\/apaisant-anti-stress-amour\/#primaryimage\"},\"image\":{\"@id\":\"https:\/\/lumieresdeselene.com\/index.php\/produit\/apaisant-anti-stress-amour\/#primaryimage\"},\"thumbnailUrl\":\"https:\/\/i0.wp.com\/lumieresdeselene.com\/wp-content\/uploads\/2025\/02\/20250224_152259-scaled.jpg?fit=2560%2C2547&ssl=1\",\"datePublished\":\"2025-02-20T15:22:13+00:00\",\"dateModified\":\"2025-08-20T11:19:08+00:00\",\"description\":\"Cliquez ici pour d\u00e9couvrir Apaisant - anti-stress - amour . Produits en stock d\u00e9part le jour m\u00eame ou le lendemain - Lumi\u00e8res de S\u00e9l\u00e9n\u00e9\",\"breadcrumb\":{\"@id\":\"https:\/\/lumieresdeselene.com\/index.php\/produit\/apaisant-anti-stress-amour\/#breadcrumb\"},\"inLanguage\":\"fr-FR\",\"potentialAction\":[{\"@type\":\"ReadAction\",\"target\":[\"https:\/\/lumieresdeselene.com\/index.php\/produit\/apaisant-anti-stress-amour\/\"]}]},{\"@type\":\"ImageObject\",\"inLanguage\":\"fr-FR\",\"@id\":\"https:\/\/lumieresdeselene.com\/index.php\/produit\/apaisant-anti-stress-amour\/#primaryimage\",\"url\":\"https:\/\/i0.wp.com\/lumieresdeselene.com\/wp-content\/uploads\/2025\/02\/20250224_152259-scaled.jpg?fit=2560%2C2547&ssl=1\",\"contentUrl\":\"https:\/\/i0.wp.com\/lumieresdeselene.com\/wp-content\/uploads\/2025\/02\/20250224_152259-scaled.jpg?fit=2560%2C2547&ssl=1\",\"width\":2560,\"height\":2547,\"caption\":\"Bracelet sur mesure\"},{\"@type\":\"BreadcrumbList\",\"@id\":\"https:\/\/lumieresdeselene.com\/index.php\/produit\/apaisant-anti-stress-amour\/#breadcrumb\",\"itemListElement\":[{\"@type\":\"ListItem\",\"position\":1,\"name\":\"Accueil\",\"item\":\"https:\/\/lumieresdeselene.com\/\"},{\"@type\":\"ListItem\",\"position\":2,\"name\":\"Boutique\",\"item\":\"https:\/\/lumieresdeselene.com\/index.php\/boutique\/\"},{\"@type\":\"ListItem\",\"position\":3,\"name\":\"Apaisant &#8211; anti-stress &#8211; amour\"}]},{\"@type\":\"WebSite\",\"@id\":\"https:\/\/lumieresdeselene.com\/#website\",\"url\":\"https:\/\/lumieresdeselene.com\/\",\"name\":\"Lumi\u00e8res de S\u00e9l\u00e9n\u00e9\",\"description\":\"Lumi\u00e8res de S\u00e9l\u00e9n\u00e9\",\"publisher\":{\"@id\":\"https:\/\/lumieresdeselene.com\/#organization\"},\"potentialAction\":[{\"@type\":\"SearchAction\",\"target\":{\"@type\":\"EntryPoint\",\"urlTemplate\":\"https:\/\/lumieresdeselene.com\/?s={search_term_string}\"},\"query-input\":{\"@type\":\"PropertyValueSpecification\",\"valueRequired\":true,\"valueName\":\"search_term_string\"}}],\"inLanguage\":\"fr-FR\"},{\"@type\":\"Organization\",\"@id\":\"https:\/\/lumieresdeselene.com\/#organization\",\"name\":\"Lumi\u00e8res de S\u00e9l\u00e9n\u00e9\",\"url\":\"https:\/\/lumieresdeselene.com\/\",\"logo\":{\"@type\":\"ImageObject\",\"inLanguage\":\"fr-FR\",\"@id\":\"https:\/\/lumieresdeselene.com\/#\/schema\/logo\/image\/\",\"url\":\"https:\/\/i0.wp.com\/lumieresdeselene.com\/wp-content\/uploads\/2024\/01\/Lumieres-de-Selene3.jpg?fit=500%2C500&ssl=1\",\"contentUrl\":\"https:\/\/i0.wp.com\/lumieresdeselene.com\/wp-content\/uploads\/2024\/01\/Lumieres-de-Selene3.jpg?fit=500%2C500&ssl=1\",\"width\":500,\"height\":500,\"caption\":\"Lumi\u00e8res de S\u00e9l\u00e9n\u00e9\"},\"image\":{\"@id\":\"https:\/\/lumieresdeselene.com\/#\/schema\/logo\/image\/\"},\"sameAs\":[\"https:\/\/www.facebook.com\/lumieresdeselene\/\",\"https:\/\/www.instagram.com\/lumieres.selene\/\"]}]}<\/script>\n<!-- \/ Yoast SEO plugin. -->","yoast_head_json":{"title":"Apaisant - anti-stress - amour - Produits en stock - Lumi\u00e8res de S\u00e9l\u00e9n\u00e9","description":"Cliquez ici pour d\u00e9couvrir Apaisant - anti-stress - amour . Produits en stock d\u00e9part le jour m\u00eame ou le lendemain - Lumi\u00e8res de S\u00e9l\u00e9n\u00e9","robots":{"index":"index","follow":"follow","max-snippet":"max-snippet:-1","max-image-preview":"max-image-preview:large","max-video-preview":"max-video-preview:-1"},"canonical":"https:\/\/lumieresdeselene.com\/index.php\/produit\/apaisant-anti-stress-amour\/","og_locale":"fr_FR","og_type":"article","og_title":"Apaisant - anti-stress - amour - Produits en stock - Lumi\u00e8res de S\u00e9l\u00e9n\u00e9","og_description":"Cliquez ici pour d\u00e9couvrir Apaisant - anti-stress - amour . Produits en stock d\u00e9part le jour m\u00eame ou le lendemain - Lumi\u00e8res de S\u00e9l\u00e9n\u00e9","og_url":"https:\/\/lumieresdeselene.com\/index.php\/produit\/apaisant-anti-stress-amour\/","og_site_name":"Lumi\u00e8res de S\u00e9l\u00e9n\u00e9","article_publisher":"https:\/\/www.facebook.com\/lumieresdeselene\/","article_modified_time":"2025-08-20T11:19:08+00:00","og_image":[{"width":2560,"height":2547,"url":"https:\/\/lumieresdeselene.com\/wp-content\/uploads\/2025\/02\/20250224_152259-scaled.jpg","type":"image\/jpeg"}],"twitter_card":"summary_large_image","twitter_misc":{"Dur\u00e9e de lecture estim\u00e9e":"2 minutes"},"schema":{"@context":"https:\/\/schema.org","@graph":[{"@type":"WebPage","@id":"https:\/\/lumieresdeselene.com\/index.php\/produit\/apaisant-anti-stress-amour\/","url":"https:\/\/lumieresdeselene.com\/index.php\/produit\/apaisant-anti-stress-amour\/","name":"Apaisant - anti-stress - amour - Produits en stock - Lumi\u00e8res de S\u00e9l\u00e9n\u00e9","isPartOf":{"@id":"https:\/\/lumieresdeselene.com\/#website"},"primaryImageOfPage":{"@id":"https:\/\/lumieresdeselene.com\/index.php\/produit\/apaisant-anti-stress-amour\/#primaryimage"},"image":{"@id":"https:\/\/lumieresdeselene.com\/index.php\/produit\/apaisant-anti-stress-amour\/#primaryimage"},"thumbnailUrl":"https:\/\/i0.wp.com\/lumieresdeselene.com\/wp-content\/uploads\/2025\/02\/20250224_152259-scaled.jpg?fit=2560%2C2547&ssl=1","datePublished":"2025-02-20T15:22:13+00:00","dateModified":"2025-08-20T11:19:08+00:00","description":"Cliquez ici pour d\u00e9couvrir Apaisant - anti-stress - amour . Produits en stock d\u00e9part le jour m\u00eame ou le lendemain - Lumi\u00e8res de S\u00e9l\u00e9n\u00e9","breadcrumb":{"@id":"https:\/\/lumieresdeselene.com\/index.php\/produit\/apaisant-anti-stress-amour\/#breadcrumb"},"inLanguage":"fr-FR","potentialAction":[{"@type":"ReadAction","target":["https:\/\/lumieresdeselene.com\/index.php\/produit\/apaisant-anti-stress-amour\/"]}]},{"@type":"ImageObject","inLanguage":"fr-FR","@id":"https:\/\/lumieresdeselene.com\/index.php\/produit\/apaisant-anti-stress-amour\/#primaryimage","url":"https:\/\/i0.wp.com\/lumieresdeselene.com\/wp-content\/uploads\/2025\/02\/20250224_152259-scaled.jpg?fit=2560%2C2547&ssl=1","contentUrl":"https:\/\/i0.wp.com\/lumieresdeselene.com\/wp-content\/uploads\/2025\/02\/20250224_152259-scaled.jpg?fit=2560%2C2547&ssl=1","width":2560,"height":2547,"caption":"Bracelet sur mesure"},{"@type":"BreadcrumbList","@id":"https:\/\/lumieresdeselene.com\/index.php\/produit\/apaisant-anti-stress-amour\/#breadcrumb","itemListElement":[{"@type":"ListItem","position":1,"name":"Accueil","item":"https:\/\/lumieresdeselene.com\/"},{"@type":"ListItem","position":2,"name":"Boutique","item":"https:\/\/lumieresdeselene.com\/index.php\/boutique\/"},{"@type":"ListItem","position":3,"name":"Apaisant &#8211; anti-stress &#8211; amour"}]},{"@type":"WebSite","@id":"https:\/\/lumieresdeselene.com\/#website","url":"https:\/\/lumieresdeselene.com\/","name":"Lumi\u00e8res de S\u00e9l\u00e9n\u00e9","description":"Lumi\u00e8res de S\u00e9l\u00e9n\u00e9","publisher":{"@id":"https:\/\/lumieresdeselene.com\/#organization"},"potentialAction":[{"@type":"SearchAction","target":{"@type":"EntryPoint","urlTemplate":"https:\/\/lumieresdeselene.com\/?s={search_term_string}"},"query-input":{"@type":"PropertyValueSpecification","valueRequired":true,"valueName":"search_term_string"}}],"inLanguage":"fr-FR"},{"@type":"Organization","@id":"https:\/\/lumieresdeselene.com\/#organization","name":"Lumi\u00e8res de S\u00e9l\u00e9n\u00e9","url":"https:\/\/lumieresdeselene.com\/","logo":{"@type":"ImageObject","inLanguage":"fr-FR","@id":"https:\/\/lumieresdeselene.com\/#\/schema\/logo\/image\/","url":"https:\/\/i0.wp.com\/lumieresdeselene.com\/wp-content\/uploads\/2024\/01\/Lumieres-de-Selene3.jpg?fit=500%2C500&ssl=1","contentUrl":"https:\/\/i0.wp.com\/lumieresdeselene.com\/wp-content\/uploads\/2024\/01\/Lumieres-de-Selene3.jpg?fit=500%2C500&ssl=1","width":500,"height":500,"caption":"Lumi\u00e8res de S\u00e9l\u00e9n\u00e9"},"image":{"@id":"https:\/\/lumieresdeselene.com\/#\/schema\/logo\/image\/"},"sameAs":["https:\/\/www.facebook.com\/lumieresdeselene\/","https:\/\/www.instagram.com\/lumieres.selene\/"]}]}},"jetpack_sharing_enabled":true,"_links":{"self":[{"href":"https:\/\/lumieresdeselene.com\/index.php\/wp-json\/wp\/v2\/product\/2665","targetHints":{"allow":["GET"]}}],"collection":[{"href":"https:\/\/lumieresdeselene.com\/index.php\/wp-json\/wp\/v2\/product"}],"about":[{"href":"https:\/\/lumieresdeselene.com\/index.php\/wp-json\/wp\/v2\/types\/product"}],"replies":[{"embeddable":true,"href":"https:\/\/lumieresdeselene.com\/index.php\/wp-json\/wp\/v2\/comments?post=2665"}],"wp:featuredmedia":[{"embeddable":true,"href":"https:\/\/lumieresdeselene.com\/index.php\/wp-json\/wp\/v2\/media\/2865"}],"wp:attachment":[{"href":"https:\/\/lumieresdeselene.com\/index.php\/wp-json\/wp\/v2\/media?parent=2665"}],"wp:term":[{"taxonomy":"product_brand","embeddable":true,"href":"https:\/\/lumieresdeselene.com\/index.php\/wp-json\/wp\/v2\/product_brand?post=2665"},{"taxonomy":"product_cat","embeddable":true,"href":"https:\/\/lumieresdeselene.com\/index.php\/wp-json\/wp\/v2\/product_cat?post=2665"},{"taxonomy":"product_tag","embeddable":true,"href":"https:\/\/lumieresdeselene.com\/index.php\/wp-json\/wp\/v2\/product_tag?post=2665"}],"curies":[{"name":"wp","href":"https:\/\/api.w.org\/{rel}","templated":true}]}}