{"id":2608,"date":"2025-02-19T15:37:29","date_gmt":"2025-02-19T14:37:29","guid":{"rendered":"https:\/\/lumieresdeselene.com\/?post_type=product&#038;p=2608"},"modified":"2025-07-28T16:44:19","modified_gmt":"2025-07-28T14:44:19","slug":"shamballa-amour-t1","status":"publish","type":"product","link":"https:\/\/lumieresdeselene.com\/index.php\/produit\/shamballa-amour-t1\/","title":{"rendered":"Shamballa Amour T1"},"content":{"rendered":"<p><span style=\"font-size: 33px;\"><strong><span style=\"font-family: Ephesis;\">Quartz Rose :<\/span><\/strong><\/span><\/p>\n<p><span style=\"font-family: Ephesis; font-size: 26px;\">Au temps des pharaons, le\u00a0<a href=\"https:\/\/lumieresdeselene.com\/index.php\/produit\/quartz-rose-forme-pointe\/\">Quartz rose<\/a>\u00a0avait la r\u00e9putation de lutter contre le vieillissement de la peau.<\/span><\/p>\n<p><span style=\"font-family: Ephesis; font-size: 26px;\">Pour les Romains et les Grecs, il donnait aux peuples l\u2019amour et la paix.<\/span><\/p>\n<p><span style=\"font-family: Ephesis; font-size: 26px;\">Au d\u00e9but du XXe si\u00e8cle, un cr\u00e2ne en quartz rose a \u00e9t\u00e9 d\u00e9couvert, il serait li\u00e9 \u00e0 la l\u00e9gende des 13 cr\u00e2nes.<\/span><\/p>\n<p><span style=\"font-family: Ephesis; font-size: 26px;\">Selon les proph\u00e9ties Mayas, les 13 cr\u00e2nes de cristal devaient un jour se retrouver pour r\u00e9v\u00e9ler leur grand secret \u00e0 l\u2019Humanit\u00e9.<\/span><\/p>\n<p><span style=\"font-family: Ephesis; font-size: 26px;\"><strong><u>Ses bienfaits sur le plan psychique<\/u><\/strong><\/span><\/p>\n<p><span style=\"font-family: Ephesis; font-size: 26px;\">R\u00e9put\u00e9e pour \u00eatre la pierre du c\u0153ur.<\/span><\/p>\n<p><span style=\"font-family: Ephesis; font-size: 26px;\">Apaisante et s\u00e9curisante. Permet de soigner les blessures affectives profondes, les peines de c\u0153ur et les traumatismes li\u00e9s \u00e0 l\u2019enfance.<\/span><\/p>\n<p><span style=\"font-family: Ephesis; font-size: 26px;\">Favoriser l\u2019acceptation de soi et des autres.<\/span><\/p>\n<p><span style=\"font-family: Ephesis; font-size: 26px;\"><strong><u>Ses bienfaits sur le plan physique<\/u><\/strong><\/span><\/p>\n<p><span style=\"font-family: Ephesis; font-size: 26px;\">S\u2019utiliser directement en contact avec la peau pour apaiser les br\u00fblures.<\/span><\/p>\n<p><span style=\"font-family: Ephesis; font-size: 26px;\">Fortifie le c\u0153ur et favorise le bon fonctionnement du syst\u00e8me respiratoire.<\/span><\/p>\n<p><span style=\"font-family: Ephesis; font-size: 26px;\">R\u00e9put\u00e9e pour r\u00e9duire l\u2019apparition des rides et des troubles cutan\u00e9es.<\/span><\/p>\n<p>&nbsp;<\/p>\n<p><span style=\"font-size: 33px;\"><strong><span style=\"font-family: Ephesis;\">Cristal de Roche :\u00a0<\/span><\/strong><\/span><\/p>\n<p><span style=\"font-family: Ephesis; font-size: 26px;\">Les Grecs ont utilis\u00e9 pour la premi\u00e8re fois le\u00a0<a href=\"https:\/\/lumieresdeselene.com\/index.php\/produit\/cristal-de-roche-tourmaline-ronde-aa\/\">cristal de roche<\/a>\u00a0en 1500 avant J.C.<\/span><\/p>\n<p><span style=\"font-family: Ephesis; font-size: 26px;\">Pendant la renaissance, les artisans Milanais perfectionn\u00e8rent leurs arts et r\u00e9alis\u00e8rent de magnifiques \u0153uvres en\u00a0<a href=\"https:\/\/lumieresdeselene.com\/index.php\/produit\/cristal-de-roche-arbre-de-vie-forme-lune\/\">cristal de roche<\/a>\u00a0(gobelets, coupes et vases) qui sont toujours expos\u00e9s aujourd\u2019hui au Louvre.<\/span><\/p>\n<p><span style=\"font-family: Ephesis; font-size: 26px;\"><strong>Pierre maitresse en lithoth\u00e9rapie, qui vise \u00e0 purifier, recharger (g\u00e9ode) et amplifier les autres cristaux.<\/strong><\/span><\/p>\n<p><span style=\"font-family: Ephesis; font-size: 26px;\"><strong><u>Ses bienfaits sur le plan psychique<\/u><\/strong><\/span><\/p>\n<p><span style=\"font-family: Ephesis; font-size: 26px;\">Tr\u00e8s puissant, il a la particularit\u00e9 de recevoir, d\u2019\u00e9mettre, de transformer et d\u2018amplifier les \u00e9nergies.<\/span><\/p>\n<p><span style=\"font-family: Ephesis; font-size: 26px;\">Aide \u00e0 se r\u00e9orienter et se r\u00e9aligner \u00e9nerg\u00e9tiquement apr\u00e8s des perturbations, \u00e0 stabiliser et \u00e0 harmoniser le corps \u00e9nerg\u00e9tique et \u00e0 atteindre des fr\u00e9quences vibratoires \u00e9lev\u00e9es.<\/span><\/p>\n<p><span style=\"font-family: Ephesis; font-size: 26px;\">Permet d\u2019aiguiser certaines capacit\u00e9s mentales, la clairvoyance, l\u2019intuition, la visualisation et la concentration.<\/span><\/p>\n<p><span style=\"font-family: Ephesis; font-size: 26px;\">Utile dans la pratique de la m\u00e9ditation, permet d\u2019atteindre rapidement un haut niveau de conscience.<\/span><\/p>\n<p><span style=\"font-family: Ephesis; font-size: 26px;\"><strong><u>Ses bienfaits sur le plan physique<\/u><\/strong><\/span><\/p>\n<p><span style=\"font-family: Ephesis; font-size: 26px;\">Gu\u00e9risseur par excellence, en canalisant toutes les \u00e9nergies.<\/span><\/p>\n<p><span style=\"font-family: Ephesis; font-size: 26px;\">Il permet de traiter toutes les affections physiques et mentales, maux de dos (r\u00e9gion lombaire), syst\u00e8me immunitaire, douleurs oculaires, acouph\u00e8nes , c\u0153ur, poumons et syst\u00e8me digestif.<\/span><\/p>\n<p><span style=\"font-family: Ephesis; font-size: 26px;\">Conseill\u00e9 pour se lib\u00e9rer des addictions et de leurs r\u00e9percussions.<\/span><\/p>\n<p><span style=\"font-size: 33px;\"><strong><span style=\"font-family: Ephesis;\">Pierre de Lave :<\/span><\/strong><\/span><\/p>\n<p><span style=\"font-family: Ephesis; font-size: 26px;\">La pierre de lave est issue du magma en fusion rejet\u00e9 lors d\u2019\u00e9ruption. Il passe brutalement de 1000 degr\u00e9s \u00e0 la temp\u00e9rature ext\u00e9rieure. Au contact de l\u2019air le magma refroidi et se solidifie pour donner naissance \u00e0 la pierre noire.<\/span><\/p>\n<p><span style=\"font-family: Ephesis; font-size: 26px;\">Dans la Rome Antique, le Basalte \u00e9tait cens\u00e9 apporter force et protection \u00e0 celui qui le portait. Il \u00e9tait \u00e9galement utilis\u00e9 pour \u00e9loigner la magie et l\u2019envo\u00fbtement.<\/span><\/p>\n<p>&nbsp;<\/p>\n<p><span style=\"font-family: Ephesis; font-size: 26px;\"><u>Ses bienfaits sur le plan psychique<\/u><\/span><\/p>\n<p><span style=\"font-family: Ephesis; font-size: 26px;\">Incontestablement la pierre de l\u2019enracinement, elle est charg\u00e9e de l\u2019\u00e9nergie du feu, \u00e9nergie tellurique qui nous aide \u00e0 rester dans le moment pr\u00e9sent.<\/span><\/p>\n<p><span style=\"font-family: Ephesis; font-size: 26px;\">Conf\u00e8re du courage, du renouveau, en calmant l\u2019anxi\u00e9t\u00e9, lib\u00e8re le mental trop intrusif qui suscite souvent le doute et le stress.<\/span><\/p>\n<p><span style=\"font-family: Ephesis; font-size: 26px;\">Absorbe de mani\u00e8re consid\u00e9rable les \u00e9nergies n\u00e9gatives, prot\u00e8ge son propri\u00e9taire du mauvais \u0153il, des entit\u00e9s malveillantes, mais aussi de l\u2019influence des individus nocifs ou toxiques.<\/span><\/p>\n<p><span style=\"font-family: Ephesis; font-size: 26px;\">Aide \u00e0 mieux g\u00e9rer sa col\u00e8re et \u00e0 retrouver force et courage pour affronter les difficult\u00e9s qui se dresse sur votre chemin, permet alors de sortir de votre zone de confort et de d\u00e9passer vos croyances limitantes.<\/span><\/p>\n<p>&nbsp;<\/p>\n<p><span style=\"font-family: Ephesis; font-size: 26px;\"><u>Ses bienfaits sur le plan physique<\/u><\/span><\/p>\n<p><span style=\"font-family: Ephesis; font-size: 26px;\">Utilis\u00e9e en particulier pour sa chaleur lors de s\u00e9ance de massage \u00ab\u00a0avec pierre chaude\u00a0\u00bb qu\u2019elle conserve et diffuse de mani\u00e8re douce et continue, r\u00e9pand sa chaleur aux organes et ainsi les revitalises.<\/span><\/p>\n<p><span style=\"font-family: Ephesis; font-size: 26px;\">D\u00e9noue les muscles et apaise les tensions nerveuses.<\/span><\/p>\n<p><span style=\"font-family: Ephesis; font-size: 26px;\">Particuli\u00e8rement efficace sur la sph\u00e8re digestive, elle contribue \u00e0 r\u00e9guler le transit.<\/span><\/p>\n<p><span style=\"font-family: Ephesis; font-size: 26px;\">Favorise la vitalit\u00e9 tout en encourageant diff\u00e9rentes fonctions de l\u2019organisme.<\/span><\/p>\n<p>&nbsp;<\/p>\n<p><span style=\"font-family: Ephesis; font-size: 26px;\"><em><strong>La lithoth\u00e9rapie peut \u00eatre utilis\u00e9e en compl\u00e9ment des soins qui vous sont apport\u00e9s, mais ne remplace en aucun cas un avis m\u00e9dical et\/ ou traitement.<\/strong><\/em><\/span><\/p>\n<p><span style=\"font-family: Ephesis; font-size: 26px;\"><em>D\u00e9conseill\u00e9 aux enfants de moins de 3 ans. Pr\u00e9sente un risque d\u2019\u00e9touffement.<\/em><\/span><\/p>\n","protected":false},"excerpt":{"rendered":"<p><span style=\"font-family: Ephesis; font-size: 26px;\">Bracelet Shamballa Amour : Quartz Rose, Cristal de Roche, Pierre de lave.<\/span><\/p>\n<p><span style=\"font-family: Ephesis; font-size: 26px;\">Taille 1 r\u00e9glable.<\/span><\/p>\n<p>&nbsp;<\/p>\n","protected":false},"featured_media":2610,"comment_status":"closed","ping_status":"closed","template":"","meta":[],"product_brand":[],"product_cat":[629],"product_tag":[311,466,512,177,528,513,333,495,346,511],"class_list":{"0":"post-2608","1":"product","2":"type-product","3":"status-publish","4":"has-post-thumbnail","6":"product_cat-bracelets-shamballa","7":"product_tag-acceptation","8":"product_tag-amour","9":"product_tag-amplificateur-et-emetteur","10":"product_tag-coeur","11":"product_tag-mediter","12":"product_tag-recentre-toutes-energies","13":"product_tag-recepteur","14":"product_tag-relaxante","15":"product_tag-securisante","16":"product_tag-visualisation","18":"first","19":"outofstock","20":"purchasable","21":"product-type-simple"},"yoast_head":"<!-- This site is optimized with the Yoast SEO plugin v27.1 - https:\/\/yoast.com\/product\/yoast-seo-wordpress\/ -->\n<title>Shamballa Amour T1 - Lumi\u00e8res de S\u00e9l\u00e9n\u00e9<\/title>\n<meta name=\"description\" content=\"Cliquez ici pour d\u00e9couvrir Shamballa Amour T1 . Produits en stock d\u00e9part le jour m\u00eame ou le lendemain - Lumi\u00e8res de S\u00e9l\u00e9n\u00e9\" \/>\n<meta name=\"robots\" content=\"index, follow, max-snippet:-1, max-image-preview:large, max-video-preview:-1\" \/>\n<link rel=\"canonical\" href=\"https:\/\/lumieresdeselene.com\/index.php\/produit\/shamballa-amour-t1\/\" \/>\n<meta property=\"og:locale\" content=\"fr_FR\" \/>\n<meta property=\"og:type\" content=\"article\" \/>\n<meta property=\"og:title\" content=\"Shamballa Amour T1 - Lumi\u00e8res de S\u00e9l\u00e9n\u00e9\" \/>\n<meta property=\"og:description\" content=\"Cliquez ici pour d\u00e9couvrir Shamballa Amour T1 . Produits en stock d\u00e9part le jour m\u00eame ou le lendemain - Lumi\u00e8res de S\u00e9l\u00e9n\u00e9\" \/>\n<meta property=\"og:url\" content=\"https:\/\/lumieresdeselene.com\/index.php\/produit\/shamballa-amour-t1\/\" \/>\n<meta property=\"og:site_name\" content=\"Lumi\u00e8res de S\u00e9l\u00e9n\u00e9\" \/>\n<meta property=\"article:publisher\" content=\"https:\/\/www.facebook.com\/lumieresdeselene\/\" \/>\n<meta property=\"article:modified_time\" content=\"2025-07-28T14:44:19+00:00\" \/>\n<meta property=\"og:image\" content=\"https:\/\/lumieresdeselene.com\/wp-content\/uploads\/2025\/02\/20250219_130333-scaled.jpg\" \/>\n\t<meta property=\"og:image:width\" content=\"2407\" \/>\n\t<meta property=\"og:image:height\" content=\"2560\" \/>\n\t<meta property=\"og:image:type\" content=\"image\/jpeg\" \/>\n<meta name=\"twitter:card\" content=\"summary_large_image\" \/>\n<meta name=\"twitter:label1\" content=\"Dur\u00e9e de lecture estim\u00e9e\" \/>\n\t<meta name=\"twitter:data1\" content=\"4 minutes\" \/>\n<script type=\"application\/ld+json\" class=\"yoast-schema-graph\">{\"@context\":\"https:\/\/schema.org\",\"@graph\":[{\"@type\":\"WebPage\",\"@id\":\"https:\/\/lumieresdeselene.com\/index.php\/produit\/shamballa-amour-t1\/\",\"url\":\"https:\/\/lumieresdeselene.com\/index.php\/produit\/shamballa-amour-t1\/\",\"name\":\"Shamballa Amour T1 - Lumi\u00e8res de S\u00e9l\u00e9n\u00e9\",\"isPartOf\":{\"@id\":\"https:\/\/lumieresdeselene.com\/#website\"},\"primaryImageOfPage\":{\"@id\":\"https:\/\/lumieresdeselene.com\/index.php\/produit\/shamballa-amour-t1\/#primaryimage\"},\"image\":{\"@id\":\"https:\/\/lumieresdeselene.com\/index.php\/produit\/shamballa-amour-t1\/#primaryimage\"},\"thumbnailUrl\":\"https:\/\/i0.wp.com\/lumieresdeselene.com\/wp-content\/uploads\/2025\/02\/20250219_130333-scaled.jpg?fit=2407%2C2560&ssl=1\",\"datePublished\":\"2025-02-19T14:37:29+00:00\",\"dateModified\":\"2025-07-28T14:44:19+00:00\",\"description\":\"Cliquez ici pour d\u00e9couvrir Shamballa Amour T1 . Produits en stock d\u00e9part le jour m\u00eame ou le lendemain - Lumi\u00e8res de S\u00e9l\u00e9n\u00e9\",\"breadcrumb\":{\"@id\":\"https:\/\/lumieresdeselene.com\/index.php\/produit\/shamballa-amour-t1\/#breadcrumb\"},\"inLanguage\":\"fr-FR\",\"potentialAction\":[{\"@type\":\"ReadAction\",\"target\":[\"https:\/\/lumieresdeselene.com\/index.php\/produit\/shamballa-amour-t1\/\"]}]},{\"@type\":\"ImageObject\",\"inLanguage\":\"fr-FR\",\"@id\":\"https:\/\/lumieresdeselene.com\/index.php\/produit\/shamballa-amour-t1\/#primaryimage\",\"url\":\"https:\/\/i0.wp.com\/lumieresdeselene.com\/wp-content\/uploads\/2025\/02\/20250219_130333-scaled.jpg?fit=2407%2C2560&ssl=1\",\"contentUrl\":\"https:\/\/i0.wp.com\/lumieresdeselene.com\/wp-content\/uploads\/2025\/02\/20250219_130333-scaled.jpg?fit=2407%2C2560&ssl=1\",\"width\":2407,\"height\":2560,\"caption\":\"Shamballa Amour T1\"},{\"@type\":\"BreadcrumbList\",\"@id\":\"https:\/\/lumieresdeselene.com\/index.php\/produit\/shamballa-amour-t1\/#breadcrumb\",\"itemListElement\":[{\"@type\":\"ListItem\",\"position\":1,\"name\":\"Accueil\",\"item\":\"https:\/\/lumieresdeselene.com\/\"},{\"@type\":\"ListItem\",\"position\":2,\"name\":\"Boutique\",\"item\":\"https:\/\/lumieresdeselene.com\/index.php\/boutique\/\"},{\"@type\":\"ListItem\",\"position\":3,\"name\":\"Shamballa Amour T1\"}]},{\"@type\":\"WebSite\",\"@id\":\"https:\/\/lumieresdeselene.com\/#website\",\"url\":\"https:\/\/lumieresdeselene.com\/\",\"name\":\"Lumi\u00e8res de S\u00e9l\u00e9n\u00e9\",\"description\":\"Lumi\u00e8res de S\u00e9l\u00e9n\u00e9\",\"publisher\":{\"@id\":\"https:\/\/lumieresdeselene.com\/#organization\"},\"potentialAction\":[{\"@type\":\"SearchAction\",\"target\":{\"@type\":\"EntryPoint\",\"urlTemplate\":\"https:\/\/lumieresdeselene.com\/?s={search_term_string}\"},\"query-input\":{\"@type\":\"PropertyValueSpecification\",\"valueRequired\":true,\"valueName\":\"search_term_string\"}}],\"inLanguage\":\"fr-FR\"},{\"@type\":\"Organization\",\"@id\":\"https:\/\/lumieresdeselene.com\/#organization\",\"name\":\"Lumi\u00e8res de S\u00e9l\u00e9n\u00e9\",\"url\":\"https:\/\/lumieresdeselene.com\/\",\"logo\":{\"@type\":\"ImageObject\",\"inLanguage\":\"fr-FR\",\"@id\":\"https:\/\/lumieresdeselene.com\/#\/schema\/logo\/image\/\",\"url\":\"https:\/\/i0.wp.com\/lumieresdeselene.com\/wp-content\/uploads\/2024\/01\/Lumieres-de-Selene3.jpg?fit=500%2C500&ssl=1\",\"contentUrl\":\"https:\/\/i0.wp.com\/lumieresdeselene.com\/wp-content\/uploads\/2024\/01\/Lumieres-de-Selene3.jpg?fit=500%2C500&ssl=1\",\"width\":500,\"height\":500,\"caption\":\"Lumi\u00e8res de S\u00e9l\u00e9n\u00e9\"},\"image\":{\"@id\":\"https:\/\/lumieresdeselene.com\/#\/schema\/logo\/image\/\"},\"sameAs\":[\"https:\/\/www.facebook.com\/lumieresdeselene\/\",\"https:\/\/www.instagram.com\/lumieres.selene\/\"]}]}<\/script>\n<!-- \/ Yoast SEO plugin. -->","yoast_head_json":{"title":"Shamballa Amour T1 - Lumi\u00e8res de S\u00e9l\u00e9n\u00e9","description":"Cliquez ici pour d\u00e9couvrir Shamballa Amour T1 . Produits en stock d\u00e9part le jour m\u00eame ou le lendemain - Lumi\u00e8res de S\u00e9l\u00e9n\u00e9","robots":{"index":"index","follow":"follow","max-snippet":"max-snippet:-1","max-image-preview":"max-image-preview:large","max-video-preview":"max-video-preview:-1"},"canonical":"https:\/\/lumieresdeselene.com\/index.php\/produit\/shamballa-amour-t1\/","og_locale":"fr_FR","og_type":"article","og_title":"Shamballa Amour T1 - Lumi\u00e8res de S\u00e9l\u00e9n\u00e9","og_description":"Cliquez ici pour d\u00e9couvrir Shamballa Amour T1 . Produits en stock d\u00e9part le jour m\u00eame ou le lendemain - Lumi\u00e8res de S\u00e9l\u00e9n\u00e9","og_url":"https:\/\/lumieresdeselene.com\/index.php\/produit\/shamballa-amour-t1\/","og_site_name":"Lumi\u00e8res de S\u00e9l\u00e9n\u00e9","article_publisher":"https:\/\/www.facebook.com\/lumieresdeselene\/","article_modified_time":"2025-07-28T14:44:19+00:00","og_image":[{"width":2407,"height":2560,"url":"https:\/\/lumieresdeselene.com\/wp-content\/uploads\/2025\/02\/20250219_130333-scaled.jpg","type":"image\/jpeg"}],"twitter_card":"summary_large_image","twitter_misc":{"Dur\u00e9e de lecture estim\u00e9e":"4 minutes"},"schema":{"@context":"https:\/\/schema.org","@graph":[{"@type":"WebPage","@id":"https:\/\/lumieresdeselene.com\/index.php\/produit\/shamballa-amour-t1\/","url":"https:\/\/lumieresdeselene.com\/index.php\/produit\/shamballa-amour-t1\/","name":"Shamballa Amour T1 - Lumi\u00e8res de S\u00e9l\u00e9n\u00e9","isPartOf":{"@id":"https:\/\/lumieresdeselene.com\/#website"},"primaryImageOfPage":{"@id":"https:\/\/lumieresdeselene.com\/index.php\/produit\/shamballa-amour-t1\/#primaryimage"},"image":{"@id":"https:\/\/lumieresdeselene.com\/index.php\/produit\/shamballa-amour-t1\/#primaryimage"},"thumbnailUrl":"https:\/\/i0.wp.com\/lumieresdeselene.com\/wp-content\/uploads\/2025\/02\/20250219_130333-scaled.jpg?fit=2407%2C2560&ssl=1","datePublished":"2025-02-19T14:37:29+00:00","dateModified":"2025-07-28T14:44:19+00:00","description":"Cliquez ici pour d\u00e9couvrir Shamballa Amour T1 . Produits en stock d\u00e9part le jour m\u00eame ou le lendemain - Lumi\u00e8res de S\u00e9l\u00e9n\u00e9","breadcrumb":{"@id":"https:\/\/lumieresdeselene.com\/index.php\/produit\/shamballa-amour-t1\/#breadcrumb"},"inLanguage":"fr-FR","potentialAction":[{"@type":"ReadAction","target":["https:\/\/lumieresdeselene.com\/index.php\/produit\/shamballa-amour-t1\/"]}]},{"@type":"ImageObject","inLanguage":"fr-FR","@id":"https:\/\/lumieresdeselene.com\/index.php\/produit\/shamballa-amour-t1\/#primaryimage","url":"https:\/\/i0.wp.com\/lumieresdeselene.com\/wp-content\/uploads\/2025\/02\/20250219_130333-scaled.jpg?fit=2407%2C2560&ssl=1","contentUrl":"https:\/\/i0.wp.com\/lumieresdeselene.com\/wp-content\/uploads\/2025\/02\/20250219_130333-scaled.jpg?fit=2407%2C2560&ssl=1","width":2407,"height":2560,"caption":"Shamballa Amour T1"},{"@type":"BreadcrumbList","@id":"https:\/\/lumieresdeselene.com\/index.php\/produit\/shamballa-amour-t1\/#breadcrumb","itemListElement":[{"@type":"ListItem","position":1,"name":"Accueil","item":"https:\/\/lumieresdeselene.com\/"},{"@type":"ListItem","position":2,"name":"Boutique","item":"https:\/\/lumieresdeselene.com\/index.php\/boutique\/"},{"@type":"ListItem","position":3,"name":"Shamballa Amour T1"}]},{"@type":"WebSite","@id":"https:\/\/lumieresdeselene.com\/#website","url":"https:\/\/lumieresdeselene.com\/","name":"Lumi\u00e8res de S\u00e9l\u00e9n\u00e9","description":"Lumi\u00e8res de S\u00e9l\u00e9n\u00e9","publisher":{"@id":"https:\/\/lumieresdeselene.com\/#organization"},"potentialAction":[{"@type":"SearchAction","target":{"@type":"EntryPoint","urlTemplate":"https:\/\/lumieresdeselene.com\/?s={search_term_string}"},"query-input":{"@type":"PropertyValueSpecification","valueRequired":true,"valueName":"search_term_string"}}],"inLanguage":"fr-FR"},{"@type":"Organization","@id":"https:\/\/lumieresdeselene.com\/#organization","name":"Lumi\u00e8res de S\u00e9l\u00e9n\u00e9","url":"https:\/\/lumieresdeselene.com\/","logo":{"@type":"ImageObject","inLanguage":"fr-FR","@id":"https:\/\/lumieresdeselene.com\/#\/schema\/logo\/image\/","url":"https:\/\/i0.wp.com\/lumieresdeselene.com\/wp-content\/uploads\/2024\/01\/Lumieres-de-Selene3.jpg?fit=500%2C500&ssl=1","contentUrl":"https:\/\/i0.wp.com\/lumieresdeselene.com\/wp-content\/uploads\/2024\/01\/Lumieres-de-Selene3.jpg?fit=500%2C500&ssl=1","width":500,"height":500,"caption":"Lumi\u00e8res de S\u00e9l\u00e9n\u00e9"},"image":{"@id":"https:\/\/lumieresdeselene.com\/#\/schema\/logo\/image\/"},"sameAs":["https:\/\/www.facebook.com\/lumieresdeselene\/","https:\/\/www.instagram.com\/lumieres.selene\/"]}]}},"jetpack_sharing_enabled":true,"_links":{"self":[{"href":"https:\/\/lumieresdeselene.com\/index.php\/wp-json\/wp\/v2\/product\/2608","targetHints":{"allow":["GET"]}}],"collection":[{"href":"https:\/\/lumieresdeselene.com\/index.php\/wp-json\/wp\/v2\/product"}],"about":[{"href":"https:\/\/lumieresdeselene.com\/index.php\/wp-json\/wp\/v2\/types\/product"}],"replies":[{"embeddable":true,"href":"https:\/\/lumieresdeselene.com\/index.php\/wp-json\/wp\/v2\/comments?post=2608"}],"wp:featuredmedia":[{"embeddable":true,"href":"https:\/\/lumieresdeselene.com\/index.php\/wp-json\/wp\/v2\/media\/2610"}],"wp:attachment":[{"href":"https:\/\/lumieresdeselene.com\/index.php\/wp-json\/wp\/v2\/media?parent=2608"}],"wp:term":[{"taxonomy":"product_brand","embeddable":true,"href":"https:\/\/lumieresdeselene.com\/index.php\/wp-json\/wp\/v2\/product_brand?post=2608"},{"taxonomy":"product_cat","embeddable":true,"href":"https:\/\/lumieresdeselene.com\/index.php\/wp-json\/wp\/v2\/product_cat?post=2608"},{"taxonomy":"product_tag","embeddable":true,"href":"https:\/\/lumieresdeselene.com\/index.php\/wp-json\/wp\/v2\/product_tag?post=2608"}],"curies":[{"name":"wp","href":"https:\/\/api.w.org\/{rel}","templated":true}]}}