{"id":2603,"date":"2025-02-19T15:31:11","date_gmt":"2025-02-19T14:31:11","guid":{"rendered":"https:\/\/lumieresdeselene.com\/?post_type=product&#038;p=2603"},"modified":"2025-07-28T16:44:57","modified_gmt":"2025-07-28T14:44:57","slug":"shamballa-confiance-communication-timidite-t1","status":"publish","type":"product","link":"https:\/\/lumieresdeselene.com\/index.php\/produit\/shamballa-confiance-communication-timidite-t1\/","title":{"rendered":"Shamballa Confiance communication timidit\u00e9 T1"},"content":{"rendered":"<p><span style=\"font-family: Ephesis; font-size: 33px;\"><strong>Sodalite :<\/strong><\/span><\/p>\n<p><span style=\"font-family: Ephesis; font-size: 26px;\">En 2000 avant J.C, la civilisation de Caral au Nord du P\u00e9rou, utilise la <a href=\"https:\/\/lumieresdeselene.com\/index.php\/produit\/sodalite-aa\/\">sodalite<\/a> dans ses rituels. Sur le site arch\u00e9ologique, on a retrouv\u00e9 des offrandes compos\u00e9es de fragments de <a href=\"https:\/\/lumieresdeselene.com\/index.php\/produit\/sodalite-a\/\">sodalite<\/a>.<\/span><\/p>\n<p><span style=\"font-family: Ephesis; font-size: 26px;\"><strong><u>Ses bienfaits sur le plan psychique<\/u><\/strong><\/span><\/p>\n<p><span style=\"font-family: Ephesis; font-size: 26px;\">Pierre apaisante.<\/span><\/p>\n<p><span style=\"font-family: Ephesis; font-size: 26px;\">Rassure les personnes en manque de confiance.<\/span><\/p>\n<p><span style=\"font-family: Ephesis; font-size: 26px;\">Redonne de l\u2019humilit\u00e9 ou au contraire l\u00e8ve le sentiment d\u2019inf\u00e9riorit\u00e9, aide \u00e0 maitriser les \u00e9motions et les exc\u00e8s de sensibilit\u00e9.<\/span><\/p>\n<p><span style=\"font-family: Ephesis; font-size: 26px;\">Accentue la logique, canalise la pens\u00e9e de fa\u00e7on rationnelle et engendre des raisonnements de qualit\u00e9.<\/span><\/p>\n<p><span style=\"font-family: Ephesis; font-size: 26px;\"><u>Vein\u00e9e de blanc\u00a0<\/u>: elle harmonise les \u00e9nergies et facilite la coh\u00e9sion du groupe.<\/span><\/p>\n<p><span style=\"font-family: Ephesis; font-size: 26px;\"><u>Fonc\u00e9e\u00a0<\/u>: offre une bonne protection contre les influences n\u00e9gatives.<\/span><\/p>\n<p><span style=\"font-family: Ephesis; font-size: 26px;\"><strong><u>Ses bienfaits sur le plan physique<\/u><\/strong><\/span><\/p>\n<p><span style=\"font-family: Ephesis; font-size: 26px;\">Permet \u00e0 l\u2019organisme de fixer et d\u2019assimiler le calcium.<\/span><\/p>\n<p><span style=\"font-family: Ephesis; font-size: 26px;\">Active le syst\u00e8me immunitaire.<\/span><\/p>\n<p><span style=\"font-family: Ephesis; font-size: 26px;\">Vertus contre les affections de la gorge et des yeux, calme les enrouements et a une action favorable sur la thyro\u00efde.<\/span><\/p>\n<p><span style=\"font-family: Ephesis; font-size: 26px;\">Utilis\u00e9e pour r\u00e9duire l\u2019hypertension.<\/span><\/p>\n<p><span style=\"font-family: Ephesis; font-size: 26px;\">Permet aux nouveaux n\u00e9s de vivre une croissance \u00e9quilibr\u00e9e.<\/span><\/p>\n<p><span style=\"font-family: Ephesis; font-size: 26px;\">Appr\u00e9ci\u00e9 des animaux.<\/span><\/p>\n<p><span style=\"font-size: 33px;\"><strong><span style=\"font-family: Ephesis;\">Howlite :<\/span><\/strong><\/span><\/p>\n<p><span style=\"font-family: Ephesis; font-size: 26px;\">D\u00e9couverte en 1868, les am\u00e9rindiens \u00e9taient connus pour utiliser l\u2019<a href=\"https:\/\/lumieresdeselene.com\/index.php\/produit\/howlite-blanche-a\/\">Howlite<\/a> blanche pendant des rituels chamaniques et en tant qu\u2019amulette protectrice. Ils lui donn\u00e8rent le surnom de \u00ab\u00a0pierre du bison blanc\u00a0\u00bb en r\u00e9f\u00e9rence \u00e0 la raret\u00e9 et \u00e0 la beaut\u00e9 du bison blanc.<\/span><\/p>\n<p><span style=\"font-family: Ephesis; font-size: 26px;\"><strong><u>Ses bienfaits sur le plan psychique<\/u><\/strong><\/span><\/p>\n<p><span style=\"font-family: Ephesis; font-size: 26px;\">Pierre stabilisante, permet de clarifier l\u2019esprit, d\u2019\u00e9tablir une coh\u00e9rence entre les sentiments, donne le sens des responsabilit\u00e9s et dissipe toutes les craintes.<\/span><\/p>\n<p><span style=\"font-family: Ephesis; font-size: 26px;\">R\u00e9duit la tristesse, l\u2019hypersensibilit\u00e9, le stress et l\u2019angoisse.<\/span><\/p>\n<p><span style=\"font-family: Ephesis; font-size: 26px;\"><strong><u>Ses bienfaits sur le plan physique<\/u><\/strong><\/span><\/p>\n<p><span style=\"font-family: Ephesis; font-size: 26px;\">Equilibre le taux de calcium dans le corps, b\u00e9n\u00e9fique pour les os et les dents.<\/span><\/p>\n<p><span style=\"font-family: Ephesis; font-size: 26px;\">Soulage l\u2019insomnie.<\/span><\/p>\n<p><span style=\"font-family: Ephesis; font-size: 26px;\">Son action diur\u00e9tique permet de drainer et de purifier l\u2019organisme.<\/span><\/p>\n<p><span style=\"font-family: Ephesis; font-size: 26px;\">Favorise l\u2019\u00e9lasticit\u00e9 et l\u2019\u00e9clat de jeunesse naturel de l\u2019\u00e9piderme.<\/span><\/p>\n<p><span style=\"font-family: Ephesis; font-size: 26px;\">Stimule la circulation sanguine et permet une meilleure \u00e9limination des toxines.<\/span><\/p>\n<p>&nbsp;<\/p>\n<p><span style=\"font-family: Ephesis; font-size: 26px;\"><em><strong>La lithoth\u00e9rapie peut \u00eatre utilis\u00e9e en compl\u00e9ment des soins qui vous sont apport\u00e9s, mais ne remplace en aucun cas un avis m\u00e9dical et\/ ou traitement.<\/strong><\/em><\/span><\/p>\n<p><span style=\"font-family: Ephesis; font-size: 26px;\"><em>D\u00e9conseill\u00e9 aux enfants de moins de 3 ans. Pr\u00e9sente un risque d\u2019\u00e9touffement.<\/em><\/span><\/p>\n","protected":false},"excerpt":{"rendered":"<p><span style=\"font-family: Ephesis; font-size: 26px;\">Bracelet Shamballa confiance, communication et timidit\u00e9 : Sodalite, Howlite blanche.<\/span><\/p>\n<p><span style=\"font-family: Ephesis; font-size: 26px;\">Taille 1 r\u00e9glable.<\/span><\/p>\n<p>&nbsp;<\/p>\n","protected":false},"featured_media":2605,"comment_status":"closed","ping_status":"closed","template":"","meta":[],"product_brand":[],"product_cat":[629],"product_tag":[156,173,474,176,462,465,122,346,217,138,463],"class_list":{"0":"post-2603","1":"product","2":"type-product","3":"status-publish","4":"has-post-thumbnail","6":"product_cat-bracelets-shamballa","7":"product_tag-apaisante","8":"product_tag-courage","9":"product_tag-enracinement","10":"product_tag-equilibre-emotionnel","11":"product_tag-eveil-spirituel","12":"product_tag-humilite","13":"product_tag-relation","14":"product_tag-securisante","15":"product_tag-sensibilite","16":"product_tag-stabilisante","17":"product_tag-vitalite","19":"first","20":"outofstock","21":"purchasable","22":"product-type-simple"},"yoast_head":"<!-- This site is optimized with the Yoast SEO plugin v27.1 - https:\/\/yoast.com\/product\/yoast-seo-wordpress\/ -->\n<title>Shamballa Confiance communication timidit\u00e9 T1 - Lumi\u00e8res de S\u00e9l\u00e9n\u00e9<\/title>\n<meta name=\"description\" content=\"Cliquez ici pour d\u00e9couvrir Shamballa Confiance communication timidit\u00e9 T1 . Produits en stock d\u00e9part le jour m\u00eame ou le lendemain - Lumi\u00e8res de S\u00e9l\u00e9n\u00e9\" \/>\n<meta name=\"robots\" content=\"index, follow, max-snippet:-1, max-image-preview:large, max-video-preview:-1\" \/>\n<link rel=\"canonical\" href=\"https:\/\/lumieresdeselene.com\/index.php\/produit\/shamballa-confiance-communication-timidite-t1\/\" \/>\n<meta property=\"og:locale\" content=\"fr_FR\" \/>\n<meta property=\"og:type\" content=\"article\" \/>\n<meta property=\"og:title\" content=\"Shamballa Confiance communication timidit\u00e9 T1 - Lumi\u00e8res de S\u00e9l\u00e9n\u00e9\" \/>\n<meta property=\"og:description\" content=\"Cliquez ici pour d\u00e9couvrir Shamballa Confiance communication timidit\u00e9 T1 . Produits en stock d\u00e9part le jour m\u00eame ou le lendemain - Lumi\u00e8res de S\u00e9l\u00e9n\u00e9\" \/>\n<meta property=\"og:url\" content=\"https:\/\/lumieresdeselene.com\/index.php\/produit\/shamballa-confiance-communication-timidite-t1\/\" \/>\n<meta property=\"og:site_name\" content=\"Lumi\u00e8res de S\u00e9l\u00e9n\u00e9\" \/>\n<meta property=\"article:publisher\" content=\"https:\/\/www.facebook.com\/lumieresdeselene\/\" \/>\n<meta property=\"article:modified_time\" content=\"2025-07-28T14:44:57+00:00\" \/>\n<meta property=\"og:image\" content=\"https:\/\/lumieresdeselene.com\/wp-content\/uploads\/2025\/02\/20250219_130408-scaled.jpg\" \/>\n\t<meta property=\"og:image:width\" content=\"2491\" \/>\n\t<meta property=\"og:image:height\" content=\"2560\" \/>\n\t<meta property=\"og:image:type\" content=\"image\/jpeg\" \/>\n<meta name=\"twitter:card\" content=\"summary_large_image\" \/>\n<meta name=\"twitter:label1\" content=\"Dur\u00e9e de lecture estim\u00e9e\" \/>\n\t<meta name=\"twitter:data1\" content=\"2 minutes\" \/>\n<script type=\"application\/ld+json\" class=\"yoast-schema-graph\">{\"@context\":\"https:\/\/schema.org\",\"@graph\":[{\"@type\":\"WebPage\",\"@id\":\"https:\/\/lumieresdeselene.com\/index.php\/produit\/shamballa-confiance-communication-timidite-t1\/\",\"url\":\"https:\/\/lumieresdeselene.com\/index.php\/produit\/shamballa-confiance-communication-timidite-t1\/\",\"name\":\"Shamballa Confiance communication timidit\u00e9 T1 - Lumi\u00e8res de S\u00e9l\u00e9n\u00e9\",\"isPartOf\":{\"@id\":\"https:\/\/lumieresdeselene.com\/#website\"},\"primaryImageOfPage\":{\"@id\":\"https:\/\/lumieresdeselene.com\/index.php\/produit\/shamballa-confiance-communication-timidite-t1\/#primaryimage\"},\"image\":{\"@id\":\"https:\/\/lumieresdeselene.com\/index.php\/produit\/shamballa-confiance-communication-timidite-t1\/#primaryimage\"},\"thumbnailUrl\":\"https:\/\/i0.wp.com\/lumieresdeselene.com\/wp-content\/uploads\/2025\/02\/20250219_130408-scaled.jpg?fit=2491%2C2560&ssl=1\",\"datePublished\":\"2025-02-19T14:31:11+00:00\",\"dateModified\":\"2025-07-28T14:44:57+00:00\",\"description\":\"Cliquez ici pour d\u00e9couvrir Shamballa Confiance communication timidit\u00e9 T1 . Produits en stock d\u00e9part le jour m\u00eame ou le lendemain - Lumi\u00e8res de S\u00e9l\u00e9n\u00e9\",\"breadcrumb\":{\"@id\":\"https:\/\/lumieresdeselene.com\/index.php\/produit\/shamballa-confiance-communication-timidite-t1\/#breadcrumb\"},\"inLanguage\":\"fr-FR\",\"potentialAction\":[{\"@type\":\"ReadAction\",\"target\":[\"https:\/\/lumieresdeselene.com\/index.php\/produit\/shamballa-confiance-communication-timidite-t1\/\"]}]},{\"@type\":\"ImageObject\",\"inLanguage\":\"fr-FR\",\"@id\":\"https:\/\/lumieresdeselene.com\/index.php\/produit\/shamballa-confiance-communication-timidite-t1\/#primaryimage\",\"url\":\"https:\/\/i0.wp.com\/lumieresdeselene.com\/wp-content\/uploads\/2025\/02\/20250219_130408-scaled.jpg?fit=2491%2C2560&ssl=1\",\"contentUrl\":\"https:\/\/i0.wp.com\/lumieresdeselene.com\/wp-content\/uploads\/2025\/02\/20250219_130408-scaled.jpg?fit=2491%2C2560&ssl=1\",\"width\":2491,\"height\":2560,\"caption\":\"Shamballa Confiance communication timidit\u00e9 T1\"},{\"@type\":\"BreadcrumbList\",\"@id\":\"https:\/\/lumieresdeselene.com\/index.php\/produit\/shamballa-confiance-communication-timidite-t1\/#breadcrumb\",\"itemListElement\":[{\"@type\":\"ListItem\",\"position\":1,\"name\":\"Accueil\",\"item\":\"https:\/\/lumieresdeselene.com\/\"},{\"@type\":\"ListItem\",\"position\":2,\"name\":\"Boutique\",\"item\":\"https:\/\/lumieresdeselene.com\/index.php\/boutique\/\"},{\"@type\":\"ListItem\",\"position\":3,\"name\":\"Shamballa Confiance communication timidit\u00e9 T1\"}]},{\"@type\":\"WebSite\",\"@id\":\"https:\/\/lumieresdeselene.com\/#website\",\"url\":\"https:\/\/lumieresdeselene.com\/\",\"name\":\"Lumi\u00e8res de S\u00e9l\u00e9n\u00e9\",\"description\":\"Lumi\u00e8res de S\u00e9l\u00e9n\u00e9\",\"publisher\":{\"@id\":\"https:\/\/lumieresdeselene.com\/#organization\"},\"potentialAction\":[{\"@type\":\"SearchAction\",\"target\":{\"@type\":\"EntryPoint\",\"urlTemplate\":\"https:\/\/lumieresdeselene.com\/?s={search_term_string}\"},\"query-input\":{\"@type\":\"PropertyValueSpecification\",\"valueRequired\":true,\"valueName\":\"search_term_string\"}}],\"inLanguage\":\"fr-FR\"},{\"@type\":\"Organization\",\"@id\":\"https:\/\/lumieresdeselene.com\/#organization\",\"name\":\"Lumi\u00e8res de S\u00e9l\u00e9n\u00e9\",\"url\":\"https:\/\/lumieresdeselene.com\/\",\"logo\":{\"@type\":\"ImageObject\",\"inLanguage\":\"fr-FR\",\"@id\":\"https:\/\/lumieresdeselene.com\/#\/schema\/logo\/image\/\",\"url\":\"https:\/\/i0.wp.com\/lumieresdeselene.com\/wp-content\/uploads\/2024\/01\/Lumieres-de-Selene3.jpg?fit=500%2C500&ssl=1\",\"contentUrl\":\"https:\/\/i0.wp.com\/lumieresdeselene.com\/wp-content\/uploads\/2024\/01\/Lumieres-de-Selene3.jpg?fit=500%2C500&ssl=1\",\"width\":500,\"height\":500,\"caption\":\"Lumi\u00e8res de S\u00e9l\u00e9n\u00e9\"},\"image\":{\"@id\":\"https:\/\/lumieresdeselene.com\/#\/schema\/logo\/image\/\"},\"sameAs\":[\"https:\/\/www.facebook.com\/lumieresdeselene\/\",\"https:\/\/www.instagram.com\/lumieres.selene\/\"]}]}<\/script>\n<!-- \/ Yoast SEO plugin. -->","yoast_head_json":{"title":"Shamballa Confiance communication timidit\u00e9 T1 - Lumi\u00e8res de S\u00e9l\u00e9n\u00e9","description":"Cliquez ici pour d\u00e9couvrir Shamballa Confiance communication timidit\u00e9 T1 . Produits en stock d\u00e9part le jour m\u00eame ou le lendemain - Lumi\u00e8res de S\u00e9l\u00e9n\u00e9","robots":{"index":"index","follow":"follow","max-snippet":"max-snippet:-1","max-image-preview":"max-image-preview:large","max-video-preview":"max-video-preview:-1"},"canonical":"https:\/\/lumieresdeselene.com\/index.php\/produit\/shamballa-confiance-communication-timidite-t1\/","og_locale":"fr_FR","og_type":"article","og_title":"Shamballa Confiance communication timidit\u00e9 T1 - Lumi\u00e8res de S\u00e9l\u00e9n\u00e9","og_description":"Cliquez ici pour d\u00e9couvrir Shamballa Confiance communication timidit\u00e9 T1 . Produits en stock d\u00e9part le jour m\u00eame ou le lendemain - Lumi\u00e8res de S\u00e9l\u00e9n\u00e9","og_url":"https:\/\/lumieresdeselene.com\/index.php\/produit\/shamballa-confiance-communication-timidite-t1\/","og_site_name":"Lumi\u00e8res de S\u00e9l\u00e9n\u00e9","article_publisher":"https:\/\/www.facebook.com\/lumieresdeselene\/","article_modified_time":"2025-07-28T14:44:57+00:00","og_image":[{"width":2491,"height":2560,"url":"https:\/\/lumieresdeselene.com\/wp-content\/uploads\/2025\/02\/20250219_130408-scaled.jpg","type":"image\/jpeg"}],"twitter_card":"summary_large_image","twitter_misc":{"Dur\u00e9e de lecture estim\u00e9e":"2 minutes"},"schema":{"@context":"https:\/\/schema.org","@graph":[{"@type":"WebPage","@id":"https:\/\/lumieresdeselene.com\/index.php\/produit\/shamballa-confiance-communication-timidite-t1\/","url":"https:\/\/lumieresdeselene.com\/index.php\/produit\/shamballa-confiance-communication-timidite-t1\/","name":"Shamballa Confiance communication timidit\u00e9 T1 - Lumi\u00e8res de S\u00e9l\u00e9n\u00e9","isPartOf":{"@id":"https:\/\/lumieresdeselene.com\/#website"},"primaryImageOfPage":{"@id":"https:\/\/lumieresdeselene.com\/index.php\/produit\/shamballa-confiance-communication-timidite-t1\/#primaryimage"},"image":{"@id":"https:\/\/lumieresdeselene.com\/index.php\/produit\/shamballa-confiance-communication-timidite-t1\/#primaryimage"},"thumbnailUrl":"https:\/\/i0.wp.com\/lumieresdeselene.com\/wp-content\/uploads\/2025\/02\/20250219_130408-scaled.jpg?fit=2491%2C2560&ssl=1","datePublished":"2025-02-19T14:31:11+00:00","dateModified":"2025-07-28T14:44:57+00:00","description":"Cliquez ici pour d\u00e9couvrir Shamballa Confiance communication timidit\u00e9 T1 . Produits en stock d\u00e9part le jour m\u00eame ou le lendemain - Lumi\u00e8res de S\u00e9l\u00e9n\u00e9","breadcrumb":{"@id":"https:\/\/lumieresdeselene.com\/index.php\/produit\/shamballa-confiance-communication-timidite-t1\/#breadcrumb"},"inLanguage":"fr-FR","potentialAction":[{"@type":"ReadAction","target":["https:\/\/lumieresdeselene.com\/index.php\/produit\/shamballa-confiance-communication-timidite-t1\/"]}]},{"@type":"ImageObject","inLanguage":"fr-FR","@id":"https:\/\/lumieresdeselene.com\/index.php\/produit\/shamballa-confiance-communication-timidite-t1\/#primaryimage","url":"https:\/\/i0.wp.com\/lumieresdeselene.com\/wp-content\/uploads\/2025\/02\/20250219_130408-scaled.jpg?fit=2491%2C2560&ssl=1","contentUrl":"https:\/\/i0.wp.com\/lumieresdeselene.com\/wp-content\/uploads\/2025\/02\/20250219_130408-scaled.jpg?fit=2491%2C2560&ssl=1","width":2491,"height":2560,"caption":"Shamballa Confiance communication timidit\u00e9 T1"},{"@type":"BreadcrumbList","@id":"https:\/\/lumieresdeselene.com\/index.php\/produit\/shamballa-confiance-communication-timidite-t1\/#breadcrumb","itemListElement":[{"@type":"ListItem","position":1,"name":"Accueil","item":"https:\/\/lumieresdeselene.com\/"},{"@type":"ListItem","position":2,"name":"Boutique","item":"https:\/\/lumieresdeselene.com\/index.php\/boutique\/"},{"@type":"ListItem","position":3,"name":"Shamballa Confiance communication timidit\u00e9 T1"}]},{"@type":"WebSite","@id":"https:\/\/lumieresdeselene.com\/#website","url":"https:\/\/lumieresdeselene.com\/","name":"Lumi\u00e8res de S\u00e9l\u00e9n\u00e9","description":"Lumi\u00e8res de S\u00e9l\u00e9n\u00e9","publisher":{"@id":"https:\/\/lumieresdeselene.com\/#organization"},"potentialAction":[{"@type":"SearchAction","target":{"@type":"EntryPoint","urlTemplate":"https:\/\/lumieresdeselene.com\/?s={search_term_string}"},"query-input":{"@type":"PropertyValueSpecification","valueRequired":true,"valueName":"search_term_string"}}],"inLanguage":"fr-FR"},{"@type":"Organization","@id":"https:\/\/lumieresdeselene.com\/#organization","name":"Lumi\u00e8res de S\u00e9l\u00e9n\u00e9","url":"https:\/\/lumieresdeselene.com\/","logo":{"@type":"ImageObject","inLanguage":"fr-FR","@id":"https:\/\/lumieresdeselene.com\/#\/schema\/logo\/image\/","url":"https:\/\/i0.wp.com\/lumieresdeselene.com\/wp-content\/uploads\/2024\/01\/Lumieres-de-Selene3.jpg?fit=500%2C500&ssl=1","contentUrl":"https:\/\/i0.wp.com\/lumieresdeselene.com\/wp-content\/uploads\/2024\/01\/Lumieres-de-Selene3.jpg?fit=500%2C500&ssl=1","width":500,"height":500,"caption":"Lumi\u00e8res de S\u00e9l\u00e9n\u00e9"},"image":{"@id":"https:\/\/lumieresdeselene.com\/#\/schema\/logo\/image\/"},"sameAs":["https:\/\/www.facebook.com\/lumieresdeselene\/","https:\/\/www.instagram.com\/lumieres.selene\/"]}]}},"jetpack_sharing_enabled":true,"_links":{"self":[{"href":"https:\/\/lumieresdeselene.com\/index.php\/wp-json\/wp\/v2\/product\/2603","targetHints":{"allow":["GET"]}}],"collection":[{"href":"https:\/\/lumieresdeselene.com\/index.php\/wp-json\/wp\/v2\/product"}],"about":[{"href":"https:\/\/lumieresdeselene.com\/index.php\/wp-json\/wp\/v2\/types\/product"}],"replies":[{"embeddable":true,"href":"https:\/\/lumieresdeselene.com\/index.php\/wp-json\/wp\/v2\/comments?post=2603"}],"wp:featuredmedia":[{"embeddable":true,"href":"https:\/\/lumieresdeselene.com\/index.php\/wp-json\/wp\/v2\/media\/2605"}],"wp:attachment":[{"href":"https:\/\/lumieresdeselene.com\/index.php\/wp-json\/wp\/v2\/media?parent=2603"}],"wp:term":[{"taxonomy":"product_brand","embeddable":true,"href":"https:\/\/lumieresdeselene.com\/index.php\/wp-json\/wp\/v2\/product_brand?post=2603"},{"taxonomy":"product_cat","embeddable":true,"href":"https:\/\/lumieresdeselene.com\/index.php\/wp-json\/wp\/v2\/product_cat?post=2603"},{"taxonomy":"product_tag","embeddable":true,"href":"https:\/\/lumieresdeselene.com\/index.php\/wp-json\/wp\/v2\/product_tag?post=2603"}],"curies":[{"name":"wp","href":"https:\/\/api.w.org\/{rel}","templated":true}]}}