{"id":2599,"date":"2025-02-19T15:22:47","date_gmt":"2025-02-19T14:22:47","guid":{"rendered":"https:\/\/lumieresdeselene.com\/?post_type=product&#038;p=2599"},"modified":"2025-04-05T11:48:59","modified_gmt":"2025-04-05T09:48:59","slug":"shamballa-vitalite","status":"publish","type":"product","link":"https:\/\/lumieresdeselene.com\/index.php\/produit\/shamballa-vitalite\/","title":{"rendered":"Shamballa Vitalit\u00e9"},"content":{"rendered":"<p><span style=\"font-size: 33px; font-family: Ephesis;\"><strong>Cornaline :\u00a0<\/strong><\/span><\/p>\n<p><span style=\"font-family: Ephesis; font-size: 26px;\">Tr\u00e8s importante pour les Sum\u00e9riens, comme en t\u00e9moigne la tombe de la reine D\u2019Ur, Puabi, dont le tr\u00e9sor pr\u00e9sentait des bijoux avec <a href=\"https:\/\/lumieresdeselene.com\/index.php\/produit\/cornaline-a-enfant\/\">Cornaline<\/a> qui date d\u2019environ 2600 ans avant J.C.<\/span><\/p>\n<p><span style=\"font-family: Ephesis; font-size: 26px;\"><strong><u>Ses bienfaits sur le plan psychique<\/u><\/strong><\/span><\/p>\n<p><span style=\"font-family: Ephesis; font-size: 26px;\">Apaise les exc\u00e8s de col\u00e8re et de jalousie, permet d\u2019avoir un meilleur contr\u00f4le de vous-m\u00eame.<\/span><\/p>\n<p><span style=\"font-family: Ephesis; font-size: 26px;\">Ram\u00e8ne au moment pr\u00e9sent, d\u00e9tourne les pens\u00e9es vagabondes, am\u00e9liore la concentration.<\/span><\/p>\n<p><span style=\"font-family: Ephesis; font-size: 26px;\"><strong><u>Ses bienfaits sur le plan physique<\/u><\/strong><\/span><\/p>\n<p><span style=\"font-family: Ephesis; font-size: 26px;\">Particuli\u00e8rement bienfaisante sur les organes g\u00e9nitaux aussi bien f\u00e9minins que masculins (fertilit\u00e9, impuissance, menstruations).<\/span><\/p>\n<p><span style=\"font-family: Ephesis; font-size: 26px;\">Renforce les tendons et les ligaments et r\u00e9duit les douleurs dorsales.<\/span><\/p>\n<p><span style=\"font-family: Ephesis; font-size: 26px;\">Anti-inflammatoire, soulage les rhumatismes et l\u2019arthrite.<\/span><\/p>\n<p><span style=\"font-family: Ephesis; font-size: 26px;\">Contribue \u00e0 am\u00e9liorer la qualit\u00e9 du sang, r\u00e9gule la circulation, att\u00e9nue les coupures et \u00e9corchures b\u00e9nignes.<\/span><\/p>\n<p><span style=\"font-family: Ephesis; font-size: 26px;\">Aide \u00e0 la digestion et facilite le transit intestinal.<\/span><\/p>\n<p>&nbsp;<\/p>\n<p><span style=\"font-size: 33px;\"><strong><span style=\"font-family: Ephesis;\">Jaspe Rouge :\u00a0<\/span><\/strong><\/span><\/p>\n<p><span style=\"font-family: Ephesis; font-size: 26px;\">Dans la haute antiquit\u00e9 \u00e9gyptienne, il \u00e9tait li\u00e9 \u00e0 la f\u00e9condation et \u00e0 la d\u00e9esse Isis, des amulettes \u00e9taient sculpt\u00e9es en forme de scarab\u00e9e, insecte qui symbolisait la vie \u00e9ternelle.<\/span><\/p>\n<p><span style=\"font-family: Ephesis; font-size: 26px;\">A Rome, les Romains donnaient en offrande le min\u00e9ral\u00a0<a href=\"https:\/\/lumieresdeselene.com\/index.php\/produit\/jaspe-rouge-ab\/\">rouge<\/a>\u00a0\u00e0 la d\u00e9esse de la fertilit\u00e9 Bona Dae afin d\u2019avoir de nombreux enfants.<\/span><\/p>\n<p><span style=\"font-family: Ephesis; font-size: 26px;\"><strong><u>Ses bienfaits sur le plan psychique<\/u><\/strong><\/span><\/p>\n<p><span style=\"font-family: Ephesis; font-size: 26px;\">Pierre d\u2019ancrage et de dynamisme, consolide la concentration et permet la structuration de l\u2019esprit.<\/span><\/p>\n<p><span style=\"font-family: Ephesis; font-size: 26px;\">Permet d\u2019affronter et de surpasser les diff\u00e9rentes difficult\u00e9s li\u00e9es \u00e0 la vie.<\/span><\/p>\n<p><span style=\"font-family: Ephesis; font-size: 26px;\">Combat avec efficacit\u00e9 le stress, les doutes et les angoisses.<\/span><\/p>\n<p><span style=\"font-family: Ephesis; font-size: 26px;\">Donne de l\u2019assurance, le calme, le bien-\u00eatre et permet d\u2019\u00eatre serein.<\/span><\/p>\n<p><span style=\"font-family: Ephesis; font-size: 26px;\">Bouclier protecteur contre les \u00e9motions et exp\u00e9riences n\u00e9fastes.<\/span><\/p>\n<p><span style=\"font-family: Ephesis; font-size: 26px;\">Pouvoir spirituel qui facilite les voyages astrales et chamaniques.<\/span><\/p>\n<p><span style=\"font-family: Ephesis; font-size: 26px;\"><strong><u>Ses bienfaits sur le plan physique<\/u><\/strong><\/span><\/p>\n<p><span style=\"font-family: Ephesis; font-size: 26px;\">Dynamise le corps et aide \u00e0 lutter contre la fatigue et les baisses de tension.<\/span><\/p>\n<p><span style=\"font-family: Ephesis; font-size: 26px;\">Stimule les organes sexuels et la procr\u00e9ation.<\/span><\/p>\n<p><span style=\"font-family: Ephesis; font-size: 26px;\">Aide \u00e0 r\u00e9guler le syst\u00e8me hormonal, elle accompagne les femmes durant leur grossesse et apaise les naus\u00e9es.<\/span><\/p>\n<p><span style=\"font-family: Ephesis; font-size: 26px;\">Apaise les maux de ventre et les douleurs li\u00e9es au foie, \u00e0 l\u2019estomac et \u00e0 la rate, favorise un bon transit.<\/span><\/p>\n<p><span style=\"font-family: Ephesis; font-size: 26px;\">R\u00e9put\u00e9e pour aider \u00e0 r\u00e9guler la circulation sanguine, permet ainsi d\u2019\u00e9viter des douleurs li\u00e9es \u00e0 une mauvaise circulation sanguine comme les jambes lourdes, favorise la cicatrisation des plaies.<\/span><\/p>\n<p>&nbsp;<\/p>\n<p><span style=\"font-size: 33px;\"><strong><span style=\"font-family: Ephesis;\">H\u00e9matite :<\/span><\/strong><\/span><\/p>\n<p><span style=\"font-family: Ephesis; font-size: 26px;\">Min\u00e9ral le plus anciennement connu de l\u2019Homme, depuis l\u2019Ere pal\u00e9olithique soit il y a plus de 300\u00a0000 ans.<\/span><\/p>\n<p><span style=\"font-family: Ephesis; font-size: 26px;\">Durant l\u2019Egypte ancienne on conf\u00e9rait \u00e0 l\u2019<a href=\"https:\/\/lumieresdeselene.com\/index.php\/produit\/hematite-a\/\">H\u00e9matite<\/a>\u00a0la propri\u00e9t\u00e9 de gu\u00e9rir les maladies du sang et de favoriser la production d\u2019h\u00e9moglobine.<\/span><\/p>\n<p><span style=\"font-family: Ephesis; font-size: 26px;\">En 2004\/20005, des traces d\u2019H\u00e9matite ont \u00e9t\u00e9 d\u00e9couverte sur Mars.<\/span><\/p>\n<p><span style=\"font-family: Ephesis; font-size: 26px;\"><strong><u>Ses bienfaits sur le plan psychique<\/u><\/strong><\/span><\/p>\n<p><span style=\"font-family: Ephesis; font-size: 26px;\">Harmonise le corps et l\u2019esprit, permet de renforcer la confiance en soi et apporter du courage.<\/span><\/p>\n<p><span style=\"font-family: Ephesis; font-size: 26px;\">Pierre d\u2019introspection, favorise l\u2019\u00e9coute de soi, d\u00e9c\u00e8le les probl\u00e8mes et les n\u0153uds \u00e9nerg\u00e9tiques que l\u2019on poss\u00e8de.<\/span><\/p>\n<p><span style=\"font-family: Ephesis; font-size: 26px;\">Bonne alli\u00e9e pour retrouver le calme, procure de l\u2019apaisement. Renforce l\u2019endurance et pr\u00e9vient les tensions mentales.<\/span><\/p>\n<p><span style=\"font-family: Ephesis; font-size: 26px;\">Poss\u00e8de un effet anti-stress, bon rem\u00e8de contre la d\u00e9pression.<\/span><\/p>\n<p><span style=\"font-family: Ephesis; font-size: 26px;\">Prot\u00e8ge des \u00e9nergies n\u00e9gatives.<\/span><\/p>\n<p><span style=\"font-family: Ephesis; font-size: 26px;\"><strong><u>Ses bienfaits sur le plan physique<\/u><\/strong><\/span><\/p>\n<p><span style=\"font-family: Ephesis; font-size: 26px;\">Soulage les probl\u00e8mes circulatoires, les troubles h\u00e9matologiques comme l\u2019an\u00e9mie.<\/span><\/p>\n<p><span style=\"font-family: Ephesis; font-size: 26px;\">Aide les reins \u00e0 purifier le sang et r\u00e9g\u00e9n\u00e8re les tissus, stimule l\u2019absorption du fer et la formation des globules rouges.<\/span><\/p>\n<p><span style=\"font-family: Ephesis; font-size: 26px;\">Action anti-fatigue et d\u00e9congestionnante, r\u00e9duit les spasmes, apaise, d\u00e9tend et purifie.<\/span><\/p>\n<p>&nbsp;<\/p>\n<p>&nbsp;<\/p>\n<p><span style=\"font-family: Ephesis; font-size: 26px;\"><em><strong>La lithoth\u00e9rapie peut \u00eatre utilis\u00e9e en compl\u00e9ment des soins qui vous sont apport\u00e9s, mais ne remplace en aucun cas un avis m\u00e9dical et\/ ou traitement.<\/strong><\/em><\/span><\/p>\n<p><span style=\"font-family: Ephesis; font-size: 26px;\"><em>D\u00e9conseill\u00e9 aux enfants de moins de 3 ans. Pr\u00e9sente un risque d\u2019\u00e9touffement.<\/em><\/span><\/p>\n","protected":false},"excerpt":{"rendered":"<p><span style=\"font-family: Ephesis; font-size: 26px;\">Bracelet Shamballa Vitalit\u00e9 : Cornaline, Jaspe rouge et H\u00e9matite.<\/span><\/p>\n<p><span style=\"font-family: Ephesis; font-size: 26px;\">Taille 2 r\u00e9glable.<\/span><\/p>\n<p>&nbsp;<\/p>\n","protected":false},"featured_media":2602,"comment_status":"closed","ping_status":"closed","template":"","meta":[],"product_brand":[],"product_cat":[629],"product_tag":[94,509,488,101,510,487,480,102,508,78,479,486,507,381],"class_list":{"0":"post-2599","1":"product","2":"type-product","3":"status-publish","4":"has-post-thumbnail","6":"product_cat-bracelets-shamballa","7":"product_tag-ancrage","8":"product_tag-anti-toxines","9":"product_tag-attaques-psychiques","10":"product_tag-circulation-sanguine","11":"product_tag-controle-de-vous-meme","12":"product_tag-dynamisme","13":"product_tag-endurance","14":"product_tag-energie","15":"product_tag-enthousiasme","16":"product_tag-fatigue","17":"product_tag-fer","18":"product_tag-maux-de-ventre","19":"product_tag-motivante","20":"product_tag-tristesse","22":"first","23":"outofstock","24":"purchasable","25":"product-type-simple"},"yoast_head":"<!-- This site is optimized with the Yoast SEO plugin v27.1 - https:\/\/yoast.com\/product\/yoast-seo-wordpress\/ -->\n<title>Shamballa Vitalit\u00e9 - Produits en stock - Lumi\u00e8res de S\u00e9l\u00e9n\u00e9<\/title>\n<meta name=\"description\" content=\"Cliquez ici pour d\u00e9couvrir Shamballa Vitalit\u00e9 . Produits en stock d\u00e9part le jour m\u00eame ou le lendemain - Lumi\u00e8res de S\u00e9l\u00e9n\u00e9\" \/>\n<meta name=\"robots\" content=\"index, follow, max-snippet:-1, max-image-preview:large, max-video-preview:-1\" \/>\n<link rel=\"canonical\" href=\"https:\/\/lumieresdeselene.com\/index.php\/produit\/shamballa-vitalite\/\" \/>\n<meta property=\"og:locale\" content=\"fr_FR\" \/>\n<meta property=\"og:type\" content=\"article\" \/>\n<meta property=\"og:title\" content=\"Shamballa Vitalit\u00e9 - Produits en stock - Lumi\u00e8res de S\u00e9l\u00e9n\u00e9\" \/>\n<meta property=\"og:description\" content=\"Cliquez ici pour d\u00e9couvrir Shamballa Vitalit\u00e9 . Produits en stock d\u00e9part le jour m\u00eame ou le lendemain - Lumi\u00e8res de S\u00e9l\u00e9n\u00e9\" \/>\n<meta property=\"og:url\" content=\"https:\/\/lumieresdeselene.com\/index.php\/produit\/shamballa-vitalite\/\" \/>\n<meta property=\"og:site_name\" content=\"Lumi\u00e8res de S\u00e9l\u00e9n\u00e9\" \/>\n<meta property=\"article:publisher\" content=\"https:\/\/www.facebook.com\/lumieresdeselene\/\" \/>\n<meta property=\"article:modified_time\" content=\"2025-04-05T09:48:59+00:00\" \/>\n<meta property=\"og:image\" content=\"https:\/\/lumieresdeselene.com\/wp-content\/uploads\/2025\/02\/20250219_130455-scaled.jpg\" \/>\n\t<meta property=\"og:image:width\" content=\"2560\" \/>\n\t<meta property=\"og:image:height\" content=\"2342\" \/>\n\t<meta property=\"og:image:type\" content=\"image\/jpeg\" \/>\n<meta name=\"twitter:card\" content=\"summary_large_image\" \/>\n<meta name=\"twitter:label1\" content=\"Dur\u00e9e de lecture estim\u00e9e\" \/>\n\t<meta name=\"twitter:data1\" content=\"4 minutes\" \/>\n<script type=\"application\/ld+json\" class=\"yoast-schema-graph\">{\"@context\":\"https:\/\/schema.org\",\"@graph\":[{\"@type\":\"WebPage\",\"@id\":\"https:\/\/lumieresdeselene.com\/index.php\/produit\/shamballa-vitalite\/\",\"url\":\"https:\/\/lumieresdeselene.com\/index.php\/produit\/shamballa-vitalite\/\",\"name\":\"Shamballa Vitalit\u00e9 - Produits en stock - Lumi\u00e8res de S\u00e9l\u00e9n\u00e9\",\"isPartOf\":{\"@id\":\"https:\/\/lumieresdeselene.com\/#website\"},\"primaryImageOfPage\":{\"@id\":\"https:\/\/lumieresdeselene.com\/index.php\/produit\/shamballa-vitalite\/#primaryimage\"},\"image\":{\"@id\":\"https:\/\/lumieresdeselene.com\/index.php\/produit\/shamballa-vitalite\/#primaryimage\"},\"thumbnailUrl\":\"https:\/\/i0.wp.com\/lumieresdeselene.com\/wp-content\/uploads\/2025\/02\/20250219_130455-scaled.jpg?fit=2560%2C2342&ssl=1\",\"datePublished\":\"2025-02-19T14:22:47+00:00\",\"dateModified\":\"2025-04-05T09:48:59+00:00\",\"description\":\"Cliquez ici pour d\u00e9couvrir Shamballa Vitalit\u00e9 . Produits en stock d\u00e9part le jour m\u00eame ou le lendemain - Lumi\u00e8res de S\u00e9l\u00e9n\u00e9\",\"breadcrumb\":{\"@id\":\"https:\/\/lumieresdeselene.com\/index.php\/produit\/shamballa-vitalite\/#breadcrumb\"},\"inLanguage\":\"fr-FR\",\"potentialAction\":[{\"@type\":\"ReadAction\",\"target\":[\"https:\/\/lumieresdeselene.com\/index.php\/produit\/shamballa-vitalite\/\"]}]},{\"@type\":\"ImageObject\",\"inLanguage\":\"fr-FR\",\"@id\":\"https:\/\/lumieresdeselene.com\/index.php\/produit\/shamballa-vitalite\/#primaryimage\",\"url\":\"https:\/\/i0.wp.com\/lumieresdeselene.com\/wp-content\/uploads\/2025\/02\/20250219_130455-scaled.jpg?fit=2560%2C2342&ssl=1\",\"contentUrl\":\"https:\/\/i0.wp.com\/lumieresdeselene.com\/wp-content\/uploads\/2025\/02\/20250219_130455-scaled.jpg?fit=2560%2C2342&ssl=1\",\"width\":2560,\"height\":2342,\"caption\":\"Shamballa Vitalit\u00e9\"},{\"@type\":\"BreadcrumbList\",\"@id\":\"https:\/\/lumieresdeselene.com\/index.php\/produit\/shamballa-vitalite\/#breadcrumb\",\"itemListElement\":[{\"@type\":\"ListItem\",\"position\":1,\"name\":\"Accueil\",\"item\":\"https:\/\/lumieresdeselene.com\/\"},{\"@type\":\"ListItem\",\"position\":2,\"name\":\"Boutique\",\"item\":\"https:\/\/lumieresdeselene.com\/index.php\/boutique\/\"},{\"@type\":\"ListItem\",\"position\":3,\"name\":\"Shamballa Vitalit\u00e9\"}]},{\"@type\":\"WebSite\",\"@id\":\"https:\/\/lumieresdeselene.com\/#website\",\"url\":\"https:\/\/lumieresdeselene.com\/\",\"name\":\"Lumi\u00e8res de S\u00e9l\u00e9n\u00e9\",\"description\":\"Lumi\u00e8res de S\u00e9l\u00e9n\u00e9\",\"publisher\":{\"@id\":\"https:\/\/lumieresdeselene.com\/#organization\"},\"potentialAction\":[{\"@type\":\"SearchAction\",\"target\":{\"@type\":\"EntryPoint\",\"urlTemplate\":\"https:\/\/lumieresdeselene.com\/?s={search_term_string}\"},\"query-input\":{\"@type\":\"PropertyValueSpecification\",\"valueRequired\":true,\"valueName\":\"search_term_string\"}}],\"inLanguage\":\"fr-FR\"},{\"@type\":\"Organization\",\"@id\":\"https:\/\/lumieresdeselene.com\/#organization\",\"name\":\"Lumi\u00e8res de S\u00e9l\u00e9n\u00e9\",\"url\":\"https:\/\/lumieresdeselene.com\/\",\"logo\":{\"@type\":\"ImageObject\",\"inLanguage\":\"fr-FR\",\"@id\":\"https:\/\/lumieresdeselene.com\/#\/schema\/logo\/image\/\",\"url\":\"https:\/\/i0.wp.com\/lumieresdeselene.com\/wp-content\/uploads\/2024\/01\/Lumieres-de-Selene3.jpg?fit=500%2C500&ssl=1\",\"contentUrl\":\"https:\/\/i0.wp.com\/lumieresdeselene.com\/wp-content\/uploads\/2024\/01\/Lumieres-de-Selene3.jpg?fit=500%2C500&ssl=1\",\"width\":500,\"height\":500,\"caption\":\"Lumi\u00e8res de S\u00e9l\u00e9n\u00e9\"},\"image\":{\"@id\":\"https:\/\/lumieresdeselene.com\/#\/schema\/logo\/image\/\"},\"sameAs\":[\"https:\/\/www.facebook.com\/lumieresdeselene\/\",\"https:\/\/www.instagram.com\/lumieres.selene\/\"]}]}<\/script>\n<!-- \/ Yoast SEO plugin. -->","yoast_head_json":{"title":"Shamballa Vitalit\u00e9 - Produits en stock - Lumi\u00e8res de S\u00e9l\u00e9n\u00e9","description":"Cliquez ici pour d\u00e9couvrir Shamballa Vitalit\u00e9 . Produits en stock d\u00e9part le jour m\u00eame ou le lendemain - Lumi\u00e8res de S\u00e9l\u00e9n\u00e9","robots":{"index":"index","follow":"follow","max-snippet":"max-snippet:-1","max-image-preview":"max-image-preview:large","max-video-preview":"max-video-preview:-1"},"canonical":"https:\/\/lumieresdeselene.com\/index.php\/produit\/shamballa-vitalite\/","og_locale":"fr_FR","og_type":"article","og_title":"Shamballa Vitalit\u00e9 - Produits en stock - Lumi\u00e8res de S\u00e9l\u00e9n\u00e9","og_description":"Cliquez ici pour d\u00e9couvrir Shamballa Vitalit\u00e9 . Produits en stock d\u00e9part le jour m\u00eame ou le lendemain - Lumi\u00e8res de S\u00e9l\u00e9n\u00e9","og_url":"https:\/\/lumieresdeselene.com\/index.php\/produit\/shamballa-vitalite\/","og_site_name":"Lumi\u00e8res de S\u00e9l\u00e9n\u00e9","article_publisher":"https:\/\/www.facebook.com\/lumieresdeselene\/","article_modified_time":"2025-04-05T09:48:59+00:00","og_image":[{"width":2560,"height":2342,"url":"https:\/\/lumieresdeselene.com\/wp-content\/uploads\/2025\/02\/20250219_130455-scaled.jpg","type":"image\/jpeg"}],"twitter_card":"summary_large_image","twitter_misc":{"Dur\u00e9e de lecture estim\u00e9e":"4 minutes"},"schema":{"@context":"https:\/\/schema.org","@graph":[{"@type":"WebPage","@id":"https:\/\/lumieresdeselene.com\/index.php\/produit\/shamballa-vitalite\/","url":"https:\/\/lumieresdeselene.com\/index.php\/produit\/shamballa-vitalite\/","name":"Shamballa Vitalit\u00e9 - Produits en stock - Lumi\u00e8res de S\u00e9l\u00e9n\u00e9","isPartOf":{"@id":"https:\/\/lumieresdeselene.com\/#website"},"primaryImageOfPage":{"@id":"https:\/\/lumieresdeselene.com\/index.php\/produit\/shamballa-vitalite\/#primaryimage"},"image":{"@id":"https:\/\/lumieresdeselene.com\/index.php\/produit\/shamballa-vitalite\/#primaryimage"},"thumbnailUrl":"https:\/\/i0.wp.com\/lumieresdeselene.com\/wp-content\/uploads\/2025\/02\/20250219_130455-scaled.jpg?fit=2560%2C2342&ssl=1","datePublished":"2025-02-19T14:22:47+00:00","dateModified":"2025-04-05T09:48:59+00:00","description":"Cliquez ici pour d\u00e9couvrir Shamballa Vitalit\u00e9 . Produits en stock d\u00e9part le jour m\u00eame ou le lendemain - Lumi\u00e8res de S\u00e9l\u00e9n\u00e9","breadcrumb":{"@id":"https:\/\/lumieresdeselene.com\/index.php\/produit\/shamballa-vitalite\/#breadcrumb"},"inLanguage":"fr-FR","potentialAction":[{"@type":"ReadAction","target":["https:\/\/lumieresdeselene.com\/index.php\/produit\/shamballa-vitalite\/"]}]},{"@type":"ImageObject","inLanguage":"fr-FR","@id":"https:\/\/lumieresdeselene.com\/index.php\/produit\/shamballa-vitalite\/#primaryimage","url":"https:\/\/i0.wp.com\/lumieresdeselene.com\/wp-content\/uploads\/2025\/02\/20250219_130455-scaled.jpg?fit=2560%2C2342&ssl=1","contentUrl":"https:\/\/i0.wp.com\/lumieresdeselene.com\/wp-content\/uploads\/2025\/02\/20250219_130455-scaled.jpg?fit=2560%2C2342&ssl=1","width":2560,"height":2342,"caption":"Shamballa Vitalit\u00e9"},{"@type":"BreadcrumbList","@id":"https:\/\/lumieresdeselene.com\/index.php\/produit\/shamballa-vitalite\/#breadcrumb","itemListElement":[{"@type":"ListItem","position":1,"name":"Accueil","item":"https:\/\/lumieresdeselene.com\/"},{"@type":"ListItem","position":2,"name":"Boutique","item":"https:\/\/lumieresdeselene.com\/index.php\/boutique\/"},{"@type":"ListItem","position":3,"name":"Shamballa Vitalit\u00e9"}]},{"@type":"WebSite","@id":"https:\/\/lumieresdeselene.com\/#website","url":"https:\/\/lumieresdeselene.com\/","name":"Lumi\u00e8res de S\u00e9l\u00e9n\u00e9","description":"Lumi\u00e8res de S\u00e9l\u00e9n\u00e9","publisher":{"@id":"https:\/\/lumieresdeselene.com\/#organization"},"potentialAction":[{"@type":"SearchAction","target":{"@type":"EntryPoint","urlTemplate":"https:\/\/lumieresdeselene.com\/?s={search_term_string}"},"query-input":{"@type":"PropertyValueSpecification","valueRequired":true,"valueName":"search_term_string"}}],"inLanguage":"fr-FR"},{"@type":"Organization","@id":"https:\/\/lumieresdeselene.com\/#organization","name":"Lumi\u00e8res de S\u00e9l\u00e9n\u00e9","url":"https:\/\/lumieresdeselene.com\/","logo":{"@type":"ImageObject","inLanguage":"fr-FR","@id":"https:\/\/lumieresdeselene.com\/#\/schema\/logo\/image\/","url":"https:\/\/i0.wp.com\/lumieresdeselene.com\/wp-content\/uploads\/2024\/01\/Lumieres-de-Selene3.jpg?fit=500%2C500&ssl=1","contentUrl":"https:\/\/i0.wp.com\/lumieresdeselene.com\/wp-content\/uploads\/2024\/01\/Lumieres-de-Selene3.jpg?fit=500%2C500&ssl=1","width":500,"height":500,"caption":"Lumi\u00e8res de S\u00e9l\u00e9n\u00e9"},"image":{"@id":"https:\/\/lumieresdeselene.com\/#\/schema\/logo\/image\/"},"sameAs":["https:\/\/www.facebook.com\/lumieresdeselene\/","https:\/\/www.instagram.com\/lumieres.selene\/"]}]}},"jetpack_sharing_enabled":true,"_links":{"self":[{"href":"https:\/\/lumieresdeselene.com\/index.php\/wp-json\/wp\/v2\/product\/2599","targetHints":{"allow":["GET"]}}],"collection":[{"href":"https:\/\/lumieresdeselene.com\/index.php\/wp-json\/wp\/v2\/product"}],"about":[{"href":"https:\/\/lumieresdeselene.com\/index.php\/wp-json\/wp\/v2\/types\/product"}],"replies":[{"embeddable":true,"href":"https:\/\/lumieresdeselene.com\/index.php\/wp-json\/wp\/v2\/comments?post=2599"}],"wp:featuredmedia":[{"embeddable":true,"href":"https:\/\/lumieresdeselene.com\/index.php\/wp-json\/wp\/v2\/media\/2602"}],"wp:attachment":[{"href":"https:\/\/lumieresdeselene.com\/index.php\/wp-json\/wp\/v2\/media?parent=2599"}],"wp:term":[{"taxonomy":"product_brand","embeddable":true,"href":"https:\/\/lumieresdeselene.com\/index.php\/wp-json\/wp\/v2\/product_brand?post=2599"},{"taxonomy":"product_cat","embeddable":true,"href":"https:\/\/lumieresdeselene.com\/index.php\/wp-json\/wp\/v2\/product_cat?post=2599"},{"taxonomy":"product_tag","embeddable":true,"href":"https:\/\/lumieresdeselene.com\/index.php\/wp-json\/wp\/v2\/product_tag?post=2599"}],"curies":[{"name":"wp","href":"https:\/\/api.w.org\/{rel}","templated":true}]}}