{"id":2595,"date":"2025-02-19T15:00:55","date_gmt":"2025-02-19T14:00:55","guid":{"rendered":"https:\/\/lumieresdeselene.com\/?post_type=product&#038;p=2595"},"modified":"2025-07-28T16:45:15","modified_gmt":"2025-07-28T14:45:15","slug":"shamballa-joie-de-vivre-et-bonne-humeur","status":"publish","type":"product","link":"https:\/\/lumieresdeselene.com\/index.php\/produit\/shamballa-joie-de-vivre-et-bonne-humeur\/","title":{"rendered":"Shamballa Joie de vivre et bonne humeur"},"content":{"rendered":"<p><span style=\"font-size: 33px;\"><strong><span style=\"font-family: Ephesis;\">Pierre de soleil :\u00a0<\/span><\/strong><\/span><\/p>\n<p><span style=\"font-family: Ephesis; font-size: 26px;\">Au cours des mill\u00e9naires, la <a href=\"https:\/\/lumieresdeselene.com\/index.php\/produit\/pierre-de-soleil-a\/\">pierre de soleil<\/a> appara\u00eet dans de nombreuses civilisations.<\/span><\/p>\n<p><span style=\"font-family: Ephesis; font-size: 26px;\">Dans la mythologie grecque, elle est li\u00e9e au Dieu du soleil H\u00e9lios.<\/span><\/p>\n<p><span style=\"font-family: Ephesis; font-size: 26px;\">Les Vikings lui vouaient un culte et lui attribuaient le pouvoir de repos \u00e9ternel, elle facilitait l\u2019acc\u00e8s \u00e0 Valhalla le paradis des guerriers tomb\u00e9s au combat.<\/span><\/p>\n<p><span style=\"font-family: Ephesis; font-size: 26px;\"><strong><u>Ses bienfaits sur le plan psychique<\/u><\/strong><\/span><\/p>\n<p><span style=\"font-family: Ephesis; font-size: 26px;\">R\u00e9put\u00e9e pour porter chance \u00e0 celui ou celle qui la d\u00e9tient.<\/span><\/p>\n<p><span style=\"font-family: Ephesis; font-size: 26px;\">Sa force solaire combat les \u00e9motions n\u00e9gatives telles que la tristesse, l\u2019angoisse, l\u2019anxi\u00e9t\u00e9.<\/span><\/p>\n<p><span style=\"font-family: Ephesis; font-size: 26px;\">Aide \u00e0 transformer vos pens\u00e9es sombres, \u00e9motions n\u00e9gatives en quelque chose de plus l\u00e9ger, insouciant et positif.<\/span><\/p>\n<p><span style=\"font-family: Ephesis; font-size: 26px;\"><strong><u>Ses bienfaits sur le plan physique<\/u><\/strong><\/span><\/p>\n<p><span style=\"font-family: Ephesis; font-size: 26px;\">B\u00e9n\u00e9fique \u00e0 la sant\u00e9 de la gorge.<\/span><\/p>\n<p><span style=\"font-family: Ephesis; font-size: 26px;\">Agit sur le syst\u00e8me digestif, les ulc\u00e8res gastriques et l\u2019acidit\u00e9 de l\u2019estomac.<\/span><\/p>\n<p><span style=\"font-family: Ephesis; font-size: 26px;\">Soulage les probl\u00e8mes de cartilage, les rhumatismes\u00a0<strong>.<\/strong><\/span><\/p>\n<p><span style=\"font-family: Ephesis; font-size: 26px;\">Stimule les d\u00e9fenses immunitaires.<\/span><\/p>\n<p>&nbsp;<\/p>\n<p><span style=\"font-size: 33px;\"><strong><span style=\"font-family: Ephesis;\">Cornaline :\u00a0<\/span><\/strong><\/span><\/p>\n<p><span style=\"font-family: Ephesis; font-size: 26px;\">Tr\u00e8s importante pour les Sum\u00e9riens, comme en t\u00e9moigne la tombe de la reine D\u2019Ur, Puabi, dont le tr\u00e9sor pr\u00e9sentait des bijoux avec <a href=\"https:\/\/lumieresdeselene.com\/index.php\/produit\/cornaline-a-enfant\/\">Cornaline<\/a> qui date d\u2019environ 2600 ans avant J.C.<\/span><\/p>\n<p><span style=\"font-family: Ephesis; font-size: 26px;\"><strong><u>Ses bienfaits sur le plan psychique<\/u><\/strong><\/span><\/p>\n<p><span style=\"font-family: Ephesis; font-size: 26px;\">Apaise les exc\u00e8s de col\u00e8re et de jalousie, permet d\u2019avoir un meilleur contr\u00f4le de vous-m\u00eame.<\/span><\/p>\n<p><span style=\"font-family: Ephesis; font-size: 26px;\">Ram\u00e8ne au moment pr\u00e9sent, d\u00e9tourne les pens\u00e9es vagabondes, am\u00e9liore la concentration.<\/span><\/p>\n<p><span style=\"font-family: Ephesis; font-size: 26px;\"><strong><u>Ses bienfaits sur le plan physique<\/u><\/strong><\/span><\/p>\n<p><span style=\"font-family: Ephesis; font-size: 26px;\">Particuli\u00e8rement bienfaisante sur les organes g\u00e9nitaux aussi bien f\u00e9minins que masculins (fertilit\u00e9, impuissance, menstruations).<\/span><\/p>\n<p><span style=\"font-family: Ephesis; font-size: 26px;\">Renforce les tendons et les ligaments et r\u00e9duit les douleurs dorsales.<\/span><\/p>\n<p><span style=\"font-family: Ephesis; font-size: 26px;\">Anti-inflammatoire, soulage les rhumatismes et l\u2019arthrite.<\/span><\/p>\n<p><span style=\"font-family: Ephesis; font-size: 26px;\">Contribue \u00e0 am\u00e9liorer la qualit\u00e9 du sang, r\u00e9gule la circulation, att\u00e9nue les coupures et \u00e9corchures b\u00e9nignes.<\/span><\/p>\n<p><span style=\"font-family: Ephesis; font-size: 26px;\">Aide \u00e0 la digestion et facilite le transit intestinal.<\/span><\/p>\n<p>&nbsp;<\/p>\n<p><span style=\"font-size: 33px;\"><strong><span style=\"font-family: Ephesis;\">Pierre de Lave (ou Basalte)<\/span><\/strong><\/span><\/p>\n<p><span style=\"font-family: Ephesis; font-size: 26px;\">La pierre de lave est issue du magma en fusion rejet\u00e9 lors d\u2019\u00e9ruption. Il passe brutalement de 1000 degr\u00e9s \u00e0 la temp\u00e9rature ext\u00e9rieure. Au contact de l\u2019air le magma refroidi et se solidifie pour donner naissance \u00e0 la pierre noire.<\/span><\/p>\n<p><span style=\"font-family: Ephesis; font-size: 26px;\">Dans la Rome Antique, le Basalte \u00e9tait cens\u00e9 apporter force et protection \u00e0 celui qui le portait. Il \u00e9tait \u00e9galement utilis\u00e9 pour \u00e9loigner la magie et l\u2019envo\u00fbtement.<\/span><\/p>\n<p>&nbsp;<\/p>\n<p><span style=\"font-family: Ephesis; font-size: 26px;\"><u>Ses bienfaits sur le plan psychique<\/u><\/span><\/p>\n<p><span style=\"font-family: Ephesis; font-size: 26px;\">Incontestablement la pierre de l\u2019enracinement, elle est charg\u00e9e de l\u2019\u00e9nergie du feu, \u00e9nergie tellurique qui nous aide \u00e0 rester dans le moment pr\u00e9sent.<\/span><\/p>\n<p><span style=\"font-family: Ephesis; font-size: 26px;\">Conf\u00e8re du courage, du renouveau, en calmant l\u2019anxi\u00e9t\u00e9, lib\u00e8re le mental trop intrusif qui suscite souvent le doute et le stress.<\/span><\/p>\n<p><span style=\"font-family: Ephesis; font-size: 26px;\">Absorbe de mani\u00e8re consid\u00e9rable les \u00e9nergies n\u00e9gatives, prot\u00e8ge son propri\u00e9taire du mauvais \u0153il, des entit\u00e9s malveillantes, mais aussi de l\u2019influence des individus nocifs ou toxiques.<\/span><\/p>\n<p><span style=\"font-family: Ephesis; font-size: 26px;\">Aide \u00e0 mieux g\u00e9rer sa col\u00e8re et \u00e0 retrouver force et courage pour affronter les difficult\u00e9s qui se dresse sur votre chemin, permet alors de sortir de votre zone de confort et de d\u00e9passer vos croyances limitantes.<\/span><\/p>\n<p>&nbsp;<\/p>\n<p><span style=\"font-family: Ephesis; font-size: 26px;\"><u>Ses bienfaits sur le plan physique<\/u><\/span><\/p>\n<p><span style=\"font-family: Ephesis; font-size: 26px;\">Utilis\u00e9e en particulier pour sa chaleur lors de s\u00e9ance de massage \u00ab\u00a0avec pierre chaude\u00a0\u00bb qu\u2019elle conserve et diffuse de mani\u00e8re douce et continue, r\u00e9pand sa chaleur aux organes et ainsi les revitalises.<\/span><\/p>\n<p><span style=\"font-family: Ephesis; font-size: 26px;\">D\u00e9noue les muscles et apaise les tensions nerveuses.<\/span><\/p>\n<p><span style=\"font-family: Ephesis; font-size: 26px;\">Particuli\u00e8rement efficace sur la sph\u00e8re digestive, elle contribue \u00e0 r\u00e9guler le transit.<\/span><\/p>\n<p><span style=\"font-family: Ephesis; font-size: 26px;\">Favorise la vitalit\u00e9 tout en encourageant diff\u00e9rentes fonctions de l\u2019organisme.<\/span><\/p>\n<p>&nbsp;<\/p>\n<p><span style=\"font-family: Ephesis; font-size: 26px;\"><em><strong>La lithoth\u00e9rapie peut \u00eatre utilis\u00e9e en compl\u00e9ment des soins qui vous sont apport\u00e9s, mais ne remplace en aucun cas un avis m\u00e9dical et\/ ou traitement.<\/strong><\/em><\/span><\/p>\n<p><span style=\"font-family: Ephesis; font-size: 26px;\"><em>D\u00e9conseill\u00e9 aux enfants de moins de 3 ans. Pr\u00e9sente un risque d\u2019\u00e9touffement.<\/em><\/span><\/p>\n","protected":false},"excerpt":{"rendered":"<p><span style=\"font-family: Ephesis; font-size: 26px;\">Bracelet Shamballa Joie de vivre et bonne humeur : Pierre de soleil, Cornaline et Pierre de lave,<\/span><\/p>\n<p><span style=\"font-family: Ephesis; font-size: 26px;\">Taille 2 r\u00e9glable.<\/span><\/p>\n<p>&nbsp;<\/p>\n","protected":false},"featured_media":2596,"comment_status":"closed","ping_status":"closed","template":"","meta":[],"product_brand":[],"product_cat":[629],"product_tag":[509,190,510,508,507,460,461],"class_list":{"0":"post-2595","1":"product","2":"type-product","3":"status-publish","4":"has-post-thumbnail","6":"product_cat-bracelets-shamballa","7":"product_tag-anti-toxines","8":"product_tag-chance","9":"product_tag-controle-de-vous-meme","10":"product_tag-enthousiasme","11":"product_tag-motivante","12":"product_tag-optimisme","13":"product_tag-positif","15":"first","16":"outofstock","17":"purchasable","18":"product-type-simple"},"yoast_head":"<!-- This site is optimized with the Yoast SEO plugin v27.1 - https:\/\/yoast.com\/product\/yoast-seo-wordpress\/ -->\n<title>Shamballa Joie de vivre et bonne humeur - Produits en stock - Lumi\u00e8res de S\u00e9l\u00e9n\u00e9<\/title>\n<meta name=\"description\" content=\"Cliquez ici pour d\u00e9couvrir Shamballa Joie de vivre et bonne humeur . Produits en stock d\u00e9part le jour m\u00eame ou le lendemain - Lumi\u00e8res de S\u00e9l\u00e9n\u00e9\" \/>\n<meta name=\"robots\" content=\"index, follow, max-snippet:-1, max-image-preview:large, max-video-preview:-1\" \/>\n<link rel=\"canonical\" href=\"https:\/\/lumieresdeselene.com\/index.php\/produit\/shamballa-joie-de-vivre-et-bonne-humeur\/\" \/>\n<meta property=\"og:locale\" content=\"fr_FR\" \/>\n<meta property=\"og:type\" content=\"article\" \/>\n<meta property=\"og:title\" content=\"Shamballa Joie de vivre et bonne humeur - Produits en stock - Lumi\u00e8res de S\u00e9l\u00e9n\u00e9\" \/>\n<meta property=\"og:description\" content=\"Cliquez ici pour d\u00e9couvrir Shamballa Joie de vivre et bonne humeur . Produits en stock d\u00e9part le jour m\u00eame ou le lendemain - Lumi\u00e8res de S\u00e9l\u00e9n\u00e9\" \/>\n<meta property=\"og:url\" content=\"https:\/\/lumieresdeselene.com\/index.php\/produit\/shamballa-joie-de-vivre-et-bonne-humeur\/\" \/>\n<meta property=\"og:site_name\" content=\"Lumi\u00e8res de S\u00e9l\u00e9n\u00e9\" \/>\n<meta property=\"article:publisher\" content=\"https:\/\/www.facebook.com\/lumieresdeselene\/\" \/>\n<meta property=\"article:modified_time\" content=\"2025-07-28T14:45:15+00:00\" \/>\n<meta property=\"og:image\" content=\"https:\/\/lumieresdeselene.com\/wp-content\/uploads\/2025\/02\/20250219_130548-scaled.jpg\" \/>\n\t<meta property=\"og:image:width\" content=\"2560\" \/>\n\t<meta property=\"og:image:height\" content=\"2365\" \/>\n\t<meta property=\"og:image:type\" content=\"image\/jpeg\" \/>\n<meta name=\"twitter:card\" content=\"summary_large_image\" \/>\n<meta name=\"twitter:label1\" content=\"Dur\u00e9e de lecture estim\u00e9e\" \/>\n\t<meta name=\"twitter:data1\" content=\"4 minutes\" \/>\n<script type=\"application\/ld+json\" class=\"yoast-schema-graph\">{\"@context\":\"https:\/\/schema.org\",\"@graph\":[{\"@type\":\"WebPage\",\"@id\":\"https:\/\/lumieresdeselene.com\/index.php\/produit\/shamballa-joie-de-vivre-et-bonne-humeur\/\",\"url\":\"https:\/\/lumieresdeselene.com\/index.php\/produit\/shamballa-joie-de-vivre-et-bonne-humeur\/\",\"name\":\"Shamballa Joie de vivre et bonne humeur - Produits en stock - Lumi\u00e8res de S\u00e9l\u00e9n\u00e9\",\"isPartOf\":{\"@id\":\"https:\/\/lumieresdeselene.com\/#website\"},\"primaryImageOfPage\":{\"@id\":\"https:\/\/lumieresdeselene.com\/index.php\/produit\/shamballa-joie-de-vivre-et-bonne-humeur\/#primaryimage\"},\"image\":{\"@id\":\"https:\/\/lumieresdeselene.com\/index.php\/produit\/shamballa-joie-de-vivre-et-bonne-humeur\/#primaryimage\"},\"thumbnailUrl\":\"https:\/\/i0.wp.com\/lumieresdeselene.com\/wp-content\/uploads\/2025\/02\/20250219_130548-scaled.jpg?fit=2560%2C2365&ssl=1\",\"datePublished\":\"2025-02-19T14:00:55+00:00\",\"dateModified\":\"2025-07-28T14:45:15+00:00\",\"description\":\"Cliquez ici pour d\u00e9couvrir Shamballa Joie de vivre et bonne humeur . Produits en stock d\u00e9part le jour m\u00eame ou le lendemain - Lumi\u00e8res de S\u00e9l\u00e9n\u00e9\",\"breadcrumb\":{\"@id\":\"https:\/\/lumieresdeselene.com\/index.php\/produit\/shamballa-joie-de-vivre-et-bonne-humeur\/#breadcrumb\"},\"inLanguage\":\"fr-FR\",\"potentialAction\":[{\"@type\":\"ReadAction\",\"target\":[\"https:\/\/lumieresdeselene.com\/index.php\/produit\/shamballa-joie-de-vivre-et-bonne-humeur\/\"]}]},{\"@type\":\"ImageObject\",\"inLanguage\":\"fr-FR\",\"@id\":\"https:\/\/lumieresdeselene.com\/index.php\/produit\/shamballa-joie-de-vivre-et-bonne-humeur\/#primaryimage\",\"url\":\"https:\/\/i0.wp.com\/lumieresdeselene.com\/wp-content\/uploads\/2025\/02\/20250219_130548-scaled.jpg?fit=2560%2C2365&ssl=1\",\"contentUrl\":\"https:\/\/i0.wp.com\/lumieresdeselene.com\/wp-content\/uploads\/2025\/02\/20250219_130548-scaled.jpg?fit=2560%2C2365&ssl=1\",\"width\":2560,\"height\":2365,\"caption\":\"Bracelet Shamballa Joie de vivre bonne hurmeur\"},{\"@type\":\"BreadcrumbList\",\"@id\":\"https:\/\/lumieresdeselene.com\/index.php\/produit\/shamballa-joie-de-vivre-et-bonne-humeur\/#breadcrumb\",\"itemListElement\":[{\"@type\":\"ListItem\",\"position\":1,\"name\":\"Accueil\",\"item\":\"https:\/\/lumieresdeselene.com\/\"},{\"@type\":\"ListItem\",\"position\":2,\"name\":\"Boutique\",\"item\":\"https:\/\/lumieresdeselene.com\/index.php\/boutique\/\"},{\"@type\":\"ListItem\",\"position\":3,\"name\":\"Shamballa Joie de vivre et bonne humeur\"}]},{\"@type\":\"WebSite\",\"@id\":\"https:\/\/lumieresdeselene.com\/#website\",\"url\":\"https:\/\/lumieresdeselene.com\/\",\"name\":\"Lumi\u00e8res de S\u00e9l\u00e9n\u00e9\",\"description\":\"Lumi\u00e8res de S\u00e9l\u00e9n\u00e9\",\"publisher\":{\"@id\":\"https:\/\/lumieresdeselene.com\/#organization\"},\"potentialAction\":[{\"@type\":\"SearchAction\",\"target\":{\"@type\":\"EntryPoint\",\"urlTemplate\":\"https:\/\/lumieresdeselene.com\/?s={search_term_string}\"},\"query-input\":{\"@type\":\"PropertyValueSpecification\",\"valueRequired\":true,\"valueName\":\"search_term_string\"}}],\"inLanguage\":\"fr-FR\"},{\"@type\":\"Organization\",\"@id\":\"https:\/\/lumieresdeselene.com\/#organization\",\"name\":\"Lumi\u00e8res de S\u00e9l\u00e9n\u00e9\",\"url\":\"https:\/\/lumieresdeselene.com\/\",\"logo\":{\"@type\":\"ImageObject\",\"inLanguage\":\"fr-FR\",\"@id\":\"https:\/\/lumieresdeselene.com\/#\/schema\/logo\/image\/\",\"url\":\"https:\/\/i0.wp.com\/lumieresdeselene.com\/wp-content\/uploads\/2024\/01\/Lumieres-de-Selene3.jpg?fit=500%2C500&ssl=1\",\"contentUrl\":\"https:\/\/i0.wp.com\/lumieresdeselene.com\/wp-content\/uploads\/2024\/01\/Lumieres-de-Selene3.jpg?fit=500%2C500&ssl=1\",\"width\":500,\"height\":500,\"caption\":\"Lumi\u00e8res de S\u00e9l\u00e9n\u00e9\"},\"image\":{\"@id\":\"https:\/\/lumieresdeselene.com\/#\/schema\/logo\/image\/\"},\"sameAs\":[\"https:\/\/www.facebook.com\/lumieresdeselene\/\",\"https:\/\/www.instagram.com\/lumieres.selene\/\"]}]}<\/script>\n<!-- \/ Yoast SEO plugin. -->","yoast_head_json":{"title":"Shamballa Joie de vivre et bonne humeur - Produits en stock - Lumi\u00e8res de S\u00e9l\u00e9n\u00e9","description":"Cliquez ici pour d\u00e9couvrir Shamballa Joie de vivre et bonne humeur . Produits en stock d\u00e9part le jour m\u00eame ou le lendemain - Lumi\u00e8res de S\u00e9l\u00e9n\u00e9","robots":{"index":"index","follow":"follow","max-snippet":"max-snippet:-1","max-image-preview":"max-image-preview:large","max-video-preview":"max-video-preview:-1"},"canonical":"https:\/\/lumieresdeselene.com\/index.php\/produit\/shamballa-joie-de-vivre-et-bonne-humeur\/","og_locale":"fr_FR","og_type":"article","og_title":"Shamballa Joie de vivre et bonne humeur - Produits en stock - Lumi\u00e8res de S\u00e9l\u00e9n\u00e9","og_description":"Cliquez ici pour d\u00e9couvrir Shamballa Joie de vivre et bonne humeur . Produits en stock d\u00e9part le jour m\u00eame ou le lendemain - Lumi\u00e8res de S\u00e9l\u00e9n\u00e9","og_url":"https:\/\/lumieresdeselene.com\/index.php\/produit\/shamballa-joie-de-vivre-et-bonne-humeur\/","og_site_name":"Lumi\u00e8res de S\u00e9l\u00e9n\u00e9","article_publisher":"https:\/\/www.facebook.com\/lumieresdeselene\/","article_modified_time":"2025-07-28T14:45:15+00:00","og_image":[{"width":2560,"height":2365,"url":"https:\/\/lumieresdeselene.com\/wp-content\/uploads\/2025\/02\/20250219_130548-scaled.jpg","type":"image\/jpeg"}],"twitter_card":"summary_large_image","twitter_misc":{"Dur\u00e9e de lecture estim\u00e9e":"4 minutes"},"schema":{"@context":"https:\/\/schema.org","@graph":[{"@type":"WebPage","@id":"https:\/\/lumieresdeselene.com\/index.php\/produit\/shamballa-joie-de-vivre-et-bonne-humeur\/","url":"https:\/\/lumieresdeselene.com\/index.php\/produit\/shamballa-joie-de-vivre-et-bonne-humeur\/","name":"Shamballa Joie de vivre et bonne humeur - Produits en stock - Lumi\u00e8res de S\u00e9l\u00e9n\u00e9","isPartOf":{"@id":"https:\/\/lumieresdeselene.com\/#website"},"primaryImageOfPage":{"@id":"https:\/\/lumieresdeselene.com\/index.php\/produit\/shamballa-joie-de-vivre-et-bonne-humeur\/#primaryimage"},"image":{"@id":"https:\/\/lumieresdeselene.com\/index.php\/produit\/shamballa-joie-de-vivre-et-bonne-humeur\/#primaryimage"},"thumbnailUrl":"https:\/\/i0.wp.com\/lumieresdeselene.com\/wp-content\/uploads\/2025\/02\/20250219_130548-scaled.jpg?fit=2560%2C2365&ssl=1","datePublished":"2025-02-19T14:00:55+00:00","dateModified":"2025-07-28T14:45:15+00:00","description":"Cliquez ici pour d\u00e9couvrir Shamballa Joie de vivre et bonne humeur . Produits en stock d\u00e9part le jour m\u00eame ou le lendemain - Lumi\u00e8res de S\u00e9l\u00e9n\u00e9","breadcrumb":{"@id":"https:\/\/lumieresdeselene.com\/index.php\/produit\/shamballa-joie-de-vivre-et-bonne-humeur\/#breadcrumb"},"inLanguage":"fr-FR","potentialAction":[{"@type":"ReadAction","target":["https:\/\/lumieresdeselene.com\/index.php\/produit\/shamballa-joie-de-vivre-et-bonne-humeur\/"]}]},{"@type":"ImageObject","inLanguage":"fr-FR","@id":"https:\/\/lumieresdeselene.com\/index.php\/produit\/shamballa-joie-de-vivre-et-bonne-humeur\/#primaryimage","url":"https:\/\/i0.wp.com\/lumieresdeselene.com\/wp-content\/uploads\/2025\/02\/20250219_130548-scaled.jpg?fit=2560%2C2365&ssl=1","contentUrl":"https:\/\/i0.wp.com\/lumieresdeselene.com\/wp-content\/uploads\/2025\/02\/20250219_130548-scaled.jpg?fit=2560%2C2365&ssl=1","width":2560,"height":2365,"caption":"Bracelet Shamballa Joie de vivre bonne hurmeur"},{"@type":"BreadcrumbList","@id":"https:\/\/lumieresdeselene.com\/index.php\/produit\/shamballa-joie-de-vivre-et-bonne-humeur\/#breadcrumb","itemListElement":[{"@type":"ListItem","position":1,"name":"Accueil","item":"https:\/\/lumieresdeselene.com\/"},{"@type":"ListItem","position":2,"name":"Boutique","item":"https:\/\/lumieresdeselene.com\/index.php\/boutique\/"},{"@type":"ListItem","position":3,"name":"Shamballa Joie de vivre et bonne humeur"}]},{"@type":"WebSite","@id":"https:\/\/lumieresdeselene.com\/#website","url":"https:\/\/lumieresdeselene.com\/","name":"Lumi\u00e8res de S\u00e9l\u00e9n\u00e9","description":"Lumi\u00e8res de S\u00e9l\u00e9n\u00e9","publisher":{"@id":"https:\/\/lumieresdeselene.com\/#organization"},"potentialAction":[{"@type":"SearchAction","target":{"@type":"EntryPoint","urlTemplate":"https:\/\/lumieresdeselene.com\/?s={search_term_string}"},"query-input":{"@type":"PropertyValueSpecification","valueRequired":true,"valueName":"search_term_string"}}],"inLanguage":"fr-FR"},{"@type":"Organization","@id":"https:\/\/lumieresdeselene.com\/#organization","name":"Lumi\u00e8res de S\u00e9l\u00e9n\u00e9","url":"https:\/\/lumieresdeselene.com\/","logo":{"@type":"ImageObject","inLanguage":"fr-FR","@id":"https:\/\/lumieresdeselene.com\/#\/schema\/logo\/image\/","url":"https:\/\/i0.wp.com\/lumieresdeselene.com\/wp-content\/uploads\/2024\/01\/Lumieres-de-Selene3.jpg?fit=500%2C500&ssl=1","contentUrl":"https:\/\/i0.wp.com\/lumieresdeselene.com\/wp-content\/uploads\/2024\/01\/Lumieres-de-Selene3.jpg?fit=500%2C500&ssl=1","width":500,"height":500,"caption":"Lumi\u00e8res de S\u00e9l\u00e9n\u00e9"},"image":{"@id":"https:\/\/lumieresdeselene.com\/#\/schema\/logo\/image\/"},"sameAs":["https:\/\/www.facebook.com\/lumieresdeselene\/","https:\/\/www.instagram.com\/lumieres.selene\/"]}]}},"jetpack_sharing_enabled":true,"_links":{"self":[{"href":"https:\/\/lumieresdeselene.com\/index.php\/wp-json\/wp\/v2\/product\/2595","targetHints":{"allow":["GET"]}}],"collection":[{"href":"https:\/\/lumieresdeselene.com\/index.php\/wp-json\/wp\/v2\/product"}],"about":[{"href":"https:\/\/lumieresdeselene.com\/index.php\/wp-json\/wp\/v2\/types\/product"}],"replies":[{"embeddable":true,"href":"https:\/\/lumieresdeselene.com\/index.php\/wp-json\/wp\/v2\/comments?post=2595"}],"wp:featuredmedia":[{"embeddable":true,"href":"https:\/\/lumieresdeselene.com\/index.php\/wp-json\/wp\/v2\/media\/2596"}],"wp:attachment":[{"href":"https:\/\/lumieresdeselene.com\/index.php\/wp-json\/wp\/v2\/media?parent=2595"}],"wp:term":[{"taxonomy":"product_brand","embeddable":true,"href":"https:\/\/lumieresdeselene.com\/index.php\/wp-json\/wp\/v2\/product_brand?post=2595"},{"taxonomy":"product_cat","embeddable":true,"href":"https:\/\/lumieresdeselene.com\/index.php\/wp-json\/wp\/v2\/product_cat?post=2595"},{"taxonomy":"product_tag","embeddable":true,"href":"https:\/\/lumieresdeselene.com\/index.php\/wp-json\/wp\/v2\/product_tag?post=2595"}],"curies":[{"name":"wp","href":"https:\/\/api.w.org\/{rel}","templated":true}]}}