{"id":2478,"date":"2025-01-31T16:32:16","date_gmt":"2025-01-31T15:32:16","guid":{"rendered":"https:\/\/lumieresdeselene.com\/?post_type=product&#038;p=2478"},"modified":"2026-03-22T16:08:51","modified_gmt":"2026-03-22T15:08:51","slug":"oeil-de-tigre-a-4","status":"publish","type":"product","link":"https:\/\/lumieresdeselene.com\/index.php\/produit\/oeil-de-tigre-a-4\/","title":{"rendered":"\u0152il de Tigre A"},"content":{"rendered":"<p><span style=\"font-family: Ephesis; font-size: 26px;\"><span style=\"vertical-align: inherit;\"><span style=\"vertical-align: inherit;\">Depuis des mill\u00e9naires, l&rsquo;\u0153il de tigre a un r\u00f4le de protection tr\u00e8s fort. <\/span><span style=\"vertical-align: inherit;\">Au temps de l&rsquo;Empire Romain, les guerriers portaient cette pierre en amulette pour avoir courage, force et protection. <\/span><span style=\"vertical-align: inherit;\">Au Moyen-\u00c2ge, <\/span><\/span><span style=\"vertical-align: inherit;\"><span style=\"vertical-align: inherit;\">l&rsquo;<\/span><\/span><a href=\"https:\/\/lumieresdeselene.com\/index.php\/produit\/oeil-de-tigre-a\/\"><span style=\"vertical-align: inherit;\"><span style=\"vertical-align: inherit;\">\u0153il de Tigre<\/span><\/span><\/a><span style=\"vertical-align: inherit;\"><span style=\"vertical-align: inherit;\"> chassait la magie noire et prot\u00e9geait des mauvaises<span style=\"font-family: Ephesis;\"> sorts<\/span> et des empoisonnements.<\/span><\/span><\/span><\/p>\n<p><strong><span style=\"font-family: Ephesis; font-size: 26px;\"><u><span style=\"vertical-align: inherit;\"><span style=\"vertical-align: inherit;\">Ses bienfaits sur le plan psychique<\/span><\/span><\/u><\/span><\/strong><\/p>\n<p><span style=\"vertical-align: inherit; font-family: Ephesis; font-size: 26px;\"><span style=\"vertical-align: inherit;\">Forts pouvoirs de protection.<\/span><\/span><\/p>\n<p><span style=\"vertical-align: inherit; font-family: Ephesis; font-size: 26px;\"><span style=\"vertical-align: inherit;\">Pierre d&rsquo;ancrage.<\/span><\/span><\/p>\n<p><span style=\"vertical-align: inherit; font-family: Ephesis; font-size: 26px;\"><span style=\"vertical-align: inherit;\">Pr\u00e9serve son porteur des influences n\u00e9fastes en les renvoyant \u00e0 leur \u00e9metteur.<\/span><\/span><\/p>\n<p><span style=\"vertical-align: inherit; font-family: Ephesis; font-size: 26px;\"><span style=\"vertical-align: inherit;\">Apporte courage et audace, renforce la d\u00e9termination et l&rsquo;assurance.<\/span><\/span><\/p>\n<p><span style=\"vertical-align: inherit; font-family: Ephesis; font-size: 26px;\"><span style=\"vertical-align: inherit;\">Aide \u00e0 vaincre l&rsquo;inqui\u00e9tude, l&rsquo;anxi\u00e9t\u00e9, l&rsquo;agitation et la timidit\u00e9.<\/span><\/span><\/p>\n<p><strong><span style=\"font-family: Ephesis; font-size: 26px;\"><u><span style=\"vertical-align: inherit;\"><span style=\"vertical-align: inherit;\">Ses bienfaits sur le plan physique<\/span><\/span><\/u><\/span><\/strong><\/p>\n<p><span style=\"vertical-align: inherit; font-family: Ephesis; font-size: 26px;\"><span style=\"vertical-align: inherit;\">B\u00e9n\u00e9fique pour les yeux, favorise la vision nocturne.<\/span><\/span><\/p>\n<p><span style=\"font-family: Ephesis; font-size: 26px;\"><span style=\"vertical-align: inherit;\"><span style=\"vertical-align: inherit;\">Att\u00e9nue les douleurs articulaires, utile en cas de fractures <\/span><\/span><strong><span style=\"vertical-align: inherit;\"><span style=\"vertical-align: inherit;\">.<\/span><\/span><\/strong><\/span><\/p>\n<p><span style=\"font-family: Ephesis; font-size: 26px;\"><span style=\"vertical-align: inherit;\"><span style=\"vertical-align: inherit;\">Favorise une meilleure digestion, aide \u00e0 traiter les troubles digestifs <\/span><\/span><strong><span style=\"vertical-align: inherit;\"><span style=\"vertical-align: inherit;\">.<\/span><\/span><\/strong><\/span><\/p>\n<p>&nbsp;<\/p>\n<p><span style=\"font-family: Ephesis; font-size: 26px;\"><em><strong><span style=\"vertical-align: inherit;\"><span style=\"vertical-align: inherit;\">La lithoth\u00e9rapie peut \u00eatre utilis\u00e9e en compl\u00e9ment des soins qui vous sont apport\u00e9s, mais ne remplace en aucun cas un avis m\u00e9dical et\/ou traitement.<\/span><\/span><\/strong><\/em><\/span><\/p>\n<p><span style=\"font-family: Ephesis; font-size: 26px;\"><em>D\u00e9conseill\u00e9 aux enfants de moins de 3 ans. Pr\u00e9sente un risque d\u2019\u00e9touffement.<\/em><\/span><\/p>\n<p><span style=\"font-family: Ephesis; font-size: 26px;\">Photos non contractuelles.<\/span><\/p>\n","protected":false},"excerpt":{"rendered":"<p><span style=\"vertical-align: inherit; font-family: Ephesis; font-size: 26px;\"><span style=\"vertical-align: inherit;\">Bracelet boules 8 mm, qualit\u00e9 A (Bonne), provenance Afrique du Sud.<\/span><\/span><\/p>\n<p><span style=\"font-family: Ephesis; font-size: 26px;\">Diam\u00e8tre en cm : 16-18 cm.<\/span><\/p>\n","protected":false},"featured_media":2479,"comment_status":"open","ping_status":"closed","template":"","meta":[],"product_brand":[],"product_cat":[228,227],"product_tag":[173,128,209,527],"class_list":{"0":"post-2478","1":"product","2":"type-product","3":"status-publish","4":"has-post-thumbnail","6":"product_cat-boules-8-mm","7":"product_cat-bracelets","8":"product_tag-courage","9":"product_tag-introspection","10":"product_tag-paix","11":"product_tag-puissante-protection-et-ancrage","13":"first","14":"outofstock","15":"purchasable","16":"product-type-simple"},"yoast_head":"<!-- This site is optimized with the Yoast SEO plugin v27.1 - https:\/\/yoast.com\/product\/yoast-seo-wordpress\/ -->\n<title>\u0152il de Tigre A - Produits en stock - Lumi\u00e8res de S\u00e9l\u00e9n\u00e9<\/title>\n<meta name=\"description\" content=\"Cliquez ici pour d\u00e9couvrir \u0152il de Tigre A . Produits en stock d\u00e9part le jour m\u00eame ou le lendemain - Lumi\u00e8res de S\u00e9l\u00e9n\u00e9\" \/>\n<meta name=\"robots\" content=\"index, follow, max-snippet:-1, max-image-preview:large, max-video-preview:-1\" \/>\n<link rel=\"canonical\" href=\"https:\/\/lumieresdeselene.com\/index.php\/produit\/oeil-de-tigre-a-4\/\" \/>\n<meta property=\"og:locale\" content=\"fr_FR\" \/>\n<meta property=\"og:type\" content=\"article\" \/>\n<meta property=\"og:title\" content=\"\u0152il de Tigre A - Produits en stock - Lumi\u00e8res de S\u00e9l\u00e9n\u00e9\" \/>\n<meta property=\"og:description\" content=\"Cliquez ici pour d\u00e9couvrir \u0152il de Tigre A . Produits en stock d\u00e9part le jour m\u00eame ou le lendemain - Lumi\u00e8res de S\u00e9l\u00e9n\u00e9\" \/>\n<meta property=\"og:url\" content=\"https:\/\/lumieresdeselene.com\/index.php\/produit\/oeil-de-tigre-a-4\/\" \/>\n<meta property=\"og:site_name\" content=\"Lumi\u00e8res de S\u00e9l\u00e9n\u00e9\" \/>\n<meta property=\"article:publisher\" content=\"https:\/\/www.facebook.com\/lumieresdeselene\/\" \/>\n<meta property=\"article:modified_time\" content=\"2026-03-22T15:08:51+00:00\" \/>\n<meta property=\"og:image\" content=\"https:\/\/lumieresdeselene.com\/wp-content\/uploads\/2025\/01\/20250131_163555-scaled.jpg\" \/>\n\t<meta property=\"og:image:width\" content=\"2560\" \/>\n\t<meta property=\"og:image:height\" content=\"2155\" \/>\n\t<meta property=\"og:image:type\" content=\"image\/jpeg\" \/>\n<meta name=\"twitter:card\" content=\"summary_large_image\" \/>\n<meta name=\"twitter:label1\" content=\"Dur\u00e9e de lecture estim\u00e9e\" \/>\n\t<meta name=\"twitter:data1\" content=\"2 minutes\" \/>\n<script type=\"application\/ld+json\" class=\"yoast-schema-graph\">{\"@context\":\"https:\/\/schema.org\",\"@graph\":[{\"@type\":\"WebPage\",\"@id\":\"https:\/\/lumieresdeselene.com\/index.php\/produit\/oeil-de-tigre-a-4\/\",\"url\":\"https:\/\/lumieresdeselene.com\/index.php\/produit\/oeil-de-tigre-a-4\/\",\"name\":\"\u0152il de Tigre A - Produits en stock - Lumi\u00e8res de S\u00e9l\u00e9n\u00e9\",\"isPartOf\":{\"@id\":\"https:\/\/lumieresdeselene.com\/#website\"},\"primaryImageOfPage\":{\"@id\":\"https:\/\/lumieresdeselene.com\/index.php\/produit\/oeil-de-tigre-a-4\/#primaryimage\"},\"image\":{\"@id\":\"https:\/\/lumieresdeselene.com\/index.php\/produit\/oeil-de-tigre-a-4\/#primaryimage\"},\"thumbnailUrl\":\"https:\/\/i0.wp.com\/lumieresdeselene.com\/wp-content\/uploads\/2025\/01\/20250131_163555-scaled.jpg?fit=2560%2C2155&ssl=1\",\"datePublished\":\"2025-01-31T15:32:16+00:00\",\"dateModified\":\"2026-03-22T15:08:51+00:00\",\"description\":\"Cliquez ici pour d\u00e9couvrir \u0152il de Tigre A . Produits en stock d\u00e9part le jour m\u00eame ou le lendemain - Lumi\u00e8res de S\u00e9l\u00e9n\u00e9\",\"breadcrumb\":{\"@id\":\"https:\/\/lumieresdeselene.com\/index.php\/produit\/oeil-de-tigre-a-4\/#breadcrumb\"},\"inLanguage\":\"fr-FR\",\"potentialAction\":[{\"@type\":\"ReadAction\",\"target\":[\"https:\/\/lumieresdeselene.com\/index.php\/produit\/oeil-de-tigre-a-4\/\"]}]},{\"@type\":\"ImageObject\",\"inLanguage\":\"fr-FR\",\"@id\":\"https:\/\/lumieresdeselene.com\/index.php\/produit\/oeil-de-tigre-a-4\/#primaryimage\",\"url\":\"https:\/\/i0.wp.com\/lumieresdeselene.com\/wp-content\/uploads\/2025\/01\/20250131_163555-scaled.jpg?fit=2560%2C2155&ssl=1\",\"contentUrl\":\"https:\/\/i0.wp.com\/lumieresdeselene.com\/wp-content\/uploads\/2025\/01\/20250131_163555-scaled.jpg?fit=2560%2C2155&ssl=1\",\"width\":2560,\"height\":2155,\"caption\":\"\u0152il de Tigre A\"},{\"@type\":\"BreadcrumbList\",\"@id\":\"https:\/\/lumieresdeselene.com\/index.php\/produit\/oeil-de-tigre-a-4\/#breadcrumb\",\"itemListElement\":[{\"@type\":\"ListItem\",\"position\":1,\"name\":\"Accueil\",\"item\":\"https:\/\/lumieresdeselene.com\/\"},{\"@type\":\"ListItem\",\"position\":2,\"name\":\"Boutique\",\"item\":\"https:\/\/lumieresdeselene.com\/index.php\/boutique\/\"},{\"@type\":\"ListItem\",\"position\":3,\"name\":\"\u0152il de Tigre A\"}]},{\"@type\":\"WebSite\",\"@id\":\"https:\/\/lumieresdeselene.com\/#website\",\"url\":\"https:\/\/lumieresdeselene.com\/\",\"name\":\"Lumi\u00e8res de S\u00e9l\u00e9n\u00e9\",\"description\":\"Lumi\u00e8res de S\u00e9l\u00e9n\u00e9\",\"publisher\":{\"@id\":\"https:\/\/lumieresdeselene.com\/#organization\"},\"potentialAction\":[{\"@type\":\"SearchAction\",\"target\":{\"@type\":\"EntryPoint\",\"urlTemplate\":\"https:\/\/lumieresdeselene.com\/?s={search_term_string}\"},\"query-input\":{\"@type\":\"PropertyValueSpecification\",\"valueRequired\":true,\"valueName\":\"search_term_string\"}}],\"inLanguage\":\"fr-FR\"},{\"@type\":\"Organization\",\"@id\":\"https:\/\/lumieresdeselene.com\/#organization\",\"name\":\"Lumi\u00e8res de S\u00e9l\u00e9n\u00e9\",\"url\":\"https:\/\/lumieresdeselene.com\/\",\"logo\":{\"@type\":\"ImageObject\",\"inLanguage\":\"fr-FR\",\"@id\":\"https:\/\/lumieresdeselene.com\/#\/schema\/logo\/image\/\",\"url\":\"https:\/\/i0.wp.com\/lumieresdeselene.com\/wp-content\/uploads\/2024\/01\/Lumieres-de-Selene3.jpg?fit=500%2C500&ssl=1\",\"contentUrl\":\"https:\/\/i0.wp.com\/lumieresdeselene.com\/wp-content\/uploads\/2024\/01\/Lumieres-de-Selene3.jpg?fit=500%2C500&ssl=1\",\"width\":500,\"height\":500,\"caption\":\"Lumi\u00e8res de S\u00e9l\u00e9n\u00e9\"},\"image\":{\"@id\":\"https:\/\/lumieresdeselene.com\/#\/schema\/logo\/image\/\"},\"sameAs\":[\"https:\/\/www.facebook.com\/lumieresdeselene\/\",\"https:\/\/www.instagram.com\/lumieres.selene\/\"]}]}<\/script>\n<!-- \/ Yoast SEO plugin. -->","yoast_head_json":{"title":"\u0152il de Tigre A - Produits en stock - Lumi\u00e8res de S\u00e9l\u00e9n\u00e9","description":"Cliquez ici pour d\u00e9couvrir \u0152il de Tigre A . Produits en stock d\u00e9part le jour m\u00eame ou le lendemain - Lumi\u00e8res de S\u00e9l\u00e9n\u00e9","robots":{"index":"index","follow":"follow","max-snippet":"max-snippet:-1","max-image-preview":"max-image-preview:large","max-video-preview":"max-video-preview:-1"},"canonical":"https:\/\/lumieresdeselene.com\/index.php\/produit\/oeil-de-tigre-a-4\/","og_locale":"fr_FR","og_type":"article","og_title":"\u0152il de Tigre A - Produits en stock - Lumi\u00e8res de S\u00e9l\u00e9n\u00e9","og_description":"Cliquez ici pour d\u00e9couvrir \u0152il de Tigre A . Produits en stock d\u00e9part le jour m\u00eame ou le lendemain - Lumi\u00e8res de S\u00e9l\u00e9n\u00e9","og_url":"https:\/\/lumieresdeselene.com\/index.php\/produit\/oeil-de-tigre-a-4\/","og_site_name":"Lumi\u00e8res de S\u00e9l\u00e9n\u00e9","article_publisher":"https:\/\/www.facebook.com\/lumieresdeselene\/","article_modified_time":"2026-03-22T15:08:51+00:00","og_image":[{"width":2560,"height":2155,"url":"https:\/\/lumieresdeselene.com\/wp-content\/uploads\/2025\/01\/20250131_163555-scaled.jpg","type":"image\/jpeg"}],"twitter_card":"summary_large_image","twitter_misc":{"Dur\u00e9e de lecture estim\u00e9e":"2 minutes"},"schema":{"@context":"https:\/\/schema.org","@graph":[{"@type":"WebPage","@id":"https:\/\/lumieresdeselene.com\/index.php\/produit\/oeil-de-tigre-a-4\/","url":"https:\/\/lumieresdeselene.com\/index.php\/produit\/oeil-de-tigre-a-4\/","name":"\u0152il de Tigre A - Produits en stock - Lumi\u00e8res de S\u00e9l\u00e9n\u00e9","isPartOf":{"@id":"https:\/\/lumieresdeselene.com\/#website"},"primaryImageOfPage":{"@id":"https:\/\/lumieresdeselene.com\/index.php\/produit\/oeil-de-tigre-a-4\/#primaryimage"},"image":{"@id":"https:\/\/lumieresdeselene.com\/index.php\/produit\/oeil-de-tigre-a-4\/#primaryimage"},"thumbnailUrl":"https:\/\/i0.wp.com\/lumieresdeselene.com\/wp-content\/uploads\/2025\/01\/20250131_163555-scaled.jpg?fit=2560%2C2155&ssl=1","datePublished":"2025-01-31T15:32:16+00:00","dateModified":"2026-03-22T15:08:51+00:00","description":"Cliquez ici pour d\u00e9couvrir \u0152il de Tigre A . Produits en stock d\u00e9part le jour m\u00eame ou le lendemain - Lumi\u00e8res de S\u00e9l\u00e9n\u00e9","breadcrumb":{"@id":"https:\/\/lumieresdeselene.com\/index.php\/produit\/oeil-de-tigre-a-4\/#breadcrumb"},"inLanguage":"fr-FR","potentialAction":[{"@type":"ReadAction","target":["https:\/\/lumieresdeselene.com\/index.php\/produit\/oeil-de-tigre-a-4\/"]}]},{"@type":"ImageObject","inLanguage":"fr-FR","@id":"https:\/\/lumieresdeselene.com\/index.php\/produit\/oeil-de-tigre-a-4\/#primaryimage","url":"https:\/\/i0.wp.com\/lumieresdeselene.com\/wp-content\/uploads\/2025\/01\/20250131_163555-scaled.jpg?fit=2560%2C2155&ssl=1","contentUrl":"https:\/\/i0.wp.com\/lumieresdeselene.com\/wp-content\/uploads\/2025\/01\/20250131_163555-scaled.jpg?fit=2560%2C2155&ssl=1","width":2560,"height":2155,"caption":"\u0152il de Tigre A"},{"@type":"BreadcrumbList","@id":"https:\/\/lumieresdeselene.com\/index.php\/produit\/oeil-de-tigre-a-4\/#breadcrumb","itemListElement":[{"@type":"ListItem","position":1,"name":"Accueil","item":"https:\/\/lumieresdeselene.com\/"},{"@type":"ListItem","position":2,"name":"Boutique","item":"https:\/\/lumieresdeselene.com\/index.php\/boutique\/"},{"@type":"ListItem","position":3,"name":"\u0152il de Tigre A"}]},{"@type":"WebSite","@id":"https:\/\/lumieresdeselene.com\/#website","url":"https:\/\/lumieresdeselene.com\/","name":"Lumi\u00e8res de S\u00e9l\u00e9n\u00e9","description":"Lumi\u00e8res de S\u00e9l\u00e9n\u00e9","publisher":{"@id":"https:\/\/lumieresdeselene.com\/#organization"},"potentialAction":[{"@type":"SearchAction","target":{"@type":"EntryPoint","urlTemplate":"https:\/\/lumieresdeselene.com\/?s={search_term_string}"},"query-input":{"@type":"PropertyValueSpecification","valueRequired":true,"valueName":"search_term_string"}}],"inLanguage":"fr-FR"},{"@type":"Organization","@id":"https:\/\/lumieresdeselene.com\/#organization","name":"Lumi\u00e8res de S\u00e9l\u00e9n\u00e9","url":"https:\/\/lumieresdeselene.com\/","logo":{"@type":"ImageObject","inLanguage":"fr-FR","@id":"https:\/\/lumieresdeselene.com\/#\/schema\/logo\/image\/","url":"https:\/\/i0.wp.com\/lumieresdeselene.com\/wp-content\/uploads\/2024\/01\/Lumieres-de-Selene3.jpg?fit=500%2C500&ssl=1","contentUrl":"https:\/\/i0.wp.com\/lumieresdeselene.com\/wp-content\/uploads\/2024\/01\/Lumieres-de-Selene3.jpg?fit=500%2C500&ssl=1","width":500,"height":500,"caption":"Lumi\u00e8res de S\u00e9l\u00e9n\u00e9"},"image":{"@id":"https:\/\/lumieresdeselene.com\/#\/schema\/logo\/image\/"},"sameAs":["https:\/\/www.facebook.com\/lumieresdeselene\/","https:\/\/www.instagram.com\/lumieres.selene\/"]}]}},"jetpack_sharing_enabled":true,"_links":{"self":[{"href":"https:\/\/lumieresdeselene.com\/index.php\/wp-json\/wp\/v2\/product\/2478","targetHints":{"allow":["GET"]}}],"collection":[{"href":"https:\/\/lumieresdeselene.com\/index.php\/wp-json\/wp\/v2\/product"}],"about":[{"href":"https:\/\/lumieresdeselene.com\/index.php\/wp-json\/wp\/v2\/types\/product"}],"replies":[{"embeddable":true,"href":"https:\/\/lumieresdeselene.com\/index.php\/wp-json\/wp\/v2\/comments?post=2478"}],"wp:featuredmedia":[{"embeddable":true,"href":"https:\/\/lumieresdeselene.com\/index.php\/wp-json\/wp\/v2\/media\/2479"}],"wp:attachment":[{"href":"https:\/\/lumieresdeselene.com\/index.php\/wp-json\/wp\/v2\/media?parent=2478"}],"wp:term":[{"taxonomy":"product_brand","embeddable":true,"href":"https:\/\/lumieresdeselene.com\/index.php\/wp-json\/wp\/v2\/product_brand?post=2478"},{"taxonomy":"product_cat","embeddable":true,"href":"https:\/\/lumieresdeselene.com\/index.php\/wp-json\/wp\/v2\/product_cat?post=2478"},{"taxonomy":"product_tag","embeddable":true,"href":"https:\/\/lumieresdeselene.com\/index.php\/wp-json\/wp\/v2\/product_tag?post=2478"}],"curies":[{"name":"wp","href":"https:\/\/api.w.org\/{rel}","templated":true}]}}