{"id":2357,"date":"2024-12-06T12:29:37","date_gmt":"2024-12-06T11:29:37","guid":{"rendered":"https:\/\/lumieresdeselene.com\/?post_type=product&#038;p=2357"},"modified":"2025-08-01T14:36:32","modified_gmt":"2025-08-01T12:36:32","slug":"elephant-aventurine-verte-a","status":"publish","type":"product","link":"https:\/\/lumieresdeselene.com\/index.php\/produit\/elephant-aventurine-verte-a\/","title":{"rendered":"El\u00e9phant aventurine verte A+"},"content":{"rendered":"<p><span style=\"font-family: Ephesis; font-size: 26px;\">On retrouve les premi\u00e8res traces de cette pierre\u00a0<a href=\"https:\/\/lumieresdeselene.com\/index.php\/produit\/aventurine-verte-arbre-de-vie-forme-ronde\/\">verte<\/a>\u00a0incroyable, il y a plus de 4000 ans, en Chine.\u00a0Dans la culture chinoise, cette pierre est associ\u00e9e \u00e0 la d\u00e9esse Guanyin Pusa, la d\u00e9esse de la compassion, de l\u2019amour inconditionnel ainsi que de la piti\u00e9.<\/span><\/p>\n<p><span style=\"font-family: Ephesis; font-size: 26px;\">Sa couleur verte est due \u00e0 la pr\u00e9sence de\u00a0<a href=\"https:\/\/lumieresdeselene.com\/index.php\/produit\/fuchsite-ou-muscovite-verte-a\/\">Fuchsite<\/a>\u00a0.<\/span><\/p>\n<p><span style=\"font-family: Ephesis; font-size: 26px;\"><strong><u>Ses bienfaits sur le plan psychique<\/u><\/strong><\/span><\/p>\n<p><span style=\"font-family: Ephesis; font-size: 26px;\">Vertus profond\u00e9ment apaisantes, favorisent la d\u00e9tente et le repos, calment la col\u00e8re et l\u2019irritabilit\u00e9, d\u00e9veloppent la patience, la tol\u00e9rance et la compassion.<\/span><\/p>\n<p><span style=\"font-family: Ephesis; font-size: 26px;\">Apporte une vision claire et positive des \u00e9v\u00e9nements, conforte la capacit\u00e9 de d\u00e9cision.<\/span><\/p>\n<p><span style=\"font-family: Ephesis; font-size: 26px;\"><strong><u>Ses bienfaits sur le plan physique<\/u><\/strong><\/span><\/p>\n<p><span style=\"font-family: Ephesis; font-size: 26px;\">B\u00e9n\u00e9fique aux muscles, aux poumons et au c\u0153ur, aux glandes surr\u00e9nales et au syst\u00e8me uro-g\u00e9nital.<\/span><\/p>\n<p><span style=\"font-family: Ephesis; font-size: 26px;\">Anti-inflammatoire naturel, soulage les sympt\u00f4mes des pathologies de l\u2019\u0153il, les allergies, les probl\u00e8mes de peau et les migraines.<\/span><\/p>\n<p><span style=\"font-family: Ephesis; font-size: 26px;\">Vertus sur les organes urinaires et sur le c\u0153ur mais aussi les sinus et le thymus.<\/span><\/p>\n<p><span style=\"font-family: Ephesis; font-size: 26px;\">Favoriser une croissance \u00e9quilibr\u00e9e chez les enfants.<\/span><\/p>\n<p>&nbsp;<\/p>\n<p><span style=\"font-family: Ephesis; font-size: 26px;\"><strong><em>La lithoth\u00e9rapie peut \u00eatre utilis\u00e9e en compl\u00e9ment des soins qui vous sont apport\u00e9s, mais ne remplace en aucun cas un avis m\u00e9dical et\/ou traitement.<\/em><\/strong><\/span><\/p>\n<p><span style=\"font-family: Ephesis; font-size: 26px;\"><em>D\u00e9conseill\u00e9 aux enfants de moins de 3 ans.\u00a0Pr\u00e9sente un risque d\u2019\u00e9touffement.<\/em><\/span><\/p>\n<p><span style=\"font-family: Ephesis; font-size: 26px;\">Photos non contractuelles.<\/span><\/p>\n","protected":false},"excerpt":{"rendered":"<p><span style=\"font-family: Ephesis; font-size: 26px;\">El\u00e9phant en <a href=\"https:\/\/lumieresdeselene.com\/index.php\/produit\/ballotin-aventurine-verte\/\">aventurine verte<\/a> qualit\u00e9 A+ (Elev\u00e9e), provenance Br\u00e9sil.<\/span><\/p>\n<p><span style=\"font-family: Ephesis; font-size: 26px;\">Dimensions\u00a0 env 50mm.<\/span><\/p>\n<p><span style=\"font-family: Ephesis; font-size: 26px;\">Vendu \u00e0 l&rsquo;unit\u00e9.<\/span><\/p>\n","protected":false},"featured_media":2238,"comment_status":"closed","ping_status":"closed","template":"","meta":[],"product_brand":[],"product_cat":[537],"product_tag":[504,326,503,283,523,505],"class_list":{"0":"post-2357","1":"product","2":"type-product","3":"status-publish","4":"has-post-thumbnail","6":"product_cat-figurines","7":"product_tag-irritabilite","8":"product_tag-patience","9":"product_tag-repos","10":"product_tag-tolerance","11":"product_tag-tranquillite-interieure","12":"product_tag-vision-claire","14":"first","15":"outofstock","16":"purchasable","17":"product-type-simple"},"yoast_head":"<!-- This site is optimized with the Yoast SEO plugin v27.1 - https:\/\/yoast.com\/product\/yoast-seo-wordpress\/ -->\n<title>El\u00e9phant aventurine verte A+ - Produits en stock - Lumi\u00e8res de S\u00e9l\u00e9n\u00e9<\/title>\n<meta name=\"description\" content=\"Cliquez ici pour d\u00e9couvrir El\u00e9phant aventurine verte A+ . Produits en stock d\u00e9part le jour m\u00eame ou le lendemain - Lumi\u00e8res de S\u00e9l\u00e9n\u00e9\" \/>\n<meta name=\"robots\" content=\"index, follow, max-snippet:-1, max-image-preview:large, max-video-preview:-1\" \/>\n<link rel=\"canonical\" href=\"https:\/\/lumieresdeselene.com\/index.php\/produit\/elephant-aventurine-verte-a\/\" \/>\n<meta property=\"og:locale\" content=\"fr_FR\" \/>\n<meta property=\"og:type\" content=\"article\" \/>\n<meta property=\"og:title\" content=\"El\u00e9phant aventurine verte A+ - Produits en stock - Lumi\u00e8res de S\u00e9l\u00e9n\u00e9\" \/>\n<meta property=\"og:description\" content=\"Cliquez ici pour d\u00e9couvrir El\u00e9phant aventurine verte A+ . Produits en stock d\u00e9part le jour m\u00eame ou le lendemain - Lumi\u00e8res de S\u00e9l\u00e9n\u00e9\" \/>\n<meta property=\"og:url\" content=\"https:\/\/lumieresdeselene.com\/index.php\/produit\/elephant-aventurine-verte-a\/\" \/>\n<meta property=\"og:site_name\" content=\"Lumi\u00e8res de S\u00e9l\u00e9n\u00e9\" \/>\n<meta property=\"article:publisher\" content=\"https:\/\/www.facebook.com\/lumieresdeselene\/\" \/>\n<meta property=\"article:modified_time\" content=\"2025-08-01T12:36:32+00:00\" \/>\n<meta property=\"og:image\" content=\"https:\/\/lumieresdeselene.com\/wp-content\/uploads\/2024\/11\/20241115_145857.jpg\" \/>\n\t<meta property=\"og:image:width\" content=\"2543\" \/>\n\t<meta property=\"og:image:height\" content=\"2017\" \/>\n\t<meta property=\"og:image:type\" content=\"image\/jpeg\" \/>\n<meta name=\"twitter:card\" content=\"summary_large_image\" \/>\n<meta name=\"twitter:label1\" content=\"Dur\u00e9e de lecture estim\u00e9e\" \/>\n\t<meta name=\"twitter:data1\" content=\"2 minutes\" \/>\n<script type=\"application\/ld+json\" class=\"yoast-schema-graph\">{\"@context\":\"https:\/\/schema.org\",\"@graph\":[{\"@type\":\"WebPage\",\"@id\":\"https:\/\/lumieresdeselene.com\/index.php\/produit\/elephant-aventurine-verte-a\/\",\"url\":\"https:\/\/lumieresdeselene.com\/index.php\/produit\/elephant-aventurine-verte-a\/\",\"name\":\"El\u00e9phant aventurine verte A+ - Produits en stock - Lumi\u00e8res de S\u00e9l\u00e9n\u00e9\",\"isPartOf\":{\"@id\":\"https:\/\/lumieresdeselene.com\/#website\"},\"primaryImageOfPage\":{\"@id\":\"https:\/\/lumieresdeselene.com\/index.php\/produit\/elephant-aventurine-verte-a\/#primaryimage\"},\"image\":{\"@id\":\"https:\/\/lumieresdeselene.com\/index.php\/produit\/elephant-aventurine-verte-a\/#primaryimage\"},\"thumbnailUrl\":\"https:\/\/i0.wp.com\/lumieresdeselene.com\/wp-content\/uploads\/2024\/11\/20241115_145857.jpg?fit=2543%2C2017&ssl=1\",\"datePublished\":\"2024-12-06T11:29:37+00:00\",\"dateModified\":\"2025-08-01T12:36:32+00:00\",\"description\":\"Cliquez ici pour d\u00e9couvrir El\u00e9phant aventurine verte A+ . Produits en stock d\u00e9part le jour m\u00eame ou le lendemain - Lumi\u00e8res de S\u00e9l\u00e9n\u00e9\",\"breadcrumb\":{\"@id\":\"https:\/\/lumieresdeselene.com\/index.php\/produit\/elephant-aventurine-verte-a\/#breadcrumb\"},\"inLanguage\":\"fr-FR\",\"potentialAction\":[{\"@type\":\"ReadAction\",\"target\":[\"https:\/\/lumieresdeselene.com\/index.php\/produit\/elephant-aventurine-verte-a\/\"]}]},{\"@type\":\"ImageObject\",\"inLanguage\":\"fr-FR\",\"@id\":\"https:\/\/lumieresdeselene.com\/index.php\/produit\/elephant-aventurine-verte-a\/#primaryimage\",\"url\":\"https:\/\/i0.wp.com\/lumieresdeselene.com\/wp-content\/uploads\/2024\/11\/20241115_145857.jpg?fit=2543%2C2017&ssl=1\",\"contentUrl\":\"https:\/\/i0.wp.com\/lumieresdeselene.com\/wp-content\/uploads\/2024\/11\/20241115_145857.jpg?fit=2543%2C2017&ssl=1\",\"width\":2543,\"height\":2017,\"caption\":\"Pack No\u00ebl aventurine verte homme\"},{\"@type\":\"BreadcrumbList\",\"@id\":\"https:\/\/lumieresdeselene.com\/index.php\/produit\/elephant-aventurine-verte-a\/#breadcrumb\",\"itemListElement\":[{\"@type\":\"ListItem\",\"position\":1,\"name\":\"Accueil\",\"item\":\"https:\/\/lumieresdeselene.com\/\"},{\"@type\":\"ListItem\",\"position\":2,\"name\":\"Boutique\",\"item\":\"https:\/\/lumieresdeselene.com\/index.php\/boutique\/\"},{\"@type\":\"ListItem\",\"position\":3,\"name\":\"El\u00e9phant aventurine verte A+\"}]},{\"@type\":\"WebSite\",\"@id\":\"https:\/\/lumieresdeselene.com\/#website\",\"url\":\"https:\/\/lumieresdeselene.com\/\",\"name\":\"Lumi\u00e8res de S\u00e9l\u00e9n\u00e9\",\"description\":\"Lumi\u00e8res de S\u00e9l\u00e9n\u00e9\",\"publisher\":{\"@id\":\"https:\/\/lumieresdeselene.com\/#organization\"},\"potentialAction\":[{\"@type\":\"SearchAction\",\"target\":{\"@type\":\"EntryPoint\",\"urlTemplate\":\"https:\/\/lumieresdeselene.com\/?s={search_term_string}\"},\"query-input\":{\"@type\":\"PropertyValueSpecification\",\"valueRequired\":true,\"valueName\":\"search_term_string\"}}],\"inLanguage\":\"fr-FR\"},{\"@type\":\"Organization\",\"@id\":\"https:\/\/lumieresdeselene.com\/#organization\",\"name\":\"Lumi\u00e8res de S\u00e9l\u00e9n\u00e9\",\"url\":\"https:\/\/lumieresdeselene.com\/\",\"logo\":{\"@type\":\"ImageObject\",\"inLanguage\":\"fr-FR\",\"@id\":\"https:\/\/lumieresdeselene.com\/#\/schema\/logo\/image\/\",\"url\":\"https:\/\/i0.wp.com\/lumieresdeselene.com\/wp-content\/uploads\/2024\/01\/Lumieres-de-Selene3.jpg?fit=500%2C500&ssl=1\",\"contentUrl\":\"https:\/\/i0.wp.com\/lumieresdeselene.com\/wp-content\/uploads\/2024\/01\/Lumieres-de-Selene3.jpg?fit=500%2C500&ssl=1\",\"width\":500,\"height\":500,\"caption\":\"Lumi\u00e8res de S\u00e9l\u00e9n\u00e9\"},\"image\":{\"@id\":\"https:\/\/lumieresdeselene.com\/#\/schema\/logo\/image\/\"},\"sameAs\":[\"https:\/\/www.facebook.com\/lumieresdeselene\/\",\"https:\/\/www.instagram.com\/lumieres.selene\/\"]}]}<\/script>\n<!-- \/ Yoast SEO plugin. -->","yoast_head_json":{"title":"El\u00e9phant aventurine verte A+ - Produits en stock - Lumi\u00e8res de S\u00e9l\u00e9n\u00e9","description":"Cliquez ici pour d\u00e9couvrir El\u00e9phant aventurine verte A+ . Produits en stock d\u00e9part le jour m\u00eame ou le lendemain - Lumi\u00e8res de S\u00e9l\u00e9n\u00e9","robots":{"index":"index","follow":"follow","max-snippet":"max-snippet:-1","max-image-preview":"max-image-preview:large","max-video-preview":"max-video-preview:-1"},"canonical":"https:\/\/lumieresdeselene.com\/index.php\/produit\/elephant-aventurine-verte-a\/","og_locale":"fr_FR","og_type":"article","og_title":"El\u00e9phant aventurine verte A+ - Produits en stock - Lumi\u00e8res de S\u00e9l\u00e9n\u00e9","og_description":"Cliquez ici pour d\u00e9couvrir El\u00e9phant aventurine verte A+ . Produits en stock d\u00e9part le jour m\u00eame ou le lendemain - Lumi\u00e8res de S\u00e9l\u00e9n\u00e9","og_url":"https:\/\/lumieresdeselene.com\/index.php\/produit\/elephant-aventurine-verte-a\/","og_site_name":"Lumi\u00e8res de S\u00e9l\u00e9n\u00e9","article_publisher":"https:\/\/www.facebook.com\/lumieresdeselene\/","article_modified_time":"2025-08-01T12:36:32+00:00","og_image":[{"width":2543,"height":2017,"url":"https:\/\/lumieresdeselene.com\/wp-content\/uploads\/2024\/11\/20241115_145857.jpg","type":"image\/jpeg"}],"twitter_card":"summary_large_image","twitter_misc":{"Dur\u00e9e de lecture estim\u00e9e":"2 minutes"},"schema":{"@context":"https:\/\/schema.org","@graph":[{"@type":"WebPage","@id":"https:\/\/lumieresdeselene.com\/index.php\/produit\/elephant-aventurine-verte-a\/","url":"https:\/\/lumieresdeselene.com\/index.php\/produit\/elephant-aventurine-verte-a\/","name":"El\u00e9phant aventurine verte A+ - Produits en stock - Lumi\u00e8res de S\u00e9l\u00e9n\u00e9","isPartOf":{"@id":"https:\/\/lumieresdeselene.com\/#website"},"primaryImageOfPage":{"@id":"https:\/\/lumieresdeselene.com\/index.php\/produit\/elephant-aventurine-verte-a\/#primaryimage"},"image":{"@id":"https:\/\/lumieresdeselene.com\/index.php\/produit\/elephant-aventurine-verte-a\/#primaryimage"},"thumbnailUrl":"https:\/\/i0.wp.com\/lumieresdeselene.com\/wp-content\/uploads\/2024\/11\/20241115_145857.jpg?fit=2543%2C2017&ssl=1","datePublished":"2024-12-06T11:29:37+00:00","dateModified":"2025-08-01T12:36:32+00:00","description":"Cliquez ici pour d\u00e9couvrir El\u00e9phant aventurine verte A+ . Produits en stock d\u00e9part le jour m\u00eame ou le lendemain - Lumi\u00e8res de S\u00e9l\u00e9n\u00e9","breadcrumb":{"@id":"https:\/\/lumieresdeselene.com\/index.php\/produit\/elephant-aventurine-verte-a\/#breadcrumb"},"inLanguage":"fr-FR","potentialAction":[{"@type":"ReadAction","target":["https:\/\/lumieresdeselene.com\/index.php\/produit\/elephant-aventurine-verte-a\/"]}]},{"@type":"ImageObject","inLanguage":"fr-FR","@id":"https:\/\/lumieresdeselene.com\/index.php\/produit\/elephant-aventurine-verte-a\/#primaryimage","url":"https:\/\/i0.wp.com\/lumieresdeselene.com\/wp-content\/uploads\/2024\/11\/20241115_145857.jpg?fit=2543%2C2017&ssl=1","contentUrl":"https:\/\/i0.wp.com\/lumieresdeselene.com\/wp-content\/uploads\/2024\/11\/20241115_145857.jpg?fit=2543%2C2017&ssl=1","width":2543,"height":2017,"caption":"Pack No\u00ebl aventurine verte homme"},{"@type":"BreadcrumbList","@id":"https:\/\/lumieresdeselene.com\/index.php\/produit\/elephant-aventurine-verte-a\/#breadcrumb","itemListElement":[{"@type":"ListItem","position":1,"name":"Accueil","item":"https:\/\/lumieresdeselene.com\/"},{"@type":"ListItem","position":2,"name":"Boutique","item":"https:\/\/lumieresdeselene.com\/index.php\/boutique\/"},{"@type":"ListItem","position":3,"name":"El\u00e9phant aventurine verte A+"}]},{"@type":"WebSite","@id":"https:\/\/lumieresdeselene.com\/#website","url":"https:\/\/lumieresdeselene.com\/","name":"Lumi\u00e8res de S\u00e9l\u00e9n\u00e9","description":"Lumi\u00e8res de S\u00e9l\u00e9n\u00e9","publisher":{"@id":"https:\/\/lumieresdeselene.com\/#organization"},"potentialAction":[{"@type":"SearchAction","target":{"@type":"EntryPoint","urlTemplate":"https:\/\/lumieresdeselene.com\/?s={search_term_string}"},"query-input":{"@type":"PropertyValueSpecification","valueRequired":true,"valueName":"search_term_string"}}],"inLanguage":"fr-FR"},{"@type":"Organization","@id":"https:\/\/lumieresdeselene.com\/#organization","name":"Lumi\u00e8res de S\u00e9l\u00e9n\u00e9","url":"https:\/\/lumieresdeselene.com\/","logo":{"@type":"ImageObject","inLanguage":"fr-FR","@id":"https:\/\/lumieresdeselene.com\/#\/schema\/logo\/image\/","url":"https:\/\/i0.wp.com\/lumieresdeselene.com\/wp-content\/uploads\/2024\/01\/Lumieres-de-Selene3.jpg?fit=500%2C500&ssl=1","contentUrl":"https:\/\/i0.wp.com\/lumieresdeselene.com\/wp-content\/uploads\/2024\/01\/Lumieres-de-Selene3.jpg?fit=500%2C500&ssl=1","width":500,"height":500,"caption":"Lumi\u00e8res de S\u00e9l\u00e9n\u00e9"},"image":{"@id":"https:\/\/lumieresdeselene.com\/#\/schema\/logo\/image\/"},"sameAs":["https:\/\/www.facebook.com\/lumieresdeselene\/","https:\/\/www.instagram.com\/lumieres.selene\/"]}]}},"jetpack_sharing_enabled":true,"_links":{"self":[{"href":"https:\/\/lumieresdeselene.com\/index.php\/wp-json\/wp\/v2\/product\/2357","targetHints":{"allow":["GET"]}}],"collection":[{"href":"https:\/\/lumieresdeselene.com\/index.php\/wp-json\/wp\/v2\/product"}],"about":[{"href":"https:\/\/lumieresdeselene.com\/index.php\/wp-json\/wp\/v2\/types\/product"}],"replies":[{"embeddable":true,"href":"https:\/\/lumieresdeselene.com\/index.php\/wp-json\/wp\/v2\/comments?post=2357"}],"wp:featuredmedia":[{"embeddable":true,"href":"https:\/\/lumieresdeselene.com\/index.php\/wp-json\/wp\/v2\/media\/2238"}],"wp:attachment":[{"href":"https:\/\/lumieresdeselene.com\/index.php\/wp-json\/wp\/v2\/media?parent=2357"}],"wp:term":[{"taxonomy":"product_brand","embeddable":true,"href":"https:\/\/lumieresdeselene.com\/index.php\/wp-json\/wp\/v2\/product_brand?post=2357"},{"taxonomy":"product_cat","embeddable":true,"href":"https:\/\/lumieresdeselene.com\/index.php\/wp-json\/wp\/v2\/product_cat?post=2357"},{"taxonomy":"product_tag","embeddable":true,"href":"https:\/\/lumieresdeselene.com\/index.php\/wp-json\/wp\/v2\/product_tag?post=2357"}],"curies":[{"name":"wp","href":"https:\/\/api.w.org\/{rel}","templated":true}]}}