{"id":2342,"date":"2024-12-05T16:12:31","date_gmt":"2024-12-05T15:12:31","guid":{"rendered":"https:\/\/lumieresdeselene.com\/?post_type=product&#038;p=2342"},"modified":"2025-01-31T09:41:07","modified_gmt":"2025-01-31T08:41:07","slug":"rubis-semi-poli-ab","status":"publish","type":"product","link":"https:\/\/lumieresdeselene.com\/index.php\/produit\/rubis-semi-poli-ab\/","title":{"rendered":"Rubis semi poli AB"},"content":{"rendered":"<p><span style=\"font-family: Ephesis; font-size: 26px;\">Le mot \u00ab\u00a0rubis\u00a0\u00bb est d\u00e9riv\u00e9 du latin \u00ab\u00a0rubeus\u00a0\u00bb qui veut dire rouge.<\/span><\/p>\n<p><span style=\"font-family: Ephesis; font-size: 26px;\">Sa couleur vient du chrome, c&rsquo;est une des pierres les plus dures, 9 sur l&rsquo;\u00e9chelle de Mohs. Consid\u00e9r\u00e9e comme l&rsquo;une des pierres les plus pr\u00e9cieuses avec le diamant.<\/span><\/p>\n<p><span style=\"font-family: Ephesis; font-size: 26px;\">Les Romains avaient pour habitude de nommer les pierres \u00e9carlates \u00ab\u00a0petits charbons ardents\u00a0\u00bb, au moyen-\u00e2ge elle sera nomm\u00e9e \u00ab\u00a0escarboucle\u00a0\u00bb. <\/span><\/p>\n<p><span style=\"font-family: Ephesis; font-size: 26px;\">Avec le temps le rubis s&rsquo;impose comme \u00ab\u00a0la pierre des rois\u00a0\u00bb. La pierre devient un ornement royal.<\/span><\/p>\n<p><span style=\"font-family: Ephesis; font-size: 26px;\">Les couronnes \u00e9taient orn\u00e9es de pierres rouges \u00e9carlates, l\u2019ouvrage le plus impressionnant demeure celui de Saint-Venceslas. Il a \u00e9t\u00e9 con\u00e7u \u00e0 l\u2019occasion du sacre de Charles IV en 1347. La coiffe pr\u00e9sente des saphirs, des \u00e9meraudes et des perles, ainsi qu\u2019une pierre rubis de 250 carats. A ce jour, cette \u0153uvre est conserv\u00e9e \u00e0 la Cath\u00e9drale Saint-Guy de Prague.<\/span><\/p>\n<p><span style=\"font-family: Ephesis; font-size: 26px;\"><strong><u>Ses bienfaits sur le plan psychique<\/u><\/strong><\/span><\/p>\n<p><span style=\"font-family: Ephesis; font-size: 26px;\">Pierre d&rsquo;ancrage, am\u00e9liore la circulation de vos \u00e9nergies. Rend son porteur plus confiant et optimiste. D\u00e9veloppe la pers\u00e9v\u00e9rance, la volont\u00e9 et le courage. <\/span><\/p>\n<p><span style=\"font-family: Ephesis; font-size: 26px;\">Favorise la prosp\u00e9rit\u00e9, stimule la cr\u00e9ativit\u00e9 et encourage la passion.<\/span><\/p>\n<p><span style=\"font-family: Ephesis; font-size: 26px;\">Cette pierre accro\u00eet le sentiment d&rsquo;affection envers les autres et aussi soi m\u00eame.<\/span><\/p>\n<p><span style=\"font-family: Ephesis; font-size: 26px;\"><strong><u>Ses bienfaits sur le plan physique<\/u><\/strong><\/span><\/p>\n<p><span style=\"font-family: Ephesis; font-size: 26px;\">Connue pour \u00eatre une pierre du c\u0153ur elle stimule le syst\u00e8me circulatoire et prot\u00e8ge cet organe.<\/span><\/p>\n<p><span style=\"font-family: Ephesis; font-size: 26px;\"> Utile en cas de probl\u00e8mes intestinaux, aide \u00e0 soutenir le syst\u00e8me immunitaire.<\/span><\/p>\n<p><span style=\"font-family: Ephesis; font-size: 26px;\">Stimule \u00e9galement la rate et les glandes surr\u00e9nales. Favorise l&rsquo;acuit\u00e9 visuelle. <\/span><\/p>\n<p><span style=\"font-family: Ephesis; font-size: 26px;\">Soulage les r\u00e8gles douloureuses et crampes musculaires. <\/span><\/p>\n<p><span style=\"font-family: Ephesis; font-size: 26px;\">Booste la libido.<\/span><\/p>\n<p>&nbsp;<\/p>\n<p><span style=\"font-family: Ephesis; font-size: 26px;\"><strong><em>La lithoth\u00e9rapie peut \u00eatre utilis\u00e9e en compl\u00e9ment des soins qui vous sont apport\u00e9s, mais ne remplace en aucun cas un avis m\u00e9dical et\/ ou traitement.<\/em><\/strong><\/span><\/p>\n<p><span style=\"font-family: Ephesis; font-size: 26px;\"><em>D\u00e9conseill\u00e9 aux enfants de moins de 3 ans. Pr\u00e9sente un risque d\u2019\u00e9touffement.<\/em><\/span><\/p>\n<p><span style=\"font-family: Ephesis; font-size: 26px;\">Photos non contractuelles.<\/span><\/p>\n","protected":false},"excerpt":{"rendered":"<p><span style=\"font-family: Ephesis; font-size: 26px;\">Pen<\/span><span style=\"font-family: Ephesis; font-size: 26px;\">dentif pierre roul\u00e9e rubis semi poli, qualit\u00e9 AB (Standard), provenance Inde.<\/span><\/p>\n<p><span style=\"font-family: Ephesis; font-size: 26px;\">Diff\u00e9rentes dimensions voir mod\u00e8les.<\/span><\/p>\n<p><span style=\"font-family: Ephesis; font-size: 26px;\">Avec chaine en acier inoxydable couleur argent ou or 45\/60 cm voir mod\u00e8les.<\/span><\/p>\n","protected":false},"featured_media":2343,"comment_status":"closed","ping_status":"closed","template":"","meta":[],"product_brand":[],"product_cat":[314],"product_tag":[466,94,177,84,173,615,573,126,125],"class_list":{"0":"post-2342","1":"product","2":"type-product","3":"status-publish","4":"has-post-thumbnail","6":"product_cat-pendentifs","7":"product_tag-amour","8":"product_tag-ancrage","9":"product_tag-coeur","10":"product_tag-confiance","11":"product_tag-courage","12":"product_tag-emotions-positives","13":"product_tag-imagination","14":"product_tag-systeme-immunitaire","15":"product_tag-vue","17":"first","18":"instock","19":"purchasable","20":"product-type-variable"},"yoast_head":"<!-- This site is optimized with the Yoast SEO plugin v27.1 - https:\/\/yoast.com\/product\/yoast-seo-wordpress\/ -->\n<title>Rubis semi poli AB - Produits en stock - Lumi\u00e8res de S\u00e9l\u00e9n\u00e9<\/title>\n<meta name=\"description\" content=\"Cliquez ici pour d\u00e9couvrir Rubis semi poli AB . Produits en stock d\u00e9part le jour m\u00eame ou le lendemain - Lumi\u00e8res de S\u00e9l\u00e9n\u00e9\" \/>\n<meta name=\"robots\" content=\"index, follow, max-snippet:-1, max-image-preview:large, max-video-preview:-1\" \/>\n<link rel=\"canonical\" href=\"https:\/\/lumieresdeselene.com\/index.php\/produit\/rubis-semi-poli-ab\/\" \/>\n<meta property=\"og:locale\" content=\"fr_FR\" \/>\n<meta property=\"og:type\" content=\"article\" \/>\n<meta property=\"og:title\" content=\"Rubis semi poli AB - Produits en stock - Lumi\u00e8res de S\u00e9l\u00e9n\u00e9\" \/>\n<meta property=\"og:description\" content=\"Cliquez ici pour d\u00e9couvrir Rubis semi poli AB . Produits en stock d\u00e9part le jour m\u00eame ou le lendemain - Lumi\u00e8res de S\u00e9l\u00e9n\u00e9\" \/>\n<meta property=\"og:url\" content=\"https:\/\/lumieresdeselene.com\/index.php\/produit\/rubis-semi-poli-ab\/\" \/>\n<meta property=\"og:site_name\" content=\"Lumi\u00e8res de S\u00e9l\u00e9n\u00e9\" \/>\n<meta property=\"article:publisher\" content=\"https:\/\/www.facebook.com\/lumieresdeselene\/\" \/>\n<meta property=\"article:modified_time\" content=\"2025-01-31T08:41:07+00:00\" \/>\n<meta property=\"og:image\" content=\"https:\/\/lumieresdeselene.com\/wp-content\/uploads\/2024\/12\/20241205_130553-scaled.jpg\" \/>\n\t<meta property=\"og:image:width\" content=\"2560\" \/>\n\t<meta property=\"og:image:height\" content=\"1359\" \/>\n\t<meta property=\"og:image:type\" content=\"image\/jpeg\" \/>\n<meta name=\"twitter:card\" content=\"summary_large_image\" \/>\n<meta name=\"twitter:label1\" content=\"Dur\u00e9e de lecture estim\u00e9e\" \/>\n\t<meta name=\"twitter:data1\" content=\"2 minutes\" \/>\n<script type=\"application\/ld+json\" class=\"yoast-schema-graph\">{\"@context\":\"https:\/\/schema.org\",\"@graph\":[{\"@type\":\"WebPage\",\"@id\":\"https:\/\/lumieresdeselene.com\/index.php\/produit\/rubis-semi-poli-ab\/\",\"url\":\"https:\/\/lumieresdeselene.com\/index.php\/produit\/rubis-semi-poli-ab\/\",\"name\":\"Rubis semi poli AB - Produits en stock - Lumi\u00e8res de S\u00e9l\u00e9n\u00e9\",\"isPartOf\":{\"@id\":\"https:\/\/lumieresdeselene.com\/#website\"},\"primaryImageOfPage\":{\"@id\":\"https:\/\/lumieresdeselene.com\/index.php\/produit\/rubis-semi-poli-ab\/#primaryimage\"},\"image\":{\"@id\":\"https:\/\/lumieresdeselene.com\/index.php\/produit\/rubis-semi-poli-ab\/#primaryimage\"},\"thumbnailUrl\":\"https:\/\/i0.wp.com\/lumieresdeselene.com\/wp-content\/uploads\/2024\/12\/20241205_130553-scaled.jpg?fit=2560%2C1359&ssl=1\",\"datePublished\":\"2024-12-05T15:12:31+00:00\",\"dateModified\":\"2025-01-31T08:41:07+00:00\",\"description\":\"Cliquez ici pour d\u00e9couvrir Rubis semi poli AB . Produits en stock d\u00e9part le jour m\u00eame ou le lendemain - Lumi\u00e8res de S\u00e9l\u00e9n\u00e9\",\"breadcrumb\":{\"@id\":\"https:\/\/lumieresdeselene.com\/index.php\/produit\/rubis-semi-poli-ab\/#breadcrumb\"},\"inLanguage\":\"fr-FR\",\"potentialAction\":[{\"@type\":\"ReadAction\",\"target\":[\"https:\/\/lumieresdeselene.com\/index.php\/produit\/rubis-semi-poli-ab\/\"]}]},{\"@type\":\"ImageObject\",\"inLanguage\":\"fr-FR\",\"@id\":\"https:\/\/lumieresdeselene.com\/index.php\/produit\/rubis-semi-poli-ab\/#primaryimage\",\"url\":\"https:\/\/i0.wp.com\/lumieresdeselene.com\/wp-content\/uploads\/2024\/12\/20241205_130553-scaled.jpg?fit=2560%2C1359&ssl=1\",\"contentUrl\":\"https:\/\/i0.wp.com\/lumieresdeselene.com\/wp-content\/uploads\/2024\/12\/20241205_130553-scaled.jpg?fit=2560%2C1359&ssl=1\",\"width\":2560,\"height\":1359,\"caption\":\"Rubis semi poli\"},{\"@type\":\"BreadcrumbList\",\"@id\":\"https:\/\/lumieresdeselene.com\/index.php\/produit\/rubis-semi-poli-ab\/#breadcrumb\",\"itemListElement\":[{\"@type\":\"ListItem\",\"position\":1,\"name\":\"Accueil\",\"item\":\"https:\/\/lumieresdeselene.com\/\"},{\"@type\":\"ListItem\",\"position\":2,\"name\":\"Boutique\",\"item\":\"https:\/\/lumieresdeselene.com\/index.php\/boutique\/\"},{\"@type\":\"ListItem\",\"position\":3,\"name\":\"Rubis semi poli AB\"}]},{\"@type\":\"WebSite\",\"@id\":\"https:\/\/lumieresdeselene.com\/#website\",\"url\":\"https:\/\/lumieresdeselene.com\/\",\"name\":\"Lumi\u00e8res de S\u00e9l\u00e9n\u00e9\",\"description\":\"Lumi\u00e8res de S\u00e9l\u00e9n\u00e9\",\"publisher\":{\"@id\":\"https:\/\/lumieresdeselene.com\/#organization\"},\"potentialAction\":[{\"@type\":\"SearchAction\",\"target\":{\"@type\":\"EntryPoint\",\"urlTemplate\":\"https:\/\/lumieresdeselene.com\/?s={search_term_string}\"},\"query-input\":{\"@type\":\"PropertyValueSpecification\",\"valueRequired\":true,\"valueName\":\"search_term_string\"}}],\"inLanguage\":\"fr-FR\"},{\"@type\":\"Organization\",\"@id\":\"https:\/\/lumieresdeselene.com\/#organization\",\"name\":\"Lumi\u00e8res de S\u00e9l\u00e9n\u00e9\",\"url\":\"https:\/\/lumieresdeselene.com\/\",\"logo\":{\"@type\":\"ImageObject\",\"inLanguage\":\"fr-FR\",\"@id\":\"https:\/\/lumieresdeselene.com\/#\/schema\/logo\/image\/\",\"url\":\"https:\/\/i0.wp.com\/lumieresdeselene.com\/wp-content\/uploads\/2024\/01\/Lumieres-de-Selene3.jpg?fit=500%2C500&ssl=1\",\"contentUrl\":\"https:\/\/i0.wp.com\/lumieresdeselene.com\/wp-content\/uploads\/2024\/01\/Lumieres-de-Selene3.jpg?fit=500%2C500&ssl=1\",\"width\":500,\"height\":500,\"caption\":\"Lumi\u00e8res de S\u00e9l\u00e9n\u00e9\"},\"image\":{\"@id\":\"https:\/\/lumieresdeselene.com\/#\/schema\/logo\/image\/\"},\"sameAs\":[\"https:\/\/www.facebook.com\/lumieresdeselene\/\",\"https:\/\/www.instagram.com\/lumieres.selene\/\"]}]}<\/script>\n<!-- \/ Yoast SEO plugin. -->","yoast_head_json":{"title":"Rubis semi poli AB - Produits en stock - Lumi\u00e8res de S\u00e9l\u00e9n\u00e9","description":"Cliquez ici pour d\u00e9couvrir Rubis semi poli AB . Produits en stock d\u00e9part le jour m\u00eame ou le lendemain - Lumi\u00e8res de S\u00e9l\u00e9n\u00e9","robots":{"index":"index","follow":"follow","max-snippet":"max-snippet:-1","max-image-preview":"max-image-preview:large","max-video-preview":"max-video-preview:-1"},"canonical":"https:\/\/lumieresdeselene.com\/index.php\/produit\/rubis-semi-poli-ab\/","og_locale":"fr_FR","og_type":"article","og_title":"Rubis semi poli AB - Produits en stock - Lumi\u00e8res de S\u00e9l\u00e9n\u00e9","og_description":"Cliquez ici pour d\u00e9couvrir Rubis semi poli AB . Produits en stock d\u00e9part le jour m\u00eame ou le lendemain - Lumi\u00e8res de S\u00e9l\u00e9n\u00e9","og_url":"https:\/\/lumieresdeselene.com\/index.php\/produit\/rubis-semi-poli-ab\/","og_site_name":"Lumi\u00e8res de S\u00e9l\u00e9n\u00e9","article_publisher":"https:\/\/www.facebook.com\/lumieresdeselene\/","article_modified_time":"2025-01-31T08:41:07+00:00","og_image":[{"width":2560,"height":1359,"url":"https:\/\/lumieresdeselene.com\/wp-content\/uploads\/2024\/12\/20241205_130553-scaled.jpg","type":"image\/jpeg"}],"twitter_card":"summary_large_image","twitter_misc":{"Dur\u00e9e de lecture estim\u00e9e":"2 minutes"},"schema":{"@context":"https:\/\/schema.org","@graph":[{"@type":"WebPage","@id":"https:\/\/lumieresdeselene.com\/index.php\/produit\/rubis-semi-poli-ab\/","url":"https:\/\/lumieresdeselene.com\/index.php\/produit\/rubis-semi-poli-ab\/","name":"Rubis semi poli AB - Produits en stock - Lumi\u00e8res de S\u00e9l\u00e9n\u00e9","isPartOf":{"@id":"https:\/\/lumieresdeselene.com\/#website"},"primaryImageOfPage":{"@id":"https:\/\/lumieresdeselene.com\/index.php\/produit\/rubis-semi-poli-ab\/#primaryimage"},"image":{"@id":"https:\/\/lumieresdeselene.com\/index.php\/produit\/rubis-semi-poli-ab\/#primaryimage"},"thumbnailUrl":"https:\/\/i0.wp.com\/lumieresdeselene.com\/wp-content\/uploads\/2024\/12\/20241205_130553-scaled.jpg?fit=2560%2C1359&ssl=1","datePublished":"2024-12-05T15:12:31+00:00","dateModified":"2025-01-31T08:41:07+00:00","description":"Cliquez ici pour d\u00e9couvrir Rubis semi poli AB . Produits en stock d\u00e9part le jour m\u00eame ou le lendemain - Lumi\u00e8res de S\u00e9l\u00e9n\u00e9","breadcrumb":{"@id":"https:\/\/lumieresdeselene.com\/index.php\/produit\/rubis-semi-poli-ab\/#breadcrumb"},"inLanguage":"fr-FR","potentialAction":[{"@type":"ReadAction","target":["https:\/\/lumieresdeselene.com\/index.php\/produit\/rubis-semi-poli-ab\/"]}]},{"@type":"ImageObject","inLanguage":"fr-FR","@id":"https:\/\/lumieresdeselene.com\/index.php\/produit\/rubis-semi-poli-ab\/#primaryimage","url":"https:\/\/i0.wp.com\/lumieresdeselene.com\/wp-content\/uploads\/2024\/12\/20241205_130553-scaled.jpg?fit=2560%2C1359&ssl=1","contentUrl":"https:\/\/i0.wp.com\/lumieresdeselene.com\/wp-content\/uploads\/2024\/12\/20241205_130553-scaled.jpg?fit=2560%2C1359&ssl=1","width":2560,"height":1359,"caption":"Rubis semi poli"},{"@type":"BreadcrumbList","@id":"https:\/\/lumieresdeselene.com\/index.php\/produit\/rubis-semi-poli-ab\/#breadcrumb","itemListElement":[{"@type":"ListItem","position":1,"name":"Accueil","item":"https:\/\/lumieresdeselene.com\/"},{"@type":"ListItem","position":2,"name":"Boutique","item":"https:\/\/lumieresdeselene.com\/index.php\/boutique\/"},{"@type":"ListItem","position":3,"name":"Rubis semi poli AB"}]},{"@type":"WebSite","@id":"https:\/\/lumieresdeselene.com\/#website","url":"https:\/\/lumieresdeselene.com\/","name":"Lumi\u00e8res de S\u00e9l\u00e9n\u00e9","description":"Lumi\u00e8res de S\u00e9l\u00e9n\u00e9","publisher":{"@id":"https:\/\/lumieresdeselene.com\/#organization"},"potentialAction":[{"@type":"SearchAction","target":{"@type":"EntryPoint","urlTemplate":"https:\/\/lumieresdeselene.com\/?s={search_term_string}"},"query-input":{"@type":"PropertyValueSpecification","valueRequired":true,"valueName":"search_term_string"}}],"inLanguage":"fr-FR"},{"@type":"Organization","@id":"https:\/\/lumieresdeselene.com\/#organization","name":"Lumi\u00e8res de S\u00e9l\u00e9n\u00e9","url":"https:\/\/lumieresdeselene.com\/","logo":{"@type":"ImageObject","inLanguage":"fr-FR","@id":"https:\/\/lumieresdeselene.com\/#\/schema\/logo\/image\/","url":"https:\/\/i0.wp.com\/lumieresdeselene.com\/wp-content\/uploads\/2024\/01\/Lumieres-de-Selene3.jpg?fit=500%2C500&ssl=1","contentUrl":"https:\/\/i0.wp.com\/lumieresdeselene.com\/wp-content\/uploads\/2024\/01\/Lumieres-de-Selene3.jpg?fit=500%2C500&ssl=1","width":500,"height":500,"caption":"Lumi\u00e8res de S\u00e9l\u00e9n\u00e9"},"image":{"@id":"https:\/\/lumieresdeselene.com\/#\/schema\/logo\/image\/"},"sameAs":["https:\/\/www.facebook.com\/lumieresdeselene\/","https:\/\/www.instagram.com\/lumieres.selene\/"]}]}},"jetpack_sharing_enabled":true,"_links":{"self":[{"href":"https:\/\/lumieresdeselene.com\/index.php\/wp-json\/wp\/v2\/product\/2342","targetHints":{"allow":["GET"]}}],"collection":[{"href":"https:\/\/lumieresdeselene.com\/index.php\/wp-json\/wp\/v2\/product"}],"about":[{"href":"https:\/\/lumieresdeselene.com\/index.php\/wp-json\/wp\/v2\/types\/product"}],"replies":[{"embeddable":true,"href":"https:\/\/lumieresdeselene.com\/index.php\/wp-json\/wp\/v2\/comments?post=2342"}],"wp:featuredmedia":[{"embeddable":true,"href":"https:\/\/lumieresdeselene.com\/index.php\/wp-json\/wp\/v2\/media\/2343"}],"wp:attachment":[{"href":"https:\/\/lumieresdeselene.com\/index.php\/wp-json\/wp\/v2\/media?parent=2342"}],"wp:term":[{"taxonomy":"product_brand","embeddable":true,"href":"https:\/\/lumieresdeselene.com\/index.php\/wp-json\/wp\/v2\/product_brand?post=2342"},{"taxonomy":"product_cat","embeddable":true,"href":"https:\/\/lumieresdeselene.com\/index.php\/wp-json\/wp\/v2\/product_cat?post=2342"},{"taxonomy":"product_tag","embeddable":true,"href":"https:\/\/lumieresdeselene.com\/index.php\/wp-json\/wp\/v2\/product_tag?post=2342"}],"curies":[{"name":"wp","href":"https:\/\/api.w.org\/{rel}","templated":true}]}}