{"id":2130,"date":"2024-10-15T16:26:56","date_gmt":"2024-10-15T14:26:56","guid":{"rendered":"https:\/\/lumieresdeselene.com\/?post_type=product&#038;p=2130"},"modified":"2025-01-31T09:41:15","modified_gmt":"2025-01-31T08:41:15","slug":"obsidienne-noire-a-tourmaline-oeil-de-chat-ab","status":"publish","type":"product","link":"https:\/\/lumieresdeselene.com\/index.php\/produit\/obsidienne-noire-a-tourmaline-oeil-de-chat-ab\/","title":{"rendered":"Obsidienne noire A &#8211; Tourmaline \u0152il de Chat AB"},"content":{"rendered":"<p><a href=\"https:\/\/lumieresdeselene.com\/index.php\/produit\/elephants-obsidienne-noire-a\/\"><strong><span style=\"font-family: Ephesis; font-size: 30px;\">Obsidienne noire :\u00a0<\/span><\/strong><\/a><\/p>\n<p><span style=\"font-family: Ephesis; font-size: 26px;\">L\u2019utilisation de la pierre\u00a0<a href=\"https:\/\/lumieresdeselene.com\/index.php\/produit\/obsidienne-oeil-celeste-ou-obsidienne-arc-en-ciel-a\/\">obsidienne<\/a>\u00a0par les hommes remonte \u00e0 la pr\u00e9histoire, au d\u00e9but du n\u00e9olithique.<\/span><\/p>\n<p><span style=\"font-family: Ephesis; font-size: 26px;\">Le regard myst\u00e9rieux du masque fun\u00e9raire de Toutankhamon s\u2019anime gr\u00e2ce \u00e0 des incrustations de pierre\u00a0<a href=\"https:\/\/lumieresdeselene.com\/index.php\/produit\/obsidienne-larme-dapache-ou-obsidienne-fumee-a\/\">obsidienne<\/a>.<\/span><\/p>\n<p><span style=\"font-family: Ephesis; font-size: 26px;\"><strong><u>Ses bienfaits sur le plan psychique<\/u><\/strong><\/span><\/p>\n<p><span style=\"font-family: Ephesis; font-size: 26px;\">La pierre obsidienne noire va vous ouvrir les yeux sur vos c\u00f4t\u00e9s les plus sombres en agissant comme une psych\u00e9 de l\u2019\u00e2me. Cette r\u00e9v\u00e9lation peut \u00eatre douloureuse voir choquante pour le non averti.<\/span><\/p>\n<p><span style=\"font-family: Ephesis; font-size: 26px;\">Pierre de protection puissante, repousse les \u00e9nergies n\u00e9gatives, prot\u00e8ge de la magie noire et du mauvais \u0153il.<\/span><\/p>\n<p><span style=\"font-family: Ephesis; font-size: 26px;\">Puissante pierre d\u2019ancrage, bannit les illusions et les fantasmes, favorise la concentration sur le moment pr\u00e9sent, lien solide avec la Terre M\u00e8re.<\/span><\/p>\n<p><span style=\"font-family: Ephesis; font-size: 26px;\"><strong><u>Ses bienfaits sur le plan physique<\/u><\/strong><\/span><\/p>\n<p><span style=\"font-family: Ephesis; font-size: 26px;\">Pierre noire qui agit sur la circulation sanguine et qui favorise une meilleure purification du sang.<\/span><\/p>\n<p><span style=\"font-family: Ephesis; font-size: 26px;\">Peut aider \u00e0 la digestion, r\u00e9sout certains probl\u00e8mes digestifs comme les crampes d\u2019estomac et les irritations intestinales.<\/span><\/p>\n<p><span style=\"font-family: Ephesis; font-size: 26px;\">Appliqu\u00e9e sur les articulations, apaise les douleurs li\u00e9es \u00e0 l\u2019arthrite, aux crampes, \u00e0 l\u2019arthrose et aux rhumatismes.<\/span><\/p>\n<p>&nbsp;<\/p>\n<p><a href=\"https:\/\/lumieresdeselene.com\/index.php\/produit\/tourmaline-oeil-de-chat-ab\/\"><strong><span style=\"font-family: Ephesis; font-size: 30px;\">Tourmaline \u0152il de Chat :\u00a0<\/span><\/strong><\/a><\/p>\n<p><span style=\"font-family: Ephesis; font-size: 26px;\">La tourmaline \u0153il de chat est une des vari\u00e9t\u00e9s les plus rares de tourmalines. Elle porte ce nom en raison du ph\u00e9nom\u00e8ne de r\u00e9flexion de la lumi\u00e8re qui rappelle l\u2019\u0153il fendu du chat. On appelle ce ph\u00e9nom\u00e8ne la chatoyance. Cette particularit\u00e9 optique est exceptionnellement rare et ne se retrouve que dans une poign\u00e9e de pierres fines. Elle est provoqu\u00e9e par la pr\u00e9sence de minuscules fibres parall\u00e8les ou des inclusions en forme d\u2019aiguilles dans la pierre. Expos\u00e9e \u00e0 la lumi\u00e8re, lorsque la pierre tourne, on distingue un reflet en forme d\u2019\u0153il de chat sur la surface de la tourmaline.\u00a0\u00a0<\/span><\/p>\n<p><span style=\"font-family: Ephesis; font-size: 26px;\"><strong>\u00a0<\/strong><strong><u>Ses bienfaits sur le plan psychique<\/u><\/strong><\/span><\/p>\n<p><span style=\"font-family: Ephesis; font-size: 26px;\">Bouclier protecteur sur tous les plans, \u00e9nergies n\u00e9gatives, esprits malfaisants, conflits, blocages ainsi que sur l\u2019\u00e9lectricit\u00e9 statique environnante et les ondes hertziennes nocives.<\/span><\/p>\n<p><span style=\"font-family: Ephesis; font-size: 26px;\">Purifie et \u00e9quilibre tous les chakras.<\/span><\/p>\n<p><span style=\"font-family: Ephesis; font-size: 26px;\">Pierre d\u2019ancrage pour se reconnecter \u00e0 la Terre.<\/span><\/p>\n<p><span style=\"font-family: Ephesis; font-size: 26px;\">Elimine stress, anxi\u00e9t\u00e9 et tristesse.<\/span><\/p>\n<p><span style=\"font-family: Ephesis; font-size: 26px;\"><strong>\u00a0<\/strong><\/span><span style=\"font-family: Ephesis; font-size: 26px;\"><strong><u>Ses bienfaits sur le plan physique<\/u><\/strong><\/span><\/p>\n<p><span style=\"font-family: Ephesis; font-size: 26px;\">Connue pour absorber les ondes \u00e9lectromagn\u00e9tiques.<\/span><\/p>\n<p><span style=\"font-family: Ephesis; font-size: 26px;\">Stimule la circulation sanguine, riche en fer elle lutte contre l\u2019an\u00e9mie.<\/span><\/p>\n<p><span style=\"font-family: Ephesis; font-size: 26px;\">Prot\u00e8ge l\u2019ensemble de l\u2019appareil digestif, favorise une bonne digestion.<\/span><\/p>\n<p><span style=\"font-family: Ephesis; font-size: 26px;\">D\u00e9veloppe la concentration, m\u00e9morisation et attention.<\/span><\/p>\n<p><span style=\"font-family: Ephesis; font-size: 26px;\">Procure de la vitalit\u00e9, recommand\u00e9e pour les sportifs.<\/span><\/p>\n<p><span style=\"font-family: Ephesis; font-size: 26px;\"><em><strong>La\u00a0<a href=\"https:\/\/lumieresdeselene.com\/index.php\/boutique\/\">lithoth\u00e9rapie<\/a>\u00a0peut \u00eatre utilis\u00e9e en compl\u00e9ment des soins qui vous sont apport\u00e9s, mais ne remplace en aucun cas un avis m\u00e9dical et\/ ou traitement.<\/strong><\/em><\/span><\/p>\n<p><span style=\"font-family: Ephesis; font-size: 26px;\"><em>D\u00e9conseill\u00e9 aux enfants de moins de 3 ans. Pr\u00e9sente un risque d\u2019\u00e9touffement.<\/em><\/span><\/p>\n","protected":false},"excerpt":{"rendered":"<p><span style=\"font-family: Ephesis; font-size: 26px;\">Bracelet cheville en boules 6mm.<\/span><\/p>\n<p><span style=\"font-family: Ephesis; font-size: 26px;\">Obsidienne noire A\u00a0 qualit\u00e9 (Bonne) provenance Mexique- Tourmaline \u0152il de Chat AB (Standard) provenance Afrique du Sud.<\/span><\/p>\n<p><span style=\"font-family: Ephesis; font-size: 26px;\">Diam\u00e8tre en cm : 24-29 cm, avec chainette r\u00e9glable couleur argent, acier inoxydable.<\/span><\/p>\n<p><span style=\"font-family: Ephesis; font-size: 26px;\">Breloques d\u00e9coratives.<\/span><\/p>\n","protected":false},"featured_media":2133,"comment_status":"closed","ping_status":"closed","template":"","meta":[],"product_brand":[],"product_cat":[576],"product_tag":[94,203,124,101,342,118,368],"class_list":{"0":"post-2130","1":"product","2":"type-product","3":"status-publish","4":"has-post-thumbnail","6":"product_cat-bracelets-cheville","7":"product_tag-ancrage","8":"product_tag-blocages","9":"product_tag-bouclier","10":"product_tag-circulation-sanguine","11":"product_tag-mauvais-oeil","12":"product_tag-protection","13":"product_tag-revelation","15":"first","16":"instock","17":"purchasable","18":"product-type-simple"},"yoast_head":"<!-- This site is optimized with the Yoast SEO plugin v27.1 - https:\/\/yoast.com\/product\/yoast-seo-wordpress\/ -->\n<title>Obsidienne noire A - Tourmaline \u0152il de Chat AB - Lumi\u00e8res de S\u00e9l\u00e9n\u00e9<\/title>\n<meta name=\"description\" content=\"Cliquez ici pour d\u00e9couvrir Obsidienne noire A - Tourmaline \u0152il de Chat AB . Produits en stock d\u00e9part le jour m\u00eame ou le lendemain - Lumi\u00e8res de S\u00e9l\u00e9n\u00e9\" \/>\n<meta name=\"robots\" content=\"index, follow, max-snippet:-1, max-image-preview:large, max-video-preview:-1\" \/>\n<link rel=\"canonical\" href=\"https:\/\/lumieresdeselene.com\/index.php\/produit\/obsidienne-noire-a-tourmaline-oeil-de-chat-ab\/\" \/>\n<meta property=\"og:locale\" content=\"fr_FR\" \/>\n<meta property=\"og:type\" content=\"article\" \/>\n<meta property=\"og:title\" content=\"Obsidienne noire A - Tourmaline \u0152il de Chat AB - Lumi\u00e8res de S\u00e9l\u00e9n\u00e9\" \/>\n<meta property=\"og:description\" content=\"Cliquez ici pour d\u00e9couvrir Obsidienne noire A - Tourmaline \u0152il de Chat AB . Produits en stock d\u00e9part le jour m\u00eame ou le lendemain - Lumi\u00e8res de S\u00e9l\u00e9n\u00e9\" \/>\n<meta property=\"og:url\" content=\"https:\/\/lumieresdeselene.com\/index.php\/produit\/obsidienne-noire-a-tourmaline-oeil-de-chat-ab\/\" \/>\n<meta property=\"og:site_name\" content=\"Lumi\u00e8res de S\u00e9l\u00e9n\u00e9\" \/>\n<meta property=\"article:publisher\" content=\"https:\/\/www.facebook.com\/lumieresdeselene\/\" \/>\n<meta property=\"article:modified_time\" content=\"2025-01-31T08:41:15+00:00\" \/>\n<meta property=\"og:image\" content=\"https:\/\/lumieresdeselene.com\/wp-content\/uploads\/2024\/10\/1728995254252-scaled.jpg\" \/>\n\t<meta property=\"og:image:width\" content=\"2085\" \/>\n\t<meta property=\"og:image:height\" content=\"2560\" \/>\n\t<meta property=\"og:image:type\" content=\"image\/jpeg\" \/>\n<meta name=\"twitter:card\" content=\"summary_large_image\" \/>\n<meta name=\"twitter:label1\" content=\"Dur\u00e9e de lecture estim\u00e9e\" \/>\n\t<meta name=\"twitter:data1\" content=\"3 minutes\" \/>\n<script type=\"application\/ld+json\" class=\"yoast-schema-graph\">{\"@context\":\"https:\/\/schema.org\",\"@graph\":[{\"@type\":\"WebPage\",\"@id\":\"https:\/\/lumieresdeselene.com\/index.php\/produit\/obsidienne-noire-a-tourmaline-oeil-de-chat-ab\/\",\"url\":\"https:\/\/lumieresdeselene.com\/index.php\/produit\/obsidienne-noire-a-tourmaline-oeil-de-chat-ab\/\",\"name\":\"Obsidienne noire A - Tourmaline \u0152il de Chat AB - Lumi\u00e8res de S\u00e9l\u00e9n\u00e9\",\"isPartOf\":{\"@id\":\"https:\/\/lumieresdeselene.com\/#website\"},\"primaryImageOfPage\":{\"@id\":\"https:\/\/lumieresdeselene.com\/index.php\/produit\/obsidienne-noire-a-tourmaline-oeil-de-chat-ab\/#primaryimage\"},\"image\":{\"@id\":\"https:\/\/lumieresdeselene.com\/index.php\/produit\/obsidienne-noire-a-tourmaline-oeil-de-chat-ab\/#primaryimage\"},\"thumbnailUrl\":\"https:\/\/i0.wp.com\/lumieresdeselene.com\/wp-content\/uploads\/2024\/10\/1728995254252-scaled.jpg?fit=2085%2C2560&ssl=1\",\"datePublished\":\"2024-10-15T14:26:56+00:00\",\"dateModified\":\"2025-01-31T08:41:15+00:00\",\"description\":\"Cliquez ici pour d\u00e9couvrir Obsidienne noire A - Tourmaline \u0152il de Chat AB . Produits en stock d\u00e9part le jour m\u00eame ou le lendemain - Lumi\u00e8res de S\u00e9l\u00e9n\u00e9\",\"breadcrumb\":{\"@id\":\"https:\/\/lumieresdeselene.com\/index.php\/produit\/obsidienne-noire-a-tourmaline-oeil-de-chat-ab\/#breadcrumb\"},\"inLanguage\":\"fr-FR\",\"potentialAction\":[{\"@type\":\"ReadAction\",\"target\":[\"https:\/\/lumieresdeselene.com\/index.php\/produit\/obsidienne-noire-a-tourmaline-oeil-de-chat-ab\/\"]}]},{\"@type\":\"ImageObject\",\"inLanguage\":\"fr-FR\",\"@id\":\"https:\/\/lumieresdeselene.com\/index.php\/produit\/obsidienne-noire-a-tourmaline-oeil-de-chat-ab\/#primaryimage\",\"url\":\"https:\/\/i0.wp.com\/lumieresdeselene.com\/wp-content\/uploads\/2024\/10\/1728995254252-scaled.jpg?fit=2085%2C2560&ssl=1\",\"contentUrl\":\"https:\/\/i0.wp.com\/lumieresdeselene.com\/wp-content\/uploads\/2024\/10\/1728995254252-scaled.jpg?fit=2085%2C2560&ssl=1\",\"width\":2085,\"height\":2560,\"caption\":\"Obsidienne noire A - Tourmaline \u0152il de Chat AB\"},{\"@type\":\"BreadcrumbList\",\"@id\":\"https:\/\/lumieresdeselene.com\/index.php\/produit\/obsidienne-noire-a-tourmaline-oeil-de-chat-ab\/#breadcrumb\",\"itemListElement\":[{\"@type\":\"ListItem\",\"position\":1,\"name\":\"Accueil\",\"item\":\"https:\/\/lumieresdeselene.com\/\"},{\"@type\":\"ListItem\",\"position\":2,\"name\":\"Boutique\",\"item\":\"https:\/\/lumieresdeselene.com\/index.php\/boutique\/\"},{\"@type\":\"ListItem\",\"position\":3,\"name\":\"Obsidienne noire A &#8211; Tourmaline \u0152il de Chat AB\"}]},{\"@type\":\"WebSite\",\"@id\":\"https:\/\/lumieresdeselene.com\/#website\",\"url\":\"https:\/\/lumieresdeselene.com\/\",\"name\":\"Lumi\u00e8res de S\u00e9l\u00e9n\u00e9\",\"description\":\"Lumi\u00e8res de S\u00e9l\u00e9n\u00e9\",\"publisher\":{\"@id\":\"https:\/\/lumieresdeselene.com\/#organization\"},\"potentialAction\":[{\"@type\":\"SearchAction\",\"target\":{\"@type\":\"EntryPoint\",\"urlTemplate\":\"https:\/\/lumieresdeselene.com\/?s={search_term_string}\"},\"query-input\":{\"@type\":\"PropertyValueSpecification\",\"valueRequired\":true,\"valueName\":\"search_term_string\"}}],\"inLanguage\":\"fr-FR\"},{\"@type\":\"Organization\",\"@id\":\"https:\/\/lumieresdeselene.com\/#organization\",\"name\":\"Lumi\u00e8res de S\u00e9l\u00e9n\u00e9\",\"url\":\"https:\/\/lumieresdeselene.com\/\",\"logo\":{\"@type\":\"ImageObject\",\"inLanguage\":\"fr-FR\",\"@id\":\"https:\/\/lumieresdeselene.com\/#\/schema\/logo\/image\/\",\"url\":\"https:\/\/i0.wp.com\/lumieresdeselene.com\/wp-content\/uploads\/2024\/01\/Lumieres-de-Selene3.jpg?fit=500%2C500&ssl=1\",\"contentUrl\":\"https:\/\/i0.wp.com\/lumieresdeselene.com\/wp-content\/uploads\/2024\/01\/Lumieres-de-Selene3.jpg?fit=500%2C500&ssl=1\",\"width\":500,\"height\":500,\"caption\":\"Lumi\u00e8res de S\u00e9l\u00e9n\u00e9\"},\"image\":{\"@id\":\"https:\/\/lumieresdeselene.com\/#\/schema\/logo\/image\/\"},\"sameAs\":[\"https:\/\/www.facebook.com\/lumieresdeselene\/\",\"https:\/\/www.instagram.com\/lumieres.selene\/\"]}]}<\/script>\n<!-- \/ Yoast SEO plugin. -->","yoast_head_json":{"title":"Obsidienne noire A - Tourmaline \u0152il de Chat AB - Lumi\u00e8res de S\u00e9l\u00e9n\u00e9","description":"Cliquez ici pour d\u00e9couvrir Obsidienne noire A - Tourmaline \u0152il de Chat AB . Produits en stock d\u00e9part le jour m\u00eame ou le lendemain - Lumi\u00e8res de S\u00e9l\u00e9n\u00e9","robots":{"index":"index","follow":"follow","max-snippet":"max-snippet:-1","max-image-preview":"max-image-preview:large","max-video-preview":"max-video-preview:-1"},"canonical":"https:\/\/lumieresdeselene.com\/index.php\/produit\/obsidienne-noire-a-tourmaline-oeil-de-chat-ab\/","og_locale":"fr_FR","og_type":"article","og_title":"Obsidienne noire A - Tourmaline \u0152il de Chat AB - Lumi\u00e8res de S\u00e9l\u00e9n\u00e9","og_description":"Cliquez ici pour d\u00e9couvrir Obsidienne noire A - Tourmaline \u0152il de Chat AB . Produits en stock d\u00e9part le jour m\u00eame ou le lendemain - Lumi\u00e8res de S\u00e9l\u00e9n\u00e9","og_url":"https:\/\/lumieresdeselene.com\/index.php\/produit\/obsidienne-noire-a-tourmaline-oeil-de-chat-ab\/","og_site_name":"Lumi\u00e8res de S\u00e9l\u00e9n\u00e9","article_publisher":"https:\/\/www.facebook.com\/lumieresdeselene\/","article_modified_time":"2025-01-31T08:41:15+00:00","og_image":[{"width":2085,"height":2560,"url":"https:\/\/lumieresdeselene.com\/wp-content\/uploads\/2024\/10\/1728995254252-scaled.jpg","type":"image\/jpeg"}],"twitter_card":"summary_large_image","twitter_misc":{"Dur\u00e9e de lecture estim\u00e9e":"3 minutes"},"schema":{"@context":"https:\/\/schema.org","@graph":[{"@type":"WebPage","@id":"https:\/\/lumieresdeselene.com\/index.php\/produit\/obsidienne-noire-a-tourmaline-oeil-de-chat-ab\/","url":"https:\/\/lumieresdeselene.com\/index.php\/produit\/obsidienne-noire-a-tourmaline-oeil-de-chat-ab\/","name":"Obsidienne noire A - Tourmaline \u0152il de Chat AB - Lumi\u00e8res de S\u00e9l\u00e9n\u00e9","isPartOf":{"@id":"https:\/\/lumieresdeselene.com\/#website"},"primaryImageOfPage":{"@id":"https:\/\/lumieresdeselene.com\/index.php\/produit\/obsidienne-noire-a-tourmaline-oeil-de-chat-ab\/#primaryimage"},"image":{"@id":"https:\/\/lumieresdeselene.com\/index.php\/produit\/obsidienne-noire-a-tourmaline-oeil-de-chat-ab\/#primaryimage"},"thumbnailUrl":"https:\/\/i0.wp.com\/lumieresdeselene.com\/wp-content\/uploads\/2024\/10\/1728995254252-scaled.jpg?fit=2085%2C2560&ssl=1","datePublished":"2024-10-15T14:26:56+00:00","dateModified":"2025-01-31T08:41:15+00:00","description":"Cliquez ici pour d\u00e9couvrir Obsidienne noire A - Tourmaline \u0152il de Chat AB . Produits en stock d\u00e9part le jour m\u00eame ou le lendemain - Lumi\u00e8res de S\u00e9l\u00e9n\u00e9","breadcrumb":{"@id":"https:\/\/lumieresdeselene.com\/index.php\/produit\/obsidienne-noire-a-tourmaline-oeil-de-chat-ab\/#breadcrumb"},"inLanguage":"fr-FR","potentialAction":[{"@type":"ReadAction","target":["https:\/\/lumieresdeselene.com\/index.php\/produit\/obsidienne-noire-a-tourmaline-oeil-de-chat-ab\/"]}]},{"@type":"ImageObject","inLanguage":"fr-FR","@id":"https:\/\/lumieresdeselene.com\/index.php\/produit\/obsidienne-noire-a-tourmaline-oeil-de-chat-ab\/#primaryimage","url":"https:\/\/i0.wp.com\/lumieresdeselene.com\/wp-content\/uploads\/2024\/10\/1728995254252-scaled.jpg?fit=2085%2C2560&ssl=1","contentUrl":"https:\/\/i0.wp.com\/lumieresdeselene.com\/wp-content\/uploads\/2024\/10\/1728995254252-scaled.jpg?fit=2085%2C2560&ssl=1","width":2085,"height":2560,"caption":"Obsidienne noire A - Tourmaline \u0152il de Chat AB"},{"@type":"BreadcrumbList","@id":"https:\/\/lumieresdeselene.com\/index.php\/produit\/obsidienne-noire-a-tourmaline-oeil-de-chat-ab\/#breadcrumb","itemListElement":[{"@type":"ListItem","position":1,"name":"Accueil","item":"https:\/\/lumieresdeselene.com\/"},{"@type":"ListItem","position":2,"name":"Boutique","item":"https:\/\/lumieresdeselene.com\/index.php\/boutique\/"},{"@type":"ListItem","position":3,"name":"Obsidienne noire A &#8211; Tourmaline \u0152il de Chat AB"}]},{"@type":"WebSite","@id":"https:\/\/lumieresdeselene.com\/#website","url":"https:\/\/lumieresdeselene.com\/","name":"Lumi\u00e8res de S\u00e9l\u00e9n\u00e9","description":"Lumi\u00e8res de S\u00e9l\u00e9n\u00e9","publisher":{"@id":"https:\/\/lumieresdeselene.com\/#organization"},"potentialAction":[{"@type":"SearchAction","target":{"@type":"EntryPoint","urlTemplate":"https:\/\/lumieresdeselene.com\/?s={search_term_string}"},"query-input":{"@type":"PropertyValueSpecification","valueRequired":true,"valueName":"search_term_string"}}],"inLanguage":"fr-FR"},{"@type":"Organization","@id":"https:\/\/lumieresdeselene.com\/#organization","name":"Lumi\u00e8res de S\u00e9l\u00e9n\u00e9","url":"https:\/\/lumieresdeselene.com\/","logo":{"@type":"ImageObject","inLanguage":"fr-FR","@id":"https:\/\/lumieresdeselene.com\/#\/schema\/logo\/image\/","url":"https:\/\/i0.wp.com\/lumieresdeselene.com\/wp-content\/uploads\/2024\/01\/Lumieres-de-Selene3.jpg?fit=500%2C500&ssl=1","contentUrl":"https:\/\/i0.wp.com\/lumieresdeselene.com\/wp-content\/uploads\/2024\/01\/Lumieres-de-Selene3.jpg?fit=500%2C500&ssl=1","width":500,"height":500,"caption":"Lumi\u00e8res de S\u00e9l\u00e9n\u00e9"},"image":{"@id":"https:\/\/lumieresdeselene.com\/#\/schema\/logo\/image\/"},"sameAs":["https:\/\/www.facebook.com\/lumieresdeselene\/","https:\/\/www.instagram.com\/lumieres.selene\/"]}]}},"jetpack_sharing_enabled":true,"_links":{"self":[{"href":"https:\/\/lumieresdeselene.com\/index.php\/wp-json\/wp\/v2\/product\/2130","targetHints":{"allow":["GET"]}}],"collection":[{"href":"https:\/\/lumieresdeselene.com\/index.php\/wp-json\/wp\/v2\/product"}],"about":[{"href":"https:\/\/lumieresdeselene.com\/index.php\/wp-json\/wp\/v2\/types\/product"}],"replies":[{"embeddable":true,"href":"https:\/\/lumieresdeselene.com\/index.php\/wp-json\/wp\/v2\/comments?post=2130"}],"wp:featuredmedia":[{"embeddable":true,"href":"https:\/\/lumieresdeselene.com\/index.php\/wp-json\/wp\/v2\/media\/2133"}],"wp:attachment":[{"href":"https:\/\/lumieresdeselene.com\/index.php\/wp-json\/wp\/v2\/media?parent=2130"}],"wp:term":[{"taxonomy":"product_brand","embeddable":true,"href":"https:\/\/lumieresdeselene.com\/index.php\/wp-json\/wp\/v2\/product_brand?post=2130"},{"taxonomy":"product_cat","embeddable":true,"href":"https:\/\/lumieresdeselene.com\/index.php\/wp-json\/wp\/v2\/product_cat?post=2130"},{"taxonomy":"product_tag","embeddable":true,"href":"https:\/\/lumieresdeselene.com\/index.php\/wp-json\/wp\/v2\/product_tag?post=2130"}],"curies":[{"name":"wp","href":"https:\/\/api.w.org\/{rel}","templated":true}]}}