{"id":1997,"date":"2024-09-09T11:05:00","date_gmt":"2024-09-09T09:05:00","guid":{"rendered":"https:\/\/lumieresdeselene.com\/?post_type=product&#038;p=1997"},"modified":"2025-04-05T11:49:29","modified_gmt":"2025-04-05T09:49:29","slug":"galet-coeur-opale-bleue-a","status":"publish","type":"product","link":"https:\/\/lumieresdeselene.com\/index.php\/produit\/galet-coeur-opale-bleue-a\/","title":{"rendered":"Galet C\u0153ur Opale Bleue A+"},"content":{"rendered":"<p><span style=\"font-family: Ephesis; font-size: 26px;\"><a href=\"https:\/\/lumieresdeselene.com\/index.php\/produit\/opale-verte-qualite-aa\/\">Opale<\/a> vient du nom \u201copalus\u201d en latin ou \u201copallios\u201d en grec. La source originale viendrait du mot sanskrit \u201cupala\u201d, qui se traduit par pierre pr\u00e9cieuse.\u00a0<\/span><\/p>\n<p><span style=\"font-family: Ephesis; font-size: 26px;\">Dans la mythologie grecque, on raconte que le roi des Dieux, Zeus, suite \u00e0 un combat acharn\u00e9 avec les Titans, remporta la victoire et il en versa des larmes de joie. Les larmes au contact du sol se sont transform\u00e9es en pierre <a href=\"https:\/\/lumieresdeselene.com\/index.php\/produit\/opale-rose-a\/\">opale<\/a> bleue. Par la suite, les Grecs ont attribu\u00e9 des pouvoirs de clairvoyance et de proph\u00e9tie au porteur de la pierre.\u202f\u00a0<\/span><\/p>\n<p><span style=\"font-family: Ephesis; font-size: 26px;\"><strong>Ses bienfaits sur le plan psychique<\/strong>\u202f\u00a0<\/span><\/p>\n<p><span style=\"font-family: Ephesis; font-size: 26px;\">Ouverture d\u2019esprit. Am\u00e9liore la compr\u00e9hension des autres. D\u00e9veloppe les sentiments de compassion et d\u2019empathie.\u202f\u00a0<\/span><\/p>\n<p><span style=\"font-family: Ephesis; font-size: 26px;\">Supprime les obstacles inconscients dus aux croyances et aux peurs enfouies. Soulage des traumatismes psychologiques. Lib\u00e8re de l\u2019anxi\u00e9t\u00e9 et des angoisses.<\/span><\/p>\n<p><span style=\"font-family: Ephesis; font-size: 26px;\">C\u2019est une pierre excellente pour le l\u00e2cher prise. Elle incite \u00e0 vivre l\u2019instant pr\u00e9sent en toute confiance. Redonne de l\u2019assurance et procure la paix. Parfaite pour les personnes qui n\u2019ont pas conscience de leur potentiel.\u202f\u00a0<\/span><\/p>\n<p><span style=\"font-family: Ephesis; font-size: 26px;\">L\u2019opale bleue est id\u00e9ale pour les \u00e9tudiants, car elle stimule la r\u00e9flexion, aiguise l\u2019intuition et facilite la m\u00e9morisation. Par ailleurs, l\u2019opale bleue favorise un sommeil de qualit\u00e9, r\u00e9cup\u00e9rateur.\u202f\u202f\u00a0<\/span><\/p>\n<p><span style=\"font-family: Ephesis; font-size: 26px;\">Meilleure communication. Elle calme le discours et le message est plus clair. Apporte de la diplomatie et r\u00e9tablit les \u00e9changes constructifs.\u00a0<\/span><\/p>\n<p><span style=\"font-family: Ephesis; font-size: 26px;\"><strong>Ses bienfaits sur le plan physique<\/strong>\u00a0<\/span><\/p>\n<p><span style=\"font-family: Ephesis; font-size: 26px;\">L\u2019eau contenue dans l\u2019opale bleue dissout les blocages \u00e9motionnels et r\u00e9tablit une bonne circulation des \u00e9nergies. <\/span><\/p>\n<p><span style=\"font-family: Ephesis; font-size: 26px;\">Le porteur de cette pierre ressent de la vitalit\u00e9 et du dynamisme. Il se sent plus en forme.\u202f\u00a0<\/span><\/p>\n<p><span style=\"font-family: Ephesis; font-size: 26px;\">Favorise le bon fonctionnement du chakra du plexus solaire.\u00a0<\/span><\/p>\n<p><span style=\"font-family: Ephesis; font-size: 26px;\">Conseill\u00e9 pendant l\u2019accouchement.\u00a0<\/span><\/p>\n<p>&nbsp;<\/p>\n<p><span style=\"font-family: Ephesis; font-size: 26px;\">PS : De par sa teneur en eau, l\u2019opale supporte mal les grandes variations de temp\u00e9rature qui peuvent l\u2019endommager. Il convient donc de la pr\u00e9server des fortes chaleurs et du gel, ainsi que de la s\u00e8cheresse.<\/span><\/p>\n<p>&nbsp;<\/p>\n<p><span style=\"font-family: Ephesis; font-size: 26px;\"><em><strong>La lithoth\u00e9rapie peut \u00eatre utilis\u00e9e en compl\u00e9ment des soins qui vous sont apport\u00e9s, mais ne remplace en aucun cas un avis m\u00e9dical et\/ ou traitement.<\/strong><\/em><\/span><\/p>\n<p><span style=\"font-family: Ephesis; font-size: 26px;\"><em>D\u00e9conseill\u00e9 aux enfants de moins de 3 ans. Pr\u00e9sente un risque d\u2019\u00e9touffement.<\/em><\/span><\/p>\n","protected":false},"excerpt":{"rendered":"<p><span style=\"font-family: Ephesis; font-size: 26px;\">Galet C\u0153ur Opale Bleue qualit\u00e9 A+ (Elev\u00e9e), provenance Madagascar.<\/span><\/p>\n<p><span style=\"font-family: Ephesis; font-size: 26px;\">Dimensions : 25 \u00e0 35 mm.<\/span><\/p>\n<p><span style=\"font-family: Ephesis; font-size: 26px;\">Vendu \u00e0 l&rsquo;unit\u00e9.<\/span><\/p>\n","protected":false},"featured_media":1998,"comment_status":"closed","ping_status":"closed","template":"","meta":[],"product_brand":[],"product_cat":[584],"product_tag":[586,90,585,96,159],"class_list":{"0":"post-1997","1":"product","2":"type-product","3":"status-publish","4":"has-post-thumbnail","6":"product_cat-galets","7":"product_tag-angoisses","8":"product_tag-anxiete","9":"product_tag-circulation-energies","10":"product_tag-lacher-prise","11":"product_tag-sommeil","13":"first","14":"instock","15":"purchasable","16":"product-type-simple"},"yoast_head":"<!-- This site is optimized with the Yoast SEO plugin v27.1 - https:\/\/yoast.com\/product\/yoast-seo-wordpress\/ -->\n<title>Galet C\u0153ur Opale Bleue A+ - Produits en stock - Lumi\u00e8res de S\u00e9l\u00e9n\u00e9<\/title>\n<meta name=\"description\" content=\"Cliquez ici pour d\u00e9couvrir Galet C\u0153ur Opale Bleue A+ . Produits en stock d\u00e9part le jour m\u00eame ou le lendemain - Lumi\u00e8res de S\u00e9l\u00e9n\u00e9\" \/>\n<meta name=\"robots\" content=\"index, follow, max-snippet:-1, max-image-preview:large, max-video-preview:-1\" \/>\n<link rel=\"canonical\" href=\"https:\/\/lumieresdeselene.com\/index.php\/produit\/galet-coeur-opale-bleue-a\/\" \/>\n<meta property=\"og:locale\" content=\"fr_FR\" \/>\n<meta property=\"og:type\" content=\"article\" \/>\n<meta property=\"og:title\" content=\"Galet C\u0153ur Opale Bleue A+ - Produits en stock - Lumi\u00e8res de S\u00e9l\u00e9n\u00e9\" \/>\n<meta property=\"og:description\" content=\"Cliquez ici pour d\u00e9couvrir Galet C\u0153ur Opale Bleue A+ . Produits en stock d\u00e9part le jour m\u00eame ou le lendemain - Lumi\u00e8res de S\u00e9l\u00e9n\u00e9\" \/>\n<meta property=\"og:url\" content=\"https:\/\/lumieresdeselene.com\/index.php\/produit\/galet-coeur-opale-bleue-a\/\" \/>\n<meta property=\"og:site_name\" content=\"Lumi\u00e8res de S\u00e9l\u00e9n\u00e9\" \/>\n<meta property=\"article:publisher\" content=\"https:\/\/www.facebook.com\/lumieresdeselene\/\" \/>\n<meta property=\"article:modified_time\" content=\"2025-04-05T09:49:29+00:00\" \/>\n<meta property=\"og:image\" content=\"https:\/\/lumieresdeselene.com\/wp-content\/uploads\/2024\/09\/20240906_144329-scaled.jpg\" \/>\n\t<meta property=\"og:image:width\" content=\"2560\" \/>\n\t<meta property=\"og:image:height\" content=\"2341\" \/>\n\t<meta property=\"og:image:type\" content=\"image\/jpeg\" \/>\n<meta name=\"twitter:card\" content=\"summary_large_image\" \/>\n<meta name=\"twitter:label1\" content=\"Dur\u00e9e de lecture estim\u00e9e\" \/>\n\t<meta name=\"twitter:data1\" content=\"2 minutes\" \/>\n<script type=\"application\/ld+json\" class=\"yoast-schema-graph\">{\"@context\":\"https:\/\/schema.org\",\"@graph\":[{\"@type\":\"WebPage\",\"@id\":\"https:\/\/lumieresdeselene.com\/index.php\/produit\/galet-coeur-opale-bleue-a\/\",\"url\":\"https:\/\/lumieresdeselene.com\/index.php\/produit\/galet-coeur-opale-bleue-a\/\",\"name\":\"Galet C\u0153ur Opale Bleue A+ - Produits en stock - Lumi\u00e8res de S\u00e9l\u00e9n\u00e9\",\"isPartOf\":{\"@id\":\"https:\/\/lumieresdeselene.com\/#website\"},\"primaryImageOfPage\":{\"@id\":\"https:\/\/lumieresdeselene.com\/index.php\/produit\/galet-coeur-opale-bleue-a\/#primaryimage\"},\"image\":{\"@id\":\"https:\/\/lumieresdeselene.com\/index.php\/produit\/galet-coeur-opale-bleue-a\/#primaryimage\"},\"thumbnailUrl\":\"https:\/\/i0.wp.com\/lumieresdeselene.com\/wp-content\/uploads\/2024\/09\/20240906_144329-scaled.jpg?fit=2560%2C2341&ssl=1\",\"datePublished\":\"2024-09-09T09:05:00+00:00\",\"dateModified\":\"2025-04-05T09:49:29+00:00\",\"description\":\"Cliquez ici pour d\u00e9couvrir Galet C\u0153ur Opale Bleue A+ . Produits en stock d\u00e9part le jour m\u00eame ou le lendemain - Lumi\u00e8res de S\u00e9l\u00e9n\u00e9\",\"breadcrumb\":{\"@id\":\"https:\/\/lumieresdeselene.com\/index.php\/produit\/galet-coeur-opale-bleue-a\/#breadcrumb\"},\"inLanguage\":\"fr-FR\",\"potentialAction\":[{\"@type\":\"ReadAction\",\"target\":[\"https:\/\/lumieresdeselene.com\/index.php\/produit\/galet-coeur-opale-bleue-a\/\"]}]},{\"@type\":\"ImageObject\",\"inLanguage\":\"fr-FR\",\"@id\":\"https:\/\/lumieresdeselene.com\/index.php\/produit\/galet-coeur-opale-bleue-a\/#primaryimage\",\"url\":\"https:\/\/i0.wp.com\/lumieresdeselene.com\/wp-content\/uploads\/2024\/09\/20240906_144329-scaled.jpg?fit=2560%2C2341&ssl=1\",\"contentUrl\":\"https:\/\/i0.wp.com\/lumieresdeselene.com\/wp-content\/uploads\/2024\/09\/20240906_144329-scaled.jpg?fit=2560%2C2341&ssl=1\",\"width\":2560,\"height\":2341,\"caption\":\"Galet C\u0153ur Opale bleue A+\"},{\"@type\":\"BreadcrumbList\",\"@id\":\"https:\/\/lumieresdeselene.com\/index.php\/produit\/galet-coeur-opale-bleue-a\/#breadcrumb\",\"itemListElement\":[{\"@type\":\"ListItem\",\"position\":1,\"name\":\"Accueil\",\"item\":\"https:\/\/lumieresdeselene.com\/\"},{\"@type\":\"ListItem\",\"position\":2,\"name\":\"Boutique\",\"item\":\"https:\/\/lumieresdeselene.com\/index.php\/boutique\/\"},{\"@type\":\"ListItem\",\"position\":3,\"name\":\"Galet C\u0153ur Opale Bleue A+\"}]},{\"@type\":\"WebSite\",\"@id\":\"https:\/\/lumieresdeselene.com\/#website\",\"url\":\"https:\/\/lumieresdeselene.com\/\",\"name\":\"Lumi\u00e8res de S\u00e9l\u00e9n\u00e9\",\"description\":\"Lumi\u00e8res de S\u00e9l\u00e9n\u00e9\",\"publisher\":{\"@id\":\"https:\/\/lumieresdeselene.com\/#organization\"},\"potentialAction\":[{\"@type\":\"SearchAction\",\"target\":{\"@type\":\"EntryPoint\",\"urlTemplate\":\"https:\/\/lumieresdeselene.com\/?s={search_term_string}\"},\"query-input\":{\"@type\":\"PropertyValueSpecification\",\"valueRequired\":true,\"valueName\":\"search_term_string\"}}],\"inLanguage\":\"fr-FR\"},{\"@type\":\"Organization\",\"@id\":\"https:\/\/lumieresdeselene.com\/#organization\",\"name\":\"Lumi\u00e8res de S\u00e9l\u00e9n\u00e9\",\"url\":\"https:\/\/lumieresdeselene.com\/\",\"logo\":{\"@type\":\"ImageObject\",\"inLanguage\":\"fr-FR\",\"@id\":\"https:\/\/lumieresdeselene.com\/#\/schema\/logo\/image\/\",\"url\":\"https:\/\/i0.wp.com\/lumieresdeselene.com\/wp-content\/uploads\/2024\/01\/Lumieres-de-Selene3.jpg?fit=500%2C500&ssl=1\",\"contentUrl\":\"https:\/\/i0.wp.com\/lumieresdeselene.com\/wp-content\/uploads\/2024\/01\/Lumieres-de-Selene3.jpg?fit=500%2C500&ssl=1\",\"width\":500,\"height\":500,\"caption\":\"Lumi\u00e8res de S\u00e9l\u00e9n\u00e9\"},\"image\":{\"@id\":\"https:\/\/lumieresdeselene.com\/#\/schema\/logo\/image\/\"},\"sameAs\":[\"https:\/\/www.facebook.com\/lumieresdeselene\/\",\"https:\/\/www.instagram.com\/lumieres.selene\/\"]}]}<\/script>\n<!-- \/ Yoast SEO plugin. -->","yoast_head_json":{"title":"Galet C\u0153ur Opale Bleue A+ - Produits en stock - Lumi\u00e8res de S\u00e9l\u00e9n\u00e9","description":"Cliquez ici pour d\u00e9couvrir Galet C\u0153ur Opale Bleue A+ . Produits en stock d\u00e9part le jour m\u00eame ou le lendemain - Lumi\u00e8res de S\u00e9l\u00e9n\u00e9","robots":{"index":"index","follow":"follow","max-snippet":"max-snippet:-1","max-image-preview":"max-image-preview:large","max-video-preview":"max-video-preview:-1"},"canonical":"https:\/\/lumieresdeselene.com\/index.php\/produit\/galet-coeur-opale-bleue-a\/","og_locale":"fr_FR","og_type":"article","og_title":"Galet C\u0153ur Opale Bleue A+ - Produits en stock - Lumi\u00e8res de S\u00e9l\u00e9n\u00e9","og_description":"Cliquez ici pour d\u00e9couvrir Galet C\u0153ur Opale Bleue A+ . Produits en stock d\u00e9part le jour m\u00eame ou le lendemain - Lumi\u00e8res de S\u00e9l\u00e9n\u00e9","og_url":"https:\/\/lumieresdeselene.com\/index.php\/produit\/galet-coeur-opale-bleue-a\/","og_site_name":"Lumi\u00e8res de S\u00e9l\u00e9n\u00e9","article_publisher":"https:\/\/www.facebook.com\/lumieresdeselene\/","article_modified_time":"2025-04-05T09:49:29+00:00","og_image":[{"width":2560,"height":2341,"url":"https:\/\/lumieresdeselene.com\/wp-content\/uploads\/2024\/09\/20240906_144329-scaled.jpg","type":"image\/jpeg"}],"twitter_card":"summary_large_image","twitter_misc":{"Dur\u00e9e de lecture estim\u00e9e":"2 minutes"},"schema":{"@context":"https:\/\/schema.org","@graph":[{"@type":"WebPage","@id":"https:\/\/lumieresdeselene.com\/index.php\/produit\/galet-coeur-opale-bleue-a\/","url":"https:\/\/lumieresdeselene.com\/index.php\/produit\/galet-coeur-opale-bleue-a\/","name":"Galet C\u0153ur Opale Bleue A+ - Produits en stock - Lumi\u00e8res de S\u00e9l\u00e9n\u00e9","isPartOf":{"@id":"https:\/\/lumieresdeselene.com\/#website"},"primaryImageOfPage":{"@id":"https:\/\/lumieresdeselene.com\/index.php\/produit\/galet-coeur-opale-bleue-a\/#primaryimage"},"image":{"@id":"https:\/\/lumieresdeselene.com\/index.php\/produit\/galet-coeur-opale-bleue-a\/#primaryimage"},"thumbnailUrl":"https:\/\/i0.wp.com\/lumieresdeselene.com\/wp-content\/uploads\/2024\/09\/20240906_144329-scaled.jpg?fit=2560%2C2341&ssl=1","datePublished":"2024-09-09T09:05:00+00:00","dateModified":"2025-04-05T09:49:29+00:00","description":"Cliquez ici pour d\u00e9couvrir Galet C\u0153ur Opale Bleue A+ . Produits en stock d\u00e9part le jour m\u00eame ou le lendemain - Lumi\u00e8res de S\u00e9l\u00e9n\u00e9","breadcrumb":{"@id":"https:\/\/lumieresdeselene.com\/index.php\/produit\/galet-coeur-opale-bleue-a\/#breadcrumb"},"inLanguage":"fr-FR","potentialAction":[{"@type":"ReadAction","target":["https:\/\/lumieresdeselene.com\/index.php\/produit\/galet-coeur-opale-bleue-a\/"]}]},{"@type":"ImageObject","inLanguage":"fr-FR","@id":"https:\/\/lumieresdeselene.com\/index.php\/produit\/galet-coeur-opale-bleue-a\/#primaryimage","url":"https:\/\/i0.wp.com\/lumieresdeselene.com\/wp-content\/uploads\/2024\/09\/20240906_144329-scaled.jpg?fit=2560%2C2341&ssl=1","contentUrl":"https:\/\/i0.wp.com\/lumieresdeselene.com\/wp-content\/uploads\/2024\/09\/20240906_144329-scaled.jpg?fit=2560%2C2341&ssl=1","width":2560,"height":2341,"caption":"Galet C\u0153ur Opale bleue A+"},{"@type":"BreadcrumbList","@id":"https:\/\/lumieresdeselene.com\/index.php\/produit\/galet-coeur-opale-bleue-a\/#breadcrumb","itemListElement":[{"@type":"ListItem","position":1,"name":"Accueil","item":"https:\/\/lumieresdeselene.com\/"},{"@type":"ListItem","position":2,"name":"Boutique","item":"https:\/\/lumieresdeselene.com\/index.php\/boutique\/"},{"@type":"ListItem","position":3,"name":"Galet C\u0153ur Opale Bleue A+"}]},{"@type":"WebSite","@id":"https:\/\/lumieresdeselene.com\/#website","url":"https:\/\/lumieresdeselene.com\/","name":"Lumi\u00e8res de S\u00e9l\u00e9n\u00e9","description":"Lumi\u00e8res de S\u00e9l\u00e9n\u00e9","publisher":{"@id":"https:\/\/lumieresdeselene.com\/#organization"},"potentialAction":[{"@type":"SearchAction","target":{"@type":"EntryPoint","urlTemplate":"https:\/\/lumieresdeselene.com\/?s={search_term_string}"},"query-input":{"@type":"PropertyValueSpecification","valueRequired":true,"valueName":"search_term_string"}}],"inLanguage":"fr-FR"},{"@type":"Organization","@id":"https:\/\/lumieresdeselene.com\/#organization","name":"Lumi\u00e8res de S\u00e9l\u00e9n\u00e9","url":"https:\/\/lumieresdeselene.com\/","logo":{"@type":"ImageObject","inLanguage":"fr-FR","@id":"https:\/\/lumieresdeselene.com\/#\/schema\/logo\/image\/","url":"https:\/\/i0.wp.com\/lumieresdeselene.com\/wp-content\/uploads\/2024\/01\/Lumieres-de-Selene3.jpg?fit=500%2C500&ssl=1","contentUrl":"https:\/\/i0.wp.com\/lumieresdeselene.com\/wp-content\/uploads\/2024\/01\/Lumieres-de-Selene3.jpg?fit=500%2C500&ssl=1","width":500,"height":500,"caption":"Lumi\u00e8res de S\u00e9l\u00e9n\u00e9"},"image":{"@id":"https:\/\/lumieresdeselene.com\/#\/schema\/logo\/image\/"},"sameAs":["https:\/\/www.facebook.com\/lumieresdeselene\/","https:\/\/www.instagram.com\/lumieres.selene\/"]}]}},"jetpack_sharing_enabled":true,"_links":{"self":[{"href":"https:\/\/lumieresdeselene.com\/index.php\/wp-json\/wp\/v2\/product\/1997","targetHints":{"allow":["GET"]}}],"collection":[{"href":"https:\/\/lumieresdeselene.com\/index.php\/wp-json\/wp\/v2\/product"}],"about":[{"href":"https:\/\/lumieresdeselene.com\/index.php\/wp-json\/wp\/v2\/types\/product"}],"replies":[{"embeddable":true,"href":"https:\/\/lumieresdeselene.com\/index.php\/wp-json\/wp\/v2\/comments?post=1997"}],"wp:featuredmedia":[{"embeddable":true,"href":"https:\/\/lumieresdeselene.com\/index.php\/wp-json\/wp\/v2\/media\/1998"}],"wp:attachment":[{"href":"https:\/\/lumieresdeselene.com\/index.php\/wp-json\/wp\/v2\/media?parent=1997"}],"wp:term":[{"taxonomy":"product_brand","embeddable":true,"href":"https:\/\/lumieresdeselene.com\/index.php\/wp-json\/wp\/v2\/product_brand?post=1997"},{"taxonomy":"product_cat","embeddable":true,"href":"https:\/\/lumieresdeselene.com\/index.php\/wp-json\/wp\/v2\/product_cat?post=1997"},{"taxonomy":"product_tag","embeddable":true,"href":"https:\/\/lumieresdeselene.com\/index.php\/wp-json\/wp\/v2\/product_tag?post=1997"}],"curies":[{"name":"wp","href":"https:\/\/api.w.org\/{rel}","templated":true}]}}