{"id":1991,"date":"2024-09-09T10:43:51","date_gmt":"2024-09-09T08:43:51","guid":{"rendered":"https:\/\/lumieresdeselene.com\/?post_type=product&#038;p=1991"},"modified":"2025-01-31T09:39:04","modified_gmt":"2025-01-31T08:39:04","slug":"galet-coeur-pierre-de-lune-noire-a","status":"publish","type":"product","link":"https:\/\/lumieresdeselene.com\/index.php\/produit\/galet-coeur-pierre-de-lune-noire-a\/","title":{"rendered":"Galet C\u0153ur Pierre de Lune Noire A+"},"content":{"rendered":"<p><span style=\"font-family: Ephesis; font-size: 26px;\">L\u2019origine de la pierre de\u00a0<a href=\"https:\/\/lumieresdeselene.com\/index.php\/produit\/pierre-de-lune-multicolore-a\/\">lune<\/a>\u00a0remonte \u00e0 plusieurs si\u00e8cles.\u00a0Les cycles lunaires influencent la nature mais aussi les Hommes.\u00a0Ils modifient notre humeur, bouleversent notre cycle de <a href=\"https:\/\/lumieresdeselene.com\/index.php\/produit\/pack-sommeil\/\">sommeil<\/a>.\u00a0Les civilisations comparent depuis tout temps les influences de l\u2019astre lunaire \u00e0 la <a href=\"https:\/\/lumieresdeselene.com\/index.php\/produit\/pierre-de-lune-multicolore-a-2\/\">Pierre de Lune<\/a>.<\/span><\/p>\n<p><span style=\"font-family: Ephesis; font-size: 26px;\"><strong><u>Ses bienfaits sur le plan psychique<\/u><\/strong><\/span><\/p>\n<p><span style=\"font-family: Ephesis; font-size: 26px;\">La Pierre de Lune est synonyme de f\u00e9minit\u00e9, de maternit\u00e9 et d\u2019innocence.<\/span><\/p>\n<p><span style=\"font-family: Ephesis; font-size: 26px;\">Apaisante et b\u00e9n\u00e9fique au \u00ab moi \u00bb int\u00e9rieur et aux \u00e9motions en g\u00e9n\u00e9ral.<\/span><\/p>\n<p><span style=\"font-family: Ephesis; font-size: 26px;\">\u00c9limine les blocages d\u2019\u00e9nergie.<\/span><\/p>\n<p><span style=\"font-family: Ephesis; font-size: 26px;\">Apporte le calme et la ma\u00eetrise, l\u2019\u00e9quilibre, la confiance, le sang-froid, la s\u00e9r\u00e9nit\u00e9 d\u2019esprit, la bienveillance et la compassion.<\/span><\/p>\n<p><span style=\"font-family: Ephesis; font-size: 26px;\"><strong><u>Ses bienfaits sur le plan physique<\/u><\/strong><\/span><\/p>\n<p><span style=\"font-family: Ephesis; font-size: 26px;\">R\u00e9put\u00e9e pour ses bienfaits sur les cycles f\u00e9minins (r\u00e8gles, maternit\u00e9, m\u00e9nopause).<\/span><\/p>\n<p><span style=\"font-family: Ephesis; font-size: 26px;\">Joue un r\u00f4le important sur l\u2019\u00e9quilibre du syst\u00e8me hormonal, aide \u00e0 r\u00e9guler la thyro\u00efde.<\/span><\/p>\n<p><span style=\"font-family: Ephesis; font-size: 26px;\">R\u00e9duit significativement le stress et les tensions.<\/span><\/p>\n<p><span style=\"font-family: Ephesis; font-size: 26px;\">Permet une r\u00e9duction des probl\u00e8mes de peau, notamment de l\u2019acn\u00e9.<\/span><\/p>\n<p><span style=\"font-family: Ephesis; font-size: 26px;\">Am\u00e9liore la qualit\u00e9 de la peau, des ongles et des cheveux.<\/span><\/p>\n<p><span style=\"font-family: Ephesis; font-size: 26px;\">Att\u00e9nue les affections d\u00e9g\u00e9n\u00e9ratives des yeux.<\/span><\/p>\n<p><span style=\"font-family: Ephesis; font-size: 26px;\">Favoriser la circulation sanguine.<\/span><\/p>\n<p><span style=\"font-family: Ephesis; font-size: 26px;\">Une action drainante.<\/span><\/p>\n<p>&nbsp;<\/p>\n<p><span style=\"font-family: Ephesis; font-size: 26px;\"><em><strong>La lithoth\u00e9rapie peut \u00eatre utilis\u00e9e en compl\u00e9ment des soins qui vous sont apport\u00e9s, mais ne remplace en aucun cas un avis m\u00e9dical et\/ ou traitement.<\/strong><\/em><\/span><\/p>\n<p><span style=\"font-family: Ephesis; font-size: 26px;\"><em>D\u00e9conseill\u00e9 aux enfants de moins de 3 ans. Pr\u00e9sente un risque d\u2019\u00e9touffement.<\/em><\/span><\/p>\n","protected":false},"excerpt":{"rendered":"<p><span style=\"font-family: Ephesis; font-size: 26px;\">Galet C\u0153ur Pierre de Lune Noire qualit\u00e9 A+ (Elev\u00e9e), provenance Inde.<\/span><\/p>\n<p><span style=\"font-family: Ephesis; font-size: 26px;\">Dimensions : 30 \u00e0 40 mm.<\/span><\/p>\n<p><span style=\"font-family: Ephesis; font-size: 26px;\">Vendu \u00e0 l&rsquo;unit\u00e9.<\/span><\/p>\n","protected":false},"featured_media":1992,"comment_status":"closed","ping_status":"closed","template":"","meta":[],"product_brand":[],"product_cat":[584],"product_tag":[327,489,123,490,283],"class_list":{"0":"post-1991","1":"product","2":"type-product","3":"status-publish","4":"has-post-thumbnail","6":"product_cat-galets","7":"product_tag-compassion","8":"product_tag-feminite","9":"product_tag-paix-interieure","10":"product_tag-reves-premonitoires","11":"product_tag-tolerance","13":"first","14":"instock","15":"purchasable","16":"product-type-simple"},"yoast_head":"<!-- This site is optimized with the Yoast SEO plugin v27.1 - https:\/\/yoast.com\/product\/yoast-seo-wordpress\/ -->\n<title>Galet C\u0153ur Pierre de Lune Noire A+ - Produits en stock - Lumi\u00e8res de S\u00e9l\u00e9n\u00e9<\/title>\n<meta name=\"description\" content=\"Cliquez ici pour d\u00e9couvrir Galet C\u0153ur Pierre de Lune Noire A+ . Produits en stock d\u00e9part le jour m\u00eame ou le lendemain - Lumi\u00e8res de S\u00e9l\u00e9n\u00e9\" \/>\n<meta name=\"robots\" content=\"index, follow, max-snippet:-1, max-image-preview:large, max-video-preview:-1\" \/>\n<link rel=\"canonical\" href=\"https:\/\/lumieresdeselene.com\/index.php\/produit\/galet-coeur-pierre-de-lune-noire-a\/\" \/>\n<meta property=\"og:locale\" content=\"fr_FR\" \/>\n<meta property=\"og:type\" content=\"article\" \/>\n<meta property=\"og:title\" content=\"Galet C\u0153ur Pierre de Lune Noire A+ - Produits en stock - Lumi\u00e8res de S\u00e9l\u00e9n\u00e9\" \/>\n<meta property=\"og:description\" content=\"Cliquez ici pour d\u00e9couvrir Galet C\u0153ur Pierre de Lune Noire A+ . Produits en stock d\u00e9part le jour m\u00eame ou le lendemain - Lumi\u00e8res de S\u00e9l\u00e9n\u00e9\" \/>\n<meta property=\"og:url\" content=\"https:\/\/lumieresdeselene.com\/index.php\/produit\/galet-coeur-pierre-de-lune-noire-a\/\" \/>\n<meta property=\"og:site_name\" content=\"Lumi\u00e8res de S\u00e9l\u00e9n\u00e9\" \/>\n<meta property=\"article:publisher\" content=\"https:\/\/www.facebook.com\/lumieresdeselene\/\" \/>\n<meta property=\"article:modified_time\" content=\"2025-01-31T08:39:04+00:00\" \/>\n<meta property=\"og:image\" content=\"https:\/\/lumieresdeselene.com\/wp-content\/uploads\/2024\/09\/1725627998911.jpg\" \/>\n\t<meta property=\"og:image:width\" content=\"2422\" \/>\n\t<meta property=\"og:image:height\" content=\"2272\" \/>\n\t<meta property=\"og:image:type\" content=\"image\/jpeg\" \/>\n<meta name=\"twitter:card\" content=\"summary_large_image\" \/>\n<meta name=\"twitter:label1\" content=\"Dur\u00e9e de lecture estim\u00e9e\" \/>\n\t<meta name=\"twitter:data1\" content=\"2 minutes\" \/>\n<script type=\"application\/ld+json\" class=\"yoast-schema-graph\">{\"@context\":\"https:\/\/schema.org\",\"@graph\":[{\"@type\":\"WebPage\",\"@id\":\"https:\/\/lumieresdeselene.com\/index.php\/produit\/galet-coeur-pierre-de-lune-noire-a\/\",\"url\":\"https:\/\/lumieresdeselene.com\/index.php\/produit\/galet-coeur-pierre-de-lune-noire-a\/\",\"name\":\"Galet C\u0153ur Pierre de Lune Noire A+ - Produits en stock - Lumi\u00e8res de S\u00e9l\u00e9n\u00e9\",\"isPartOf\":{\"@id\":\"https:\/\/lumieresdeselene.com\/#website\"},\"primaryImageOfPage\":{\"@id\":\"https:\/\/lumieresdeselene.com\/index.php\/produit\/galet-coeur-pierre-de-lune-noire-a\/#primaryimage\"},\"image\":{\"@id\":\"https:\/\/lumieresdeselene.com\/index.php\/produit\/galet-coeur-pierre-de-lune-noire-a\/#primaryimage\"},\"thumbnailUrl\":\"https:\/\/i0.wp.com\/lumieresdeselene.com\/wp-content\/uploads\/2024\/09\/1725627998911.jpg?fit=2422%2C2272&ssl=1\",\"datePublished\":\"2024-09-09T08:43:51+00:00\",\"dateModified\":\"2025-01-31T08:39:04+00:00\",\"description\":\"Cliquez ici pour d\u00e9couvrir Galet C\u0153ur Pierre de Lune Noire A+ . Produits en stock d\u00e9part le jour m\u00eame ou le lendemain - Lumi\u00e8res de S\u00e9l\u00e9n\u00e9\",\"breadcrumb\":{\"@id\":\"https:\/\/lumieresdeselene.com\/index.php\/produit\/galet-coeur-pierre-de-lune-noire-a\/#breadcrumb\"},\"inLanguage\":\"fr-FR\",\"potentialAction\":[{\"@type\":\"ReadAction\",\"target\":[\"https:\/\/lumieresdeselene.com\/index.php\/produit\/galet-coeur-pierre-de-lune-noire-a\/\"]}]},{\"@type\":\"ImageObject\",\"inLanguage\":\"fr-FR\",\"@id\":\"https:\/\/lumieresdeselene.com\/index.php\/produit\/galet-coeur-pierre-de-lune-noire-a\/#primaryimage\",\"url\":\"https:\/\/i0.wp.com\/lumieresdeselene.com\/wp-content\/uploads\/2024\/09\/1725627998911.jpg?fit=2422%2C2272&ssl=1\",\"contentUrl\":\"https:\/\/i0.wp.com\/lumieresdeselene.com\/wp-content\/uploads\/2024\/09\/1725627998911.jpg?fit=2422%2C2272&ssl=1\",\"width\":2422,\"height\":2272,\"caption\":\"Pierre de Lune Noire\"},{\"@type\":\"BreadcrumbList\",\"@id\":\"https:\/\/lumieresdeselene.com\/index.php\/produit\/galet-coeur-pierre-de-lune-noire-a\/#breadcrumb\",\"itemListElement\":[{\"@type\":\"ListItem\",\"position\":1,\"name\":\"Accueil\",\"item\":\"https:\/\/lumieresdeselene.com\/\"},{\"@type\":\"ListItem\",\"position\":2,\"name\":\"Boutique\",\"item\":\"https:\/\/lumieresdeselene.com\/index.php\/boutique\/\"},{\"@type\":\"ListItem\",\"position\":3,\"name\":\"Galet C\u0153ur Pierre de Lune Noire A+\"}]},{\"@type\":\"WebSite\",\"@id\":\"https:\/\/lumieresdeselene.com\/#website\",\"url\":\"https:\/\/lumieresdeselene.com\/\",\"name\":\"Lumi\u00e8res de S\u00e9l\u00e9n\u00e9\",\"description\":\"Lumi\u00e8res de S\u00e9l\u00e9n\u00e9\",\"publisher\":{\"@id\":\"https:\/\/lumieresdeselene.com\/#organization\"},\"potentialAction\":[{\"@type\":\"SearchAction\",\"target\":{\"@type\":\"EntryPoint\",\"urlTemplate\":\"https:\/\/lumieresdeselene.com\/?s={search_term_string}\"},\"query-input\":{\"@type\":\"PropertyValueSpecification\",\"valueRequired\":true,\"valueName\":\"search_term_string\"}}],\"inLanguage\":\"fr-FR\"},{\"@type\":\"Organization\",\"@id\":\"https:\/\/lumieresdeselene.com\/#organization\",\"name\":\"Lumi\u00e8res de S\u00e9l\u00e9n\u00e9\",\"url\":\"https:\/\/lumieresdeselene.com\/\",\"logo\":{\"@type\":\"ImageObject\",\"inLanguage\":\"fr-FR\",\"@id\":\"https:\/\/lumieresdeselene.com\/#\/schema\/logo\/image\/\",\"url\":\"https:\/\/i0.wp.com\/lumieresdeselene.com\/wp-content\/uploads\/2024\/01\/Lumieres-de-Selene3.jpg?fit=500%2C500&ssl=1\",\"contentUrl\":\"https:\/\/i0.wp.com\/lumieresdeselene.com\/wp-content\/uploads\/2024\/01\/Lumieres-de-Selene3.jpg?fit=500%2C500&ssl=1\",\"width\":500,\"height\":500,\"caption\":\"Lumi\u00e8res de S\u00e9l\u00e9n\u00e9\"},\"image\":{\"@id\":\"https:\/\/lumieresdeselene.com\/#\/schema\/logo\/image\/\"},\"sameAs\":[\"https:\/\/www.facebook.com\/lumieresdeselene\/\",\"https:\/\/www.instagram.com\/lumieres.selene\/\"]}]}<\/script>\n<!-- \/ Yoast SEO plugin. -->","yoast_head_json":{"title":"Galet C\u0153ur Pierre de Lune Noire A+ - Produits en stock - Lumi\u00e8res de S\u00e9l\u00e9n\u00e9","description":"Cliquez ici pour d\u00e9couvrir Galet C\u0153ur Pierre de Lune Noire A+ . Produits en stock d\u00e9part le jour m\u00eame ou le lendemain - Lumi\u00e8res de S\u00e9l\u00e9n\u00e9","robots":{"index":"index","follow":"follow","max-snippet":"max-snippet:-1","max-image-preview":"max-image-preview:large","max-video-preview":"max-video-preview:-1"},"canonical":"https:\/\/lumieresdeselene.com\/index.php\/produit\/galet-coeur-pierre-de-lune-noire-a\/","og_locale":"fr_FR","og_type":"article","og_title":"Galet C\u0153ur Pierre de Lune Noire A+ - Produits en stock - Lumi\u00e8res de S\u00e9l\u00e9n\u00e9","og_description":"Cliquez ici pour d\u00e9couvrir Galet C\u0153ur Pierre de Lune Noire A+ . Produits en stock d\u00e9part le jour m\u00eame ou le lendemain - Lumi\u00e8res de S\u00e9l\u00e9n\u00e9","og_url":"https:\/\/lumieresdeselene.com\/index.php\/produit\/galet-coeur-pierre-de-lune-noire-a\/","og_site_name":"Lumi\u00e8res de S\u00e9l\u00e9n\u00e9","article_publisher":"https:\/\/www.facebook.com\/lumieresdeselene\/","article_modified_time":"2025-01-31T08:39:04+00:00","og_image":[{"width":2422,"height":2272,"url":"https:\/\/lumieresdeselene.com\/wp-content\/uploads\/2024\/09\/1725627998911.jpg","type":"image\/jpeg"}],"twitter_card":"summary_large_image","twitter_misc":{"Dur\u00e9e de lecture estim\u00e9e":"2 minutes"},"schema":{"@context":"https:\/\/schema.org","@graph":[{"@type":"WebPage","@id":"https:\/\/lumieresdeselene.com\/index.php\/produit\/galet-coeur-pierre-de-lune-noire-a\/","url":"https:\/\/lumieresdeselene.com\/index.php\/produit\/galet-coeur-pierre-de-lune-noire-a\/","name":"Galet C\u0153ur Pierre de Lune Noire A+ - Produits en stock - Lumi\u00e8res de S\u00e9l\u00e9n\u00e9","isPartOf":{"@id":"https:\/\/lumieresdeselene.com\/#website"},"primaryImageOfPage":{"@id":"https:\/\/lumieresdeselene.com\/index.php\/produit\/galet-coeur-pierre-de-lune-noire-a\/#primaryimage"},"image":{"@id":"https:\/\/lumieresdeselene.com\/index.php\/produit\/galet-coeur-pierre-de-lune-noire-a\/#primaryimage"},"thumbnailUrl":"https:\/\/i0.wp.com\/lumieresdeselene.com\/wp-content\/uploads\/2024\/09\/1725627998911.jpg?fit=2422%2C2272&ssl=1","datePublished":"2024-09-09T08:43:51+00:00","dateModified":"2025-01-31T08:39:04+00:00","description":"Cliquez ici pour d\u00e9couvrir Galet C\u0153ur Pierre de Lune Noire A+ . Produits en stock d\u00e9part le jour m\u00eame ou le lendemain - Lumi\u00e8res de S\u00e9l\u00e9n\u00e9","breadcrumb":{"@id":"https:\/\/lumieresdeselene.com\/index.php\/produit\/galet-coeur-pierre-de-lune-noire-a\/#breadcrumb"},"inLanguage":"fr-FR","potentialAction":[{"@type":"ReadAction","target":["https:\/\/lumieresdeselene.com\/index.php\/produit\/galet-coeur-pierre-de-lune-noire-a\/"]}]},{"@type":"ImageObject","inLanguage":"fr-FR","@id":"https:\/\/lumieresdeselene.com\/index.php\/produit\/galet-coeur-pierre-de-lune-noire-a\/#primaryimage","url":"https:\/\/i0.wp.com\/lumieresdeselene.com\/wp-content\/uploads\/2024\/09\/1725627998911.jpg?fit=2422%2C2272&ssl=1","contentUrl":"https:\/\/i0.wp.com\/lumieresdeselene.com\/wp-content\/uploads\/2024\/09\/1725627998911.jpg?fit=2422%2C2272&ssl=1","width":2422,"height":2272,"caption":"Pierre de Lune Noire"},{"@type":"BreadcrumbList","@id":"https:\/\/lumieresdeselene.com\/index.php\/produit\/galet-coeur-pierre-de-lune-noire-a\/#breadcrumb","itemListElement":[{"@type":"ListItem","position":1,"name":"Accueil","item":"https:\/\/lumieresdeselene.com\/"},{"@type":"ListItem","position":2,"name":"Boutique","item":"https:\/\/lumieresdeselene.com\/index.php\/boutique\/"},{"@type":"ListItem","position":3,"name":"Galet C\u0153ur Pierre de Lune Noire A+"}]},{"@type":"WebSite","@id":"https:\/\/lumieresdeselene.com\/#website","url":"https:\/\/lumieresdeselene.com\/","name":"Lumi\u00e8res de S\u00e9l\u00e9n\u00e9","description":"Lumi\u00e8res de S\u00e9l\u00e9n\u00e9","publisher":{"@id":"https:\/\/lumieresdeselene.com\/#organization"},"potentialAction":[{"@type":"SearchAction","target":{"@type":"EntryPoint","urlTemplate":"https:\/\/lumieresdeselene.com\/?s={search_term_string}"},"query-input":{"@type":"PropertyValueSpecification","valueRequired":true,"valueName":"search_term_string"}}],"inLanguage":"fr-FR"},{"@type":"Organization","@id":"https:\/\/lumieresdeselene.com\/#organization","name":"Lumi\u00e8res de S\u00e9l\u00e9n\u00e9","url":"https:\/\/lumieresdeselene.com\/","logo":{"@type":"ImageObject","inLanguage":"fr-FR","@id":"https:\/\/lumieresdeselene.com\/#\/schema\/logo\/image\/","url":"https:\/\/i0.wp.com\/lumieresdeselene.com\/wp-content\/uploads\/2024\/01\/Lumieres-de-Selene3.jpg?fit=500%2C500&ssl=1","contentUrl":"https:\/\/i0.wp.com\/lumieresdeselene.com\/wp-content\/uploads\/2024\/01\/Lumieres-de-Selene3.jpg?fit=500%2C500&ssl=1","width":500,"height":500,"caption":"Lumi\u00e8res de S\u00e9l\u00e9n\u00e9"},"image":{"@id":"https:\/\/lumieresdeselene.com\/#\/schema\/logo\/image\/"},"sameAs":["https:\/\/www.facebook.com\/lumieresdeselene\/","https:\/\/www.instagram.com\/lumieres.selene\/"]}]}},"jetpack_sharing_enabled":true,"_links":{"self":[{"href":"https:\/\/lumieresdeselene.com\/index.php\/wp-json\/wp\/v2\/product\/1991","targetHints":{"allow":["GET"]}}],"collection":[{"href":"https:\/\/lumieresdeselene.com\/index.php\/wp-json\/wp\/v2\/product"}],"about":[{"href":"https:\/\/lumieresdeselene.com\/index.php\/wp-json\/wp\/v2\/types\/product"}],"replies":[{"embeddable":true,"href":"https:\/\/lumieresdeselene.com\/index.php\/wp-json\/wp\/v2\/comments?post=1991"}],"wp:featuredmedia":[{"embeddable":true,"href":"https:\/\/lumieresdeselene.com\/index.php\/wp-json\/wp\/v2\/media\/1992"}],"wp:attachment":[{"href":"https:\/\/lumieresdeselene.com\/index.php\/wp-json\/wp\/v2\/media?parent=1991"}],"wp:term":[{"taxonomy":"product_brand","embeddable":true,"href":"https:\/\/lumieresdeselene.com\/index.php\/wp-json\/wp\/v2\/product_brand?post=1991"},{"taxonomy":"product_cat","embeddable":true,"href":"https:\/\/lumieresdeselene.com\/index.php\/wp-json\/wp\/v2\/product_cat?post=1991"},{"taxonomy":"product_tag","embeddable":true,"href":"https:\/\/lumieresdeselene.com\/index.php\/wp-json\/wp\/v2\/product_tag?post=1991"}],"curies":[{"name":"wp","href":"https:\/\/api.w.org\/{rel}","templated":true}]}}