{"id":1892,"date":"2024-07-08T15:30:25","date_gmt":"2024-07-08T13:30:25","guid":{"rendered":"https:\/\/lumieresdeselene.com\/?post_type=product&#038;p=1892"},"modified":"2025-01-31T09:49:26","modified_gmt":"2025-01-31T08:49:26","slug":"lapis-lazuli-aa-howlite-blanche-a","status":"publish","type":"product","link":"https:\/\/lumieresdeselene.com\/index.php\/produit\/lapis-lazuli-aa-howlite-blanche-a\/","title":{"rendered":"Lapis Lazuli AA &#8211; Howlite blanche A"},"content":{"rendered":"<p><span style=\"color: #0000ff;\"><strong><span style=\"font-family: Ephesis; font-size: 26px;\"><a href=\"https:\/\/lumieresdeselene.com\/index.php\/produit\/lapis-lazuli-ab\/\">Lapis Lazuli<\/a> : <\/span><\/strong><\/span><\/p>\n<p><span style=\"font-family: Ephesis; font-size: 26px;\">Il y a de cela 6000 ans avant J\u00e9sus Christ, ce min\u00e9ral ornait les objets sacr\u00e9s d\u00e9di\u00e9s aux c\u00e9r\u00e9monies. Au temps des \u00c9gyptiens, le <a href=\"https:\/\/lumieresdeselene.com\/index.php\/produit\/lapis-lazuli-a\/\">Lapis Lazuli<\/a> \u00e9tait symbole de puissance divine et de force de vie. La couleur bleue \u00e9tait pour eux signe d\u2019immortalit\u00e9 et d\u2019infini. Les pharaons pla\u00e7aient dans leurs tombeaux des amulettes de Lapis Lazuli pour se prot\u00e9ger, en forme de scarab\u00e9e ou d\u2019\u0153il.<\/span><\/p>\n<p><span style=\"font-family: Ephesis; font-size: 26px;\"><strong><u>Ses bienfaits sur le plan psychique<\/u><\/strong><\/span><\/p>\n<p><span style=\"font-family: Ephesis; font-size: 26px;\">La plus adapt\u00e9e aux personnes timides, introverties et renferm\u00e9es, car elle rehausse la confiance en soi \u00e0 travers l\u2019acceptation de sa propre personne.<\/span><\/p>\n<p><span style=\"font-family: Ephesis; font-size: 26px;\">Lib\u00e8re et procure une certaine facilit\u00e9 de communication au niveau des \u00e9motions et des sentiments, favorise donc la communication orale.<\/span><\/p>\n<p><span style=\"font-family: Ephesis; font-size: 26px;\"><strong><u>Ses bienfaits sur le plan physique<\/u><\/strong><\/span><\/p>\n<p><span style=\"font-family: Ephesis; font-size: 26px;\">Aide au bon fonctionnement des yeux en r\u00e9duisant les troubles de la vue. Elle permet \u00e9galement de r\u00e9duire les migraines, qui peuvent \u00eatre li\u00e9es \u00e0 des yeux fatigu\u00e9s.<\/span><\/p>\n<p><span style=\"font-family: Ephesis; font-size: 26px;\">Joue un r\u00f4le de renforcement des fonctions respiratoires et r\u00e9duit les toux, accompagne particuli\u00e8rement les asthmatiques, pour apaiser les probl\u00e8mes de souffle et les inflammations des bronches.<\/span><\/p>\n<p><span style=\"font-family: Ephesis; font-size: 26px;\">Vertus bienfaitrice sur l\u2019ensemble de la sph\u00e8re ORL..<\/span><\/p>\n<p><span style=\"font-family: Ephesis; font-size: 26px;\">Efficace pour lutter contre les insomnies, le sommeil hach\u00e9, perturb\u00e9 ou les cauchemars. Il suffit de le placer dans la chambre, sur votre table de chevet ou sous votre oreiller.<\/span><\/p>\n<p><span style=\"font-family: Ephesis; font-size: 26px;\">Associ\u00e9 \u00e0 l\u2019\u00e9l\u00e9ment eau, poss\u00e8de une action tr\u00e8s positive sur le fonctionnement des reins et de la vessie. R\u00e9gule \u00e9galement le confort digestif.<\/span><\/p>\n<p>&nbsp;<\/p>\n<p><a href=\"https:\/\/lumieresdeselene.com\/index.php\/produit\/howlite-blanche-a-3\/\"><span style=\"color: #0000ff;\"><strong><span style=\"font-family: Ephesis; font-size: 26px;\">Howlite :<\/span><\/strong><\/span><\/a><\/p>\n<p><span style=\"font-family: Ephesis; font-size: 26px;\">D\u00e9couverte en 1868, les am\u00e9rindiens \u00e9taient connus pour utiliser l\u2019Howlite blanche pendant des rituels chamaniques et en tant qu\u2019amulette protectrice. Ils lui donn\u00e8rent le surnom de \u00ab\u00a0pierre du bison blanc\u00a0\u00bb en r\u00e9f\u00e9rence \u00e0 la raret\u00e9 et \u00e0 la beaut\u00e9 du bison blanc.<\/span><\/p>\n<p><span style=\"font-family: Ephesis; font-size: 26px;\"><strong><u>Ses bienfaits sur le plan psychique<\/u><\/strong><\/span><\/p>\n<p><span style=\"font-family: Ephesis; font-size: 26px;\">Pierre stabilisante, permet de clarifier l\u2019esprit, d\u2019\u00e9tablir une coh\u00e9rence entre les sentiments, donne le sens des responsabilit\u00e9s et dissipe toutes les craintes.<\/span><\/p>\n<p><span style=\"font-family: Ephesis; font-size: 26px;\">R\u00e9duit la tristesse, l\u2019hypersensibilit\u00e9, le stress et l\u2019angoisse.<\/span><\/p>\n<p><span style=\"font-family: Ephesis; font-size: 26px;\"><strong><u>Ses bienfaits sur le plan physique<\/u><\/strong><\/span><\/p>\n<p><span style=\"font-family: Ephesis; font-size: 26px;\">Equilibre le taux de calcium dans le corps, b\u00e9n\u00e9fique pour les os et les dents.<\/span><\/p>\n<p><span style=\"font-family: Ephesis; font-size: 26px;\">Soulage l\u2019insomnie.<\/span><\/p>\n<p><span style=\"font-family: Ephesis; font-size: 26px;\">Son action diur\u00e9tique permet de drainer et de purifier l\u2019organisme.<\/span><\/p>\n<p><span style=\"font-family: Ephesis; font-size: 26px;\">Favorise l\u2019\u00e9lasticit\u00e9 et l\u2019\u00e9clat de jeunesse naturel de l\u2019\u00e9piderme.<\/span><\/p>\n<p><span style=\"font-family: Ephesis; font-size: 26px;\">Stimule la circulation sanguine et permet une meilleure \u00e9limination des toxines.<\/span><\/p>\n<p>&nbsp;<\/p>\n<p>&nbsp;<\/p>\n<p><span style=\"font-family: Ephesis; font-size: 26px;\"><em><strong>La lithoth\u00e9rapie peut \u00eatre utilis\u00e9e en compl\u00e9ment des soins qui vous sont apport\u00e9s, mais ne remplace en aucun cas un avis m\u00e9dical et\/ ou traitement.<\/strong><\/em><\/span><\/p>\n<p><span style=\"font-family: Ephesis; font-size: 26px;\"><em>D\u00e9conseill\u00e9 aux enfants de moins de 3 ans. Pr\u00e9sente un risque d\u2019\u00e9touffement.<\/em><\/span><\/p>\n","protected":false},"excerpt":{"rendered":"<p><span style=\"font-family: Ephesis; font-size: 26px;\">Bracelet boules 4mm.<\/span><\/p>\n<p><span style=\"font-family: Ephesis; font-size: 26px;\">Lapis Lazuli qualit\u00e9 A A(Tr\u00e8s \u00e9lev\u00e9e), provenance Afghanistan.<\/span><\/p>\n<p><span style=\"font-family: Ephesis; font-size: 26px;\">Howlite blanche qualit\u00e9 A (Bonne), provenance Zimbabw\u00e9.<\/span><\/p>\n<p><span style=\"font-family: Ephesis; font-size: 26px;\">Diam\u00e8tre en cm : 24-29 cm, avec chainette r\u00e9glable couleur or, acier inoxydable.<\/span><\/p>\n<p><span style=\"font-family: Ephesis; font-size: 26px;\">Breloques d\u00e9coratives.<\/span><\/p>\n","protected":false},"featured_media":1894,"comment_status":"closed","ping_status":"closed","template":"","meta":[],"product_brand":[],"product_cat":[576],"product_tag":[156,116,189,567,219,110,159,138,558],"class_list":{"0":"post-1892","1":"product","2":"type-product","3":"status-publish","4":"has-post-thumbnail","6":"product_cat-bracelets-cheville","7":"product_tag-apaisante","8":"product_tag-detox","9":"product_tag-drainante","10":"product_tag-enfant","11":"product_tag-orl","12":"product_tag-os","13":"product_tag-sommeil","14":"product_tag-stabilisante","15":"product_tag-timidite","17":"first","18":"outofstock","19":"purchasable","20":"product-type-simple"},"yoast_head":"<!-- This site is optimized with the Yoast SEO plugin v27.1 - https:\/\/yoast.com\/product\/yoast-seo-wordpress\/ -->\n<title>Lapis Lazuli AA - Howlite blanche A - Produits en stock - Lumi\u00e8res de S\u00e9l\u00e9n\u00e9<\/title>\n<meta name=\"description\" content=\"Cliquez ici pour d\u00e9couvrir Lapis Lazuli AA - Howlite blanche A . Produits en stock d\u00e9part le jour m\u00eame ou le lendemain - Lumi\u00e8res de S\u00e9l\u00e9n\u00e9\" \/>\n<meta name=\"robots\" content=\"index, follow, max-snippet:-1, max-image-preview:large, max-video-preview:-1\" \/>\n<link rel=\"canonical\" href=\"https:\/\/lumieresdeselene.com\/index.php\/produit\/lapis-lazuli-aa-howlite-blanche-a\/\" \/>\n<meta property=\"og:locale\" content=\"fr_FR\" \/>\n<meta property=\"og:type\" content=\"article\" \/>\n<meta property=\"og:title\" content=\"Lapis Lazuli AA - Howlite blanche A - Produits en stock - Lumi\u00e8res de S\u00e9l\u00e9n\u00e9\" \/>\n<meta property=\"og:description\" content=\"Cliquez ici pour d\u00e9couvrir Lapis Lazuli AA - Howlite blanche A . Produits en stock d\u00e9part le jour m\u00eame ou le lendemain - Lumi\u00e8res de S\u00e9l\u00e9n\u00e9\" \/>\n<meta property=\"og:url\" content=\"https:\/\/lumieresdeselene.com\/index.php\/produit\/lapis-lazuli-aa-howlite-blanche-a\/\" \/>\n<meta property=\"og:site_name\" content=\"Lumi\u00e8res de S\u00e9l\u00e9n\u00e9\" \/>\n<meta property=\"article:publisher\" content=\"https:\/\/www.facebook.com\/lumieresdeselene\/\" \/>\n<meta property=\"article:modified_time\" content=\"2025-01-31T08:49:26+00:00\" \/>\n<meta property=\"og:image\" content=\"https:\/\/lumieresdeselene.com\/wp-content\/uploads\/2024\/07\/20240705_115635-scaled.jpg\" \/>\n\t<meta property=\"og:image:width\" content=\"2560\" \/>\n\t<meta property=\"og:image:height\" content=\"1976\" \/>\n\t<meta property=\"og:image:type\" content=\"image\/jpeg\" \/>\n<meta name=\"twitter:card\" content=\"summary_large_image\" \/>\n<meta name=\"twitter:label1\" content=\"Dur\u00e9e de lecture estim\u00e9e\" \/>\n\t<meta name=\"twitter:data1\" content=\"3 minutes\" \/>\n<script type=\"application\/ld+json\" class=\"yoast-schema-graph\">{\"@context\":\"https:\/\/schema.org\",\"@graph\":[{\"@type\":\"WebPage\",\"@id\":\"https:\/\/lumieresdeselene.com\/index.php\/produit\/lapis-lazuli-aa-howlite-blanche-a\/\",\"url\":\"https:\/\/lumieresdeselene.com\/index.php\/produit\/lapis-lazuli-aa-howlite-blanche-a\/\",\"name\":\"Lapis Lazuli AA - Howlite blanche A - Produits en stock - Lumi\u00e8res de S\u00e9l\u00e9n\u00e9\",\"isPartOf\":{\"@id\":\"https:\/\/lumieresdeselene.com\/#website\"},\"primaryImageOfPage\":{\"@id\":\"https:\/\/lumieresdeselene.com\/index.php\/produit\/lapis-lazuli-aa-howlite-blanche-a\/#primaryimage\"},\"image\":{\"@id\":\"https:\/\/lumieresdeselene.com\/index.php\/produit\/lapis-lazuli-aa-howlite-blanche-a\/#primaryimage\"},\"thumbnailUrl\":\"https:\/\/i0.wp.com\/lumieresdeselene.com\/wp-content\/uploads\/2024\/07\/20240705_115635-scaled.jpg?fit=2560%2C1976&ssl=1\",\"datePublished\":\"2024-07-08T13:30:25+00:00\",\"dateModified\":\"2025-01-31T08:49:26+00:00\",\"description\":\"Cliquez ici pour d\u00e9couvrir Lapis Lazuli AA - Howlite blanche A . Produits en stock d\u00e9part le jour m\u00eame ou le lendemain - Lumi\u00e8res de S\u00e9l\u00e9n\u00e9\",\"breadcrumb\":{\"@id\":\"https:\/\/lumieresdeselene.com\/index.php\/produit\/lapis-lazuli-aa-howlite-blanche-a\/#breadcrumb\"},\"inLanguage\":\"fr-FR\",\"potentialAction\":[{\"@type\":\"ReadAction\",\"target\":[\"https:\/\/lumieresdeselene.com\/index.php\/produit\/lapis-lazuli-aa-howlite-blanche-a\/\"]}]},{\"@type\":\"ImageObject\",\"inLanguage\":\"fr-FR\",\"@id\":\"https:\/\/lumieresdeselene.com\/index.php\/produit\/lapis-lazuli-aa-howlite-blanche-a\/#primaryimage\",\"url\":\"https:\/\/i0.wp.com\/lumieresdeselene.com\/wp-content\/uploads\/2024\/07\/20240705_115635-scaled.jpg?fit=2560%2C1976&ssl=1\",\"contentUrl\":\"https:\/\/i0.wp.com\/lumieresdeselene.com\/wp-content\/uploads\/2024\/07\/20240705_115635-scaled.jpg?fit=2560%2C1976&ssl=1\",\"width\":2560,\"height\":1976,\"caption\":\"Lapis Lazuli et Howlite blanche cheville 4mm\"},{\"@type\":\"BreadcrumbList\",\"@id\":\"https:\/\/lumieresdeselene.com\/index.php\/produit\/lapis-lazuli-aa-howlite-blanche-a\/#breadcrumb\",\"itemListElement\":[{\"@type\":\"ListItem\",\"position\":1,\"name\":\"Accueil\",\"item\":\"https:\/\/lumieresdeselene.com\/\"},{\"@type\":\"ListItem\",\"position\":2,\"name\":\"Boutique\",\"item\":\"https:\/\/lumieresdeselene.com\/index.php\/boutique\/\"},{\"@type\":\"ListItem\",\"position\":3,\"name\":\"Lapis Lazuli AA &#8211; Howlite blanche A\"}]},{\"@type\":\"WebSite\",\"@id\":\"https:\/\/lumieresdeselene.com\/#website\",\"url\":\"https:\/\/lumieresdeselene.com\/\",\"name\":\"Lumi\u00e8res de S\u00e9l\u00e9n\u00e9\",\"description\":\"Lumi\u00e8res de S\u00e9l\u00e9n\u00e9\",\"publisher\":{\"@id\":\"https:\/\/lumieresdeselene.com\/#organization\"},\"potentialAction\":[{\"@type\":\"SearchAction\",\"target\":{\"@type\":\"EntryPoint\",\"urlTemplate\":\"https:\/\/lumieresdeselene.com\/?s={search_term_string}\"},\"query-input\":{\"@type\":\"PropertyValueSpecification\",\"valueRequired\":true,\"valueName\":\"search_term_string\"}}],\"inLanguage\":\"fr-FR\"},{\"@type\":\"Organization\",\"@id\":\"https:\/\/lumieresdeselene.com\/#organization\",\"name\":\"Lumi\u00e8res de S\u00e9l\u00e9n\u00e9\",\"url\":\"https:\/\/lumieresdeselene.com\/\",\"logo\":{\"@type\":\"ImageObject\",\"inLanguage\":\"fr-FR\",\"@id\":\"https:\/\/lumieresdeselene.com\/#\/schema\/logo\/image\/\",\"url\":\"https:\/\/i0.wp.com\/lumieresdeselene.com\/wp-content\/uploads\/2024\/01\/Lumieres-de-Selene3.jpg?fit=500%2C500&ssl=1\",\"contentUrl\":\"https:\/\/i0.wp.com\/lumieresdeselene.com\/wp-content\/uploads\/2024\/01\/Lumieres-de-Selene3.jpg?fit=500%2C500&ssl=1\",\"width\":500,\"height\":500,\"caption\":\"Lumi\u00e8res de S\u00e9l\u00e9n\u00e9\"},\"image\":{\"@id\":\"https:\/\/lumieresdeselene.com\/#\/schema\/logo\/image\/\"},\"sameAs\":[\"https:\/\/www.facebook.com\/lumieresdeselene\/\",\"https:\/\/www.instagram.com\/lumieres.selene\/\"]}]}<\/script>\n<!-- \/ Yoast SEO plugin. -->","yoast_head_json":{"title":"Lapis Lazuli AA - Howlite blanche A - Produits en stock - Lumi\u00e8res de S\u00e9l\u00e9n\u00e9","description":"Cliquez ici pour d\u00e9couvrir Lapis Lazuli AA - Howlite blanche A . Produits en stock d\u00e9part le jour m\u00eame ou le lendemain - Lumi\u00e8res de S\u00e9l\u00e9n\u00e9","robots":{"index":"index","follow":"follow","max-snippet":"max-snippet:-1","max-image-preview":"max-image-preview:large","max-video-preview":"max-video-preview:-1"},"canonical":"https:\/\/lumieresdeselene.com\/index.php\/produit\/lapis-lazuli-aa-howlite-blanche-a\/","og_locale":"fr_FR","og_type":"article","og_title":"Lapis Lazuli AA - Howlite blanche A - Produits en stock - Lumi\u00e8res de S\u00e9l\u00e9n\u00e9","og_description":"Cliquez ici pour d\u00e9couvrir Lapis Lazuli AA - Howlite blanche A . Produits en stock d\u00e9part le jour m\u00eame ou le lendemain - Lumi\u00e8res de S\u00e9l\u00e9n\u00e9","og_url":"https:\/\/lumieresdeselene.com\/index.php\/produit\/lapis-lazuli-aa-howlite-blanche-a\/","og_site_name":"Lumi\u00e8res de S\u00e9l\u00e9n\u00e9","article_publisher":"https:\/\/www.facebook.com\/lumieresdeselene\/","article_modified_time":"2025-01-31T08:49:26+00:00","og_image":[{"width":2560,"height":1976,"url":"https:\/\/lumieresdeselene.com\/wp-content\/uploads\/2024\/07\/20240705_115635-scaled.jpg","type":"image\/jpeg"}],"twitter_card":"summary_large_image","twitter_misc":{"Dur\u00e9e de lecture estim\u00e9e":"3 minutes"},"schema":{"@context":"https:\/\/schema.org","@graph":[{"@type":"WebPage","@id":"https:\/\/lumieresdeselene.com\/index.php\/produit\/lapis-lazuli-aa-howlite-blanche-a\/","url":"https:\/\/lumieresdeselene.com\/index.php\/produit\/lapis-lazuli-aa-howlite-blanche-a\/","name":"Lapis Lazuli AA - Howlite blanche A - Produits en stock - Lumi\u00e8res de S\u00e9l\u00e9n\u00e9","isPartOf":{"@id":"https:\/\/lumieresdeselene.com\/#website"},"primaryImageOfPage":{"@id":"https:\/\/lumieresdeselene.com\/index.php\/produit\/lapis-lazuli-aa-howlite-blanche-a\/#primaryimage"},"image":{"@id":"https:\/\/lumieresdeselene.com\/index.php\/produit\/lapis-lazuli-aa-howlite-blanche-a\/#primaryimage"},"thumbnailUrl":"https:\/\/i0.wp.com\/lumieresdeselene.com\/wp-content\/uploads\/2024\/07\/20240705_115635-scaled.jpg?fit=2560%2C1976&ssl=1","datePublished":"2024-07-08T13:30:25+00:00","dateModified":"2025-01-31T08:49:26+00:00","description":"Cliquez ici pour d\u00e9couvrir Lapis Lazuli AA - Howlite blanche A . Produits en stock d\u00e9part le jour m\u00eame ou le lendemain - Lumi\u00e8res de S\u00e9l\u00e9n\u00e9","breadcrumb":{"@id":"https:\/\/lumieresdeselene.com\/index.php\/produit\/lapis-lazuli-aa-howlite-blanche-a\/#breadcrumb"},"inLanguage":"fr-FR","potentialAction":[{"@type":"ReadAction","target":["https:\/\/lumieresdeselene.com\/index.php\/produit\/lapis-lazuli-aa-howlite-blanche-a\/"]}]},{"@type":"ImageObject","inLanguage":"fr-FR","@id":"https:\/\/lumieresdeselene.com\/index.php\/produit\/lapis-lazuli-aa-howlite-blanche-a\/#primaryimage","url":"https:\/\/i0.wp.com\/lumieresdeselene.com\/wp-content\/uploads\/2024\/07\/20240705_115635-scaled.jpg?fit=2560%2C1976&ssl=1","contentUrl":"https:\/\/i0.wp.com\/lumieresdeselene.com\/wp-content\/uploads\/2024\/07\/20240705_115635-scaled.jpg?fit=2560%2C1976&ssl=1","width":2560,"height":1976,"caption":"Lapis Lazuli et Howlite blanche cheville 4mm"},{"@type":"BreadcrumbList","@id":"https:\/\/lumieresdeselene.com\/index.php\/produit\/lapis-lazuli-aa-howlite-blanche-a\/#breadcrumb","itemListElement":[{"@type":"ListItem","position":1,"name":"Accueil","item":"https:\/\/lumieresdeselene.com\/"},{"@type":"ListItem","position":2,"name":"Boutique","item":"https:\/\/lumieresdeselene.com\/index.php\/boutique\/"},{"@type":"ListItem","position":3,"name":"Lapis Lazuli AA &#8211; Howlite blanche A"}]},{"@type":"WebSite","@id":"https:\/\/lumieresdeselene.com\/#website","url":"https:\/\/lumieresdeselene.com\/","name":"Lumi\u00e8res de S\u00e9l\u00e9n\u00e9","description":"Lumi\u00e8res de S\u00e9l\u00e9n\u00e9","publisher":{"@id":"https:\/\/lumieresdeselene.com\/#organization"},"potentialAction":[{"@type":"SearchAction","target":{"@type":"EntryPoint","urlTemplate":"https:\/\/lumieresdeselene.com\/?s={search_term_string}"},"query-input":{"@type":"PropertyValueSpecification","valueRequired":true,"valueName":"search_term_string"}}],"inLanguage":"fr-FR"},{"@type":"Organization","@id":"https:\/\/lumieresdeselene.com\/#organization","name":"Lumi\u00e8res de S\u00e9l\u00e9n\u00e9","url":"https:\/\/lumieresdeselene.com\/","logo":{"@type":"ImageObject","inLanguage":"fr-FR","@id":"https:\/\/lumieresdeselene.com\/#\/schema\/logo\/image\/","url":"https:\/\/i0.wp.com\/lumieresdeselene.com\/wp-content\/uploads\/2024\/01\/Lumieres-de-Selene3.jpg?fit=500%2C500&ssl=1","contentUrl":"https:\/\/i0.wp.com\/lumieresdeselene.com\/wp-content\/uploads\/2024\/01\/Lumieres-de-Selene3.jpg?fit=500%2C500&ssl=1","width":500,"height":500,"caption":"Lumi\u00e8res de S\u00e9l\u00e9n\u00e9"},"image":{"@id":"https:\/\/lumieresdeselene.com\/#\/schema\/logo\/image\/"},"sameAs":["https:\/\/www.facebook.com\/lumieresdeselene\/","https:\/\/www.instagram.com\/lumieres.selene\/"]}]}},"jetpack_sharing_enabled":true,"_links":{"self":[{"href":"https:\/\/lumieresdeselene.com\/index.php\/wp-json\/wp\/v2\/product\/1892","targetHints":{"allow":["GET"]}}],"collection":[{"href":"https:\/\/lumieresdeselene.com\/index.php\/wp-json\/wp\/v2\/product"}],"about":[{"href":"https:\/\/lumieresdeselene.com\/index.php\/wp-json\/wp\/v2\/types\/product"}],"replies":[{"embeddable":true,"href":"https:\/\/lumieresdeselene.com\/index.php\/wp-json\/wp\/v2\/comments?post=1892"}],"wp:featuredmedia":[{"embeddable":true,"href":"https:\/\/lumieresdeselene.com\/index.php\/wp-json\/wp\/v2\/media\/1894"}],"wp:attachment":[{"href":"https:\/\/lumieresdeselene.com\/index.php\/wp-json\/wp\/v2\/media?parent=1892"}],"wp:term":[{"taxonomy":"product_brand","embeddable":true,"href":"https:\/\/lumieresdeselene.com\/index.php\/wp-json\/wp\/v2\/product_brand?post=1892"},{"taxonomy":"product_cat","embeddable":true,"href":"https:\/\/lumieresdeselene.com\/index.php\/wp-json\/wp\/v2\/product_cat?post=1892"},{"taxonomy":"product_tag","embeddable":true,"href":"https:\/\/lumieresdeselene.com\/index.php\/wp-json\/wp\/v2\/product_tag?post=1892"}],"curies":[{"name":"wp","href":"https:\/\/api.w.org\/{rel}","templated":true}]}}