{"id":1887,"date":"2024-07-08T15:21:07","date_gmt":"2024-07-08T13:21:07","guid":{"rendered":"https:\/\/lumieresdeselene.com\/?post_type=product&#038;p=1887"},"modified":"2025-01-31T09:49:27","modified_gmt":"2025-01-31T08:49:27","slug":"aventurine-verte-ab-amethyste-a","status":"publish","type":"product","link":"https:\/\/lumieresdeselene.com\/index.php\/produit\/aventurine-verte-ab-amethyste-a\/","title":{"rendered":"Aventurine Verte AB &#8211; Am\u00e9thyste A"},"content":{"rendered":"<p><span style=\"font-family: Ephesis; font-size: 26px; color: #800080;\"><strong><a href=\"https:\/\/lumieresdeselene.com\/index.php\/produit\/amethyste-a\/\">Am\u00e9thyste<\/a> :\u00a0<\/strong><\/span><\/p>\n<p><span style=\"font-family: Ephesis; font-size: 26px;\"><strong><u>Ses bienfaits sur le plan psychique<\/u><\/strong><\/span><\/p>\n<p><span style=\"font-family: Ephesis; font-size: 26px;\">Aide \u00e0 stimuler la production de s\u00e9rotonine l\u2019hormone du bien-\u00eatre, vertus apaisantes sur le mental, r\u00e9duit anxi\u00e9t\u00e9 et col\u00e8re, peut \u00e9galement aider les personnes atteintes de TOC.<\/span><\/p>\n<p><span style=\"font-family: Ephesis; font-size: 26px;\">Propri\u00e9t\u00e9s remarquables et vertus pour purifier les lieux et les objets, pierre de passage en cas de perte d\u2019un proche.<\/span><\/p>\n<p><span style=\"font-family: Ephesis; font-size: 26px;\">Favorise l\u2019\u00e9l\u00e9vation spirituelle et la concentration, conseill\u00e9e dans la pratique de la m\u00e9ditation.<\/span><\/p>\n<p><span style=\"font-family: Ephesis; font-size: 26px;\"><strong><u>Ses bienfaits sur le plan physique<\/u><\/strong><\/span><\/p>\n<p><span style=\"font-family: Ephesis; font-size: 26px;\">Soulage les maux li\u00e9s au stress et \u00e0 la nervosit\u00e9\u00a0: lib\u00e8re les tensions au niveau du haut du dos, de la nuque et des \u00e9paules, favorise un sommeil profond et r\u00e9parateur (sur table de chevet ou sous oreiller), r\u00e9duit l\u2019acidit\u00e9 gastrique, bon fonctionnement du foie, efficace pour les maux de t\u00eate et migraines.<\/span><\/p>\n<p><span style=\"font-family: Ephesis; font-size: 26px;\">Conseill\u00e9e pour se lib\u00e9rer des addictions et de leurs r\u00e9percussions.<\/span><\/p>\n<p><span style=\"font-family: Ephesis; font-size: 26px;\">Effets positifs sur la peau, permet d\u2019att\u00e9nuer les maladies courantes comme\u00a0l\u2019acn\u00e9, acc\u00e9l\u00e8re la cicatrisation d\u2019une plaie et la r\u00e9sorption des br\u00fblures.<\/span><\/p>\n<p>&nbsp;<\/p>\n<p><a href=\"https:\/\/lumieresdeselene.com\/index.php\/produit\/aventurine-verte-a\/\"><span style=\"color: #339966;\"><strong><span style=\"font-family: Ephesis; font-size: 26px;\">Aventurine Verte :\u00a0<\/span><\/strong><\/span><\/a><\/p>\n<p><span style=\"font-family: Ephesis; font-size: 26px;\">On retrouve les premi\u00e8res traces de cette pierre verte incroyable, il y a plus de 4000 ans, en Chine. Dans la culture chinoise, cette pierre est associ\u00e9e \u00e0 la d\u00e9esse Guanyin Pusa, la d\u00e9esse de la compassion, de l\u2019amour inconditionnel ainsi que de la piti\u00e9.<\/span><\/p>\n<p><span style=\"font-family: Ephesis; font-size: 26px;\">Sa couleur verte est due \u00e0 la pr\u00e9sence de Fuchsite.<\/span><\/p>\n<p><span style=\"font-family: Ephesis; font-size: 26px;\"><strong><u>Ses bienfaits sur le plan psychique<\/u><\/strong><\/span><\/p>\n<p><span style=\"font-family: Ephesis; font-size: 26px;\">Vertus profond\u00e9ment apaisantes, favorise la d\u00e9tente et le repos, calme la col\u00e8re et l\u2019irritabilit\u00e9, d\u00e9veloppe la patience, la tol\u00e9rance et la compassion.<\/span><\/p>\n<p><span style=\"font-family: Ephesis; font-size: 26px;\">Apporte une vision claire et positive des \u00e9v\u00e9nements, conforte la capacit\u00e9 de d\u00e9cision.<\/span><\/p>\n<p><span style=\"font-family: Ephesis; font-size: 26px;\"><strong><u>Ses bienfaits sur le plan physique<\/u><\/strong><\/span><\/p>\n<p><span style=\"font-family: Ephesis; font-size: 26px;\">B\u00e9n\u00e9fique aux muscles, aux poumons et au c\u0153ur, aux glandes surr\u00e9nales et au syst\u00e8me uro-g\u00e9nital.<\/span><\/p>\n<p><span style=\"font-family: Ephesis; font-size: 26px;\">Anti-inflammatoire naturelle, soulage les sympt\u00f4mes des pathologies de l\u2019\u0153il, les allergies, probl\u00e8mes de peau et migraines.<\/span><\/p>\n<p><span style=\"font-family: Ephesis; font-size: 26px;\">Vertus sur les organes urinaires et sur le c\u0153ur mais aussi les sinus et le thymus.<\/span><\/p>\n<p><span style=\"font-family: Ephesis; font-size: 26px;\">Favorise une croissance \u00e9quilibr\u00e9e chez les enfants.<\/span><\/p>\n<p>&nbsp;<\/p>\n<p><span style=\"font-family: Ephesis; font-size: 26px;\"><em><strong>La lithoth\u00e9rapie peut \u00eatre utilis\u00e9e en compl\u00e9ment des soins qui vous sont apport\u00e9s, mais ne remplace en aucun cas un avis m\u00e9dical et\/ ou traitement.<\/strong><\/em><\/span><\/p>\n<p><span style=\"font-family: Ephesis; font-size: 26px;\"><em>D\u00e9conseill\u00e9 aux enfants de moins de 3 ans. Pr\u00e9sente un risque d\u2019\u00e9touffement.<\/em><\/span><\/p>\n","protected":false},"excerpt":{"rendered":"<p><span style=\"font-family: Ephesis; font-size: 26px;\">Bracelet boules 6mm.<\/span><\/p>\n<p><span style=\"font-family: Ephesis; font-size: 26px;\">Aventurine Verte qualit\u00e9 AB (Standard), provenance Br\u00e9sil.<\/span><\/p>\n<p><span style=\"font-family: Ephesis; font-size: 26px;\">Am\u00e9thyste qualit\u00e9 A (Bonne), provenance Br\u00e9sil.<\/span><\/p>\n<p><span style=\"font-family: Ephesis; font-size: 26px;\">Diam\u00e8<\/span><span style=\"font-family: Ephesis; font-size: 26px;\">tre en cm : 24-29 cm, avec chainette r\u00e9glable couleur or, acier inoxydable.<\/span><\/p>\n<p><span style=\"font-family: Ephesis; font-size: 26px;\">Breloques d\u00e9coratives.<\/span><\/p>\n","protected":false},"featured_media":1888,"comment_status":"closed","ping_status":"closed","template":"","meta":[],"product_brand":[],"product_cat":[576],"product_tag":[156,574,572,567,504,326,104,575,283,523,505],"class_list":{"0":"post-1887","1":"product","2":"type-product","3":"status-publish","4":"has-post-thumbnail","6":"product_cat-bracelets-cheville","7":"product_tag-apaisante","8":"product_tag-cauchemars","9":"product_tag-creativite","10":"product_tag-enfant","11":"product_tag-irritabilite","12":"product_tag-patience","13":"product_tag-peau","14":"product_tag-toc","15":"product_tag-tolerance","16":"product_tag-tranquillite-interieure","17":"product_tag-vision-claire","19":"first","20":"outofstock","21":"purchasable","22":"product-type-simple"},"yoast_head":"<!-- This site is optimized with the Yoast SEO plugin v27.1 - https:\/\/yoast.com\/product\/yoast-seo-wordpress\/ -->\n<title>Aventurine Verte AB - Am\u00e9thyste A - Produits en stock - Lumi\u00e8res de S\u00e9l\u00e9n\u00e9<\/title>\n<meta name=\"description\" content=\"Cliquez ici pour d\u00e9couvrir Aventurine Verte AB - Am\u00e9thyste A . Produits en stock d\u00e9part le jour m\u00eame ou le lendemain - Lumi\u00e8res de S\u00e9l\u00e9n\u00e9\" \/>\n<meta name=\"robots\" content=\"index, follow, max-snippet:-1, max-image-preview:large, max-video-preview:-1\" \/>\n<link rel=\"canonical\" href=\"https:\/\/lumieresdeselene.com\/index.php\/produit\/aventurine-verte-ab-amethyste-a\/\" \/>\n<meta property=\"og:locale\" content=\"fr_FR\" \/>\n<meta property=\"og:type\" content=\"article\" \/>\n<meta property=\"og:title\" content=\"Aventurine Verte AB - Am\u00e9thyste A - Produits en stock - Lumi\u00e8res de S\u00e9l\u00e9n\u00e9\" \/>\n<meta property=\"og:description\" content=\"Cliquez ici pour d\u00e9couvrir Aventurine Verte AB - Am\u00e9thyste A . Produits en stock d\u00e9part le jour m\u00eame ou le lendemain - Lumi\u00e8res de S\u00e9l\u00e9n\u00e9\" \/>\n<meta property=\"og:url\" content=\"https:\/\/lumieresdeselene.com\/index.php\/produit\/aventurine-verte-ab-amethyste-a\/\" \/>\n<meta property=\"og:site_name\" content=\"Lumi\u00e8res de S\u00e9l\u00e9n\u00e9\" \/>\n<meta property=\"article:publisher\" content=\"https:\/\/www.facebook.com\/lumieresdeselene\/\" \/>\n<meta property=\"article:modified_time\" content=\"2025-01-31T08:49:27+00:00\" \/>\n<meta property=\"og:image\" content=\"https:\/\/lumieresdeselene.com\/wp-content\/uploads\/2024\/07\/20240705_115811-scaled.jpg\" \/>\n\t<meta property=\"og:image:width\" content=\"2560\" \/>\n\t<meta property=\"og:image:height\" content=\"1914\" \/>\n\t<meta property=\"og:image:type\" content=\"image\/jpeg\" \/>\n<meta name=\"twitter:card\" content=\"summary_large_image\" \/>\n<meta name=\"twitter:label1\" content=\"Dur\u00e9e de lecture estim\u00e9e\" \/>\n\t<meta name=\"twitter:data1\" content=\"3 minutes\" \/>\n<script type=\"application\/ld+json\" class=\"yoast-schema-graph\">{\"@context\":\"https:\/\/schema.org\",\"@graph\":[{\"@type\":\"WebPage\",\"@id\":\"https:\/\/lumieresdeselene.com\/index.php\/produit\/aventurine-verte-ab-amethyste-a\/\",\"url\":\"https:\/\/lumieresdeselene.com\/index.php\/produit\/aventurine-verte-ab-amethyste-a\/\",\"name\":\"Aventurine Verte AB - Am\u00e9thyste A - Produits en stock - Lumi\u00e8res de S\u00e9l\u00e9n\u00e9\",\"isPartOf\":{\"@id\":\"https:\/\/lumieresdeselene.com\/#website\"},\"primaryImageOfPage\":{\"@id\":\"https:\/\/lumieresdeselene.com\/index.php\/produit\/aventurine-verte-ab-amethyste-a\/#primaryimage\"},\"image\":{\"@id\":\"https:\/\/lumieresdeselene.com\/index.php\/produit\/aventurine-verte-ab-amethyste-a\/#primaryimage\"},\"thumbnailUrl\":\"https:\/\/i0.wp.com\/lumieresdeselene.com\/wp-content\/uploads\/2024\/07\/20240705_115811-scaled.jpg?fit=2560%2C1914&ssl=1\",\"datePublished\":\"2024-07-08T13:21:07+00:00\",\"dateModified\":\"2025-01-31T08:49:27+00:00\",\"description\":\"Cliquez ici pour d\u00e9couvrir Aventurine Verte AB - Am\u00e9thyste A . Produits en stock d\u00e9part le jour m\u00eame ou le lendemain - Lumi\u00e8res de S\u00e9l\u00e9n\u00e9\",\"breadcrumb\":{\"@id\":\"https:\/\/lumieresdeselene.com\/index.php\/produit\/aventurine-verte-ab-amethyste-a\/#breadcrumb\"},\"inLanguage\":\"fr-FR\",\"potentialAction\":[{\"@type\":\"ReadAction\",\"target\":[\"https:\/\/lumieresdeselene.com\/index.php\/produit\/aventurine-verte-ab-amethyste-a\/\"]}]},{\"@type\":\"ImageObject\",\"inLanguage\":\"fr-FR\",\"@id\":\"https:\/\/lumieresdeselene.com\/index.php\/produit\/aventurine-verte-ab-amethyste-a\/#primaryimage\",\"url\":\"https:\/\/i0.wp.com\/lumieresdeselene.com\/wp-content\/uploads\/2024\/07\/20240705_115811-scaled.jpg?fit=2560%2C1914&ssl=1\",\"contentUrl\":\"https:\/\/i0.wp.com\/lumieresdeselene.com\/wp-content\/uploads\/2024\/07\/20240705_115811-scaled.jpg?fit=2560%2C1914&ssl=1\",\"width\":2560,\"height\":1914,\"caption\":\"Aventurine verte et am\u00e9thyste cheville 6\"},{\"@type\":\"BreadcrumbList\",\"@id\":\"https:\/\/lumieresdeselene.com\/index.php\/produit\/aventurine-verte-ab-amethyste-a\/#breadcrumb\",\"itemListElement\":[{\"@type\":\"ListItem\",\"position\":1,\"name\":\"Accueil\",\"item\":\"https:\/\/lumieresdeselene.com\/\"},{\"@type\":\"ListItem\",\"position\":2,\"name\":\"Boutique\",\"item\":\"https:\/\/lumieresdeselene.com\/index.php\/boutique\/\"},{\"@type\":\"ListItem\",\"position\":3,\"name\":\"Aventurine Verte AB &#8211; Am\u00e9thyste A\"}]},{\"@type\":\"WebSite\",\"@id\":\"https:\/\/lumieresdeselene.com\/#website\",\"url\":\"https:\/\/lumieresdeselene.com\/\",\"name\":\"Lumi\u00e8res de S\u00e9l\u00e9n\u00e9\",\"description\":\"Lumi\u00e8res de S\u00e9l\u00e9n\u00e9\",\"publisher\":{\"@id\":\"https:\/\/lumieresdeselene.com\/#organization\"},\"potentialAction\":[{\"@type\":\"SearchAction\",\"target\":{\"@type\":\"EntryPoint\",\"urlTemplate\":\"https:\/\/lumieresdeselene.com\/?s={search_term_string}\"},\"query-input\":{\"@type\":\"PropertyValueSpecification\",\"valueRequired\":true,\"valueName\":\"search_term_string\"}}],\"inLanguage\":\"fr-FR\"},{\"@type\":\"Organization\",\"@id\":\"https:\/\/lumieresdeselene.com\/#organization\",\"name\":\"Lumi\u00e8res de S\u00e9l\u00e9n\u00e9\",\"url\":\"https:\/\/lumieresdeselene.com\/\",\"logo\":{\"@type\":\"ImageObject\",\"inLanguage\":\"fr-FR\",\"@id\":\"https:\/\/lumieresdeselene.com\/#\/schema\/logo\/image\/\",\"url\":\"https:\/\/i0.wp.com\/lumieresdeselene.com\/wp-content\/uploads\/2024\/01\/Lumieres-de-Selene3.jpg?fit=500%2C500&ssl=1\",\"contentUrl\":\"https:\/\/i0.wp.com\/lumieresdeselene.com\/wp-content\/uploads\/2024\/01\/Lumieres-de-Selene3.jpg?fit=500%2C500&ssl=1\",\"width\":500,\"height\":500,\"caption\":\"Lumi\u00e8res de S\u00e9l\u00e9n\u00e9\"},\"image\":{\"@id\":\"https:\/\/lumieresdeselene.com\/#\/schema\/logo\/image\/\"},\"sameAs\":[\"https:\/\/www.facebook.com\/lumieresdeselene\/\",\"https:\/\/www.instagram.com\/lumieres.selene\/\"]}]}<\/script>\n<!-- \/ Yoast SEO plugin. -->","yoast_head_json":{"title":"Aventurine Verte AB - Am\u00e9thyste A - Produits en stock - Lumi\u00e8res de S\u00e9l\u00e9n\u00e9","description":"Cliquez ici pour d\u00e9couvrir Aventurine Verte AB - Am\u00e9thyste A . Produits en stock d\u00e9part le jour m\u00eame ou le lendemain - Lumi\u00e8res de S\u00e9l\u00e9n\u00e9","robots":{"index":"index","follow":"follow","max-snippet":"max-snippet:-1","max-image-preview":"max-image-preview:large","max-video-preview":"max-video-preview:-1"},"canonical":"https:\/\/lumieresdeselene.com\/index.php\/produit\/aventurine-verte-ab-amethyste-a\/","og_locale":"fr_FR","og_type":"article","og_title":"Aventurine Verte AB - Am\u00e9thyste A - Produits en stock - Lumi\u00e8res de S\u00e9l\u00e9n\u00e9","og_description":"Cliquez ici pour d\u00e9couvrir Aventurine Verte AB - Am\u00e9thyste A . Produits en stock d\u00e9part le jour m\u00eame ou le lendemain - Lumi\u00e8res de S\u00e9l\u00e9n\u00e9","og_url":"https:\/\/lumieresdeselene.com\/index.php\/produit\/aventurine-verte-ab-amethyste-a\/","og_site_name":"Lumi\u00e8res de S\u00e9l\u00e9n\u00e9","article_publisher":"https:\/\/www.facebook.com\/lumieresdeselene\/","article_modified_time":"2025-01-31T08:49:27+00:00","og_image":[{"width":2560,"height":1914,"url":"https:\/\/lumieresdeselene.com\/wp-content\/uploads\/2024\/07\/20240705_115811-scaled.jpg","type":"image\/jpeg"}],"twitter_card":"summary_large_image","twitter_misc":{"Dur\u00e9e de lecture estim\u00e9e":"3 minutes"},"schema":{"@context":"https:\/\/schema.org","@graph":[{"@type":"WebPage","@id":"https:\/\/lumieresdeselene.com\/index.php\/produit\/aventurine-verte-ab-amethyste-a\/","url":"https:\/\/lumieresdeselene.com\/index.php\/produit\/aventurine-verte-ab-amethyste-a\/","name":"Aventurine Verte AB - Am\u00e9thyste A - Produits en stock - Lumi\u00e8res de S\u00e9l\u00e9n\u00e9","isPartOf":{"@id":"https:\/\/lumieresdeselene.com\/#website"},"primaryImageOfPage":{"@id":"https:\/\/lumieresdeselene.com\/index.php\/produit\/aventurine-verte-ab-amethyste-a\/#primaryimage"},"image":{"@id":"https:\/\/lumieresdeselene.com\/index.php\/produit\/aventurine-verte-ab-amethyste-a\/#primaryimage"},"thumbnailUrl":"https:\/\/i0.wp.com\/lumieresdeselene.com\/wp-content\/uploads\/2024\/07\/20240705_115811-scaled.jpg?fit=2560%2C1914&ssl=1","datePublished":"2024-07-08T13:21:07+00:00","dateModified":"2025-01-31T08:49:27+00:00","description":"Cliquez ici pour d\u00e9couvrir Aventurine Verte AB - Am\u00e9thyste A . Produits en stock d\u00e9part le jour m\u00eame ou le lendemain - Lumi\u00e8res de S\u00e9l\u00e9n\u00e9","breadcrumb":{"@id":"https:\/\/lumieresdeselene.com\/index.php\/produit\/aventurine-verte-ab-amethyste-a\/#breadcrumb"},"inLanguage":"fr-FR","potentialAction":[{"@type":"ReadAction","target":["https:\/\/lumieresdeselene.com\/index.php\/produit\/aventurine-verte-ab-amethyste-a\/"]}]},{"@type":"ImageObject","inLanguage":"fr-FR","@id":"https:\/\/lumieresdeselene.com\/index.php\/produit\/aventurine-verte-ab-amethyste-a\/#primaryimage","url":"https:\/\/i0.wp.com\/lumieresdeselene.com\/wp-content\/uploads\/2024\/07\/20240705_115811-scaled.jpg?fit=2560%2C1914&ssl=1","contentUrl":"https:\/\/i0.wp.com\/lumieresdeselene.com\/wp-content\/uploads\/2024\/07\/20240705_115811-scaled.jpg?fit=2560%2C1914&ssl=1","width":2560,"height":1914,"caption":"Aventurine verte et am\u00e9thyste cheville 6"},{"@type":"BreadcrumbList","@id":"https:\/\/lumieresdeselene.com\/index.php\/produit\/aventurine-verte-ab-amethyste-a\/#breadcrumb","itemListElement":[{"@type":"ListItem","position":1,"name":"Accueil","item":"https:\/\/lumieresdeselene.com\/"},{"@type":"ListItem","position":2,"name":"Boutique","item":"https:\/\/lumieresdeselene.com\/index.php\/boutique\/"},{"@type":"ListItem","position":3,"name":"Aventurine Verte AB &#8211; Am\u00e9thyste A"}]},{"@type":"WebSite","@id":"https:\/\/lumieresdeselene.com\/#website","url":"https:\/\/lumieresdeselene.com\/","name":"Lumi\u00e8res de S\u00e9l\u00e9n\u00e9","description":"Lumi\u00e8res de S\u00e9l\u00e9n\u00e9","publisher":{"@id":"https:\/\/lumieresdeselene.com\/#organization"},"potentialAction":[{"@type":"SearchAction","target":{"@type":"EntryPoint","urlTemplate":"https:\/\/lumieresdeselene.com\/?s={search_term_string}"},"query-input":{"@type":"PropertyValueSpecification","valueRequired":true,"valueName":"search_term_string"}}],"inLanguage":"fr-FR"},{"@type":"Organization","@id":"https:\/\/lumieresdeselene.com\/#organization","name":"Lumi\u00e8res de S\u00e9l\u00e9n\u00e9","url":"https:\/\/lumieresdeselene.com\/","logo":{"@type":"ImageObject","inLanguage":"fr-FR","@id":"https:\/\/lumieresdeselene.com\/#\/schema\/logo\/image\/","url":"https:\/\/i0.wp.com\/lumieresdeselene.com\/wp-content\/uploads\/2024\/01\/Lumieres-de-Selene3.jpg?fit=500%2C500&ssl=1","contentUrl":"https:\/\/i0.wp.com\/lumieresdeselene.com\/wp-content\/uploads\/2024\/01\/Lumieres-de-Selene3.jpg?fit=500%2C500&ssl=1","width":500,"height":500,"caption":"Lumi\u00e8res de S\u00e9l\u00e9n\u00e9"},"image":{"@id":"https:\/\/lumieresdeselene.com\/#\/schema\/logo\/image\/"},"sameAs":["https:\/\/www.facebook.com\/lumieresdeselene\/","https:\/\/www.instagram.com\/lumieres.selene\/"]}]}},"jetpack_sharing_enabled":true,"_links":{"self":[{"href":"https:\/\/lumieresdeselene.com\/index.php\/wp-json\/wp\/v2\/product\/1887","targetHints":{"allow":["GET"]}}],"collection":[{"href":"https:\/\/lumieresdeselene.com\/index.php\/wp-json\/wp\/v2\/product"}],"about":[{"href":"https:\/\/lumieresdeselene.com\/index.php\/wp-json\/wp\/v2\/types\/product"}],"replies":[{"embeddable":true,"href":"https:\/\/lumieresdeselene.com\/index.php\/wp-json\/wp\/v2\/comments?post=1887"}],"wp:featuredmedia":[{"embeddable":true,"href":"https:\/\/lumieresdeselene.com\/index.php\/wp-json\/wp\/v2\/media\/1888"}],"wp:attachment":[{"href":"https:\/\/lumieresdeselene.com\/index.php\/wp-json\/wp\/v2\/media?parent=1887"}],"wp:term":[{"taxonomy":"product_brand","embeddable":true,"href":"https:\/\/lumieresdeselene.com\/index.php\/wp-json\/wp\/v2\/product_brand?post=1887"},{"taxonomy":"product_cat","embeddable":true,"href":"https:\/\/lumieresdeselene.com\/index.php\/wp-json\/wp\/v2\/product_cat?post=1887"},{"taxonomy":"product_tag","embeddable":true,"href":"https:\/\/lumieresdeselene.com\/index.php\/wp-json\/wp\/v2\/product_tag?post=1887"}],"curies":[{"name":"wp","href":"https:\/\/api.w.org\/{rel}","templated":true}]}}