{"id":1856,"date":"2024-07-08T12:18:14","date_gmt":"2024-07-08T10:18:14","guid":{"rendered":"https:\/\/lumieresdeselene.com\/?post_type=product&#038;p=1856"},"modified":"2025-01-31T09:49:31","modified_gmt":"2025-01-31T08:49:31","slug":"pierre-de-lune-rose-et-amazonite-enfant","status":"publish","type":"product","link":"https:\/\/lumieresdeselene.com\/index.php\/produit\/pierre-de-lune-rose-et-amazonite-enfant\/","title":{"rendered":"Pierre de Lune rose A et Amazonite AA"},"content":{"rendered":"<p><a href=\"https:\/\/lumieresdeselene.com\/index.php\/produit\/pierre-de-lune-multicolore-a-2\/\"><span style=\"font-family: Ephesis; font-size: 26px; color: #ff00ff;\"><strong>Pierre de Lune Rose : <\/strong><\/span><\/a><\/p>\n<p><span style=\"font-family: Ephesis; font-size: 26px; color: #000000;\">L\u2019origine de la pierre de <a style=\"color: #000000;\" href=\"https:\/\/lumieresdeselene.com\/index.php\/produit\/pierre-de-lune-multicolore-a\/\">lune<\/a>\u00a0remonte \u00e0 plusieurs si\u00e8cles.\u00a0Les cycles lunaires influencent la nature mais aussi les Hommes.\u00a0Ils modifient notre humeur, bouleversent notre cycle de sommeil.\u00a0Les civilisations comparent depuis tout temps les influences de l\u2019astre lunaire \u00e0 la Pierre de Lune.<\/span><\/p>\n<p><span style=\"font-family: Ephesis; font-size: 26px; color: #000000;\"><strong><u>Ses bienfaits sur le plan psychique<\/u><\/strong><\/span><\/p>\n<p><span style=\"font-family: Ephesis; font-size: 26px; color: #000000;\">La Pierre de Lune est synonyme de f\u00e9minit\u00e9, de maternit\u00e9 et d\u2019innocence.<\/span><\/p>\n<p><span style=\"font-family: Ephesis; font-size: 26px; color: #000000;\">Apaisante et b\u00e9n\u00e9fique au \u00ab moi \u00bb int\u00e9rieur et aux \u00e9motions en g\u00e9n\u00e9ral.<\/span><\/p>\n<p><span style=\"font-family: Ephesis; font-size: 26px; color: #000000;\">\u00c9limine les blocages d\u2019\u00e9nergie.<\/span><\/p>\n<p><span style=\"font-family: Ephesis; font-size: 26px; color: #000000;\">Apporte le calme et la ma\u00eetrise, l\u2019\u00e9quilibre, la confiance, le sang-froid, la s\u00e9r\u00e9nit\u00e9 d\u2019esprit, la bienveillance et la compassion.<\/span><\/p>\n<p><span style=\"font-family: Ephesis; font-size: 26px; color: #000000;\"><strong><u>Ses bienfaits sur le plan physique<\/u><\/strong><\/span><\/p>\n<p><span style=\"font-family: Ephesis; font-size: 26px; color: #000000;\">R\u00e9duit significativement le stress et les tensions.<\/span><\/p>\n<p><span style=\"font-family: Ephesis; font-size: 26px; color: #000000;\">Permet une r\u00e9duction des probl\u00e8mes de peau, notamment de l\u2019acn\u00e9.<\/span><\/p>\n<p><span style=\"font-family: Ephesis; font-size: 26px; color: #000000;\">Am\u00e9liore la qualit\u00e9 de la peau, des ongles et des cheveux.<\/span><\/p>\n<p><span style=\"font-family: Ephesis; font-size: 26px; color: #000000;\">Att\u00e9nue les affections d\u00e9g\u00e9n\u00e9ratives des yeux.<\/span><\/p>\n<p><span style=\"font-family: Ephesis; font-size: 26px; color: #000000;\">Favoriser la circulation sanguine.<\/span><\/p>\n<p>&nbsp;<\/p>\n<p><strong><span style=\"color: #339966;\"><a style=\"color: #339966;\" href=\"https:\/\/lumieresdeselene.com\/index.php\/produit\/amazonite-ronde-a\/\"><span style=\"font-family: Ephesis; font-size: 30px;\">Amazonite : <\/span><\/a><\/span><\/strong><\/p>\n<p><span style=\"font-family: Ephesis; font-size: 26px;\">En \u00c9gypte ancienne, elle joue un r\u00f4le tr\u00e8s important puisqu\u2019une grande partie du texte du livre des morts est inscrit sur une plaque d\u2019<a href=\"https:\/\/lumieresdeselene.com\/index.php\/produit\/amazonite-tete-de-loup\/\">Amazonite<\/a>. \u00c9crire un texte sacr\u00e9 sur cette pierre indique \u00e0 quel point elle leur \u00e9tait pr\u00e9cieuse. L\u2019\u00c9gypte fait \u00e9galement honneur \u00e0 la pierre en la faisant orner sur les diff\u00e9rents bijoux de Toutankhamon, notamment ceux trouv\u00e9s dans son c\u00e9l\u00e8bre sarcophage.<\/span><\/p>\n<p><span style=\"font-family: Ephesis; font-size: 26px;\"><strong><u>Ses bienfaits sur le plan psychique<\/u><\/strong><\/span><\/p>\n<p><span style=\"font-family: Ephesis; font-size: 26px;\">Elle incarne parfaitement la bienveillance et soutient l\u2019expression v\u00e9ritable de la tendresse amoureuse.<\/span><\/p>\n<p><span style=\"font-family: Ephesis; font-size: 26px;\">Diminue le stress mental et les tensions nerveuses, aide \u00e0 prendre du recul sur notre situation actuelle, dissipe l\u2019\u00e9nergie n\u00e9gative accumul\u00e9e (irritations, peur, anxi\u00e9t\u00e9).<\/span><\/p>\n<p><span style=\"font-family: Ephesis; font-size: 26px;\">Reli\u00e9e aux capacit\u00e9s d\u2019expression, notamment par la manifestation d\u2019une parole authentique et bienveillante.<\/span><\/p>\n<p><span style=\"font-family: Ephesis; font-size: 26px;\"><strong><u>Ses bienfaits sur le plan physique<\/u><\/strong><\/span><\/p>\n<p><span style=\"font-family: Ephesis; font-size: 26px;\">Renforce le syst\u00e8me immunitaire, r\u00e9gule le taux de cholest\u00e9rol.<\/span><\/p>\n<p><span style=\"font-family: Ephesis; font-size: 26px;\">Lutte contre toute d\u00e9pression en am\u00e9liorant l\u2019humeur et en calmant les personnes qui la porte.<\/span><\/p>\n<p><span style=\"font-family: Ephesis; font-size: 26px;\">Utile pour la purification du foie et des reins.<\/span><\/p>\n<p><span style=\"font-family: Ephesis; font-size: 26px;\">R\u00e9gulation des carences sexuelles li\u00e9es \u00e0 une forte \u00e9motivit\u00e9.<\/span><\/p>\n<p><span style=\"font-family: Ephesis; font-size: 26px;\">Conseill\u00e9e pour soulager tous les maux de la sph\u00e8re ORL.<\/span><\/p>\n<p><span style=\"font-family: Ephesis; font-size: 26px;\">Dissipe l\u2019\u00e9nergie n\u00e9gative et les blocages du syst\u00e8me nerveux.<\/span><\/p>\n<p><span style=\"font-family: Ephesis; font-size: 26px;\">Prot\u00e8ge des ondes \u00e9lectromagn\u00e9tiques, doit \u00eatre plac\u00e9e entre vous et la source de cette \u00e9mission.<\/span><\/p>\n<p>&nbsp;<\/p>\n<p><span style=\"font-family: Ephesis; font-size: 26px;\"><em><strong>La lithoth\u00e9rapie peut \u00eatre utilis\u00e9e en compl\u00e9ment des soins qui vous sont apport\u00e9s, mais ne remplace en aucun cas un avis m\u00e9dical et\/ ou traitement.<\/strong><\/em><\/span><\/p>\n<p><span style=\"font-family: Ephesis; font-size: 26px;\"><em>D\u00e9conseill\u00e9 aux enfants de moins de 3 ans. Pr\u00e9sente un risque d\u2019\u00e9touffement.<\/em><\/span><\/p>\n","protected":false},"excerpt":{"rendered":"<p><span style=\"font-family: Ephesis; font-size: 26px;\">Bracelet boules 6mm.<\/span><\/p>\n<p><span style=\"font-family: Ephesis; font-size: 26px;\">Pierre de Lune qualit\u00e9 A (Bonne), provenance Inde.<\/span><\/p>\n<p><span style=\"font-family: Ephesis; font-size: 26px;\">Amazonite qualit\u00e9 AA (Tr\u00e8s \u00e9lev\u00e9e), provenance Br\u00e9sil.<\/span><\/p>\n<p><span style=\"font-family: Ephesis; font-size: 26px;\">Diam\u00e8tre en cm : 12 &#8211; 17 cm, avec chainette r\u00e9glable couleur argent, acier inoxydable.<\/span><\/p>\n<p><span style=\"font-family: Ephesis; font-size: 26px;\">Breloques d\u00e9coratives.<\/span><\/p>\n","protected":false},"featured_media":2148,"comment_status":"closed","ping_status":"closed","template":"","meta":[],"product_brand":[],"product_cat":[397,395],"product_tag":[327,502,529,131,501,357],"class_list":{"0":"post-1856","1":"product","2":"type-product","3":"status-publish","4":"has-post-thumbnail","6":"product_cat-boules-6-mm-bracelet-enfant","7":"product_cat-bracelet-enfant","8":"product_tag-compassion","9":"product_tag-conflits-interieur","10":"product_tag-immunite","11":"product_tag-reconfort","12":"product_tag-stress-mental","13":"product_tag-tendresse","15":"first","16":"outofstock","17":"purchasable","18":"product-type-simple"},"yoast_head":"<!-- This site is optimized with the Yoast SEO plugin v27.1 - https:\/\/yoast.com\/product\/yoast-seo-wordpress\/ -->\n<title>Pierre de Lune rose A et Amazonite AA - Produits en stock - Lumi\u00e8res de S\u00e9l\u00e9n\u00e9<\/title>\n<meta name=\"description\" content=\"Cliquez ici pour d\u00e9couvrir Pierre de Lune rose A et Amazonite AA . Produits en stock d\u00e9part le jour m\u00eame ou le lendemain - Lumi\u00e8res de S\u00e9l\u00e9n\u00e9\" \/>\n<meta name=\"robots\" content=\"index, follow, max-snippet:-1, max-image-preview:large, max-video-preview:-1\" \/>\n<link rel=\"canonical\" href=\"https:\/\/lumieresdeselene.com\/index.php\/produit\/pierre-de-lune-rose-et-amazonite-enfant\/\" \/>\n<meta property=\"og:locale\" content=\"fr_FR\" \/>\n<meta property=\"og:type\" content=\"article\" \/>\n<meta property=\"og:title\" content=\"Pierre de Lune rose A et Amazonite AA - Produits en stock - Lumi\u00e8res de S\u00e9l\u00e9n\u00e9\" \/>\n<meta property=\"og:description\" content=\"Cliquez ici pour d\u00e9couvrir Pierre de Lune rose A et Amazonite AA . Produits en stock d\u00e9part le jour m\u00eame ou le lendemain - Lumi\u00e8res de S\u00e9l\u00e9n\u00e9\" \/>\n<meta property=\"og:url\" content=\"https:\/\/lumieresdeselene.com\/index.php\/produit\/pierre-de-lune-rose-et-amazonite-enfant\/\" \/>\n<meta property=\"og:site_name\" content=\"Lumi\u00e8res de S\u00e9l\u00e9n\u00e9\" \/>\n<meta property=\"article:publisher\" content=\"https:\/\/www.facebook.com\/lumieresdeselene\/\" \/>\n<meta property=\"article:modified_time\" content=\"2025-01-31T08:49:31+00:00\" \/>\n<meta property=\"og:image\" content=\"https:\/\/lumieresdeselene.com\/wp-content\/uploads\/2024\/07\/1728995325258-scaled.jpg\" \/>\n\t<meta property=\"og:image:width\" content=\"1920\" \/>\n\t<meta property=\"og:image:height\" content=\"2560\" \/>\n\t<meta property=\"og:image:type\" content=\"image\/jpeg\" \/>\n<meta name=\"twitter:card\" content=\"summary_large_image\" \/>\n<meta name=\"twitter:label1\" content=\"Dur\u00e9e de lecture estim\u00e9e\" \/>\n\t<meta name=\"twitter:data1\" content=\"3 minutes\" \/>\n<script type=\"application\/ld+json\" class=\"yoast-schema-graph\">{\"@context\":\"https:\/\/schema.org\",\"@graph\":[{\"@type\":\"WebPage\",\"@id\":\"https:\/\/lumieresdeselene.com\/index.php\/produit\/pierre-de-lune-rose-et-amazonite-enfant\/\",\"url\":\"https:\/\/lumieresdeselene.com\/index.php\/produit\/pierre-de-lune-rose-et-amazonite-enfant\/\",\"name\":\"Pierre de Lune rose A et Amazonite AA - Produits en stock - Lumi\u00e8res de S\u00e9l\u00e9n\u00e9\",\"isPartOf\":{\"@id\":\"https:\/\/lumieresdeselene.com\/#website\"},\"primaryImageOfPage\":{\"@id\":\"https:\/\/lumieresdeselene.com\/index.php\/produit\/pierre-de-lune-rose-et-amazonite-enfant\/#primaryimage\"},\"image\":{\"@id\":\"https:\/\/lumieresdeselene.com\/index.php\/produit\/pierre-de-lune-rose-et-amazonite-enfant\/#primaryimage\"},\"thumbnailUrl\":\"https:\/\/i0.wp.com\/lumieresdeselene.com\/wp-content\/uploads\/2024\/07\/1728995325258-scaled.jpg?fit=1920%2C2560&ssl=1\",\"datePublished\":\"2024-07-08T10:18:14+00:00\",\"dateModified\":\"2025-01-31T08:49:31+00:00\",\"description\":\"Cliquez ici pour d\u00e9couvrir Pierre de Lune rose A et Amazonite AA . Produits en stock d\u00e9part le jour m\u00eame ou le lendemain - Lumi\u00e8res de S\u00e9l\u00e9n\u00e9\",\"breadcrumb\":{\"@id\":\"https:\/\/lumieresdeselene.com\/index.php\/produit\/pierre-de-lune-rose-et-amazonite-enfant\/#breadcrumb\"},\"inLanguage\":\"fr-FR\",\"potentialAction\":[{\"@type\":\"ReadAction\",\"target\":[\"https:\/\/lumieresdeselene.com\/index.php\/produit\/pierre-de-lune-rose-et-amazonite-enfant\/\"]}]},{\"@type\":\"ImageObject\",\"inLanguage\":\"fr-FR\",\"@id\":\"https:\/\/lumieresdeselene.com\/index.php\/produit\/pierre-de-lune-rose-et-amazonite-enfant\/#primaryimage\",\"url\":\"https:\/\/i0.wp.com\/lumieresdeselene.com\/wp-content\/uploads\/2024\/07\/1728995325258-scaled.jpg?fit=1920%2C2560&ssl=1\",\"contentUrl\":\"https:\/\/i0.wp.com\/lumieresdeselene.com\/wp-content\/uploads\/2024\/07\/1728995325258-scaled.jpg?fit=1920%2C2560&ssl=1\",\"width\":1920,\"height\":2560,\"caption\":\"pierre de lune et amazonite enfant\"},{\"@type\":\"BreadcrumbList\",\"@id\":\"https:\/\/lumieresdeselene.com\/index.php\/produit\/pierre-de-lune-rose-et-amazonite-enfant\/#breadcrumb\",\"itemListElement\":[{\"@type\":\"ListItem\",\"position\":1,\"name\":\"Accueil\",\"item\":\"https:\/\/lumieresdeselene.com\/\"},{\"@type\":\"ListItem\",\"position\":2,\"name\":\"Boutique\",\"item\":\"https:\/\/lumieresdeselene.com\/index.php\/boutique\/\"},{\"@type\":\"ListItem\",\"position\":3,\"name\":\"Pierre de Lune rose A et Amazonite AA\"}]},{\"@type\":\"WebSite\",\"@id\":\"https:\/\/lumieresdeselene.com\/#website\",\"url\":\"https:\/\/lumieresdeselene.com\/\",\"name\":\"Lumi\u00e8res de S\u00e9l\u00e9n\u00e9\",\"description\":\"Lumi\u00e8res de S\u00e9l\u00e9n\u00e9\",\"publisher\":{\"@id\":\"https:\/\/lumieresdeselene.com\/#organization\"},\"potentialAction\":[{\"@type\":\"SearchAction\",\"target\":{\"@type\":\"EntryPoint\",\"urlTemplate\":\"https:\/\/lumieresdeselene.com\/?s={search_term_string}\"},\"query-input\":{\"@type\":\"PropertyValueSpecification\",\"valueRequired\":true,\"valueName\":\"search_term_string\"}}],\"inLanguage\":\"fr-FR\"},{\"@type\":\"Organization\",\"@id\":\"https:\/\/lumieresdeselene.com\/#organization\",\"name\":\"Lumi\u00e8res de S\u00e9l\u00e9n\u00e9\",\"url\":\"https:\/\/lumieresdeselene.com\/\",\"logo\":{\"@type\":\"ImageObject\",\"inLanguage\":\"fr-FR\",\"@id\":\"https:\/\/lumieresdeselene.com\/#\/schema\/logo\/image\/\",\"url\":\"https:\/\/i0.wp.com\/lumieresdeselene.com\/wp-content\/uploads\/2024\/01\/Lumieres-de-Selene3.jpg?fit=500%2C500&ssl=1\",\"contentUrl\":\"https:\/\/i0.wp.com\/lumieresdeselene.com\/wp-content\/uploads\/2024\/01\/Lumieres-de-Selene3.jpg?fit=500%2C500&ssl=1\",\"width\":500,\"height\":500,\"caption\":\"Lumi\u00e8res de S\u00e9l\u00e9n\u00e9\"},\"image\":{\"@id\":\"https:\/\/lumieresdeselene.com\/#\/schema\/logo\/image\/\"},\"sameAs\":[\"https:\/\/www.facebook.com\/lumieresdeselene\/\",\"https:\/\/www.instagram.com\/lumieres.selene\/\"]}]}<\/script>\n<!-- \/ Yoast SEO plugin. -->","yoast_head_json":{"title":"Pierre de Lune rose A et Amazonite AA - Produits en stock - Lumi\u00e8res de S\u00e9l\u00e9n\u00e9","description":"Cliquez ici pour d\u00e9couvrir Pierre de Lune rose A et Amazonite AA . Produits en stock d\u00e9part le jour m\u00eame ou le lendemain - Lumi\u00e8res de S\u00e9l\u00e9n\u00e9","robots":{"index":"index","follow":"follow","max-snippet":"max-snippet:-1","max-image-preview":"max-image-preview:large","max-video-preview":"max-video-preview:-1"},"canonical":"https:\/\/lumieresdeselene.com\/index.php\/produit\/pierre-de-lune-rose-et-amazonite-enfant\/","og_locale":"fr_FR","og_type":"article","og_title":"Pierre de Lune rose A et Amazonite AA - Produits en stock - Lumi\u00e8res de S\u00e9l\u00e9n\u00e9","og_description":"Cliquez ici pour d\u00e9couvrir Pierre de Lune rose A et Amazonite AA . Produits en stock d\u00e9part le jour m\u00eame ou le lendemain - Lumi\u00e8res de S\u00e9l\u00e9n\u00e9","og_url":"https:\/\/lumieresdeselene.com\/index.php\/produit\/pierre-de-lune-rose-et-amazonite-enfant\/","og_site_name":"Lumi\u00e8res de S\u00e9l\u00e9n\u00e9","article_publisher":"https:\/\/www.facebook.com\/lumieresdeselene\/","article_modified_time":"2025-01-31T08:49:31+00:00","og_image":[{"width":1920,"height":2560,"url":"https:\/\/lumieresdeselene.com\/wp-content\/uploads\/2024\/07\/1728995325258-scaled.jpg","type":"image\/jpeg"}],"twitter_card":"summary_large_image","twitter_misc":{"Dur\u00e9e de lecture estim\u00e9e":"3 minutes"},"schema":{"@context":"https:\/\/schema.org","@graph":[{"@type":"WebPage","@id":"https:\/\/lumieresdeselene.com\/index.php\/produit\/pierre-de-lune-rose-et-amazonite-enfant\/","url":"https:\/\/lumieresdeselene.com\/index.php\/produit\/pierre-de-lune-rose-et-amazonite-enfant\/","name":"Pierre de Lune rose A et Amazonite AA - Produits en stock - Lumi\u00e8res de S\u00e9l\u00e9n\u00e9","isPartOf":{"@id":"https:\/\/lumieresdeselene.com\/#website"},"primaryImageOfPage":{"@id":"https:\/\/lumieresdeselene.com\/index.php\/produit\/pierre-de-lune-rose-et-amazonite-enfant\/#primaryimage"},"image":{"@id":"https:\/\/lumieresdeselene.com\/index.php\/produit\/pierre-de-lune-rose-et-amazonite-enfant\/#primaryimage"},"thumbnailUrl":"https:\/\/i0.wp.com\/lumieresdeselene.com\/wp-content\/uploads\/2024\/07\/1728995325258-scaled.jpg?fit=1920%2C2560&ssl=1","datePublished":"2024-07-08T10:18:14+00:00","dateModified":"2025-01-31T08:49:31+00:00","description":"Cliquez ici pour d\u00e9couvrir Pierre de Lune rose A et Amazonite AA . Produits en stock d\u00e9part le jour m\u00eame ou le lendemain - Lumi\u00e8res de S\u00e9l\u00e9n\u00e9","breadcrumb":{"@id":"https:\/\/lumieresdeselene.com\/index.php\/produit\/pierre-de-lune-rose-et-amazonite-enfant\/#breadcrumb"},"inLanguage":"fr-FR","potentialAction":[{"@type":"ReadAction","target":["https:\/\/lumieresdeselene.com\/index.php\/produit\/pierre-de-lune-rose-et-amazonite-enfant\/"]}]},{"@type":"ImageObject","inLanguage":"fr-FR","@id":"https:\/\/lumieresdeselene.com\/index.php\/produit\/pierre-de-lune-rose-et-amazonite-enfant\/#primaryimage","url":"https:\/\/i0.wp.com\/lumieresdeselene.com\/wp-content\/uploads\/2024\/07\/1728995325258-scaled.jpg?fit=1920%2C2560&ssl=1","contentUrl":"https:\/\/i0.wp.com\/lumieresdeselene.com\/wp-content\/uploads\/2024\/07\/1728995325258-scaled.jpg?fit=1920%2C2560&ssl=1","width":1920,"height":2560,"caption":"pierre de lune et amazonite enfant"},{"@type":"BreadcrumbList","@id":"https:\/\/lumieresdeselene.com\/index.php\/produit\/pierre-de-lune-rose-et-amazonite-enfant\/#breadcrumb","itemListElement":[{"@type":"ListItem","position":1,"name":"Accueil","item":"https:\/\/lumieresdeselene.com\/"},{"@type":"ListItem","position":2,"name":"Boutique","item":"https:\/\/lumieresdeselene.com\/index.php\/boutique\/"},{"@type":"ListItem","position":3,"name":"Pierre de Lune rose A et Amazonite AA"}]},{"@type":"WebSite","@id":"https:\/\/lumieresdeselene.com\/#website","url":"https:\/\/lumieresdeselene.com\/","name":"Lumi\u00e8res de S\u00e9l\u00e9n\u00e9","description":"Lumi\u00e8res de S\u00e9l\u00e9n\u00e9","publisher":{"@id":"https:\/\/lumieresdeselene.com\/#organization"},"potentialAction":[{"@type":"SearchAction","target":{"@type":"EntryPoint","urlTemplate":"https:\/\/lumieresdeselene.com\/?s={search_term_string}"},"query-input":{"@type":"PropertyValueSpecification","valueRequired":true,"valueName":"search_term_string"}}],"inLanguage":"fr-FR"},{"@type":"Organization","@id":"https:\/\/lumieresdeselene.com\/#organization","name":"Lumi\u00e8res de S\u00e9l\u00e9n\u00e9","url":"https:\/\/lumieresdeselene.com\/","logo":{"@type":"ImageObject","inLanguage":"fr-FR","@id":"https:\/\/lumieresdeselene.com\/#\/schema\/logo\/image\/","url":"https:\/\/i0.wp.com\/lumieresdeselene.com\/wp-content\/uploads\/2024\/01\/Lumieres-de-Selene3.jpg?fit=500%2C500&ssl=1","contentUrl":"https:\/\/i0.wp.com\/lumieresdeselene.com\/wp-content\/uploads\/2024\/01\/Lumieres-de-Selene3.jpg?fit=500%2C500&ssl=1","width":500,"height":500,"caption":"Lumi\u00e8res de S\u00e9l\u00e9n\u00e9"},"image":{"@id":"https:\/\/lumieresdeselene.com\/#\/schema\/logo\/image\/"},"sameAs":["https:\/\/www.facebook.com\/lumieresdeselene\/","https:\/\/www.instagram.com\/lumieres.selene\/"]}]}},"jetpack_sharing_enabled":true,"_links":{"self":[{"href":"https:\/\/lumieresdeselene.com\/index.php\/wp-json\/wp\/v2\/product\/1856","targetHints":{"allow":["GET"]}}],"collection":[{"href":"https:\/\/lumieresdeselene.com\/index.php\/wp-json\/wp\/v2\/product"}],"about":[{"href":"https:\/\/lumieresdeselene.com\/index.php\/wp-json\/wp\/v2\/types\/product"}],"replies":[{"embeddable":true,"href":"https:\/\/lumieresdeselene.com\/index.php\/wp-json\/wp\/v2\/comments?post=1856"}],"wp:featuredmedia":[{"embeddable":true,"href":"https:\/\/lumieresdeselene.com\/index.php\/wp-json\/wp\/v2\/media\/2148"}],"wp:attachment":[{"href":"https:\/\/lumieresdeselene.com\/index.php\/wp-json\/wp\/v2\/media?parent=1856"}],"wp:term":[{"taxonomy":"product_brand","embeddable":true,"href":"https:\/\/lumieresdeselene.com\/index.php\/wp-json\/wp\/v2\/product_brand?post=1856"},{"taxonomy":"product_cat","embeddable":true,"href":"https:\/\/lumieresdeselene.com\/index.php\/wp-json\/wp\/v2\/product_cat?post=1856"},{"taxonomy":"product_tag","embeddable":true,"href":"https:\/\/lumieresdeselene.com\/index.php\/wp-json\/wp\/v2\/product_tag?post=1856"}],"curies":[{"name":"wp","href":"https:\/\/api.w.org\/{rel}","templated":true}]}}