{"id":1683,"date":"2024-05-02T11:38:51","date_gmt":"2024-05-02T09:38:51","guid":{"rendered":"https:\/\/lumieresdeselene.com\/?post_type=product&#038;p=1683"},"modified":"2026-03-01T17:00:13","modified_gmt":"2026-03-01T16:00:13","slug":"bougie-lithotherapie-madeleine-gourmande","status":"publish","type":"product","link":"https:\/\/lumieresdeselene.com\/index.php\/produit\/bougie-lithotherapie-madeleine-gourmande\/","title":{"rendered":"Bougie lithoth\u00e9rapie &#8211; Madeleine Gourmande &#8211; Cornaline"},"content":{"rendered":"<p><span style=\"font-family: Ephesis; font-size: 26px;\">Chaque bougie est unique, d\u00e9cor\u00e9e \u00e0 la main. <\/span><\/p>\n<p><span style=\"font-family: Ephesis; font-size: 26px;\">La cire utilis\u00e9e est de la cire de Soja 100% v\u00e9g\u00e9tale, V\u00e9gan, sans Ogm. <\/span><\/p>\n<p><span style=\"font-family: Ephesis; font-size: 26px;\">Nos parfums sont fran\u00e7ais (Grasse) et garantis sans Cmr (canc\u00e9rog\u00e8ne, mutag\u00e8ne, reprotoxique), non toxique.<\/span><\/p>\n<p><span style=\"font-family: Ephesis; font-size: 26px;\">M\u00e8ches en coton certifi\u00e9es Oeko-Tex.<\/span><\/p>\n<p>&nbsp;<\/p>\n<p><img data-recalc-dims=\"1\" fetchpriority=\"high\" decoding=\"async\" class=\"wp-image-1690 size-full\" src=\"https:\/\/i0.wp.com\/lumieresdeselene.com\/wp-content\/uploads\/2024\/05\/Pictogramme-nature-des-bougies.jpg?resize=756%2C720&#038;ssl=1\" alt=\"Pictogrammes de qualit\u00e9\" width=\"756\" height=\"720\" srcset=\"https:\/\/i0.wp.com\/lumieresdeselene.com\/wp-content\/uploads\/2024\/05\/Pictogramme-nature-des-bougies.jpg?w=756&amp;ssl=1 756w, https:\/\/i0.wp.com\/lumieresdeselene.com\/wp-content\/uploads\/2024\/05\/Pictogramme-nature-des-bougies.jpg?resize=300%2C286&amp;ssl=1 300w, https:\/\/i0.wp.com\/lumieresdeselene.com\/wp-content\/uploads\/2024\/05\/Pictogramme-nature-des-bougies.jpg?resize=416%2C396&amp;ssl=1 416w\" sizes=\"(max-width: 756px) 100vw, 756px\" \/><\/p>\n<p><span style=\"font-family: Ephesis; font-size: 26px;\"><strong>Ingr\u00e9dients\u00a0<\/strong>(que du bon !) : 93 % Cire de soja, 7 % parfum de Grasse.<\/span><\/p>\n<p><span style=\"font-family: Ephesis; font-size: 26px;\"><strong>Conseil d&rsquo;utilisation<\/strong> : Merci de vous reporter aux pictogrammes indiqu\u00e9s sur la bougie.<\/span><\/p>\n<p><span style=\"font-family: Ephesis; font-size: 26px;\"><strong>Informations<\/strong>\u00a0: Tenir hors de port\u00e9e des enfants. En cas de consultation d&rsquo;un m\u00e9decin, garder \u00e0 disposition le r\u00e9cipient ou l&rsquo;\u00e9tiquette. Produit non comestible.<\/span><\/p>\n<p><span style=\"font-family: Ephesis; font-size: 26px;\"><strong><em>Photo non contractuelle<\/em>.<\/strong>\u00a0Votre bougie pourra \u00eatre l\u00e9g\u00e8rement diff\u00e9rente car faite \u00e0 la main de fa\u00e7on artisanale.\u00a0<\/span><\/p>\n<p>&nbsp;<\/p>\n<p>&nbsp;<\/p>\n<p><span style=\"font-family: 'comic sans ms', sans-serif; font-size: 11px;\">Fds disponible si besoin.<\/span><\/p>\n<p><span style=\"font-size: 11px; font-family: 'comic sans ms', sans-serif;\">MENTIONS D&rsquo;AVERTISSEMENT ET DE DANGER<\/span><\/p>\n<p class=\"desc\"><span style=\"font-family: 'comic sans ms', sans-serif; font-size: 11px;\">Attention. H317 &#8211; Peut provoquer une allergie cutan\u00e9e, H412 &#8211; Nocif pour les organismes aquatiques, entra\u00eene des effets n\u00e9fastes \u00e0 long terme.<\/span><\/p>\n","protected":false},"excerpt":{"rendered":"<p><span style=\"font-family: Ephesis; font-size: 26px;\">Bougie unique d\u00e9cor\u00e9e \u00e0 la main avec une pierre <a href=\"https:\/\/lumieresdeselene.com\/index.php\/produit\/cornaline-a\/\">Cornaline<\/a> qualit\u00e9 A (Bonne), provenance Br\u00e9sil et parfum Madeleine Gourmande.<\/span><\/p>\n<p><span style=\"font-family: Ephesis; font-size: 26px;\">Cire de Soja 100% v\u00e9g\u00e9tale, V\u00e9gan, sans Ogm avec parfums de Grasse garantis sans Cmr.<\/span><\/p>\n<p><span style=\"font-family: Ephesis; font-size: 26px;\">Pyramide olfactive<\/span><\/p>\n<ul class=\"pyramide_texts\">\n<li class=\"first\"><span style=\"font-family: Ephesis; font-size: 26px;\">Famille Olfactive :\u00a0Gourmand<\/span><\/li>\n<li class=\"\"><span style=\"font-family: Ephesis; font-size: 26px;\">Notes de t\u00eate :\u00a0Lait, praline<\/span><\/li>\n<li class=\"\"><span style=\"font-family: Ephesis; font-size: 26px;\">Notes de c\u0153ur : Noix de coco, beurre<\/span><\/li>\n<li class=\"\"><span style=\"font-family: Ephesis; font-size: 26px;\">Notes de fond :\u00a0Vanille<\/span><\/li>\n<\/ul>\n","protected":false},"featured_media":1970,"comment_status":"closed","ping_status":"closed","template":"","meta":[],"product_brand":[],"product_cat":[550],"product_tag":[544,551],"class_list":{"0":"post-1683","1":"product","2":"type-product","3":"status-publish","4":"has-post-thumbnail","6":"product_cat-bougies-lithotherapie","7":"product_tag-bougie","8":"product_tag-lithotherapie","10":"first","11":"outofstock","12":"purchasable","13":"product-type-simple"},"yoast_head":"<!-- This site is optimized with the Yoast SEO plugin v27.1 - https:\/\/yoast.com\/product\/yoast-seo-wordpress\/ -->\n<title>Bougie lithoth\u00e9rapie - Madeleine Gourmande - Cornaline - Lumi\u00e8res de S\u00e9l\u00e9n\u00e9<\/title>\n<meta name=\"description\" content=\"Cliquez ici pour d\u00e9couvrir Bougie lithoth\u00e9rapie - Madeleine Gourmande - Cornaline . Produits en stock d\u00e9part le jour m\u00eame ou le lendemain - Lumi\u00e8res de S\u00e9l\u00e9n\u00e9\" \/>\n<meta name=\"robots\" content=\"index, follow, max-snippet:-1, max-image-preview:large, max-video-preview:-1\" \/>\n<link rel=\"canonical\" href=\"https:\/\/lumieresdeselene.com\/index.php\/produit\/bougie-lithotherapie-madeleine-gourmande\/\" \/>\n<meta property=\"og:locale\" content=\"fr_FR\" \/>\n<meta property=\"og:type\" content=\"article\" \/>\n<meta property=\"og:title\" content=\"Bougie lithoth\u00e9rapie - Madeleine Gourmande - Cornaline - Lumi\u00e8res de S\u00e9l\u00e9n\u00e9\" \/>\n<meta property=\"og:description\" content=\"Cliquez ici pour d\u00e9couvrir Bougie lithoth\u00e9rapie - Madeleine Gourmande - Cornaline . Produits en stock d\u00e9part le jour m\u00eame ou le lendemain - Lumi\u00e8res de S\u00e9l\u00e9n\u00e9\" \/>\n<meta property=\"og:url\" content=\"https:\/\/lumieresdeselene.com\/index.php\/produit\/bougie-lithotherapie-madeleine-gourmande\/\" \/>\n<meta property=\"og:site_name\" content=\"Lumi\u00e8res de S\u00e9l\u00e9n\u00e9\" \/>\n<meta property=\"article:publisher\" content=\"https:\/\/www.facebook.com\/lumieresdeselene\/\" \/>\n<meta property=\"article:modified_time\" content=\"2026-03-01T16:00:13+00:00\" \/>\n<meta property=\"og:image\" content=\"https:\/\/lumieresdeselene.com\/wp-content\/uploads\/2024\/05\/20240906_144021.jpg\" \/>\n\t<meta property=\"og:image:width\" content=\"2134\" \/>\n\t<meta property=\"og:image:height\" content=\"2424\" \/>\n\t<meta property=\"og:image:type\" content=\"image\/jpeg\" \/>\n<meta name=\"twitter:card\" content=\"summary_large_image\" \/>\n<meta name=\"twitter:label1\" content=\"Dur\u00e9e de lecture estim\u00e9e\" \/>\n\t<meta name=\"twitter:data1\" content=\"2 minutes\" \/>\n<script type=\"application\/ld+json\" class=\"yoast-schema-graph\">{\"@context\":\"https:\/\/schema.org\",\"@graph\":[{\"@type\":\"WebPage\",\"@id\":\"https:\/\/lumieresdeselene.com\/index.php\/produit\/bougie-lithotherapie-madeleine-gourmande\/\",\"url\":\"https:\/\/lumieresdeselene.com\/index.php\/produit\/bougie-lithotherapie-madeleine-gourmande\/\",\"name\":\"Bougie lithoth\u00e9rapie - Madeleine Gourmande - Cornaline - Lumi\u00e8res de S\u00e9l\u00e9n\u00e9\",\"isPartOf\":{\"@id\":\"https:\/\/lumieresdeselene.com\/#website\"},\"primaryImageOfPage\":{\"@id\":\"https:\/\/lumieresdeselene.com\/index.php\/produit\/bougie-lithotherapie-madeleine-gourmande\/#primaryimage\"},\"image\":{\"@id\":\"https:\/\/lumieresdeselene.com\/index.php\/produit\/bougie-lithotherapie-madeleine-gourmande\/#primaryimage\"},\"thumbnailUrl\":\"https:\/\/i0.wp.com\/lumieresdeselene.com\/wp-content\/uploads\/2024\/05\/20240906_144021.jpg?fit=2134%2C2424&ssl=1\",\"datePublished\":\"2024-05-02T09:38:51+00:00\",\"dateModified\":\"2026-03-01T16:00:13+00:00\",\"description\":\"Cliquez ici pour d\u00e9couvrir Bougie lithoth\u00e9rapie - Madeleine Gourmande - Cornaline . Produits en stock d\u00e9part le jour m\u00eame ou le lendemain - Lumi\u00e8res de S\u00e9l\u00e9n\u00e9\",\"breadcrumb\":{\"@id\":\"https:\/\/lumieresdeselene.com\/index.php\/produit\/bougie-lithotherapie-madeleine-gourmande\/#breadcrumb\"},\"inLanguage\":\"fr-FR\",\"potentialAction\":[{\"@type\":\"ReadAction\",\"target\":[\"https:\/\/lumieresdeselene.com\/index.php\/produit\/bougie-lithotherapie-madeleine-gourmande\/\"]}]},{\"@type\":\"ImageObject\",\"inLanguage\":\"fr-FR\",\"@id\":\"https:\/\/lumieresdeselene.com\/index.php\/produit\/bougie-lithotherapie-madeleine-gourmande\/#primaryimage\",\"url\":\"https:\/\/i0.wp.com\/lumieresdeselene.com\/wp-content\/uploads\/2024\/05\/20240906_144021.jpg?fit=2134%2C2424&ssl=1\",\"contentUrl\":\"https:\/\/i0.wp.com\/lumieresdeselene.com\/wp-content\/uploads\/2024\/05\/20240906_144021.jpg?fit=2134%2C2424&ssl=1\",\"width\":2134,\"height\":2424,\"caption\":\"Bougie madeleine gourmande\"},{\"@type\":\"BreadcrumbList\",\"@id\":\"https:\/\/lumieresdeselene.com\/index.php\/produit\/bougie-lithotherapie-madeleine-gourmande\/#breadcrumb\",\"itemListElement\":[{\"@type\":\"ListItem\",\"position\":1,\"name\":\"Accueil\",\"item\":\"https:\/\/lumieresdeselene.com\/\"},{\"@type\":\"ListItem\",\"position\":2,\"name\":\"Boutique\",\"item\":\"https:\/\/lumieresdeselene.com\/index.php\/boutique\/\"},{\"@type\":\"ListItem\",\"position\":3,\"name\":\"Bougie lithoth\u00e9rapie &#8211; Madeleine Gourmande &#8211; Cornaline\"}]},{\"@type\":\"WebSite\",\"@id\":\"https:\/\/lumieresdeselene.com\/#website\",\"url\":\"https:\/\/lumieresdeselene.com\/\",\"name\":\"Lumi\u00e8res de S\u00e9l\u00e9n\u00e9\",\"description\":\"Lumi\u00e8res de S\u00e9l\u00e9n\u00e9\",\"publisher\":{\"@id\":\"https:\/\/lumieresdeselene.com\/#organization\"},\"potentialAction\":[{\"@type\":\"SearchAction\",\"target\":{\"@type\":\"EntryPoint\",\"urlTemplate\":\"https:\/\/lumieresdeselene.com\/?s={search_term_string}\"},\"query-input\":{\"@type\":\"PropertyValueSpecification\",\"valueRequired\":true,\"valueName\":\"search_term_string\"}}],\"inLanguage\":\"fr-FR\"},{\"@type\":\"Organization\",\"@id\":\"https:\/\/lumieresdeselene.com\/#organization\",\"name\":\"Lumi\u00e8res de S\u00e9l\u00e9n\u00e9\",\"url\":\"https:\/\/lumieresdeselene.com\/\",\"logo\":{\"@type\":\"ImageObject\",\"inLanguage\":\"fr-FR\",\"@id\":\"https:\/\/lumieresdeselene.com\/#\/schema\/logo\/image\/\",\"url\":\"https:\/\/i0.wp.com\/lumieresdeselene.com\/wp-content\/uploads\/2024\/01\/Lumieres-de-Selene3.jpg?fit=500%2C500&ssl=1\",\"contentUrl\":\"https:\/\/i0.wp.com\/lumieresdeselene.com\/wp-content\/uploads\/2024\/01\/Lumieres-de-Selene3.jpg?fit=500%2C500&ssl=1\",\"width\":500,\"height\":500,\"caption\":\"Lumi\u00e8res de S\u00e9l\u00e9n\u00e9\"},\"image\":{\"@id\":\"https:\/\/lumieresdeselene.com\/#\/schema\/logo\/image\/\"},\"sameAs\":[\"https:\/\/www.facebook.com\/lumieresdeselene\/\",\"https:\/\/www.instagram.com\/lumieres.selene\/\"]}]}<\/script>\n<!-- \/ Yoast SEO plugin. -->","yoast_head_json":{"title":"Bougie lithoth\u00e9rapie - Madeleine Gourmande - Cornaline - Lumi\u00e8res de S\u00e9l\u00e9n\u00e9","description":"Cliquez ici pour d\u00e9couvrir Bougie lithoth\u00e9rapie - Madeleine Gourmande - Cornaline . Produits en stock d\u00e9part le jour m\u00eame ou le lendemain - Lumi\u00e8res de S\u00e9l\u00e9n\u00e9","robots":{"index":"index","follow":"follow","max-snippet":"max-snippet:-1","max-image-preview":"max-image-preview:large","max-video-preview":"max-video-preview:-1"},"canonical":"https:\/\/lumieresdeselene.com\/index.php\/produit\/bougie-lithotherapie-madeleine-gourmande\/","og_locale":"fr_FR","og_type":"article","og_title":"Bougie lithoth\u00e9rapie - Madeleine Gourmande - Cornaline - Lumi\u00e8res de S\u00e9l\u00e9n\u00e9","og_description":"Cliquez ici pour d\u00e9couvrir Bougie lithoth\u00e9rapie - Madeleine Gourmande - Cornaline . Produits en stock d\u00e9part le jour m\u00eame ou le lendemain - Lumi\u00e8res de S\u00e9l\u00e9n\u00e9","og_url":"https:\/\/lumieresdeselene.com\/index.php\/produit\/bougie-lithotherapie-madeleine-gourmande\/","og_site_name":"Lumi\u00e8res de S\u00e9l\u00e9n\u00e9","article_publisher":"https:\/\/www.facebook.com\/lumieresdeselene\/","article_modified_time":"2026-03-01T16:00:13+00:00","og_image":[{"width":2134,"height":2424,"url":"https:\/\/lumieresdeselene.com\/wp-content\/uploads\/2024\/05\/20240906_144021.jpg","type":"image\/jpeg"}],"twitter_card":"summary_large_image","twitter_misc":{"Dur\u00e9e de lecture estim\u00e9e":"2 minutes"},"schema":{"@context":"https:\/\/schema.org","@graph":[{"@type":"WebPage","@id":"https:\/\/lumieresdeselene.com\/index.php\/produit\/bougie-lithotherapie-madeleine-gourmande\/","url":"https:\/\/lumieresdeselene.com\/index.php\/produit\/bougie-lithotherapie-madeleine-gourmande\/","name":"Bougie lithoth\u00e9rapie - Madeleine Gourmande - Cornaline - Lumi\u00e8res de S\u00e9l\u00e9n\u00e9","isPartOf":{"@id":"https:\/\/lumieresdeselene.com\/#website"},"primaryImageOfPage":{"@id":"https:\/\/lumieresdeselene.com\/index.php\/produit\/bougie-lithotherapie-madeleine-gourmande\/#primaryimage"},"image":{"@id":"https:\/\/lumieresdeselene.com\/index.php\/produit\/bougie-lithotherapie-madeleine-gourmande\/#primaryimage"},"thumbnailUrl":"https:\/\/i0.wp.com\/lumieresdeselene.com\/wp-content\/uploads\/2024\/05\/20240906_144021.jpg?fit=2134%2C2424&ssl=1","datePublished":"2024-05-02T09:38:51+00:00","dateModified":"2026-03-01T16:00:13+00:00","description":"Cliquez ici pour d\u00e9couvrir Bougie lithoth\u00e9rapie - Madeleine Gourmande - Cornaline . Produits en stock d\u00e9part le jour m\u00eame ou le lendemain - Lumi\u00e8res de S\u00e9l\u00e9n\u00e9","breadcrumb":{"@id":"https:\/\/lumieresdeselene.com\/index.php\/produit\/bougie-lithotherapie-madeleine-gourmande\/#breadcrumb"},"inLanguage":"fr-FR","potentialAction":[{"@type":"ReadAction","target":["https:\/\/lumieresdeselene.com\/index.php\/produit\/bougie-lithotherapie-madeleine-gourmande\/"]}]},{"@type":"ImageObject","inLanguage":"fr-FR","@id":"https:\/\/lumieresdeselene.com\/index.php\/produit\/bougie-lithotherapie-madeleine-gourmande\/#primaryimage","url":"https:\/\/i0.wp.com\/lumieresdeselene.com\/wp-content\/uploads\/2024\/05\/20240906_144021.jpg?fit=2134%2C2424&ssl=1","contentUrl":"https:\/\/i0.wp.com\/lumieresdeselene.com\/wp-content\/uploads\/2024\/05\/20240906_144021.jpg?fit=2134%2C2424&ssl=1","width":2134,"height":2424,"caption":"Bougie madeleine gourmande"},{"@type":"BreadcrumbList","@id":"https:\/\/lumieresdeselene.com\/index.php\/produit\/bougie-lithotherapie-madeleine-gourmande\/#breadcrumb","itemListElement":[{"@type":"ListItem","position":1,"name":"Accueil","item":"https:\/\/lumieresdeselene.com\/"},{"@type":"ListItem","position":2,"name":"Boutique","item":"https:\/\/lumieresdeselene.com\/index.php\/boutique\/"},{"@type":"ListItem","position":3,"name":"Bougie lithoth\u00e9rapie &#8211; Madeleine Gourmande &#8211; Cornaline"}]},{"@type":"WebSite","@id":"https:\/\/lumieresdeselene.com\/#website","url":"https:\/\/lumieresdeselene.com\/","name":"Lumi\u00e8res de S\u00e9l\u00e9n\u00e9","description":"Lumi\u00e8res de S\u00e9l\u00e9n\u00e9","publisher":{"@id":"https:\/\/lumieresdeselene.com\/#organization"},"potentialAction":[{"@type":"SearchAction","target":{"@type":"EntryPoint","urlTemplate":"https:\/\/lumieresdeselene.com\/?s={search_term_string}"},"query-input":{"@type":"PropertyValueSpecification","valueRequired":true,"valueName":"search_term_string"}}],"inLanguage":"fr-FR"},{"@type":"Organization","@id":"https:\/\/lumieresdeselene.com\/#organization","name":"Lumi\u00e8res de S\u00e9l\u00e9n\u00e9","url":"https:\/\/lumieresdeselene.com\/","logo":{"@type":"ImageObject","inLanguage":"fr-FR","@id":"https:\/\/lumieresdeselene.com\/#\/schema\/logo\/image\/","url":"https:\/\/i0.wp.com\/lumieresdeselene.com\/wp-content\/uploads\/2024\/01\/Lumieres-de-Selene3.jpg?fit=500%2C500&ssl=1","contentUrl":"https:\/\/i0.wp.com\/lumieresdeselene.com\/wp-content\/uploads\/2024\/01\/Lumieres-de-Selene3.jpg?fit=500%2C500&ssl=1","width":500,"height":500,"caption":"Lumi\u00e8res de S\u00e9l\u00e9n\u00e9"},"image":{"@id":"https:\/\/lumieresdeselene.com\/#\/schema\/logo\/image\/"},"sameAs":["https:\/\/www.facebook.com\/lumieresdeselene\/","https:\/\/www.instagram.com\/lumieres.selene\/"]}]}},"jetpack_sharing_enabled":true,"_links":{"self":[{"href":"https:\/\/lumieresdeselene.com\/index.php\/wp-json\/wp\/v2\/product\/1683","targetHints":{"allow":["GET"]}}],"collection":[{"href":"https:\/\/lumieresdeselene.com\/index.php\/wp-json\/wp\/v2\/product"}],"about":[{"href":"https:\/\/lumieresdeselene.com\/index.php\/wp-json\/wp\/v2\/types\/product"}],"replies":[{"embeddable":true,"href":"https:\/\/lumieresdeselene.com\/index.php\/wp-json\/wp\/v2\/comments?post=1683"}],"wp:featuredmedia":[{"embeddable":true,"href":"https:\/\/lumieresdeselene.com\/index.php\/wp-json\/wp\/v2\/media\/1970"}],"wp:attachment":[{"href":"https:\/\/lumieresdeselene.com\/index.php\/wp-json\/wp\/v2\/media?parent=1683"}],"wp:term":[{"taxonomy":"product_brand","embeddable":true,"href":"https:\/\/lumieresdeselene.com\/index.php\/wp-json\/wp\/v2\/product_brand?post=1683"},{"taxonomy":"product_cat","embeddable":true,"href":"https:\/\/lumieresdeselene.com\/index.php\/wp-json\/wp\/v2\/product_cat?post=1683"},{"taxonomy":"product_tag","embeddable":true,"href":"https:\/\/lumieresdeselene.com\/index.php\/wp-json\/wp\/v2\/product_tag?post=1683"}],"curies":[{"name":"wp","href":"https:\/\/api.w.org\/{rel}","templated":true}]}}