{"id":1597,"date":"2024-04-08T12:46:27","date_gmt":"2024-04-08T10:46:27","guid":{"rendered":"https:\/\/lumieresdeselene.com\/?post_type=product&#038;p=1597"},"modified":"2025-01-31T09:40:20","modified_gmt":"2025-01-31T08:40:20","slug":"malachite-foncee-aa","status":"publish","type":"product","link":"https:\/\/lumieresdeselene.com\/index.php\/produit\/malachite-foncee-aa\/","title":{"rendered":"Malachite fonc\u00e9e AA"},"content":{"rendered":"<p><span style=\"font-family: Ephesis;font-size: 26px\">La pr\u00e9dominance du vert est d\u00fb au cuivre contenu \u00e0 l\u2019int\u00e9rieur.<\/span><\/p>\n<p><span style=\"font-family: Ephesis;font-size: 26px\">Les \u00c9gyptiens furent les premiers \u00e0 l\u2019utiliser pour prot\u00e9ger les femmes enceintes, durant leurs grossesses elles avaient pour habitude de porter une\u00a0pierre malachite\u00a0autour du cou.<\/span><\/p>\n<p><span style=\"font-family: Ephesis;font-size: 26px\">La malachite \u00e9tait associ\u00e9e \u00e0 Thou\u00e9ris, la d\u00e9esse hippopotame protectrice de la maternit\u00e9 et \u00e9tait le symbole de la renaissance, de la jeunesse \u00e9ternelle et de la vie apr\u00e8s la mort.<\/span><\/p>\n<p><span style=\"font-family: Ephesis;font-size: 26px\">Au Moyen-\u00e2ge, on l\u2019utiliser comme un bouclier pour lutter contre le mauvais \u0153il.<\/span><\/p>\n<p><span style=\"font-family: Ephesis;font-size: 26px\">Au ch\u00e2teau de Versailles le salon de l\u2019empereur \u00ab\u00a0la salle des malachites\u00a0\u00bb est d\u00e9cor\u00e9e avec des objets d\u2019arts en malachite offert par le Tsar Alexandre I \u00e0 Napol\u00e9on I.<\/span><\/p>\n<p><span style=\"font-family: Ephesis;font-size: 26px\"><strong><u>Ses bienfaits sur le plan psychique<\/u><\/strong><\/span><\/p>\n<p><span style=\"font-family: Ephesis;font-size: 26px\"><strong>\u00a0<\/strong>Rassure, donne de l\u2019assurance.<\/span><\/p>\n<p><span style=\"font-family: Ephesis;font-size: 26px\">Renforce la capacit\u00e9 de persuasion, amenant un discours structur\u00e9, pos\u00e9 et concis.<\/span><\/p>\n<p><span style=\"font-family: Ephesis;font-size: 26px\">Sur le chakra du c\u0153ur, id\u00e9ale pour un r\u00e9\u00e9quilibrage\u00a0de l\u2019ensemble de l\u2019organisme.<\/span><\/p>\n<p><span style=\"font-family: Ephesis;font-size: 26px\">Lib\u00e8re\u00a0des blocages \u00e9motionnels et affectifs enfouis, \u00e9limine les angoisses\u00a0et les craintes.<\/span><\/p>\n<p><span style=\"font-family: Ephesis;font-size: 26px\">Lutte contre les \u00e9tats d\u00e9pressifs\u00a0en irradiant\u00a0de puissantes ondes positives.<\/span><\/p>\n<p><span style=\"font-family: Ephesis;font-size: 26px\">Pierre de protection, sert de bouclier, \u00e9loigne les cauchemars et favorise un sommeil serein.<\/span><\/p>\n<p><span style=\"font-family: Ephesis;font-size: 26px\">Absorbe sans peine les polluants et les \u00e9nergies n\u00e9gatives du corps.<\/span><\/p>\n<p><span style=\"font-family: Ephesis;font-size: 26px\">Purifie et active les chakras, mets en harmonie avec la direction spirituelle.<\/span><\/p>\n<p><span style=\"font-family: Ephesis;font-size: 26px\">Mets en lumi\u00e8re ce qui bloque la croissance spirituelle et l\u2019acc\u00e8s \u00e0 son \u00e9panouissement.<\/span><\/p>\n<p><span style=\"font-family: Ephesis;font-size: 26px\">D\u00e9veloppe l\u2019empathie et harmonise vos relations avec autrui.<\/span><\/p>\n<p><span style=\"font-family: Ephesis;font-size: 26px\"><strong><u>Ses bienfaits sur le plan physique<\/u><\/strong><\/span><\/p>\n<p><span style=\"font-family: Ephesis;font-size: 26px\">Apaise la plupart des douleurs, d\u2019origine nerveuse, musculaire ou articulaire.<\/span><\/p>\n<p><span style=\"font-family: Ephesis;font-size: 26px\">Propri\u00e9t\u00e9s anti-inflammatoires, antispasmodiques et anti-infectieuses de sa forte teneur en cuivre.<\/span><\/p>\n<p><span style=\"font-family: Ephesis;font-size: 26px\">R\u00e9gule la circulation sanguine et facilite l\u2019\u00e9limination des toxines du corps.<\/span><\/p>\n<p><span style=\"font-family: Ephesis;font-size: 26px\">Renforcer le syst\u00e8me immunitaire.<\/span><\/p>\n<p><span style=\"font-family: Ephesis;font-size: 26px\">Am\u00e9liore l\u2019endurance physique\u00a0chez les sportifs et r\u00e9duit la sensation de fatigue.<\/span><\/p>\n<p><span style=\"font-family: Ephesis;font-size: 26px\">Absorbe l\u2019\u00e9nergie qui n\u2019a pas \u00e9t\u00e9 \u00e9vacu\u00e9e des hyperactifs et magn\u00e9tiseurs.<\/span><\/p>\n<p>&nbsp;<\/p>\n<p><span style=\"font-family: Ephesis;font-size: 26px\"><strong>Pierre plut\u00f4t fragile et sensible \u00e0 la chaleur et \u00e0 l\u2019eau ne pas la laisser plus de 10 minutes et bien la s\u00e9cher.<\/strong><\/span><\/p>\n<p><span style=\"font-family: Ephesis;font-size: 26px\"><strong>Se porte de pr\u00e9f\u00e9rence seule car a tendance \u00e0 absorber toutes les \u00e9nergies environnantes, m\u00eame celles des autres min\u00e9raux.<\/strong><\/span><\/p>\n<p><span style=\"font-family: Ephesis;font-size: 26px\"><strong><em>La lithoth\u00e9rapie peut \u00eatre utilis\u00e9e en compl\u00e9ment des soins qui vous sont apport\u00e9s, mais ne remplace en aucun cas un avis m\u00e9dical et\/ ou traitement.<\/em><\/strong><\/span><\/p>\n<p><span style=\"font-family: Ephesis;font-size: 26px\"><em>D\u00e9conseill\u00e9 aux enfants de moins de 3 ans. Pr\u00e9sente un risque d\u2019\u00e9touffement.<\/em><\/span><\/p>\n","protected":false},"excerpt":{"rendered":"<p><span style=\"font-family: Ephesis;font-size: 26px\">Bracelet boules 8mm, qualit\u00e9 AA (Tr\u00e8s Elev\u00e9e), provenance Congo.<\/span><\/p>\n<p><span style=\"font-family: Ephesis;font-size: 26px\">Diam\u00e8tre en cm : 18-20 cm.<\/span><\/p>\n","protected":false},"featured_media":1598,"comment_status":"closed","ping_status":"closed","template":"","meta":[],"product_brand":[],"product_cat":[393,392],"product_tag":[519,517,95,518,122],"class_list":{"0":"post-1597","1":"product","2":"type-product","3":"status-publish","4":"has-post-thumbnail","6":"product_cat-boules-8mm","7":"product_cat-bracelets-homme","8":"product_tag-absorbe-la-negativite","9":"product_tag-anti-inflammatoires","10":"product_tag-hyperactivite","11":"product_tag-rassurante","12":"product_tag-relation","14":"first","15":"instock","16":"purchasable","17":"product-type-simple"},"yoast_head":"<!-- This site is optimized with the Yoast SEO plugin v27.1 - https:\/\/yoast.com\/product\/yoast-seo-wordpress\/ -->\n<title>Malachite fonc\u00e9e AA - Produits en stock - Lumi\u00e8res de S\u00e9l\u00e9n\u00e9<\/title>\n<meta name=\"description\" content=\"Cliquez ici pour d\u00e9couvrir Malachite fonc\u00e9e AA . Produits en stock d\u00e9part le jour m\u00eame ou le lendemain - Lumi\u00e8res de S\u00e9l\u00e9n\u00e9\" \/>\n<meta name=\"robots\" content=\"index, follow, max-snippet:-1, max-image-preview:large, max-video-preview:-1\" \/>\n<link rel=\"canonical\" href=\"https:\/\/lumieresdeselene.com\/index.php\/produit\/malachite-foncee-aa\/\" \/>\n<meta property=\"og:locale\" content=\"fr_FR\" \/>\n<meta property=\"og:type\" content=\"article\" \/>\n<meta property=\"og:title\" content=\"Malachite fonc\u00e9e AA - Produits en stock - Lumi\u00e8res de S\u00e9l\u00e9n\u00e9\" \/>\n<meta property=\"og:description\" content=\"Cliquez ici pour d\u00e9couvrir Malachite fonc\u00e9e AA . Produits en stock d\u00e9part le jour m\u00eame ou le lendemain - Lumi\u00e8res de S\u00e9l\u00e9n\u00e9\" \/>\n<meta property=\"og:url\" content=\"https:\/\/lumieresdeselene.com\/index.php\/produit\/malachite-foncee-aa\/\" \/>\n<meta property=\"og:site_name\" content=\"Lumi\u00e8res de S\u00e9l\u00e9n\u00e9\" \/>\n<meta property=\"article:publisher\" content=\"https:\/\/www.facebook.com\/lumieresdeselene\/\" \/>\n<meta property=\"article:modified_time\" content=\"2025-01-31T08:40:20+00:00\" \/>\n<meta property=\"og:image\" content=\"https:\/\/lumieresdeselene.com\/wp-content\/uploads\/2024\/04\/IMG_1688.jpg\" \/>\n\t<meta property=\"og:image:width\" content=\"2033\" \/>\n\t<meta property=\"og:image:height\" content=\"1833\" \/>\n\t<meta property=\"og:image:type\" content=\"image\/jpeg\" \/>\n<meta name=\"twitter:card\" content=\"summary_large_image\" \/>\n<meta name=\"twitter:label1\" content=\"Dur\u00e9e de lecture estim\u00e9e\" \/>\n\t<meta name=\"twitter:data1\" content=\"3 minutes\" \/>\n<script type=\"application\/ld+json\" class=\"yoast-schema-graph\">{\"@context\":\"https:\/\/schema.org\",\"@graph\":[{\"@type\":\"WebPage\",\"@id\":\"https:\/\/lumieresdeselene.com\/index.php\/produit\/malachite-foncee-aa\/\",\"url\":\"https:\/\/lumieresdeselene.com\/index.php\/produit\/malachite-foncee-aa\/\",\"name\":\"Malachite fonc\u00e9e AA - Produits en stock - Lumi\u00e8res de S\u00e9l\u00e9n\u00e9\",\"isPartOf\":{\"@id\":\"https:\/\/lumieresdeselene.com\/#website\"},\"primaryImageOfPage\":{\"@id\":\"https:\/\/lumieresdeselene.com\/index.php\/produit\/malachite-foncee-aa\/#primaryimage\"},\"image\":{\"@id\":\"https:\/\/lumieresdeselene.com\/index.php\/produit\/malachite-foncee-aa\/#primaryimage\"},\"thumbnailUrl\":\"https:\/\/i0.wp.com\/lumieresdeselene.com\/wp-content\/uploads\/2024\/04\/IMG_1688.jpg?fit=2033%2C1833&ssl=1\",\"datePublished\":\"2024-04-08T10:46:27+00:00\",\"dateModified\":\"2025-01-31T08:40:20+00:00\",\"description\":\"Cliquez ici pour d\u00e9couvrir Malachite fonc\u00e9e AA . Produits en stock d\u00e9part le jour m\u00eame ou le lendemain - Lumi\u00e8res de S\u00e9l\u00e9n\u00e9\",\"breadcrumb\":{\"@id\":\"https:\/\/lumieresdeselene.com\/index.php\/produit\/malachite-foncee-aa\/#breadcrumb\"},\"inLanguage\":\"fr-FR\",\"potentialAction\":[{\"@type\":\"ReadAction\",\"target\":[\"https:\/\/lumieresdeselene.com\/index.php\/produit\/malachite-foncee-aa\/\"]}]},{\"@type\":\"ImageObject\",\"inLanguage\":\"fr-FR\",\"@id\":\"https:\/\/lumieresdeselene.com\/index.php\/produit\/malachite-foncee-aa\/#primaryimage\",\"url\":\"https:\/\/i0.wp.com\/lumieresdeselene.com\/wp-content\/uploads\/2024\/04\/IMG_1688.jpg?fit=2033%2C1833&ssl=1\",\"contentUrl\":\"https:\/\/i0.wp.com\/lumieresdeselene.com\/wp-content\/uploads\/2024\/04\/IMG_1688.jpg?fit=2033%2C1833&ssl=1\",\"width\":2033,\"height\":1833,\"caption\":\"Malachite fonc\u00e9e AA\"},{\"@type\":\"BreadcrumbList\",\"@id\":\"https:\/\/lumieresdeselene.com\/index.php\/produit\/malachite-foncee-aa\/#breadcrumb\",\"itemListElement\":[{\"@type\":\"ListItem\",\"position\":1,\"name\":\"Accueil\",\"item\":\"https:\/\/lumieresdeselene.com\/\"},{\"@type\":\"ListItem\",\"position\":2,\"name\":\"Boutique\",\"item\":\"https:\/\/lumieresdeselene.com\/index.php\/boutique\/\"},{\"@type\":\"ListItem\",\"position\":3,\"name\":\"Malachite fonc\u00e9e AA\"}]},{\"@type\":\"WebSite\",\"@id\":\"https:\/\/lumieresdeselene.com\/#website\",\"url\":\"https:\/\/lumieresdeselene.com\/\",\"name\":\"Lumi\u00e8res de S\u00e9l\u00e9n\u00e9\",\"description\":\"Lumi\u00e8res de S\u00e9l\u00e9n\u00e9\",\"publisher\":{\"@id\":\"https:\/\/lumieresdeselene.com\/#organization\"},\"potentialAction\":[{\"@type\":\"SearchAction\",\"target\":{\"@type\":\"EntryPoint\",\"urlTemplate\":\"https:\/\/lumieresdeselene.com\/?s={search_term_string}\"},\"query-input\":{\"@type\":\"PropertyValueSpecification\",\"valueRequired\":true,\"valueName\":\"search_term_string\"}}],\"inLanguage\":\"fr-FR\"},{\"@type\":\"Organization\",\"@id\":\"https:\/\/lumieresdeselene.com\/#organization\",\"name\":\"Lumi\u00e8res de S\u00e9l\u00e9n\u00e9\",\"url\":\"https:\/\/lumieresdeselene.com\/\",\"logo\":{\"@type\":\"ImageObject\",\"inLanguage\":\"fr-FR\",\"@id\":\"https:\/\/lumieresdeselene.com\/#\/schema\/logo\/image\/\",\"url\":\"https:\/\/i0.wp.com\/lumieresdeselene.com\/wp-content\/uploads\/2024\/01\/Lumieres-de-Selene3.jpg?fit=500%2C500&ssl=1\",\"contentUrl\":\"https:\/\/i0.wp.com\/lumieresdeselene.com\/wp-content\/uploads\/2024\/01\/Lumieres-de-Selene3.jpg?fit=500%2C500&ssl=1\",\"width\":500,\"height\":500,\"caption\":\"Lumi\u00e8res de S\u00e9l\u00e9n\u00e9\"},\"image\":{\"@id\":\"https:\/\/lumieresdeselene.com\/#\/schema\/logo\/image\/\"},\"sameAs\":[\"https:\/\/www.facebook.com\/lumieresdeselene\/\",\"https:\/\/www.instagram.com\/lumieres.selene\/\"]}]}<\/script>\n<!-- \/ Yoast SEO plugin. -->","yoast_head_json":{"title":"Malachite fonc\u00e9e AA - Produits en stock - Lumi\u00e8res de S\u00e9l\u00e9n\u00e9","description":"Cliquez ici pour d\u00e9couvrir Malachite fonc\u00e9e AA . Produits en stock d\u00e9part le jour m\u00eame ou le lendemain - Lumi\u00e8res de S\u00e9l\u00e9n\u00e9","robots":{"index":"index","follow":"follow","max-snippet":"max-snippet:-1","max-image-preview":"max-image-preview:large","max-video-preview":"max-video-preview:-1"},"canonical":"https:\/\/lumieresdeselene.com\/index.php\/produit\/malachite-foncee-aa\/","og_locale":"fr_FR","og_type":"article","og_title":"Malachite fonc\u00e9e AA - Produits en stock - Lumi\u00e8res de S\u00e9l\u00e9n\u00e9","og_description":"Cliquez ici pour d\u00e9couvrir Malachite fonc\u00e9e AA . Produits en stock d\u00e9part le jour m\u00eame ou le lendemain - Lumi\u00e8res de S\u00e9l\u00e9n\u00e9","og_url":"https:\/\/lumieresdeselene.com\/index.php\/produit\/malachite-foncee-aa\/","og_site_name":"Lumi\u00e8res de S\u00e9l\u00e9n\u00e9","article_publisher":"https:\/\/www.facebook.com\/lumieresdeselene\/","article_modified_time":"2025-01-31T08:40:20+00:00","og_image":[{"width":2033,"height":1833,"url":"https:\/\/lumieresdeselene.com\/wp-content\/uploads\/2024\/04\/IMG_1688.jpg","type":"image\/jpeg"}],"twitter_card":"summary_large_image","twitter_misc":{"Dur\u00e9e de lecture estim\u00e9e":"3 minutes"},"schema":{"@context":"https:\/\/schema.org","@graph":[{"@type":"WebPage","@id":"https:\/\/lumieresdeselene.com\/index.php\/produit\/malachite-foncee-aa\/","url":"https:\/\/lumieresdeselene.com\/index.php\/produit\/malachite-foncee-aa\/","name":"Malachite fonc\u00e9e AA - Produits en stock - Lumi\u00e8res de S\u00e9l\u00e9n\u00e9","isPartOf":{"@id":"https:\/\/lumieresdeselene.com\/#website"},"primaryImageOfPage":{"@id":"https:\/\/lumieresdeselene.com\/index.php\/produit\/malachite-foncee-aa\/#primaryimage"},"image":{"@id":"https:\/\/lumieresdeselene.com\/index.php\/produit\/malachite-foncee-aa\/#primaryimage"},"thumbnailUrl":"https:\/\/i0.wp.com\/lumieresdeselene.com\/wp-content\/uploads\/2024\/04\/IMG_1688.jpg?fit=2033%2C1833&ssl=1","datePublished":"2024-04-08T10:46:27+00:00","dateModified":"2025-01-31T08:40:20+00:00","description":"Cliquez ici pour d\u00e9couvrir Malachite fonc\u00e9e AA . Produits en stock d\u00e9part le jour m\u00eame ou le lendemain - Lumi\u00e8res de S\u00e9l\u00e9n\u00e9","breadcrumb":{"@id":"https:\/\/lumieresdeselene.com\/index.php\/produit\/malachite-foncee-aa\/#breadcrumb"},"inLanguage":"fr-FR","potentialAction":[{"@type":"ReadAction","target":["https:\/\/lumieresdeselene.com\/index.php\/produit\/malachite-foncee-aa\/"]}]},{"@type":"ImageObject","inLanguage":"fr-FR","@id":"https:\/\/lumieresdeselene.com\/index.php\/produit\/malachite-foncee-aa\/#primaryimage","url":"https:\/\/i0.wp.com\/lumieresdeselene.com\/wp-content\/uploads\/2024\/04\/IMG_1688.jpg?fit=2033%2C1833&ssl=1","contentUrl":"https:\/\/i0.wp.com\/lumieresdeselene.com\/wp-content\/uploads\/2024\/04\/IMG_1688.jpg?fit=2033%2C1833&ssl=1","width":2033,"height":1833,"caption":"Malachite fonc\u00e9e AA"},{"@type":"BreadcrumbList","@id":"https:\/\/lumieresdeselene.com\/index.php\/produit\/malachite-foncee-aa\/#breadcrumb","itemListElement":[{"@type":"ListItem","position":1,"name":"Accueil","item":"https:\/\/lumieresdeselene.com\/"},{"@type":"ListItem","position":2,"name":"Boutique","item":"https:\/\/lumieresdeselene.com\/index.php\/boutique\/"},{"@type":"ListItem","position":3,"name":"Malachite fonc\u00e9e AA"}]},{"@type":"WebSite","@id":"https:\/\/lumieresdeselene.com\/#website","url":"https:\/\/lumieresdeselene.com\/","name":"Lumi\u00e8res de S\u00e9l\u00e9n\u00e9","description":"Lumi\u00e8res de S\u00e9l\u00e9n\u00e9","publisher":{"@id":"https:\/\/lumieresdeselene.com\/#organization"},"potentialAction":[{"@type":"SearchAction","target":{"@type":"EntryPoint","urlTemplate":"https:\/\/lumieresdeselene.com\/?s={search_term_string}"},"query-input":{"@type":"PropertyValueSpecification","valueRequired":true,"valueName":"search_term_string"}}],"inLanguage":"fr-FR"},{"@type":"Organization","@id":"https:\/\/lumieresdeselene.com\/#organization","name":"Lumi\u00e8res de S\u00e9l\u00e9n\u00e9","url":"https:\/\/lumieresdeselene.com\/","logo":{"@type":"ImageObject","inLanguage":"fr-FR","@id":"https:\/\/lumieresdeselene.com\/#\/schema\/logo\/image\/","url":"https:\/\/i0.wp.com\/lumieresdeselene.com\/wp-content\/uploads\/2024\/01\/Lumieres-de-Selene3.jpg?fit=500%2C500&ssl=1","contentUrl":"https:\/\/i0.wp.com\/lumieresdeselene.com\/wp-content\/uploads\/2024\/01\/Lumieres-de-Selene3.jpg?fit=500%2C500&ssl=1","width":500,"height":500,"caption":"Lumi\u00e8res de S\u00e9l\u00e9n\u00e9"},"image":{"@id":"https:\/\/lumieresdeselene.com\/#\/schema\/logo\/image\/"},"sameAs":["https:\/\/www.facebook.com\/lumieresdeselene\/","https:\/\/www.instagram.com\/lumieres.selene\/"]}]}},"jetpack_sharing_enabled":true,"_links":{"self":[{"href":"https:\/\/lumieresdeselene.com\/index.php\/wp-json\/wp\/v2\/product\/1597","targetHints":{"allow":["GET"]}}],"collection":[{"href":"https:\/\/lumieresdeselene.com\/index.php\/wp-json\/wp\/v2\/product"}],"about":[{"href":"https:\/\/lumieresdeselene.com\/index.php\/wp-json\/wp\/v2\/types\/product"}],"replies":[{"embeddable":true,"href":"https:\/\/lumieresdeselene.com\/index.php\/wp-json\/wp\/v2\/comments?post=1597"}],"wp:featuredmedia":[{"embeddable":true,"href":"https:\/\/lumieresdeselene.com\/index.php\/wp-json\/wp\/v2\/media\/1598"}],"wp:attachment":[{"href":"https:\/\/lumieresdeselene.com\/index.php\/wp-json\/wp\/v2\/media?parent=1597"}],"wp:term":[{"taxonomy":"product_brand","embeddable":true,"href":"https:\/\/lumieresdeselene.com\/index.php\/wp-json\/wp\/v2\/product_brand?post=1597"},{"taxonomy":"product_cat","embeddable":true,"href":"https:\/\/lumieresdeselene.com\/index.php\/wp-json\/wp\/v2\/product_cat?post=1597"},{"taxonomy":"product_tag","embeddable":true,"href":"https:\/\/lumieresdeselene.com\/index.php\/wp-json\/wp\/v2\/product_tag?post=1597"}],"curies":[{"name":"wp","href":"https:\/\/api.w.org\/{rel}","templated":true}]}}