{"id":157,"date":"2023-12-12T11:38:08","date_gmt":"2023-12-12T10:38:08","guid":{"rendered":"https:\/\/lumieresdeselene.com\/?post_type=product&#038;p=157"},"modified":"2024-12-12T15:21:16","modified_gmt":"2024-12-12T14:21:16","slug":"pierre-de-soleil-a","status":"publish","type":"product","link":"https:\/\/lumieresdeselene.com\/index.php\/produit\/pierre-de-soleil-a\/","title":{"rendered":"Pierre de soleil A"},"content":{"rendered":"<p><span style=\"vertical-align: inherit; font-family: Ephesis; font-size: 26px;\"><span style=\"vertical-align: inherit;\">Au cours des mill\u00e9naires, la pierre de soleil appara\u00eet dans de nombreuses civilisations.<\/span><\/span><\/p>\n<p><span style=\"vertical-align: inherit; font-family: Ephesis; font-size: 26px;\"><span style=\"vertical-align: inherit;\">Dans la mythologie grecque, elle est li\u00e9e au Dieu du soleil H\u00e9lios.<\/span><\/span><\/p>\n<p><span style=\"vertical-align: inherit; font-family: Ephesis; font-size: 26px;\"><span style=\"vertical-align: inherit;\">Les Vikings lui vouaient un culte et lui attribuaient le pouvoir de repos \u00e9ternel, elle facilitait l&rsquo;acc\u00e8s \u00e0 Valhalla le paradis des guerriers tomb\u00e9s au combat.<\/span><\/span><\/p>\n<p><span style=\"font-family: Ephesis; font-size: 26px;\"><strong><u><span style=\"vertical-align: inherit;\"><span style=\"vertical-align: inherit;\">Ses bienfaits sur le plan psychique<\/span><\/span><\/u><\/strong><\/span><\/p>\n<p><span style=\"vertical-align: inherit; font-family: Ephesis; font-size: 26px;\"><span style=\"vertical-align: inherit;\">R\u00e9put\u00e9e pour porter chance \u00e0 celui ou celle qui la d\u00e9tient.<\/span><\/span><\/p>\n<p><span style=\"vertical-align: inherit; font-family: Ephesis; font-size: 26px;\"><span style=\"vertical-align: inherit;\">Sa force solaire combat les \u00e9motions n\u00e9gatives telles que la tristesse, l&rsquo;angoisse, l&rsquo;anxi\u00e9t\u00e9.<\/span><\/span><\/p>\n<p><span style=\"vertical-align: inherit; font-family: Ephesis; font-size: 26px;\"><span style=\"vertical-align: inherit;\">Aide \u00e0 transformer vos pens\u00e9es sombres, \u00e9motions n\u00e9gatives en quelque chose de plus l\u00e9ger, insouciant et positif.<\/span><\/span><\/p>\n<p><span style=\"font-family: Ephesis; font-size: 26px;\"><strong><u><span style=\"vertical-align: inherit;\"><span style=\"vertical-align: inherit;\">Ses bienfaits sur le plan physique<\/span><\/span><\/u><\/strong><\/span><\/p>\n<p><span style=\"vertical-align: inherit; font-family: Ephesis; font-size: 26px;\"><span style=\"vertical-align: inherit;\">B\u00e9n\u00e9fique \u00e0 la sant\u00e9 de la gorge.<\/span><\/span><\/p>\n<p><span style=\"vertical-align: inherit; font-family: Ephesis; font-size: 26px;\"><span style=\"vertical-align: inherit;\">Agit sur le syst\u00e8me digestif, les ulc\u00e8res gastriques et l&rsquo;acidit\u00e9 de l&rsquo;estomac.<\/span><\/span><\/p>\n<p><span style=\"font-family: Ephesis; font-size: 26px;\"><span style=\"vertical-align: inherit;\"><span style=\"vertical-align: inherit;\">Soulage les probl\u00e8mes de cartilage, les rhumatismes <\/span><\/span><strong><span style=\"vertical-align: inherit;\"><span style=\"vertical-align: inherit;\">.<\/span><\/span><\/strong><\/span><\/p>\n<p><span style=\"vertical-align: inherit; font-family: Ephesis; font-size: 26px;\"><span style=\"vertical-align: inherit;\">Stimule les d\u00e9fenses immunitaires.<\/span><\/span><\/p>\n<p>&nbsp;<\/p>\n<p><span style=\"font-family: Ephesis; font-size: 26px;\"><em><strong>La <a href=\"https:\/\/lumieresdeselene.com\/index.php\/boutique\/\">lithoth\u00e9rapie<\/a> peut \u00eatre utilis\u00e9e en compl\u00e9ment des soins qui vous sont apport\u00e9s, mais ne remplace en aucun cas un avis m\u00e9dical et\/ ou traitement.<\/strong><\/em><\/span><\/p>\n<p><span style=\"font-family: Ephesis; font-size: 26px;\"><em>D\u00e9conseill\u00e9 aux enfants de moins de 3 ans. Pr\u00e9sente un risque d\u2019\u00e9touffement.<\/em><\/span><\/p>\n","protected":false},"excerpt":{"rendered":"<p><span style=\"vertical-align: inherit; font-family: Ephesis; font-size: 26px;\"><span style=\"vertical-align: inherit;\">Pierre roul\u00e9e, qualit\u00e9 A (Bonne), provenance Inde, dimensions 20 \u00e0 30 mm.<\/span><\/span><\/p>\n","protected":false},"featured_media":158,"comment_status":"open","ping_status":"closed","template":"","meta":[],"product_brand":[],"product_cat":[16],"product_tag":[190,460,461],"class_list":{"0":"post-157","1":"product","2":"type-product","3":"status-publish","4":"has-post-thumbnail","6":"product_cat-pierres-roulees","7":"product_tag-chance","8":"product_tag-optimisme","9":"product_tag-positif","11":"first","12":"instock","13":"purchasable","14":"product-type-simple"},"yoast_head":"<!-- This site is optimized with the Yoast SEO plugin v27.1 - https:\/\/yoast.com\/product\/yoast-seo-wordpress\/ -->\n<title>Pierre de soleil A - Produits en stock - Lumi\u00e8res de S\u00e9l\u00e9n\u00e9<\/title>\n<meta name=\"description\" content=\"Cliquez ici pour d\u00e9couvrir Pierre de soleil A . Produits en stock d\u00e9part le jour m\u00eame ou le lendemain - Lumi\u00e8res de S\u00e9l\u00e9n\u00e9\" \/>\n<meta name=\"robots\" content=\"index, follow, max-snippet:-1, max-image-preview:large, max-video-preview:-1\" \/>\n<link rel=\"canonical\" href=\"https:\/\/lumieresdeselene.com\/index.php\/produit\/pierre-de-soleil-a\/\" \/>\n<meta property=\"og:locale\" content=\"fr_FR\" \/>\n<meta property=\"og:type\" content=\"article\" \/>\n<meta property=\"og:title\" content=\"Pierre de soleil A - Produits en stock - Lumi\u00e8res de S\u00e9l\u00e9n\u00e9\" \/>\n<meta property=\"og:description\" content=\"Cliquez ici pour d\u00e9couvrir Pierre de soleil A . Produits en stock d\u00e9part le jour m\u00eame ou le lendemain - Lumi\u00e8res de S\u00e9l\u00e9n\u00e9\" \/>\n<meta property=\"og:url\" content=\"https:\/\/lumieresdeselene.com\/index.php\/produit\/pierre-de-soleil-a\/\" \/>\n<meta property=\"og:site_name\" content=\"Lumi\u00e8res de S\u00e9l\u00e9n\u00e9\" \/>\n<meta property=\"article:publisher\" content=\"https:\/\/www.facebook.com\/lumieresdeselene\/\" \/>\n<meta property=\"article:modified_time\" content=\"2024-12-12T14:21:16+00:00\" \/>\n<meta property=\"og:image\" content=\"https:\/\/lumieresdeselene.com\/wp-content\/uploads\/2023\/12\/IMG_9837-scaled.jpg\" \/>\n\t<meta property=\"og:image:width\" content=\"2560\" \/>\n\t<meta property=\"og:image:height\" content=\"1920\" \/>\n\t<meta property=\"og:image:type\" content=\"image\/jpeg\" \/>\n<meta name=\"twitter:card\" content=\"summary_large_image\" \/>\n<meta name=\"twitter:label1\" content=\"Dur\u00e9e de lecture estim\u00e9e\" \/>\n\t<meta name=\"twitter:data1\" content=\"2 minutes\" \/>\n<script type=\"application\/ld+json\" class=\"yoast-schema-graph\">{\"@context\":\"https:\/\/schema.org\",\"@graph\":[{\"@type\":\"WebPage\",\"@id\":\"https:\/\/lumieresdeselene.com\/index.php\/produit\/pierre-de-soleil-a\/\",\"url\":\"https:\/\/lumieresdeselene.com\/index.php\/produit\/pierre-de-soleil-a\/\",\"name\":\"Pierre de soleil A - Produits en stock - Lumi\u00e8res de S\u00e9l\u00e9n\u00e9\",\"isPartOf\":{\"@id\":\"https:\/\/lumieresdeselene.com\/#website\"},\"primaryImageOfPage\":{\"@id\":\"https:\/\/lumieresdeselene.com\/index.php\/produit\/pierre-de-soleil-a\/#primaryimage\"},\"image\":{\"@id\":\"https:\/\/lumieresdeselene.com\/index.php\/produit\/pierre-de-soleil-a\/#primaryimage\"},\"thumbnailUrl\":\"https:\/\/i0.wp.com\/lumieresdeselene.com\/wp-content\/uploads\/2023\/12\/IMG_9837-scaled.jpg?fit=2560%2C1920&ssl=1\",\"datePublished\":\"2023-12-12T10:38:08+00:00\",\"dateModified\":\"2024-12-12T14:21:16+00:00\",\"description\":\"Cliquez ici pour d\u00e9couvrir Pierre de soleil A . Produits en stock d\u00e9part le jour m\u00eame ou le lendemain - Lumi\u00e8res de S\u00e9l\u00e9n\u00e9\",\"breadcrumb\":{\"@id\":\"https:\/\/lumieresdeselene.com\/index.php\/produit\/pierre-de-soleil-a\/#breadcrumb\"},\"inLanguage\":\"fr-FR\",\"potentialAction\":[{\"@type\":\"ReadAction\",\"target\":[\"https:\/\/lumieresdeselene.com\/index.php\/produit\/pierre-de-soleil-a\/\"]}]},{\"@type\":\"ImageObject\",\"inLanguage\":\"fr-FR\",\"@id\":\"https:\/\/lumieresdeselene.com\/index.php\/produit\/pierre-de-soleil-a\/#primaryimage\",\"url\":\"https:\/\/i0.wp.com\/lumieresdeselene.com\/wp-content\/uploads\/2023\/12\/IMG_9837-scaled.jpg?fit=2560%2C1920&ssl=1\",\"contentUrl\":\"https:\/\/i0.wp.com\/lumieresdeselene.com\/wp-content\/uploads\/2023\/12\/IMG_9837-scaled.jpg?fit=2560%2C1920&ssl=1\",\"width\":2560,\"height\":1920,\"caption\":\"Pierre roul\u00e9e Pierre de soleil\"},{\"@type\":\"BreadcrumbList\",\"@id\":\"https:\/\/lumieresdeselene.com\/index.php\/produit\/pierre-de-soleil-a\/#breadcrumb\",\"itemListElement\":[{\"@type\":\"ListItem\",\"position\":1,\"name\":\"Accueil\",\"item\":\"https:\/\/lumieresdeselene.com\/\"},{\"@type\":\"ListItem\",\"position\":2,\"name\":\"Boutique\",\"item\":\"https:\/\/lumieresdeselene.com\/index.php\/boutique\/\"},{\"@type\":\"ListItem\",\"position\":3,\"name\":\"Pierre de soleil A\"}]},{\"@type\":\"WebSite\",\"@id\":\"https:\/\/lumieresdeselene.com\/#website\",\"url\":\"https:\/\/lumieresdeselene.com\/\",\"name\":\"Lumi\u00e8res de S\u00e9l\u00e9n\u00e9\",\"description\":\"Lumi\u00e8res de S\u00e9l\u00e9n\u00e9\",\"publisher\":{\"@id\":\"https:\/\/lumieresdeselene.com\/#organization\"},\"potentialAction\":[{\"@type\":\"SearchAction\",\"target\":{\"@type\":\"EntryPoint\",\"urlTemplate\":\"https:\/\/lumieresdeselene.com\/?s={search_term_string}\"},\"query-input\":{\"@type\":\"PropertyValueSpecification\",\"valueRequired\":true,\"valueName\":\"search_term_string\"}}],\"inLanguage\":\"fr-FR\"},{\"@type\":\"Organization\",\"@id\":\"https:\/\/lumieresdeselene.com\/#organization\",\"name\":\"Lumi\u00e8res de S\u00e9l\u00e9n\u00e9\",\"url\":\"https:\/\/lumieresdeselene.com\/\",\"logo\":{\"@type\":\"ImageObject\",\"inLanguage\":\"fr-FR\",\"@id\":\"https:\/\/lumieresdeselene.com\/#\/schema\/logo\/image\/\",\"url\":\"https:\/\/i0.wp.com\/lumieresdeselene.com\/wp-content\/uploads\/2024\/01\/Lumieres-de-Selene3.jpg?fit=500%2C500&ssl=1\",\"contentUrl\":\"https:\/\/i0.wp.com\/lumieresdeselene.com\/wp-content\/uploads\/2024\/01\/Lumieres-de-Selene3.jpg?fit=500%2C500&ssl=1\",\"width\":500,\"height\":500,\"caption\":\"Lumi\u00e8res de S\u00e9l\u00e9n\u00e9\"},\"image\":{\"@id\":\"https:\/\/lumieresdeselene.com\/#\/schema\/logo\/image\/\"},\"sameAs\":[\"https:\/\/www.facebook.com\/lumieresdeselene\/\",\"https:\/\/www.instagram.com\/lumieres.selene\/\"]}]}<\/script>\n<!-- \/ Yoast SEO plugin. -->","yoast_head_json":{"title":"Pierre de soleil A - Produits en stock - Lumi\u00e8res de S\u00e9l\u00e9n\u00e9","description":"Cliquez ici pour d\u00e9couvrir Pierre de soleil A . Produits en stock d\u00e9part le jour m\u00eame ou le lendemain - Lumi\u00e8res de S\u00e9l\u00e9n\u00e9","robots":{"index":"index","follow":"follow","max-snippet":"max-snippet:-1","max-image-preview":"max-image-preview:large","max-video-preview":"max-video-preview:-1"},"canonical":"https:\/\/lumieresdeselene.com\/index.php\/produit\/pierre-de-soleil-a\/","og_locale":"fr_FR","og_type":"article","og_title":"Pierre de soleil A - Produits en stock - Lumi\u00e8res de S\u00e9l\u00e9n\u00e9","og_description":"Cliquez ici pour d\u00e9couvrir Pierre de soleil A . Produits en stock d\u00e9part le jour m\u00eame ou le lendemain - Lumi\u00e8res de S\u00e9l\u00e9n\u00e9","og_url":"https:\/\/lumieresdeselene.com\/index.php\/produit\/pierre-de-soleil-a\/","og_site_name":"Lumi\u00e8res de S\u00e9l\u00e9n\u00e9","article_publisher":"https:\/\/www.facebook.com\/lumieresdeselene\/","article_modified_time":"2024-12-12T14:21:16+00:00","og_image":[{"width":2560,"height":1920,"url":"https:\/\/lumieresdeselene.com\/wp-content\/uploads\/2023\/12\/IMG_9837-scaled.jpg","type":"image\/jpeg"}],"twitter_card":"summary_large_image","twitter_misc":{"Dur\u00e9e de lecture estim\u00e9e":"2 minutes"},"schema":{"@context":"https:\/\/schema.org","@graph":[{"@type":"WebPage","@id":"https:\/\/lumieresdeselene.com\/index.php\/produit\/pierre-de-soleil-a\/","url":"https:\/\/lumieresdeselene.com\/index.php\/produit\/pierre-de-soleil-a\/","name":"Pierre de soleil A - Produits en stock - Lumi\u00e8res de S\u00e9l\u00e9n\u00e9","isPartOf":{"@id":"https:\/\/lumieresdeselene.com\/#website"},"primaryImageOfPage":{"@id":"https:\/\/lumieresdeselene.com\/index.php\/produit\/pierre-de-soleil-a\/#primaryimage"},"image":{"@id":"https:\/\/lumieresdeselene.com\/index.php\/produit\/pierre-de-soleil-a\/#primaryimage"},"thumbnailUrl":"https:\/\/i0.wp.com\/lumieresdeselene.com\/wp-content\/uploads\/2023\/12\/IMG_9837-scaled.jpg?fit=2560%2C1920&ssl=1","datePublished":"2023-12-12T10:38:08+00:00","dateModified":"2024-12-12T14:21:16+00:00","description":"Cliquez ici pour d\u00e9couvrir Pierre de soleil A . Produits en stock d\u00e9part le jour m\u00eame ou le lendemain - Lumi\u00e8res de S\u00e9l\u00e9n\u00e9","breadcrumb":{"@id":"https:\/\/lumieresdeselene.com\/index.php\/produit\/pierre-de-soleil-a\/#breadcrumb"},"inLanguage":"fr-FR","potentialAction":[{"@type":"ReadAction","target":["https:\/\/lumieresdeselene.com\/index.php\/produit\/pierre-de-soleil-a\/"]}]},{"@type":"ImageObject","inLanguage":"fr-FR","@id":"https:\/\/lumieresdeselene.com\/index.php\/produit\/pierre-de-soleil-a\/#primaryimage","url":"https:\/\/i0.wp.com\/lumieresdeselene.com\/wp-content\/uploads\/2023\/12\/IMG_9837-scaled.jpg?fit=2560%2C1920&ssl=1","contentUrl":"https:\/\/i0.wp.com\/lumieresdeselene.com\/wp-content\/uploads\/2023\/12\/IMG_9837-scaled.jpg?fit=2560%2C1920&ssl=1","width":2560,"height":1920,"caption":"Pierre roul\u00e9e Pierre de soleil"},{"@type":"BreadcrumbList","@id":"https:\/\/lumieresdeselene.com\/index.php\/produit\/pierre-de-soleil-a\/#breadcrumb","itemListElement":[{"@type":"ListItem","position":1,"name":"Accueil","item":"https:\/\/lumieresdeselene.com\/"},{"@type":"ListItem","position":2,"name":"Boutique","item":"https:\/\/lumieresdeselene.com\/index.php\/boutique\/"},{"@type":"ListItem","position":3,"name":"Pierre de soleil A"}]},{"@type":"WebSite","@id":"https:\/\/lumieresdeselene.com\/#website","url":"https:\/\/lumieresdeselene.com\/","name":"Lumi\u00e8res de S\u00e9l\u00e9n\u00e9","description":"Lumi\u00e8res de S\u00e9l\u00e9n\u00e9","publisher":{"@id":"https:\/\/lumieresdeselene.com\/#organization"},"potentialAction":[{"@type":"SearchAction","target":{"@type":"EntryPoint","urlTemplate":"https:\/\/lumieresdeselene.com\/?s={search_term_string}"},"query-input":{"@type":"PropertyValueSpecification","valueRequired":true,"valueName":"search_term_string"}}],"inLanguage":"fr-FR"},{"@type":"Organization","@id":"https:\/\/lumieresdeselene.com\/#organization","name":"Lumi\u00e8res de S\u00e9l\u00e9n\u00e9","url":"https:\/\/lumieresdeselene.com\/","logo":{"@type":"ImageObject","inLanguage":"fr-FR","@id":"https:\/\/lumieresdeselene.com\/#\/schema\/logo\/image\/","url":"https:\/\/i0.wp.com\/lumieresdeselene.com\/wp-content\/uploads\/2024\/01\/Lumieres-de-Selene3.jpg?fit=500%2C500&ssl=1","contentUrl":"https:\/\/i0.wp.com\/lumieresdeselene.com\/wp-content\/uploads\/2024\/01\/Lumieres-de-Selene3.jpg?fit=500%2C500&ssl=1","width":500,"height":500,"caption":"Lumi\u00e8res de S\u00e9l\u00e9n\u00e9"},"image":{"@id":"https:\/\/lumieresdeselene.com\/#\/schema\/logo\/image\/"},"sameAs":["https:\/\/www.facebook.com\/lumieresdeselene\/","https:\/\/www.instagram.com\/lumieres.selene\/"]}]}},"jetpack_sharing_enabled":true,"_links":{"self":[{"href":"https:\/\/lumieresdeselene.com\/index.php\/wp-json\/wp\/v2\/product\/157","targetHints":{"allow":["GET"]}}],"collection":[{"href":"https:\/\/lumieresdeselene.com\/index.php\/wp-json\/wp\/v2\/product"}],"about":[{"href":"https:\/\/lumieresdeselene.com\/index.php\/wp-json\/wp\/v2\/types\/product"}],"replies":[{"embeddable":true,"href":"https:\/\/lumieresdeselene.com\/index.php\/wp-json\/wp\/v2\/comments?post=157"}],"wp:featuredmedia":[{"embeddable":true,"href":"https:\/\/lumieresdeselene.com\/index.php\/wp-json\/wp\/v2\/media\/158"}],"wp:attachment":[{"href":"https:\/\/lumieresdeselene.com\/index.php\/wp-json\/wp\/v2\/media?parent=157"}],"wp:term":[{"taxonomy":"product_brand","embeddable":true,"href":"https:\/\/lumieresdeselene.com\/index.php\/wp-json\/wp\/v2\/product_brand?post=157"},{"taxonomy":"product_cat","embeddable":true,"href":"https:\/\/lumieresdeselene.com\/index.php\/wp-json\/wp\/v2\/product_cat?post=157"},{"taxonomy":"product_tag","embeddable":true,"href":"https:\/\/lumieresdeselene.com\/index.php\/wp-json\/wp\/v2\/product_tag?post=157"}],"curies":[{"name":"wp","href":"https:\/\/api.w.org\/{rel}","templated":true}]}}