{"id":7,"date":"2023-12-05T12:48:06","date_gmt":"2023-12-05T11:48:06","guid":{"rendered":"https:\/\/lumieresdeselene.com\/index.php\/panier\/"},"modified":"2024-10-02T10:46:51","modified_gmt":"2024-10-02T08:46:51","slug":"panier","status":"publish","type":"page","link":"https:\/\/lumieresdeselene.com\/index.php\/panier\/","title":{"rendered":"Panier"},"content":{"rendered":"\n<div data-block-name=\"woocommerce\/cart\" class=\"wp-block-woocommerce-cart alignwide is-loading\">\n<div data-block-name=\"woocommerce\/filled-cart-block\" class=\"wp-block-woocommerce-filled-cart-block\">\n<div data-block-name=\"woocommerce\/cart-items-block\" class=\"wp-block-woocommerce-cart-items-block\">\n<div data-block-name=\"woocommerce\/cart-line-items-block\" class=\"wp-block-woocommerce-cart-line-items-block\"><\/div>\n\n\n\n<div data-block-name=\"woocommerce\/cart-cross-sells-block\" class=\"wp-block-woocommerce-cart-cross-sells-block\">\n<h2 class=\"wp-block-heading has-large-font-size\">\u00c7a peut vous int\u00e9resser&#8230;<\/h2>\n\n\n\n<div data-block-name=\"woocommerce\/cart-cross-sells-products-block\" class=\"wp-block-woocommerce-cart-cross-sells-products-block\"><\/div>\n<\/div>\n<\/div>\n\n\n\n<div data-block-name=\"woocommerce\/cart-totals-block\" class=\"wp-block-woocommerce-cart-totals-block\">\n<div data-block-name=\"woocommerce\/cart-order-summary-block\" class=\"wp-block-woocommerce-cart-order-summary-block\">\n<div data-block-name=\"woocommerce\/cart-order-summary-heading-block\" class=\"wp-block-woocommerce-cart-order-summary-heading-block\"><\/div><div data-block-name=\"woocommerce\/cart-order-summary-totals-block\" class=\"wp-block-woocommerce-cart-order-summary-totals-block\">\n<div data-block-name=\"woocommerce\/cart-order-summary-subtotal-block\" class=\"wp-block-woocommerce-cart-order-summary-subtotal-block\"><\/div>\n<div data-block-name=\"woocommerce\/cart-order-summary-discount-block\" class=\"wp-block-woocommerce-cart-order-summary-discount-block\"><\/div>\n<div data-block-name=\"woocommerce\/cart-order-summary-fee-block\" class=\"wp-block-woocommerce-cart-order-summary-fee-block\"><\/div>\n<div data-block-name=\"woocommerce\/cart-order-summary-shipping-block\" class=\"wp-block-woocommerce-cart-order-summary-shipping-block\"><\/div>\n<div data-block-name=\"woocommerce\/cart-order-summary-taxes-block\" data-show-rate-after-tax-name=\"true\" class=\"wp-block-woocommerce-cart-order-summary-taxes-block\"><\/div><\/div><div data-block-name=\"woocommerce\/cart-order-summary-coupon-form-block\" class=\"wp-block-woocommerce-cart-order-summary-coupon-form-block\"><\/div>\n<\/div>\n\n\n\n<p><strong>TVA&nbsp;non applicable, article 293B du code g\u00e9n\u00e9ral des imp\u00f4ts<\/strong><\/p>\n\n\n\n<div data-block-name=\"woocommerce\/cart-express-payment-block\" class=\"wp-block-woocommerce-cart-express-payment-block\"><\/div>\n\n\n\n<div data-block-name=\"woocommerce\/proceed-to-checkout-block\" class=\"wp-block-woocommerce-proceed-to-checkout-block\"><\/div>\n\n\n\n<div data-block-name=\"woocommerce\/cart-accepted-payment-methods-block\" class=\"wp-block-woocommerce-cart-accepted-payment-methods-block\"><\/div>\n<\/div>\n<\/div>\n\n\n\n<div data-block-name=\"woocommerce\/empty-cart-block\" class=\"wp-block-woocommerce-empty-cart-block\">\n<h2 class=\"wp-block-heading has-text-align-center with-empty-cart-icon wc-block-cart__empty-cart__title\">Votre panier est actuellement vide&nbsp;!<\/h2>\n\n\n\n<hr class=\"wp-block-separator has-alpha-channel-opacity is-style-dots\"\/>\n\n\n\n<h2 class=\"wp-block-heading has-text-align-center\">Nouveau dans la boutique<\/h2>\n\n\n<div data-block-name=\"woocommerce\/product-new\" data-columns=\"4\" data-rows=\"1\" class=\"wc-block-grid wp-block-product-new wp-block-woocommerce-product-new wc-block-product-new has-4-columns\"><ul class=\"wc-block-grid__products\"><li class=\"wc-block-grid__product\">\n\t\t\t\t<a href=\"https:\/\/lumieresdeselene.com\/index.php\/produit\/fluorine-multicolore-a\/\" class=\"wc-block-grid__product-link\">\n\t\t\t\t\t\n\t\t\t\t\t<div class=\"wc-block-grid__product-image\"><img fetchpriority=\"high\" decoding=\"async\" width=\"324\" height=\"324\" src=\"https:\/\/i0.wp.com\/lumieresdeselene.com\/wp-content\/uploads\/2026\/02\/IMG_20260217_121202.jpg?resize=324%2C324&amp;ssl=1\" class=\"attachment-woocommerce_thumbnail size-woocommerce_thumbnail\" alt=\"Fluorine multicolore A\" srcset=\"https:\/\/i0.wp.com\/lumieresdeselene.com\/wp-content\/uploads\/2026\/02\/IMG_20260217_121202.jpg?resize=150%2C150&amp;ssl=1 150w, https:\/\/i0.wp.com\/lumieresdeselene.com\/wp-content\/uploads\/2026\/02\/IMG_20260217_121202.jpg?resize=324%2C324&amp;ssl=1 324w, https:\/\/i0.wp.com\/lumieresdeselene.com\/wp-content\/uploads\/2026\/02\/IMG_20260217_121202.jpg?resize=100%2C100&amp;ssl=1 100w, https:\/\/i0.wp.com\/lumieresdeselene.com\/wp-content\/uploads\/2026\/02\/IMG_20260217_121202.jpg?zoom=2&amp;resize=324%2C324&amp;ssl=1 648w, https:\/\/i0.wp.com\/lumieresdeselene.com\/wp-content\/uploads\/2026\/02\/IMG_20260217_121202.jpg?zoom=3&amp;resize=324%2C324&amp;ssl=1 972w\" sizes=\"(max-width: 324px) 100vw, 324px\" \/><\/div>\n\t\t\t\t\t<div class=\"wc-block-grid__product-title\">Fluorine multicolore A<\/div>\n\t\t\t\t<\/a>\n\t\t\t\t<div class=\"wc-block-grid__product-price price\"><span class=\"woocommerce-Price-amount amount\">14,00&nbsp;<span class=\"woocommerce-Price-currencySymbol\">&euro;<\/span><\/span><\/div>\n\t\t\t\t\n\t\t\t\t<div class=\"wp-block-button wc-block-grid__product-add-to-cart\"><a href=\"\/index.php\/wp-json\/wp\/v2\/pages\/7?add-to-cart=3635\" aria-label=\"Ajouter au panier\u00a0: &ldquo;Fluorine multicolore A&rdquo;\" data-quantity=\"1\" data-product_id=\"3635\" data-product_sku=\"Fluorine multicolore A\" data-price=\"14\" rel=\"nofollow\" class=\"wp-block-button__link  add_to_cart_button ajax_add_to_cart\">Ajouter au panier<\/a><\/div>\n\t\t\t<\/li><li class=\"wc-block-grid__product\">\n\t\t\t\t<a href=\"https:\/\/lumieresdeselene.com\/index.php\/produit\/citrine-chauffee-a\/\" class=\"wc-block-grid__product-link\">\n\t\t\t\t\t\n\t\t\t\t\t<div class=\"wc-block-grid__product-image\"><img decoding=\"async\" width=\"324\" height=\"324\" src=\"https:\/\/i0.wp.com\/lumieresdeselene.com\/wp-content\/uploads\/2026\/02\/IMG_20260212_142319.jpg?resize=324%2C324&amp;ssl=1\" class=\"attachment-woocommerce_thumbnail size-woocommerce_thumbnail\" alt=\"Citrine chauff\u00e9e A\" srcset=\"https:\/\/i0.wp.com\/lumieresdeselene.com\/wp-content\/uploads\/2026\/02\/IMG_20260212_142319.jpg?resize=150%2C150&amp;ssl=1 150w, https:\/\/i0.wp.com\/lumieresdeselene.com\/wp-content\/uploads\/2026\/02\/IMG_20260212_142319.jpg?resize=324%2C324&amp;ssl=1 324w, https:\/\/i0.wp.com\/lumieresdeselene.com\/wp-content\/uploads\/2026\/02\/IMG_20260212_142319.jpg?resize=100%2C100&amp;ssl=1 100w, https:\/\/i0.wp.com\/lumieresdeselene.com\/wp-content\/uploads\/2026\/02\/IMG_20260212_142319.jpg?zoom=2&amp;resize=324%2C324&amp;ssl=1 648w, https:\/\/i0.wp.com\/lumieresdeselene.com\/wp-content\/uploads\/2026\/02\/IMG_20260212_142319.jpg?zoom=3&amp;resize=324%2C324&amp;ssl=1 972w\" sizes=\"(max-width: 324px) 100vw, 324px\" \/><\/div>\n\t\t\t\t\t<div class=\"wc-block-grid__product-title\">Citrine chauff\u00e9e A<\/div>\n\t\t\t\t<\/a>\n\t\t\t\t<div class=\"wc-block-grid__product-price price\"><span class=\"woocommerce-Price-amount amount\">10,00&nbsp;<span class=\"woocommerce-Price-currencySymbol\">&euro;<\/span><\/span><\/div>\n\t\t\t\t\n\t\t\t\t<div class=\"wp-block-button wc-block-grid__product-add-to-cart\"><a href=\"\/index.php\/wp-json\/wp\/v2\/pages\/7?add-to-cart=3626\" aria-label=\"Ajouter au panier\u00a0: &ldquo;Citrine chauff\u00e9e A&rdquo;\" data-quantity=\"1\" data-product_id=\"3626\" data-product_sku=\"Citrine chauff\u00e9e A\" data-price=\"10\" rel=\"nofollow\" class=\"wp-block-button__link  add_to_cart_button ajax_add_to_cart\">Ajouter au panier<\/a><\/div>\n\t\t\t<\/li><li class=\"wc-block-grid__product\">\n\t\t\t\t<a href=\"https:\/\/lumieresdeselene.com\/index.php\/produit\/amethyste-a-5\/\" class=\"wc-block-grid__product-link\">\n\t\t\t\t\t\n\t\t\t\t\t<div class=\"wc-block-grid__product-image\"><img decoding=\"async\" width=\"324\" height=\"324\" src=\"https:\/\/i0.wp.com\/lumieresdeselene.com\/wp-content\/uploads\/2026\/02\/IMG_20260212_143107.jpg?resize=324%2C324&amp;ssl=1\" class=\"attachment-woocommerce_thumbnail size-woocommerce_thumbnail\" alt=\"Am\u00e9thyste A mod\u00e8le 2\" srcset=\"https:\/\/i0.wp.com\/lumieresdeselene.com\/wp-content\/uploads\/2026\/02\/IMG_20260212_143107.jpg?resize=150%2C150&amp;ssl=1 150w, https:\/\/i0.wp.com\/lumieresdeselene.com\/wp-content\/uploads\/2026\/02\/IMG_20260212_143107.jpg?resize=324%2C324&amp;ssl=1 324w, https:\/\/i0.wp.com\/lumieresdeselene.com\/wp-content\/uploads\/2026\/02\/IMG_20260212_143107.jpg?resize=100%2C100&amp;ssl=1 100w, https:\/\/i0.wp.com\/lumieresdeselene.com\/wp-content\/uploads\/2026\/02\/IMG_20260212_143107.jpg?zoom=2&amp;resize=324%2C324&amp;ssl=1 648w, https:\/\/i0.wp.com\/lumieresdeselene.com\/wp-content\/uploads\/2026\/02\/IMG_20260212_143107.jpg?zoom=3&amp;resize=324%2C324&amp;ssl=1 972w\" sizes=\"(max-width: 324px) 100vw, 324px\" \/><\/div>\n\t\t\t\t\t<div class=\"wc-block-grid__product-title\">Am\u00e9thyste A<\/div>\n\t\t\t\t<\/a>\n\t\t\t\t<div class=\"wc-block-grid__product-price price\"><span class=\"woocommerce-Price-amount amount\">15,00&nbsp;<span class=\"woocommerce-Price-currencySymbol\">&euro;<\/span><\/span><\/div>\n\t\t\t\t\n\t\t\t\t<div class=\"wp-block-button wc-block-grid__product-add-to-cart\"><a href=\"\/index.php\/wp-json\/wp\/v2\/pages\/7?add-to-cart=3621\" aria-label=\"Ajouter au panier\u00a0: &ldquo;Am\u00e9thyste A&rdquo;\" data-quantity=\"1\" data-product_id=\"3621\" data-product_sku=\"Am\u00e9thyste A mod\u00e8le 2\" data-price=\"15\" rel=\"nofollow\" class=\"wp-block-button__link  add_to_cart_button ajax_add_to_cart\">Ajouter au panier<\/a><\/div>\n\t\t\t<\/li><li class=\"wc-block-grid__product\">\n\t\t\t\t<a href=\"https:\/\/lumieresdeselene.com\/index.php\/produit\/amethyste-a-4\/\" class=\"wc-block-grid__product-link\">\n\t\t\t\t\t\n\t\t\t\t\t<div class=\"wc-block-grid__product-image\"><img loading=\"lazy\" decoding=\"async\" width=\"324\" height=\"324\" src=\"https:\/\/i0.wp.com\/lumieresdeselene.com\/wp-content\/uploads\/2026\/02\/IMG_20260212_142612.jpg?resize=324%2C324&amp;ssl=1\" class=\"attachment-woocommerce_thumbnail size-woocommerce_thumbnail\" alt=\"Am\u00e9thyste A mod\u00e8le 1\" srcset=\"https:\/\/i0.wp.com\/lumieresdeselene.com\/wp-content\/uploads\/2026\/02\/IMG_20260212_142612.jpg?resize=150%2C150&amp;ssl=1 150w, https:\/\/i0.wp.com\/lumieresdeselene.com\/wp-content\/uploads\/2026\/02\/IMG_20260212_142612.jpg?resize=324%2C324&amp;ssl=1 324w, https:\/\/i0.wp.com\/lumieresdeselene.com\/wp-content\/uploads\/2026\/02\/IMG_20260212_142612.jpg?resize=100%2C100&amp;ssl=1 100w, https:\/\/i0.wp.com\/lumieresdeselene.com\/wp-content\/uploads\/2026\/02\/IMG_20260212_142612.jpg?zoom=2&amp;resize=324%2C324&amp;ssl=1 648w, https:\/\/i0.wp.com\/lumieresdeselene.com\/wp-content\/uploads\/2026\/02\/IMG_20260212_142612.jpg?zoom=3&amp;resize=324%2C324&amp;ssl=1 972w\" sizes=\"(max-width: 324px) 100vw, 324px\" \/><\/div>\n\t\t\t\t\t<div class=\"wc-block-grid__product-title\">Am\u00e9thyste A<\/div>\n\t\t\t\t<\/a>\n\t\t\t\t<div class=\"wc-block-grid__product-price price\"><span class=\"woocommerce-Price-amount amount\">15,00&nbsp;<span class=\"woocommerce-Price-currencySymbol\">&euro;<\/span><\/span><\/div>\n\t\t\t\t\n\t\t\t\t<div class=\"wp-block-button wc-block-grid__product-add-to-cart\"><a href=\"\/index.php\/wp-json\/wp\/v2\/pages\/7?add-to-cart=3611\" aria-label=\"Ajouter au panier\u00a0: &ldquo;Am\u00e9thyste A&rdquo;\" data-quantity=\"1\" data-product_id=\"3611\" data-product_sku=\"Am\u00e9thyste A mod\u00e8le 1\" data-price=\"15\" rel=\"nofollow\" class=\"wp-block-button__link  add_to_cart_button ajax_add_to_cart\">Ajouter au panier<\/a><\/div>\n\t\t\t<\/li><\/ul><\/div><\/div>\n<\/div>\n","protected":false},"excerpt":{"rendered":"","protected":false},"author":1,"featured_media":0,"parent":0,"menu_order":0,"comment_status":"closed","ping_status":"closed","template":"","meta":{"footnotes":""},"class_list":["post-7","page","type-page","status-publish","hentry"],"yoast_head":"<!-- This site is optimized with the Yoast SEO plugin v27.1 - https:\/\/yoast.com\/product\/yoast-seo-wordpress\/ -->\n<title>Panier - Lumi\u00e8res de S\u00e9l\u00e9n\u00e9<\/title>\n<meta name=\"robots\" content=\"noindex, nofollow\" \/>\n<meta property=\"og:locale\" content=\"fr_FR\" \/>\n<meta property=\"og:type\" content=\"article\" \/>\n<meta property=\"og:title\" content=\"Panier - Lumi\u00e8res de S\u00e9l\u00e9n\u00e9\" \/>\n<meta property=\"og:url\" content=\"https:\/\/lumieresdeselene.com\/index.php\/panier\/\" \/>\n<meta property=\"og:site_name\" content=\"Lumi\u00e8res de S\u00e9l\u00e9n\u00e9\" \/>\n<meta property=\"article:publisher\" content=\"https:\/\/www.facebook.com\/lumieresdeselene\/\" \/>\n<meta property=\"article:modified_time\" content=\"2024-10-02T08:46:51+00:00\" \/>\n<meta property=\"og:image\" content=\"https:\/\/i0.wp.com\/lumieresdeselene.com\/wp-content\/uploads\/2024\/01\/cropped-Lumieres-de-Selene3.jpg?fit=500%2C232&ssl=1\" \/>\n\t<meta property=\"og:image:width\" content=\"500\" \/>\n\t<meta property=\"og:image:height\" content=\"232\" \/>\n\t<meta property=\"og:image:type\" content=\"image\/jpeg\" \/>\n<meta name=\"twitter:card\" content=\"summary_large_image\" \/>\n<meta name=\"twitter:label1\" content=\"Dur\u00e9e de lecture estim\u00e9e\" \/>\n\t<meta name=\"twitter:data1\" content=\"1 minute\" \/>\n<script type=\"application\/ld+json\" class=\"yoast-schema-graph\">{\"@context\":\"https:\/\/schema.org\",\"@graph\":[{\"@type\":\"WebPage\",\"@id\":\"https:\/\/lumieresdeselene.com\/index.php\/panier\/\",\"url\":\"https:\/\/lumieresdeselene.com\/index.php\/panier\/\",\"name\":\"Panier - Lumi\u00e8res de S\u00e9l\u00e9n\u00e9\",\"isPartOf\":{\"@id\":\"https:\/\/lumieresdeselene.com\/#website\"},\"datePublished\":\"2023-12-05T11:48:06+00:00\",\"dateModified\":\"2024-10-02T08:46:51+00:00\",\"breadcrumb\":{\"@id\":\"https:\/\/lumieresdeselene.com\/index.php\/panier\/#breadcrumb\"},\"inLanguage\":\"fr-FR\",\"potentialAction\":[{\"@type\":\"ReadAction\",\"target\":[\"https:\/\/lumieresdeselene.com\/index.php\/panier\/\"]}]},{\"@type\":\"BreadcrumbList\",\"@id\":\"https:\/\/lumieresdeselene.com\/index.php\/panier\/#breadcrumb\",\"itemListElement\":[{\"@type\":\"ListItem\",\"position\":1,\"name\":\"Accueil\",\"item\":\"https:\/\/lumieresdeselene.com\/\"},{\"@type\":\"ListItem\",\"position\":2,\"name\":\"Panier\"}]},{\"@type\":\"WebSite\",\"@id\":\"https:\/\/lumieresdeselene.com\/#website\",\"url\":\"https:\/\/lumieresdeselene.com\/\",\"name\":\"Lumi\u00e8res de S\u00e9l\u00e9n\u00e9\",\"description\":\"Lumi\u00e8res de S\u00e9l\u00e9n\u00e9\",\"publisher\":{\"@id\":\"https:\/\/lumieresdeselene.com\/#organization\"},\"potentialAction\":[{\"@type\":\"SearchAction\",\"target\":{\"@type\":\"EntryPoint\",\"urlTemplate\":\"https:\/\/lumieresdeselene.com\/?s={search_term_string}\"},\"query-input\":{\"@type\":\"PropertyValueSpecification\",\"valueRequired\":true,\"valueName\":\"search_term_string\"}}],\"inLanguage\":\"fr-FR\"},{\"@type\":\"Organization\",\"@id\":\"https:\/\/lumieresdeselene.com\/#organization\",\"name\":\"Lumi\u00e8res de S\u00e9l\u00e9n\u00e9\",\"url\":\"https:\/\/lumieresdeselene.com\/\",\"logo\":{\"@type\":\"ImageObject\",\"inLanguage\":\"fr-FR\",\"@id\":\"https:\/\/lumieresdeselene.com\/#\/schema\/logo\/image\/\",\"url\":\"https:\/\/i0.wp.com\/lumieresdeselene.com\/wp-content\/uploads\/2024\/01\/Lumieres-de-Selene3.jpg?fit=500%2C500&ssl=1\",\"contentUrl\":\"https:\/\/i0.wp.com\/lumieresdeselene.com\/wp-content\/uploads\/2024\/01\/Lumieres-de-Selene3.jpg?fit=500%2C500&ssl=1\",\"width\":500,\"height\":500,\"caption\":\"Lumi\u00e8res de S\u00e9l\u00e9n\u00e9\"},\"image\":{\"@id\":\"https:\/\/lumieresdeselene.com\/#\/schema\/logo\/image\/\"},\"sameAs\":[\"https:\/\/www.facebook.com\/lumieresdeselene\/\",\"https:\/\/www.instagram.com\/lumieres.selene\/\"]}]}<\/script>\n<!-- \/ Yoast SEO plugin. -->","yoast_head_json":{"title":"Panier - Lumi\u00e8res de S\u00e9l\u00e9n\u00e9","robots":{"index":"noindex","follow":"nofollow"},"og_locale":"fr_FR","og_type":"article","og_title":"Panier - Lumi\u00e8res de S\u00e9l\u00e9n\u00e9","og_url":"https:\/\/lumieresdeselene.com\/index.php\/panier\/","og_site_name":"Lumi\u00e8res de S\u00e9l\u00e9n\u00e9","article_publisher":"https:\/\/www.facebook.com\/lumieresdeselene\/","article_modified_time":"2024-10-02T08:46:51+00:00","og_image":[{"width":500,"height":232,"url":"https:\/\/i0.wp.com\/lumieresdeselene.com\/wp-content\/uploads\/2024\/01\/cropped-Lumieres-de-Selene3.jpg?fit=500%2C232&ssl=1","type":"image\/jpeg"}],"twitter_card":"summary_large_image","twitter_misc":{"Dur\u00e9e de lecture estim\u00e9e":"1 minute"},"schema":{"@context":"https:\/\/schema.org","@graph":[{"@type":"WebPage","@id":"https:\/\/lumieresdeselene.com\/index.php\/panier\/","url":"https:\/\/lumieresdeselene.com\/index.php\/panier\/","name":"Panier - Lumi\u00e8res de S\u00e9l\u00e9n\u00e9","isPartOf":{"@id":"https:\/\/lumieresdeselene.com\/#website"},"datePublished":"2023-12-05T11:48:06+00:00","dateModified":"2024-10-02T08:46:51+00:00","breadcrumb":{"@id":"https:\/\/lumieresdeselene.com\/index.php\/panier\/#breadcrumb"},"inLanguage":"fr-FR","potentialAction":[{"@type":"ReadAction","target":["https:\/\/lumieresdeselene.com\/index.php\/panier\/"]}]},{"@type":"BreadcrumbList","@id":"https:\/\/lumieresdeselene.com\/index.php\/panier\/#breadcrumb","itemListElement":[{"@type":"ListItem","position":1,"name":"Accueil","item":"https:\/\/lumieresdeselene.com\/"},{"@type":"ListItem","position":2,"name":"Panier"}]},{"@type":"WebSite","@id":"https:\/\/lumieresdeselene.com\/#website","url":"https:\/\/lumieresdeselene.com\/","name":"Lumi\u00e8res de S\u00e9l\u00e9n\u00e9","description":"Lumi\u00e8res de S\u00e9l\u00e9n\u00e9","publisher":{"@id":"https:\/\/lumieresdeselene.com\/#organization"},"potentialAction":[{"@type":"SearchAction","target":{"@type":"EntryPoint","urlTemplate":"https:\/\/lumieresdeselene.com\/?s={search_term_string}"},"query-input":{"@type":"PropertyValueSpecification","valueRequired":true,"valueName":"search_term_string"}}],"inLanguage":"fr-FR"},{"@type":"Organization","@id":"https:\/\/lumieresdeselene.com\/#organization","name":"Lumi\u00e8res de S\u00e9l\u00e9n\u00e9","url":"https:\/\/lumieresdeselene.com\/","logo":{"@type":"ImageObject","inLanguage":"fr-FR","@id":"https:\/\/lumieresdeselene.com\/#\/schema\/logo\/image\/","url":"https:\/\/i0.wp.com\/lumieresdeselene.com\/wp-content\/uploads\/2024\/01\/Lumieres-de-Selene3.jpg?fit=500%2C500&ssl=1","contentUrl":"https:\/\/i0.wp.com\/lumieresdeselene.com\/wp-content\/uploads\/2024\/01\/Lumieres-de-Selene3.jpg?fit=500%2C500&ssl=1","width":500,"height":500,"caption":"Lumi\u00e8res de S\u00e9l\u00e9n\u00e9"},"image":{"@id":"https:\/\/lumieresdeselene.com\/#\/schema\/logo\/image\/"},"sameAs":["https:\/\/www.facebook.com\/lumieresdeselene\/","https:\/\/www.instagram.com\/lumieres.selene\/"]}]}},"jetpack_shortlink":"https:\/\/wp.me\/Pfl0kZ-7","jetpack_sharing_enabled":true,"_links":{"self":[{"href":"https:\/\/lumieresdeselene.com\/index.php\/wp-json\/wp\/v2\/pages\/7","targetHints":{"allow":["GET"]}}],"collection":[{"href":"https:\/\/lumieresdeselene.com\/index.php\/wp-json\/wp\/v2\/pages"}],"about":[{"href":"https:\/\/lumieresdeselene.com\/index.php\/wp-json\/wp\/v2\/types\/page"}],"author":[{"embeddable":true,"href":"https:\/\/lumieresdeselene.com\/index.php\/wp-json\/wp\/v2\/users\/1"}],"replies":[{"embeddable":true,"href":"https:\/\/lumieresdeselene.com\/index.php\/wp-json\/wp\/v2\/comments?post=7"}],"version-history":[{"count":7,"href":"https:\/\/lumieresdeselene.com\/index.php\/wp-json\/wp\/v2\/pages\/7\/revisions"}],"predecessor-version":[{"id":1027,"href":"https:\/\/lumieresdeselene.com\/index.php\/wp-json\/wp\/v2\/pages\/7\/revisions\/1027"}],"wp:attachment":[{"href":"https:\/\/lumieresdeselene.com\/index.php\/wp-json\/wp\/v2\/media?parent=7"}],"curies":[{"name":"wp","href":"https:\/\/api.w.org\/{rel}","templated":true}]}}