{"id":2,"date":"2023-11-28T16:55:35","date_gmt":"2023-11-28T15:55:35","guid":{"rendered":"http:\/\/lumieresdeselene.com\/?page_id=2"},"modified":"2026-01-30T14:51:12","modified_gmt":"2026-01-30T13:51:12","slug":"a-propos-lumieres-de-selene-vient-de-sinstaller-sur-la-commune-de-donnemarie-dontilly","status":"publish","type":"page","link":"https:\/\/lumieresdeselene.com\/index.php\/a-propos-lumieres-de-selene-vient-de-sinstaller-sur-la-commune-de-donnemarie-dontilly\/","title":{"rendered":"Qui suis-je ?"},"content":{"rendered":"\t\t<div data-elementor-type=\"wp-page\" data-elementor-id=\"2\" class=\"elementor elementor-2\">\n\t\t\t\t<div class=\"elementor-element elementor-element-7ae6262 e-flex e-con-boxed e-con e-parent\" data-id=\"7ae6262\" data-element_type=\"container\" data-e-type=\"container\">\n\t\t\t\t\t<div class=\"e-con-inner\">\n\t\t\t\t<div class=\"elementor-element elementor-element-a9ccfc1 elementor-widget elementor-widget-text-editor\" data-id=\"a9ccfc1\" data-element_type=\"widget\" data-e-type=\"widget\" data-widget_type=\"text-editor.default\">\n\t\t\t\t<div class=\"elementor-widget-container\">\n\t\t\t\t\t\t\t\t\t<p style=\"text-align: center;\"><span style=\"font-size: 40px;\"><strong style=\"color: #000080;\"><span style=\"font-family: Ephesis;\">Qui suis-je ?<\/span><\/strong><\/span><\/p>\n<p style=\"text-align: center;\"><span style=\"color: #000080; font-size: 30px;\"><strong><span style=\"font-family: Ephesis;\">Lumi\u00e8res de <span style=\"font-size: 30px;\">S\u00e9l\u00e9n\u00e9<\/span> vient de s\u2019installer sur la commune de Donnemarie-Dontilly.<\/span><\/strong><\/span><\/p>\n<p style=\"text-align: center;\"><span style=\"color: #000080; font-size: 30px;\"><strong><span style=\"font-family: Ephesis;\">Suite \u00e0 la perte de mon emploi j\u2019ai enfin d\u00e9cid\u00e9 de me lancer et de vivre d\u2019une passion que j\u2019ai depuis plusieurs ann\u00e9es, ainsi je souhaite vous faire d\u00e9couvrir le monde des <a style=\"color: #000080;\" href=\"https:\/\/lumieresdeselene.com\/index.php\/categorie-produit\/pierres-roulees\/\">min\u00e9raux<\/a> et de l\u2019\u00e9sot\u00e9risme en vous proposant un large choix de pierres naturelles, <a style=\"color: #000080;\" href=\"https:\/\/lumieresdeselene.com\/index.php\/categorie-produit\/pendentifs\/\">pendentifs<\/a>, <a style=\"color: #000080;\" href=\"https:\/\/lumieresdeselene.com\/index.php\/categorie-produit\/bracelets\/\">bracelets<\/a> \u2026<\/span><\/strong><\/span><\/p>\n<p style=\"text-align: center;\"><span style=\"color: #000080; font-size: 30px;\"><strong><span style=\"font-family: Ephesis;\">Ayant \u00e9t\u00e9 moi-m\u00eame cliente j\u2019accorde une importance \u00e0 la <a style=\"color: #000080;\" href=\"https:\/\/lumieresdeselene.com\/index.php\/2023\/12\/27\/qualite-et-provenance-pierres-naturelles\/\">qualit\u00e9<\/a>, l\u2019authenticit\u00e9 et la provenance des min\u00e9raux vendu sur mon site. Les niveaux de qualit\u00e9 choisis vont de \u00ab\u00a0ab\u00a0\u00bb qui est une qualit\u00e9 dite \u201cstandard\u201d \u00e0 la meilleure qualit\u00e9, mais jamais en dessous.<\/span><\/strong><\/span><\/p>\n<p style=\"text-align: center;\"><span style=\"color: #000080; font-size: 30px;\"><strong><span style=\"font-family: Ephesis;\">J\u2019ai choisi un fournisseur qui peut me fournir les certificats d\u2019authenticit\u00e9 des pierres afin de vous proposer des produits non modifi\u00e9s et non trait\u00e9s.<\/span><\/strong><\/span><br \/><span style=\"color: #000080; font-size: 30px;\"><strong><span style=\"font-family: Ephesis;\">J\u2019esp\u00e8re que la s\u00e9lection que j\u2019ai effectu\u00e9e vous plaira, sur ces mots je vous laisse d\u00e9couvrir la <a style=\"color: #000080;\" href=\"https:\/\/lumieresdeselene.com\/index.php\/boutique\/\">boutique<\/a> \u2026<\/span><\/strong><\/span><\/p>\t\t\t\t\t\t\t\t<\/div>\n\t\t\t\t<\/div>\n\t\t\t\t\t<\/div>\n\t\t\t\t<\/div>\n\t\t<div class=\"elementor-element elementor-element-63db6ea1 e-flex e-con-boxed e-con e-parent\" data-id=\"63db6ea1\" data-element_type=\"container\" data-e-type=\"container\">\n\t\t\t\t\t<div class=\"e-con-inner\">\n\t\t\t\t<div class=\"elementor-element elementor-element-20f7123a elementor-widget elementor-widget-text-editor\" data-id=\"20f7123a\" data-element_type=\"widget\" data-e-type=\"widget\" data-widget_type=\"text-editor.default\">\n\t\t\t\t<div class=\"elementor-widget-container\">\n\t\t\t\t\t\t\t\t\t<p class=\"fonts-plugin-block \" style=\"font-family: Ephesis;font-size: 31px;line-height: 1.2\">Lumi\u00e8res de S\u00e9l\u00e9n\u00e9 vient de s\u2019installer sur la commune de Donnemarie-Dontilly.<br><br>Suite \u00e0 la perte de mon emploi j\u2019ai enfin d\u00e9cid\u00e9 de me lancer et de vivre d\u2019une passion que j\u2019ai depuis plusieurs ann\u00e9es, ainsi je souhaite vous faire d\u00e9couvrir le monde des <a href=\"https:\/\/lumieresdeselene.com\/index.php\/categorie-produit\/pierres-roulees\/\">min\u00e9raux<\/a> et de l\u2019\u00e9sot\u00e9risme en vous proposant un large choix de pierres naturelles, <a href=\"https:\/\/lumieresdeselene.com\/index.php\/categorie-produit\/pendentifs\/\">pendentifs<\/a>, <a href=\"https:\/\/lumieresdeselene.com\/index.php\/categorie-produit\/bracelets\/\">bracelets<\/a> \u2026<br><br>Ayant \u00e9t\u00e9 moi-m\u00eame cliente j\u2019accorde une importance \u00e0 la <a href=\"https:\/\/lumieresdeselene.com\/index.php\/2023\/12\/27\/qualite-et-provenance-pierres-naturelles\/\">qualit\u00e9<\/a>, l\u2019authenticit\u00e9 et la provenance des min\u00e9raux vendu sur mon site. Les niveaux de qualit\u00e9 choisis vont de \"ab\" qui est une qualit\u00e9 dite \u201cstandard\u201d \u00e0 la meilleure qualit\u00e9, mais jamais en dessous.<br><br>J\u2019ai choisi un fournisseur qui peut me fournir les certificats d\u2019authenticit\u00e9 des pierres afin de vous proposer des produits non modifi\u00e9s et non trait\u00e9s.<br>J\u2019esp\u00e8re que la s\u00e9lection que j\u2019ai effectu\u00e9e vous plaira, sur ces mots je vous laisse d\u00e9couvrir la <a href=\"https:\/\/lumieresdeselene.com\/index.php\/boutique\/\">boutique<\/a> \u2026<\/p>\n<p class=\"has-text-align-center has-huge-font-size\" style=\"text-align: center;\">\u00a0<\/p>\n<ul class=\"wp-block-categories-list wp-block-categories\">\t<li class=\"cat-item cat-item-380\"><a href=\"https:\/\/lumieresdeselene.com\/index.php\/category\/boutique\/\">Boutique<\/a>\n<\/li>\n<\/ul><p class=\"fonts-plugin-block \"><\/p>\n<figure id=\"LogoS\u00e9l\u00e9n\u00e9\" class=\"wp-block-image size-full is-resized is-style-default\"><a href=\"https:\/\/lumieresdeselene.com\/\"><img fetchpriority=\"high\" decoding=\"async\" width=\"400\" height=\"186\" data-recalc-dims=\"1\" class=\"wp-image-828\" style=\"width: 400px;\" src=\"https:\/\/i0.wp.com\/lumieresdeselene.com\/wp-content\/uploads\/2024\/01\/cropped-Lumieres-de-Selene3.jpg?w=980&#038;ssl=1\" alt=\"Logo Lumi\u00e8res de S\u00e9l\u00e9n\u00e9\" srcset=\"https:\/\/i0.wp.com\/lumieresdeselene.com\/wp-content\/uploads\/2024\/01\/cropped-Lumieres-de-Selene3.jpg?w=500&amp;ssl=1 500w, https:\/\/i0.wp.com\/lumieresdeselene.com\/wp-content\/uploads\/2024\/01\/cropped-Lumieres-de-Selene3.jpg?resize=300%2C139&amp;ssl=1 300w, https:\/\/i0.wp.com\/lumieresdeselene.com\/wp-content\/uploads\/2024\/01\/cropped-Lumieres-de-Selene3.jpg?resize=416%2C193&amp;ssl=1 416w\" sizes=\"(max-width: 400px) 100vw, 400px\" \/><\/a><\/figure>\n\t\t\t\t\t\t\t\t<\/div>\n\t\t\t\t<\/div>\n\t\t\t\t\t<\/div>\n\t\t\t\t<\/div>\n\t\t\t\t<\/div>\n\t\t","protected":false},"excerpt":{"rendered":"<p>Qui suis-je ? Lumi\u00e8res de S\u00e9l\u00e9n\u00e9 vient de s\u2019installer sur la commune de Donnemarie-Dontilly. Suite \u00e0 la perte de mon emploi j\u2019ai enfin d\u00e9cid\u00e9 de me lancer et de vivre d\u2019une passion que j\u2019ai depuis plusieurs ann\u00e9es, ainsi je souhaite vous faire d\u00e9couvrir le monde des min\u00e9raux et de l\u2019\u00e9sot\u00e9risme en vous proposant un large [&hellip;]<\/p>\n","protected":false},"author":1,"featured_media":0,"parent":0,"menu_order":0,"comment_status":"closed","ping_status":"open","template":"elementor_header_footer","meta":{"footnotes":""},"class_list":["post-2","page","type-page","status-publish","hentry"],"yoast_head":"<!-- This site is optimized with the Yoast SEO plugin v27.1 - https:\/\/yoast.com\/product\/yoast-seo-wordpress\/ -->\n<title>A propos - Lumi\u00e8res de S\u00e9l\u00e9n\u00e9 sur Donnemarie-Dontilly.<\/title>\n<meta name=\"description\" content=\"A propos - Lumi\u00e8res de S\u00e9l\u00e9n\u00e9 vient de s\u2019installer sur la commune de Donnemarie-Dontilly. Venez d\u00e9couvrir la boutique en ligne.\" \/>\n<meta name=\"robots\" content=\"index, follow, max-snippet:-1, max-image-preview:large, max-video-preview:-1\" \/>\n<link rel=\"canonical\" href=\"https:\/\/lumieresdeselene.com\/index.php\/a-propos-lumieres-de-selene-vient-de-sinstaller-sur-la-commune-de-donnemarie-dontilly\/\" \/>\n<meta property=\"og:locale\" content=\"fr_FR\" \/>\n<meta property=\"og:type\" content=\"article\" \/>\n<meta property=\"og:title\" content=\"A propos - Lumi\u00e8res de S\u00e9l\u00e9n\u00e9 sur Donnemarie-Dontilly.\" \/>\n<meta property=\"og:description\" content=\"A propos - Lumi\u00e8res de S\u00e9l\u00e9n\u00e9 vient de s\u2019installer sur la commune de Donnemarie-Dontilly. Venez d\u00e9couvrir la boutique en ligne.\" \/>\n<meta property=\"og:url\" content=\"https:\/\/lumieresdeselene.com\/index.php\/a-propos-lumieres-de-selene-vient-de-sinstaller-sur-la-commune-de-donnemarie-dontilly\/\" \/>\n<meta property=\"og:site_name\" content=\"Lumi\u00e8res de S\u00e9l\u00e9n\u00e9\" \/>\n<meta property=\"article:publisher\" content=\"https:\/\/www.facebook.com\/lumieresdeselene\/\" \/>\n<meta property=\"article:modified_time\" content=\"2026-01-30T13:51:12+00:00\" \/>\n<meta property=\"og:image\" content=\"https:\/\/lumieresdeselene.com\/wp-content\/uploads\/2024\/01\/cropped-Lumieres-de-Selene3.jpg\" \/>\n<meta name=\"twitter:card\" content=\"summary_large_image\" \/>\n<meta name=\"twitter:label1\" content=\"Dur\u00e9e de lecture estim\u00e9e\" \/>\n\t<meta name=\"twitter:data1\" content=\"1 minute\" \/>\n<script type=\"application\/ld+json\" class=\"yoast-schema-graph\">{\"@context\":\"https:\/\/schema.org\",\"@graph\":[{\"@type\":\"WebPage\",\"@id\":\"https:\/\/lumieresdeselene.com\/index.php\/a-propos-lumieres-de-selene-vient-de-sinstaller-sur-la-commune-de-donnemarie-dontilly\/\",\"url\":\"https:\/\/lumieresdeselene.com\/index.php\/a-propos-lumieres-de-selene-vient-de-sinstaller-sur-la-commune-de-donnemarie-dontilly\/\",\"name\":\"A propos - Lumi\u00e8res de S\u00e9l\u00e9n\u00e9 sur Donnemarie-Dontilly.\",\"isPartOf\":{\"@id\":\"https:\/\/lumieresdeselene.com\/#website\"},\"primaryImageOfPage\":{\"@id\":\"https:\/\/lumieresdeselene.com\/index.php\/a-propos-lumieres-de-selene-vient-de-sinstaller-sur-la-commune-de-donnemarie-dontilly\/#primaryimage\"},\"image\":{\"@id\":\"https:\/\/lumieresdeselene.com\/index.php\/a-propos-lumieres-de-selene-vient-de-sinstaller-sur-la-commune-de-donnemarie-dontilly\/#primaryimage\"},\"thumbnailUrl\":\"https:\/\/lumieresdeselene.com\/wp-content\/uploads\/2024\/01\/cropped-Lumieres-de-Selene3.jpg\",\"datePublished\":\"2023-11-28T15:55:35+00:00\",\"dateModified\":\"2026-01-30T13:51:12+00:00\",\"description\":\"A propos - Lumi\u00e8res de S\u00e9l\u00e9n\u00e9 vient de s\u2019installer sur la commune de Donnemarie-Dontilly. Venez d\u00e9couvrir la boutique en ligne.\",\"breadcrumb\":{\"@id\":\"https:\/\/lumieresdeselene.com\/index.php\/a-propos-lumieres-de-selene-vient-de-sinstaller-sur-la-commune-de-donnemarie-dontilly\/#breadcrumb\"},\"inLanguage\":\"fr-FR\",\"potentialAction\":[{\"@type\":\"ReadAction\",\"target\":[\"https:\/\/lumieresdeselene.com\/index.php\/a-propos-lumieres-de-selene-vient-de-sinstaller-sur-la-commune-de-donnemarie-dontilly\/\"]}]},{\"@type\":\"ImageObject\",\"inLanguage\":\"fr-FR\",\"@id\":\"https:\/\/lumieresdeselene.com\/index.php\/a-propos-lumieres-de-selene-vient-de-sinstaller-sur-la-commune-de-donnemarie-dontilly\/#primaryimage\",\"url\":\"https:\/\/i0.wp.com\/lumieresdeselene.com\/wp-content\/uploads\/2024\/01\/cropped-Lumieres-de-Selene3.jpg?fit=500%2C232&ssl=1\",\"contentUrl\":\"https:\/\/i0.wp.com\/lumieresdeselene.com\/wp-content\/uploads\/2024\/01\/cropped-Lumieres-de-Selene3.jpg?fit=500%2C232&ssl=1\",\"width\":500,\"height\":232,\"caption\":\"Logo Lumi\u00e8res de S\u00e9l\u00e9n\u00e9\"},{\"@type\":\"BreadcrumbList\",\"@id\":\"https:\/\/lumieresdeselene.com\/index.php\/a-propos-lumieres-de-selene-vient-de-sinstaller-sur-la-commune-de-donnemarie-dontilly\/#breadcrumb\",\"itemListElement\":[{\"@type\":\"ListItem\",\"position\":1,\"name\":\"Accueil\",\"item\":\"https:\/\/lumieresdeselene.com\/\"},{\"@type\":\"ListItem\",\"position\":2,\"name\":\"Qui suis-je ?\"}]},{\"@type\":\"WebSite\",\"@id\":\"https:\/\/lumieresdeselene.com\/#website\",\"url\":\"https:\/\/lumieresdeselene.com\/\",\"name\":\"Lumi\u00e8res de S\u00e9l\u00e9n\u00e9\",\"description\":\"Lumi\u00e8res de S\u00e9l\u00e9n\u00e9\",\"publisher\":{\"@id\":\"https:\/\/lumieresdeselene.com\/#organization\"},\"potentialAction\":[{\"@type\":\"SearchAction\",\"target\":{\"@type\":\"EntryPoint\",\"urlTemplate\":\"https:\/\/lumieresdeselene.com\/?s={search_term_string}\"},\"query-input\":{\"@type\":\"PropertyValueSpecification\",\"valueRequired\":true,\"valueName\":\"search_term_string\"}}],\"inLanguage\":\"fr-FR\"},{\"@type\":\"Organization\",\"@id\":\"https:\/\/lumieresdeselene.com\/#organization\",\"name\":\"Lumi\u00e8res de S\u00e9l\u00e9n\u00e9\",\"url\":\"https:\/\/lumieresdeselene.com\/\",\"logo\":{\"@type\":\"ImageObject\",\"inLanguage\":\"fr-FR\",\"@id\":\"https:\/\/lumieresdeselene.com\/#\/schema\/logo\/image\/\",\"url\":\"https:\/\/i0.wp.com\/lumieresdeselene.com\/wp-content\/uploads\/2024\/01\/Lumieres-de-Selene3.jpg?fit=500%2C500&ssl=1\",\"contentUrl\":\"https:\/\/i0.wp.com\/lumieresdeselene.com\/wp-content\/uploads\/2024\/01\/Lumieres-de-Selene3.jpg?fit=500%2C500&ssl=1\",\"width\":500,\"height\":500,\"caption\":\"Lumi\u00e8res de S\u00e9l\u00e9n\u00e9\"},\"image\":{\"@id\":\"https:\/\/lumieresdeselene.com\/#\/schema\/logo\/image\/\"},\"sameAs\":[\"https:\/\/www.facebook.com\/lumieresdeselene\/\",\"https:\/\/www.instagram.com\/lumieres.selene\/\"]}]}<\/script>\n<!-- \/ Yoast SEO plugin. -->","yoast_head_json":{"title":"A propos - Lumi\u00e8res de S\u00e9l\u00e9n\u00e9 sur Donnemarie-Dontilly.","description":"A propos - Lumi\u00e8res de S\u00e9l\u00e9n\u00e9 vient de s\u2019installer sur la commune de Donnemarie-Dontilly. Venez d\u00e9couvrir la boutique en ligne.","robots":{"index":"index","follow":"follow","max-snippet":"max-snippet:-1","max-image-preview":"max-image-preview:large","max-video-preview":"max-video-preview:-1"},"canonical":"https:\/\/lumieresdeselene.com\/index.php\/a-propos-lumieres-de-selene-vient-de-sinstaller-sur-la-commune-de-donnemarie-dontilly\/","og_locale":"fr_FR","og_type":"article","og_title":"A propos - Lumi\u00e8res de S\u00e9l\u00e9n\u00e9 sur Donnemarie-Dontilly.","og_description":"A propos - Lumi\u00e8res de S\u00e9l\u00e9n\u00e9 vient de s\u2019installer sur la commune de Donnemarie-Dontilly. Venez d\u00e9couvrir la boutique en ligne.","og_url":"https:\/\/lumieresdeselene.com\/index.php\/a-propos-lumieres-de-selene-vient-de-sinstaller-sur-la-commune-de-donnemarie-dontilly\/","og_site_name":"Lumi\u00e8res de S\u00e9l\u00e9n\u00e9","article_publisher":"https:\/\/www.facebook.com\/lumieresdeselene\/","article_modified_time":"2026-01-30T13:51:12+00:00","og_image":[{"url":"https:\/\/lumieresdeselene.com\/wp-content\/uploads\/2024\/01\/cropped-Lumieres-de-Selene3.jpg","type":"","width":"","height":""}],"twitter_card":"summary_large_image","twitter_misc":{"Dur\u00e9e de lecture estim\u00e9e":"1 minute"},"schema":{"@context":"https:\/\/schema.org","@graph":[{"@type":"WebPage","@id":"https:\/\/lumieresdeselene.com\/index.php\/a-propos-lumieres-de-selene-vient-de-sinstaller-sur-la-commune-de-donnemarie-dontilly\/","url":"https:\/\/lumieresdeselene.com\/index.php\/a-propos-lumieres-de-selene-vient-de-sinstaller-sur-la-commune-de-donnemarie-dontilly\/","name":"A propos - Lumi\u00e8res de S\u00e9l\u00e9n\u00e9 sur Donnemarie-Dontilly.","isPartOf":{"@id":"https:\/\/lumieresdeselene.com\/#website"},"primaryImageOfPage":{"@id":"https:\/\/lumieresdeselene.com\/index.php\/a-propos-lumieres-de-selene-vient-de-sinstaller-sur-la-commune-de-donnemarie-dontilly\/#primaryimage"},"image":{"@id":"https:\/\/lumieresdeselene.com\/index.php\/a-propos-lumieres-de-selene-vient-de-sinstaller-sur-la-commune-de-donnemarie-dontilly\/#primaryimage"},"thumbnailUrl":"https:\/\/lumieresdeselene.com\/wp-content\/uploads\/2024\/01\/cropped-Lumieres-de-Selene3.jpg","datePublished":"2023-11-28T15:55:35+00:00","dateModified":"2026-01-30T13:51:12+00:00","description":"A propos - Lumi\u00e8res de S\u00e9l\u00e9n\u00e9 vient de s\u2019installer sur la commune de Donnemarie-Dontilly. Venez d\u00e9couvrir la boutique en ligne.","breadcrumb":{"@id":"https:\/\/lumieresdeselene.com\/index.php\/a-propos-lumieres-de-selene-vient-de-sinstaller-sur-la-commune-de-donnemarie-dontilly\/#breadcrumb"},"inLanguage":"fr-FR","potentialAction":[{"@type":"ReadAction","target":["https:\/\/lumieresdeselene.com\/index.php\/a-propos-lumieres-de-selene-vient-de-sinstaller-sur-la-commune-de-donnemarie-dontilly\/"]}]},{"@type":"ImageObject","inLanguage":"fr-FR","@id":"https:\/\/lumieresdeselene.com\/index.php\/a-propos-lumieres-de-selene-vient-de-sinstaller-sur-la-commune-de-donnemarie-dontilly\/#primaryimage","url":"https:\/\/i0.wp.com\/lumieresdeselene.com\/wp-content\/uploads\/2024\/01\/cropped-Lumieres-de-Selene3.jpg?fit=500%2C232&ssl=1","contentUrl":"https:\/\/i0.wp.com\/lumieresdeselene.com\/wp-content\/uploads\/2024\/01\/cropped-Lumieres-de-Selene3.jpg?fit=500%2C232&ssl=1","width":500,"height":232,"caption":"Logo Lumi\u00e8res de S\u00e9l\u00e9n\u00e9"},{"@type":"BreadcrumbList","@id":"https:\/\/lumieresdeselene.com\/index.php\/a-propos-lumieres-de-selene-vient-de-sinstaller-sur-la-commune-de-donnemarie-dontilly\/#breadcrumb","itemListElement":[{"@type":"ListItem","position":1,"name":"Accueil","item":"https:\/\/lumieresdeselene.com\/"},{"@type":"ListItem","position":2,"name":"Qui suis-je ?"}]},{"@type":"WebSite","@id":"https:\/\/lumieresdeselene.com\/#website","url":"https:\/\/lumieresdeselene.com\/","name":"Lumi\u00e8res de S\u00e9l\u00e9n\u00e9","description":"Lumi\u00e8res de S\u00e9l\u00e9n\u00e9","publisher":{"@id":"https:\/\/lumieresdeselene.com\/#organization"},"potentialAction":[{"@type":"SearchAction","target":{"@type":"EntryPoint","urlTemplate":"https:\/\/lumieresdeselene.com\/?s={search_term_string}"},"query-input":{"@type":"PropertyValueSpecification","valueRequired":true,"valueName":"search_term_string"}}],"inLanguage":"fr-FR"},{"@type":"Organization","@id":"https:\/\/lumieresdeselene.com\/#organization","name":"Lumi\u00e8res de S\u00e9l\u00e9n\u00e9","url":"https:\/\/lumieresdeselene.com\/","logo":{"@type":"ImageObject","inLanguage":"fr-FR","@id":"https:\/\/lumieresdeselene.com\/#\/schema\/logo\/image\/","url":"https:\/\/i0.wp.com\/lumieresdeselene.com\/wp-content\/uploads\/2024\/01\/Lumieres-de-Selene3.jpg?fit=500%2C500&ssl=1","contentUrl":"https:\/\/i0.wp.com\/lumieresdeselene.com\/wp-content\/uploads\/2024\/01\/Lumieres-de-Selene3.jpg?fit=500%2C500&ssl=1","width":500,"height":500,"caption":"Lumi\u00e8res de S\u00e9l\u00e9n\u00e9"},"image":{"@id":"https:\/\/lumieresdeselene.com\/#\/schema\/logo\/image\/"},"sameAs":["https:\/\/www.facebook.com\/lumieresdeselene\/","https:\/\/www.instagram.com\/lumieres.selene\/"]}]}},"jetpack_shortlink":"https:\/\/wp.me\/Pfl0kZ-2","jetpack_sharing_enabled":true,"_links":{"self":[{"href":"https:\/\/lumieresdeselene.com\/index.php\/wp-json\/wp\/v2\/pages\/2","targetHints":{"allow":["GET"]}}],"collection":[{"href":"https:\/\/lumieresdeselene.com\/index.php\/wp-json\/wp\/v2\/pages"}],"about":[{"href":"https:\/\/lumieresdeselene.com\/index.php\/wp-json\/wp\/v2\/types\/page"}],"author":[{"embeddable":true,"href":"https:\/\/lumieresdeselene.com\/index.php\/wp-json\/wp\/v2\/users\/1"}],"replies":[{"embeddable":true,"href":"https:\/\/lumieresdeselene.com\/index.php\/wp-json\/wp\/v2\/comments?post=2"}],"version-history":[{"count":35,"href":"https:\/\/lumieresdeselene.com\/index.php\/wp-json\/wp\/v2\/pages\/2\/revisions"}],"predecessor-version":[{"id":3538,"href":"https:\/\/lumieresdeselene.com\/index.php\/wp-json\/wp\/v2\/pages\/2\/revisions\/3538"}],"wp:attachment":[{"href":"https:\/\/lumieresdeselene.com\/index.php\/wp-json\/wp\/v2\/media?parent=2"}],"curies":[{"name":"wp","href":"https:\/\/api.w.org\/{rel}","templated":true}]}}