{"id":1420,"date":"2024-03-18T10:27:55","date_gmt":"2024-03-18T09:27:55","guid":{"rendered":"https:\/\/lumieresdeselene.com\/?page_id=1420"},"modified":"2024-03-18T10:31:33","modified_gmt":"2024-03-18T09:31:33","slug":"politique-de-confidentialite-2","status":"publish","type":"page","link":"https:\/\/lumieresdeselene.com\/index.php\/politique-de-confidentialite-2\/","title":{"rendered":"Politique de confidentialit\u00e9"},"content":{"rendered":"\t\t<div data-elementor-type=\"wp-page\" data-elementor-id=\"1420\" class=\"elementor elementor-1420\">\n\t\t\t\t<div class=\"elementor-element elementor-element-f792754 e-flex e-con-boxed e-con e-parent\" data-id=\"f792754\" data-element_type=\"container\" data-e-type=\"container\">\n\t\t\t\t\t<div class=\"e-con-inner\">\n\t\t<div class=\"elementor-element elementor-element-cb6b5e6 e-con-full e-flex e-con e-child\" data-id=\"cb6b5e6\" data-element_type=\"container\" data-e-type=\"container\">\n\t\t\t\t<div class=\"elementor-element elementor-element-2bb7843 elementor-widget__width-initial elementor-widget elementor-widget-text-editor\" data-id=\"2bb7843\" data-element_type=\"widget\" data-e-type=\"widget\" data-widget_type=\"text-editor.default\">\n\t\t\t\t<div class=\"elementor-widget-container\">\n\t\t\t\t\t\t\t\t\t<h3 class=\"fonts-plugin-block \" style=\"text-align: center;\"><span style=\"text-decoration: underline;\"><strong><span style=\"font-family: Ephesis; font-size: 30px; color: #000080; text-decoration: underline;\">Qui sommes-nous\u00a0?<\/span><\/strong><\/span><br \/><br \/><strong><span style=\"font-family: Ephesis; font-size: 30px; color: #000080;\">L\u2019adresse du site est\u00a0: https:\/\/lumieresdeselene.com.<\/span><\/strong><br \/><br \/><span style=\"text-decoration: underline;\"><strong><span style=\"font-family: Ephesis; font-size: 30px; color: #000080; text-decoration: underline;\">Commentaires<\/span><\/strong><\/span><br \/><br \/><strong><span style=\"font-family: Ephesis; font-size: 30px; color: #000080;\">Quand vous laissez un commentaire sur le site, les donn\u00e9es inscrites dans le formulaire de commentaire, ainsi que votre adresse ip et l\u2019agent utilisateur de votre navigateur sont collect\u00e9s pour aider \u00e0 la d\u00e9tection des commentaires ind\u00e9sirables.<\/span><\/strong><br \/><strong><span style=\"font-family: Ephesis; font-size: 30px; color: #000080;\">Une cha\u00eene anonymis\u00e9e cr\u00e9\u00e9e \u00e0 partir de votre adresse e-mail (\u00e9galement appel\u00e9e hash) peut \u00eatre envoy\u00e9e au service Gravatar pour v\u00e9rifier si vous utilisez ce dernier. Les clauses de confidentialit\u00e9 du service Gravatar sont disponibles ici\u00a0: https:\/\/automattic.com\/privacy\/. Apr\u00e8s validation de votre commentaire, votre photo de profil sera visible publiquement \u00e0 cot\u00e9 de votre commentaire.<\/span><\/strong><br \/><br \/><span style=\"text-decoration: underline;\"><strong><span style=\"font-family: Ephesis; font-size: 30px; color: #000080; text-decoration: underline;\">M\u00e9dias<\/span><\/strong><\/span><br \/><br \/><strong><span style=\"font-family: Ephesis; font-size: 30px; color: #000080;\">Si vous t\u00e9l\u00e9versez des images sur le site avec vos commentaires, je vous conseille d\u2019\u00e9viter de t\u00e9l\u00e9verser des images contenant des donn\u00e9es exif de coordonn\u00e9es gps. Les personnes visitant le site peuvent t\u00e9l\u00e9charger et extraire des donn\u00e9es de localisation depuis ces images.<\/span><\/strong><br \/><br \/><span style=\"text-decoration: underline;\"><strong><span style=\"font-family: Ephesis; font-size: 30px; color: #000080; text-decoration: underline;\">Cookies<\/span><\/strong><\/span><br \/><br \/><strong><span style=\"font-family: Ephesis; font-size: 30px; color: #000080;\">Si vous d\u00e9posez un commentaire sur le site, il vous sera propos\u00e9 d\u2019enregistrer votre nom et adresse e-mail dans des cookies. C\u2019est uniquement pour votre confort afin de ne pas avoir \u00e0 saisir ces informations si vous d\u00e9posez un autre commentaire plus tard. Ces cookies expirent au bout d\u2019un an.<\/span><\/strong><br \/><strong><span style=\"font-family: Ephesis; font-size: 30px; color: #000080;\">Si vous vous rendez sur la page de connexion, un cookie temporaire sera cr\u00e9\u00e9 afin de d\u00e9terminer si votre navigateur accepte les cookies. Il ne contient pas de donn\u00e9es personnelles et sera supprim\u00e9 automatiquement \u00e0 la fermeture de votre navigateur.<\/span><\/strong><br \/><strong><span style=\"font-family: Ephesis; font-size: 30px; color: #000080;\">Lorsque vous vous connecterez, le site mettra en place un certain nombre de cookies pour enregistrer vos informations de connexion et vos pr\u00e9f\u00e9rences d\u2019\u00e9cran. La dur\u00e9e de vie d\u2019un cookie de connexion est de deux jours, celle d\u2019un cookie d\u2019option d\u2019\u00e9cran est d\u2019un an. Si vous cochez \u00ab\u00a0Se souvenir de moi\u00a0\u00bb, votre cookie de connexion sera conserv\u00e9 pendant deux semaines. Si vous vous d\u00e9connectez de votre compte, le cookie de connexion sera effac\u00e9.<\/span><\/strong><br \/><strong><span style=\"font-family: Ephesis; font-size: 30px; color: #000080;\">En modifiant ou en publiant une publication, un cookie suppl\u00e9mentaire sera enregistr\u00e9 dans votre navigateur. Ce cookie ne comprend aucune donn\u00e9e personnelle. Il indique simplement l\u2019id de la publication que vous venez de modifier. Il expire au bout d\u2019un jour.<\/span><\/strong><br \/><br \/><span style=\"text-decoration: underline;\"><strong><span style=\"font-family: Ephesis; font-size: 30px; color: #000080; text-decoration: underline;\">Contenu embarqu\u00e9 depuis d\u2019autres sites<\/span><\/strong><\/span><br \/><br \/><strong><span style=\"font-family: Ephesis; font-size: 30px; color: #000080;\">Les articles de ce site peuvent inclure des contenus int\u00e9gr\u00e9s (par exemple des vid\u00e9os, images, articles\u2026). Le contenu int\u00e9gr\u00e9 depuis d\u2019autres sites se comporte de la m\u00eame mani\u00e8re que si le visiteur se rendait sur cet autre site.<\/span><\/strong><br \/><strong><span style=\"font-family: Ephesis; font-size: 30px; color: #000080;\">Ces sites web pourraient collecter des donn\u00e9es sur vous, utiliser des cookies, embarquer des outils de suivis tiers, suivre vos interactions avec ces contenus embarqu\u00e9s si vous disposez d\u2019un compte connect\u00e9 sur leur site web.<\/span><\/strong><br \/><strong><span style=\"font-family: Ephesis; font-size: 30px; color: #000080;\">Utilisation et transmission de vos donn\u00e9es personnelles<\/span><\/strong><br \/><strong><span style=\"font-family: Ephesis; font-size: 30px; color: #000080;\">Si vous demandez une r\u00e9initialisation de votre mot de passe, votre adresse ip sera incluse dans l\u2019e-mail de r\u00e9initialisation.<\/span><\/strong><br \/><br \/><span style=\"text-decoration: underline;\"><strong><span style=\"font-family: Ephesis; font-size: 30px; color: #000080; text-decoration: underline;\">Dur\u00e9es de stockage de vos donn\u00e9es<\/span><\/strong><\/span><br \/><br \/><strong><span style=\"font-family: Ephesis; font-size: 30px; color: #000080;\">Si vous laissez un commentaire, le commentaire et ses m\u00e9tadonn\u00e9es sont conserv\u00e9s ind\u00e9finiment. Cela permet de reconna\u00eetre et approuver automatiquement les commentaires suivants au lieu de les laisser dans la file de mod\u00e9ration.<\/span><\/strong><br \/><strong><span style=\"font-family: Ephesis; font-size: 30px; color: #000080;\">Pour les comptes qui s\u2019inscrivent sur notre site (le cas \u00e9ch\u00e9ant), le site stock \u00e9galement les donn\u00e9es personnelles indiqu\u00e9es dans leur profil. Tous les comptes peuvent voir, modifier ou supprimer leurs informations personnelles \u00e0 tout moment (\u00e0 l\u2019exception de leur identifiant). Les gestionnaires du site peuvent aussi voir et modifier ces informations.<\/span><\/strong><br \/><br \/><span style=\"text-decoration: underline;\"><strong><span style=\"font-family: Ephesis; font-size: 30px; color: #000080; text-decoration: underline;\">Les droits que vous avez sur vos donn\u00e9es<\/span><\/strong><\/span><br \/><br \/><strong><span style=\"font-family: Ephesis; font-size: 30px; color: #000080;\">Si vous avez un compte ou si vous avez laiss\u00e9 des commentaires sur le site, vous pouvez demander \u00e0 recevoir un fichier contenant toutes les donn\u00e9es personnelles que je poss\u00e8de \u00e0 votre sujet, incluant celles que vous avez fournies. Vous pouvez \u00e9galement demander la suppression des donn\u00e9es personnelles vous concernant. Cela ne prend pas en compte les donn\u00e9es stock\u00e9es \u00e0 des fins administratives, l\u00e9gales ou pour des raisons de s\u00e9curit\u00e9.<\/span><\/strong><br \/><br \/><span style=\"text-decoration: underline;\"><strong><span style=\"font-family: Ephesis; font-size: 30px; color: #000080; text-decoration: underline;\">Transmission de vos donn\u00e9es personnelles<\/span><\/strong><\/span><br \/><br \/><strong><span style=\"font-family: Ephesis; font-size: 30px; color: #000080;\">Les commentaires des visiteurs peuvent \u00eatre v\u00e9rifi\u00e9s \u00e0 l\u2019aide d\u2019un service automatis\u00e9 de d\u00e9tection des commentaires ind\u00e9sirables.<\/span><\/strong><\/h3>\t\t\t\t\t\t\t\t<\/div>\n\t\t\t\t<\/div>\n\t\t\t\t<\/div>\n\t\t\t\t\t<\/div>\n\t\t\t\t<\/div>\n\t\t\t\t<\/div>\n\t\t","protected":false},"excerpt":{"rendered":"<p>Qui sommes-nous\u00a0? L\u2019adresse du site est\u00a0: https:\/\/lumieresdeselene.com. Commentaires Quand vous laissez un commentaire sur le site, les donn\u00e9es inscrites dans le formulaire de commentaire, ainsi que votre adresse ip et l\u2019agent utilisateur de votre navigateur sont collect\u00e9s pour aider \u00e0 la d\u00e9tection des commentaires ind\u00e9sirables.Une cha\u00eene anonymis\u00e9e cr\u00e9\u00e9e \u00e0 partir de votre adresse e-mail (\u00e9galement [&hellip;]<\/p>\n","protected":false},"author":1,"featured_media":0,"parent":0,"menu_order":0,"comment_status":"closed","ping_status":"closed","template":"","meta":{"footnotes":""},"class_list":["post-1420","page","type-page","status-publish","hentry"],"yoast_head":"<!-- This site is optimized with the Yoast SEO plugin v27.1 - https:\/\/yoast.com\/product\/yoast-seo-wordpress\/ -->\n<title>Politique de confidentialit\u00e9 - Lumi\u00e8res de S\u00e9l\u00e9n\u00e9<\/title>\n<meta name=\"robots\" content=\"index, follow, max-snippet:-1, max-image-preview:large, max-video-preview:-1\" \/>\n<link rel=\"canonical\" href=\"https:\/\/lumieresdeselene.com\/index.php\/politique-de-confidentialite-2\/\" \/>\n<meta property=\"og:locale\" content=\"fr_FR\" \/>\n<meta property=\"og:type\" content=\"article\" \/>\n<meta property=\"og:title\" content=\"Politique de confidentialit\u00e9 - Lumi\u00e8res de S\u00e9l\u00e9n\u00e9\" \/>\n<meta property=\"og:description\" content=\"Qui sommes-nous\u00a0? L\u2019adresse du site est\u00a0: https:\/\/lumieresdeselene.com. Commentaires Quand vous laissez un commentaire sur le site, les donn\u00e9es inscrites dans le formulaire de commentaire, ainsi que votre adresse ip et l\u2019agent utilisateur de votre navigateur sont collect\u00e9s pour aider \u00e0 la d\u00e9tection des commentaires ind\u00e9sirables.Une cha\u00eene anonymis\u00e9e cr\u00e9\u00e9e \u00e0 partir de votre adresse e-mail (\u00e9galement [&hellip;]\" \/>\n<meta property=\"og:url\" content=\"https:\/\/lumieresdeselene.com\/index.php\/politique-de-confidentialite-2\/\" \/>\n<meta property=\"og:site_name\" content=\"Lumi\u00e8res de S\u00e9l\u00e9n\u00e9\" \/>\n<meta property=\"article:publisher\" content=\"https:\/\/www.facebook.com\/lumieresdeselene\/\" \/>\n<meta property=\"article:modified_time\" content=\"2024-03-18T09:31:33+00:00\" \/>\n<meta property=\"og:image\" content=\"https:\/\/i0.wp.com\/lumieresdeselene.com\/wp-content\/uploads\/2024\/01\/cropped-Lumieres-de-Selene3.jpg?fit=500%2C232&ssl=1\" \/>\n\t<meta property=\"og:image:width\" content=\"500\" \/>\n\t<meta property=\"og:image:height\" content=\"232\" \/>\n\t<meta property=\"og:image:type\" content=\"image\/jpeg\" \/>\n<meta name=\"twitter:card\" content=\"summary_large_image\" \/>\n<meta name=\"twitter:label1\" content=\"Dur\u00e9e de lecture estim\u00e9e\" \/>\n\t<meta name=\"twitter:data1\" content=\"4 minutes\" \/>\n<script type=\"application\/ld+json\" class=\"yoast-schema-graph\">{\"@context\":\"https:\/\/schema.org\",\"@graph\":[{\"@type\":\"WebPage\",\"@id\":\"https:\/\/lumieresdeselene.com\/index.php\/politique-de-confidentialite-2\/\",\"url\":\"https:\/\/lumieresdeselene.com\/index.php\/politique-de-confidentialite-2\/\",\"name\":\"Politique de confidentialit\u00e9 - Lumi\u00e8res de S\u00e9l\u00e9n\u00e9\",\"isPartOf\":{\"@id\":\"https:\/\/lumieresdeselene.com\/#website\"},\"datePublished\":\"2024-03-18T09:27:55+00:00\",\"dateModified\":\"2024-03-18T09:31:33+00:00\",\"breadcrumb\":{\"@id\":\"https:\/\/lumieresdeselene.com\/index.php\/politique-de-confidentialite-2\/#breadcrumb\"},\"inLanguage\":\"fr-FR\",\"potentialAction\":[{\"@type\":\"ReadAction\",\"target\":[\"https:\/\/lumieresdeselene.com\/index.php\/politique-de-confidentialite-2\/\"]}]},{\"@type\":\"BreadcrumbList\",\"@id\":\"https:\/\/lumieresdeselene.com\/index.php\/politique-de-confidentialite-2\/#breadcrumb\",\"itemListElement\":[{\"@type\":\"ListItem\",\"position\":1,\"name\":\"Accueil\",\"item\":\"https:\/\/lumieresdeselene.com\/\"},{\"@type\":\"ListItem\",\"position\":2,\"name\":\"Politique de confidentialit\u00e9\"}]},{\"@type\":\"WebSite\",\"@id\":\"https:\/\/lumieresdeselene.com\/#website\",\"url\":\"https:\/\/lumieresdeselene.com\/\",\"name\":\"Lumi\u00e8res de S\u00e9l\u00e9n\u00e9\",\"description\":\"Lumi\u00e8res de S\u00e9l\u00e9n\u00e9\",\"publisher\":{\"@id\":\"https:\/\/lumieresdeselene.com\/#organization\"},\"potentialAction\":[{\"@type\":\"SearchAction\",\"target\":{\"@type\":\"EntryPoint\",\"urlTemplate\":\"https:\/\/lumieresdeselene.com\/?s={search_term_string}\"},\"query-input\":{\"@type\":\"PropertyValueSpecification\",\"valueRequired\":true,\"valueName\":\"search_term_string\"}}],\"inLanguage\":\"fr-FR\"},{\"@type\":\"Organization\",\"@id\":\"https:\/\/lumieresdeselene.com\/#organization\",\"name\":\"Lumi\u00e8res de S\u00e9l\u00e9n\u00e9\",\"url\":\"https:\/\/lumieresdeselene.com\/\",\"logo\":{\"@type\":\"ImageObject\",\"inLanguage\":\"fr-FR\",\"@id\":\"https:\/\/lumieresdeselene.com\/#\/schema\/logo\/image\/\",\"url\":\"https:\/\/i0.wp.com\/lumieresdeselene.com\/wp-content\/uploads\/2024\/01\/Lumieres-de-Selene3.jpg?fit=500%2C500&ssl=1\",\"contentUrl\":\"https:\/\/i0.wp.com\/lumieresdeselene.com\/wp-content\/uploads\/2024\/01\/Lumieres-de-Selene3.jpg?fit=500%2C500&ssl=1\",\"width\":500,\"height\":500,\"caption\":\"Lumi\u00e8res de S\u00e9l\u00e9n\u00e9\"},\"image\":{\"@id\":\"https:\/\/lumieresdeselene.com\/#\/schema\/logo\/image\/\"},\"sameAs\":[\"https:\/\/www.facebook.com\/lumieresdeselene\/\",\"https:\/\/www.instagram.com\/lumieres.selene\/\"]}]}<\/script>\n<!-- \/ Yoast SEO plugin. -->","yoast_head_json":{"title":"Politique de confidentialit\u00e9 - Lumi\u00e8res de S\u00e9l\u00e9n\u00e9","robots":{"index":"index","follow":"follow","max-snippet":"max-snippet:-1","max-image-preview":"max-image-preview:large","max-video-preview":"max-video-preview:-1"},"canonical":"https:\/\/lumieresdeselene.com\/index.php\/politique-de-confidentialite-2\/","og_locale":"fr_FR","og_type":"article","og_title":"Politique de confidentialit\u00e9 - Lumi\u00e8res de S\u00e9l\u00e9n\u00e9","og_description":"Qui sommes-nous\u00a0? L\u2019adresse du site est\u00a0: https:\/\/lumieresdeselene.com. Commentaires Quand vous laissez un commentaire sur le site, les donn\u00e9es inscrites dans le formulaire de commentaire, ainsi que votre adresse ip et l\u2019agent utilisateur de votre navigateur sont collect\u00e9s pour aider \u00e0 la d\u00e9tection des commentaires ind\u00e9sirables.Une cha\u00eene anonymis\u00e9e cr\u00e9\u00e9e \u00e0 partir de votre adresse e-mail (\u00e9galement [&hellip;]","og_url":"https:\/\/lumieresdeselene.com\/index.php\/politique-de-confidentialite-2\/","og_site_name":"Lumi\u00e8res de S\u00e9l\u00e9n\u00e9","article_publisher":"https:\/\/www.facebook.com\/lumieresdeselene\/","article_modified_time":"2024-03-18T09:31:33+00:00","og_image":[{"width":500,"height":232,"url":"https:\/\/i0.wp.com\/lumieresdeselene.com\/wp-content\/uploads\/2024\/01\/cropped-Lumieres-de-Selene3.jpg?fit=500%2C232&ssl=1","type":"image\/jpeg"}],"twitter_card":"summary_large_image","twitter_misc":{"Dur\u00e9e de lecture estim\u00e9e":"4 minutes"},"schema":{"@context":"https:\/\/schema.org","@graph":[{"@type":"WebPage","@id":"https:\/\/lumieresdeselene.com\/index.php\/politique-de-confidentialite-2\/","url":"https:\/\/lumieresdeselene.com\/index.php\/politique-de-confidentialite-2\/","name":"Politique de confidentialit\u00e9 - Lumi\u00e8res de S\u00e9l\u00e9n\u00e9","isPartOf":{"@id":"https:\/\/lumieresdeselene.com\/#website"},"datePublished":"2024-03-18T09:27:55+00:00","dateModified":"2024-03-18T09:31:33+00:00","breadcrumb":{"@id":"https:\/\/lumieresdeselene.com\/index.php\/politique-de-confidentialite-2\/#breadcrumb"},"inLanguage":"fr-FR","potentialAction":[{"@type":"ReadAction","target":["https:\/\/lumieresdeselene.com\/index.php\/politique-de-confidentialite-2\/"]}]},{"@type":"BreadcrumbList","@id":"https:\/\/lumieresdeselene.com\/index.php\/politique-de-confidentialite-2\/#breadcrumb","itemListElement":[{"@type":"ListItem","position":1,"name":"Accueil","item":"https:\/\/lumieresdeselene.com\/"},{"@type":"ListItem","position":2,"name":"Politique de confidentialit\u00e9"}]},{"@type":"WebSite","@id":"https:\/\/lumieresdeselene.com\/#website","url":"https:\/\/lumieresdeselene.com\/","name":"Lumi\u00e8res de S\u00e9l\u00e9n\u00e9","description":"Lumi\u00e8res de S\u00e9l\u00e9n\u00e9","publisher":{"@id":"https:\/\/lumieresdeselene.com\/#organization"},"potentialAction":[{"@type":"SearchAction","target":{"@type":"EntryPoint","urlTemplate":"https:\/\/lumieresdeselene.com\/?s={search_term_string}"},"query-input":{"@type":"PropertyValueSpecification","valueRequired":true,"valueName":"search_term_string"}}],"inLanguage":"fr-FR"},{"@type":"Organization","@id":"https:\/\/lumieresdeselene.com\/#organization","name":"Lumi\u00e8res de S\u00e9l\u00e9n\u00e9","url":"https:\/\/lumieresdeselene.com\/","logo":{"@type":"ImageObject","inLanguage":"fr-FR","@id":"https:\/\/lumieresdeselene.com\/#\/schema\/logo\/image\/","url":"https:\/\/i0.wp.com\/lumieresdeselene.com\/wp-content\/uploads\/2024\/01\/Lumieres-de-Selene3.jpg?fit=500%2C500&ssl=1","contentUrl":"https:\/\/i0.wp.com\/lumieresdeselene.com\/wp-content\/uploads\/2024\/01\/Lumieres-de-Selene3.jpg?fit=500%2C500&ssl=1","width":500,"height":500,"caption":"Lumi\u00e8res de S\u00e9l\u00e9n\u00e9"},"image":{"@id":"https:\/\/lumieresdeselene.com\/#\/schema\/logo\/image\/"},"sameAs":["https:\/\/www.facebook.com\/lumieresdeselene\/","https:\/\/www.instagram.com\/lumieres.selene\/"]}]}},"jetpack_shortlink":"https:\/\/wp.me\/Pfl0kZ-mU","jetpack_sharing_enabled":true,"_links":{"self":[{"href":"https:\/\/lumieresdeselene.com\/index.php\/wp-json\/wp\/v2\/pages\/1420","targetHints":{"allow":["GET"]}}],"collection":[{"href":"https:\/\/lumieresdeselene.com\/index.php\/wp-json\/wp\/v2\/pages"}],"about":[{"href":"https:\/\/lumieresdeselene.com\/index.php\/wp-json\/wp\/v2\/types\/page"}],"author":[{"embeddable":true,"href":"https:\/\/lumieresdeselene.com\/index.php\/wp-json\/wp\/v2\/users\/1"}],"replies":[{"embeddable":true,"href":"https:\/\/lumieresdeselene.com\/index.php\/wp-json\/wp\/v2\/comments?post=1420"}],"version-history":[{"count":4,"href":"https:\/\/lumieresdeselene.com\/index.php\/wp-json\/wp\/v2\/pages\/1420\/revisions"}],"predecessor-version":[{"id":1424,"href":"https:\/\/lumieresdeselene.com\/index.php\/wp-json\/wp\/v2\/pages\/1420\/revisions\/1424"}],"wp:attachment":[{"href":"https:\/\/lumieresdeselene.com\/index.php\/wp-json\/wp\/v2\/media?parent=1420"}],"curies":[{"name":"wp","href":"https:\/\/api.w.org\/{rel}","templated":true}]}}