{"id":1414,"date":"2024-03-18T10:21:34","date_gmt":"2024-03-18T09:21:34","guid":{"rendered":"https:\/\/lumieresdeselene.com\/?page_id=1414"},"modified":"2024-03-18T10:25:44","modified_gmt":"2024-03-18T09:25:44","slug":"mentions-legales-2","status":"publish","type":"page","link":"https:\/\/lumieresdeselene.com\/index.php\/mentions-legales-2\/","title":{"rendered":"Mentions l\u00e9gales"},"content":{"rendered":"\t\t<div data-elementor-type=\"wp-page\" data-elementor-id=\"1414\" class=\"elementor elementor-1414\">\n\t\t\t\t<div class=\"elementor-element elementor-element-cfb1ef2 e-flex e-con-boxed e-con e-parent\" data-id=\"cfb1ef2\" data-element_type=\"container\" data-e-type=\"container\">\n\t\t\t\t\t<div class=\"e-con-inner\">\n\t\t<div class=\"elementor-element elementor-element-fa13f67 e-con-full e-flex e-con e-child\" data-id=\"fa13f67\" data-element_type=\"container\" data-e-type=\"container\">\n\t\t\t\t<div class=\"elementor-element elementor-element-6dd7f0f elementor-widget__width-initial elementor-widget elementor-widget-text-editor\" data-id=\"6dd7f0f\" data-element_type=\"widget\" data-e-type=\"widget\" data-widget_type=\"text-editor.default\">\n\t\t\t\t<div class=\"elementor-widget-container\">\n\t\t\t\t\t\t\t\t\t<h3 class=\"fonts-plugin-block \" style=\"text-align: center;\"><strong><span style=\"font-size: 30px; font-family: Ephesis; color: #000080;\"><u>Propri\u00e9taire du site :<\/u><\/span><\/strong><br \/><strong><span style=\"font-size: 30px; font-family: Ephesis; color: #000080;\">Isabelle Vigouroux<\/span><\/strong><br \/><strong><span style=\"font-size: 30px; font-family: Ephesis; color: #000080;\">4, Route des Javelottes 77520 Donnemarie-Dontilly<\/span><\/strong><br \/><strong><span style=\"font-size: 30px; font-family: Ephesis; color: #000080;\">Entrepreneur individuel \u2013 Micro entreprise<\/span><\/strong><br \/><strong><span style=\"font-size: 30px; font-family: Ephesis; color: #000080;\">Siret\u00a0: 847\u00a0919\u00a0677 00025<\/span><\/strong><br \/><strong><span style=\"font-size: 30px; font-family: Ephesis; color: #000080;\">06 16 65 84 91<\/span><\/strong><br \/><span style=\"font-size: 40px;\"><strong><span style=\"font-family: Ephesis; color: #000080;\"><a style=\"color: #000080;\" href=\"mailto:lumieresdeselene@gmail.com\">lumieresdeselene@gmail.com<\/a><\/span><\/strong><\/span><br \/><strong><span style=\"font-size: 30px; font-family: Ephesis; color: #000080;\"><u>H\u00e9bergeur :<\/u><\/span><\/strong><br \/><strong><span style=\"font-size: 30px; font-family: Ephesis; color: #000080;\">O.V.H<\/span><\/strong><br \/><strong><span style=\"font-size: 30px; font-family: Ephesis; color: #000080;\">\u00a02, rue kellermann B.P. 80157<\/span><\/strong><br \/><strong><span style=\"font-size: 30px; font-family: Ephesis; color: #000080;\">59053 Roubaix Cedex 1 &#8211; France<\/span><\/strong><\/h3>\t\t\t\t\t\t\t\t<\/div>\n\t\t\t\t<\/div>\n\t\t\t\t<\/div>\n\t\t\t\t\t<\/div>\n\t\t\t\t<\/div>\n\t\t\t\t<\/div>\n\t\t","protected":false},"excerpt":{"rendered":"<p>Propri\u00e9taire du site :Isabelle Vigouroux4, Route des Javelottes 77520 Donnemarie-DontillyEntrepreneur individuel \u2013 Micro entrepriseSiret\u00a0: 847\u00a0919\u00a0677 0002506 16 65 84 91lumieresdeselene@gmail.comH\u00e9bergeur :O.V.H\u00a02, rue kellermann B.P. 8015759053 Roubaix Cedex 1 &#8211; France<\/p>\n","protected":false},"author":1,"featured_media":0,"parent":0,"menu_order":0,"comment_status":"closed","ping_status":"closed","template":"","meta":{"footnotes":""},"class_list":["post-1414","page","type-page","status-publish","hentry"],"yoast_head":"<!-- This site is optimized with the Yoast SEO plugin v27.1 - https:\/\/yoast.com\/product\/yoast-seo-wordpress\/ -->\n<title>Mentions l\u00e9gales - Lumi\u00e8res de S\u00e9l\u00e9n\u00e9<\/title>\n<meta name=\"robots\" content=\"index, follow, max-snippet:-1, max-image-preview:large, max-video-preview:-1\" \/>\n<link rel=\"canonical\" href=\"https:\/\/lumieresdeselene.com\/index.php\/mentions-legales-2\/\" \/>\n<meta property=\"og:locale\" content=\"fr_FR\" \/>\n<meta property=\"og:type\" content=\"article\" \/>\n<meta property=\"og:title\" content=\"Mentions l\u00e9gales - Lumi\u00e8res de S\u00e9l\u00e9n\u00e9\" \/>\n<meta property=\"og:description\" content=\"Propri\u00e9taire du site :Isabelle Vigouroux4, Route des Javelottes 77520 Donnemarie-DontillyEntrepreneur individuel \u2013 Micro entrepriseSiret\u00a0: 847\u00a0919\u00a0677 0002506 16 65 84 91lumieresdeselene@gmail.comH\u00e9bergeur :O.V.H\u00a02, rue kellermann B.P. 8015759053 Roubaix Cedex 1 &#8211; France\" \/>\n<meta property=\"og:url\" content=\"https:\/\/lumieresdeselene.com\/index.php\/mentions-legales-2\/\" \/>\n<meta property=\"og:site_name\" content=\"Lumi\u00e8res de S\u00e9l\u00e9n\u00e9\" \/>\n<meta property=\"article:publisher\" content=\"https:\/\/www.facebook.com\/lumieresdeselene\/\" \/>\n<meta property=\"article:modified_time\" content=\"2024-03-18T09:25:44+00:00\" \/>\n<meta property=\"og:image\" content=\"https:\/\/i0.wp.com\/lumieresdeselene.com\/wp-content\/uploads\/2024\/01\/cropped-Lumieres-de-Selene3.jpg?fit=500%2C232&ssl=1\" \/>\n\t<meta property=\"og:image:width\" content=\"500\" \/>\n\t<meta property=\"og:image:height\" content=\"232\" \/>\n\t<meta property=\"og:image:type\" content=\"image\/jpeg\" \/>\n<meta name=\"twitter:card\" content=\"summary_large_image\" \/>\n<meta name=\"twitter:label1\" content=\"Dur\u00e9e de lecture estim\u00e9e\" \/>\n\t<meta name=\"twitter:data1\" content=\"1 minute\" \/>\n<script type=\"application\/ld+json\" class=\"yoast-schema-graph\">{\"@context\":\"https:\/\/schema.org\",\"@graph\":[{\"@type\":\"WebPage\",\"@id\":\"https:\/\/lumieresdeselene.com\/index.php\/mentions-legales-2\/\",\"url\":\"https:\/\/lumieresdeselene.com\/index.php\/mentions-legales-2\/\",\"name\":\"Mentions l\u00e9gales - Lumi\u00e8res de S\u00e9l\u00e9n\u00e9\",\"isPartOf\":{\"@id\":\"https:\/\/lumieresdeselene.com\/#website\"},\"datePublished\":\"2024-03-18T09:21:34+00:00\",\"dateModified\":\"2024-03-18T09:25:44+00:00\",\"breadcrumb\":{\"@id\":\"https:\/\/lumieresdeselene.com\/index.php\/mentions-legales-2\/#breadcrumb\"},\"inLanguage\":\"fr-FR\",\"potentialAction\":[{\"@type\":\"ReadAction\",\"target\":[\"https:\/\/lumieresdeselene.com\/index.php\/mentions-legales-2\/\"]}]},{\"@type\":\"BreadcrumbList\",\"@id\":\"https:\/\/lumieresdeselene.com\/index.php\/mentions-legales-2\/#breadcrumb\",\"itemListElement\":[{\"@type\":\"ListItem\",\"position\":1,\"name\":\"Accueil\",\"item\":\"https:\/\/lumieresdeselene.com\/\"},{\"@type\":\"ListItem\",\"position\":2,\"name\":\"Mentions l\u00e9gales\"}]},{\"@type\":\"WebSite\",\"@id\":\"https:\/\/lumieresdeselene.com\/#website\",\"url\":\"https:\/\/lumieresdeselene.com\/\",\"name\":\"Lumi\u00e8res de S\u00e9l\u00e9n\u00e9\",\"description\":\"Lumi\u00e8res de S\u00e9l\u00e9n\u00e9\",\"publisher\":{\"@id\":\"https:\/\/lumieresdeselene.com\/#organization\"},\"potentialAction\":[{\"@type\":\"SearchAction\",\"target\":{\"@type\":\"EntryPoint\",\"urlTemplate\":\"https:\/\/lumieresdeselene.com\/?s={search_term_string}\"},\"query-input\":{\"@type\":\"PropertyValueSpecification\",\"valueRequired\":true,\"valueName\":\"search_term_string\"}}],\"inLanguage\":\"fr-FR\"},{\"@type\":\"Organization\",\"@id\":\"https:\/\/lumieresdeselene.com\/#organization\",\"name\":\"Lumi\u00e8res de S\u00e9l\u00e9n\u00e9\",\"url\":\"https:\/\/lumieresdeselene.com\/\",\"logo\":{\"@type\":\"ImageObject\",\"inLanguage\":\"fr-FR\",\"@id\":\"https:\/\/lumieresdeselene.com\/#\/schema\/logo\/image\/\",\"url\":\"https:\/\/i0.wp.com\/lumieresdeselene.com\/wp-content\/uploads\/2024\/01\/Lumieres-de-Selene3.jpg?fit=500%2C500&ssl=1\",\"contentUrl\":\"https:\/\/i0.wp.com\/lumieresdeselene.com\/wp-content\/uploads\/2024\/01\/Lumieres-de-Selene3.jpg?fit=500%2C500&ssl=1\",\"width\":500,\"height\":500,\"caption\":\"Lumi\u00e8res de S\u00e9l\u00e9n\u00e9\"},\"image\":{\"@id\":\"https:\/\/lumieresdeselene.com\/#\/schema\/logo\/image\/\"},\"sameAs\":[\"https:\/\/www.facebook.com\/lumieresdeselene\/\",\"https:\/\/www.instagram.com\/lumieres.selene\/\"]}]}<\/script>\n<!-- \/ Yoast SEO plugin. -->","yoast_head_json":{"title":"Mentions l\u00e9gales - Lumi\u00e8res de S\u00e9l\u00e9n\u00e9","robots":{"index":"index","follow":"follow","max-snippet":"max-snippet:-1","max-image-preview":"max-image-preview:large","max-video-preview":"max-video-preview:-1"},"canonical":"https:\/\/lumieresdeselene.com\/index.php\/mentions-legales-2\/","og_locale":"fr_FR","og_type":"article","og_title":"Mentions l\u00e9gales - Lumi\u00e8res de S\u00e9l\u00e9n\u00e9","og_description":"Propri\u00e9taire du site :Isabelle Vigouroux4, Route des Javelottes 77520 Donnemarie-DontillyEntrepreneur individuel \u2013 Micro entrepriseSiret\u00a0: 847\u00a0919\u00a0677 0002506 16 65 84 91lumieresdeselene@gmail.comH\u00e9bergeur :O.V.H\u00a02, rue kellermann B.P. 8015759053 Roubaix Cedex 1 &#8211; France","og_url":"https:\/\/lumieresdeselene.com\/index.php\/mentions-legales-2\/","og_site_name":"Lumi\u00e8res de S\u00e9l\u00e9n\u00e9","article_publisher":"https:\/\/www.facebook.com\/lumieresdeselene\/","article_modified_time":"2024-03-18T09:25:44+00:00","og_image":[{"width":500,"height":232,"url":"https:\/\/i0.wp.com\/lumieresdeselene.com\/wp-content\/uploads\/2024\/01\/cropped-Lumieres-de-Selene3.jpg?fit=500%2C232&ssl=1","type":"image\/jpeg"}],"twitter_card":"summary_large_image","twitter_misc":{"Dur\u00e9e de lecture estim\u00e9e":"1 minute"},"schema":{"@context":"https:\/\/schema.org","@graph":[{"@type":"WebPage","@id":"https:\/\/lumieresdeselene.com\/index.php\/mentions-legales-2\/","url":"https:\/\/lumieresdeselene.com\/index.php\/mentions-legales-2\/","name":"Mentions l\u00e9gales - Lumi\u00e8res de S\u00e9l\u00e9n\u00e9","isPartOf":{"@id":"https:\/\/lumieresdeselene.com\/#website"},"datePublished":"2024-03-18T09:21:34+00:00","dateModified":"2024-03-18T09:25:44+00:00","breadcrumb":{"@id":"https:\/\/lumieresdeselene.com\/index.php\/mentions-legales-2\/#breadcrumb"},"inLanguage":"fr-FR","potentialAction":[{"@type":"ReadAction","target":["https:\/\/lumieresdeselene.com\/index.php\/mentions-legales-2\/"]}]},{"@type":"BreadcrumbList","@id":"https:\/\/lumieresdeselene.com\/index.php\/mentions-legales-2\/#breadcrumb","itemListElement":[{"@type":"ListItem","position":1,"name":"Accueil","item":"https:\/\/lumieresdeselene.com\/"},{"@type":"ListItem","position":2,"name":"Mentions l\u00e9gales"}]},{"@type":"WebSite","@id":"https:\/\/lumieresdeselene.com\/#website","url":"https:\/\/lumieresdeselene.com\/","name":"Lumi\u00e8res de S\u00e9l\u00e9n\u00e9","description":"Lumi\u00e8res de S\u00e9l\u00e9n\u00e9","publisher":{"@id":"https:\/\/lumieresdeselene.com\/#organization"},"potentialAction":[{"@type":"SearchAction","target":{"@type":"EntryPoint","urlTemplate":"https:\/\/lumieresdeselene.com\/?s={search_term_string}"},"query-input":{"@type":"PropertyValueSpecification","valueRequired":true,"valueName":"search_term_string"}}],"inLanguage":"fr-FR"},{"@type":"Organization","@id":"https:\/\/lumieresdeselene.com\/#organization","name":"Lumi\u00e8res de S\u00e9l\u00e9n\u00e9","url":"https:\/\/lumieresdeselene.com\/","logo":{"@type":"ImageObject","inLanguage":"fr-FR","@id":"https:\/\/lumieresdeselene.com\/#\/schema\/logo\/image\/","url":"https:\/\/i0.wp.com\/lumieresdeselene.com\/wp-content\/uploads\/2024\/01\/Lumieres-de-Selene3.jpg?fit=500%2C500&ssl=1","contentUrl":"https:\/\/i0.wp.com\/lumieresdeselene.com\/wp-content\/uploads\/2024\/01\/Lumieres-de-Selene3.jpg?fit=500%2C500&ssl=1","width":500,"height":500,"caption":"Lumi\u00e8res de S\u00e9l\u00e9n\u00e9"},"image":{"@id":"https:\/\/lumieresdeselene.com\/#\/schema\/logo\/image\/"},"sameAs":["https:\/\/www.facebook.com\/lumieresdeselene\/","https:\/\/www.instagram.com\/lumieres.selene\/"]}]}},"jetpack_shortlink":"https:\/\/wp.me\/Pfl0kZ-mO","jetpack_sharing_enabled":true,"_links":{"self":[{"href":"https:\/\/lumieresdeselene.com\/index.php\/wp-json\/wp\/v2\/pages\/1414","targetHints":{"allow":["GET"]}}],"collection":[{"href":"https:\/\/lumieresdeselene.com\/index.php\/wp-json\/wp\/v2\/pages"}],"about":[{"href":"https:\/\/lumieresdeselene.com\/index.php\/wp-json\/wp\/v2\/types\/page"}],"author":[{"embeddable":true,"href":"https:\/\/lumieresdeselene.com\/index.php\/wp-json\/wp\/v2\/users\/1"}],"replies":[{"embeddable":true,"href":"https:\/\/lumieresdeselene.com\/index.php\/wp-json\/wp\/v2\/comments?post=1414"}],"version-history":[{"count":4,"href":"https:\/\/lumieresdeselene.com\/index.php\/wp-json\/wp\/v2\/pages\/1414\/revisions"}],"predecessor-version":[{"id":1418,"href":"https:\/\/lumieresdeselene.com\/index.php\/wp-json\/wp\/v2\/pages\/1414\/revisions\/1418"}],"wp:attachment":[{"href":"https:\/\/lumieresdeselene.com\/index.php\/wp-json\/wp\/v2\/media?parent=1414"}],"curies":[{"name":"wp","href":"https:\/\/api.w.org\/{rel}","templated":true}]}}